{"id":32962,"date":"2021-04-30T12:59:50","date_gmt":"2021-04-30T09:59:50","guid":{"rendered":"https:\/\/xstyle.md\/?post_type=product&#038;p=32962"},"modified":"2026-01-21T14:15:23","modified_gmt":"2026-01-21T11:15:23","slug":"ajerozol-ot-komarov-i-kleshhej-gardex-baby-100-ml","status":"publish","type":"product","link":"https:\/\/xstyle.md\/ro\/produs\/ajerozol-ot-komarov-i-kleshhej-gardex-baby-100-ml\/","title":{"rendered":"Aerosol \u00eempotriva \u021b\u00e2n\u021barilor \u0219i c\u0103pu\u0219elor Gardex Baby 100 ml"},"content":{"rendered":"<\/p>\n<p><strong>Aerosol Gardex Baby 100 ml<\/strong> protejeaz\u0103 eficient \u00eempotriva c\u0103pu\u0219elor \u0219i \u021b\u00e2n\u021barilor. Potrivit doar pentru tratamentul \u00eembr\u0103c\u0103mintei. Rezist\u0103 p\u00e2n\u0103 la 15 zile \u00eempotriva c\u0103pu\u0219elor \u0219i 5 zile \u00eempotriva \u021b\u00e2n\u021barilor, dac\u0103 hainele sunt depozitate \u00eentr-un recipient etan\u0219. Formul\u0103 cu trei componente, cu o component\u0103 care intensific\u0103 ac\u021biunea pentru o protec\u021bie sigur\u0103 \u00eempotriva \u021b\u00e2n\u021barilor \u0219i c\u0103pu\u0219elor.<\/p>\n<h3>Particularit\u0103\u021bi<\/h3>\n<ul>\n<li>Potrivit pentru copii de la 2 ani<\/li>\n<li>Poate fi aplicat numai pe \u00eembr\u0103c\u0103minte<\/li>\n<li>Form\u0103 rar\u0103 pentru segmentul copiilor &#8212; aerosol<\/li>\n<li>Rezist\u0103 p\u00e2n\u0103 la 15 zile \u00eempotriva c\u0103pu\u0219elor \u0219i 5 zile \u00eempotriva \u021b\u00e2n\u021barilor.<\/li>\n<li>Formul\u0103 cu trei componente cu o component\u0103 de \u00eent\u0103rire pentru o protec\u021bie fiabil\u0103 \u00eempotriva \u021b\u00e2n\u021barilor \u0219i c\u0103pu\u0219elor.<\/li>\n<\/ul>\n<h3>Caracteristici<\/h3>\n<ul>\n<li>Volum &#8212; 100 ml<\/li>\n<li>Tipul de insecte &#8212; \u021b\u00e2n\u021bari, c\u0103pu\u0219e, purici, \u021b\u00e2n\u021bari<\/li>\n<li>Compozi\u021bie &#8212; alfa-cipermetrin 0,2%, N,N-dietiltoluamid\u0103 5%, MGK-264, alcool etilic denaturat, agent de propulsie (butan, izobutan, propan), parfum.<\/li>\n<\/ul>\n<h3>Metoda de aplicare<\/h3>\n<ul>\n<li>Agita\u021bi cutia timp de 2-3 secunde \u00eenainte de aplicare.<\/li>\n<li>\u00cembr\u0103c\u0103mintea \u0219i alte articole din \u021bes\u0103turi trebuie tratate p\u00e2n\u0103 c\u00e2nd sunt u\u0219or umezite \u00een aer liber (\u00een exterior).<\/li>\n<li>Pozi\u021biona\u021bi \u00eembr\u0103c\u0103mintea \u0219i \u00eendrepta\u021bi jetul de produs \u00een direc\u021bia v\u00e2ntului.<\/li>\n<li>Pulveriza\u021bi produsul pe articole de la o distan\u021b\u0103 de 20-25 cm de acestea, \u021bin\u00e2nd bidonul \u00eentr-o m\u00e2n\u0103 \u00eentins\u0103.<\/li>\n<li>Nu trata\u021bi hainele de pe o persoan\u0103, nu le \u00eembr\u0103ca\u021bi p\u00e2n\u0103 c\u00e2nd nu sunt complet uscate.<\/li>\n<li>Durata efectului de protec\u021bie \u00eempotriva c\u0103pu\u0219elor \u0219i puricilor &#8212; p\u00e2n\u0103 la 15 zile, a insectelor hematofage &#8212; p\u00e2n\u0103 la 5 zile, atunci c\u00e2nd se p\u0103streaz\u0103 hainele tratate \u00eentr-o pung\u0103 \u00eenchis\u0103 \u00eentre dou\u0103 purt\u0103ri.<\/li>\n<li>Repeta\u021bi tratamentul dac\u0103 este necesar.<\/li>\n<\/ul>\n<h3>Aten\u021bie!<\/h3>\n<p>Utiliza\u021bi produsul numai \u00een scopul pentru care a fost conceput! Nu se recomand\u0103 aplicarea pe hainele copiilor cu v\u00e2rsta sub 1 an, precum \u0219i pe hainele femeilor \u00eens\u0103rcinate \u0219i care al\u0103pteaz\u0103. Persoanele care sufer\u0103 de reac\u021bii alergice, cu boli de piele \u0219i hipersensibilitate la substan\u021be chimice trebuie s\u0103 utilizeze produsul cu mare precau\u021bie.<\/p>\n<p><\/p>","protected":false},"excerpt":{"rendered":"<p>Aerosol \u00eempotriva \u021b\u00e2n\u021barilor \u0219i c\u0103pu\u0219elor Gardex Baby 100 ml<\/p>","protected":false},"featured_media":34292,"comment_status":"open","ping_status":"closed","template":"","meta":{"_acf_changed":false,"inline_featured_image":false},"product_brand":[1301],"product_cat":[315],"product_tag":[],"class_list":{"0":"post-32962","1":"product","2":"type-product","3":"status-publish","4":"has-post-thumbnail","6":"product_brand-gardex","7":"product_cat-protection","9":"first","10":"outofstock","11":"shipping-taxable","12":"product-type-simple"},"acf":[],"yoast_head":"<!-- This site is optimized with the Yoast SEO plugin v27.4 - https:\/\/yoast.com\/product\/yoast-seo-wordpress\/ -->\n<title>\u0410\u044d\u0440\u043e\u0437\u043e\u043b\u044c \u043e\u0442 \u043a\u043e\u043c\u0430\u0440\u043e\u0432 \u0438 \u043a\u043b\u0435\u0449\u0435\u0439 Gardex Baby 100 ml - \u041c\u0430\u0433\u0430\u0437\u0438\u043d Xstyle<\/title>\n<meta name=\"description\" content=\"\u042d\u0444\u0444\u0435\u043a\u0442\u0438\u0432\u043d\u044b\u0439 \u0430\u044d\u0440\u043e\u0437\u043e\u043b\u044c Gardex Baby 100 \u043c\u043b \u0437\u0430\u0449\u0438\u0449\u0430\u0435\u0442 \u043e\u0442 \u043a\u043e\u043c\u0430\u0440\u043e\u0432 \u0438 \u043a\u043b\u0435\u0449\u0435\u0439 \u0434\u043e 15 \u0434\u043d\u0435\u0439. \u0418\u0434\u0435\u0430\u043b\u0435\u043d \u0434\u043b\u044f \u043e\u0431\u0440\u0430\u0431\u043e\u0442\u043a\u0438 \u043e\u0434\u0435\u0436\u0434\u044b, \u0431\u0435\u0437\u043e\u043f\u0430\u0441\u0435\u043d \u0434\u043b\u044f \u0434\u0435\u0442\u0435\u0439!\" \/>\n<meta name=\"robots\" content=\"index, follow, max-snippet:-1, max-image-preview:large, max-video-preview:-1\" \/>\n<link rel=\"canonical\" href=\"https:\/\/xstyle.md\/ro\/produs\/ajerozol-ot-komarov-i-kleshhej-gardex-baby-100-ml\/\" \/>\n<meta property=\"og:locale\" content=\"ro_RO\" \/>\n<meta property=\"og:type\" content=\"article\" \/>\n<meta property=\"og:title\" content=\"\u0410\u044d\u0440\u043e\u0437\u043e\u043b\u044c \u043e\u0442 \u043a\u043e\u043c\u0430\u0440\u043e\u0432 \u0438 \u043a\u043b\u0435\u0449\u0435\u0439 Gardex Baby 100 ml - \u041c\u0430\u0433\u0430\u0437\u0438\u043d Xstyle\" \/>\n<meta property=\"og:description\" content=\"\u042d\u0444\u0444\u0435\u043a\u0442\u0438\u0432\u043d\u044b\u0439 \u0430\u044d\u0440\u043e\u0437\u043e\u043b\u044c Gardex Baby 100 \u043c\u043b \u0437\u0430\u0449\u0438\u0449\u0430\u0435\u0442 \u043e\u0442 \u043a\u043e\u043c\u0430\u0440\u043e\u0432 \u0438 \u043a\u043b\u0435\u0449\u0435\u0439 \u0434\u043e 15 \u0434\u043d\u0435\u0439. \u0418\u0434\u0435\u0430\u043b\u0435\u043d \u0434\u043b\u044f \u043e\u0431\u0440\u0430\u0431\u043e\u0442\u043a\u0438 \u043e\u0434\u0435\u0436\u0434\u044b, \u0431\u0435\u0437\u043e\u043f\u0430\u0441\u0435\u043d \u0434\u043b\u044f \u0434\u0435\u0442\u0435\u0439!\" \/>\n<meta property=\"og:url\" content=\"https:\/\/xstyle.md\/ro\/produs\/ajerozol-ot-komarov-i-kleshhej-gardex-baby-100-ml\/\" \/>\n<meta property=\"og:site_name\" content=\"\u041c\u0430\u0433\u0430\u0437\u0438\u043d Xstyle\" \/>\n<meta property=\"article:publisher\" content=\"https:\/\/www.facebook.com\/xstylemd\" \/>\n<meta property=\"article:modified_time\" content=\"2026-01-21T11:15:23+00:00\" \/>\n<meta property=\"og:image\" content=\"https:\/\/xstyle.md\/wp-content\/uploads\/2021\/04\/gardex-baby-100-ml.jpg\" \/>\n\t<meta property=\"og:image:width\" content=\"600\" \/>\n\t<meta property=\"og:image:height\" content=\"600\" \/>\n\t<meta property=\"og:image:type\" content=\"image\/jpeg\" \/>\n<meta name=\"twitter:card\" content=\"summary_large_image\" \/>\n<meta name=\"twitter:label1\" content=\"Pre\u021b\" \/>\n\t<meta name=\"twitter:data1\" content=\"130&nbsp;MDL\" \/>\n\t<meta name=\"twitter:label2\" content=\"Disponibilitate\" \/>\n\t<meta name=\"twitter:data2\" content=\"Stoc epuizat\" \/>\n<script type=\"application\/ld+json\" class=\"yoast-schema-graph\">{\"@context\":\"https:\\\/\\\/schema.org\",\"@graph\":[{\"@type\":\"WebPage\",\"@id\":\"https:\\\/\\\/xstyle.md\\\/product\\\/ajerozol-ot-komarov-i-kleshhej-gardex-baby-100-ml\\\/\",\"url\":\"https:\\\/\\\/xstyle.md\\\/product\\\/ajerozol-ot-komarov-i-kleshhej-gardex-baby-100-ml\\\/\",\"name\":\"\u0410\u044d\u0440\u043e\u0437\u043e\u043b\u044c \u043e\u0442 \u043a\u043e\u043c\u0430\u0440\u043e\u0432 \u0438 \u043a\u043b\u0435\u0449\u0435\u0439 Gardex Baby 100 ml - \u041c\u0430\u0433\u0430\u0437\u0438\u043d Xstyle\",\"isPartOf\":{\"@id\":\"https:\\\/\\\/xstyle.md\\\/#website\"},\"primaryImageOfPage\":{\"@id\":\"https:\\\/\\\/xstyle.md\\\/product\\\/ajerozol-ot-komarov-i-kleshhej-gardex-baby-100-ml\\\/#primaryimage\"},\"image\":{\"@id\":\"https:\\\/\\\/xstyle.md\\\/product\\\/ajerozol-ot-komarov-i-kleshhej-gardex-baby-100-ml\\\/#primaryimage\"},\"thumbnailUrl\":\"https:\\\/\\\/xstyle.md\\\/wp-content\\\/uploads\\\/2021\\\/04\\\/gardex-baby-100-ml.jpg\",\"datePublished\":\"2021-04-30T09:59:50+00:00\",\"dateModified\":\"2026-01-21T11:15:23+00:00\",\"description\":\"\u042d\u0444\u0444\u0435\u043a\u0442\u0438\u0432\u043d\u044b\u0439 \u0430\u044d\u0440\u043e\u0437\u043e\u043b\u044c Gardex Baby 100 \u043c\u043b \u0437\u0430\u0449\u0438\u0449\u0430\u0435\u0442 \u043e\u0442 \u043a\u043e\u043c\u0430\u0440\u043e\u0432 \u0438 \u043a\u043b\u0435\u0449\u0435\u0439 \u0434\u043e 15 \u0434\u043d\u0435\u0439. \u0418\u0434\u0435\u0430\u043b\u0435\u043d \u0434\u043b\u044f \u043e\u0431\u0440\u0430\u0431\u043e\u0442\u043a\u0438 \u043e\u0434\u0435\u0436\u0434\u044b, \u0431\u0435\u0437\u043e\u043f\u0430\u0441\u0435\u043d \u0434\u043b\u044f \u0434\u0435\u0442\u0435\u0439!\",\"breadcrumb\":{\"@id\":\"https:\\\/\\\/xstyle.md\\\/product\\\/ajerozol-ot-komarov-i-kleshhej-gardex-baby-100-ml\\\/#breadcrumb\"},\"inLanguage\":\"ro-RO\",\"potentialAction\":[{\"@type\":\"ReadAction\",\"target\":[\"https:\\\/\\\/xstyle.md\\\/product\\\/ajerozol-ot-komarov-i-kleshhej-gardex-baby-100-ml\\\/\"]}]},{\"@type\":\"ImageObject\",\"inLanguage\":\"ro-RO\",\"@id\":\"https:\\\/\\\/xstyle.md\\\/product\\\/ajerozol-ot-komarov-i-kleshhej-gardex-baby-100-ml\\\/#primaryimage\",\"url\":\"https:\\\/\\\/xstyle.md\\\/wp-content\\\/uploads\\\/2021\\\/04\\\/gardex-baby-100-ml.jpg\",\"contentUrl\":\"https:\\\/\\\/xstyle.md\\\/wp-content\\\/uploads\\\/2021\\\/04\\\/gardex-baby-100-ml.jpg\",\"width\":600,\"height\":600,\"caption\":\"\u041a\u0430\u043c\u043f\u0430\u043d\u0438\u044f \u043e\u043d\u043b\u0430\u0439\u043d-\u043c\u0430\u0433\u0430\u0437\u0438\u043d\u0430 \u0430\u043a\u0442\u0438\u0432\u043d\u043e\u0439 \u0436\u0438\u0437\u043d\u0438 \u0441 \u043e\u0434\u0435\u0436\u0434\u043e\u0439 \u043e\u0431\u0443\u0432\u044c\u044e \u0438 \u0441\u043d\u0430\u0440\u044f\u0436\u0435\u043d\u0438\u0435\u043c \u0434\u043b\u044f \u0442\u0443\u0440\u0438\u0437\u043c\u0430 \u0438 \u0445\u0430\u0439\u043a\u0438\u043d\u0433\u0430 \u0410\u044d\u0440\u043e\u0437\u043e\u043b\u044c \u043e\u0442 \u043a\u043e\u043c\u0430\u0440\u043e\u0432 \u0438 \u043a\u043b\u0435\u0449\u0435\u0439 Gardex Baby 100 \u043c\u043b \u0434\u043b\u044f \u043f\u0443\u0442\u0435\u0448\u0435\u0441\u0442\u0432\u0438\u0439 \u0430\u043a\u0442\u0438\u0432\u043d\u044b\u0439 \u043e\u0442\u0434\u044b\u0445 \u0438 \u043a\u0435\u043c\u043f\u0438\u043d\u0433\"},{\"@type\":\"BreadcrumbList\",\"@id\":\"https:\\\/\\\/xstyle.md\\\/product\\\/ajerozol-ot-komarov-i-kleshhej-gardex-baby-100-ml\\\/#breadcrumb\",\"itemListElement\":[{\"@type\":\"ListItem\",\"position\":1,\"name\":\"\u0413\u043b\u0430\u0432\u043d\u0430\u044f \u0441\u0442\u0440\u0430\u043d\u0438\u0446\u0430\",\"item\":\"https:\\\/\\\/xstyle.md\\\/\"},{\"@type\":\"ListItem\",\"position\":2,\"name\":\"\u041c\u0430\u0433\u0430\u0437\u0438\u043d\",\"item\":\"https:\\\/\\\/xstyle.md\\\/shop\\\/\"},{\"@type\":\"ListItem\",\"position\":3,\"name\":\"\u0410\u044d\u0440\u043e\u0437\u043e\u043b\u044c \u043e\u0442 \u043a\u043e\u043c\u0430\u0440\u043e\u0432 \u0438 \u043a\u043b\u0435\u0449\u0435\u0439 Gardex Baby 100 ml\"}]},{\"@type\":\"WebSite\",\"@id\":\"https:\\\/\\\/xstyle.md\\\/#website\",\"url\":\"https:\\\/\\\/xstyle.md\\\/\",\"name\":\"\u041c\u0430\u0433\u0430\u0437\u0438\u043d Xstyle\",\"description\":\"C\u043d\u0430\u0440\u044f\u0436\u0435\u043d\u0438\u0435 \u0434\u043b\u044f \u0442\u0443\u0440\u0438\u0437\u043c\u0430 \u0438 \u044d\u043a\u0441\u0442\u0440\u0435\u043c\u0430\u043b\u044c\u043d\u044b\u0445 \u0432\u0438\u0434\u043e\u0432 \u0441\u043f\u043e\u0440\u0442\u0430 \u0432 \u041c\u043e\u043b\u0434\u043e\u0432\u0435.. \u0426\u0435\u043d\u044b, \u0444\u043e\u0442\u043e, \u0445\u0430\u0440\u0430\u043a\u0442\u0435\u0440\u0438\u0441\u0442\u0438\u043a\u0438 \u0432 \u041c\u043e\u043b\u0434\u043e\u0432\u0435.\",\"publisher\":{\"@id\":\"https:\\\/\\\/xstyle.md\\\/#organization\"},\"alternateName\":\"X-Style\",\"potentialAction\":[{\"@type\":\"SearchAction\",\"target\":{\"@type\":\"EntryPoint\",\"urlTemplate\":\"https:\\\/\\\/xstyle.md\\\/?s={search_term_string}\"},\"query-input\":{\"@type\":\"PropertyValueSpecification\",\"valueRequired\":true,\"valueName\":\"search_term_string\"}}],\"inLanguage\":\"ro-RO\"},{\"@type\":\"Organization\",\"@id\":\"https:\\\/\\\/xstyle.md\\\/#organization\",\"name\":\"\u041c\u0430\u0433\u0430\u0437\u0438\u043d Xstyle\",\"alternateName\":\"x-style\",\"url\":\"https:\\\/\\\/xstyle.md\\\/\",\"logo\":{\"@type\":\"ImageObject\",\"inLanguage\":\"ro-RO\",\"@id\":\"https:\\\/\\\/xstyle.md\\\/#\\\/schema\\\/logo\\\/image\\\/\",\"url\":\"https:\\\/\\\/xstyle.md\\\/wp-content\\\/uploads\\\/2020\\\/06\\\/logoicon.svg\",\"contentUrl\":\"https:\\\/\\\/xstyle.md\\\/wp-content\\\/uploads\\\/2020\\\/06\\\/logoicon.svg\",\"caption\":\"\u041c\u0430\u0433\u0430\u0437\u0438\u043d Xstyle\"},\"image\":{\"@id\":\"https:\\\/\\\/xstyle.md\\\/#\\\/schema\\\/logo\\\/image\\\/\"},\"sameAs\":[\"https:\\\/\\\/www.facebook.com\\\/xstylemd\",\"https:\\\/\\\/www.instagram.com\\\/xstyle_md\\\/\",\"https:\\\/\\\/t.me\\\/xstyle_outdoor\"],\"hasMerchantReturnPolicy\":{\"@type\":\"MerchantReturnPolicy\",\"merchantReturnLink\":\"https:\\\/\\\/xstyle.md\\\/ro\\\/conditions\\\/\"}}]}<\/script>\n<meta property=\"product:price:amount\" content=\"130.00\" \/>\n<meta property=\"product:price:currency\" content=\"MDL\" \/>\n<meta property=\"og:availability\" content=\"out of stock\" \/>\n<meta property=\"product:availability\" content=\"out of stock\" \/>\n<meta property=\"product:retailer_item_id\" content=\"5908310094359\" \/>\n<meta property=\"product:condition\" content=\"new\" \/>\n<!-- \/ Yoast SEO plugin. -->","yoast_head_json":{"title":"Aerosol \u00eempotriva \u021b\u00e2n\u021barilor \u0219i c\u0103pu\u0219elor Gardex Baby 100 ml - Magazin Xstyle","description":"Aerosolul eficient Gardex Baby de 100 ml protejeaz\u0103 \u00eempotriva \u021b\u00e2n\u021barilor \u0219i a c\u0103pu\u0219elor timp de p\u00e2n\u0103 la 15 zile. Ideal pentru tratarea \u00eembr\u0103c\u0103mintei, sigur pentru copii!","robots":{"index":"index","follow":"follow","max-snippet":"max-snippet:-1","max-image-preview":"max-image-preview:large","max-video-preview":"max-video-preview:-1"},"canonical":"https:\/\/xstyle.md\/ro\/produs\/ajerozol-ot-komarov-i-kleshhej-gardex-baby-100-ml\/","og_locale":"ro_RO","og_type":"article","og_title":"\u0410\u044d\u0440\u043e\u0437\u043e\u043b\u044c \u043e\u0442 \u043a\u043e\u043c\u0430\u0440\u043e\u0432 \u0438 \u043a\u043b\u0435\u0449\u0435\u0439 Gardex Baby 100 ml - \u041c\u0430\u0433\u0430\u0437\u0438\u043d Xstyle","og_description":"\u042d\u0444\u0444\u0435\u043a\u0442\u0438\u0432\u043d\u044b\u0439 \u0430\u044d\u0440\u043e\u0437\u043e\u043b\u044c Gardex Baby 100 \u043c\u043b \u0437\u0430\u0449\u0438\u0449\u0430\u0435\u0442 \u043e\u0442 \u043a\u043e\u043c\u0430\u0440\u043e\u0432 \u0438 \u043a\u043b\u0435\u0449\u0435\u0439 \u0434\u043e 15 \u0434\u043d\u0435\u0439. \u0418\u0434\u0435\u0430\u043b\u0435\u043d \u0434\u043b\u044f \u043e\u0431\u0440\u0430\u0431\u043e\u0442\u043a\u0438 \u043e\u0434\u0435\u0436\u0434\u044b, \u0431\u0435\u0437\u043e\u043f\u0430\u0441\u0435\u043d \u0434\u043b\u044f \u0434\u0435\u0442\u0435\u0439!","og_url":"https:\/\/xstyle.md\/ro\/produs\/ajerozol-ot-komarov-i-kleshhej-gardex-baby-100-ml\/","og_site_name":"\u041c\u0430\u0433\u0430\u0437\u0438\u043d Xstyle","article_publisher":"https:\/\/www.facebook.com\/xstylemd","article_modified_time":"2026-01-21T11:15:23+00:00","og_image":[{"width":600,"height":600,"url":"https:\/\/xstyle.md\/wp-content\/uploads\/2021\/04\/gardex-baby-100-ml.jpg","type":"image\/jpeg"}],"twitter_card":"summary_large_image","twitter_misc":{"Pre\u021b":"130&nbsp;MDL","Disponibilitate":"Stoc epuizat"},"schema":{"@context":"https:\/\/schema.org","@graph":[{"@type":"WebPage","@id":"https:\/\/xstyle.md\/product\/ajerozol-ot-komarov-i-kleshhej-gardex-baby-100-ml\/","url":"https:\/\/xstyle.md\/product\/ajerozol-ot-komarov-i-kleshhej-gardex-baby-100-ml\/","name":"Aerosol \u00eempotriva \u021b\u00e2n\u021barilor \u0219i c\u0103pu\u0219elor Gardex Baby 100 ml - Magazin Xstyle","isPartOf":{"@id":"https:\/\/xstyle.md\/#website"},"primaryImageOfPage":{"@id":"https:\/\/xstyle.md\/product\/ajerozol-ot-komarov-i-kleshhej-gardex-baby-100-ml\/#primaryimage"},"image":{"@id":"https:\/\/xstyle.md\/product\/ajerozol-ot-komarov-i-kleshhej-gardex-baby-100-ml\/#primaryimage"},"thumbnailUrl":"https:\/\/xstyle.md\/wp-content\/uploads\/2021\/04\/gardex-baby-100-ml.jpg","datePublished":"2021-04-30T09:59:50+00:00","dateModified":"2026-01-21T11:15:23+00:00","description":"Aerosolul eficient Gardex Baby de 100 ml protejeaz\u0103 \u00eempotriva \u021b\u00e2n\u021barilor \u0219i a c\u0103pu\u0219elor timp de p\u00e2n\u0103 la 15 zile. Ideal pentru tratarea \u00eembr\u0103c\u0103mintei, sigur pentru copii!","breadcrumb":{"@id":"https:\/\/xstyle.md\/product\/ajerozol-ot-komarov-i-kleshhej-gardex-baby-100-ml\/#breadcrumb"},"inLanguage":"ro-RO","potentialAction":[{"@type":"ReadAction","target":["https:\/\/xstyle.md\/product\/ajerozol-ot-komarov-i-kleshhej-gardex-baby-100-ml\/"]}]},{"@type":"ImageObject","inLanguage":"ro-RO","@id":"https:\/\/xstyle.md\/product\/ajerozol-ot-komarov-i-kleshhej-gardex-baby-100-ml\/#primaryimage","url":"https:\/\/xstyle.md\/wp-content\/uploads\/2021\/04\/gardex-baby-100-ml.jpg","contentUrl":"https:\/\/xstyle.md\/wp-content\/uploads\/2021\/04\/gardex-baby-100-ml.jpg","width":600,"height":600,"caption":"\u041a\u0430\u043c\u043f\u0430\u043d\u0438\u044f \u043e\u043d\u043b\u0430\u0439\u043d-\u043c\u0430\u0433\u0430\u0437\u0438\u043d\u0430 \u0430\u043a\u0442\u0438\u0432\u043d\u043e\u0439 \u0436\u0438\u0437\u043d\u0438 \u0441 \u043e\u0434\u0435\u0436\u0434\u043e\u0439 \u043e\u0431\u0443\u0432\u044c\u044e \u0438 \u0441\u043d\u0430\u0440\u044f\u0436\u0435\u043d\u0438\u0435\u043c \u0434\u043b\u044f \u0442\u0443\u0440\u0438\u0437\u043c\u0430 \u0438 \u0445\u0430\u0439\u043a\u0438\u043d\u0433\u0430 \u0410\u044d\u0440\u043e\u0437\u043e\u043b\u044c \u043e\u0442 \u043a\u043e\u043c\u0430\u0440\u043e\u0432 \u0438 \u043a\u043b\u0435\u0449\u0435\u0439 Gardex Baby 100 \u043c\u043b \u0434\u043b\u044f \u043f\u0443\u0442\u0435\u0448\u0435\u0441\u0442\u0432\u0438\u0439 \u0430\u043a\u0442\u0438\u0432\u043d\u044b\u0439 \u043e\u0442\u0434\u044b\u0445 \u0438 \u043a\u0435\u043c\u043f\u0438\u043d\u0433"},{"@type":"BreadcrumbList","@id":"https:\/\/xstyle.md\/product\/ajerozol-ot-komarov-i-kleshhej-gardex-baby-100-ml\/#breadcrumb","itemListElement":[{"@type":"ListItem","position":1,"name":"\u0413\u043b\u0430\u0432\u043d\u0430\u044f \u0441\u0442\u0440\u0430\u043d\u0438\u0446\u0430","item":"https:\/\/xstyle.md\/"},{"@type":"ListItem","position":2,"name":"\u041c\u0430\u0433\u0430\u0437\u0438\u043d","item":"https:\/\/xstyle.md\/shop\/"},{"@type":"ListItem","position":3,"name":"\u0410\u044d\u0440\u043e\u0437\u043e\u043b\u044c \u043e\u0442 \u043a\u043e\u043c\u0430\u0440\u043e\u0432 \u0438 \u043a\u043b\u0435\u0449\u0435\u0439 Gardex Baby 100 ml"}]},{"@type":"WebSite","@id":"https:\/\/xstyle.md\/#website","url":"https:\/\/xstyle.md\/","name":"Magazinul X-Style","description":"Echipamente pentru turism \u0219i sporturi extreme \u00een Moldova. Pre\u021buri, fotografii, caracteristici \u00een Moldova.","publisher":{"@id":"https:\/\/xstyle.md\/#organization"},"alternateName":"X-Style","potentialAction":[{"@type":"SearchAction","target":{"@type":"EntryPoint","urlTemplate":"https:\/\/xstyle.md\/?s={search_term_string}"},"query-input":{"@type":"PropertyValueSpecification","valueRequired":true,"valueName":"search_term_string"}}],"inLanguage":"ro-RO"},{"@type":"Organization","@id":"https:\/\/xstyle.md\/#organization","name":"Magazinul X-Style","alternateName":"x-style","url":"https:\/\/xstyle.md\/","logo":{"@type":"ImageObject","inLanguage":"ro-RO","@id":"https:\/\/xstyle.md\/#\/schema\/logo\/image\/","url":"https:\/\/xstyle.md\/wp-content\/uploads\/2020\/06\/logoicon.svg","contentUrl":"https:\/\/xstyle.md\/wp-content\/uploads\/2020\/06\/logoicon.svg","caption":"\u041c\u0430\u0433\u0430\u0437\u0438\u043d Xstyle"},"image":{"@id":"https:\/\/xstyle.md\/#\/schema\/logo\/image\/"},"sameAs":["https:\/\/www.facebook.com\/xstylemd","https:\/\/www.instagram.com\/xstyle_md\/","https:\/\/t.me\/xstyle_outdoor"],"hasMerchantReturnPolicy":{"@type":"MerchantReturnPolicy","merchantReturnLink":"https:\/\/xstyle.md\/ro\/conditions\/"}}]},"product_price_amount":"130.00","product_price_currency":"MDL","og_availability":"out of stock","product_availability":"out of stock","product_retailer_item_id":"5908310094359","product_condition":"new"},"_links":{"self":[{"href":"https:\/\/xstyle.md\/ro\/wp-json\/wp\/v2\/product\/32962","targetHints":{"allow":["GET"]}}],"collection":[{"href":"https:\/\/xstyle.md\/ro\/wp-json\/wp\/v2\/product"}],"about":[{"href":"https:\/\/xstyle.md\/ro\/wp-json\/wp\/v2\/types\/product"}],"replies":[{"embeddable":true,"href":"https:\/\/xstyle.md\/ro\/wp-json\/wp\/v2\/comments?post=32962"}],"wp:featuredmedia":[{"embeddable":true,"href":"https:\/\/xstyle.md\/ro\/wp-json\/wp\/v2\/media\/34292"}],"wp:attachment":[{"href":"https:\/\/xstyle.md\/ro\/wp-json\/wp\/v2\/media?parent=32962"}],"wp:term":[{"taxonomy":"product_brand","embeddable":true,"href":"https:\/\/xstyle.md\/ro\/wp-json\/wp\/v2\/product_brand?post=32962"},{"taxonomy":"product_cat","embeddable":true,"href":"https:\/\/xstyle.md\/ro\/wp-json\/wp\/v2\/product_cat?post=32962"},{"taxonomy":"product_tag","embeddable":true,"href":"https:\/\/xstyle.md\/ro\/wp-json\/wp\/v2\/product_tag?post=32962"}],"curies":[{"name":"wp","href":"https:\/\/api.w.org\/{rel}","templated":true}]}}