{"id":32952,"date":"2021-04-30T12:59:48","date_gmt":"2021-04-30T09:59:48","guid":{"rendered":"https:\/\/xstyle.md\/?post_type=product&#038;p=32952"},"modified":"2026-03-19T16:44:18","modified_gmt":"2026-03-19T13:44:18","slug":"holodilnik-dometic-coolfreeze-cfx3-55","status":"publish","type":"product","link":"https:\/\/xstyle.md\/ro\/produs\/holodilnik-dometic-coolfreeze-cfx3-55\/","title":{"rendered":"Frigider Dometic CoolFreeze CFX3 55"},"content":{"rendered":"<\/p>\n<p><strong>Dometic CoolFreeze CFX3 55<\/strong> \u2013 frigiderul auto cu compresor are un volum util de 55 de litri \u0219i dispune de un design elegant \u0219i scump, de culoare neagr\u0103. Acesta poate fi utilizat pentru r\u0103cirea alimentelor, precum \u0219i pentru congelare \u00een intervalul de temperatur\u0103 de la +20 \u00b0C la -22 \u00b0C. Cele dou\u0103 cabluri incluse \u00een setul de livrare v\u0103 permit s\u0103 conecta\u021bi frigiderul auto la re\u021beaua de 12\/24 V de la bricheta ma\u0219inii sau la re\u021beaua de 220 de vol\u021bi de la o priz\u0103 de curent alternativ de uz casnic.<\/p>\n<p>Principalele inova\u021bii sunt un design elegant \u0219i modern, un afi\u0219aj TFT nou \u0219i \u00eembun\u0103t\u0103\u021bit \u0219i posibilitatea de a controla frigiderul auto prin telefon.<\/p>\n<p>Aplica\u021bia CFX3 ofer\u0103 un nivel complet nou de confort \u0219i conectivitate. Desc\u0103rca\u021bi-o gratuit din App Store sau Google Play Store \u0219i conecta\u021bi-v\u0103 la frigiderul ma\u0219inii electrice cu ajutorul smartphone-ului. Controla\u021bi \u0219i monitoriza\u021bi temperatura frigiderului auto de la distan\u021b\u0103, fie de pe scaunul din fa\u021b\u0103 al ma\u0219inii, fie din pat dup\u0103 o zi plin\u0103.<\/p>\n<p>Dac\u0103 l\u0103sa\u021bi capacul de la CFX3 deschis, aplica\u021bia v\u0103 va trimite o notificare.<\/p>\n<p>Portul USB actualizat se afl\u0103 acum pe panoul de afi\u0219are. Acest lucru faciliteaz\u0103 \u00eenc\u0103rcarea mai rapid\u0103 \u0219i mai ergonomic\u0103 a dispozitivelor dvs. portabile.<\/p>\n<h3>Particularit\u0103\u021bi<\/h3>\n<ul>\n<li>Surs\u0103 de alimentare AC sau DC<\/li>\n<li>Designul ExoFrame protejeaz\u0103 unitatea \u00eempotriva deterior\u0103rii<\/li>\n<li>Compresor VMSO3 cu tehnologie de r\u0103cire optimizat\u0103<\/li>\n<li>Afi\u0219ajul TFT LCD elegant \u0219i lucios arat\u0103 starea de func\u021bionare<\/li>\n<li>Controlul temperaturii \u0219i urm\u0103rirea performan\u021belor cu aplica\u021bia CFX3<\/li>\n<li>M\u00e2nere rezistente din aliaj de aluminiu pentru transport<\/li>\n<li>Interval de temperatur\u0103 reglabil: +10 p\u00e2n\u0103 la -22 \u00b0C, valoare indicat\u0103 pe afi\u0219ajul digital<\/li>\n<li>Acces u\u0219or datorit\u0103 capacului deta\u0219abil<\/li>\n<li>Co\u0219uri convenabile pentru sortarea alimentelor<\/li>\n<li>Port USB.<\/li>\n<\/ul>\n<h3>Caracteristici<\/h3>\n<ul>\n<li>Mod de func\u021bionare &#8212; r\u0103cire, congelare<\/li>\n<li>Interval de temperatur\u0103 &#8212; de la +10 la -22 \u00b0C<\/li>\n<li>Dimensiuni &#8212; 720 x 480 x 460 mm<\/li>\n<li>Alimentare electric\u0103 &#8212; 12\/24\/220 V<\/li>\n<li>Clasa de consum de energie &#8212; A++<\/li>\n<li>Volum &#8212; 48 litri<\/li>\n<li>Greutate &#8212; 20,4 kg.<\/li>\n<\/ul>\n<h3>Este inclus<\/h3>\n<ul>\n<li>Frigider<\/li>\n<li>Instruc\u021biuni de utilizare<\/li>\n<li>Cablu AC<\/li>\n<li>Cablu de curent continuu.<\/li>\n<\/ul>\n<h3>Marca<\/h3>\n<p>Dometic \u2014 este o marc\u0103 suedez\u0103 de mini-frigidere \u0219i diverse produse pentru confortul c\u0103l\u0103torilor. \u00cenfiin\u021bat\u0103 \u00een 1986, compania continu\u0103 \u00een continuare s\u0103 \u00ee\u0219i \u00eembun\u0103t\u0103\u021beasc\u0103 produsele sub sloganul &#171;Simplificarea vie\u021bii mobile&#187;. Dispozitivele marca Dometic devin din ce \u00een ce mai eficiente, compacte \u0219i elegante, iar gama lor se extinde constant. Ast\u0103zi exist\u0103 un num\u0103r mare de sortimente la v\u00e2nzare, ceea ce permite fiec\u0103rui cump\u0103r\u0103tor s\u0103 fac\u0103 o alegere de succes. Dometic este \u00eentruchiparea confortului, a prospe\u021bimii alimentelor, a siguran\u021bei, pe scurt, a tot ceea ce face ca o c\u0103l\u0103torie lung\u0103 s\u0103 fie pl\u0103cut\u0103.<\/p>\n<p><\/p>","protected":false},"excerpt":{"rendered":"<p>Frigider Dometic CoolFreeze CFX3 55<\/p>","protected":false},"featured_media":34556,"comment_status":"open","ping_status":"closed","template":"","meta":{"_acf_changed":false,"inline_featured_image":false},"product_brand":[1274],"product_cat":[551],"product_tag":[],"class_list":{"0":"post-32952","1":"product","2":"type-product","3":"status-publish","4":"has-post-thumbnail","6":"product_brand-dometic","7":"product_cat-compressor-refrigerators","9":"first","10":"instock","11":"shipping-taxable","12":"purchasable","13":"product-type-simple"},"acf":[],"yoast_head":"<!-- This site is optimized with the Yoast SEO plugin v27.2 - https:\/\/yoast.com\/product\/yoast-seo-wordpress\/ -->\n<title>\u0425\u043e\u043b\u043e\u0434\u0438\u043b\u044c\u043d\u0438\u043a Dometic CoolFreeze CFX3 55 - \u041c\u0430\u0433\u0430\u0437\u0438\u043d Xstyle<\/title>\n<meta name=\"description\" content=\"\u0425\u043e\u043b\u043e\u0434\u0438\u043b\u044c\u043d\u0438\u043a Dometic CoolFreeze CFX3 55: 55L, \u044d\u043d\u0435\u0440\u0433\u043e\u0441\u0431\u0435\u0440\u0435\u0433\u0430\u044e\u0449\u0438\u0439, \u0441\u0442\u0438\u043b\u044c\u043d\u044b\u0439 \u0434\u0438\u0437\u0430\u0439\u043d, \u0443\u043f\u0440\u0430\u0432\u043b\u0435\u043d\u0438\u0435 \u0447\u0435\u0440\u0435\u0437 \u043f\u0440\u0438\u043b\u043e\u0436\u0435\u043d\u0438\u0435, \u0443\u0434\u043e\u0431\u0441\u0442\u0432\u043e \u0434\u043b\u044f \u043f\u0443\u0442\u0435\u0448\u0435\u0441\u0442\u0432\u0438\u0439 \u0438 \u0430\u043a\u0442\u0438\u0432\u043d\u043e\u0433\u043e \u043e\u0442\u0434\u044b\u0445\u0430.\" \/>\n<meta name=\"robots\" content=\"index, follow, max-snippet:-1, max-image-preview:large, max-video-preview:-1\" \/>\n<link rel=\"canonical\" href=\"https:\/\/xstyle.md\/ro\/produs\/holodilnik-dometic-coolfreeze-cfx3-55\/\" \/>\n<meta property=\"og:locale\" content=\"ro_RO\" \/>\n<meta property=\"og:type\" content=\"article\" \/>\n<meta property=\"og:title\" content=\"\u0425\u043e\u043b\u043e\u0434\u0438\u043b\u044c\u043d\u0438\u043a Dometic CoolFreeze CFX3 55 - \u041c\u0430\u0433\u0430\u0437\u0438\u043d Xstyle\" \/>\n<meta property=\"og:description\" content=\"\u0425\u043e\u043b\u043e\u0434\u0438\u043b\u044c\u043d\u0438\u043a Dometic CoolFreeze CFX3 55: 55L, \u044d\u043d\u0435\u0440\u0433\u043e\u0441\u0431\u0435\u0440\u0435\u0433\u0430\u044e\u0449\u0438\u0439, \u0441\u0442\u0438\u043b\u044c\u043d\u044b\u0439 \u0434\u0438\u0437\u0430\u0439\u043d, \u0443\u043f\u0440\u0430\u0432\u043b\u0435\u043d\u0438\u0435 \u0447\u0435\u0440\u0435\u0437 \u043f\u0440\u0438\u043b\u043e\u0436\u0435\u043d\u0438\u0435, \u0443\u0434\u043e\u0431\u0441\u0442\u0432\u043e \u0434\u043b\u044f \u043f\u0443\u0442\u0435\u0448\u0435\u0441\u0442\u0432\u0438\u0439 \u0438 \u0430\u043a\u0442\u0438\u0432\u043d\u043e\u0433\u043e \u043e\u0442\u0434\u044b\u0445\u0430.\" \/>\n<meta property=\"og:url\" content=\"https:\/\/xstyle.md\/ro\/produs\/holodilnik-dometic-coolfreeze-cfx3-55\/\" \/>\n<meta property=\"og:site_name\" content=\"\u041c\u0430\u0433\u0430\u0437\u0438\u043d Xstyle\" \/>\n<meta property=\"article:publisher\" content=\"https:\/\/www.facebook.com\/xstylemd\" \/>\n<meta property=\"article:modified_time\" content=\"2026-03-19T13:44:18+00:00\" \/>\n<meta property=\"og:image\" content=\"https:\/\/xstyle.md\/wp-content\/uploads\/2021\/04\/holodilnik-dometic-coolfreeze-cfx3-55.jpg\" \/>\n\t<meta property=\"og:image:width\" content=\"2040\" \/>\n\t<meta property=\"og:image:height\" content=\"1791\" \/>\n\t<meta property=\"og:image:type\" content=\"image\/jpeg\" \/>\n<meta name=\"twitter:card\" content=\"summary_large_image\" \/>\n<meta name=\"twitter:label1\" content=\"Pre\u021b\" \/>\n\t<meta name=\"twitter:data1\" content=\"25.900&nbsp;MDL\" \/>\n\t<meta name=\"twitter:label2\" content=\"Disponibilitate\" \/>\n\t<meta name=\"twitter:data2\" content=\"\u00cen stoc\" \/>\n<script type=\"application\/ld+json\" class=\"yoast-schema-graph\">{\"@context\":\"https:\/\/schema.org\",\"@graph\":[{\"@type\":\"WebPage\",\"@id\":\"https:\/\/xstyle.md\/product\/holodilnik-dometic-coolfreeze-cfx3-55\/\",\"url\":\"https:\/\/xstyle.md\/product\/holodilnik-dometic-coolfreeze-cfx3-55\/\",\"name\":\"\u0425\u043e\u043b\u043e\u0434\u0438\u043b\u044c\u043d\u0438\u043a Dometic CoolFreeze CFX3 55 - \u041c\u0430\u0433\u0430\u0437\u0438\u043d Xstyle\",\"isPartOf\":{\"@id\":\"https:\/\/xstyle.md\/#website\"},\"primaryImageOfPage\":{\"@id\":\"https:\/\/xstyle.md\/product\/holodilnik-dometic-coolfreeze-cfx3-55\/#primaryimage\"},\"image\":{\"@id\":\"https:\/\/xstyle.md\/product\/holodilnik-dometic-coolfreeze-cfx3-55\/#primaryimage\"},\"thumbnailUrl\":\"https:\/\/xstyle.md\/wp-content\/uploads\/2021\/04\/holodilnik-dometic-coolfreeze-cfx3-55.jpg\",\"datePublished\":\"2021-04-30T09:59:48+00:00\",\"dateModified\":\"2026-03-19T13:44:18+00:00\",\"description\":\"\u0425\u043e\u043b\u043e\u0434\u0438\u043b\u044c\u043d\u0438\u043a Dometic CoolFreeze CFX3 55: 55L, \u044d\u043d\u0435\u0440\u0433\u043e\u0441\u0431\u0435\u0440\u0435\u0433\u0430\u044e\u0449\u0438\u0439, \u0441\u0442\u0438\u043b\u044c\u043d\u044b\u0439 \u0434\u0438\u0437\u0430\u0439\u043d, \u0443\u043f\u0440\u0430\u0432\u043b\u0435\u043d\u0438\u0435 \u0447\u0435\u0440\u0435\u0437 \u043f\u0440\u0438\u043b\u043e\u0436\u0435\u043d\u0438\u0435, \u0443\u0434\u043e\u0431\u0441\u0442\u0432\u043e \u0434\u043b\u044f \u043f\u0443\u0442\u0435\u0448\u0435\u0441\u0442\u0432\u0438\u0439 \u0438 \u0430\u043a\u0442\u0438\u0432\u043d\u043e\u0433\u043e \u043e\u0442\u0434\u044b\u0445\u0430.\",\"breadcrumb\":{\"@id\":\"https:\/\/xstyle.md\/product\/holodilnik-dometic-coolfreeze-cfx3-55\/#breadcrumb\"},\"inLanguage\":\"ro-RO\",\"potentialAction\":[{\"@type\":\"ReadAction\",\"target\":[\"https:\/\/xstyle.md\/product\/holodilnik-dometic-coolfreeze-cfx3-55\/\"]}]},{\"@type\":\"ImageObject\",\"inLanguage\":\"ro-RO\",\"@id\":\"https:\/\/xstyle.md\/product\/holodilnik-dometic-coolfreeze-cfx3-55\/#primaryimage\",\"url\":\"https:\/\/xstyle.md\/wp-content\/uploads\/2021\/04\/holodilnik-dometic-coolfreeze-cfx3-55.jpg\",\"contentUrl\":\"https:\/\/xstyle.md\/wp-content\/uploads\/2021\/04\/holodilnik-dometic-coolfreeze-cfx3-55.jpg\",\"width\":2040,\"height\":1791,\"caption\":\"\u0418\u0437\u043e\u0431\u0440\u0430\u0436\u0435\u043d\u0438\u0435 \u0445\u043e\u043b\u043e\u0434\u0438\u043b\u044c\u043d\u0438\u043a\u0430 Dometic CoolFreeze CFX3 55 \u043d\u0430 \u0441\u0442\u0440\u0430\u043d\u0438\u0446\u0435 \u0438\u043d\u0442\u0435\u0440\u043d\u0435\u0442-\u043c\u0430\u0433\u0430\u0437\u0438\u043d\u0430 \u0430\u043a\u0442\u0438\u0432\u043d\u043e\u0439 \u0436\u0438\u0437\u043d\u0438, \u043e\u0434\u0435\u0436\u0434\u044b, \u043e\u0431\u0443\u0432\u0438, \u0442\u043e\u0432\u0430\u0440\u043e\u0432 \u0434\u043b\u044f \u043a\u0435\u043c\u043f\u0438\u043d\u0433\u0430, \u0445\u0430\u0439\u043a\u0438\u043d\u0433\u0430, \u043f\u0443\u0442\u0435\u0448\u0435\u0441\u0442\u0432\u0438\u0439 \u0438 \u0430\u043b\u044c\u043f\u0438\u043d\u0438\u0437\u043c\u0430\"},{\"@type\":\"BreadcrumbList\",\"@id\":\"https:\/\/xstyle.md\/product\/holodilnik-dometic-coolfreeze-cfx3-55\/#breadcrumb\",\"itemListElement\":[{\"@type\":\"ListItem\",\"position\":1,\"name\":\"\u0413\u043b\u0430\u0432\u043d\u0430\u044f \u0441\u0442\u0440\u0430\u043d\u0438\u0446\u0430\",\"item\":\"https:\/\/xstyle.md\/\"},{\"@type\":\"ListItem\",\"position\":2,\"name\":\"\u041c\u0430\u0433\u0430\u0437\u0438\u043d\",\"item\":\"https:\/\/xstyle.md\/shop\/\"},{\"@type\":\"ListItem\",\"position\":3,\"name\":\"\u0425\u043e\u043b\u043e\u0434\u0438\u043b\u044c\u043d\u0438\u043a Dometic CoolFreeze CFX3 55\"}]},{\"@type\":\"WebSite\",\"@id\":\"https:\/\/xstyle.md\/#website\",\"url\":\"https:\/\/xstyle.md\/\",\"name\":\"\u041c\u0430\u0433\u0430\u0437\u0438\u043d Xstyle\",\"description\":\"C\u043d\u0430\u0440\u044f\u0436\u0435\u043d\u0438\u0435 \u0434\u043b\u044f \u0442\u0443\u0440\u0438\u0437\u043c\u0430 \u0438 \u044d\u043a\u0441\u0442\u0440\u0435\u043c\u0430\u043b\u044c\u043d\u044b\u0445 \u0432\u0438\u0434\u043e\u0432 \u0441\u043f\u043e\u0440\u0442\u0430 \u0432 \u041c\u043e\u043b\u0434\u043e\u0432\u0435.. \u0426\u0435\u043d\u044b, \u0444\u043e\u0442\u043e, \u0445\u0430\u0440\u0430\u043a\u0442\u0435\u0440\u0438\u0441\u0442\u0438\u043a\u0438 \u0432 \u041c\u043e\u043b\u0434\u043e\u0432\u0435.\",\"publisher\":{\"@id\":\"https:\/\/xstyle.md\/#organization\"},\"alternateName\":\"X-Style\",\"potentialAction\":[{\"@type\":\"SearchAction\",\"target\":{\"@type\":\"EntryPoint\",\"urlTemplate\":\"https:\/\/xstyle.md\/?s={search_term_string}\"},\"query-input\":{\"@type\":\"PropertyValueSpecification\",\"valueRequired\":true,\"valueName\":\"search_term_string\"}}],\"inLanguage\":\"ro-RO\"},{\"@type\":\"Organization\",\"@id\":\"https:\/\/xstyle.md\/#organization\",\"name\":\"\u041c\u0430\u0433\u0430\u0437\u0438\u043d Xstyle\",\"alternateName\":\"x-style\",\"url\":\"https:\/\/xstyle.md\/\",\"logo\":{\"@type\":\"ImageObject\",\"inLanguage\":\"ro-RO\",\"@id\":\"https:\/\/xstyle.md\/#\/schema\/logo\/image\/\",\"url\":\"https:\/\/xstyle.md\/wp-content\/uploads\/2020\/06\/logoicon.svg\",\"contentUrl\":\"https:\/\/xstyle.md\/wp-content\/uploads\/2020\/06\/logoicon.svg\",\"caption\":\"\u041c\u0430\u0433\u0430\u0437\u0438\u043d Xstyle\"},\"image\":{\"@id\":\"https:\/\/xstyle.md\/#\/schema\/logo\/image\/\"},\"sameAs\":[\"https:\/\/www.facebook.com\/xstylemd\",\"https:\/\/www.instagram.com\/xstyle_md\/\",\"https:\/\/t.me\/xstyle_outdoor\"],\"hasMerchantReturnPolicy\":{\"@type\":\"MerchantReturnPolicy\",\"merchantReturnLink\":\"https:\/\/xstyle.md\/ro\/conditions\/\"}}]}<\/script>\n<meta property=\"product:price:amount\" content=\"25900.00\" \/>\n<meta property=\"product:price:currency\" content=\"MDL\" \/>\n<meta property=\"og:availability\" content=\"instock\" \/>\n<meta property=\"product:availability\" content=\"instock\" \/>\n<meta property=\"product:retailer_item_id\" content=\"4015704280029\" \/>\n<meta property=\"product:condition\" content=\"new\" \/>\n<!-- \/ Yoast SEO plugin. -->","yoast_head_json":{"title":"Frigider Dometic CoolFreeze CFX3 55 - Magazin Xstyle","description":"Frigorifer Dometic CoolFreeze CFX3 55: 55L, economic din punct de vedere energetic, design elegant, control prin aplica\u021bie, confort pentru c\u0103l\u0103torii \u0219i activit\u0103\u021bi \u00een natur\u0103.","robots":{"index":"index","follow":"follow","max-snippet":"max-snippet:-1","max-image-preview":"max-image-preview:large","max-video-preview":"max-video-preview:-1"},"canonical":"https:\/\/xstyle.md\/ro\/produs\/holodilnik-dometic-coolfreeze-cfx3-55\/","og_locale":"ro_RO","og_type":"article","og_title":"\u0425\u043e\u043b\u043e\u0434\u0438\u043b\u044c\u043d\u0438\u043a Dometic CoolFreeze CFX3 55 - \u041c\u0430\u0433\u0430\u0437\u0438\u043d Xstyle","og_description":"\u0425\u043e\u043b\u043e\u0434\u0438\u043b\u044c\u043d\u0438\u043a Dometic CoolFreeze CFX3 55: 55L, \u044d\u043d\u0435\u0440\u0433\u043e\u0441\u0431\u0435\u0440\u0435\u0433\u0430\u044e\u0449\u0438\u0439, \u0441\u0442\u0438\u043b\u044c\u043d\u044b\u0439 \u0434\u0438\u0437\u0430\u0439\u043d, \u0443\u043f\u0440\u0430\u0432\u043b\u0435\u043d\u0438\u0435 \u0447\u0435\u0440\u0435\u0437 \u043f\u0440\u0438\u043b\u043e\u0436\u0435\u043d\u0438\u0435, \u0443\u0434\u043e\u0431\u0441\u0442\u0432\u043e \u0434\u043b\u044f \u043f\u0443\u0442\u0435\u0448\u0435\u0441\u0442\u0432\u0438\u0439 \u0438 \u0430\u043a\u0442\u0438\u0432\u043d\u043e\u0433\u043e \u043e\u0442\u0434\u044b\u0445\u0430.","og_url":"https:\/\/xstyle.md\/ro\/produs\/holodilnik-dometic-coolfreeze-cfx3-55\/","og_site_name":"\u041c\u0430\u0433\u0430\u0437\u0438\u043d Xstyle","article_publisher":"https:\/\/www.facebook.com\/xstylemd","article_modified_time":"2026-03-19T13:44:18+00:00","og_image":[{"width":2040,"height":1791,"url":"https:\/\/xstyle.md\/wp-content\/uploads\/2021\/04\/holodilnik-dometic-coolfreeze-cfx3-55.jpg","type":"image\/jpeg"}],"twitter_card":"summary_large_image","twitter_misc":{"Pre\u021b":"25.900&nbsp;MDL","Disponibilitate":"\u00cen stoc"},"schema":{"@context":"https:\/\/schema.org","@graph":[{"@type":"WebPage","@id":"https:\/\/xstyle.md\/product\/holodilnik-dometic-coolfreeze-cfx3-55\/","url":"https:\/\/xstyle.md\/product\/holodilnik-dometic-coolfreeze-cfx3-55\/","name":"Frigider Dometic CoolFreeze CFX3 55 - Magazin Xstyle","isPartOf":{"@id":"https:\/\/xstyle.md\/#website"},"primaryImageOfPage":{"@id":"https:\/\/xstyle.md\/product\/holodilnik-dometic-coolfreeze-cfx3-55\/#primaryimage"},"image":{"@id":"https:\/\/xstyle.md\/product\/holodilnik-dometic-coolfreeze-cfx3-55\/#primaryimage"},"thumbnailUrl":"https:\/\/xstyle.md\/wp-content\/uploads\/2021\/04\/holodilnik-dometic-coolfreeze-cfx3-55.jpg","datePublished":"2021-04-30T09:59:48+00:00","dateModified":"2026-03-19T13:44:18+00:00","description":"Frigorifer Dometic CoolFreeze CFX3 55: 55L, economic din punct de vedere energetic, design elegant, control prin aplica\u021bie, confort pentru c\u0103l\u0103torii \u0219i activit\u0103\u021bi \u00een natur\u0103.","breadcrumb":{"@id":"https:\/\/xstyle.md\/product\/holodilnik-dometic-coolfreeze-cfx3-55\/#breadcrumb"},"inLanguage":"ro-RO","potentialAction":[{"@type":"ReadAction","target":["https:\/\/xstyle.md\/product\/holodilnik-dometic-coolfreeze-cfx3-55\/"]}]},{"@type":"ImageObject","inLanguage":"ro-RO","@id":"https:\/\/xstyle.md\/product\/holodilnik-dometic-coolfreeze-cfx3-55\/#primaryimage","url":"https:\/\/xstyle.md\/wp-content\/uploads\/2021\/04\/holodilnik-dometic-coolfreeze-cfx3-55.jpg","contentUrl":"https:\/\/xstyle.md\/wp-content\/uploads\/2021\/04\/holodilnik-dometic-coolfreeze-cfx3-55.jpg","width":2040,"height":1791,"caption":"\u0418\u0437\u043e\u0431\u0440\u0430\u0436\u0435\u043d\u0438\u0435 \u0445\u043e\u043b\u043e\u0434\u0438\u043b\u044c\u043d\u0438\u043a\u0430 Dometic CoolFreeze CFX3 55 \u043d\u0430 \u0441\u0442\u0440\u0430\u043d\u0438\u0446\u0435 \u0438\u043d\u0442\u0435\u0440\u043d\u0435\u0442-\u043c\u0430\u0433\u0430\u0437\u0438\u043d\u0430 \u0430\u043a\u0442\u0438\u0432\u043d\u043e\u0439 \u0436\u0438\u0437\u043d\u0438, \u043e\u0434\u0435\u0436\u0434\u044b, \u043e\u0431\u0443\u0432\u0438, \u0442\u043e\u0432\u0430\u0440\u043e\u0432 \u0434\u043b\u044f \u043a\u0435\u043c\u043f\u0438\u043d\u0433\u0430, \u0445\u0430\u0439\u043a\u0438\u043d\u0433\u0430, \u043f\u0443\u0442\u0435\u0448\u0435\u0441\u0442\u0432\u0438\u0439 \u0438 \u0430\u043b\u044c\u043f\u0438\u043d\u0438\u0437\u043c\u0430"},{"@type":"BreadcrumbList","@id":"https:\/\/xstyle.md\/product\/holodilnik-dometic-coolfreeze-cfx3-55\/#breadcrumb","itemListElement":[{"@type":"ListItem","position":1,"name":"\u0413\u043b\u0430\u0432\u043d\u0430\u044f \u0441\u0442\u0440\u0430\u043d\u0438\u0446\u0430","item":"https:\/\/xstyle.md\/"},{"@type":"ListItem","position":2,"name":"\u041c\u0430\u0433\u0430\u0437\u0438\u043d","item":"https:\/\/xstyle.md\/shop\/"},{"@type":"ListItem","position":3,"name":"\u0425\u043e\u043b\u043e\u0434\u0438\u043b\u044c\u043d\u0438\u043a Dometic CoolFreeze CFX3 55"}]},{"@type":"WebSite","@id":"https:\/\/xstyle.md\/#website","url":"https:\/\/xstyle.md\/","name":"Magazinul X-Style","description":"Echipamente pentru turism \u0219i sporturi extreme \u00een Moldova. Pre\u021buri, fotografii, caracteristici \u00een Moldova.","publisher":{"@id":"https:\/\/xstyle.md\/#organization"},"alternateName":"X-Style","potentialAction":[{"@type":"SearchAction","target":{"@type":"EntryPoint","urlTemplate":"https:\/\/xstyle.md\/?s={search_term_string}"},"query-input":{"@type":"PropertyValueSpecification","valueRequired":true,"valueName":"search_term_string"}}],"inLanguage":"ro-RO"},{"@type":"Organization","@id":"https:\/\/xstyle.md\/#organization","name":"Magazinul X-Style","alternateName":"x-style","url":"https:\/\/xstyle.md\/","logo":{"@type":"ImageObject","inLanguage":"ro-RO","@id":"https:\/\/xstyle.md\/#\/schema\/logo\/image\/","url":"https:\/\/xstyle.md\/wp-content\/uploads\/2020\/06\/logoicon.svg","contentUrl":"https:\/\/xstyle.md\/wp-content\/uploads\/2020\/06\/logoicon.svg","caption":"\u041c\u0430\u0433\u0430\u0437\u0438\u043d Xstyle"},"image":{"@id":"https:\/\/xstyle.md\/#\/schema\/logo\/image\/"},"sameAs":["https:\/\/www.facebook.com\/xstylemd","https:\/\/www.instagram.com\/xstyle_md\/","https:\/\/t.me\/xstyle_outdoor"],"hasMerchantReturnPolicy":{"@type":"MerchantReturnPolicy","merchantReturnLink":"https:\/\/xstyle.md\/ro\/conditions\/"}}]},"product_price_amount":"25900.00","product_price_currency":"MDL","og_availability":"instock","product_availability":"instock","product_retailer_item_id":"4015704280029","product_condition":"new"},"post_mailing_queue_ids":[],"_links":{"self":[{"href":"https:\/\/xstyle.md\/ro\/wp-json\/wp\/v2\/product\/32952","targetHints":{"allow":["GET"]}}],"collection":[{"href":"https:\/\/xstyle.md\/ro\/wp-json\/wp\/v2\/product"}],"about":[{"href":"https:\/\/xstyle.md\/ro\/wp-json\/wp\/v2\/types\/product"}],"replies":[{"embeddable":true,"href":"https:\/\/xstyle.md\/ro\/wp-json\/wp\/v2\/comments?post=32952"}],"wp:featuredmedia":[{"embeddable":true,"href":"https:\/\/xstyle.md\/ro\/wp-json\/wp\/v2\/media\/34556"}],"wp:attachment":[{"href":"https:\/\/xstyle.md\/ro\/wp-json\/wp\/v2\/media?parent=32952"}],"wp:term":[{"taxonomy":"product_brand","embeddable":true,"href":"https:\/\/xstyle.md\/ro\/wp-json\/wp\/v2\/product_brand?post=32952"},{"taxonomy":"product_cat","embeddable":true,"href":"https:\/\/xstyle.md\/ro\/wp-json\/wp\/v2\/product_cat?post=32952"},{"taxonomy":"product_tag","embeddable":true,"href":"https:\/\/xstyle.md\/ro\/wp-json\/wp\/v2\/product_tag?post=32952"}],"curies":[{"name":"wp","href":"https:\/\/api.w.org\/{rel}","templated":true}]}}