{"id":32949,"date":"2021-04-30T12:59:47","date_gmt":"2021-04-30T09:59:47","guid":{"rendered":"https:\/\/xstyle.md\/?post_type=product&#038;p=32949"},"modified":"2025-04-02T18:00:10","modified_gmt":"2025-04-02T15:00:10","slug":"ohlazhdajushhij-jelement-mobicool-ice-pack-2-x-440g","status":"publish","type":"product","link":"https:\/\/xstyle.md\/ro\/produs\/ohlazhdajushhij-jelement-mobicool-ice-pack-2-x-440g\/","title":{"rendered":"Element de r\u0103cire Mobicool Ice Pack 2 x 440g"},"content":{"rendered":"<\/p>\n<p>Elementul de r\u0103cire <strong>Mobicool Ice Pack 2 x 440g<\/strong> este conceput pentru r\u0103cirea aerului \u00een saci izometrici \u0219i containere termice, pungi frigorifice, r\u0103citoare auto. Se utilizeaz\u0103 \u00een timpul campingului, picnicurilor \u0219i c\u0103l\u0103toriilor.<\/p>\n<h3>Caracteristici<\/h3>\n<ul>\n<li>Material &#8212; plastic<\/li>\n<li>Capacitate NAS &#8212; 2 x440g<\/li>\n<li>Timp de p\u0103strare la rece &#8212; p\u00e2n\u0103 la 18 h<\/li>\n<li>Dimensiuni &#8212; 170 x 70 x 88 mm (H x L x P)<\/li>\n<li>Greutate &#8212; 0,9 kg.<\/li>\n<\/ul>\n<h3>Marca<\/h3>\n<p>Dometic \u2014 este o marc\u0103 suedez\u0103 de mini-frigidere \u0219i diverse produse pentru confortul c\u0103l\u0103torilor. \u00cenfiin\u021bat\u0103 \u00een 1986, compania continu\u0103 \u00een continuare s\u0103 \u00ee\u0219i \u00eembun\u0103t\u0103\u021beasc\u0103 produsele sub sloganul &#171;Simplificarea vie\u021bii mobile&#187;. Dispozitivele marca Dometic devin din ce \u00een ce mai eficiente, compacte \u0219i elegante, iar gama lor se extinde constant. Ast\u0103zi exist\u0103 un num\u0103r mare de sortimente la v\u00e2nzare, ceea ce permite fiec\u0103rui cump\u0103r\u0103tor s\u0103 fac\u0103 o alegere de succes. Dometic este \u00eentruchiparea confortului, a prospe\u021bimii alimentelor, a siguran\u021bei, pe scurt, a tot ceea ce face ca o c\u0103l\u0103torie lung\u0103 s\u0103 fie pl\u0103cut\u0103.<\/p>\n<p><\/p>","protected":false},"excerpt":{"rendered":"<p>Element de r\u0103cire Mobicool Ice Pack 2 x 440g<\/p>","protected":false},"featured_media":34534,"comment_status":"open","ping_status":"closed","template":"","meta":{"_acf_changed":false,"inline_featured_image":false},"product_brand":[1478],"product_cat":[285],"product_tag":[],"class_list":{"0":"post-32949","1":"product","2":"type-product","3":"status-publish","4":"has-post-thumbnail","6":"product_brand-mobicool","7":"product_cat-fridge-accessories","9":"first","10":"instock","11":"shipping-taxable","12":"purchasable","13":"product-type-simple"},"acf":[],"yoast_head":"<!-- This site is optimized with the Yoast SEO plugin v27.4 - https:\/\/yoast.com\/product\/yoast-seo-wordpress\/ -->\n<title>\u041e\u0445\u043b\u0430\u0436\u0434\u0430\u044e\u0449\u0438\u0439 \u044d\u043b\u0435\u043c\u0435\u043d\u0442 Mobicool Ice Pack 2 x 440g - \u041c\u0430\u0433\u0430\u0437\u0438\u043d Xstyle<\/title>\n<meta name=\"description\" content=\"\u041e\u0445\u043b\u0430\u0436\u0434\u0430\u044e\u0449\u0438\u0439 \u044d\u043b\u0435\u043c\u0435\u043d\u0442 Mobicool Ice Pack 2 x 440g \u0438\u0434\u0435\u0430\u043b\u044c\u043d\u043e \u043f\u043e\u0434\u0445\u043e\u0434\u0438\u0442 \u0434\u043b\u044f \u043a\u0435\u043c\u043f\u0438\u043d\u0433\u0430 \u0438 \u043f\u0438\u043a\u043d\u0438\u043a\u043e\u0432. \u0425\u0440\u0430\u043d\u0438\u0442 \u0445\u043e\u043b\u043e\u0434 \u0434\u043e 18 \u0447\u0430\u0441\u043e\u0432, \u0440\u0430\u0437\u043c\u0435\u0440\u044b 170x70x88 \u043c\u043c.\" \/>\n<meta name=\"robots\" content=\"index, follow, max-snippet:-1, max-image-preview:large, max-video-preview:-1\" \/>\n<link rel=\"canonical\" href=\"https:\/\/xstyle.md\/ro\/produs\/ohlazhdajushhij-jelement-mobicool-ice-pack-2-x-440g\/\" \/>\n<meta property=\"og:locale\" content=\"ro_RO\" \/>\n<meta property=\"og:type\" content=\"article\" \/>\n<meta property=\"og:title\" content=\"\u041e\u0445\u043b\u0430\u0436\u0434\u0430\u044e\u0449\u0438\u0439 \u044d\u043b\u0435\u043c\u0435\u043d\u0442 Mobicool Ice Pack 2 x 440g - \u041c\u0430\u0433\u0430\u0437\u0438\u043d Xstyle\" \/>\n<meta property=\"og:description\" content=\"\u041e\u0445\u043b\u0430\u0436\u0434\u0430\u044e\u0449\u0438\u0439 \u044d\u043b\u0435\u043c\u0435\u043d\u0442 Mobicool Ice Pack 2 x 440g \u0438\u0434\u0435\u0430\u043b\u044c\u043d\u043e \u043f\u043e\u0434\u0445\u043e\u0434\u0438\u0442 \u0434\u043b\u044f \u043a\u0435\u043c\u043f\u0438\u043d\u0433\u0430 \u0438 \u043f\u0438\u043a\u043d\u0438\u043a\u043e\u0432. \u0425\u0440\u0430\u043d\u0438\u0442 \u0445\u043e\u043b\u043e\u0434 \u0434\u043e 18 \u0447\u0430\u0441\u043e\u0432, \u0440\u0430\u0437\u043c\u0435\u0440\u044b 170x70x88 \u043c\u043c.\" \/>\n<meta property=\"og:url\" content=\"https:\/\/xstyle.md\/ro\/produs\/ohlazhdajushhij-jelement-mobicool-ice-pack-2-x-440g\/\" \/>\n<meta property=\"og:site_name\" content=\"\u041c\u0430\u0433\u0430\u0437\u0438\u043d Xstyle\" \/>\n<meta property=\"article:publisher\" content=\"https:\/\/www.facebook.com\/xstylemd\" \/>\n<meta property=\"article:modified_time\" content=\"2025-04-02T15:00:10+00:00\" \/>\n<meta property=\"og:image\" content=\"https:\/\/xstyle.md\/wp-content\/uploads\/2021\/04\/mobicool-ice-pack-2-x-440g1.jpg\" \/>\n\t<meta property=\"og:image:width\" content=\"1500\" \/>\n\t<meta property=\"og:image:height\" content=\"1500\" \/>\n\t<meta property=\"og:image:type\" content=\"image\/jpeg\" \/>\n<meta name=\"twitter:card\" content=\"summary_large_image\" \/>\n<meta name=\"twitter:label1\" content=\"Pre\u021b\" \/>\n\t<meta name=\"twitter:data1\" content=\"59&nbsp;MDL\" \/>\n\t<meta name=\"twitter:label2\" content=\"Disponibilitate\" \/>\n\t<meta name=\"twitter:data2\" content=\"\u00cen stoc\" \/>\n<script type=\"application\/ld+json\" class=\"yoast-schema-graph\">{\"@context\":\"https:\\\/\\\/schema.org\",\"@graph\":[{\"@type\":\"WebPage\",\"@id\":\"https:\\\/\\\/xstyle.md\\\/product\\\/ohlazhdajushhij-jelement-mobicool-ice-pack-2-x-440g\\\/\",\"url\":\"https:\\\/\\\/xstyle.md\\\/product\\\/ohlazhdajushhij-jelement-mobicool-ice-pack-2-x-440g\\\/\",\"name\":\"\u041e\u0445\u043b\u0430\u0436\u0434\u0430\u044e\u0449\u0438\u0439 \u044d\u043b\u0435\u043c\u0435\u043d\u0442 Mobicool Ice Pack 2 x 440g - \u041c\u0430\u0433\u0430\u0437\u0438\u043d Xstyle\",\"isPartOf\":{\"@id\":\"https:\\\/\\\/xstyle.md\\\/#website\"},\"primaryImageOfPage\":{\"@id\":\"https:\\\/\\\/xstyle.md\\\/product\\\/ohlazhdajushhij-jelement-mobicool-ice-pack-2-x-440g\\\/#primaryimage\"},\"image\":{\"@id\":\"https:\\\/\\\/xstyle.md\\\/product\\\/ohlazhdajushhij-jelement-mobicool-ice-pack-2-x-440g\\\/#primaryimage\"},\"thumbnailUrl\":\"https:\\\/\\\/xstyle.md\\\/wp-content\\\/uploads\\\/2021\\\/04\\\/mobicool-ice-pack-2-x-440g1.jpg\",\"datePublished\":\"2021-04-30T09:59:47+00:00\",\"dateModified\":\"2025-04-02T15:00:10+00:00\",\"description\":\"\u041e\u0445\u043b\u0430\u0436\u0434\u0430\u044e\u0449\u0438\u0439 \u044d\u043b\u0435\u043c\u0435\u043d\u0442 Mobicool Ice Pack 2 x 440g \u0438\u0434\u0435\u0430\u043b\u044c\u043d\u043e \u043f\u043e\u0434\u0445\u043e\u0434\u0438\u0442 \u0434\u043b\u044f \u043a\u0435\u043c\u043f\u0438\u043d\u0433\u0430 \u0438 \u043f\u0438\u043a\u043d\u0438\u043a\u043e\u0432. \u0425\u0440\u0430\u043d\u0438\u0442 \u0445\u043e\u043b\u043e\u0434 \u0434\u043e 18 \u0447\u0430\u0441\u043e\u0432, \u0440\u0430\u0437\u043c\u0435\u0440\u044b 170x70x88 \u043c\u043c.\",\"breadcrumb\":{\"@id\":\"https:\\\/\\\/xstyle.md\\\/product\\\/ohlazhdajushhij-jelement-mobicool-ice-pack-2-x-440g\\\/#breadcrumb\"},\"inLanguage\":\"ro-RO\",\"potentialAction\":[{\"@type\":\"ReadAction\",\"target\":[\"https:\\\/\\\/xstyle.md\\\/product\\\/ohlazhdajushhij-jelement-mobicool-ice-pack-2-x-440g\\\/\"]}]},{\"@type\":\"ImageObject\",\"inLanguage\":\"ro-RO\",\"@id\":\"https:\\\/\\\/xstyle.md\\\/product\\\/ohlazhdajushhij-jelement-mobicool-ice-pack-2-x-440g\\\/#primaryimage\",\"url\":\"https:\\\/\\\/xstyle.md\\\/wp-content\\\/uploads\\\/2021\\\/04\\\/mobicool-ice-pack-2-x-440g1.jpg\",\"contentUrl\":\"https:\\\/\\\/xstyle.md\\\/wp-content\\\/uploads\\\/2021\\\/04\\\/mobicool-ice-pack-2-x-440g1.jpg\",\"width\":1500,\"height\":1500,\"caption\":\"\u041e\u0445\u043b\u0430\u0436\u0434\u0430\u044e\u0449\u0438\u0439 \u044d\u043b\u0435\u043c\u0435\u043d\u0442 Mobicool Ice Pack 2 x 440g \u0434\u043b\u044f \u0430\u043a\u0442\u0438\u0432\u043d\u043e\u0433\u043e \u043e\u0442\u0434\u044b\u0445\u0430, \u043f\u0443\u0442\u0435\u0448\u0435\u0441\u0442\u0432\u0438\u0439, \u0442\u0443\u0440\u0438\u0437\u043c\u0430, \u043f\u043e\u0445\u043e\u0434\u043e\u0432 \u0438 \u043d\u043e\u0441\u0438\u043c\u043e\u0439 \u043e\u0434\u0435\u0436\u0434\u044b \u0434\u043b\u044f \u0430\u043a\u0442\u0438\u0432\u043d\u043e\u0439 \u0436\u0438\u0437\u043d\u0438\"},{\"@type\":\"BreadcrumbList\",\"@id\":\"https:\\\/\\\/xstyle.md\\\/product\\\/ohlazhdajushhij-jelement-mobicool-ice-pack-2-x-440g\\\/#breadcrumb\",\"itemListElement\":[{\"@type\":\"ListItem\",\"position\":1,\"name\":\"\u0413\u043b\u0430\u0432\u043d\u0430\u044f \u0441\u0442\u0440\u0430\u043d\u0438\u0446\u0430\",\"item\":\"https:\\\/\\\/xstyle.md\\\/\"},{\"@type\":\"ListItem\",\"position\":2,\"name\":\"\u041c\u0430\u0433\u0430\u0437\u0438\u043d\",\"item\":\"https:\\\/\\\/xstyle.md\\\/shop\\\/\"},{\"@type\":\"ListItem\",\"position\":3,\"name\":\"\u041e\u0445\u043b\u0430\u0436\u0434\u0430\u044e\u0449\u0438\u0439 \u044d\u043b\u0435\u043c\u0435\u043d\u0442 Mobicool Ice Pack 2 x 440g\"}]},{\"@type\":\"WebSite\",\"@id\":\"https:\\\/\\\/xstyle.md\\\/#website\",\"url\":\"https:\\\/\\\/xstyle.md\\\/\",\"name\":\"\u041c\u0430\u0433\u0430\u0437\u0438\u043d Xstyle\",\"description\":\"C\u043d\u0430\u0440\u044f\u0436\u0435\u043d\u0438\u0435 \u0434\u043b\u044f \u0442\u0443\u0440\u0438\u0437\u043c\u0430 \u0438 \u044d\u043a\u0441\u0442\u0440\u0435\u043c\u0430\u043b\u044c\u043d\u044b\u0445 \u0432\u0438\u0434\u043e\u0432 \u0441\u043f\u043e\u0440\u0442\u0430 \u0432 \u041c\u043e\u043b\u0434\u043e\u0432\u0435.. \u0426\u0435\u043d\u044b, \u0444\u043e\u0442\u043e, \u0445\u0430\u0440\u0430\u043a\u0442\u0435\u0440\u0438\u0441\u0442\u0438\u043a\u0438 \u0432 \u041c\u043e\u043b\u0434\u043e\u0432\u0435.\",\"publisher\":{\"@id\":\"https:\\\/\\\/xstyle.md\\\/#organization\"},\"alternateName\":\"X-Style\",\"potentialAction\":[{\"@type\":\"SearchAction\",\"target\":{\"@type\":\"EntryPoint\",\"urlTemplate\":\"https:\\\/\\\/xstyle.md\\\/?s={search_term_string}\"},\"query-input\":{\"@type\":\"PropertyValueSpecification\",\"valueRequired\":true,\"valueName\":\"search_term_string\"}}],\"inLanguage\":\"ro-RO\"},{\"@type\":\"Organization\",\"@id\":\"https:\\\/\\\/xstyle.md\\\/#organization\",\"name\":\"\u041c\u0430\u0433\u0430\u0437\u0438\u043d Xstyle\",\"alternateName\":\"x-style\",\"url\":\"https:\\\/\\\/xstyle.md\\\/\",\"logo\":{\"@type\":\"ImageObject\",\"inLanguage\":\"ro-RO\",\"@id\":\"https:\\\/\\\/xstyle.md\\\/#\\\/schema\\\/logo\\\/image\\\/\",\"url\":\"https:\\\/\\\/xstyle.md\\\/wp-content\\\/uploads\\\/2020\\\/06\\\/logoicon.svg\",\"contentUrl\":\"https:\\\/\\\/xstyle.md\\\/wp-content\\\/uploads\\\/2020\\\/06\\\/logoicon.svg\",\"caption\":\"\u041c\u0430\u0433\u0430\u0437\u0438\u043d Xstyle\"},\"image\":{\"@id\":\"https:\\\/\\\/xstyle.md\\\/#\\\/schema\\\/logo\\\/image\\\/\"},\"sameAs\":[\"https:\\\/\\\/www.facebook.com\\\/xstylemd\",\"https:\\\/\\\/www.instagram.com\\\/xstyle_md\\\/\",\"https:\\\/\\\/t.me\\\/xstyle_outdoor\"],\"hasMerchantReturnPolicy\":{\"@type\":\"MerchantReturnPolicy\",\"merchantReturnLink\":\"https:\\\/\\\/xstyle.md\\\/ro\\\/conditions\\\/\"}}]}<\/script>\n<meta property=\"product:price:amount\" content=\"59.00\" \/>\n<meta property=\"product:price:currency\" content=\"MDL\" \/>\n<meta property=\"og:availability\" content=\"instock\" \/>\n<meta property=\"product:availability\" content=\"instock\" \/>\n<meta property=\"product:retailer_item_id\" content=\"4015704278293\" \/>\n<meta property=\"product:condition\" content=\"new\" \/>\n<!-- \/ Yoast SEO plugin. -->","yoast_head_json":{"title":"Element de r\u0103cire Mobicool Ice Pack 2 x 440g - Magazin Xstyle","description":"Elementul de r\u0103cire Mobicool Ice Pack 2 x 440g este perfect pentru camping \u0219i picnicuri. Men\u021bine frigul p\u00e2n\u0103 la 18 ore, dimensiuni 170x70x88 mm.","robots":{"index":"index","follow":"follow","max-snippet":"max-snippet:-1","max-image-preview":"max-image-preview:large","max-video-preview":"max-video-preview:-1"},"canonical":"https:\/\/xstyle.md\/ro\/produs\/ohlazhdajushhij-jelement-mobicool-ice-pack-2-x-440g\/","og_locale":"ro_RO","og_type":"article","og_title":"\u041e\u0445\u043b\u0430\u0436\u0434\u0430\u044e\u0449\u0438\u0439 \u044d\u043b\u0435\u043c\u0435\u043d\u0442 Mobicool Ice Pack 2 x 440g - \u041c\u0430\u0433\u0430\u0437\u0438\u043d Xstyle","og_description":"\u041e\u0445\u043b\u0430\u0436\u0434\u0430\u044e\u0449\u0438\u0439 \u044d\u043b\u0435\u043c\u0435\u043d\u0442 Mobicool Ice Pack 2 x 440g \u0438\u0434\u0435\u0430\u043b\u044c\u043d\u043e \u043f\u043e\u0434\u0445\u043e\u0434\u0438\u0442 \u0434\u043b\u044f \u043a\u0435\u043c\u043f\u0438\u043d\u0433\u0430 \u0438 \u043f\u0438\u043a\u043d\u0438\u043a\u043e\u0432. \u0425\u0440\u0430\u043d\u0438\u0442 \u0445\u043e\u043b\u043e\u0434 \u0434\u043e 18 \u0447\u0430\u0441\u043e\u0432, \u0440\u0430\u0437\u043c\u0435\u0440\u044b 170x70x88 \u043c\u043c.","og_url":"https:\/\/xstyle.md\/ro\/produs\/ohlazhdajushhij-jelement-mobicool-ice-pack-2-x-440g\/","og_site_name":"\u041c\u0430\u0433\u0430\u0437\u0438\u043d Xstyle","article_publisher":"https:\/\/www.facebook.com\/xstylemd","article_modified_time":"2025-04-02T15:00:10+00:00","og_image":[{"width":1500,"height":1500,"url":"https:\/\/xstyle.md\/wp-content\/uploads\/2021\/04\/mobicool-ice-pack-2-x-440g1.jpg","type":"image\/jpeg"}],"twitter_card":"summary_large_image","twitter_misc":{"Pre\u021b":"59&nbsp;MDL","Disponibilitate":"\u00cen stoc"},"schema":{"@context":"https:\/\/schema.org","@graph":[{"@type":"WebPage","@id":"https:\/\/xstyle.md\/product\/ohlazhdajushhij-jelement-mobicool-ice-pack-2-x-440g\/","url":"https:\/\/xstyle.md\/product\/ohlazhdajushhij-jelement-mobicool-ice-pack-2-x-440g\/","name":"Element de r\u0103cire Mobicool Ice Pack 2 x 440g - Magazin Xstyle","isPartOf":{"@id":"https:\/\/xstyle.md\/#website"},"primaryImageOfPage":{"@id":"https:\/\/xstyle.md\/product\/ohlazhdajushhij-jelement-mobicool-ice-pack-2-x-440g\/#primaryimage"},"image":{"@id":"https:\/\/xstyle.md\/product\/ohlazhdajushhij-jelement-mobicool-ice-pack-2-x-440g\/#primaryimage"},"thumbnailUrl":"https:\/\/xstyle.md\/wp-content\/uploads\/2021\/04\/mobicool-ice-pack-2-x-440g1.jpg","datePublished":"2021-04-30T09:59:47+00:00","dateModified":"2025-04-02T15:00:10+00:00","description":"Elementul de r\u0103cire Mobicool Ice Pack 2 x 440g este perfect pentru camping \u0219i picnicuri. Men\u021bine frigul p\u00e2n\u0103 la 18 ore, dimensiuni 170x70x88 mm.","breadcrumb":{"@id":"https:\/\/xstyle.md\/product\/ohlazhdajushhij-jelement-mobicool-ice-pack-2-x-440g\/#breadcrumb"},"inLanguage":"ro-RO","potentialAction":[{"@type":"ReadAction","target":["https:\/\/xstyle.md\/product\/ohlazhdajushhij-jelement-mobicool-ice-pack-2-x-440g\/"]}]},{"@type":"ImageObject","inLanguage":"ro-RO","@id":"https:\/\/xstyle.md\/product\/ohlazhdajushhij-jelement-mobicool-ice-pack-2-x-440g\/#primaryimage","url":"https:\/\/xstyle.md\/wp-content\/uploads\/2021\/04\/mobicool-ice-pack-2-x-440g1.jpg","contentUrl":"https:\/\/xstyle.md\/wp-content\/uploads\/2021\/04\/mobicool-ice-pack-2-x-440g1.jpg","width":1500,"height":1500,"caption":"\u041e\u0445\u043b\u0430\u0436\u0434\u0430\u044e\u0449\u0438\u0439 \u044d\u043b\u0435\u043c\u0435\u043d\u0442 Mobicool Ice Pack 2 x 440g \u0434\u043b\u044f \u0430\u043a\u0442\u0438\u0432\u043d\u043e\u0433\u043e \u043e\u0442\u0434\u044b\u0445\u0430, \u043f\u0443\u0442\u0435\u0448\u0435\u0441\u0442\u0432\u0438\u0439, \u0442\u0443\u0440\u0438\u0437\u043c\u0430, \u043f\u043e\u0445\u043e\u0434\u043e\u0432 \u0438 \u043d\u043e\u0441\u0438\u043c\u043e\u0439 \u043e\u0434\u0435\u0436\u0434\u044b \u0434\u043b\u044f \u0430\u043a\u0442\u0438\u0432\u043d\u043e\u0439 \u0436\u0438\u0437\u043d\u0438"},{"@type":"BreadcrumbList","@id":"https:\/\/xstyle.md\/product\/ohlazhdajushhij-jelement-mobicool-ice-pack-2-x-440g\/#breadcrumb","itemListElement":[{"@type":"ListItem","position":1,"name":"\u0413\u043b\u0430\u0432\u043d\u0430\u044f \u0441\u0442\u0440\u0430\u043d\u0438\u0446\u0430","item":"https:\/\/xstyle.md\/"},{"@type":"ListItem","position":2,"name":"\u041c\u0430\u0433\u0430\u0437\u0438\u043d","item":"https:\/\/xstyle.md\/shop\/"},{"@type":"ListItem","position":3,"name":"\u041e\u0445\u043b\u0430\u0436\u0434\u0430\u044e\u0449\u0438\u0439 \u044d\u043b\u0435\u043c\u0435\u043d\u0442 Mobicool Ice Pack 2 x 440g"}]},{"@type":"WebSite","@id":"https:\/\/xstyle.md\/#website","url":"https:\/\/xstyle.md\/","name":"Magazinul X-Style","description":"Echipamente pentru turism \u0219i sporturi extreme \u00een Moldova. Pre\u021buri, fotografii, caracteristici \u00een Moldova.","publisher":{"@id":"https:\/\/xstyle.md\/#organization"},"alternateName":"X-Style","potentialAction":[{"@type":"SearchAction","target":{"@type":"EntryPoint","urlTemplate":"https:\/\/xstyle.md\/?s={search_term_string}"},"query-input":{"@type":"PropertyValueSpecification","valueRequired":true,"valueName":"search_term_string"}}],"inLanguage":"ro-RO"},{"@type":"Organization","@id":"https:\/\/xstyle.md\/#organization","name":"Magazinul X-Style","alternateName":"x-style","url":"https:\/\/xstyle.md\/","logo":{"@type":"ImageObject","inLanguage":"ro-RO","@id":"https:\/\/xstyle.md\/#\/schema\/logo\/image\/","url":"https:\/\/xstyle.md\/wp-content\/uploads\/2020\/06\/logoicon.svg","contentUrl":"https:\/\/xstyle.md\/wp-content\/uploads\/2020\/06\/logoicon.svg","caption":"\u041c\u0430\u0433\u0430\u0437\u0438\u043d Xstyle"},"image":{"@id":"https:\/\/xstyle.md\/#\/schema\/logo\/image\/"},"sameAs":["https:\/\/www.facebook.com\/xstylemd","https:\/\/www.instagram.com\/xstyle_md\/","https:\/\/t.me\/xstyle_outdoor"],"hasMerchantReturnPolicy":{"@type":"MerchantReturnPolicy","merchantReturnLink":"https:\/\/xstyle.md\/ro\/conditions\/"}}]},"product_price_amount":"59.00","product_price_currency":"MDL","og_availability":"instock","product_availability":"instock","product_retailer_item_id":"4015704278293","product_condition":"new"},"_links":{"self":[{"href":"https:\/\/xstyle.md\/ro\/wp-json\/wp\/v2\/product\/32949","targetHints":{"allow":["GET"]}}],"collection":[{"href":"https:\/\/xstyle.md\/ro\/wp-json\/wp\/v2\/product"}],"about":[{"href":"https:\/\/xstyle.md\/ro\/wp-json\/wp\/v2\/types\/product"}],"replies":[{"embeddable":true,"href":"https:\/\/xstyle.md\/ro\/wp-json\/wp\/v2\/comments?post=32949"}],"wp:featuredmedia":[{"embeddable":true,"href":"https:\/\/xstyle.md\/ro\/wp-json\/wp\/v2\/media\/34534"}],"wp:attachment":[{"href":"https:\/\/xstyle.md\/ro\/wp-json\/wp\/v2\/media?parent=32949"}],"wp:term":[{"taxonomy":"product_brand","embeddable":true,"href":"https:\/\/xstyle.md\/ro\/wp-json\/wp\/v2\/product_brand?post=32949"},{"taxonomy":"product_cat","embeddable":true,"href":"https:\/\/xstyle.md\/ro\/wp-json\/wp\/v2\/product_cat?post=32949"},{"taxonomy":"product_tag","embeddable":true,"href":"https:\/\/xstyle.md\/ro\/wp-json\/wp\/v2\/product_tag?post=32949"}],"curies":[{"name":"wp","href":"https:\/\/api.w.org\/{rel}","templated":true}]}}