{"id":32861,"date":"2021-04-30T12:59:11","date_gmt":"2021-04-30T09:59:11","guid":{"rendered":"https:\/\/xstyle.md\/?post_type=product&#038;p=32861"},"modified":"2024-10-02T23:33:06","modified_gmt":"2024-10-02T20:33:06","slug":"magnezija-black-diamond-black-gold-100-g","status":"publish","type":"product","link":"https:\/\/xstyle.md\/ro\/produs\/magnezija-black-diamond-black-gold-100-g\/","title":{"rendered":"Magnezie Black Diamond Black Gold 100 g"},"content":{"rendered":"<p><strong>Black Diamond Black Gold 100 g<\/strong> &#8212; \u043d\u043e\u0432\u0430\u044f \u0443\u043b\u0443\u0447\u0448\u0435\u043d\u043d\u0430\u044f \u043f\u0440\u0435\u043c\u0438\u0443\u043c-\u043c\u0430\u0433\u043d\u0435\u0437\u0438\u044f \u0434\u043b\u044f \u043b\u0430\u0437\u0430\u043d\u044c\u044f \u043d\u0430 \u0438\u0441\u043a\u0443\u0441\u0441\u0442\u0432\u0435\u043d\u043d\u043e\u043c \u0438 \u0435\u0441\u0442\u0435\u0441\u0442\u0432\u0435\u043d\u043d\u043e\u043c \u0440\u0435\u043b\u044c\u0435\u0444\u0435, \u043f\u043e\u0434\u0445\u043e\u0434\u0438\u0442 \u0438 \u0434\u043b\u044f \u0434\u0440\u0443\u0433\u0438\u0445 \u0432\u0438\u0434\u043e\u0432 \u0441\u043f\u043e\u0440\u0442\u0430. \u0421\u0434\u0435\u043b\u0430\u0435\u0442 \u0432\u0430\u0448\u0438 \u0437\u0430\u043d\u044f\u0442\u0438\u044f \u043f\u0440\u0438\u044f\u0442\u043d\u044b\u043c\u0438 \u0438 \u0431\u0435\u0437\u043e\u043f\u0430\u0441\u043d\u044b\u043c\u0438. \u0412 \u0441\u043e\u0441\u0442\u0430\u0432\u0435 10% \u043f\u043e\u0440\u043e\u0448\u043a\u0430 Pure Gold, \u043a\u043e\u0442\u043e\u0440\u044b\u0439 \u0441\u043e\u0434\u0435\u0440\u0436\u0438\u0442 Upsalite &#8212; \u0441\u0430\u043c\u043e\u0435 \u0432\u043f\u0438\u0442\u044b\u0432\u0430\u044e\u0449\u0435\u0435 \u0432\u0435\u0449\u0435\u0441\u0442\u0432\u043e, \u0438\u0437\u0432\u0435\u0441\u0442\u043d\u043e\u0435 \u043d\u0430 \u0441\u0435\u0433\u043e\u0434\u043d\u044f\u0448\u043d\u0438\u0439 \u0434\u0435\u043d\u044c. \u042d\u0442\u0430 \u043c\u0430\u0433\u043d\u0435\u0437\u0438\u044f \u0432\u043f\u0438\u0442\u044b\u0432\u0430\u0435\u0442 \u0432\u043b\u0430\u0433\u0443 \u0432 2 \u0440\u0430\u0437\u0430 \u043b\u0443\u0447\u0448\u0435, \u0447\u0435\u043c \u0434\u0440\u0443\u0433\u0438\u0435 \u0432\u0438\u0434\u044b \u043c\u0430\u0433\u043d\u0435\u0437\u0438\u0438.<\/p>\n<h3>Particularit\u0103\u021bi<\/h3>\n<ul>\n<li>\u0413\u0435\u0440\u043c\u0435\u0442\u0438\u0447\u043d\u043e \u0443\u043f\u0430\u043a\u043e\u0432\u0430\u043d\u043e \u0432 \u043f\u0430\u043a\u0435\u0442\u0435<\/li>\n<li>\u041e\u0442\u043b\u0438\u0447\u043d\u043e \u0432\u043f\u0438\u0442\u044b\u0432\u0430\u0435\u0442 \u0432\u043b\u0430\u0433\u0443<\/li>\n<li>\u041e\u0431\u0435\u0441\u043f\u0435\u0447\u0438\u0432\u0430\u0435\u0442 \u0432\u0435\u043b\u0438\u043a\u043e\u043b\u0435\u043f\u043d\u043e\u0435 \u0441\u0446\u0435\u043f\u043b\u0435\u043d\u0438\u0435<\/li>\n<\/ul>\n<h3>Caracteristici<\/h3>\n<ul>\n<li>\u0421\u043e\u0441\u0442\u0430\u0432 &#8212; 90% White Gold Chalk, 10% Pure Gold Chalk<\/li>\n<li>\u0412\u0435\u0441 &#8212; 100 \u0433<\/li>\n<\/ul>\n<h3>Marca<\/h3>\n<p>Black Diamond \u2014 este un produc\u0103tor american de echipamente sportive \u0219i outdoor de \u00eenalt\u0103 tehnologie, un dezvoltator legendar \u0219i \u201erevolu\u021bionar\u201d, unul dintre cele mai cunoscute m\u0103rci care exist\u0103 ast\u0103zi pe pia\u021ba global\u0103 de outdoor. Produsele companiei sunt larg reprezentate \u00een domenii precum alpinism \u0219i schi. \u00abFier\u00bb \u0219i carabine, echipamente pentru ghea\u021b\u0103, sisteme de siguran\u021b\u0103, c\u0103\u0219ti, rucsacuri, corturi, felinare, st\u00e2lpi telescopici, schiuri, bocanci, \u00eembr\u0103c\u0103minte \u2014 toate acestea au fost produse pentru multe decenii sub sigla Black Diamond, care \u00eentruchipeaz\u0103 tehnologia avansat\u0103 \u0219i este un garant de cea mai \u00eenalt\u0103 calitate, fiabilitate maxim\u0103 \u0219i confort \u00een utilizare.<\/p>","protected":false},"excerpt":{"rendered":"<p>Magnezie Black Diamond Black Gold 100 g<\/p>","protected":false},"featured_media":33621,"comment_status":"open","ping_status":"closed","template":"","meta":{"_acf_changed":false,"inline_featured_image":false},"product_brand":[1306],"product_cat":[296],"product_tag":[],"class_list":{"0":"post-32861","1":"product","2":"type-product","3":"status-publish","4":"has-post-thumbnail","6":"product_brand-black-diamond","7":"product_cat-chalk-and-bags","9":"first","10":"outofstock","11":"shipping-taxable","12":"product-type-simple"},"acf":[],"yoast_head":"<!-- This site is optimized with the Yoast SEO plugin v27.2 - https:\/\/yoast.com\/product\/yoast-seo-wordpress\/ -->\n<title>\u041c\u0430\u0433\u043d\u0435\u0437\u0438\u044f Black Diamond Black Gold 100 g - \u041c\u0430\u0433\u0430\u0437\u0438\u043d Xstyle<\/title>\n<meta name=\"description\" content=\"\u041c\u0430\u0433\u043d\u0435\u0437\u0438\u044f Black Diamond Black Gold 100 \u0433 \u2013 \u0438\u0434\u0435\u0430\u043b\u044c\u043d\u044b\u0439 \u0432\u044b\u0431\u043e\u0440 \u0434\u043b\u044f \u0441\u043a\u0430\u043b\u043e\u043b\u0430\u0437\u043e\u0432. \u0412\u044b\u0441\u043e\u043a\u043e\u0435 \u043a\u0430\u0447\u0435\u0441\u0442\u0432\u043e, \u043e\u0442\u043b\u0438\u0447\u043d\u0430\u044f \u0441\u0446\u0435\u043f\u043a\u0430, \u043b\u0435\u0433\u043a\u043e\u0441\u0442\u044c \u0438\u0441\u043f\u043e\u043b\u044c\u0437\u043e\u0432\u0430\u043d\u0438\u044f. \u0417\u0430\u043a\u0430\u0436\u0438 \u0441\u0435\u0439\u0447\u0430\u0441!\" \/>\n<meta name=\"robots\" content=\"index, follow, max-snippet:-1, max-image-preview:large, max-video-preview:-1\" \/>\n<link rel=\"canonical\" href=\"https:\/\/xstyle.md\/ro\/produs\/magnezija-black-diamond-black-gold-100-g\/\" \/>\n<meta property=\"og:locale\" content=\"ro_RO\" \/>\n<meta property=\"og:type\" content=\"article\" \/>\n<meta property=\"og:title\" content=\"\u041c\u0430\u0433\u043d\u0435\u0437\u0438\u044f Black Diamond Black Gold 100 g - \u041c\u0430\u0433\u0430\u0437\u0438\u043d Xstyle\" \/>\n<meta property=\"og:description\" content=\"\u041c\u0430\u0433\u043d\u0435\u0437\u0438\u044f Black Diamond Black Gold 100 \u0433 \u2013 \u0438\u0434\u0435\u0430\u043b\u044c\u043d\u044b\u0439 \u0432\u044b\u0431\u043e\u0440 \u0434\u043b\u044f \u0441\u043a\u0430\u043b\u043e\u043b\u0430\u0437\u043e\u0432. \u0412\u044b\u0441\u043e\u043a\u043e\u0435 \u043a\u0430\u0447\u0435\u0441\u0442\u0432\u043e, \u043e\u0442\u043b\u0438\u0447\u043d\u0430\u044f \u0441\u0446\u0435\u043f\u043a\u0430, \u043b\u0435\u0433\u043a\u043e\u0441\u0442\u044c \u0438\u0441\u043f\u043e\u043b\u044c\u0437\u043e\u0432\u0430\u043d\u0438\u044f. \u0417\u0430\u043a\u0430\u0436\u0438 \u0441\u0435\u0439\u0447\u0430\u0441!\" \/>\n<meta property=\"og:url\" content=\"https:\/\/xstyle.md\/ro\/produs\/magnezija-black-diamond-black-gold-100-g\/\" \/>\n<meta property=\"og:site_name\" content=\"\u041c\u0430\u0433\u0430\u0437\u0438\u043d Xstyle\" \/>\n<meta property=\"article:publisher\" content=\"https:\/\/www.facebook.com\/xstylemd\" \/>\n<meta property=\"article:modified_time\" content=\"2024-10-02T20:33:06+00:00\" \/>\n<meta property=\"og:image\" content=\"https:\/\/xstyle.md\/wp-content\/uploads\/2021\/04\/black-diamond-black-gold-100-g-1.jpg\" \/>\n\t<meta property=\"og:image:width\" content=\"1035\" \/>\n\t<meta property=\"og:image:height\" content=\"1344\" \/>\n\t<meta property=\"og:image:type\" content=\"image\/jpeg\" \/>\n<meta name=\"twitter:card\" content=\"summary_large_image\" \/>\n<meta name=\"twitter:label1\" content=\"Pre\u021b\" \/>\n\t<meta name=\"twitter:data1\" content=\"295&nbsp;MDL\" \/>\n\t<meta name=\"twitter:label2\" content=\"Disponibilitate\" \/>\n\t<meta name=\"twitter:data2\" content=\"Stoc epuizat\" \/>\n<script type=\"application\/ld+json\" class=\"yoast-schema-graph\">{\"@context\":\"https:\/\/schema.org\",\"@graph\":[{\"@type\":\"WebPage\",\"@id\":\"https:\/\/xstyle.md\/product\/magnezija-black-diamond-black-gold-100-g\/\",\"url\":\"https:\/\/xstyle.md\/product\/magnezija-black-diamond-black-gold-100-g\/\",\"name\":\"\u041c\u0430\u0433\u043d\u0435\u0437\u0438\u044f Black Diamond Black Gold 100 g - \u041c\u0430\u0433\u0430\u0437\u0438\u043d Xstyle\",\"isPartOf\":{\"@id\":\"https:\/\/xstyle.md\/#website\"},\"primaryImageOfPage\":{\"@id\":\"https:\/\/xstyle.md\/product\/magnezija-black-diamond-black-gold-100-g\/#primaryimage\"},\"image\":{\"@id\":\"https:\/\/xstyle.md\/product\/magnezija-black-diamond-black-gold-100-g\/#primaryimage\"},\"thumbnailUrl\":\"https:\/\/xstyle.md\/wp-content\/uploads\/2021\/04\/black-diamond-black-gold-100-g-1.jpg\",\"datePublished\":\"2021-04-30T09:59:11+00:00\",\"dateModified\":\"2024-10-02T20:33:06+00:00\",\"description\":\"\u041c\u0430\u0433\u043d\u0435\u0437\u0438\u044f Black Diamond Black Gold 100 \u0433 \u2013 \u0438\u0434\u0435\u0430\u043b\u044c\u043d\u044b\u0439 \u0432\u044b\u0431\u043e\u0440 \u0434\u043b\u044f \u0441\u043a\u0430\u043b\u043e\u043b\u0430\u0437\u043e\u0432. \u0412\u044b\u0441\u043e\u043a\u043e\u0435 \u043a\u0430\u0447\u0435\u0441\u0442\u0432\u043e, \u043e\u0442\u043b\u0438\u0447\u043d\u0430\u044f \u0441\u0446\u0435\u043f\u043a\u0430, \u043b\u0435\u0433\u043a\u043e\u0441\u0442\u044c \u0438\u0441\u043f\u043e\u043b\u044c\u0437\u043e\u0432\u0430\u043d\u0438\u044f. \u0417\u0430\u043a\u0430\u0436\u0438 \u0441\u0435\u0439\u0447\u0430\u0441!\",\"breadcrumb\":{\"@id\":\"https:\/\/xstyle.md\/product\/magnezija-black-diamond-black-gold-100-g\/#breadcrumb\"},\"inLanguage\":\"ro-RO\",\"potentialAction\":[{\"@type\":\"ReadAction\",\"target\":[\"https:\/\/xstyle.md\/product\/magnezija-black-diamond-black-gold-100-g\/\"]}]},{\"@type\":\"ImageObject\",\"inLanguage\":\"ro-RO\",\"@id\":\"https:\/\/xstyle.md\/product\/magnezija-black-diamond-black-gold-100-g\/#primaryimage\",\"url\":\"https:\/\/xstyle.md\/wp-content\/uploads\/2021\/04\/black-diamond-black-gold-100-g-1.jpg\",\"contentUrl\":\"https:\/\/xstyle.md\/wp-content\/uploads\/2021\/04\/black-diamond-black-gold-100-g-1.jpg\",\"width\":1035,\"height\":1344,\"caption\":\"\u0422\u0435\u0440\u043c\u043e\u043c\u0430\u0433\u043d\u0435\u0437\u0438\u044f Black Diamond Black Gold 100 \u0433 \u0434\u043b\u044f \u0430\u043b\u044c\u043f\u0438\u043d\u0438\u0437\u043c\u0430 \u0438 \u0442\u0443\u0440\u0438\u0437\u043c\u0430 \u0432 \u043c\u0430\u0433\u0430\u0437\u0438\u043d\u0435 \u044d\u043a\u0438\u043f\u0438\u0440\u043e\u0432\u043a\u0438 \u0434\u043b\u044f \u0430\u043a\u0442\u0438\u0432\u043d\u043e\u0433\u043e \u043e\u0431\u0440\u0430\u0437\u0430 \u0436\u0438\u0437\u043d\u0438, \u043e\u0431\u0443\u0432\u0438 \u0438 \u043e\u0434\u0435\u0436\u0434\u044b \u0434\u043b\u044f \u0445\u0430\u0439\u043a\u0438\u043d\u0433\u0430 \u0438 \u043f\u0443\u0442\u0435\u0448\u0435\u0441\u0442\u0432\u0438\u0439\"},{\"@type\":\"BreadcrumbList\",\"@id\":\"https:\/\/xstyle.md\/product\/magnezija-black-diamond-black-gold-100-g\/#breadcrumb\",\"itemListElement\":[{\"@type\":\"ListItem\",\"position\":1,\"name\":\"\u0413\u043b\u0430\u0432\u043d\u0430\u044f \u0441\u0442\u0440\u0430\u043d\u0438\u0446\u0430\",\"item\":\"https:\/\/xstyle.md\/\"},{\"@type\":\"ListItem\",\"position\":2,\"name\":\"\u041c\u0430\u0433\u0430\u0437\u0438\u043d\",\"item\":\"https:\/\/xstyle.md\/shop\/\"},{\"@type\":\"ListItem\",\"position\":3,\"name\":\"\u041c\u0430\u0433\u043d\u0435\u0437\u0438\u044f Black Diamond Black Gold 100 g\"}]},{\"@type\":\"WebSite\",\"@id\":\"https:\/\/xstyle.md\/#website\",\"url\":\"https:\/\/xstyle.md\/\",\"name\":\"\u041c\u0430\u0433\u0430\u0437\u0438\u043d Xstyle\",\"description\":\"C\u043d\u0430\u0440\u044f\u0436\u0435\u043d\u0438\u0435 \u0434\u043b\u044f \u0442\u0443\u0440\u0438\u0437\u043c\u0430 \u0438 \u044d\u043a\u0441\u0442\u0440\u0435\u043c\u0430\u043b\u044c\u043d\u044b\u0445 \u0432\u0438\u0434\u043e\u0432 \u0441\u043f\u043e\u0440\u0442\u0430 \u0432 \u041c\u043e\u043b\u0434\u043e\u0432\u0435.. \u0426\u0435\u043d\u044b, \u0444\u043e\u0442\u043e, \u0445\u0430\u0440\u0430\u043a\u0442\u0435\u0440\u0438\u0441\u0442\u0438\u043a\u0438 \u0432 \u041c\u043e\u043b\u0434\u043e\u0432\u0435.\",\"publisher\":{\"@id\":\"https:\/\/xstyle.md\/#organization\"},\"alternateName\":\"X-Style\",\"potentialAction\":[{\"@type\":\"SearchAction\",\"target\":{\"@type\":\"EntryPoint\",\"urlTemplate\":\"https:\/\/xstyle.md\/?s={search_term_string}\"},\"query-input\":{\"@type\":\"PropertyValueSpecification\",\"valueRequired\":true,\"valueName\":\"search_term_string\"}}],\"inLanguage\":\"ro-RO\"},{\"@type\":\"Organization\",\"@id\":\"https:\/\/xstyle.md\/#organization\",\"name\":\"\u041c\u0430\u0433\u0430\u0437\u0438\u043d Xstyle\",\"alternateName\":\"x-style\",\"url\":\"https:\/\/xstyle.md\/\",\"logo\":{\"@type\":\"ImageObject\",\"inLanguage\":\"ro-RO\",\"@id\":\"https:\/\/xstyle.md\/#\/schema\/logo\/image\/\",\"url\":\"https:\/\/xstyle.md\/wp-content\/uploads\/2020\/06\/logoicon.svg\",\"contentUrl\":\"https:\/\/xstyle.md\/wp-content\/uploads\/2020\/06\/logoicon.svg\",\"caption\":\"\u041c\u0430\u0433\u0430\u0437\u0438\u043d Xstyle\"},\"image\":{\"@id\":\"https:\/\/xstyle.md\/#\/schema\/logo\/image\/\"},\"sameAs\":[\"https:\/\/www.facebook.com\/xstylemd\",\"https:\/\/www.instagram.com\/xstyle_md\/\",\"https:\/\/t.me\/xstyle_outdoor\"],\"hasMerchantReturnPolicy\":{\"@type\":\"MerchantReturnPolicy\",\"merchantReturnLink\":\"https:\/\/xstyle.md\/ro\/conditions\/\"}}]}<\/script>\n<meta property=\"product:price:amount\" content=\"295.00\" \/>\n<meta property=\"product:price:currency\" content=\"MDL\" \/>\n<meta property=\"og:availability\" content=\"out of stock\" \/>\n<meta property=\"product:availability\" content=\"out of stock\" \/>\n<meta property=\"product:retailer_item_id\" content=\"793661368397\" \/>\n<meta property=\"product:condition\" content=\"new\" \/>\n<!-- \/ Yoast SEO plugin. -->","yoast_head_json":{"title":"\u041c\u0430\u0433\u043d\u0435\u0437\u0438\u044f Black Diamond Black Gold 100 g - \u041c\u0430\u0433\u0430\u0437\u0438\u043d Xstyle","description":"Magnesia Black Diamond Black Gold 100 g \u2013 alegerea ideal\u0103 pentru escalad\u0103. Calitate \u00eenalt\u0103, aderen\u021b\u0103 excelent\u0103, u\u0219urin\u021b\u0103 \u00een utilizare. Comand\u0103 acum!","robots":{"index":"index","follow":"follow","max-snippet":"max-snippet:-1","max-image-preview":"max-image-preview:large","max-video-preview":"max-video-preview:-1"},"canonical":"https:\/\/xstyle.md\/ro\/produs\/magnezija-black-diamond-black-gold-100-g\/","og_locale":"ro_RO","og_type":"article","og_title":"\u041c\u0430\u0433\u043d\u0435\u0437\u0438\u044f Black Diamond Black Gold 100 g - \u041c\u0430\u0433\u0430\u0437\u0438\u043d Xstyle","og_description":"\u041c\u0430\u0433\u043d\u0435\u0437\u0438\u044f Black Diamond Black Gold 100 \u0433 \u2013 \u0438\u0434\u0435\u0430\u043b\u044c\u043d\u044b\u0439 \u0432\u044b\u0431\u043e\u0440 \u0434\u043b\u044f \u0441\u043a\u0430\u043b\u043e\u043b\u0430\u0437\u043e\u0432. \u0412\u044b\u0441\u043e\u043a\u043e\u0435 \u043a\u0430\u0447\u0435\u0441\u0442\u0432\u043e, \u043e\u0442\u043b\u0438\u0447\u043d\u0430\u044f \u0441\u0446\u0435\u043f\u043a\u0430, \u043b\u0435\u0433\u043a\u043e\u0441\u0442\u044c \u0438\u0441\u043f\u043e\u043b\u044c\u0437\u043e\u0432\u0430\u043d\u0438\u044f. \u0417\u0430\u043a\u0430\u0436\u0438 \u0441\u0435\u0439\u0447\u0430\u0441!","og_url":"https:\/\/xstyle.md\/ro\/produs\/magnezija-black-diamond-black-gold-100-g\/","og_site_name":"\u041c\u0430\u0433\u0430\u0437\u0438\u043d Xstyle","article_publisher":"https:\/\/www.facebook.com\/xstylemd","article_modified_time":"2024-10-02T20:33:06+00:00","og_image":[{"width":1035,"height":1344,"url":"https:\/\/xstyle.md\/wp-content\/uploads\/2021\/04\/black-diamond-black-gold-100-g-1.jpg","type":"image\/jpeg"}],"twitter_card":"summary_large_image","twitter_misc":{"Pre\u021b":"295&nbsp;MDL","Disponibilitate":"Stoc epuizat"},"schema":{"@context":"https:\/\/schema.org","@graph":[{"@type":"WebPage","@id":"https:\/\/xstyle.md\/product\/magnezija-black-diamond-black-gold-100-g\/","url":"https:\/\/xstyle.md\/product\/magnezija-black-diamond-black-gold-100-g\/","name":"\u041c\u0430\u0433\u043d\u0435\u0437\u0438\u044f Black Diamond Black Gold 100 g - \u041c\u0430\u0433\u0430\u0437\u0438\u043d Xstyle","isPartOf":{"@id":"https:\/\/xstyle.md\/#website"},"primaryImageOfPage":{"@id":"https:\/\/xstyle.md\/product\/magnezija-black-diamond-black-gold-100-g\/#primaryimage"},"image":{"@id":"https:\/\/xstyle.md\/product\/magnezija-black-diamond-black-gold-100-g\/#primaryimage"},"thumbnailUrl":"https:\/\/xstyle.md\/wp-content\/uploads\/2021\/04\/black-diamond-black-gold-100-g-1.jpg","datePublished":"2021-04-30T09:59:11+00:00","dateModified":"2024-10-02T20:33:06+00:00","description":"Magnesia Black Diamond Black Gold 100 g \u2013 alegerea ideal\u0103 pentru escalad\u0103. Calitate \u00eenalt\u0103, aderen\u021b\u0103 excelent\u0103, u\u0219urin\u021b\u0103 \u00een utilizare. Comand\u0103 acum!","breadcrumb":{"@id":"https:\/\/xstyle.md\/product\/magnezija-black-diamond-black-gold-100-g\/#breadcrumb"},"inLanguage":"ro-RO","potentialAction":[{"@type":"ReadAction","target":["https:\/\/xstyle.md\/product\/magnezija-black-diamond-black-gold-100-g\/"]}]},{"@type":"ImageObject","inLanguage":"ro-RO","@id":"https:\/\/xstyle.md\/product\/magnezija-black-diamond-black-gold-100-g\/#primaryimage","url":"https:\/\/xstyle.md\/wp-content\/uploads\/2021\/04\/black-diamond-black-gold-100-g-1.jpg","contentUrl":"https:\/\/xstyle.md\/wp-content\/uploads\/2021\/04\/black-diamond-black-gold-100-g-1.jpg","width":1035,"height":1344,"caption":"\u0422\u0435\u0440\u043c\u043e\u043c\u0430\u0433\u043d\u0435\u0437\u0438\u044f Black Diamond Black Gold 100 \u0433 \u0434\u043b\u044f \u0430\u043b\u044c\u043f\u0438\u043d\u0438\u0437\u043c\u0430 \u0438 \u0442\u0443\u0440\u0438\u0437\u043c\u0430 \u0432 \u043c\u0430\u0433\u0430\u0437\u0438\u043d\u0435 \u044d\u043a\u0438\u043f\u0438\u0440\u043e\u0432\u043a\u0438 \u0434\u043b\u044f \u0430\u043a\u0442\u0438\u0432\u043d\u043e\u0433\u043e \u043e\u0431\u0440\u0430\u0437\u0430 \u0436\u0438\u0437\u043d\u0438, \u043e\u0431\u0443\u0432\u0438 \u0438 \u043e\u0434\u0435\u0436\u0434\u044b \u0434\u043b\u044f \u0445\u0430\u0439\u043a\u0438\u043d\u0433\u0430 \u0438 \u043f\u0443\u0442\u0435\u0448\u0435\u0441\u0442\u0432\u0438\u0439"},{"@type":"BreadcrumbList","@id":"https:\/\/xstyle.md\/product\/magnezija-black-diamond-black-gold-100-g\/#breadcrumb","itemListElement":[{"@type":"ListItem","position":1,"name":"\u0413\u043b\u0430\u0432\u043d\u0430\u044f \u0441\u0442\u0440\u0430\u043d\u0438\u0446\u0430","item":"https:\/\/xstyle.md\/"},{"@type":"ListItem","position":2,"name":"\u041c\u0430\u0433\u0430\u0437\u0438\u043d","item":"https:\/\/xstyle.md\/shop\/"},{"@type":"ListItem","position":3,"name":"\u041c\u0430\u0433\u043d\u0435\u0437\u0438\u044f Black Diamond Black Gold 100 g"}]},{"@type":"WebSite","@id":"https:\/\/xstyle.md\/#website","url":"https:\/\/xstyle.md\/","name":"Magazinul X-Style","description":"Echipamente pentru turism \u0219i sporturi extreme \u00een Moldova. Pre\u021buri, fotografii, caracteristici \u00een Moldova.","publisher":{"@id":"https:\/\/xstyle.md\/#organization"},"alternateName":"X-Style","potentialAction":[{"@type":"SearchAction","target":{"@type":"EntryPoint","urlTemplate":"https:\/\/xstyle.md\/?s={search_term_string}"},"query-input":{"@type":"PropertyValueSpecification","valueRequired":true,"valueName":"search_term_string"}}],"inLanguage":"ro-RO"},{"@type":"Organization","@id":"https:\/\/xstyle.md\/#organization","name":"Magazinul X-Style","alternateName":"x-style","url":"https:\/\/xstyle.md\/","logo":{"@type":"ImageObject","inLanguage":"ro-RO","@id":"https:\/\/xstyle.md\/#\/schema\/logo\/image\/","url":"https:\/\/xstyle.md\/wp-content\/uploads\/2020\/06\/logoicon.svg","contentUrl":"https:\/\/xstyle.md\/wp-content\/uploads\/2020\/06\/logoicon.svg","caption":"\u041c\u0430\u0433\u0430\u0437\u0438\u043d Xstyle"},"image":{"@id":"https:\/\/xstyle.md\/#\/schema\/logo\/image\/"},"sameAs":["https:\/\/www.facebook.com\/xstylemd","https:\/\/www.instagram.com\/xstyle_md\/","https:\/\/t.me\/xstyle_outdoor"],"hasMerchantReturnPolicy":{"@type":"MerchantReturnPolicy","merchantReturnLink":"https:\/\/xstyle.md\/ro\/conditions\/"}}]},"product_price_amount":"295.00","product_price_currency":"MDL","og_availability":"out of stock","product_availability":"out of stock","product_retailer_item_id":"793661368397","product_condition":"new"},"post_mailing_queue_ids":[],"_links":{"self":[{"href":"https:\/\/xstyle.md\/ro\/wp-json\/wp\/v2\/product\/32861","targetHints":{"allow":["GET"]}}],"collection":[{"href":"https:\/\/xstyle.md\/ro\/wp-json\/wp\/v2\/product"}],"about":[{"href":"https:\/\/xstyle.md\/ro\/wp-json\/wp\/v2\/types\/product"}],"replies":[{"embeddable":true,"href":"https:\/\/xstyle.md\/ro\/wp-json\/wp\/v2\/comments?post=32861"}],"wp:featuredmedia":[{"embeddable":true,"href":"https:\/\/xstyle.md\/ro\/wp-json\/wp\/v2\/media\/33621"}],"wp:attachment":[{"href":"https:\/\/xstyle.md\/ro\/wp-json\/wp\/v2\/media?parent=32861"}],"wp:term":[{"taxonomy":"product_brand","embeddable":true,"href":"https:\/\/xstyle.md\/ro\/wp-json\/wp\/v2\/product_brand?post=32861"},{"taxonomy":"product_cat","embeddable":true,"href":"https:\/\/xstyle.md\/ro\/wp-json\/wp\/v2\/product_cat?post=32861"},{"taxonomy":"product_tag","embeddable":true,"href":"https:\/\/xstyle.md\/ro\/wp-json\/wp\/v2\/product_tag?post=32861"}],"curies":[{"name":"wp","href":"https:\/\/api.w.org\/{rel}","templated":true}]}}