{"id":32842,"date":"2021-04-30T12:59:03","date_gmt":"2021-04-30T09:59:03","guid":{"rendered":"https:\/\/xstyle.md\/?post_type=product&#038;p=32842"},"modified":"2025-07-03T18:22:04","modified_gmt":"2025-07-03T15:22:04","slug":"karabin-black-diamond-gridlock-screwgate","status":"publish","type":"product","link":"https:\/\/xstyle.md\/ro\/produs\/karabin-black-diamond-gridlock-screwgate\/","title":{"rendered":"Carabinier\u0103 Black Diamond Gridlock ScrewGate"},"content":{"rendered":"<\/p>\n<p><strong>Black Diamond Gridlock ScrewGate<\/strong> &#8212; un carabinier de siguran\u021b\u0103 fiabil realizat prin forjare la cald. Func\u021bia de izolare GridLock prinde intuitiv bucla de siguran\u021b\u0103. Acesta combin\u0103 siguran\u021ba maxim\u0103 \u0219i u\u0219urin\u021ba de utilizare cu un design inovator al carabinierului de siguran\u021b\u0103. Designul patentat izoleaz\u0103 protec\u021bia mecanismului de rapel \u0219i elimin\u0103 riscul de sarcini laterale. Dispozitivul este conceput pentru alpinism.<\/p>\n<h3>Particularit\u0103\u021bi<\/h3>\n<ul>\n<li>Carabin\u0103 realizat\u0103 prin forjare la cald<\/li>\n<li>Design inovator (dou\u0103 p\u00e2rghii magnetice \u0219i un &#171;spout&#187; cu inser\u021bie din o\u021bel pentru o siguran\u021b\u0103 suplimentar\u0103 \u0219i o \u00eenchidere lin\u0103)<\/li>\n<li>Gura cu blocare previne blocarea<\/li>\n<li>Poate fi deschis\/\u00eenchis cu o singur\u0103 m\u00e2n\u0103<\/li>\n<li>Forma unic\u0103 izoleaz\u0103 balama de siguran\u021b\u0103 pentru a elimina \u00eenc\u0103rcarea lateral\u0103<\/li>\n<li>Latura I-Beam este rotunjit\u0103 pentru a oferi o suprafa\u021b\u0103 de lucru cu deschidere optim\u0103 a fr\u00e2nghiei<\/li>\n<li>Conector de tip H sau HMS (pentru asigurare dinamic\u0103 cu ajutorul unui dispozitiv de prindere Munter Hitch sau al unui dispozitiv de asigurare)<\/li>\n<\/ul>\n<h3>\u00a0Caracteristici<\/h3>\n<ul>\n<li>Limita de sarcin\u0103 a dispozitivului \u00eenchis &#8212; 22 kN<\/li>\n<li>Sarcina limit\u0103 a dispozitivului deschis &#8212; 8 kN<\/li>\n<li>Sarcina pe osia mic\u0103 &#8212; 7 kN<\/li>\n<li>Deschidere &#8212; 21 mm<\/li>\n<li>Greutate &#8212; 76 g<\/li>\n<\/ul>\n<h3>Marca<\/h3>\n<p>Black Diamond este un produc\u0103tor american de echipament sportiv \u0219i turistic de \u00eenalt\u0103 tehnologie, un dezvoltator \u0219i &#171;revolu\u021bionar&#187; legendar, unul dintre cele mai renumite \u0219i reputate branduri existente ast\u0103zi pe pia\u021ba global\u0103 de outdoor. Produsele companiei sunt reprezentate pe scar\u0103 larg\u0103 \u00een domenii precum alpinismul \u0219i schiul. &#171;Fier&#187; \u0219i carabiniere, echipamente pentru ghea\u021b\u0103, sisteme de siguran\u021b\u0103, c\u0103\u0219ti, rucsacuri, corturi, lanterne, be\u021be telescopice, schiuri, bocanci, \u00eembr\u0103c\u0103minte &#8212; toate acestea, timp de multe decenii, au fost produse sub sigla Black Diamond, care reprezint\u0103 o tehnologie avansat\u0103 \u0219i este o garan\u021bie a celei mai \u00eenalte calit\u0103\u021bi, a fiabilit\u0103\u021bii maxime \u0219i a confortului \u00een utilizare.<\/p>\n<p><\/p>","protected":false},"excerpt":{"rendered":"<p>Carabinier\u0103 Black Diamond Gridlock ScrewGate<\/p>","protected":false},"featured_media":33587,"comment_status":"open","ping_status":"closed","template":"","meta":{"_acf_changed":false,"inline_featured_image":false},"product_brand":[1306],"product_cat":[158,159],"product_tag":[],"class_list":{"0":"post-32842","1":"product","2":"type-product","3":"status-publish","4":"has-post-thumbnail","6":"product_brand-black-diamond","7":"product_cat-connectors","8":"product_cat-carabiners","10":"first","11":"instock","12":"shipping-taxable","13":"purchasable","14":"product-type-simple"},"acf":[],"yoast_head":"<!-- This site is optimized with the Yoast SEO plugin v27.4 - https:\/\/yoast.com\/product\/yoast-seo-wordpress\/ -->\n<title>\u041a\u0430\u0440\u0430\u0431\u0438\u043d Black Diamond Gridlock ScrewGate - \u041c\u0430\u0433\u0430\u0437\u0438\u043d Xstyle<\/title>\n<meta name=\"description\" content=\"\u041a\u0430\u0440\u0430\u0431\u0438\u043d Black Diamond Gridlock ScrewGate \u2013 \u043d\u0430\u0434\u0435\u0436\u043d\u044b\u0439 \u0438 \u0431\u0435\u0437\u043e\u043f\u0430\u0441\u043d\u044b\u0439. \u0418\u043d\u043d\u043e\u0432\u0430\u0446\u0438\u043e\u043d\u043d\u044b\u0439 \u0434\u0438\u0437\u0430\u0439\u043d \u0438 \u0444\u0443\u043d\u043a\u0446\u0438\u044f GridLock \u043e\u0431\u0435\u0441\u043f\u0435\u0447\u0438\u0432\u0430\u044e\u0442 \u0437\u0430\u0449\u0438\u0442\u0443 \u0438 \u0443\u0434\u043e\u0431\u0441\u0442\u0432\u043e \u0432 \u0438\u0441\u043f\u043e\u043b\u044c\u0437\u043e\u0432\u0430\u043d\u0438\u0438!\" \/>\n<meta name=\"robots\" content=\"index, follow, max-snippet:-1, max-image-preview:large, max-video-preview:-1\" \/>\n<link rel=\"canonical\" href=\"https:\/\/xstyle.md\/ro\/produs\/karabin-black-diamond-gridlock-screwgate\/\" \/>\n<meta property=\"og:locale\" content=\"ro_RO\" \/>\n<meta property=\"og:type\" content=\"article\" \/>\n<meta property=\"og:title\" content=\"\u041a\u0430\u0440\u0430\u0431\u0438\u043d Black Diamond Gridlock ScrewGate - \u041c\u0430\u0433\u0430\u0437\u0438\u043d Xstyle\" \/>\n<meta property=\"og:description\" content=\"\u041a\u0430\u0440\u0430\u0431\u0438\u043d Black Diamond Gridlock ScrewGate \u2013 \u043d\u0430\u0434\u0435\u0436\u043d\u044b\u0439 \u0438 \u0431\u0435\u0437\u043e\u043f\u0430\u0441\u043d\u044b\u0439. \u0418\u043d\u043d\u043e\u0432\u0430\u0446\u0438\u043e\u043d\u043d\u044b\u0439 \u0434\u0438\u0437\u0430\u0439\u043d \u0438 \u0444\u0443\u043d\u043a\u0446\u0438\u044f GridLock \u043e\u0431\u0435\u0441\u043f\u0435\u0447\u0438\u0432\u0430\u044e\u0442 \u0437\u0430\u0449\u0438\u0442\u0443 \u0438 \u0443\u0434\u043e\u0431\u0441\u0442\u0432\u043e \u0432 \u0438\u0441\u043f\u043e\u043b\u044c\u0437\u043e\u0432\u0430\u043d\u0438\u0438!\" \/>\n<meta property=\"og:url\" content=\"https:\/\/xstyle.md\/ro\/produs\/karabin-black-diamond-gridlock-screwgate\/\" \/>\n<meta property=\"og:site_name\" content=\"\u041c\u0430\u0433\u0430\u0437\u0438\u043d Xstyle\" \/>\n<meta property=\"article:publisher\" content=\"https:\/\/www.facebook.com\/xstylemd\" \/>\n<meta property=\"article:modified_time\" content=\"2025-07-03T15:22:04+00:00\" \/>\n<meta property=\"og:image\" content=\"https:\/\/xstyle.md\/wp-content\/uploads\/2021\/04\/karabin-black-diamond-gridlock-screwgate.jpg\" \/>\n\t<meta property=\"og:image:width\" content=\"1000\" \/>\n\t<meta property=\"og:image:height\" content=\"1000\" \/>\n\t<meta property=\"og:image:type\" content=\"image\/jpeg\" \/>\n<meta name=\"twitter:card\" content=\"summary_large_image\" \/>\n<meta name=\"twitter:label1\" content=\"Pre\u021b\" \/>\n\t<meta name=\"twitter:data1\" content=\"510&nbsp;MDL\" \/>\n\t<meta name=\"twitter:label2\" content=\"Disponibilitate\" \/>\n\t<meta name=\"twitter:data2\" content=\"\u00cen stoc\" \/>\n<script type=\"application\/ld+json\" class=\"yoast-schema-graph\">{\"@context\":\"https:\\\/\\\/schema.org\",\"@graph\":[{\"@type\":\"WebPage\",\"@id\":\"https:\\\/\\\/xstyle.md\\\/product\\\/karabin-black-diamond-gridlock-screwgate\\\/\",\"url\":\"https:\\\/\\\/xstyle.md\\\/product\\\/karabin-black-diamond-gridlock-screwgate\\\/\",\"name\":\"\u041a\u0430\u0440\u0430\u0431\u0438\u043d Black Diamond Gridlock ScrewGate - \u041c\u0430\u0433\u0430\u0437\u0438\u043d Xstyle\",\"isPartOf\":{\"@id\":\"https:\\\/\\\/xstyle.md\\\/#website\"},\"primaryImageOfPage\":{\"@id\":\"https:\\\/\\\/xstyle.md\\\/product\\\/karabin-black-diamond-gridlock-screwgate\\\/#primaryimage\"},\"image\":{\"@id\":\"https:\\\/\\\/xstyle.md\\\/product\\\/karabin-black-diamond-gridlock-screwgate\\\/#primaryimage\"},\"thumbnailUrl\":\"https:\\\/\\\/xstyle.md\\\/wp-content\\\/uploads\\\/2021\\\/04\\\/karabin-black-diamond-gridlock-screwgate.jpg\",\"datePublished\":\"2021-04-30T09:59:03+00:00\",\"dateModified\":\"2025-07-03T15:22:04+00:00\",\"description\":\"\u041a\u0430\u0440\u0430\u0431\u0438\u043d Black Diamond Gridlock ScrewGate \u2013 \u043d\u0430\u0434\u0435\u0436\u043d\u044b\u0439 \u0438 \u0431\u0435\u0437\u043e\u043f\u0430\u0441\u043d\u044b\u0439. \u0418\u043d\u043d\u043e\u0432\u0430\u0446\u0438\u043e\u043d\u043d\u044b\u0439 \u0434\u0438\u0437\u0430\u0439\u043d \u0438 \u0444\u0443\u043d\u043a\u0446\u0438\u044f GridLock \u043e\u0431\u0435\u0441\u043f\u0435\u0447\u0438\u0432\u0430\u044e\u0442 \u0437\u0430\u0449\u0438\u0442\u0443 \u0438 \u0443\u0434\u043e\u0431\u0441\u0442\u0432\u043e \u0432 \u0438\u0441\u043f\u043e\u043b\u044c\u0437\u043e\u0432\u0430\u043d\u0438\u0438!\",\"breadcrumb\":{\"@id\":\"https:\\\/\\\/xstyle.md\\\/product\\\/karabin-black-diamond-gridlock-screwgate\\\/#breadcrumb\"},\"inLanguage\":\"ro-RO\",\"potentialAction\":[{\"@type\":\"ReadAction\",\"target\":[\"https:\\\/\\\/xstyle.md\\\/product\\\/karabin-black-diamond-gridlock-screwgate\\\/\"]}]},{\"@type\":\"ImageObject\",\"inLanguage\":\"ro-RO\",\"@id\":\"https:\\\/\\\/xstyle.md\\\/product\\\/karabin-black-diamond-gridlock-screwgate\\\/#primaryimage\",\"url\":\"https:\\\/\\\/xstyle.md\\\/wp-content\\\/uploads\\\/2021\\\/04\\\/karabin-black-diamond-gridlock-screwgate.jpg\",\"contentUrl\":\"https:\\\/\\\/xstyle.md\\\/wp-content\\\/uploads\\\/2021\\\/04\\\/karabin-black-diamond-gridlock-screwgate.jpg\",\"width\":1000,\"height\":1000,\"caption\":\"\u041a\u0430\u0440\u0430\u0431\u0438\u043d Black Diamond Gridlock ScrewGate \u0434\u043b\u044f \u0430\u043a\u0442\u0438\u0432\u043d\u043e\u0433\u043e \u043e\u0442\u0434\u044b\u0445\u0430, \u0441\u043f\u043e\u0440\u0442\u0438\u0432\u043d\u043e\u0439 \u043e\u0434\u0435\u0436\u0434\u044b, \u043e\u0431\u0443\u0432\u0438 \u0438 \u0441\u043d\u0430\u0440\u044f\u0436\u0435\u043d\u0438\u044f \u0434\u043b\u044f \u0442\u0443\u0440\u0438\u0437\u043c\u0430, \u043a\u0435\u043c\u043f\u0438\u043d\u0433\u0430 \u0438 \u0430\u043b\u044c\u043f\u0438\u043d\u0438\u0437\u043c\u0430 \u0432 \u043c\u0430\u0433\u0430\u0437\u0438\u043d\u0435 \u043e\u043d\u043b\u0430\u0439\u043d\"},{\"@type\":\"BreadcrumbList\",\"@id\":\"https:\\\/\\\/xstyle.md\\\/product\\\/karabin-black-diamond-gridlock-screwgate\\\/#breadcrumb\",\"itemListElement\":[{\"@type\":\"ListItem\",\"position\":1,\"name\":\"\u0413\u043b\u0430\u0432\u043d\u0430\u044f \u0441\u0442\u0440\u0430\u043d\u0438\u0446\u0430\",\"item\":\"https:\\\/\\\/xstyle.md\\\/\"},{\"@type\":\"ListItem\",\"position\":2,\"name\":\"\u041c\u0430\u0433\u0430\u0437\u0438\u043d\",\"item\":\"https:\\\/\\\/xstyle.md\\\/shop\\\/\"},{\"@type\":\"ListItem\",\"position\":3,\"name\":\"\u041a\u0430\u0440\u0430\u0431\u0438\u043d Black Diamond Gridlock ScrewGate\"}]},{\"@type\":\"WebSite\",\"@id\":\"https:\\\/\\\/xstyle.md\\\/#website\",\"url\":\"https:\\\/\\\/xstyle.md\\\/\",\"name\":\"\u041c\u0430\u0433\u0430\u0437\u0438\u043d Xstyle\",\"description\":\"C\u043d\u0430\u0440\u044f\u0436\u0435\u043d\u0438\u0435 \u0434\u043b\u044f \u0442\u0443\u0440\u0438\u0437\u043c\u0430 \u0438 \u044d\u043a\u0441\u0442\u0440\u0435\u043c\u0430\u043b\u044c\u043d\u044b\u0445 \u0432\u0438\u0434\u043e\u0432 \u0441\u043f\u043e\u0440\u0442\u0430 \u0432 \u041c\u043e\u043b\u0434\u043e\u0432\u0435.. \u0426\u0435\u043d\u044b, \u0444\u043e\u0442\u043e, \u0445\u0430\u0440\u0430\u043a\u0442\u0435\u0440\u0438\u0441\u0442\u0438\u043a\u0438 \u0432 \u041c\u043e\u043b\u0434\u043e\u0432\u0435.\",\"publisher\":{\"@id\":\"https:\\\/\\\/xstyle.md\\\/#organization\"},\"alternateName\":\"X-Style\",\"potentialAction\":[{\"@type\":\"SearchAction\",\"target\":{\"@type\":\"EntryPoint\",\"urlTemplate\":\"https:\\\/\\\/xstyle.md\\\/?s={search_term_string}\"},\"query-input\":{\"@type\":\"PropertyValueSpecification\",\"valueRequired\":true,\"valueName\":\"search_term_string\"}}],\"inLanguage\":\"ro-RO\"},{\"@type\":\"Organization\",\"@id\":\"https:\\\/\\\/xstyle.md\\\/#organization\",\"name\":\"\u041c\u0430\u0433\u0430\u0437\u0438\u043d Xstyle\",\"alternateName\":\"x-style\",\"url\":\"https:\\\/\\\/xstyle.md\\\/\",\"logo\":{\"@type\":\"ImageObject\",\"inLanguage\":\"ro-RO\",\"@id\":\"https:\\\/\\\/xstyle.md\\\/#\\\/schema\\\/logo\\\/image\\\/\",\"url\":\"https:\\\/\\\/xstyle.md\\\/wp-content\\\/uploads\\\/2020\\\/06\\\/logoicon.svg\",\"contentUrl\":\"https:\\\/\\\/xstyle.md\\\/wp-content\\\/uploads\\\/2020\\\/06\\\/logoicon.svg\",\"caption\":\"\u041c\u0430\u0433\u0430\u0437\u0438\u043d Xstyle\"},\"image\":{\"@id\":\"https:\\\/\\\/xstyle.md\\\/#\\\/schema\\\/logo\\\/image\\\/\"},\"sameAs\":[\"https:\\\/\\\/www.facebook.com\\\/xstylemd\",\"https:\\\/\\\/www.instagram.com\\\/xstyle_md\\\/\",\"https:\\\/\\\/t.me\\\/xstyle_outdoor\"],\"hasMerchantReturnPolicy\":{\"@type\":\"MerchantReturnPolicy\",\"merchantReturnLink\":\"https:\\\/\\\/xstyle.md\\\/ro\\\/conditions\\\/\"}}]}<\/script>\n<meta property=\"product:price:amount\" content=\"510.00\" \/>\n<meta property=\"product:price:currency\" content=\"MDL\" \/>\n<meta property=\"og:availability\" content=\"instock\" \/>\n<meta property=\"product:availability\" content=\"instock\" \/>\n<meta property=\"product:retailer_item_id\" content=\"793661287124\" \/>\n<meta property=\"product:condition\" content=\"new\" \/>\n<!-- \/ Yoast SEO plugin. -->","yoast_head_json":{"title":"Carabin\u0103 Black Diamond Gridlock ScrewGate - Magazin Xstyle","description":"Carabinierul Black Diamond Gridlock ScrewGate \u2013 fiabil \u0219i sigur. Designul inovator \u0219i func\u021bia GridLock asigur\u0103 protec\u021bie \u0219i confort \u00een utilizare!","robots":{"index":"index","follow":"follow","max-snippet":"max-snippet:-1","max-image-preview":"max-image-preview:large","max-video-preview":"max-video-preview:-1"},"canonical":"https:\/\/xstyle.md\/ro\/produs\/karabin-black-diamond-gridlock-screwgate\/","og_locale":"ro_RO","og_type":"article","og_title":"\u041a\u0430\u0440\u0430\u0431\u0438\u043d Black Diamond Gridlock ScrewGate - \u041c\u0430\u0433\u0430\u0437\u0438\u043d Xstyle","og_description":"\u041a\u0430\u0440\u0430\u0431\u0438\u043d Black Diamond Gridlock ScrewGate \u2013 \u043d\u0430\u0434\u0435\u0436\u043d\u044b\u0439 \u0438 \u0431\u0435\u0437\u043e\u043f\u0430\u0441\u043d\u044b\u0439. \u0418\u043d\u043d\u043e\u0432\u0430\u0446\u0438\u043e\u043d\u043d\u044b\u0439 \u0434\u0438\u0437\u0430\u0439\u043d \u0438 \u0444\u0443\u043d\u043a\u0446\u0438\u044f GridLock \u043e\u0431\u0435\u0441\u043f\u0435\u0447\u0438\u0432\u0430\u044e\u0442 \u0437\u0430\u0449\u0438\u0442\u0443 \u0438 \u0443\u0434\u043e\u0431\u0441\u0442\u0432\u043e \u0432 \u0438\u0441\u043f\u043e\u043b\u044c\u0437\u043e\u0432\u0430\u043d\u0438\u0438!","og_url":"https:\/\/xstyle.md\/ro\/produs\/karabin-black-diamond-gridlock-screwgate\/","og_site_name":"\u041c\u0430\u0433\u0430\u0437\u0438\u043d Xstyle","article_publisher":"https:\/\/www.facebook.com\/xstylemd","article_modified_time":"2025-07-03T15:22:04+00:00","og_image":[{"width":1000,"height":1000,"url":"https:\/\/xstyle.md\/wp-content\/uploads\/2021\/04\/karabin-black-diamond-gridlock-screwgate.jpg","type":"image\/jpeg"}],"twitter_card":"summary_large_image","twitter_misc":{"Pre\u021b":"510&nbsp;MDL","Disponibilitate":"\u00cen stoc"},"schema":{"@context":"https:\/\/schema.org","@graph":[{"@type":"WebPage","@id":"https:\/\/xstyle.md\/product\/karabin-black-diamond-gridlock-screwgate\/","url":"https:\/\/xstyle.md\/product\/karabin-black-diamond-gridlock-screwgate\/","name":"Carabin\u0103 Black Diamond Gridlock ScrewGate - Magazin Xstyle","isPartOf":{"@id":"https:\/\/xstyle.md\/#website"},"primaryImageOfPage":{"@id":"https:\/\/xstyle.md\/product\/karabin-black-diamond-gridlock-screwgate\/#primaryimage"},"image":{"@id":"https:\/\/xstyle.md\/product\/karabin-black-diamond-gridlock-screwgate\/#primaryimage"},"thumbnailUrl":"https:\/\/xstyle.md\/wp-content\/uploads\/2021\/04\/karabin-black-diamond-gridlock-screwgate.jpg","datePublished":"2021-04-30T09:59:03+00:00","dateModified":"2025-07-03T15:22:04+00:00","description":"Carabinierul Black Diamond Gridlock ScrewGate \u2013 fiabil \u0219i sigur. Designul inovator \u0219i func\u021bia GridLock asigur\u0103 protec\u021bie \u0219i confort \u00een utilizare!","breadcrumb":{"@id":"https:\/\/xstyle.md\/product\/karabin-black-diamond-gridlock-screwgate\/#breadcrumb"},"inLanguage":"ro-RO","potentialAction":[{"@type":"ReadAction","target":["https:\/\/xstyle.md\/product\/karabin-black-diamond-gridlock-screwgate\/"]}]},{"@type":"ImageObject","inLanguage":"ro-RO","@id":"https:\/\/xstyle.md\/product\/karabin-black-diamond-gridlock-screwgate\/#primaryimage","url":"https:\/\/xstyle.md\/wp-content\/uploads\/2021\/04\/karabin-black-diamond-gridlock-screwgate.jpg","contentUrl":"https:\/\/xstyle.md\/wp-content\/uploads\/2021\/04\/karabin-black-diamond-gridlock-screwgate.jpg","width":1000,"height":1000,"caption":"\u041a\u0430\u0440\u0430\u0431\u0438\u043d Black Diamond Gridlock ScrewGate \u0434\u043b\u044f \u0430\u043a\u0442\u0438\u0432\u043d\u043e\u0433\u043e \u043e\u0442\u0434\u044b\u0445\u0430, \u0441\u043f\u043e\u0440\u0442\u0438\u0432\u043d\u043e\u0439 \u043e\u0434\u0435\u0436\u0434\u044b, \u043e\u0431\u0443\u0432\u0438 \u0438 \u0441\u043d\u0430\u0440\u044f\u0436\u0435\u043d\u0438\u044f \u0434\u043b\u044f \u0442\u0443\u0440\u0438\u0437\u043c\u0430, \u043a\u0435\u043c\u043f\u0438\u043d\u0433\u0430 \u0438 \u0430\u043b\u044c\u043f\u0438\u043d\u0438\u0437\u043c\u0430 \u0432 \u043c\u0430\u0433\u0430\u0437\u0438\u043d\u0435 \u043e\u043d\u043b\u0430\u0439\u043d"},{"@type":"BreadcrumbList","@id":"https:\/\/xstyle.md\/product\/karabin-black-diamond-gridlock-screwgate\/#breadcrumb","itemListElement":[{"@type":"ListItem","position":1,"name":"\u0413\u043b\u0430\u0432\u043d\u0430\u044f \u0441\u0442\u0440\u0430\u043d\u0438\u0446\u0430","item":"https:\/\/xstyle.md\/"},{"@type":"ListItem","position":2,"name":"\u041c\u0430\u0433\u0430\u0437\u0438\u043d","item":"https:\/\/xstyle.md\/shop\/"},{"@type":"ListItem","position":3,"name":"\u041a\u0430\u0440\u0430\u0431\u0438\u043d Black Diamond Gridlock ScrewGate"}]},{"@type":"WebSite","@id":"https:\/\/xstyle.md\/#website","url":"https:\/\/xstyle.md\/","name":"Magazinul X-Style","description":"Echipamente pentru turism \u0219i sporturi extreme \u00een Moldova. Pre\u021buri, fotografii, caracteristici \u00een Moldova.","publisher":{"@id":"https:\/\/xstyle.md\/#organization"},"alternateName":"X-Style","potentialAction":[{"@type":"SearchAction","target":{"@type":"EntryPoint","urlTemplate":"https:\/\/xstyle.md\/?s={search_term_string}"},"query-input":{"@type":"PropertyValueSpecification","valueRequired":true,"valueName":"search_term_string"}}],"inLanguage":"ro-RO"},{"@type":"Organization","@id":"https:\/\/xstyle.md\/#organization","name":"Magazinul X-Style","alternateName":"x-style","url":"https:\/\/xstyle.md\/","logo":{"@type":"ImageObject","inLanguage":"ro-RO","@id":"https:\/\/xstyle.md\/#\/schema\/logo\/image\/","url":"https:\/\/xstyle.md\/wp-content\/uploads\/2020\/06\/logoicon.svg","contentUrl":"https:\/\/xstyle.md\/wp-content\/uploads\/2020\/06\/logoicon.svg","caption":"\u041c\u0430\u0433\u0430\u0437\u0438\u043d Xstyle"},"image":{"@id":"https:\/\/xstyle.md\/#\/schema\/logo\/image\/"},"sameAs":["https:\/\/www.facebook.com\/xstylemd","https:\/\/www.instagram.com\/xstyle_md\/","https:\/\/t.me\/xstyle_outdoor"],"hasMerchantReturnPolicy":{"@type":"MerchantReturnPolicy","merchantReturnLink":"https:\/\/xstyle.md\/ro\/conditions\/"}}]},"product_price_amount":"510.00","product_price_currency":"MDL","og_availability":"instock","product_availability":"instock","product_retailer_item_id":"793661287124","product_condition":"new"},"_links":{"self":[{"href":"https:\/\/xstyle.md\/ro\/wp-json\/wp\/v2\/product\/32842","targetHints":{"allow":["GET"]}}],"collection":[{"href":"https:\/\/xstyle.md\/ro\/wp-json\/wp\/v2\/product"}],"about":[{"href":"https:\/\/xstyle.md\/ro\/wp-json\/wp\/v2\/types\/product"}],"replies":[{"embeddable":true,"href":"https:\/\/xstyle.md\/ro\/wp-json\/wp\/v2\/comments?post=32842"}],"wp:featuredmedia":[{"embeddable":true,"href":"https:\/\/xstyle.md\/ro\/wp-json\/wp\/v2\/media\/33587"}],"wp:attachment":[{"href":"https:\/\/xstyle.md\/ro\/wp-json\/wp\/v2\/media?parent=32842"}],"wp:term":[{"taxonomy":"product_brand","embeddable":true,"href":"https:\/\/xstyle.md\/ro\/wp-json\/wp\/v2\/product_brand?post=32842"},{"taxonomy":"product_cat","embeddable":true,"href":"https:\/\/xstyle.md\/ro\/wp-json\/wp\/v2\/product_cat?post=32842"},{"taxonomy":"product_tag","embeddable":true,"href":"https:\/\/xstyle.md\/ro\/wp-json\/wp\/v2\/product_tag?post=32842"}],"curies":[{"name":"wp","href":"https:\/\/api.w.org\/{rel}","templated":true}]}}