{"id":3270,"date":"2020-07-16T17:50:42","date_gmt":"2020-07-16T14:50:42","guid":{"rendered":"https:\/\/xstyle.md\/?post_type=product&#038;p=3270"},"modified":"2024-12-17T19:46:23","modified_gmt":"2024-12-17T16:46:23","slug":"chehol-dlja-nozhej-victorinox","status":"publish","type":"product","link":"https:\/\/xstyle.md\/ro\/produs\/chehol-dlja-nozhej-victorinox\/","title":{"rendered":"Hus\u0103 cu\u021bite Victorinox 4.0822.4 haki"},"content":{"rendered":"<\/p>\n<p><strong>Hus\u0103 pentru cu\u021bite Victorinox 4.0822.4 haki<\/strong> teac\u0103 vertical\u0103 de culoare kaki, rezistent\u0103 \u0219i practic\u0103, pentru a fi purtat\u0103 la curea. Potrivit\u0103 pentru cu\u021bitele elve\u021biene Victorinoch 111 mm cu blocare a grosimii p\u00e2n\u0103 la 4 niveluri \u0219i Swiss Tool Spirit.<\/p>\n<p>Cu aceast\u0103 hus\u0103 nu trebuie s\u0103 v\u0103 face\u021bi griji cu privire la siguran\u021ba uneltei dvs. preferate de la Victorinox Multitool. Aceasta v\u0103 va proteja unealta de praf, murd\u0103rie \u0219i precipita\u021bii. V\u0103 va ajuta atunci c\u00e2nd \u00eel transporta\u021bi. Prin ag\u0103\u021barea ei la centur\u0103, pute\u021bi fi sigur c\u0103 ve\u021bi putea s\u0103 v\u0103 folosi\u021bi multitoolul atunci c\u00e2nd ave\u021bi nevoie de el.<\/p>\n<p>Iar calitatea produselor Victorinox este de necontestat. Geanta v\u0103 va servi timp de mul\u021bi ani.<\/p>\n<h3>Particularit\u0103\u021bi<\/h3>\n<p>Compatibil cu aceste modele de cu\u021bite:<\/p>\n<ul>\n<li>&#171;Pocket Multi Tools lock-blade&#187;, 111 mm.<\/li>\n<li>&#171;Servicii unelte de buzunar&#187;, 111 mm.<\/li>\n<li>Victorinox Hunter Pro 0.9410.3.<\/li>\n<\/ul>\n<h3>Caracteristici<\/h3>\n<ul>\n<li>Material &#8212; nailon<\/li>\n<li>Dimensiune: 12,1 x 3,2 cm<\/li>\n<li>Greutate: 40g<\/li>\n<\/ul>\n<h3>Marca<\/h3>\n<p>Victorinox produce \u0219i vinde produse unice, de \u00eenalt\u0103 calitate, pentru diverse domenii ale vie\u021bii. Gama include cu\u021bite elve\u021biene, cu\u021bite de buc\u0103t\u0103rie \u0219i tac\u00e2muri, ceasuri, echipamente de c\u0103l\u0103torie \u0219i parfumuri. Sediul central al companiei este situat \u00een inima Elve\u021biei &#8212; \u00een ora\u0219ul Ibach (districtul Schwyz). Aici, fondatorul companiei, Karl Elsener, \u0219i-a \u00eenceput afacerea de fabricare a cu\u021bitelor \u00een 1884, iar c\u00e2\u021biva ani mai t\u00e2rziu a dezvoltat legendarul cu\u021bit original al armatei elve\u021biene.<\/p>\n<p><\/p>","protected":false},"excerpt":{"rendered":"<p>Hus\u0103 cu\u021bite Victorinox 4.0822.4 haki<\/p>","protected":false},"featured_media":3269,"comment_status":"open","ping_status":"closed","template":"","meta":{"_acf_changed":false,"inline_featured_image":false},"product_brand":[1327],"product_cat":[428],"product_tag":[],"class_list":{"0":"post-3270","1":"product","2":"type-product","3":"status-publish","4":"has-post-thumbnail","6":"product_brand-victorinox","7":"product_cat-aksesuari-i-cehli","9":"first","10":"outofstock","11":"shipping-taxable","12":"product-type-simple"},"acf":[],"yoast_head":"<!-- This site is optimized with the Yoast SEO plugin v27.2 - https:\/\/yoast.com\/product\/yoast-seo-wordpress\/ -->\n<title>\u0427\u0435\u0445\u043e\u043b \u0434\u043b\u044f \u043d\u043e\u0436\u0435\u0439 Victorinox 4.0822.4 haki - \u041c\u0430\u0433\u0430\u0437\u0438\u043d Xstyle<\/title>\n<meta name=\"description\" content=\"\u0427\u0435\u0445\u043e\u043b \u0434\u043b\u044f \u043d\u043e\u0436\u0435\u0439 Victorinox 408224 haki \u2013 \u043f\u0440\u0430\u043a\u0442\u0438\u0447\u043d\u0430\u044f \u0432\u0435\u0440\u0442\u0438\u043a\u0430\u043b\u044c\u043d\u0430\u044f \u0442\u0435\u0446\u0430 \u0434\u043b\u044f \u043d\u043e\u0436\u0435\u0439 \u0434\u043b\u0438\u043d\u043e\u0439 111 \u043c\u043c. \u0423\u0434\u043e\u0431\u043d\u043e \u043d\u043e\u0441\u0438\u0442\u044c \u043d\u0430 \u043f\u043e\u044f\u0441\u0435, \u0438\u0434\u0435\u0430\u043b\u0435\u043d \u0434\u043b\u044f \u0430\u043a\u0442\u0438\u0432\u043d\u043e\u0433\u043e \u0438\u0441\u043f\u043e\u043b\u044c\u0437\u043e\u0432\u0430\u043d\u0438\u044f.\" \/>\n<meta name=\"robots\" content=\"index, follow, max-snippet:-1, max-image-preview:large, max-video-preview:-1\" \/>\n<link rel=\"canonical\" href=\"https:\/\/xstyle.md\/ro\/produs\/chehol-dlja-nozhej-victorinox\/\" \/>\n<meta property=\"og:locale\" content=\"ro_RO\" \/>\n<meta property=\"og:type\" content=\"article\" \/>\n<meta property=\"og:title\" content=\"\u0427\u0435\u0445\u043e\u043b \u0434\u043b\u044f \u043d\u043e\u0436\u0435\u0439 Victorinox 4.0822.4 haki - \u041c\u0430\u0433\u0430\u0437\u0438\u043d Xstyle\" \/>\n<meta property=\"og:description\" content=\"\u0427\u0435\u0445\u043e\u043b \u0434\u043b\u044f \u043d\u043e\u0436\u0435\u0439 Victorinox 408224 haki \u2013 \u043f\u0440\u0430\u043a\u0442\u0438\u0447\u043d\u0430\u044f \u0432\u0435\u0440\u0442\u0438\u043a\u0430\u043b\u044c\u043d\u0430\u044f \u0442\u0435\u0446\u0430 \u0434\u043b\u044f \u043d\u043e\u0436\u0435\u0439 \u0434\u043b\u0438\u043d\u043e\u0439 111 \u043c\u043c. \u0423\u0434\u043e\u0431\u043d\u043e \u043d\u043e\u0441\u0438\u0442\u044c \u043d\u0430 \u043f\u043e\u044f\u0441\u0435, \u0438\u0434\u0435\u0430\u043b\u0435\u043d \u0434\u043b\u044f \u0430\u043a\u0442\u0438\u0432\u043d\u043e\u0433\u043e \u0438\u0441\u043f\u043e\u043b\u044c\u0437\u043e\u0432\u0430\u043d\u0438\u044f.\" \/>\n<meta property=\"og:url\" content=\"https:\/\/xstyle.md\/ro\/produs\/chehol-dlja-nozhej-victorinox\/\" \/>\n<meta property=\"og:site_name\" content=\"\u041c\u0430\u0433\u0430\u0437\u0438\u043d Xstyle\" \/>\n<meta property=\"article:publisher\" content=\"https:\/\/www.facebook.com\/xstylemd\" \/>\n<meta property=\"article:modified_time\" content=\"2024-12-17T16:46:23+00:00\" \/>\n<meta property=\"og:image\" content=\"https:\/\/xstyle.md\/wp-content\/uploads\/2020\/07\/4_0822.jpg\" \/>\n\t<meta property=\"og:image:width\" content=\"250\" \/>\n\t<meta property=\"og:image:height\" content=\"486\" \/>\n\t<meta property=\"og:image:type\" content=\"image\/jpeg\" \/>\n<meta name=\"twitter:card\" content=\"summary_large_image\" \/>\n<meta name=\"twitter:label1\" content=\"Pre\u021b\" \/>\n\t<meta name=\"twitter:data1\" content=\"470&nbsp;MDL\" \/>\n\t<meta name=\"twitter:label2\" content=\"Disponibilitate\" \/>\n\t<meta name=\"twitter:data2\" content=\"Stoc epuizat\" \/>\n<script type=\"application\/ld+json\" class=\"yoast-schema-graph\">{\"@context\":\"https:\/\/schema.org\",\"@graph\":[{\"@type\":\"WebPage\",\"@id\":\"https:\/\/xstyle.md\/product\/chehol-dlja-nozhej-victorinox\/\",\"url\":\"https:\/\/xstyle.md\/product\/chehol-dlja-nozhej-victorinox\/\",\"name\":\"\u0427\u0435\u0445\u043e\u043b \u0434\u043b\u044f \u043d\u043e\u0436\u0435\u0439 Victorinox 4.0822.4 haki - \u041c\u0430\u0433\u0430\u0437\u0438\u043d Xstyle\",\"isPartOf\":{\"@id\":\"https:\/\/xstyle.md\/#website\"},\"primaryImageOfPage\":{\"@id\":\"https:\/\/xstyle.md\/product\/chehol-dlja-nozhej-victorinox\/#primaryimage\"},\"image\":{\"@id\":\"https:\/\/xstyle.md\/product\/chehol-dlja-nozhej-victorinox\/#primaryimage\"},\"thumbnailUrl\":\"https:\/\/xstyle.md\/wp-content\/uploads\/2020\/07\/4_0822.jpg\",\"datePublished\":\"2020-07-16T14:50:42+00:00\",\"dateModified\":\"2024-12-17T16:46:23+00:00\",\"description\":\"\u0427\u0435\u0445\u043e\u043b \u0434\u043b\u044f \u043d\u043e\u0436\u0435\u0439 Victorinox 408224 haki \u2013 \u043f\u0440\u0430\u043a\u0442\u0438\u0447\u043d\u0430\u044f \u0432\u0435\u0440\u0442\u0438\u043a\u0430\u043b\u044c\u043d\u0430\u044f \u0442\u0435\u0446\u0430 \u0434\u043b\u044f \u043d\u043e\u0436\u0435\u0439 \u0434\u043b\u0438\u043d\u043e\u0439 111 \u043c\u043c. \u0423\u0434\u043e\u0431\u043d\u043e \u043d\u043e\u0441\u0438\u0442\u044c \u043d\u0430 \u043f\u043e\u044f\u0441\u0435, \u0438\u0434\u0435\u0430\u043b\u0435\u043d \u0434\u043b\u044f \u0430\u043a\u0442\u0438\u0432\u043d\u043e\u0433\u043e \u0438\u0441\u043f\u043e\u043b\u044c\u0437\u043e\u0432\u0430\u043d\u0438\u044f.\",\"breadcrumb\":{\"@id\":\"https:\/\/xstyle.md\/product\/chehol-dlja-nozhej-victorinox\/#breadcrumb\"},\"inLanguage\":\"ro-RO\",\"potentialAction\":[{\"@type\":\"ReadAction\",\"target\":[\"https:\/\/xstyle.md\/product\/chehol-dlja-nozhej-victorinox\/\"]}]},{\"@type\":\"ImageObject\",\"inLanguage\":\"ro-RO\",\"@id\":\"https:\/\/xstyle.md\/product\/chehol-dlja-nozhej-victorinox\/#primaryimage\",\"url\":\"https:\/\/xstyle.md\/wp-content\/uploads\/2020\/07\/4_0822.jpg\",\"contentUrl\":\"https:\/\/xstyle.md\/wp-content\/uploads\/2020\/07\/4_0822.jpg\",\"width\":250,\"height\":486},{\"@type\":\"BreadcrumbList\",\"@id\":\"https:\/\/xstyle.md\/product\/chehol-dlja-nozhej-victorinox\/#breadcrumb\",\"itemListElement\":[{\"@type\":\"ListItem\",\"position\":1,\"name\":\"\u0413\u043b\u0430\u0432\u043d\u0430\u044f \u0441\u0442\u0440\u0430\u043d\u0438\u0446\u0430\",\"item\":\"https:\/\/xstyle.md\/\"},{\"@type\":\"ListItem\",\"position\":2,\"name\":\"\u041c\u0430\u0433\u0430\u0437\u0438\u043d\",\"item\":\"https:\/\/xstyle.md\/shop\/\"},{\"@type\":\"ListItem\",\"position\":3,\"name\":\"\u0427\u0435\u0445\u043e\u043b \u0434\u043b\u044f \u043d\u043e\u0436\u0435\u0439 Victorinox 4.0822.4 haki\"}]},{\"@type\":\"WebSite\",\"@id\":\"https:\/\/xstyle.md\/#website\",\"url\":\"https:\/\/xstyle.md\/\",\"name\":\"\u041c\u0430\u0433\u0430\u0437\u0438\u043d Xstyle\",\"description\":\"C\u043d\u0430\u0440\u044f\u0436\u0435\u043d\u0438\u0435 \u0434\u043b\u044f \u0442\u0443\u0440\u0438\u0437\u043c\u0430 \u0438 \u044d\u043a\u0441\u0442\u0440\u0435\u043c\u0430\u043b\u044c\u043d\u044b\u0445 \u0432\u0438\u0434\u043e\u0432 \u0441\u043f\u043e\u0440\u0442\u0430 \u0432 \u041c\u043e\u043b\u0434\u043e\u0432\u0435.. \u0426\u0435\u043d\u044b, \u0444\u043e\u0442\u043e, \u0445\u0430\u0440\u0430\u043a\u0442\u0435\u0440\u0438\u0441\u0442\u0438\u043a\u0438 \u0432 \u041c\u043e\u043b\u0434\u043e\u0432\u0435.\",\"publisher\":{\"@id\":\"https:\/\/xstyle.md\/#organization\"},\"alternateName\":\"X-Style\",\"potentialAction\":[{\"@type\":\"SearchAction\",\"target\":{\"@type\":\"EntryPoint\",\"urlTemplate\":\"https:\/\/xstyle.md\/?s={search_term_string}\"},\"query-input\":{\"@type\":\"PropertyValueSpecification\",\"valueRequired\":true,\"valueName\":\"search_term_string\"}}],\"inLanguage\":\"ro-RO\"},{\"@type\":\"Organization\",\"@id\":\"https:\/\/xstyle.md\/#organization\",\"name\":\"\u041c\u0430\u0433\u0430\u0437\u0438\u043d Xstyle\",\"alternateName\":\"x-style\",\"url\":\"https:\/\/xstyle.md\/\",\"logo\":{\"@type\":\"ImageObject\",\"inLanguage\":\"ro-RO\",\"@id\":\"https:\/\/xstyle.md\/#\/schema\/logo\/image\/\",\"url\":\"https:\/\/xstyle.md\/wp-content\/uploads\/2020\/06\/logoicon.svg\",\"contentUrl\":\"https:\/\/xstyle.md\/wp-content\/uploads\/2020\/06\/logoicon.svg\",\"caption\":\"\u041c\u0430\u0433\u0430\u0437\u0438\u043d Xstyle\"},\"image\":{\"@id\":\"https:\/\/xstyle.md\/#\/schema\/logo\/image\/\"},\"sameAs\":[\"https:\/\/www.facebook.com\/xstylemd\",\"https:\/\/www.instagram.com\/xstyle_md\/\",\"https:\/\/t.me\/xstyle_outdoor\"],\"hasMerchantReturnPolicy\":{\"@type\":\"MerchantReturnPolicy\",\"merchantReturnLink\":\"https:\/\/xstyle.md\/ro\/conditions\/\"}}]}<\/script>\n<meta property=\"product:price:amount\" content=\"470.00\" \/>\n<meta property=\"product:price:currency\" content=\"MDL\" \/>\n<meta property=\"og:availability\" content=\"out of stock\" \/>\n<meta property=\"product:availability\" content=\"out of stock\" \/>\n<meta property=\"product:retailer_item_id\" content=\"7611160042330\" \/>\n<meta property=\"product:condition\" content=\"new\" \/>\n<!-- \/ Yoast SEO plugin. -->","yoast_head_json":{"title":"Hus\u0103 pentru cu\u021bite Victorinox 4.0822.4 haki - Magazin Xstyle","description":"Husa pentru cu\u021bite Victorinox 408224 haki \u2013 o te\u021b\u0103 vertical\u0103 practic\u0103 pentru cu\u021bite cu o lungime de 111 mm. U\u0219or de purtat la br\u00e2u, ideal\u0103 pentru utilizare activ\u0103.","robots":{"index":"index","follow":"follow","max-snippet":"max-snippet:-1","max-image-preview":"max-image-preview:large","max-video-preview":"max-video-preview:-1"},"canonical":"https:\/\/xstyle.md\/ro\/produs\/chehol-dlja-nozhej-victorinox\/","og_locale":"ro_RO","og_type":"article","og_title":"\u0427\u0435\u0445\u043e\u043b \u0434\u043b\u044f \u043d\u043e\u0436\u0435\u0439 Victorinox 4.0822.4 haki - \u041c\u0430\u0433\u0430\u0437\u0438\u043d Xstyle","og_description":"\u0427\u0435\u0445\u043e\u043b \u0434\u043b\u044f \u043d\u043e\u0436\u0435\u0439 Victorinox 408224 haki \u2013 \u043f\u0440\u0430\u043a\u0442\u0438\u0447\u043d\u0430\u044f \u0432\u0435\u0440\u0442\u0438\u043a\u0430\u043b\u044c\u043d\u0430\u044f \u0442\u0435\u0446\u0430 \u0434\u043b\u044f \u043d\u043e\u0436\u0435\u0439 \u0434\u043b\u0438\u043d\u043e\u0439 111 \u043c\u043c. \u0423\u0434\u043e\u0431\u043d\u043e \u043d\u043e\u0441\u0438\u0442\u044c \u043d\u0430 \u043f\u043e\u044f\u0441\u0435, \u0438\u0434\u0435\u0430\u043b\u0435\u043d \u0434\u043b\u044f \u0430\u043a\u0442\u0438\u0432\u043d\u043e\u0433\u043e \u0438\u0441\u043f\u043e\u043b\u044c\u0437\u043e\u0432\u0430\u043d\u0438\u044f.","og_url":"https:\/\/xstyle.md\/ro\/produs\/chehol-dlja-nozhej-victorinox\/","og_site_name":"\u041c\u0430\u0433\u0430\u0437\u0438\u043d Xstyle","article_publisher":"https:\/\/www.facebook.com\/xstylemd","article_modified_time":"2024-12-17T16:46:23+00:00","og_image":[{"width":250,"height":486,"url":"https:\/\/xstyle.md\/wp-content\/uploads\/2020\/07\/4_0822.jpg","type":"image\/jpeg"}],"twitter_card":"summary_large_image","twitter_misc":{"Pre\u021b":"470&nbsp;MDL","Disponibilitate":"Stoc epuizat"},"schema":{"@context":"https:\/\/schema.org","@graph":[{"@type":"WebPage","@id":"https:\/\/xstyle.md\/product\/chehol-dlja-nozhej-victorinox\/","url":"https:\/\/xstyle.md\/product\/chehol-dlja-nozhej-victorinox\/","name":"Hus\u0103 pentru cu\u021bite Victorinox 4.0822.4 haki - Magazin Xstyle","isPartOf":{"@id":"https:\/\/xstyle.md\/#website"},"primaryImageOfPage":{"@id":"https:\/\/xstyle.md\/product\/chehol-dlja-nozhej-victorinox\/#primaryimage"},"image":{"@id":"https:\/\/xstyle.md\/product\/chehol-dlja-nozhej-victorinox\/#primaryimage"},"thumbnailUrl":"https:\/\/xstyle.md\/wp-content\/uploads\/2020\/07\/4_0822.jpg","datePublished":"2020-07-16T14:50:42+00:00","dateModified":"2024-12-17T16:46:23+00:00","description":"Husa pentru cu\u021bite Victorinox 408224 haki \u2013 o te\u021b\u0103 vertical\u0103 practic\u0103 pentru cu\u021bite cu o lungime de 111 mm. U\u0219or de purtat la br\u00e2u, ideal\u0103 pentru utilizare activ\u0103.","breadcrumb":{"@id":"https:\/\/xstyle.md\/product\/chehol-dlja-nozhej-victorinox\/#breadcrumb"},"inLanguage":"ro-RO","potentialAction":[{"@type":"ReadAction","target":["https:\/\/xstyle.md\/product\/chehol-dlja-nozhej-victorinox\/"]}]},{"@type":"ImageObject","inLanguage":"ro-RO","@id":"https:\/\/xstyle.md\/product\/chehol-dlja-nozhej-victorinox\/#primaryimage","url":"https:\/\/xstyle.md\/wp-content\/uploads\/2020\/07\/4_0822.jpg","contentUrl":"https:\/\/xstyle.md\/wp-content\/uploads\/2020\/07\/4_0822.jpg","width":250,"height":486},{"@type":"BreadcrumbList","@id":"https:\/\/xstyle.md\/product\/chehol-dlja-nozhej-victorinox\/#breadcrumb","itemListElement":[{"@type":"ListItem","position":1,"name":"\u0413\u043b\u0430\u0432\u043d\u0430\u044f \u0441\u0442\u0440\u0430\u043d\u0438\u0446\u0430","item":"https:\/\/xstyle.md\/"},{"@type":"ListItem","position":2,"name":"\u041c\u0430\u0433\u0430\u0437\u0438\u043d","item":"https:\/\/xstyle.md\/shop\/"},{"@type":"ListItem","position":3,"name":"\u0427\u0435\u0445\u043e\u043b \u0434\u043b\u044f \u043d\u043e\u0436\u0435\u0439 Victorinox 4.0822.4 haki"}]},{"@type":"WebSite","@id":"https:\/\/xstyle.md\/#website","url":"https:\/\/xstyle.md\/","name":"Magazinul X-Style","description":"Echipamente pentru turism \u0219i sporturi extreme \u00een Moldova. Pre\u021buri, fotografii, caracteristici \u00een Moldova.","publisher":{"@id":"https:\/\/xstyle.md\/#organization"},"alternateName":"X-Style","potentialAction":[{"@type":"SearchAction","target":{"@type":"EntryPoint","urlTemplate":"https:\/\/xstyle.md\/?s={search_term_string}"},"query-input":{"@type":"PropertyValueSpecification","valueRequired":true,"valueName":"search_term_string"}}],"inLanguage":"ro-RO"},{"@type":"Organization","@id":"https:\/\/xstyle.md\/#organization","name":"Magazinul X-Style","alternateName":"x-style","url":"https:\/\/xstyle.md\/","logo":{"@type":"ImageObject","inLanguage":"ro-RO","@id":"https:\/\/xstyle.md\/#\/schema\/logo\/image\/","url":"https:\/\/xstyle.md\/wp-content\/uploads\/2020\/06\/logoicon.svg","contentUrl":"https:\/\/xstyle.md\/wp-content\/uploads\/2020\/06\/logoicon.svg","caption":"\u041c\u0430\u0433\u0430\u0437\u0438\u043d Xstyle"},"image":{"@id":"https:\/\/xstyle.md\/#\/schema\/logo\/image\/"},"sameAs":["https:\/\/www.facebook.com\/xstylemd","https:\/\/www.instagram.com\/xstyle_md\/","https:\/\/t.me\/xstyle_outdoor"],"hasMerchantReturnPolicy":{"@type":"MerchantReturnPolicy","merchantReturnLink":"https:\/\/xstyle.md\/ro\/conditions\/"}}]},"product_price_amount":"470.00","product_price_currency":"MDL","og_availability":"out of stock","product_availability":"out of stock","product_retailer_item_id":"7611160042330","product_condition":"new"},"post_mailing_queue_ids":[],"_links":{"self":[{"href":"https:\/\/xstyle.md\/ro\/wp-json\/wp\/v2\/product\/3270","targetHints":{"allow":["GET"]}}],"collection":[{"href":"https:\/\/xstyle.md\/ro\/wp-json\/wp\/v2\/product"}],"about":[{"href":"https:\/\/xstyle.md\/ro\/wp-json\/wp\/v2\/types\/product"}],"replies":[{"embeddable":true,"href":"https:\/\/xstyle.md\/ro\/wp-json\/wp\/v2\/comments?post=3270"}],"wp:featuredmedia":[{"embeddable":true,"href":"https:\/\/xstyle.md\/ro\/wp-json\/wp\/v2\/media\/3269"}],"wp:attachment":[{"href":"https:\/\/xstyle.md\/ro\/wp-json\/wp\/v2\/media?parent=3270"}],"wp:term":[{"taxonomy":"product_brand","embeddable":true,"href":"https:\/\/xstyle.md\/ro\/wp-json\/wp\/v2\/product_brand?post=3270"},{"taxonomy":"product_cat","embeddable":true,"href":"https:\/\/xstyle.md\/ro\/wp-json\/wp\/v2\/product_cat?post=3270"},{"taxonomy":"product_tag","embeddable":true,"href":"https:\/\/xstyle.md\/ro\/wp-json\/wp\/v2\/product_tag?post=3270"}],"curies":[{"name":"wp","href":"https:\/\/api.w.org\/{rel}","templated":true}]}}