{"id":32663,"date":"2021-04-28T17:35:45","date_gmt":"2021-04-28T14:35:45","guid":{"rendered":"https:\/\/xstyle.md\/product\/panama-outdoor-research-solstice-sun-bucket\/"},"modified":"2024-10-20T00:12:57","modified_gmt":"2024-10-19T21:12:57","slug":"panama-outdoor-research-solstice-sun-bucket","status":"publish","type":"product","link":"https:\/\/xstyle.md\/ro\/produs\/panama-outdoor-research-solstice-sun-bucket\/","title":{"rendered":"Panam\u0103 Outdoor Research Kids Solstice Sun Bucket glacier"},"content":{"rendered":"<p><strong>Outdoor Research Kids&#8217; Solstice Sun Bucket<\/strong> &#8212; \u0434\u0435\u0442\u0441\u043a\u0430\u044f \u043f\u0430\u043d\u0430\u043c\u0430 \u0437\u0430\u0449\u0438\u0442\u0438\u0442 \u0433\u043e\u043b\u043e\u0432\u0443 \u043e\u0442 \u0443\u043b\u044c\u0442\u0440\u0430\u0444\u0438\u043e\u043b\u0435\u0442\u0430, \u0430 \u043b\u0435\u0433\u043a\u0430\u044f \u0442\u043a\u0430\u043d\u044c \u0438 \u0432\u043f\u0438\u0442\u044b\u0432\u0430\u044e\u0449\u0430\u044f \u0432\u043b\u0430\u0433\u0443 \u043f\u043e\u043b\u043e\u0441\u043a\u0430 \u043f\u043e \u043f\u0435\u0440\u0438\u043c\u0435\u0442\u0440\u0443 \u0441\u043e\u0445\u0440\u0430\u043d\u044f\u0435\u0442 \u0435\u0435 \u0441\u0432\u0435\u0436\u0435\u0439 \u0432\u043d\u0435 \u0437\u0430\u0432\u0438\u0441\u0438\u043c\u043e\u0441\u0442\u0438 \u043e\u0442 \u0441\u0442\u0435\u043f\u0435\u043d\u0438 \u0430\u043a\u0442\u0438\u0432\u043d\u043e\u0441\u0442\u0438.<\/p>\n<h3>Particularit\u0103\u021bi<\/h3>\n<ul>\n<li>\u0417\u0430\u0449\u0438\u0442\u0430 \u043e\u0442 \u0443\u043b\u044c\u0442\u0440\u0430\u0444\u0438\u043e\u043b\u0435\u0442\u0430 UPF 30+<\/li>\n<li>\u0422\u043a\u0430\u043d\u044c \u0441 \u0437\u0430\u0449\u0438\u0442\u043e\u0439 \u043e\u0442 \u0440\u0430\u0437\u0440\u044b\u0432\u043e\u0432<\/li>\n<li>\u042f\u0440\u043a\u0438\u0439 \u0440\u0438\u0441\u0443\u043d\u043e\u043a<\/li>\n<li>\u041e\u0431\u043e\u0434\u043e\u043a \u0438\u0437 \u0432\u043b\u0430\u0433\u043e\u043e\u0442\u0432\u043e\u0434\u044f\u0449\u0435\u0439 \u0442\u043a\u0430\u043d\u0438 \u043f\u043e \u0432\u043d\u0443\u0442\u0440\u0435\u043d\u043d\u0435\u0439 \u0441\u0442\u043e\u0440\u043e\u043d\u0435<\/li>\n<li>\u041d\u0435\u0431\u043e\u043b\u044c\u0448\u0438\u0435 \u043e\u0442\u0432\u0435\u0440\u0441\u0442\u0438\u044f \u0434\u043b\u044f \u0432\u0435\u043d\u0442\u0438\u043b\u044f\u0446\u0438\u0438<\/li>\n<li>\u0428\u0438\u0440\u0438\u043d\u0430 \u043f\u043e\u043b\u044f 7\u0441\u043c<\/li>\n<\/ul>\n<h3>Caracteristici<\/h3>\n<ul>\n<li>\u041c\u0430\u0442\u0435\u0440\u0438\u0430\u043b \u2013 100% Supplex\u00ae \u043d\u0435\u0439\u043b\u043e\u043d<\/li>\n<li>\u0421\u0435\u0437\u043e\u043d \u2013 \u043b\u0435\u0442\u043e<\/li>\n<li>Model - pentru copii.<\/li>\n<\/ul>\n<h3>Marca<\/h3>\n<p>Outdoor Research\u00ae este o companie fondat\u0103 de alpinistul Ron Gregg \u00een anii 80 \u00een SUA, ca urmare a dorin\u021bei de a produce echipamente de cea mai \u00eenalt\u0103 calitate, care s\u0103 nu v\u0103 dezam\u0103geasc\u0103 sub nicio form\u0103. Outdoor Research\u00ae prezint\u0103 o gam\u0103 larg\u0103 de produse pentru sporturi extreme, odihne active \u0219i turism. Haine, rucsacuri \u0219i gen\u021bi, rezistente la stropire, la compresie \u0219i la ap\u0103, sisteme de depozitare \u0219i multe altele \u2014 totul pentru a v\u0103 sim\u021bi confortabil \u00een orice condi\u021bii climatice departe de cas\u0103.<\/p>","protected":false},"excerpt":{"rendered":"<p>\u041f\u0430\u043d\u0430\u043c\u0430 Outdoor Research Solstice Sun Bucket<\/p>","protected":false},"featured_media":72811,"comment_status":"open","ping_status":"closed","template":"","meta":{"_acf_changed":false,"inline_featured_image":false},"product_brand":[1328],"product_cat":[382],"product_tag":[],"class_list":{"0":"post-32663","1":"product","2":"type-product","3":"status-publish","4":"has-post-thumbnail","6":"product_brand-outdoor-research","7":"product_cat-hats","9":"first","10":"instock","11":"sale","12":"shipping-taxable","13":"purchasable","14":"product-type-simple"},"acf":[],"yoast_head":"<!-- This site is optimized with the Yoast SEO plugin v27.4 - https:\/\/yoast.com\/product\/yoast-seo-wordpress\/ -->\n<title>\u041f\u0430\u043d\u0430\u043c\u0430 Outdoor Research Kids Solstice Sun Bucket glacier - \u041c\u0430\u0433\u0430\u0437\u0438\u043d Xstyle<\/title>\n<meta name=\"description\" content=\"\u041f\u0430\u043d\u0430\u043c\u0430 Outdoor Research Kids Solstice: \u0437\u0430\u0449\u0438\u0442\u0430 \u043e\u0442 \u0441\u043e\u043b\u043d\u0446\u0430 UPF 30, \u043b\u0435\u0433\u043a\u0438\u0439 \u0438 \u043f\u0440\u043e\u0447\u043d\u044b\u0439 100% Supplex. \u0418\u0434\u0435\u0430\u043b\u044c\u043d\u043e \u0434\u043b\u044f \u0430\u043a\u0442\u0438\u0432\u043d\u044b\u0445 \u0434\u0435\u0442\u0441\u043a\u0438\u0445 \u043f\u0440\u043e\u0433\u0443\u043b\u043e\u043a!\" \/>\n<meta name=\"robots\" content=\"index, follow, max-snippet:-1, max-image-preview:large, max-video-preview:-1\" \/>\n<link rel=\"canonical\" href=\"https:\/\/xstyle.md\/ro\/produs\/panama-outdoor-research-solstice-sun-bucket\/\" \/>\n<meta property=\"og:locale\" content=\"ro_RO\" \/>\n<meta property=\"og:type\" content=\"article\" \/>\n<meta property=\"og:title\" content=\"\u041f\u0430\u043d\u0430\u043c\u0430 Outdoor Research Kids Solstice Sun Bucket glacier - \u041c\u0430\u0433\u0430\u0437\u0438\u043d Xstyle\" \/>\n<meta property=\"og:description\" content=\"\u041f\u0430\u043d\u0430\u043c\u0430 Outdoor Research Kids Solstice: \u0437\u0430\u0449\u0438\u0442\u0430 \u043e\u0442 \u0441\u043e\u043b\u043d\u0446\u0430 UPF 30, \u043b\u0435\u0433\u043a\u0438\u0439 \u0438 \u043f\u0440\u043e\u0447\u043d\u044b\u0439 100% Supplex. \u0418\u0434\u0435\u0430\u043b\u044c\u043d\u043e \u0434\u043b\u044f \u0430\u043a\u0442\u0438\u0432\u043d\u044b\u0445 \u0434\u0435\u0442\u0441\u043a\u0438\u0445 \u043f\u0440\u043e\u0433\u0443\u043b\u043e\u043a!\" \/>\n<meta property=\"og:url\" content=\"https:\/\/xstyle.md\/ro\/produs\/panama-outdoor-research-solstice-sun-bucket\/\" \/>\n<meta property=\"og:site_name\" content=\"\u041c\u0430\u0433\u0430\u0437\u0438\u043d Xstyle\" \/>\n<meta property=\"article:publisher\" content=\"https:\/\/www.facebook.com\/xstylemd\" \/>\n<meta property=\"article:modified_time\" content=\"2024-10-19T21:12:57+00:00\" \/>\n<meta property=\"og:image\" content=\"https:\/\/xstyle.md\/wp-content\/uploads\/2021\/04\/outdoor-research-solstice-sun-bucket-glacier.jpg\" \/>\n\t<meta property=\"og:image:width\" content=\"1461\" \/>\n\t<meta property=\"og:image:height\" content=\"1327\" \/>\n\t<meta property=\"og:image:type\" content=\"image\/jpeg\" \/>\n<meta name=\"twitter:card\" content=\"summary_large_image\" \/>\n<meta name=\"twitter:label1\" content=\"Pre\u021b\" \/>\n\t<meta name=\"twitter:data1\" content=\"277&nbsp;MDL\" \/>\n\t<meta name=\"twitter:label2\" content=\"Disponibilitate\" \/>\n\t<meta name=\"twitter:data2\" content=\"\u00cen stoc\" \/>\n<script type=\"application\/ld+json\" class=\"yoast-schema-graph\">{\"@context\":\"https:\\\/\\\/schema.org\",\"@graph\":[{\"@type\":\"WebPage\",\"@id\":\"https:\\\/\\\/xstyle.md\\\/product\\\/panama-outdoor-research-solstice-sun-bucket\\\/\",\"url\":\"https:\\\/\\\/xstyle.md\\\/product\\\/panama-outdoor-research-solstice-sun-bucket\\\/\",\"name\":\"\u041f\u0430\u043d\u0430\u043c\u0430 Outdoor Research Kids Solstice Sun Bucket glacier - \u041c\u0430\u0433\u0430\u0437\u0438\u043d Xstyle\",\"isPartOf\":{\"@id\":\"https:\\\/\\\/xstyle.md\\\/#website\"},\"primaryImageOfPage\":{\"@id\":\"https:\\\/\\\/xstyle.md\\\/product\\\/panama-outdoor-research-solstice-sun-bucket\\\/#primaryimage\"},\"image\":{\"@id\":\"https:\\\/\\\/xstyle.md\\\/product\\\/panama-outdoor-research-solstice-sun-bucket\\\/#primaryimage\"},\"thumbnailUrl\":\"https:\\\/\\\/xstyle.md\\\/wp-content\\\/uploads\\\/2021\\\/04\\\/outdoor-research-solstice-sun-bucket-glacier.jpg\",\"datePublished\":\"2021-04-28T14:35:45+00:00\",\"dateModified\":\"2024-10-19T21:12:57+00:00\",\"description\":\"\u041f\u0430\u043d\u0430\u043c\u0430 Outdoor Research Kids Solstice: \u0437\u0430\u0449\u0438\u0442\u0430 \u043e\u0442 \u0441\u043e\u043b\u043d\u0446\u0430 UPF 30, \u043b\u0435\u0433\u043a\u0438\u0439 \u0438 \u043f\u0440\u043e\u0447\u043d\u044b\u0439 100% Supplex. \u0418\u0434\u0435\u0430\u043b\u044c\u043d\u043e \u0434\u043b\u044f \u0430\u043a\u0442\u0438\u0432\u043d\u044b\u0445 \u0434\u0435\u0442\u0441\u043a\u0438\u0445 \u043f\u0440\u043e\u0433\u0443\u043b\u043e\u043a!\",\"breadcrumb\":{\"@id\":\"https:\\\/\\\/xstyle.md\\\/product\\\/panama-outdoor-research-solstice-sun-bucket\\\/#breadcrumb\"},\"inLanguage\":\"ro-RO\",\"potentialAction\":[{\"@type\":\"ReadAction\",\"target\":[\"https:\\\/\\\/xstyle.md\\\/product\\\/panama-outdoor-research-solstice-sun-bucket\\\/\"]}]},{\"@type\":\"ImageObject\",\"inLanguage\":\"ro-RO\",\"@id\":\"https:\\\/\\\/xstyle.md\\\/product\\\/panama-outdoor-research-solstice-sun-bucket\\\/#primaryimage\",\"url\":\"https:\\\/\\\/xstyle.md\\\/wp-content\\\/uploads\\\/2021\\\/04\\\/outdoor-research-solstice-sun-bucket-glacier.jpg\",\"contentUrl\":\"https:\\\/\\\/xstyle.md\\\/wp-content\\\/uploads\\\/2021\\\/04\\\/outdoor-research-solstice-sun-bucket-glacier.jpg\",\"width\":1461,\"height\":1327,\"caption\":\"\u0414\u0435\u0442\u0441\u043a\u0438\u0439 \u0448\u043b\u044f\u043f\u0430 \u0434\u043b\u044f \u0430\u043a\u0442\u0438\u0432\u043d\u043e\u0433\u043e \u043e\u0442\u0434\u044b\u0445\u0430 Outdoor Research Sun Bucket \u0434\u043b\u044f \u043f\u0443\u0442\u0435\u0448\u0435\u0441\u0442\u0432\u0438\u0439 \u043f\u043e\u0445\u043e\u0434\u043e\u0432 \u0438 \u0430\u043b\u044c\u043f\u0438\u043d\u0438\u0437\u043c\u0430 \u0432 \u0441\u0442\u0438\u043b\u0435 outdoor \u0434\u043b\u044f \u0430\u043a\u0442\u0438\u0432\u043d\u043e\u0439 \u0436\u0438\u0437\u043d\u0438 \u0438 \u0442\u0443\u0440\u0438\u0437\u043c\u0430\"},{\"@type\":\"BreadcrumbList\",\"@id\":\"https:\\\/\\\/xstyle.md\\\/product\\\/panama-outdoor-research-solstice-sun-bucket\\\/#breadcrumb\",\"itemListElement\":[{\"@type\":\"ListItem\",\"position\":1,\"name\":\"\u0413\u043b\u0430\u0432\u043d\u0430\u044f \u0441\u0442\u0440\u0430\u043d\u0438\u0446\u0430\",\"item\":\"https:\\\/\\\/xstyle.md\\\/\"},{\"@type\":\"ListItem\",\"position\":2,\"name\":\"\u041c\u0430\u0433\u0430\u0437\u0438\u043d\",\"item\":\"https:\\\/\\\/xstyle.md\\\/shop\\\/\"},{\"@type\":\"ListItem\",\"position\":3,\"name\":\"\u041f\u0430\u043d\u0430\u043c\u0430 Outdoor Research Kids Solstice Sun Bucket glacier\"}]},{\"@type\":\"WebSite\",\"@id\":\"https:\\\/\\\/xstyle.md\\\/#website\",\"url\":\"https:\\\/\\\/xstyle.md\\\/\",\"name\":\"\u041c\u0430\u0433\u0430\u0437\u0438\u043d Xstyle\",\"description\":\"C\u043d\u0430\u0440\u044f\u0436\u0435\u043d\u0438\u0435 \u0434\u043b\u044f \u0442\u0443\u0440\u0438\u0437\u043c\u0430 \u0438 \u044d\u043a\u0441\u0442\u0440\u0435\u043c\u0430\u043b\u044c\u043d\u044b\u0445 \u0432\u0438\u0434\u043e\u0432 \u0441\u043f\u043e\u0440\u0442\u0430 \u0432 \u041c\u043e\u043b\u0434\u043e\u0432\u0435.. \u0426\u0435\u043d\u044b, \u0444\u043e\u0442\u043e, \u0445\u0430\u0440\u0430\u043a\u0442\u0435\u0440\u0438\u0441\u0442\u0438\u043a\u0438 \u0432 \u041c\u043e\u043b\u0434\u043e\u0432\u0435.\",\"publisher\":{\"@id\":\"https:\\\/\\\/xstyle.md\\\/#organization\"},\"alternateName\":\"X-Style\",\"potentialAction\":[{\"@type\":\"SearchAction\",\"target\":{\"@type\":\"EntryPoint\",\"urlTemplate\":\"https:\\\/\\\/xstyle.md\\\/?s={search_term_string}\"},\"query-input\":{\"@type\":\"PropertyValueSpecification\",\"valueRequired\":true,\"valueName\":\"search_term_string\"}}],\"inLanguage\":\"ro-RO\"},{\"@type\":\"Organization\",\"@id\":\"https:\\\/\\\/xstyle.md\\\/#organization\",\"name\":\"\u041c\u0430\u0433\u0430\u0437\u0438\u043d Xstyle\",\"alternateName\":\"x-style\",\"url\":\"https:\\\/\\\/xstyle.md\\\/\",\"logo\":{\"@type\":\"ImageObject\",\"inLanguage\":\"ro-RO\",\"@id\":\"https:\\\/\\\/xstyle.md\\\/#\\\/schema\\\/logo\\\/image\\\/\",\"url\":\"https:\\\/\\\/xstyle.md\\\/wp-content\\\/uploads\\\/2020\\\/06\\\/logoicon.svg\",\"contentUrl\":\"https:\\\/\\\/xstyle.md\\\/wp-content\\\/uploads\\\/2020\\\/06\\\/logoicon.svg\",\"caption\":\"\u041c\u0430\u0433\u0430\u0437\u0438\u043d Xstyle\"},\"image\":{\"@id\":\"https:\\\/\\\/xstyle.md\\\/#\\\/schema\\\/logo\\\/image\\\/\"},\"sameAs\":[\"https:\\\/\\\/www.facebook.com\\\/xstylemd\",\"https:\\\/\\\/www.instagram.com\\\/xstyle_md\\\/\",\"https:\\\/\\\/t.me\\\/xstyle_outdoor\"],\"hasMerchantReturnPolicy\":{\"@type\":\"MerchantReturnPolicy\",\"merchantReturnLink\":\"https:\\\/\\\/xstyle.md\\\/ro\\\/conditions\\\/\"}}]}<\/script>\n<meta property=\"product:price:amount\" content=\"277.00\" \/>\n<meta property=\"product:price:currency\" content=\"MDL\" \/>\n<meta property=\"og:availability\" content=\"instock\" \/>\n<meta property=\"product:availability\" content=\"instock\" \/>\n<meta property=\"product:retailer_item_id\" content=\"727602360980\" \/>\n<meta property=\"product:condition\" content=\"new\" \/>\n<!-- \/ Yoast SEO plugin. -->","yoast_head_json":{"title":"\u041f\u0430\u043d\u0430\u043c\u0430 Outdoor Research Kids Solstice Sun Bucket glacier - \u041c\u0430\u0433\u0430\u0437\u0438\u043d Xstyle","description":"Panama Outdoor Research Kids Solstice: protec\u021bie solar\u0103 UPF 30, u\u0219or \u0219i durabil 100% Supplex. Ideal pentru plimb\u0103rile active ale copiilor!","robots":{"index":"index","follow":"follow","max-snippet":"max-snippet:-1","max-image-preview":"max-image-preview:large","max-video-preview":"max-video-preview:-1"},"canonical":"https:\/\/xstyle.md\/ro\/produs\/panama-outdoor-research-solstice-sun-bucket\/","og_locale":"ro_RO","og_type":"article","og_title":"\u041f\u0430\u043d\u0430\u043c\u0430 Outdoor Research Kids Solstice Sun Bucket glacier - \u041c\u0430\u0433\u0430\u0437\u0438\u043d Xstyle","og_description":"\u041f\u0430\u043d\u0430\u043c\u0430 Outdoor Research Kids Solstice: \u0437\u0430\u0449\u0438\u0442\u0430 \u043e\u0442 \u0441\u043e\u043b\u043d\u0446\u0430 UPF 30, \u043b\u0435\u0433\u043a\u0438\u0439 \u0438 \u043f\u0440\u043e\u0447\u043d\u044b\u0439 100% Supplex. \u0418\u0434\u0435\u0430\u043b\u044c\u043d\u043e \u0434\u043b\u044f \u0430\u043a\u0442\u0438\u0432\u043d\u044b\u0445 \u0434\u0435\u0442\u0441\u043a\u0438\u0445 \u043f\u0440\u043e\u0433\u0443\u043b\u043e\u043a!","og_url":"https:\/\/xstyle.md\/ro\/produs\/panama-outdoor-research-solstice-sun-bucket\/","og_site_name":"\u041c\u0430\u0433\u0430\u0437\u0438\u043d Xstyle","article_publisher":"https:\/\/www.facebook.com\/xstylemd","article_modified_time":"2024-10-19T21:12:57+00:00","og_image":[{"width":1461,"height":1327,"url":"https:\/\/xstyle.md\/wp-content\/uploads\/2021\/04\/outdoor-research-solstice-sun-bucket-glacier.jpg","type":"image\/jpeg"}],"twitter_card":"summary_large_image","twitter_misc":{"Pre\u021b":"277&nbsp;MDL","Disponibilitate":"\u00cen stoc"},"schema":{"@context":"https:\/\/schema.org","@graph":[{"@type":"WebPage","@id":"https:\/\/xstyle.md\/product\/panama-outdoor-research-solstice-sun-bucket\/","url":"https:\/\/xstyle.md\/product\/panama-outdoor-research-solstice-sun-bucket\/","name":"\u041f\u0430\u043d\u0430\u043c\u0430 Outdoor Research Kids Solstice Sun Bucket glacier - \u041c\u0430\u0433\u0430\u0437\u0438\u043d Xstyle","isPartOf":{"@id":"https:\/\/xstyle.md\/#website"},"primaryImageOfPage":{"@id":"https:\/\/xstyle.md\/product\/panama-outdoor-research-solstice-sun-bucket\/#primaryimage"},"image":{"@id":"https:\/\/xstyle.md\/product\/panama-outdoor-research-solstice-sun-bucket\/#primaryimage"},"thumbnailUrl":"https:\/\/xstyle.md\/wp-content\/uploads\/2021\/04\/outdoor-research-solstice-sun-bucket-glacier.jpg","datePublished":"2021-04-28T14:35:45+00:00","dateModified":"2024-10-19T21:12:57+00:00","description":"Panama Outdoor Research Kids Solstice: protec\u021bie solar\u0103 UPF 30, u\u0219or \u0219i durabil 100% Supplex. Ideal pentru plimb\u0103rile active ale copiilor!","breadcrumb":{"@id":"https:\/\/xstyle.md\/product\/panama-outdoor-research-solstice-sun-bucket\/#breadcrumb"},"inLanguage":"ro-RO","potentialAction":[{"@type":"ReadAction","target":["https:\/\/xstyle.md\/product\/panama-outdoor-research-solstice-sun-bucket\/"]}]},{"@type":"ImageObject","inLanguage":"ro-RO","@id":"https:\/\/xstyle.md\/product\/panama-outdoor-research-solstice-sun-bucket\/#primaryimage","url":"https:\/\/xstyle.md\/wp-content\/uploads\/2021\/04\/outdoor-research-solstice-sun-bucket-glacier.jpg","contentUrl":"https:\/\/xstyle.md\/wp-content\/uploads\/2021\/04\/outdoor-research-solstice-sun-bucket-glacier.jpg","width":1461,"height":1327,"caption":"\u0414\u0435\u0442\u0441\u043a\u0438\u0439 \u0448\u043b\u044f\u043f\u0430 \u0434\u043b\u044f \u0430\u043a\u0442\u0438\u0432\u043d\u043e\u0433\u043e \u043e\u0442\u0434\u044b\u0445\u0430 Outdoor Research Sun Bucket \u0434\u043b\u044f \u043f\u0443\u0442\u0435\u0448\u0435\u0441\u0442\u0432\u0438\u0439 \u043f\u043e\u0445\u043e\u0434\u043e\u0432 \u0438 \u0430\u043b\u044c\u043f\u0438\u043d\u0438\u0437\u043c\u0430 \u0432 \u0441\u0442\u0438\u043b\u0435 outdoor \u0434\u043b\u044f \u0430\u043a\u0442\u0438\u0432\u043d\u043e\u0439 \u0436\u0438\u0437\u043d\u0438 \u0438 \u0442\u0443\u0440\u0438\u0437\u043c\u0430"},{"@type":"BreadcrumbList","@id":"https:\/\/xstyle.md\/product\/panama-outdoor-research-solstice-sun-bucket\/#breadcrumb","itemListElement":[{"@type":"ListItem","position":1,"name":"\u0413\u043b\u0430\u0432\u043d\u0430\u044f \u0441\u0442\u0440\u0430\u043d\u0438\u0446\u0430","item":"https:\/\/xstyle.md\/"},{"@type":"ListItem","position":2,"name":"\u041c\u0430\u0433\u0430\u0437\u0438\u043d","item":"https:\/\/xstyle.md\/shop\/"},{"@type":"ListItem","position":3,"name":"\u041f\u0430\u043d\u0430\u043c\u0430 Outdoor Research Kids Solstice Sun Bucket glacier"}]},{"@type":"WebSite","@id":"https:\/\/xstyle.md\/#website","url":"https:\/\/xstyle.md\/","name":"Magazinul X-Style","description":"Echipamente pentru turism \u0219i sporturi extreme \u00een Moldova. Pre\u021buri, fotografii, caracteristici \u00een Moldova.","publisher":{"@id":"https:\/\/xstyle.md\/#organization"},"alternateName":"X-Style","potentialAction":[{"@type":"SearchAction","target":{"@type":"EntryPoint","urlTemplate":"https:\/\/xstyle.md\/?s={search_term_string}"},"query-input":{"@type":"PropertyValueSpecification","valueRequired":true,"valueName":"search_term_string"}}],"inLanguage":"ro-RO"},{"@type":"Organization","@id":"https:\/\/xstyle.md\/#organization","name":"Magazinul X-Style","alternateName":"x-style","url":"https:\/\/xstyle.md\/","logo":{"@type":"ImageObject","inLanguage":"ro-RO","@id":"https:\/\/xstyle.md\/#\/schema\/logo\/image\/","url":"https:\/\/xstyle.md\/wp-content\/uploads\/2020\/06\/logoicon.svg","contentUrl":"https:\/\/xstyle.md\/wp-content\/uploads\/2020\/06\/logoicon.svg","caption":"\u041c\u0430\u0433\u0430\u0437\u0438\u043d Xstyle"},"image":{"@id":"https:\/\/xstyle.md\/#\/schema\/logo\/image\/"},"sameAs":["https:\/\/www.facebook.com\/xstylemd","https:\/\/www.instagram.com\/xstyle_md\/","https:\/\/t.me\/xstyle_outdoor"],"hasMerchantReturnPolicy":{"@type":"MerchantReturnPolicy","merchantReturnLink":"https:\/\/xstyle.md\/ro\/conditions\/"}}]},"product_price_amount":"277.00","product_price_currency":"MDL","og_availability":"instock","product_availability":"instock","product_retailer_item_id":"727602360980","product_condition":"new"},"_links":{"self":[{"href":"https:\/\/xstyle.md\/ro\/wp-json\/wp\/v2\/product\/32663","targetHints":{"allow":["GET"]}}],"collection":[{"href":"https:\/\/xstyle.md\/ro\/wp-json\/wp\/v2\/product"}],"about":[{"href":"https:\/\/xstyle.md\/ro\/wp-json\/wp\/v2\/types\/product"}],"replies":[{"embeddable":true,"href":"https:\/\/xstyle.md\/ro\/wp-json\/wp\/v2\/comments?post=32663"}],"wp:featuredmedia":[{"embeddable":true,"href":"https:\/\/xstyle.md\/ro\/wp-json\/wp\/v2\/media\/72811"}],"wp:attachment":[{"href":"https:\/\/xstyle.md\/ro\/wp-json\/wp\/v2\/media?parent=32663"}],"wp:term":[{"taxonomy":"product_brand","embeddable":true,"href":"https:\/\/xstyle.md\/ro\/wp-json\/wp\/v2\/product_brand?post=32663"},{"taxonomy":"product_cat","embeddable":true,"href":"https:\/\/xstyle.md\/ro\/wp-json\/wp\/v2\/product_cat?post=32663"},{"taxonomy":"product_tag","embeddable":true,"href":"https:\/\/xstyle.md\/ro\/wp-json\/wp\/v2\/product_tag?post=32663"}],"curies":[{"name":"wp","href":"https:\/\/api.w.org\/{rel}","templated":true}]}}