{"id":32617,"date":"2021-04-28T17:34:19","date_gmt":"2021-04-28T14:34:19","guid":{"rendered":"https:\/\/xstyle.md\/product\/fonar-varta-day-light-1aa-multi-led\/"},"modified":"2026-03-14T21:48:17","modified_gmt":"2026-03-14T18:48:17","slug":"fonar-varta-day-light-1aa-multi-led","status":"publish","type":"product","link":"https:\/\/xstyle.md\/ro\/produs\/fonar-varta-day-light-1aa-multi-led\/","title":{"rendered":"Lantern\u0103 Varta Day Light 1AA Multi Led"},"content":{"rendered":"<\/p>\n<p><strong>Varta Day Light 1AA Multi Led<\/strong> &#8212; lantern\u0103 compact\u0103 \u0219i de \u00eenalt\u0103 calitate, cu o gam\u0103 larg\u0103 de aplica\u021bii. Confortabil\u0103 pentru utilizare. Corpul robust este format din trei componente (plastic ABS, aluminiu, cauciuc), ceea ce v\u0103 va permite s\u0103 o utiliza\u021bi nu numai \u00een interior. Datorit\u0103 tehnologiei LED, lanterna are un consum redus de baterii \u0219i o durat\u0103 de func\u021bionare de p\u00e2n\u0103 la 8 ore. Este alimentat\u0103 de o singur\u0103 baterie AA, care este u\u0219or de \u00eenlocuit.<\/p>\n<h3>Particularit\u0103\u021bi<\/h3>\n<ul>\n<li>M\u00e2ner anti-alunecare cu acoperire din cauciuc<\/li>\n<li>\u0218nurul poate fi fixat \u00een jurul \u00eencheieturii m\u00e2inii sau at\u00e2rnat de un c\u00e2rlig.<\/li>\n<\/ul>\n<h3>Caracteristici<\/h3>\n<ul>\n<li>Tipul de baterie &#8212; 1 x Longlife Power AA<\/li>\n<li>Putere de lumin\u0103 &#8212; 20 lumeni<\/li>\n<li>Raza de iluminare &#8212; 20 de metri<\/li>\n<li>Timp de func\u021bionare &#8212; 8 ore<\/li>\n<li>Dimensiuni &#8212; 126,5 x 39 mm<\/li>\n<li>Greutate &#8212; 90,2 g.<\/li>\n<\/ul>\n<h3>Marca<\/h3>\n<p>VARTA este un brand german care este unul dintre cei mai mari produc\u0103tori de baterii primare, baterii \u0219i \u00eenc\u0103rc\u0103toare re\u00eenc\u0103rcabile, surse de alimentare portabile, baterii cu disc, lanterne \u0219i l\u0103mpi. Compania a fost fondat\u0103 de Adolf M\u00fcller \u00een 1887, c\u00e2nd spiritul de inven\u021bie era peste tot. Cele mai importante inven\u021bii ale companiei sunt considerate a fi bateriile cu plumb-acid pentru automobile, prima baterie cu celule uscate din lume, precum \u0219i &#171;pastilele&#187; sau, a\u0219a cum sunt numite, &#171;bateriile de ceas&#187;.<\/p>\n<p>De-a lungul istoriei sale \u00eendelungate, VARTA a r\u0103spuns cu succes \u0219i f\u0103r\u0103 s\u0103 \u00eencetineasc\u0103 la nevoile cresc\u00e2nde ale industriei auto, cre\u00e2nd baterii din ce \u00een ce mai puternice, care au impresionat prin tehnologie, eficien\u021b\u0103 \u0219i, \u00een acela\u0219i timp, simplitate. Un eveniment istoric semnificativ pentru companie a fost acela \u00een care NASA a folosit bateriile lor pentru a echipa camera lui Neil Armstrong pentru o fiabilitate ridicat\u0103. De peste 130 de ani, bateriile VARTA ofer\u0103 tehnologie avansat\u0103, putere \u0219i servicii excep\u021bionale \u00een \u00eentreaga lume.<\/p>\n<p><\/p>","protected":false},"excerpt":{"rendered":"<p>Lantern\u0103 Varta Day Light 1AA Multi Led<\/p>","protected":false},"featured_media":32613,"comment_status":"open","ping_status":"closed","template":"","meta":{"_acf_changed":false,"inline_featured_image":false},"product_brand":[1337],"product_cat":[462],"product_tag":[],"class_list":{"0":"post-32617","1":"product","2":"type-product","3":"status-publish","4":"has-post-thumbnail","6":"product_brand-varta","7":"product_cat-lumini-de-mana","9":"first","10":"outofstock","11":"shipping-taxable","12":"product-type-simple"},"acf":[],"yoast_head":"<!-- This site is optimized with the Yoast SEO plugin v27.2 - https:\/\/yoast.com\/product\/yoast-seo-wordpress\/ -->\n<title>\u0424\u043e\u043d\u0430\u0440\u044c Varta Day Light 1AA Multi Led - \u041c\u0430\u0433\u0430\u0437\u0438\u043d Xstyle<\/title>\n<meta name=\"description\" content=\"\u0424\u043e\u043d\u0430\u0440\u044c Varta Day Light 1AA Multi Led \u2014 \u043a\u043e\u043c\u043f\u0430\u043a\u0442\u043d\u044b\u0439 \u0438 \u043c\u043e\u0449\u043d\u044b\u0439, \u0441 \u0434\u043e\u043b\u0433\u043e\u0432\u0435\u0447\u043d\u044b\u043c \u043a\u043e\u0440\u043f\u0443\u0441\u043e\u043c \u0438 \u043d\u0438\u0437\u043a\u0438\u043c \u043f\u043e\u0442\u0440\u0435\u0431\u043b\u0435\u043d\u0438\u0435\u043c \u044d\u043d\u0435\u0440\u0433\u0438\u0438. \u0418\u0434\u0435\u0430\u043b\u0435\u043d \u0434\u043b\u044f \u0432\u0441\u0435\u0445 \u0432\u0430\u0448\u0438\u0445 \u043d\u0443\u0436\u0434 \u043e\u0441\u0432\u0435\u0449\u0435\u043d\u0438\u044f!\" \/>\n<meta name=\"robots\" content=\"index, follow, max-snippet:-1, max-image-preview:large, max-video-preview:-1\" \/>\n<link rel=\"canonical\" href=\"https:\/\/xstyle.md\/ro\/produs\/fonar-varta-day-light-1aa-multi-led\/\" \/>\n<meta property=\"og:locale\" content=\"ro_RO\" \/>\n<meta property=\"og:type\" content=\"article\" \/>\n<meta property=\"og:title\" content=\"\u0424\u043e\u043d\u0430\u0440\u044c Varta Day Light 1AA Multi Led - \u041c\u0430\u0433\u0430\u0437\u0438\u043d Xstyle\" \/>\n<meta property=\"og:description\" content=\"\u0424\u043e\u043d\u0430\u0440\u044c Varta Day Light 1AA Multi Led \u2014 \u043a\u043e\u043c\u043f\u0430\u043a\u0442\u043d\u044b\u0439 \u0438 \u043c\u043e\u0449\u043d\u044b\u0439, \u0441 \u0434\u043e\u043b\u0433\u043e\u0432\u0435\u0447\u043d\u044b\u043c \u043a\u043e\u0440\u043f\u0443\u0441\u043e\u043c \u0438 \u043d\u0438\u0437\u043a\u0438\u043c \u043f\u043e\u0442\u0440\u0435\u0431\u043b\u0435\u043d\u0438\u0435\u043c \u044d\u043d\u0435\u0440\u0433\u0438\u0438. \u0418\u0434\u0435\u0430\u043b\u0435\u043d \u0434\u043b\u044f \u0432\u0441\u0435\u0445 \u0432\u0430\u0448\u0438\u0445 \u043d\u0443\u0436\u0434 \u043e\u0441\u0432\u0435\u0449\u0435\u043d\u0438\u044f!\" \/>\n<meta property=\"og:url\" content=\"https:\/\/xstyle.md\/ro\/produs\/fonar-varta-day-light-1aa-multi-led\/\" \/>\n<meta property=\"og:site_name\" content=\"\u041c\u0430\u0433\u0430\u0437\u0438\u043d Xstyle\" \/>\n<meta property=\"article:publisher\" content=\"https:\/\/www.facebook.com\/xstylemd\" \/>\n<meta property=\"article:modified_time\" content=\"2026-03-14T18:48:17+00:00\" \/>\n<meta property=\"og:image\" content=\"https:\/\/xstyle.md\/wp-content\/uploads\/2021\/04\/varta_day_light_1aa_multi_led2.jpg\" \/>\n\t<meta property=\"og:image:width\" content=\"1000\" \/>\n\t<meta property=\"og:image:height\" content=\"1000\" \/>\n\t<meta property=\"og:image:type\" content=\"image\/jpeg\" \/>\n<meta name=\"twitter:card\" content=\"summary_large_image\" \/>\n<meta name=\"twitter:label1\" content=\"Pre\u021b\" \/>\n\t<meta name=\"twitter:data1\" content=\"195&nbsp;MDL\" \/>\n\t<meta name=\"twitter:label2\" content=\"Disponibilitate\" \/>\n\t<meta name=\"twitter:data2\" content=\"Stoc epuizat\" \/>\n<script type=\"application\/ld+json\" class=\"yoast-schema-graph\">{\"@context\":\"https:\/\/schema.org\",\"@graph\":[{\"@type\":\"WebPage\",\"@id\":\"https:\/\/xstyle.md\/product\/fonar-varta-day-light-1aa-multi-led\/\",\"url\":\"https:\/\/xstyle.md\/product\/fonar-varta-day-light-1aa-multi-led\/\",\"name\":\"\u0424\u043e\u043d\u0430\u0440\u044c Varta Day Light 1AA Multi Led - \u041c\u0430\u0433\u0430\u0437\u0438\u043d Xstyle\",\"isPartOf\":{\"@id\":\"https:\/\/xstyle.md\/#website\"},\"primaryImageOfPage\":{\"@id\":\"https:\/\/xstyle.md\/product\/fonar-varta-day-light-1aa-multi-led\/#primaryimage\"},\"image\":{\"@id\":\"https:\/\/xstyle.md\/product\/fonar-varta-day-light-1aa-multi-led\/#primaryimage\"},\"thumbnailUrl\":\"https:\/\/xstyle.md\/wp-content\/uploads\/2021\/04\/varta_day_light_1aa_multi_led2.jpg\",\"datePublished\":\"2021-04-28T14:34:19+00:00\",\"dateModified\":\"2026-03-14T18:48:17+00:00\",\"description\":\"\u0424\u043e\u043d\u0430\u0440\u044c Varta Day Light 1AA Multi Led \u2014 \u043a\u043e\u043c\u043f\u0430\u043a\u0442\u043d\u044b\u0439 \u0438 \u043c\u043e\u0449\u043d\u044b\u0439, \u0441 \u0434\u043e\u043b\u0433\u043e\u0432\u0435\u0447\u043d\u044b\u043c \u043a\u043e\u0440\u043f\u0443\u0441\u043e\u043c \u0438 \u043d\u0438\u0437\u043a\u0438\u043c \u043f\u043e\u0442\u0440\u0435\u0431\u043b\u0435\u043d\u0438\u0435\u043c \u044d\u043d\u0435\u0440\u0433\u0438\u0438. \u0418\u0434\u0435\u0430\u043b\u0435\u043d \u0434\u043b\u044f \u0432\u0441\u0435\u0445 \u0432\u0430\u0448\u0438\u0445 \u043d\u0443\u0436\u0434 \u043e\u0441\u0432\u0435\u0449\u0435\u043d\u0438\u044f!\",\"breadcrumb\":{\"@id\":\"https:\/\/xstyle.md\/product\/fonar-varta-day-light-1aa-multi-led\/#breadcrumb\"},\"inLanguage\":\"ro-RO\",\"potentialAction\":[{\"@type\":\"ReadAction\",\"target\":[\"https:\/\/xstyle.md\/product\/fonar-varta-day-light-1aa-multi-led\/\"]}]},{\"@type\":\"ImageObject\",\"inLanguage\":\"ro-RO\",\"@id\":\"https:\/\/xstyle.md\/product\/fonar-varta-day-light-1aa-multi-led\/#primaryimage\",\"url\":\"https:\/\/xstyle.md\/wp-content\/uploads\/2021\/04\/varta_day_light_1aa_multi_led2.jpg\",\"contentUrl\":\"https:\/\/xstyle.md\/wp-content\/uploads\/2021\/04\/varta_day_light_1aa_multi_led2.jpg\",\"width\":1000,\"height\":1000,\"caption\":\"\u041f\u043e\u0440\u0442\u0430\u0442\u0438\u0432\u043d\u044b\u0439 \u0444\u043e\u043d\u0430\u0440\u044c \u0434\u043b\u044f \u0430\u043a\u0442\u0438\u0432\u043d\u043e\u0433\u043e \u043e\u0442\u0434\u044b\u0445\u0430 \u0438 \u043f\u0443\u0442\u0435\u0448\u0435\u0441\u0442\u0432\u0438\u0439, \u0441\u0432\u0435\u0442\u043e\u0434\u0438\u043e\u0434\u043d\u044b\u0439 \u0444\u043e\u043d\u0430\u0440\u044c \u0434\u043b\u044f \u043f\u043e\u0445\u043e\u0434\u043e\u0432, \u0442\u0443\u0440\u0438\u0437\u043c\u0430 \u0438 \u0430\u043b\u044c\u043f\u0438\u043d\u0438\u0437\u043c\u0430, \u043e\u043d\u043b\u0430\u0439\u043d \u043c\u0430\u0433\u0430\u0437\u0438\u043d \u0441\u043f\u043e\u0440\u0442\u0438\u0432\u043d\u043e\u0439 \u043e\u0434\u0435\u0436\u0434\u044b \u0438 \u043e\u0431\u0443\u0432\u0438\"},{\"@type\":\"BreadcrumbList\",\"@id\":\"https:\/\/xstyle.md\/product\/fonar-varta-day-light-1aa-multi-led\/#breadcrumb\",\"itemListElement\":[{\"@type\":\"ListItem\",\"position\":1,\"name\":\"\u0413\u043b\u0430\u0432\u043d\u0430\u044f \u0441\u0442\u0440\u0430\u043d\u0438\u0446\u0430\",\"item\":\"https:\/\/xstyle.md\/\"},{\"@type\":\"ListItem\",\"position\":2,\"name\":\"\u041c\u0430\u0433\u0430\u0437\u0438\u043d\",\"item\":\"https:\/\/xstyle.md\/shop\/\"},{\"@type\":\"ListItem\",\"position\":3,\"name\":\"\u0424\u043e\u043d\u0430\u0440\u044c Varta Day Light 1AA Multi Led\"}]},{\"@type\":\"WebSite\",\"@id\":\"https:\/\/xstyle.md\/#website\",\"url\":\"https:\/\/xstyle.md\/\",\"name\":\"\u041c\u0430\u0433\u0430\u0437\u0438\u043d Xstyle\",\"description\":\"C\u043d\u0430\u0440\u044f\u0436\u0435\u043d\u0438\u0435 \u0434\u043b\u044f \u0442\u0443\u0440\u0438\u0437\u043c\u0430 \u0438 \u044d\u043a\u0441\u0442\u0440\u0435\u043c\u0430\u043b\u044c\u043d\u044b\u0445 \u0432\u0438\u0434\u043e\u0432 \u0441\u043f\u043e\u0440\u0442\u0430 \u0432 \u041c\u043e\u043b\u0434\u043e\u0432\u0435.. \u0426\u0435\u043d\u044b, \u0444\u043e\u0442\u043e, \u0445\u0430\u0440\u0430\u043a\u0442\u0435\u0440\u0438\u0441\u0442\u0438\u043a\u0438 \u0432 \u041c\u043e\u043b\u0434\u043e\u0432\u0435.\",\"publisher\":{\"@id\":\"https:\/\/xstyle.md\/#organization\"},\"alternateName\":\"X-Style\",\"potentialAction\":[{\"@type\":\"SearchAction\",\"target\":{\"@type\":\"EntryPoint\",\"urlTemplate\":\"https:\/\/xstyle.md\/?s={search_term_string}\"},\"query-input\":{\"@type\":\"PropertyValueSpecification\",\"valueRequired\":true,\"valueName\":\"search_term_string\"}}],\"inLanguage\":\"ro-RO\"},{\"@type\":\"Organization\",\"@id\":\"https:\/\/xstyle.md\/#organization\",\"name\":\"\u041c\u0430\u0433\u0430\u0437\u0438\u043d Xstyle\",\"alternateName\":\"x-style\",\"url\":\"https:\/\/xstyle.md\/\",\"logo\":{\"@type\":\"ImageObject\",\"inLanguage\":\"ro-RO\",\"@id\":\"https:\/\/xstyle.md\/#\/schema\/logo\/image\/\",\"url\":\"https:\/\/xstyle.md\/wp-content\/uploads\/2020\/06\/logoicon.svg\",\"contentUrl\":\"https:\/\/xstyle.md\/wp-content\/uploads\/2020\/06\/logoicon.svg\",\"caption\":\"\u041c\u0430\u0433\u0430\u0437\u0438\u043d Xstyle\"},\"image\":{\"@id\":\"https:\/\/xstyle.md\/#\/schema\/logo\/image\/\"},\"sameAs\":[\"https:\/\/www.facebook.com\/xstylemd\",\"https:\/\/www.instagram.com\/xstyle_md\/\",\"https:\/\/t.me\/xstyle_outdoor\"],\"hasMerchantReturnPolicy\":{\"@type\":\"MerchantReturnPolicy\",\"merchantReturnLink\":\"https:\/\/xstyle.md\/ro\/conditions\/\"}}]}<\/script>\n<meta property=\"product:price:amount\" content=\"195.00\" \/>\n<meta property=\"product:price:currency\" content=\"MDL\" \/>\n<meta property=\"og:availability\" content=\"out of stock\" \/>\n<meta property=\"product:availability\" content=\"out of stock\" \/>\n<meta property=\"product:retailer_item_id\" content=\"4008496987498\" \/>\n<meta property=\"product:condition\" content=\"new\" \/>\n<!-- \/ Yoast SEO plugin. -->","yoast_head_json":{"title":"Lantern\u0103 Varta Day Light 1AA Multi Led - Magazin Xstyle","description":"Lanterna Varta Day Light 1AA Multi Led \u2014 compact\u0103 \u0219i puternic\u0103, cu un corp durabil \u0219i un consum redus de energie. Ideal\u0103 pentru toate nevoile tale de iluminare!","robots":{"index":"index","follow":"follow","max-snippet":"max-snippet:-1","max-image-preview":"max-image-preview:large","max-video-preview":"max-video-preview:-1"},"canonical":"https:\/\/xstyle.md\/ro\/produs\/fonar-varta-day-light-1aa-multi-led\/","og_locale":"ro_RO","og_type":"article","og_title":"\u0424\u043e\u043d\u0430\u0440\u044c Varta Day Light 1AA Multi Led - \u041c\u0430\u0433\u0430\u0437\u0438\u043d Xstyle","og_description":"\u0424\u043e\u043d\u0430\u0440\u044c Varta Day Light 1AA Multi Led \u2014 \u043a\u043e\u043c\u043f\u0430\u043a\u0442\u043d\u044b\u0439 \u0438 \u043c\u043e\u0449\u043d\u044b\u0439, \u0441 \u0434\u043e\u043b\u0433\u043e\u0432\u0435\u0447\u043d\u044b\u043c \u043a\u043e\u0440\u043f\u0443\u0441\u043e\u043c \u0438 \u043d\u0438\u0437\u043a\u0438\u043c \u043f\u043e\u0442\u0440\u0435\u0431\u043b\u0435\u043d\u0438\u0435\u043c \u044d\u043d\u0435\u0440\u0433\u0438\u0438. \u0418\u0434\u0435\u0430\u043b\u0435\u043d \u0434\u043b\u044f \u0432\u0441\u0435\u0445 \u0432\u0430\u0448\u0438\u0445 \u043d\u0443\u0436\u0434 \u043e\u0441\u0432\u0435\u0449\u0435\u043d\u0438\u044f!","og_url":"https:\/\/xstyle.md\/ro\/produs\/fonar-varta-day-light-1aa-multi-led\/","og_site_name":"\u041c\u0430\u0433\u0430\u0437\u0438\u043d Xstyle","article_publisher":"https:\/\/www.facebook.com\/xstylemd","article_modified_time":"2026-03-14T18:48:17+00:00","og_image":[{"width":1000,"height":1000,"url":"https:\/\/xstyle.md\/wp-content\/uploads\/2021\/04\/varta_day_light_1aa_multi_led2.jpg","type":"image\/jpeg"}],"twitter_card":"summary_large_image","twitter_misc":{"Pre\u021b":"195&nbsp;MDL","Disponibilitate":"Stoc epuizat"},"schema":{"@context":"https:\/\/schema.org","@graph":[{"@type":"WebPage","@id":"https:\/\/xstyle.md\/product\/fonar-varta-day-light-1aa-multi-led\/","url":"https:\/\/xstyle.md\/product\/fonar-varta-day-light-1aa-multi-led\/","name":"Lantern\u0103 Varta Day Light 1AA Multi Led - Magazin Xstyle","isPartOf":{"@id":"https:\/\/xstyle.md\/#website"},"primaryImageOfPage":{"@id":"https:\/\/xstyle.md\/product\/fonar-varta-day-light-1aa-multi-led\/#primaryimage"},"image":{"@id":"https:\/\/xstyle.md\/product\/fonar-varta-day-light-1aa-multi-led\/#primaryimage"},"thumbnailUrl":"https:\/\/xstyle.md\/wp-content\/uploads\/2021\/04\/varta_day_light_1aa_multi_led2.jpg","datePublished":"2021-04-28T14:34:19+00:00","dateModified":"2026-03-14T18:48:17+00:00","description":"Lanterna Varta Day Light 1AA Multi Led \u2014 compact\u0103 \u0219i puternic\u0103, cu un corp durabil \u0219i un consum redus de energie. Ideal\u0103 pentru toate nevoile tale de iluminare!","breadcrumb":{"@id":"https:\/\/xstyle.md\/product\/fonar-varta-day-light-1aa-multi-led\/#breadcrumb"},"inLanguage":"ro-RO","potentialAction":[{"@type":"ReadAction","target":["https:\/\/xstyle.md\/product\/fonar-varta-day-light-1aa-multi-led\/"]}]},{"@type":"ImageObject","inLanguage":"ro-RO","@id":"https:\/\/xstyle.md\/product\/fonar-varta-day-light-1aa-multi-led\/#primaryimage","url":"https:\/\/xstyle.md\/wp-content\/uploads\/2021\/04\/varta_day_light_1aa_multi_led2.jpg","contentUrl":"https:\/\/xstyle.md\/wp-content\/uploads\/2021\/04\/varta_day_light_1aa_multi_led2.jpg","width":1000,"height":1000,"caption":"\u041f\u043e\u0440\u0442\u0430\u0442\u0438\u0432\u043d\u044b\u0439 \u0444\u043e\u043d\u0430\u0440\u044c \u0434\u043b\u044f \u0430\u043a\u0442\u0438\u0432\u043d\u043e\u0433\u043e \u043e\u0442\u0434\u044b\u0445\u0430 \u0438 \u043f\u0443\u0442\u0435\u0448\u0435\u0441\u0442\u0432\u0438\u0439, \u0441\u0432\u0435\u0442\u043e\u0434\u0438\u043e\u0434\u043d\u044b\u0439 \u0444\u043e\u043d\u0430\u0440\u044c \u0434\u043b\u044f \u043f\u043e\u0445\u043e\u0434\u043e\u0432, \u0442\u0443\u0440\u0438\u0437\u043c\u0430 \u0438 \u0430\u043b\u044c\u043f\u0438\u043d\u0438\u0437\u043c\u0430, \u043e\u043d\u043b\u0430\u0439\u043d \u043c\u0430\u0433\u0430\u0437\u0438\u043d \u0441\u043f\u043e\u0440\u0442\u0438\u0432\u043d\u043e\u0439 \u043e\u0434\u0435\u0436\u0434\u044b \u0438 \u043e\u0431\u0443\u0432\u0438"},{"@type":"BreadcrumbList","@id":"https:\/\/xstyle.md\/product\/fonar-varta-day-light-1aa-multi-led\/#breadcrumb","itemListElement":[{"@type":"ListItem","position":1,"name":"\u0413\u043b\u0430\u0432\u043d\u0430\u044f \u0441\u0442\u0440\u0430\u043d\u0438\u0446\u0430","item":"https:\/\/xstyle.md\/"},{"@type":"ListItem","position":2,"name":"\u041c\u0430\u0433\u0430\u0437\u0438\u043d","item":"https:\/\/xstyle.md\/shop\/"},{"@type":"ListItem","position":3,"name":"\u0424\u043e\u043d\u0430\u0440\u044c Varta Day Light 1AA Multi Led"}]},{"@type":"WebSite","@id":"https:\/\/xstyle.md\/#website","url":"https:\/\/xstyle.md\/","name":"Magazinul X-Style","description":"Echipamente pentru turism \u0219i sporturi extreme \u00een Moldova. Pre\u021buri, fotografii, caracteristici \u00een Moldova.","publisher":{"@id":"https:\/\/xstyle.md\/#organization"},"alternateName":"X-Style","potentialAction":[{"@type":"SearchAction","target":{"@type":"EntryPoint","urlTemplate":"https:\/\/xstyle.md\/?s={search_term_string}"},"query-input":{"@type":"PropertyValueSpecification","valueRequired":true,"valueName":"search_term_string"}}],"inLanguage":"ro-RO"},{"@type":"Organization","@id":"https:\/\/xstyle.md\/#organization","name":"Magazinul X-Style","alternateName":"x-style","url":"https:\/\/xstyle.md\/","logo":{"@type":"ImageObject","inLanguage":"ro-RO","@id":"https:\/\/xstyle.md\/#\/schema\/logo\/image\/","url":"https:\/\/xstyle.md\/wp-content\/uploads\/2020\/06\/logoicon.svg","contentUrl":"https:\/\/xstyle.md\/wp-content\/uploads\/2020\/06\/logoicon.svg","caption":"\u041c\u0430\u0433\u0430\u0437\u0438\u043d Xstyle"},"image":{"@id":"https:\/\/xstyle.md\/#\/schema\/logo\/image\/"},"sameAs":["https:\/\/www.facebook.com\/xstylemd","https:\/\/www.instagram.com\/xstyle_md\/","https:\/\/t.me\/xstyle_outdoor"],"hasMerchantReturnPolicy":{"@type":"MerchantReturnPolicy","merchantReturnLink":"https:\/\/xstyle.md\/ro\/conditions\/"}}]},"product_price_amount":"195.00","product_price_currency":"MDL","og_availability":"out of stock","product_availability":"out of stock","product_retailer_item_id":"4008496987498","product_condition":"new"},"post_mailing_queue_ids":[],"_links":{"self":[{"href":"https:\/\/xstyle.md\/ro\/wp-json\/wp\/v2\/product\/32617","targetHints":{"allow":["GET"]}}],"collection":[{"href":"https:\/\/xstyle.md\/ro\/wp-json\/wp\/v2\/product"}],"about":[{"href":"https:\/\/xstyle.md\/ro\/wp-json\/wp\/v2\/types\/product"}],"replies":[{"embeddable":true,"href":"https:\/\/xstyle.md\/ro\/wp-json\/wp\/v2\/comments?post=32617"}],"wp:featuredmedia":[{"embeddable":true,"href":"https:\/\/xstyle.md\/ro\/wp-json\/wp\/v2\/media\/32613"}],"wp:attachment":[{"href":"https:\/\/xstyle.md\/ro\/wp-json\/wp\/v2\/media?parent=32617"}],"wp:term":[{"taxonomy":"product_brand","embeddable":true,"href":"https:\/\/xstyle.md\/ro\/wp-json\/wp\/v2\/product_brand?post=32617"},{"taxonomy":"product_cat","embeddable":true,"href":"https:\/\/xstyle.md\/ro\/wp-json\/wp\/v2\/product_cat?post=32617"},{"taxonomy":"product_tag","embeddable":true,"href":"https:\/\/xstyle.md\/ro\/wp-json\/wp\/v2\/product_tag?post=32617"}],"curies":[{"name":"wp","href":"https:\/\/api.w.org\/{rel}","templated":true}]}}