{"id":32572,"date":"2021-04-28T17:32:09","date_gmt":"2021-04-28T14:32:09","guid":{"rendered":"https:\/\/xstyle.md\/product\/chemodan-thule-subterra-spinner-63cm\/"},"modified":"2025-11-11T18:08:10","modified_gmt":"2025-11-11T15:08:10","slug":"chemodan-thule-subterra-spinner-63cm","status":"publish","type":"product","link":"https:\/\/xstyle.md\/ro\/produs\/chemodan-thule-subterra-spinner-63cm\/","title":{"rendered":"Geanta Thule Subterra Spinner 63cm"},"content":{"rendered":"<\/p>\n<p><strong>Thule Subterra Spinner 63cm<\/strong> &#8212; valiz\u0103 elegant\u0103, robust\u0103 \u0219i spa\u021bioas\u0103, ideal\u0103 pentru c\u0103l\u0103torii lungi.<\/p>\n<h3>Particularit\u0103\u021bi<\/h3>\n<ul>\n<li>Deplasa\u021bi-v\u0103 valiza cu u\u0219urin\u021b\u0103 datorit\u0103 ro\u021bilor spate supradimensionate, care se deplaseaz\u0103 f\u0103r\u0103 efort pe orice teren, \u0219i a ro\u021bilor mici, ascunse \u00een fa\u021b\u0103, a c\u0103ror pozi\u021bionare ofer\u0103 spa\u021biu suplimentar pentru lucrurile dvs.<\/li>\n<li>Buzunarul mare cu \u00eenc\u0103rcare prin partea superioar\u0103 se deschide at\u00e2t din interiorul, c\u00e2t \u0219i din exteriorul geamantanului, astfel \u00eenc\u00e2t bunurile dvs. s\u0103 fie mereu la \u00eendem\u00e2n\u0103<\/li>\n<li>Volumul cre\u0219te cu 5 cm, astfel \u00eenc\u00e2t s\u0103 pute\u021bi lua mai multe lucruri<\/li>\n<li>Exoscheletul robust \u0219i c\u0103ptu\u0219eala din spate din policarbonat turnat asigur\u0103 o protec\u021bie fiabil\u0103 \u00een timpul c\u0103l\u0103toriilor<\/li>\n<li>Compartimentul principal cu compartimente ajut\u0103 la separarea lucrurilor curate de cele murdare, a celor umede de cele uscate \u0219i a celor de afaceri de cele casual<\/li>\n<li>Materialele durabile \u0219i impermeabile v\u0103 p\u0103streaz\u0103 bagajul \u00een siguran\u021b\u0103 \u00eempotriva umezelii \u0219i murd\u0103riei<\/li>\n<li>Buzunar pentru carte de identitate pentru a v\u0103 g\u0103si mai u\u0219or bagajul<\/li>\n<li>M\u00e2nerele telescopice cu tehnologie V-Tubing asigur\u0103 o mi\u0219care lin\u0103 \u0219i un transport u\u0219or<\/li>\n<li>Fermoarele pot fi blocate pentru a v\u0103 proteja \u00eempotriva furtului (dispozitivul de blocare se vinde separat)<\/li>\n<\/ul>\n<h3>Caracteristici<\/h3>\n<ul>\n<li>Greutate &#8212; 4,2 kg<\/li>\n<li>Volum &#8212; 63 litri<\/li>\n<li>Dimensiuni &#8212; 32 x 44 x 63cm<\/li>\n<li>Material &#8212; nailon 800D<\/li>\n<li>Nu potrivit\u0103 pentru bagaje de m\u00e2n\u0103<\/li>\n<li>Scop &#8212; c\u0103l\u0103torii<\/li>\n<li>Model &#8212; unisex<\/li>\n<\/ul>\n<h3>Marca<\/h3>\n<p>THULE este o companie interna\u021bional\u0103 de top, recunoscut\u0103 la nivel mondial ca produc\u0103tor de top de sisteme de bagaje \u0219i cutii auto. THULE fabric\u0103 produse premium, renumite pentru calitatea lor de neegalat, siguran\u021b\u0103, u\u0219urin\u021b\u0103 \u00een utilizare \u0219i design elegant. Produsele THULE sunt potrivite pentru persoanele care prefer\u0103 activit\u0103\u021bile \u00een aer liber, sunt pasionate de sport, c\u0103l\u0103toresc mult \u0219i apreciaz\u0103 solu\u021biile bine g\u00e2ndite.<\/p>\n<p><\/p>","protected":false},"excerpt":{"rendered":"<p>Geanta Thule Subterra Spinner 63cm<\/p>","protected":false},"featured_media":62364,"comment_status":"open","ping_status":"closed","template":"","meta":{"_acf_changed":false,"inline_featured_image":false},"product_brand":[1269],"product_cat":[126],"product_tag":[],"class_list":{"0":"post-32572","1":"product","2":"type-product","3":"status-publish","4":"has-post-thumbnail","6":"product_brand-thule","7":"product_cat-travel-bags","9":"first","10":"instock","11":"shipping-taxable","12":"purchasable","13":"product-type-simple"},"acf":[],"yoast_head":"<!-- This site is optimized with the Yoast SEO plugin v27.4 - https:\/\/yoast.com\/product\/yoast-seo-wordpress\/ -->\n<title>\u0427\u0435\u043c\u043e\u0434\u0430\u043d Thule Subterra Spinner 63cm - \u041c\u0430\u0433\u0430\u0437\u0438\u043d Xstyle<\/title>\n<meta name=\"description\" content=\"\u0427\u0435\u043c\u043e\u0434\u0430\u043d Thule Subterra Spinner 63 \u0441\u043c - \u0441\u0442\u0438\u043b\u044c\u043d\u0430\u044f, \u043f\u0440\u043e\u0447\u043d\u0430\u044f \u0438 \u0432\u043c\u0435\u0441\u0442\u0438\u0442\u0435\u043b\u044c\u043d\u0430\u044f \u0432\u0430\u043b\u0438\u0437\u0430 \u0441 \u0431\u043e\u043b\u044c\u0448\u0438\u043c\u0438 \u043a\u043e\u043b\u0435\u0441\u0430\u043c\u0438 \u0434\u043b\u044f \u043b\u0435\u0433\u043a\u043e\u0433\u043e \u043f\u0435\u0440\u0435\u043c\u0435\u0449\u0435\u043d\u0438\u044f \u043f\u043e \u043b\u044e\u0431\u043e\u043c\u0443Terrain. \u0438\u0434\u0435\u0430\u043b\u044c\u043d\u0430\u044f \u0434\u043b\u044f \u043f\u0443\u0442\u0435\u0448\u0435\u0441\u0442\u0432\u0438\u0439.\" \/>\n<meta name=\"robots\" content=\"index, follow, max-snippet:-1, max-image-preview:large, max-video-preview:-1\" \/>\n<link rel=\"canonical\" href=\"https:\/\/xstyle.md\/ro\/produs\/chemodan-thule-subterra-spinner-63cm\/\" \/>\n<meta property=\"og:locale\" content=\"ro_RO\" \/>\n<meta property=\"og:type\" content=\"article\" \/>\n<meta property=\"og:title\" content=\"\u0427\u0435\u043c\u043e\u0434\u0430\u043d Thule Subterra Spinner 63cm - \u041c\u0430\u0433\u0430\u0437\u0438\u043d Xstyle\" \/>\n<meta property=\"og:description\" content=\"\u0427\u0435\u043c\u043e\u0434\u0430\u043d Thule Subterra Spinner 63 \u0441\u043c - \u0441\u0442\u0438\u043b\u044c\u043d\u0430\u044f, \u043f\u0440\u043e\u0447\u043d\u0430\u044f \u0438 \u0432\u043c\u0435\u0441\u0442\u0438\u0442\u0435\u043b\u044c\u043d\u0430\u044f \u0432\u0430\u043b\u0438\u0437\u0430 \u0441 \u0431\u043e\u043b\u044c\u0448\u0438\u043c\u0438 \u043a\u043e\u043b\u0435\u0441\u0430\u043c\u0438 \u0434\u043b\u044f \u043b\u0435\u0433\u043a\u043e\u0433\u043e \u043f\u0435\u0440\u0435\u043c\u0435\u0449\u0435\u043d\u0438\u044f \u043f\u043e \u043b\u044e\u0431\u043e\u043c\u0443Terrain. \u0438\u0434\u0435\u0430\u043b\u044c\u043d\u0430\u044f \u0434\u043b\u044f \u043f\u0443\u0442\u0435\u0448\u0435\u0441\u0442\u0432\u0438\u0439.\" \/>\n<meta property=\"og:url\" content=\"https:\/\/xstyle.md\/ro\/produs\/chemodan-thule-subterra-spinner-63cm\/\" \/>\n<meta property=\"og:site_name\" content=\"\u041c\u0430\u0433\u0430\u0437\u0438\u043d Xstyle\" \/>\n<meta property=\"article:publisher\" content=\"https:\/\/www.facebook.com\/xstylemd\" \/>\n<meta property=\"article:modified_time\" content=\"2025-11-11T15:08:10+00:00\" \/>\n<meta property=\"og:image\" content=\"https:\/\/xstyle.md\/wp-content\/uploads\/2021\/04\/thule_subterra_spinner_63cm3_1-0.jpg\" \/>\n\t<meta property=\"og:image:width\" content=\"904\" \/>\n\t<meta property=\"og:image:height\" content=\"877\" \/>\n\t<meta property=\"og:image:type\" content=\"image\/jpeg\" \/>\n<meta name=\"twitter:card\" content=\"summary_large_image\" \/>\n<meta name=\"twitter:label1\" content=\"Pre\u021b\" \/>\n\t<meta name=\"twitter:data1\" content=\"6.890&nbsp;MDL\" \/>\n\t<meta name=\"twitter:label2\" content=\"Disponibilitate\" \/>\n\t<meta name=\"twitter:data2\" content=\"\u00cen stoc\" \/>\n<script type=\"application\/ld+json\" class=\"yoast-schema-graph\">{\"@context\":\"https:\\\/\\\/schema.org\",\"@graph\":[{\"@type\":\"WebPage\",\"@id\":\"https:\\\/\\\/xstyle.md\\\/product\\\/chemodan-thule-subterra-spinner-63cm\\\/\",\"url\":\"https:\\\/\\\/xstyle.md\\\/product\\\/chemodan-thule-subterra-spinner-63cm\\\/\",\"name\":\"\u0427\u0435\u043c\u043e\u0434\u0430\u043d Thule Subterra Spinner 63cm - \u041c\u0430\u0433\u0430\u0437\u0438\u043d Xstyle\",\"isPartOf\":{\"@id\":\"https:\\\/\\\/xstyle.md\\\/#website\"},\"primaryImageOfPage\":{\"@id\":\"https:\\\/\\\/xstyle.md\\\/product\\\/chemodan-thule-subterra-spinner-63cm\\\/#primaryimage\"},\"image\":{\"@id\":\"https:\\\/\\\/xstyle.md\\\/product\\\/chemodan-thule-subterra-spinner-63cm\\\/#primaryimage\"},\"thumbnailUrl\":\"https:\\\/\\\/xstyle.md\\\/wp-content\\\/uploads\\\/2021\\\/04\\\/thule_subterra_spinner_63cm3_1-0.jpg\",\"datePublished\":\"2021-04-28T14:32:09+00:00\",\"dateModified\":\"2025-11-11T15:08:10+00:00\",\"description\":\"\u0427\u0435\u043c\u043e\u0434\u0430\u043d Thule Subterra Spinner 63 \u0441\u043c - \u0441\u0442\u0438\u043b\u044c\u043d\u0430\u044f, \u043f\u0440\u043e\u0447\u043d\u0430\u044f \u0438 \u0432\u043c\u0435\u0441\u0442\u0438\u0442\u0435\u043b\u044c\u043d\u0430\u044f \u0432\u0430\u043b\u0438\u0437\u0430 \u0441 \u0431\u043e\u043b\u044c\u0448\u0438\u043c\u0438 \u043a\u043e\u043b\u0435\u0441\u0430\u043c\u0438 \u0434\u043b\u044f \u043b\u0435\u0433\u043a\u043e\u0433\u043e \u043f\u0435\u0440\u0435\u043c\u0435\u0449\u0435\u043d\u0438\u044f \u043f\u043e \u043b\u044e\u0431\u043e\u043c\u0443Terrain. \u0438\u0434\u0435\u0430\u043b\u044c\u043d\u0430\u044f \u0434\u043b\u044f \u043f\u0443\u0442\u0435\u0448\u0435\u0441\u0442\u0432\u0438\u0439.\",\"breadcrumb\":{\"@id\":\"https:\\\/\\\/xstyle.md\\\/product\\\/chemodan-thule-subterra-spinner-63cm\\\/#breadcrumb\"},\"inLanguage\":\"ro-RO\",\"potentialAction\":[{\"@type\":\"ReadAction\",\"target\":[\"https:\\\/\\\/xstyle.md\\\/product\\\/chemodan-thule-subterra-spinner-63cm\\\/\"]}]},{\"@type\":\"ImageObject\",\"inLanguage\":\"ro-RO\",\"@id\":\"https:\\\/\\\/xstyle.md\\\/product\\\/chemodan-thule-subterra-spinner-63cm\\\/#primaryimage\",\"url\":\"https:\\\/\\\/xstyle.md\\\/wp-content\\\/uploads\\\/2021\\\/04\\\/thule_subterra_spinner_63cm3_1-0.jpg\",\"contentUrl\":\"https:\\\/\\\/xstyle.md\\\/wp-content\\\/uploads\\\/2021\\\/04\\\/thule_subterra_spinner_63cm3_1-0.jpg\",\"width\":904,\"height\":877,\"caption\":\"\u0422\u0435\u0439\u0434\u0438\u0439\u043d\u043e\u0435 \u0438\u0437\u043e\u0431\u0440\u0430\u0436\u0435\u043d\u0438\u0435 \u0447\u0435\u043c\u043e\u0434\u0430\u043d\u0430 Thule Subterra Spinner 63cm \u0434\u043b\u044f \u0430\u043a\u0442\u0438\u0432\u043d\u043e\u0433\u043e \u043e\u0442\u0434\u044b\u0445\u0430 \u0438 \u043f\u0443\u0442\u0435\u0448\u0435\u0441\u0442\u0432\u0438\u0439 \u0441 \u044d\u043a\u0438\u043f\u0438\u0440\u043e\u0432\u043a\u043e\u0439 \u0434\u043b\u044f \u0430\u043b\u044c\u043f\u0438\u043d\u0438\u0437\u043c\u0430 \u043f\u043e\u0445\u043e\u0434\u043e\u0432 \u0438 \u0442\u0440\u0435\u043d\u0438\u0440\u043e\u0432\u043e\u043a \u0432 \u0438\u043d\u0442\u0435\u0440\u043d\u0435\u0442-\u043c\u0430\u0433\u0430\u0437\u0438\u043d\u0435 \u0442\u043e\u0432\u0430\u0440\u043e\u0432 \u0434\u043b\u044f \u0430\u043a\u0442\u0438\u0432\u043d\u043e\u0439 \u0436\u0438\u0437\u043d\u0438\"},{\"@type\":\"BreadcrumbList\",\"@id\":\"https:\\\/\\\/xstyle.md\\\/product\\\/chemodan-thule-subterra-spinner-63cm\\\/#breadcrumb\",\"itemListElement\":[{\"@type\":\"ListItem\",\"position\":1,\"name\":\"\u0413\u043b\u0430\u0432\u043d\u0430\u044f \u0441\u0442\u0440\u0430\u043d\u0438\u0446\u0430\",\"item\":\"https:\\\/\\\/xstyle.md\\\/\"},{\"@type\":\"ListItem\",\"position\":2,\"name\":\"\u041c\u0430\u0433\u0430\u0437\u0438\u043d\",\"item\":\"https:\\\/\\\/xstyle.md\\\/shop\\\/\"},{\"@type\":\"ListItem\",\"position\":3,\"name\":\"\u0427\u0435\u043c\u043e\u0434\u0430\u043d Thule Subterra Spinner 63cm\"}]},{\"@type\":\"WebSite\",\"@id\":\"https:\\\/\\\/xstyle.md\\\/#website\",\"url\":\"https:\\\/\\\/xstyle.md\\\/\",\"name\":\"\u041c\u0430\u0433\u0430\u0437\u0438\u043d Xstyle\",\"description\":\"C\u043d\u0430\u0440\u044f\u0436\u0435\u043d\u0438\u0435 \u0434\u043b\u044f \u0442\u0443\u0440\u0438\u0437\u043c\u0430 \u0438 \u044d\u043a\u0441\u0442\u0440\u0435\u043c\u0430\u043b\u044c\u043d\u044b\u0445 \u0432\u0438\u0434\u043e\u0432 \u0441\u043f\u043e\u0440\u0442\u0430 \u0432 \u041c\u043e\u043b\u0434\u043e\u0432\u0435.. \u0426\u0435\u043d\u044b, \u0444\u043e\u0442\u043e, \u0445\u0430\u0440\u0430\u043a\u0442\u0435\u0440\u0438\u0441\u0442\u0438\u043a\u0438 \u0432 \u041c\u043e\u043b\u0434\u043e\u0432\u0435.\",\"publisher\":{\"@id\":\"https:\\\/\\\/xstyle.md\\\/#organization\"},\"alternateName\":\"X-Style\",\"potentialAction\":[{\"@type\":\"SearchAction\",\"target\":{\"@type\":\"EntryPoint\",\"urlTemplate\":\"https:\\\/\\\/xstyle.md\\\/?s={search_term_string}\"},\"query-input\":{\"@type\":\"PropertyValueSpecification\",\"valueRequired\":true,\"valueName\":\"search_term_string\"}}],\"inLanguage\":\"ro-RO\"},{\"@type\":\"Organization\",\"@id\":\"https:\\\/\\\/xstyle.md\\\/#organization\",\"name\":\"\u041c\u0430\u0433\u0430\u0437\u0438\u043d Xstyle\",\"alternateName\":\"x-style\",\"url\":\"https:\\\/\\\/xstyle.md\\\/\",\"logo\":{\"@type\":\"ImageObject\",\"inLanguage\":\"ro-RO\",\"@id\":\"https:\\\/\\\/xstyle.md\\\/#\\\/schema\\\/logo\\\/image\\\/\",\"url\":\"https:\\\/\\\/xstyle.md\\\/wp-content\\\/uploads\\\/2020\\\/06\\\/logoicon.svg\",\"contentUrl\":\"https:\\\/\\\/xstyle.md\\\/wp-content\\\/uploads\\\/2020\\\/06\\\/logoicon.svg\",\"caption\":\"\u041c\u0430\u0433\u0430\u0437\u0438\u043d Xstyle\"},\"image\":{\"@id\":\"https:\\\/\\\/xstyle.md\\\/#\\\/schema\\\/logo\\\/image\\\/\"},\"sameAs\":[\"https:\\\/\\\/www.facebook.com\\\/xstylemd\",\"https:\\\/\\\/www.instagram.com\\\/xstyle_md\\\/\",\"https:\\\/\\\/t.me\\\/xstyle_outdoor\"],\"hasMerchantReturnPolicy\":{\"@type\":\"MerchantReturnPolicy\",\"merchantReturnLink\":\"https:\\\/\\\/xstyle.md\\\/ro\\\/conditions\\\/\"}}]}<\/script>\n<meta property=\"product:price:amount\" content=\"6890.00\" \/>\n<meta property=\"product:price:currency\" content=\"MDL\" \/>\n<meta property=\"og:availability\" content=\"instock\" \/>\n<meta property=\"product:availability\" content=\"instock\" \/>\n<meta property=\"product:retailer_item_id\" content=\"85854244084\" \/>\n<meta property=\"product:condition\" content=\"new\" \/>\n<!-- \/ Yoast SEO plugin. -->","yoast_head_json":{"title":"Geanta Thule Subterra Spinner 63cm - Magazin Xstyle","description":"Valiz\u0103 Thule Subterra Spinner de 63 cm - o valiz\u0103 stilat\u0103, durabil\u0103 \u0219i spa\u021bioas\u0103, cu ro\u021bi mari pentru o deplasare u\u0219oar\u0103 pe orice teren. Perfect\u0103 pentru c\u0103l\u0103torii.","robots":{"index":"index","follow":"follow","max-snippet":"max-snippet:-1","max-image-preview":"max-image-preview:large","max-video-preview":"max-video-preview:-1"},"canonical":"https:\/\/xstyle.md\/ro\/produs\/chemodan-thule-subterra-spinner-63cm\/","og_locale":"ro_RO","og_type":"article","og_title":"\u0427\u0435\u043c\u043e\u0434\u0430\u043d Thule Subterra Spinner 63cm - \u041c\u0430\u0433\u0430\u0437\u0438\u043d Xstyle","og_description":"\u0427\u0435\u043c\u043e\u0434\u0430\u043d Thule Subterra Spinner 63 \u0441\u043c - \u0441\u0442\u0438\u043b\u044c\u043d\u0430\u044f, \u043f\u0440\u043e\u0447\u043d\u0430\u044f \u0438 \u0432\u043c\u0435\u0441\u0442\u0438\u0442\u0435\u043b\u044c\u043d\u0430\u044f \u0432\u0430\u043b\u0438\u0437\u0430 \u0441 \u0431\u043e\u043b\u044c\u0448\u0438\u043c\u0438 \u043a\u043e\u043b\u0435\u0441\u0430\u043c\u0438 \u0434\u043b\u044f \u043b\u0435\u0433\u043a\u043e\u0433\u043e \u043f\u0435\u0440\u0435\u043c\u0435\u0449\u0435\u043d\u0438\u044f \u043f\u043e \u043b\u044e\u0431\u043e\u043c\u0443Terrain. \u0438\u0434\u0435\u0430\u043b\u044c\u043d\u0430\u044f \u0434\u043b\u044f \u043f\u0443\u0442\u0435\u0448\u0435\u0441\u0442\u0432\u0438\u0439.","og_url":"https:\/\/xstyle.md\/ro\/produs\/chemodan-thule-subterra-spinner-63cm\/","og_site_name":"\u041c\u0430\u0433\u0430\u0437\u0438\u043d Xstyle","article_publisher":"https:\/\/www.facebook.com\/xstylemd","article_modified_time":"2025-11-11T15:08:10+00:00","og_image":[{"width":904,"height":877,"url":"https:\/\/xstyle.md\/wp-content\/uploads\/2021\/04\/thule_subterra_spinner_63cm3_1-0.jpg","type":"image\/jpeg"}],"twitter_card":"summary_large_image","twitter_misc":{"Pre\u021b":"6.890&nbsp;MDL","Disponibilitate":"\u00cen stoc"},"schema":{"@context":"https:\/\/schema.org","@graph":[{"@type":"WebPage","@id":"https:\/\/xstyle.md\/product\/chemodan-thule-subterra-spinner-63cm\/","url":"https:\/\/xstyle.md\/product\/chemodan-thule-subterra-spinner-63cm\/","name":"Geanta Thule Subterra Spinner 63cm - Magazin Xstyle","isPartOf":{"@id":"https:\/\/xstyle.md\/#website"},"primaryImageOfPage":{"@id":"https:\/\/xstyle.md\/product\/chemodan-thule-subterra-spinner-63cm\/#primaryimage"},"image":{"@id":"https:\/\/xstyle.md\/product\/chemodan-thule-subterra-spinner-63cm\/#primaryimage"},"thumbnailUrl":"https:\/\/xstyle.md\/wp-content\/uploads\/2021\/04\/thule_subterra_spinner_63cm3_1-0.jpg","datePublished":"2021-04-28T14:32:09+00:00","dateModified":"2025-11-11T15:08:10+00:00","description":"Valiz\u0103 Thule Subterra Spinner de 63 cm - o valiz\u0103 stilat\u0103, durabil\u0103 \u0219i spa\u021bioas\u0103, cu ro\u021bi mari pentru o deplasare u\u0219oar\u0103 pe orice teren. Perfect\u0103 pentru c\u0103l\u0103torii.","breadcrumb":{"@id":"https:\/\/xstyle.md\/product\/chemodan-thule-subterra-spinner-63cm\/#breadcrumb"},"inLanguage":"ro-RO","potentialAction":[{"@type":"ReadAction","target":["https:\/\/xstyle.md\/product\/chemodan-thule-subterra-spinner-63cm\/"]}]},{"@type":"ImageObject","inLanguage":"ro-RO","@id":"https:\/\/xstyle.md\/product\/chemodan-thule-subterra-spinner-63cm\/#primaryimage","url":"https:\/\/xstyle.md\/wp-content\/uploads\/2021\/04\/thule_subterra_spinner_63cm3_1-0.jpg","contentUrl":"https:\/\/xstyle.md\/wp-content\/uploads\/2021\/04\/thule_subterra_spinner_63cm3_1-0.jpg","width":904,"height":877,"caption":"\u0422\u0435\u0439\u0434\u0438\u0439\u043d\u043e\u0435 \u0438\u0437\u043e\u0431\u0440\u0430\u0436\u0435\u043d\u0438\u0435 \u0447\u0435\u043c\u043e\u0434\u0430\u043d\u0430 Thule Subterra Spinner 63cm \u0434\u043b\u044f \u0430\u043a\u0442\u0438\u0432\u043d\u043e\u0433\u043e \u043e\u0442\u0434\u044b\u0445\u0430 \u0438 \u043f\u0443\u0442\u0435\u0448\u0435\u0441\u0442\u0432\u0438\u0439 \u0441 \u044d\u043a\u0438\u043f\u0438\u0440\u043e\u0432\u043a\u043e\u0439 \u0434\u043b\u044f \u0430\u043b\u044c\u043f\u0438\u043d\u0438\u0437\u043c\u0430 \u043f\u043e\u0445\u043e\u0434\u043e\u0432 \u0438 \u0442\u0440\u0435\u043d\u0438\u0440\u043e\u0432\u043e\u043a \u0432 \u0438\u043d\u0442\u0435\u0440\u043d\u0435\u0442-\u043c\u0430\u0433\u0430\u0437\u0438\u043d\u0435 \u0442\u043e\u0432\u0430\u0440\u043e\u0432 \u0434\u043b\u044f \u0430\u043a\u0442\u0438\u0432\u043d\u043e\u0439 \u0436\u0438\u0437\u043d\u0438"},{"@type":"BreadcrumbList","@id":"https:\/\/xstyle.md\/product\/chemodan-thule-subterra-spinner-63cm\/#breadcrumb","itemListElement":[{"@type":"ListItem","position":1,"name":"\u0413\u043b\u0430\u0432\u043d\u0430\u044f \u0441\u0442\u0440\u0430\u043d\u0438\u0446\u0430","item":"https:\/\/xstyle.md\/"},{"@type":"ListItem","position":2,"name":"\u041c\u0430\u0433\u0430\u0437\u0438\u043d","item":"https:\/\/xstyle.md\/shop\/"},{"@type":"ListItem","position":3,"name":"\u0427\u0435\u043c\u043e\u0434\u0430\u043d Thule Subterra Spinner 63cm"}]},{"@type":"WebSite","@id":"https:\/\/xstyle.md\/#website","url":"https:\/\/xstyle.md\/","name":"Magazinul X-Style","description":"Echipamente pentru turism \u0219i sporturi extreme \u00een Moldova. Pre\u021buri, fotografii, caracteristici \u00een Moldova.","publisher":{"@id":"https:\/\/xstyle.md\/#organization"},"alternateName":"X-Style","potentialAction":[{"@type":"SearchAction","target":{"@type":"EntryPoint","urlTemplate":"https:\/\/xstyle.md\/?s={search_term_string}"},"query-input":{"@type":"PropertyValueSpecification","valueRequired":true,"valueName":"search_term_string"}}],"inLanguage":"ro-RO"},{"@type":"Organization","@id":"https:\/\/xstyle.md\/#organization","name":"Magazinul X-Style","alternateName":"x-style","url":"https:\/\/xstyle.md\/","logo":{"@type":"ImageObject","inLanguage":"ro-RO","@id":"https:\/\/xstyle.md\/#\/schema\/logo\/image\/","url":"https:\/\/xstyle.md\/wp-content\/uploads\/2020\/06\/logoicon.svg","contentUrl":"https:\/\/xstyle.md\/wp-content\/uploads\/2020\/06\/logoicon.svg","caption":"\u041c\u0430\u0433\u0430\u0437\u0438\u043d Xstyle"},"image":{"@id":"https:\/\/xstyle.md\/#\/schema\/logo\/image\/"},"sameAs":["https:\/\/www.facebook.com\/xstylemd","https:\/\/www.instagram.com\/xstyle_md\/","https:\/\/t.me\/xstyle_outdoor"],"hasMerchantReturnPolicy":{"@type":"MerchantReturnPolicy","merchantReturnLink":"https:\/\/xstyle.md\/ro\/conditions\/"}}]},"product_price_amount":"6890.00","product_price_currency":"MDL","og_availability":"instock","product_availability":"instock","product_retailer_item_id":"85854244084","product_condition":"new"},"_links":{"self":[{"href":"https:\/\/xstyle.md\/ro\/wp-json\/wp\/v2\/product\/32572","targetHints":{"allow":["GET"]}}],"collection":[{"href":"https:\/\/xstyle.md\/ro\/wp-json\/wp\/v2\/product"}],"about":[{"href":"https:\/\/xstyle.md\/ro\/wp-json\/wp\/v2\/types\/product"}],"replies":[{"embeddable":true,"href":"https:\/\/xstyle.md\/ro\/wp-json\/wp\/v2\/comments?post=32572"}],"wp:featuredmedia":[{"embeddable":true,"href":"https:\/\/xstyle.md\/ro\/wp-json\/wp\/v2\/media\/62364"}],"wp:attachment":[{"href":"https:\/\/xstyle.md\/ro\/wp-json\/wp\/v2\/media?parent=32572"}],"wp:term":[{"taxonomy":"product_brand","embeddable":true,"href":"https:\/\/xstyle.md\/ro\/wp-json\/wp\/v2\/product_brand?post=32572"},{"taxonomy":"product_cat","embeddable":true,"href":"https:\/\/xstyle.md\/ro\/wp-json\/wp\/v2\/product_cat?post=32572"},{"taxonomy":"product_tag","embeddable":true,"href":"https:\/\/xstyle.md\/ro\/wp-json\/wp\/v2\/product_tag?post=32572"}],"curies":[{"name":"wp","href":"https:\/\/api.w.org\/{rel}","templated":true}]}}