{"id":32498,"date":"2021-04-28T17:29:19","date_gmt":"2021-04-28T14:29:19","guid":{"rendered":"https:\/\/xstyle.md\/product\/termoshtany-smartwool-nts-mid-250-bottom-black-women\/"},"modified":"2026-03-19T16:44:07","modified_gmt":"2026-03-19T13:44:07","slug":"smartwool-nts-mid-250-bottom-wmn-black","status":"publish","type":"product","link":"https:\/\/xstyle.md\/ro\/produs\/smartwool-nts-mid-250-bottom-wmn-black\/","title":{"rendered":"Pantaloni termici Smartwool NTS Mid 250 Bottom Wmn Black"},"content":{"rendered":"<p><\/p>\n<p><strong>Smartwool NTS Mid 250 Bottom Wmn black<\/strong> &#8212; sunt fabrica\u021bi din l\u00e2n\u0103 merino cu o densitate de 250 g\/m\u00b2. Ace\u0219tia au o structur\u0103 dens\u0103 \u0219i elastic\u0103, mul\u00e2ndu-se confortabil pe corp. L\u00e2na merino fin\u0103 men\u021bine c\u0103ldura \u0219i elimin\u0103 eficient umiditatea de pe suprafa\u021ba pielii, cre\u00e2nd o senza\u021bie pl\u0103cut\u0103 de uscat \u0219i cald, indiferent de ger. Materialul moale, elastic \u0219i respirabil protejeaz\u0103 nu doar \u00eempotriva frigului, ci \u0219i \u00eempotriva supra\u00eenc\u0103lzirii.<\/p>\n<p>Ace\u0219ti pantaloni se disting prin moliciunea deosebit\u0103, sunt imperceptibili sub haine, nu irit\u0103 deloc pielea \u0219i sunt potrivi\u021bi pentru persoanele predispuse la alergii. Croiala ergonomic\u0103 \u0219i banda elastic\u0103 ofer\u0103 o senza\u021bie uimitoare de confort, c\u0103ldur\u0103 \u0219i prospe\u021bime. Este cel mai popular \u0219i c\u0103lduros model din gam\u0103, av\u00e2nd cus\u0103turi plate care nu provoac\u0103 frecare.<\/p>\n<h3>Particularit\u0103\u021bi<\/h3>\n<ul>\n<li>Croial\u0103 mulat\u0103 (Slim fit)<\/li>\n<li>Durabilitate &#8212; cus\u0103turi rezistente la sp\u0103larea automat\u0103<\/li>\n<li>Versatilitate &#8212; pot fi purta\u021bi pe tot parcursul anului (\u00een condi\u021bii reci)<\/li>\n<li>Termoreglare &#8212; men\u021bin prospe\u021bimea \u0219i r\u0103coarea c\u00e2nd este necesar<\/li>\n<li>Uscare rapid\u0103<\/li>\n<li>Confort total &#8212; f\u0103r\u0103 frecare sau disconfort datorit\u0103 cus\u0103turilor plate<\/li>\n<li>Propriet\u0103\u021bi antimicrobiene &#8212; rezisten\u021b\u0103 natural\u0103 la mirosuri, chiar \u0219i dup\u0103 dou\u0103 zile de purtare<\/li>\n<li>Densitate &#8212; 250 g\/m\u00b2<\/li>\n<li>Utilizare &#8212; pot fi folosi\u021bi ca strat de baz\u0103 (lenjerie) \u00een ierni severe sau ca strat exterior \u00een condi\u021bii r\u0103coroase<\/li>\n<\/ul>\n<h3>Caracteristici<\/h3>\n<ul>\n<li>Material &#8212; 100% L\u00e2n\u0103 Merino<\/li>\n<li>Sezon &#8212; toamn\u0103 \/ iarn\u0103<\/li>\n<li>Activit\u0103\u021bi &#8212; odihn\u0103 activ\u0103, turism, schi, ski-tour, snowboard<\/li>\n<li>Model &#8212; dam\u0103<\/li>\n<\/ul>\n<h3>Tehnologii<\/h3>\n<ul>\n<li><strong>L\u00e2na Merino<\/strong> &#8212; provine de la oile Merino din Australia \u0219i are caracteristici unice. Este un material natural, extrem de moale \u0219i higroscopic (absoarbe umiditatea \u00een centrul fibrei). Men\u021bine c\u0103ldura chiar \u0219i c\u00e2nd este umed \u0219i izoleaz\u0103 umezeala de piele. Datorit\u0103 fibrei lungi (65-100 mm) \u0219i sub\u021biri (sub 24 microni), materialul este foarte fin, oferind o termoreglare excelent\u0103 \u0219i permi\u021b\u00e2nd pielii s\u0103 respire.<\/li>\n<li><strong>Mid 250<\/strong> &#8212; seria celor mai c\u0103lduroase haine de corp de la Smartwool. Se utilizeaz\u0103 ca strat principal \u00een vreme r\u0103coroas\u0103 sau ca strat de baz\u0103 (pe piele) \u00een vreme foarte rece.<\/li>\n<\/ul>\n<p><\/p>\n<h3>Marca<\/h3>\n<p>Smartwool - este un brand american care a devenit un etalon mondial \u00een produc\u021bia de \u00eembr\u0103c\u0103minte \u0219i accesorii din l\u00e2n\u0103 merino de \u00eenalt\u0103 calitate. Compania a revolu\u021bionat pia\u021ba demonstr\u00e2nd c\u0103 l\u00e2na poate fi incredibil de moale, nu provoac\u0103 m\u00e2nc\u0103rimi \u0219i este ideal\u0103 pentru sport: elimin\u0103 eficient umiditatea, regleaz\u0103 temperatura corpului \u0219i previne natural apari\u021bia mirosurilor nepl\u0103cute. \u0218osetele \u0219i lenjeria termic\u0103 Smartwool sunt apreciate de drume\u021bi \u0219i schiori din \u00eentreaga lume pentru confortul lor de neegalat \u0219i durabilitate.<\/p>\n<\/div>","protected":false},"excerpt":{"rendered":"<p>Pantaloni termici Smartwool NTS Mid 250 Bottom Wmn Black<\/p>","protected":false},"featured_media":35854,"comment_status":"open","ping_status":"closed","template":"","meta":{"_acf_changed":false,"inline_featured_image":false},"product_brand":[1352],"product_cat":[274],"product_tag":[],"class_list":{"0":"post-32498","1":"product","2":"type-product","3":"status-publish","4":"has-post-thumbnail","6":"product_brand-smartwool","7":"product_cat-thermals-femei","9":"first","10":"instock","11":"shipping-taxable","12":"purchasable","13":"product-type-simple"},"acf":[],"yoast_head":"<!-- This site is optimized with the Yoast SEO plugin v27.2 - https:\/\/yoast.com\/product\/yoast-seo-wordpress\/ -->\n<title>\u0422\u0435\u0440\u043c\u043e\u0448\u0442\u0430\u043d\u044b Smartwool NTS Mid 250 Bottom Wmn black - \u041c\u0430\u0433\u0430\u0437\u0438\u043d Xstyle<\/title>\n<meta name=\"description\" content=\"\u0422\u0435\u0440\u043c\u043e\u0448\u0442\u0430\u043d\u044b Smartwool NTS Mid 250 Bottom Wmn \u0447\u0435\u0440\u043d\u044b\u0435 \u2014 \u0438\u0434\u0435\u0430\u043b\u044c\u043d\u044b\u0435 \u0434\u043b\u044f \u0430\u043a\u0442\u0438\u0432\u043d\u043e\u0433\u043e \u043e\u0442\u0434\u044b\u0445\u0430. \u0423\u0434\u043e\u0431\u0441\u0442\u0432\u043e \u0438 \u0442\u0435\u043f\u043b\u043e \u0438\u0437 100% \u043c\u0435\u0440\u0438\u043d\u043e\u0441\u043e\u0432\u043e\u0439 \u0448\u0435\u0440\u0441\u0442\u0438.\" \/>\n<meta name=\"robots\" content=\"index, follow, max-snippet:-1, max-image-preview:large, max-video-preview:-1\" \/>\n<link rel=\"canonical\" href=\"https:\/\/xstyle.md\/ro\/produs\/smartwool-nts-mid-250-bottom-wmn-black\/\" \/>\n<meta property=\"og:locale\" content=\"ro_RO\" \/>\n<meta property=\"og:type\" content=\"article\" \/>\n<meta property=\"og:title\" content=\"\u0422\u0435\u0440\u043c\u043e\u0448\u0442\u0430\u043d\u044b Smartwool NTS Mid 250 Bottom Wmn black - \u041c\u0430\u0433\u0430\u0437\u0438\u043d Xstyle\" \/>\n<meta property=\"og:description\" content=\"\u0422\u0435\u0440\u043c\u043e\u0448\u0442\u0430\u043d\u044b Smartwool NTS Mid 250 Bottom Wmn \u0447\u0435\u0440\u043d\u044b\u0435 \u2014 \u0438\u0434\u0435\u0430\u043b\u044c\u043d\u044b\u0435 \u0434\u043b\u044f \u0430\u043a\u0442\u0438\u0432\u043d\u043e\u0433\u043e \u043e\u0442\u0434\u044b\u0445\u0430. \u0423\u0434\u043e\u0431\u0441\u0442\u0432\u043e \u0438 \u0442\u0435\u043f\u043b\u043e \u0438\u0437 100% \u043c\u0435\u0440\u0438\u043d\u043e\u0441\u043e\u0432\u043e\u0439 \u0448\u0435\u0440\u0441\u0442\u0438.\" \/>\n<meta property=\"og:url\" content=\"https:\/\/xstyle.md\/ro\/produs\/smartwool-nts-mid-250-bottom-wmn-black\/\" \/>\n<meta property=\"og:site_name\" content=\"\u041c\u0430\u0433\u0430\u0437\u0438\u043d Xstyle\" \/>\n<meta property=\"article:publisher\" content=\"https:\/\/www.facebook.com\/xstylemd\" \/>\n<meta property=\"article:modified_time\" content=\"2026-03-19T13:44:07+00:00\" \/>\n<meta property=\"og:image\" content=\"https:\/\/xstyle.md\/wp-content\/uploads\/2021\/04\/smartwool-nts-mid-250-bottom-black-women.jpg\" \/>\n\t<meta property=\"og:image:width\" content=\"600\" \/>\n\t<meta property=\"og:image:height\" content=\"600\" \/>\n\t<meta property=\"og:image:type\" content=\"image\/jpeg\" \/>\n<meta name=\"twitter:card\" content=\"summary_large_image\" \/>\n<meta name=\"twitter:label1\" content=\"Pre\u021b\" \/>\n\t<meta name=\"twitter:data1\" content=\"1.990&nbsp;MDL\" \/>\n\t<meta name=\"twitter:label2\" content=\"Disponibilitate\" \/>\n\t<meta name=\"twitter:data2\" content=\"\u00cen stoc\" \/>\n<script type=\"application\/ld+json\" class=\"yoast-schema-graph\">{\"@context\":\"https:\/\/schema.org\",\"@graph\":[{\"@type\":\"WebPage\",\"@id\":\"https:\/\/xstyle.md\/product\/smartwool-nts-mid-250-bottom-wmn-black\/\",\"url\":\"https:\/\/xstyle.md\/product\/smartwool-nts-mid-250-bottom-wmn-black\/\",\"name\":\"\u0422\u0435\u0440\u043c\u043e\u0448\u0442\u0430\u043d\u044b Smartwool NTS Mid 250 Bottom Wmn black - \u041c\u0430\u0433\u0430\u0437\u0438\u043d Xstyle\",\"isPartOf\":{\"@id\":\"https:\/\/xstyle.md\/#website\"},\"primaryImageOfPage\":{\"@id\":\"https:\/\/xstyle.md\/product\/smartwool-nts-mid-250-bottom-wmn-black\/#primaryimage\"},\"image\":{\"@id\":\"https:\/\/xstyle.md\/product\/smartwool-nts-mid-250-bottom-wmn-black\/#primaryimage\"},\"thumbnailUrl\":\"https:\/\/xstyle.md\/wp-content\/uploads\/2021\/04\/smartwool-nts-mid-250-bottom-black-women.jpg\",\"datePublished\":\"2021-04-28T14:29:19+00:00\",\"dateModified\":\"2026-03-19T13:44:07+00:00\",\"description\":\"\u0422\u0435\u0440\u043c\u043e\u0448\u0442\u0430\u043d\u044b Smartwool NTS Mid 250 Bottom Wmn \u0447\u0435\u0440\u043d\u044b\u0435 \u2014 \u0438\u0434\u0435\u0430\u043b\u044c\u043d\u044b\u0435 \u0434\u043b\u044f \u0430\u043a\u0442\u0438\u0432\u043d\u043e\u0433\u043e \u043e\u0442\u0434\u044b\u0445\u0430. \u0423\u0434\u043e\u0431\u0441\u0442\u0432\u043e \u0438 \u0442\u0435\u043f\u043b\u043e \u0438\u0437 100% \u043c\u0435\u0440\u0438\u043d\u043e\u0441\u043e\u0432\u043e\u0439 \u0448\u0435\u0440\u0441\u0442\u0438.\",\"breadcrumb\":{\"@id\":\"https:\/\/xstyle.md\/product\/smartwool-nts-mid-250-bottom-wmn-black\/#breadcrumb\"},\"inLanguage\":\"ro-RO\",\"potentialAction\":[{\"@type\":\"ReadAction\",\"target\":[\"https:\/\/xstyle.md\/product\/smartwool-nts-mid-250-bottom-wmn-black\/\"]}]},{\"@type\":\"ImageObject\",\"inLanguage\":\"ro-RO\",\"@id\":\"https:\/\/xstyle.md\/product\/smartwool-nts-mid-250-bottom-wmn-black\/#primaryimage\",\"url\":\"https:\/\/xstyle.md\/wp-content\/uploads\/2021\/04\/smartwool-nts-mid-250-bottom-black-women.jpg\",\"contentUrl\":\"https:\/\/xstyle.md\/wp-content\/uploads\/2021\/04\/smartwool-nts-mid-250-bottom-black-women.jpg\",\"width\":600,\"height\":600,\"caption\":\"\u0422\u0435\u0440\u043c\u043e\u0448\u0442\u0430\u043d\u044b Smartwool NTS Mid 250 \u0434\u043b\u044f \u0436\u0435\u043d\u0449\u0438\u043d \u0447\u0435\u0440\u043d\u044b\u0435 \u0434\u043b\u044f \u0430\u043a\u0442\u0438\u0432\u043d\u043e\u0433\u043e \u043e\u0442\u0434\u044b\u0445\u0430, \u043f\u043e\u0445\u043e\u0434\u043e\u0432 \u0438 \u043f\u0443\u0442\u0435\u0448\u0435\u0441\u0442\u0432\u0438\u0439, \u0441\u043f\u043e\u0440\u0442\u0438\u0432\u043d\u0430\u044f \u043e\u0434\u0435\u0436\u0434\u0430 \u0434\u043b\u044f \u0430\u043b\u044c\u043f\u0438\u043d\u0438\u0437\u043c\u0430 \u0438 \u0442\u0443\u0440\u0438\u0437\u043c\u0430\"},{\"@type\":\"BreadcrumbList\",\"@id\":\"https:\/\/xstyle.md\/product\/smartwool-nts-mid-250-bottom-wmn-black\/#breadcrumb\",\"itemListElement\":[{\"@type\":\"ListItem\",\"position\":1,\"name\":\"\u0413\u043b\u0430\u0432\u043d\u0430\u044f \u0441\u0442\u0440\u0430\u043d\u0438\u0446\u0430\",\"item\":\"https:\/\/xstyle.md\/\"},{\"@type\":\"ListItem\",\"position\":2,\"name\":\"\u041c\u0430\u0433\u0430\u0437\u0438\u043d\",\"item\":\"https:\/\/xstyle.md\/shop\/\"},{\"@type\":\"ListItem\",\"position\":3,\"name\":\"\u0422\u0435\u0440\u043c\u043e\u0448\u0442\u0430\u043d\u044b Smartwool NTS Mid 250 Bottom Wmn black\"}]},{\"@type\":\"WebSite\",\"@id\":\"https:\/\/xstyle.md\/#website\",\"url\":\"https:\/\/xstyle.md\/\",\"name\":\"\u041c\u0430\u0433\u0430\u0437\u0438\u043d Xstyle\",\"description\":\"C\u043d\u0430\u0440\u044f\u0436\u0435\u043d\u0438\u0435 \u0434\u043b\u044f \u0442\u0443\u0440\u0438\u0437\u043c\u0430 \u0438 \u044d\u043a\u0441\u0442\u0440\u0435\u043c\u0430\u043b\u044c\u043d\u044b\u0445 \u0432\u0438\u0434\u043e\u0432 \u0441\u043f\u043e\u0440\u0442\u0430 \u0432 \u041c\u043e\u043b\u0434\u043e\u0432\u0435.. \u0426\u0435\u043d\u044b, \u0444\u043e\u0442\u043e, \u0445\u0430\u0440\u0430\u043a\u0442\u0435\u0440\u0438\u0441\u0442\u0438\u043a\u0438 \u0432 \u041c\u043e\u043b\u0434\u043e\u0432\u0435.\",\"publisher\":{\"@id\":\"https:\/\/xstyle.md\/#organization\"},\"alternateName\":\"X-Style\",\"potentialAction\":[{\"@type\":\"SearchAction\",\"target\":{\"@type\":\"EntryPoint\",\"urlTemplate\":\"https:\/\/xstyle.md\/?s={search_term_string}\"},\"query-input\":{\"@type\":\"PropertyValueSpecification\",\"valueRequired\":true,\"valueName\":\"search_term_string\"}}],\"inLanguage\":\"ro-RO\"},{\"@type\":\"Organization\",\"@id\":\"https:\/\/xstyle.md\/#organization\",\"name\":\"\u041c\u0430\u0433\u0430\u0437\u0438\u043d Xstyle\",\"alternateName\":\"x-style\",\"url\":\"https:\/\/xstyle.md\/\",\"logo\":{\"@type\":\"ImageObject\",\"inLanguage\":\"ro-RO\",\"@id\":\"https:\/\/xstyle.md\/#\/schema\/logo\/image\/\",\"url\":\"https:\/\/xstyle.md\/wp-content\/uploads\/2020\/06\/logoicon.svg\",\"contentUrl\":\"https:\/\/xstyle.md\/wp-content\/uploads\/2020\/06\/logoicon.svg\",\"caption\":\"\u041c\u0430\u0433\u0430\u0437\u0438\u043d Xstyle\"},\"image\":{\"@id\":\"https:\/\/xstyle.md\/#\/schema\/logo\/image\/\"},\"sameAs\":[\"https:\/\/www.facebook.com\/xstylemd\",\"https:\/\/www.instagram.com\/xstyle_md\/\",\"https:\/\/t.me\/xstyle_outdoor\"],\"hasMerchantReturnPolicy\":{\"@type\":\"MerchantReturnPolicy\",\"merchantReturnLink\":\"https:\/\/xstyle.md\/ro\/conditions\/\"}}]}<\/script>\n<meta property=\"product:price:amount\" content=\"1990.00\" \/>\n<meta property=\"product:price:currency\" content=\"MDL\" \/>\n<meta property=\"og:availability\" content=\"instock\" \/>\n<meta property=\"product:availability\" content=\"instock\" \/>\n<meta property=\"product:retailer_item_id\" content=\"605284529065\" \/>\n<meta property=\"product:condition\" content=\"new\" \/>\n<!-- \/ Yoast SEO plugin. -->","yoast_head_json":{"title":"Smartwool NTS Mid 250 Bottom Wmn negru pantaloni termici - Magazin Xstyle","description":"Pantalonii termici Smartwool NTS Mid 250 Bottom Wmn negri sunt ideali pentru activit\u0103\u021bi \u00een aer liber. Confort \u0219i c\u0103ldur\u0103 din 100% l\u00e2n\u0103 merinos.","robots":{"index":"index","follow":"follow","max-snippet":"max-snippet:-1","max-image-preview":"max-image-preview:large","max-video-preview":"max-video-preview:-1"},"canonical":"https:\/\/xstyle.md\/ro\/produs\/smartwool-nts-mid-250-bottom-wmn-black\/","og_locale":"ro_RO","og_type":"article","og_title":"\u0422\u0435\u0440\u043c\u043e\u0448\u0442\u0430\u043d\u044b Smartwool NTS Mid 250 Bottom Wmn black - \u041c\u0430\u0433\u0430\u0437\u0438\u043d Xstyle","og_description":"\u0422\u0435\u0440\u043c\u043e\u0448\u0442\u0430\u043d\u044b Smartwool NTS Mid 250 Bottom Wmn \u0447\u0435\u0440\u043d\u044b\u0435 \u2014 \u0438\u0434\u0435\u0430\u043b\u044c\u043d\u044b\u0435 \u0434\u043b\u044f \u0430\u043a\u0442\u0438\u0432\u043d\u043e\u0433\u043e \u043e\u0442\u0434\u044b\u0445\u0430. \u0423\u0434\u043e\u0431\u0441\u0442\u0432\u043e \u0438 \u0442\u0435\u043f\u043b\u043e \u0438\u0437 100% \u043c\u0435\u0440\u0438\u043d\u043e\u0441\u043e\u0432\u043e\u0439 \u0448\u0435\u0440\u0441\u0442\u0438.","og_url":"https:\/\/xstyle.md\/ro\/produs\/smartwool-nts-mid-250-bottom-wmn-black\/","og_site_name":"\u041c\u0430\u0433\u0430\u0437\u0438\u043d Xstyle","article_publisher":"https:\/\/www.facebook.com\/xstylemd","article_modified_time":"2026-03-19T13:44:07+00:00","og_image":[{"width":600,"height":600,"url":"https:\/\/xstyle.md\/wp-content\/uploads\/2021\/04\/smartwool-nts-mid-250-bottom-black-women.jpg","type":"image\/jpeg"}],"twitter_card":"summary_large_image","twitter_misc":{"Pre\u021b":"1.990&nbsp;MDL","Disponibilitate":"\u00cen stoc"},"schema":{"@context":"https:\/\/schema.org","@graph":[{"@type":"WebPage","@id":"https:\/\/xstyle.md\/product\/smartwool-nts-mid-250-bottom-wmn-black\/","url":"https:\/\/xstyle.md\/product\/smartwool-nts-mid-250-bottom-wmn-black\/","name":"Smartwool NTS Mid 250 Bottom Wmn negru pantaloni termici - Magazin Xstyle","isPartOf":{"@id":"https:\/\/xstyle.md\/#website"},"primaryImageOfPage":{"@id":"https:\/\/xstyle.md\/product\/smartwool-nts-mid-250-bottom-wmn-black\/#primaryimage"},"image":{"@id":"https:\/\/xstyle.md\/product\/smartwool-nts-mid-250-bottom-wmn-black\/#primaryimage"},"thumbnailUrl":"https:\/\/xstyle.md\/wp-content\/uploads\/2021\/04\/smartwool-nts-mid-250-bottom-black-women.jpg","datePublished":"2021-04-28T14:29:19+00:00","dateModified":"2026-03-19T13:44:07+00:00","description":"Pantalonii termici Smartwool NTS Mid 250 Bottom Wmn negri sunt ideali pentru activit\u0103\u021bi \u00een aer liber. Confort \u0219i c\u0103ldur\u0103 din 100% l\u00e2n\u0103 merinos.","breadcrumb":{"@id":"https:\/\/xstyle.md\/product\/smartwool-nts-mid-250-bottom-wmn-black\/#breadcrumb"},"inLanguage":"ro-RO","potentialAction":[{"@type":"ReadAction","target":["https:\/\/xstyle.md\/product\/smartwool-nts-mid-250-bottom-wmn-black\/"]}]},{"@type":"ImageObject","inLanguage":"ro-RO","@id":"https:\/\/xstyle.md\/product\/smartwool-nts-mid-250-bottom-wmn-black\/#primaryimage","url":"https:\/\/xstyle.md\/wp-content\/uploads\/2021\/04\/smartwool-nts-mid-250-bottom-black-women.jpg","contentUrl":"https:\/\/xstyle.md\/wp-content\/uploads\/2021\/04\/smartwool-nts-mid-250-bottom-black-women.jpg","width":600,"height":600,"caption":"\u0422\u0435\u0440\u043c\u043e\u0448\u0442\u0430\u043d\u044b Smartwool NTS Mid 250 \u0434\u043b\u044f \u0436\u0435\u043d\u0449\u0438\u043d \u0447\u0435\u0440\u043d\u044b\u0435 \u0434\u043b\u044f \u0430\u043a\u0442\u0438\u0432\u043d\u043e\u0433\u043e \u043e\u0442\u0434\u044b\u0445\u0430, \u043f\u043e\u0445\u043e\u0434\u043e\u0432 \u0438 \u043f\u0443\u0442\u0435\u0448\u0435\u0441\u0442\u0432\u0438\u0439, \u0441\u043f\u043e\u0440\u0442\u0438\u0432\u043d\u0430\u044f \u043e\u0434\u0435\u0436\u0434\u0430 \u0434\u043b\u044f \u0430\u043b\u044c\u043f\u0438\u043d\u0438\u0437\u043c\u0430 \u0438 \u0442\u0443\u0440\u0438\u0437\u043c\u0430"},{"@type":"BreadcrumbList","@id":"https:\/\/xstyle.md\/product\/smartwool-nts-mid-250-bottom-wmn-black\/#breadcrumb","itemListElement":[{"@type":"ListItem","position":1,"name":"\u0413\u043b\u0430\u0432\u043d\u0430\u044f \u0441\u0442\u0440\u0430\u043d\u0438\u0446\u0430","item":"https:\/\/xstyle.md\/"},{"@type":"ListItem","position":2,"name":"\u041c\u0430\u0433\u0430\u0437\u0438\u043d","item":"https:\/\/xstyle.md\/shop\/"},{"@type":"ListItem","position":3,"name":"\u0422\u0435\u0440\u043c\u043e\u0448\u0442\u0430\u043d\u044b Smartwool NTS Mid 250 Bottom Wmn black"}]},{"@type":"WebSite","@id":"https:\/\/xstyle.md\/#website","url":"https:\/\/xstyle.md\/","name":"Magazinul X-Style","description":"Echipamente pentru turism \u0219i sporturi extreme \u00een Moldova. Pre\u021buri, fotografii, caracteristici \u00een Moldova.","publisher":{"@id":"https:\/\/xstyle.md\/#organization"},"alternateName":"X-Style","potentialAction":[{"@type":"SearchAction","target":{"@type":"EntryPoint","urlTemplate":"https:\/\/xstyle.md\/?s={search_term_string}"},"query-input":{"@type":"PropertyValueSpecification","valueRequired":true,"valueName":"search_term_string"}}],"inLanguage":"ro-RO"},{"@type":"Organization","@id":"https:\/\/xstyle.md\/#organization","name":"Magazinul X-Style","alternateName":"x-style","url":"https:\/\/xstyle.md\/","logo":{"@type":"ImageObject","inLanguage":"ro-RO","@id":"https:\/\/xstyle.md\/#\/schema\/logo\/image\/","url":"https:\/\/xstyle.md\/wp-content\/uploads\/2020\/06\/logoicon.svg","contentUrl":"https:\/\/xstyle.md\/wp-content\/uploads\/2020\/06\/logoicon.svg","caption":"\u041c\u0430\u0433\u0430\u0437\u0438\u043d Xstyle"},"image":{"@id":"https:\/\/xstyle.md\/#\/schema\/logo\/image\/"},"sameAs":["https:\/\/www.facebook.com\/xstylemd","https:\/\/www.instagram.com\/xstyle_md\/","https:\/\/t.me\/xstyle_outdoor"],"hasMerchantReturnPolicy":{"@type":"MerchantReturnPolicy","merchantReturnLink":"https:\/\/xstyle.md\/ro\/conditions\/"}}]},"product_price_amount":"1990.00","product_price_currency":"MDL","og_availability":"instock","product_availability":"instock","product_retailer_item_id":"605284529065","product_condition":"new"},"post_mailing_queue_ids":[],"_links":{"self":[{"href":"https:\/\/xstyle.md\/ro\/wp-json\/wp\/v2\/product\/32498","targetHints":{"allow":["GET"]}}],"collection":[{"href":"https:\/\/xstyle.md\/ro\/wp-json\/wp\/v2\/product"}],"about":[{"href":"https:\/\/xstyle.md\/ro\/wp-json\/wp\/v2\/types\/product"}],"replies":[{"embeddable":true,"href":"https:\/\/xstyle.md\/ro\/wp-json\/wp\/v2\/comments?post=32498"}],"wp:featuredmedia":[{"embeddable":true,"href":"https:\/\/xstyle.md\/ro\/wp-json\/wp\/v2\/media\/35854"}],"wp:attachment":[{"href":"https:\/\/xstyle.md\/ro\/wp-json\/wp\/v2\/media?parent=32498"}],"wp:term":[{"taxonomy":"product_brand","embeddable":true,"href":"https:\/\/xstyle.md\/ro\/wp-json\/wp\/v2\/product_brand?post=32498"},{"taxonomy":"product_cat","embeddable":true,"href":"https:\/\/xstyle.md\/ro\/wp-json\/wp\/v2\/product_cat?post=32498"},{"taxonomy":"product_tag","embeddable":true,"href":"https:\/\/xstyle.md\/ro\/wp-json\/wp\/v2\/product_tag?post=32498"}],"curies":[{"name":"wp","href":"https:\/\/api.w.org\/{rel}","templated":true}]}}