{"id":32497,"date":"2021-04-28T17:29:17","date_gmt":"2021-04-28T14:29:17","guid":{"rendered":"https:\/\/xstyle.md\/product\/termoshtany-smartwool-merino-150-black-women\/"},"modified":"2026-03-19T16:44:06","modified_gmt":"2026-03-19T13:44:06","slug":"smartwool-merino-150-baselayer-bottom-wmn-black","status":"publish","type":"product","link":"https:\/\/xstyle.md\/ro\/produs\/smartwool-merino-150-baselayer-bottom-wmn-black\/","title":{"rendered":"Pantaloni termici Smartwool Merino 150 Baselayer Bottom Wmn black"},"content":{"rendered":"<\/p>\n<p>Pantaloni termici <strong>Smartwool Merino 150 Baselayer B\u043ett\u043em\u00a0<\/strong>sunt confec\u021bionate din l\u00e2n\u0103 de oaie merinos \u0219i tehnologie Core Spun. Datorit\u0103 acestor materiale func\u021bionale, pantalonii elimin\u0103 umezeala, nu absorb mirosurile \u0219i au un efect antibacterian. Aceast\u0103 lenjerie de corp termic\u0103 este conceput\u0103 pentru a fi folosit\u0103 pe tot parcursul anului.<\/p>\n<h3>Particularit\u0103\u021bi<\/h3>\n<ul>\n<li>Band\u0103 elastic\u0103 larg\u0103 \u00een talie cu c\u0103ptu\u0219eal\u0103 din merino (40 mm), conceput\u0103 pentru un confort maxim<\/li>\n<li>Merino 150 cel mai u\u0219or \u0219i versatil strat, cu o durabilitate \u00eembun\u0103t\u0103\u021bit\u0103. Ajut\u0103 la controlul temperaturii corpului, elimin\u0103 \u00een mod natural transpira\u021bia \u0219i combate mirosurile nepl\u0103cute<\/li>\n<li>Fire core spun, \u00een care firele de l\u00e2n\u0103 sunt \u00eenf\u0103\u0219urate \u00een jurul unui suport de nailon, ceea ce face ca \u021bes\u0103tura s\u0103 fie mai puternic\u0103 \u0219i mai rezistent\u0103 la abraziune, dar \u00een acela\u0219i timp moale \u0219i pl\u0103cut\u0103 la atingere.<\/li>\n<li>\u021ainut\u0103 str\u00e2mt\u0103<\/li>\n<li>\u021aes\u0103tur\u0103 hipoalergenic\u0103.<\/li>\n<\/ul>\n<h3>Caracteristici<\/h3>\n<ul>\n<li>Material &#8212; 87% l\u00e2n\u0103 Merino, 13% nylon de baz\u0103<\/li>\n<li>Sezonul - primarvar\u0103\/toamn\u0103<\/li>\n<li>Aplica\u021bie &#8212; activit\u0103\u021bi \u00een aer liber\/turism\/schi\/ schi\/ snowboarding\/z\u0103pad\u0103<\/li>\n<li>Model - pentru femei.<\/li>\n<\/ul>\n<h3>Tehnologie<\/h3>\n<ul>\n<li><strong>L\u00e2n\u0103 Merino<\/strong> - Acesta este un l\u00e2n\u0103 Merino australian\u0103, care are caracteristici unificate. Este un material natural, foarte moale, cu un centru de fibre care este foarte scopic. Acest material v\u0103 men\u021bine cald chiar \u0219i atunci c\u00e2nd este ud \u0219i izoleaz\u0103 umezeala de piele. Aceast\u0103 tehnologie v\u0103 va ajuta s\u0103 rezista\u021bi chiar \u0219i la temperaturi foarte sc\u0103zute. Datorit\u0103 dimensiunii pl\u0103m\u00e2nului de v\u00e2nzare mari (65-100 mm) \u0219i a diametrului micronului (max. 24 microni), firul este foarte eficient, iar materialul din miez este un excelent regulator de temperatur\u0103, care este capabil s\u0103 \u00eempiedice transportul, permi\u021b\u00e2nd pastilelor s\u0103 fie respirate.<\/li>\n<\/ul>\n<p><\/p>","protected":false},"excerpt":{"rendered":"<p>Pantaloni termici Smartwool Merino 150 Baselayer Bottom Wmn black<\/p>","protected":false},"featured_media":32493,"comment_status":"open","ping_status":"closed","template":"","meta":{"_acf_changed":false,"inline_featured_image":false},"product_brand":[1352],"product_cat":[274],"product_tag":[],"class_list":{"0":"post-32497","1":"product","2":"type-product","3":"status-publish","4":"has-post-thumbnail","6":"product_brand-smartwool","7":"product_cat-thermals-femei","9":"first","10":"instock","11":"shipping-taxable","12":"purchasable","13":"product-type-simple"},"acf":[],"yoast_head":"<!-- This site is optimized with the Yoast SEO plugin v27.2 - https:\/\/yoast.com\/product\/yoast-seo-wordpress\/ -->\n<title>\u0422\u0435\u0440\u043c\u043e\u0448\u0442\u0430\u043d\u044b Smartwool Merino 150 Baselayer B\u043ett\u043em Wmn black - \u041c\u0430\u0433\u0430\u0437\u0438\u043d Xstyle<\/title>\n<meta name=\"description\" content=\"\u0422\u0435\u0440\u043c\u043e\u0448\u0442\u0430\u043d\u044b Smartwool Merino 150 Baselayer Bottom Wmn \u0447\u0435\u0440\u043d\u043e\u0433\u043e \u0446\u0432\u0435\u0442\u0430: 87% \u043c\u0435\u0440\u0438\u043d\u043e\u0441\u043e\u0432\u043e\u0439 \u0448\u0435\u0440\u0441\u0442\u0438, \u0432\u043f\u0438\u0442\u044b\u0432\u0430\u044e\u0442 \u0432\u043b\u0430\u0433\u0443, \u043d\u0435 \u043f\u043e\u0434\u0430\u0432\u043b\u044f\u044e\u0442 \u0437\u0430\u043f\u0430\u0445\u0438, \u0430\u043d\u0442\u0438\u0431\u0430\u043a\u0442\u0435\u0440\u0438\u0430\u043b\u044c\u043d\u044b\u0435 \u0441\u0432\u043e\u0439\u0441\u0442\u0432\u0430.\" \/>\n<meta name=\"robots\" content=\"index, follow, max-snippet:-1, max-image-preview:large, max-video-preview:-1\" \/>\n<link rel=\"canonical\" href=\"https:\/\/xstyle.md\/ro\/produs\/smartwool-merino-150-baselayer-bottom-wmn-black\/\" \/>\n<meta property=\"og:locale\" content=\"ro_RO\" \/>\n<meta property=\"og:type\" content=\"article\" \/>\n<meta property=\"og:title\" content=\"\u0422\u0435\u0440\u043c\u043e\u0448\u0442\u0430\u043d\u044b Smartwool Merino 150 Baselayer B\u043ett\u043em Wmn black - \u041c\u0430\u0433\u0430\u0437\u0438\u043d Xstyle\" \/>\n<meta property=\"og:description\" content=\"\u0422\u0435\u0440\u043c\u043e\u0448\u0442\u0430\u043d\u044b Smartwool Merino 150 Baselayer Bottom Wmn \u0447\u0435\u0440\u043d\u043e\u0433\u043e \u0446\u0432\u0435\u0442\u0430: 87% \u043c\u0435\u0440\u0438\u043d\u043e\u0441\u043e\u0432\u043e\u0439 \u0448\u0435\u0440\u0441\u0442\u0438, \u0432\u043f\u0438\u0442\u044b\u0432\u0430\u044e\u0442 \u0432\u043b\u0430\u0433\u0443, \u043d\u0435 \u043f\u043e\u0434\u0430\u0432\u043b\u044f\u044e\u0442 \u0437\u0430\u043f\u0430\u0445\u0438, \u0430\u043d\u0442\u0438\u0431\u0430\u043a\u0442\u0435\u0440\u0438\u0430\u043b\u044c\u043d\u044b\u0435 \u0441\u0432\u043e\u0439\u0441\u0442\u0432\u0430.\" \/>\n<meta property=\"og:url\" content=\"https:\/\/xstyle.md\/ro\/produs\/smartwool-merino-150-baselayer-bottom-wmn-black\/\" \/>\n<meta property=\"og:site_name\" content=\"\u041c\u0430\u0433\u0430\u0437\u0438\u043d Xstyle\" \/>\n<meta property=\"article:publisher\" content=\"https:\/\/www.facebook.com\/xstylemd\" \/>\n<meta property=\"article:modified_time\" content=\"2026-03-19T13:44:06+00:00\" \/>\n<meta property=\"og:image\" content=\"https:\/\/xstyle.md\/wp-content\/uploads\/2021\/04\/smartwool_merino_150_black_women4_1.jpg\" \/>\n\t<meta property=\"og:image:width\" content=\"600\" \/>\n\t<meta property=\"og:image:height\" content=\"600\" \/>\n\t<meta property=\"og:image:type\" content=\"image\/jpeg\" \/>\n<meta name=\"twitter:card\" content=\"summary_large_image\" \/>\n<meta name=\"twitter:label1\" content=\"Pre\u021b\" \/>\n\t<meta name=\"twitter:data1\" content=\"1.790&nbsp;MDL\" \/>\n\t<meta name=\"twitter:label2\" content=\"Disponibilitate\" \/>\n\t<meta name=\"twitter:data2\" content=\"\u00cen stoc\" \/>\n<script type=\"application\/ld+json\" class=\"yoast-schema-graph\">{\"@context\":\"https:\/\/schema.org\",\"@graph\":[{\"@type\":\"WebPage\",\"@id\":\"https:\/\/xstyle.md\/product\/smartwool-merino-150-baselayer-bottom-wmn-black\/\",\"url\":\"https:\/\/xstyle.md\/product\/smartwool-merino-150-baselayer-bottom-wmn-black\/\",\"name\":\"\u0422\u0435\u0440\u043c\u043e\u0448\u0442\u0430\u043d\u044b Smartwool Merino 150 Baselayer B\u043ett\u043em Wmn black - \u041c\u0430\u0433\u0430\u0437\u0438\u043d Xstyle\",\"isPartOf\":{\"@id\":\"https:\/\/xstyle.md\/#website\"},\"primaryImageOfPage\":{\"@id\":\"https:\/\/xstyle.md\/product\/smartwool-merino-150-baselayer-bottom-wmn-black\/#primaryimage\"},\"image\":{\"@id\":\"https:\/\/xstyle.md\/product\/smartwool-merino-150-baselayer-bottom-wmn-black\/#primaryimage\"},\"thumbnailUrl\":\"https:\/\/xstyle.md\/wp-content\/uploads\/2021\/04\/smartwool_merino_150_black_women4_1.jpg\",\"datePublished\":\"2021-04-28T14:29:17+00:00\",\"dateModified\":\"2026-03-19T13:44:06+00:00\",\"description\":\"\u0422\u0435\u0440\u043c\u043e\u0448\u0442\u0430\u043d\u044b Smartwool Merino 150 Baselayer Bottom Wmn \u0447\u0435\u0440\u043d\u043e\u0433\u043e \u0446\u0432\u0435\u0442\u0430: 87% \u043c\u0435\u0440\u0438\u043d\u043e\u0441\u043e\u0432\u043e\u0439 \u0448\u0435\u0440\u0441\u0442\u0438, \u0432\u043f\u0438\u0442\u044b\u0432\u0430\u044e\u0442 \u0432\u043b\u0430\u0433\u0443, \u043d\u0435 \u043f\u043e\u0434\u0430\u0432\u043b\u044f\u044e\u0442 \u0437\u0430\u043f\u0430\u0445\u0438, \u0430\u043d\u0442\u0438\u0431\u0430\u043a\u0442\u0435\u0440\u0438\u0430\u043b\u044c\u043d\u044b\u0435 \u0441\u0432\u043e\u0439\u0441\u0442\u0432\u0430.\",\"breadcrumb\":{\"@id\":\"https:\/\/xstyle.md\/product\/smartwool-merino-150-baselayer-bottom-wmn-black\/#breadcrumb\"},\"inLanguage\":\"ro-RO\",\"potentialAction\":[{\"@type\":\"ReadAction\",\"target\":[\"https:\/\/xstyle.md\/product\/smartwool-merino-150-baselayer-bottom-wmn-black\/\"]}]},{\"@type\":\"ImageObject\",\"inLanguage\":\"ro-RO\",\"@id\":\"https:\/\/xstyle.md\/product\/smartwool-merino-150-baselayer-bottom-wmn-black\/#primaryimage\",\"url\":\"https:\/\/xstyle.md\/wp-content\/uploads\/2021\/04\/smartwool_merino_150_black_women4_1.jpg\",\"contentUrl\":\"https:\/\/xstyle.md\/wp-content\/uploads\/2021\/04\/smartwool_merino_150_black_women4_1.jpg\",\"width\":600,\"height\":600,\"caption\":\"\u0422\u0451\u043f\u043b\u0430\u044f \u0436\u0435\u043d\u0441\u043a\u0430\u044f \u043c\u0435\u0440\u0438\u043d\u043e\u0441\u043e\u0432\u0430 \u043e\u0434\u0435\u0436\u0434\u0430 \u0434\u043b\u044f \u0430\u043a\u0442\u0438\u0432\u043d\u043e\u0433\u043e \u043e\u0442\u0434\u044b\u0445\u0430 \u0438 \u043f\u043e\u0445\u043e\u0434\u043e\u0432, \u0438\u0434\u0435\u0430\u043b\u044c\u043d\u0430\u044f \u0434\u043b\u044f \u043d\u043e\u0441\u043a\u0438 \u0432 \u043f\u0443\u0442\u0435\u0448\u0435\u0441\u0442\u0432\u0438\u044f\u0445, \u043f\u0440\u043e\u0433\u0443\u043b\u043a\u0430\u0445 \u043d\u0430 \u043f\u0440\u0438\u0440\u043e\u0434\u0435 \u0438 \u0433\u043e\u0440\u043d\u044b\u0445 \u043f\u043e\u0445\u043e\u0434\u0430\u0445\"},{\"@type\":\"BreadcrumbList\",\"@id\":\"https:\/\/xstyle.md\/product\/smartwool-merino-150-baselayer-bottom-wmn-black\/#breadcrumb\",\"itemListElement\":[{\"@type\":\"ListItem\",\"position\":1,\"name\":\"\u0413\u043b\u0430\u0432\u043d\u0430\u044f \u0441\u0442\u0440\u0430\u043d\u0438\u0446\u0430\",\"item\":\"https:\/\/xstyle.md\/\"},{\"@type\":\"ListItem\",\"position\":2,\"name\":\"\u041c\u0430\u0433\u0430\u0437\u0438\u043d\",\"item\":\"https:\/\/xstyle.md\/shop\/\"},{\"@type\":\"ListItem\",\"position\":3,\"name\":\"\u0422\u0435\u0440\u043c\u043e\u0448\u0442\u0430\u043d\u044b Smartwool Merino 150 Baselayer B\u043ett\u043em Wmn black\"}]},{\"@type\":\"WebSite\",\"@id\":\"https:\/\/xstyle.md\/#website\",\"url\":\"https:\/\/xstyle.md\/\",\"name\":\"\u041c\u0430\u0433\u0430\u0437\u0438\u043d Xstyle\",\"description\":\"C\u043d\u0430\u0440\u044f\u0436\u0435\u043d\u0438\u0435 \u0434\u043b\u044f \u0442\u0443\u0440\u0438\u0437\u043c\u0430 \u0438 \u044d\u043a\u0441\u0442\u0440\u0435\u043c\u0430\u043b\u044c\u043d\u044b\u0445 \u0432\u0438\u0434\u043e\u0432 \u0441\u043f\u043e\u0440\u0442\u0430 \u0432 \u041c\u043e\u043b\u0434\u043e\u0432\u0435.. \u0426\u0435\u043d\u044b, \u0444\u043e\u0442\u043e, \u0445\u0430\u0440\u0430\u043a\u0442\u0435\u0440\u0438\u0441\u0442\u0438\u043a\u0438 \u0432 \u041c\u043e\u043b\u0434\u043e\u0432\u0435.\",\"publisher\":{\"@id\":\"https:\/\/xstyle.md\/#organization\"},\"alternateName\":\"X-Style\",\"potentialAction\":[{\"@type\":\"SearchAction\",\"target\":{\"@type\":\"EntryPoint\",\"urlTemplate\":\"https:\/\/xstyle.md\/?s={search_term_string}\"},\"query-input\":{\"@type\":\"PropertyValueSpecification\",\"valueRequired\":true,\"valueName\":\"search_term_string\"}}],\"inLanguage\":\"ro-RO\"},{\"@type\":\"Organization\",\"@id\":\"https:\/\/xstyle.md\/#organization\",\"name\":\"\u041c\u0430\u0433\u0430\u0437\u0438\u043d Xstyle\",\"alternateName\":\"x-style\",\"url\":\"https:\/\/xstyle.md\/\",\"logo\":{\"@type\":\"ImageObject\",\"inLanguage\":\"ro-RO\",\"@id\":\"https:\/\/xstyle.md\/#\/schema\/logo\/image\/\",\"url\":\"https:\/\/xstyle.md\/wp-content\/uploads\/2020\/06\/logoicon.svg\",\"contentUrl\":\"https:\/\/xstyle.md\/wp-content\/uploads\/2020\/06\/logoicon.svg\",\"caption\":\"\u041c\u0430\u0433\u0430\u0437\u0438\u043d Xstyle\"},\"image\":{\"@id\":\"https:\/\/xstyle.md\/#\/schema\/logo\/image\/\"},\"sameAs\":[\"https:\/\/www.facebook.com\/xstylemd\",\"https:\/\/www.instagram.com\/xstyle_md\/\",\"https:\/\/t.me\/xstyle_outdoor\"],\"hasMerchantReturnPolicy\":{\"@type\":\"MerchantReturnPolicy\",\"merchantReturnLink\":\"https:\/\/xstyle.md\/ro\/conditions\/\"}}]}<\/script>\n<meta property=\"product:price:amount\" content=\"1790.00\" \/>\n<meta property=\"product:price:currency\" content=\"MDL\" \/>\n<meta property=\"og:availability\" content=\"instock\" \/>\n<meta property=\"product:availability\" content=\"instock\" \/>\n<meta property=\"product:retailer_item_id\" content=\"190541048149\" \/>\n<meta property=\"product:condition\" content=\"new\" \/>\n<!-- \/ Yoast SEO plugin. -->","yoast_head_json":{"title":"Pantaloni termici Smartwool Merino 150 Baselayer B\u043ett\u043em Wmn black - Magazin Xstyle","description":"Pantalonii termici Smartwool Merino 150 Baselayer Bottom Wmn de culoare neagr\u0103: 87% l\u00e2n\u0103 merinos, absorb umiditatea, nu suprim\u0103 mirosurile, propriet\u0103\u021bi antibacteriene.","robots":{"index":"index","follow":"follow","max-snippet":"max-snippet:-1","max-image-preview":"max-image-preview:large","max-video-preview":"max-video-preview:-1"},"canonical":"https:\/\/xstyle.md\/ro\/produs\/smartwool-merino-150-baselayer-bottom-wmn-black\/","og_locale":"ro_RO","og_type":"article","og_title":"\u0422\u0435\u0440\u043c\u043e\u0448\u0442\u0430\u043d\u044b Smartwool Merino 150 Baselayer B\u043ett\u043em Wmn black - \u041c\u0430\u0433\u0430\u0437\u0438\u043d Xstyle","og_description":"\u0422\u0435\u0440\u043c\u043e\u0448\u0442\u0430\u043d\u044b Smartwool Merino 150 Baselayer Bottom Wmn \u0447\u0435\u0440\u043d\u043e\u0433\u043e \u0446\u0432\u0435\u0442\u0430: 87% \u043c\u0435\u0440\u0438\u043d\u043e\u0441\u043e\u0432\u043e\u0439 \u0448\u0435\u0440\u0441\u0442\u0438, \u0432\u043f\u0438\u0442\u044b\u0432\u0430\u044e\u0442 \u0432\u043b\u0430\u0433\u0443, \u043d\u0435 \u043f\u043e\u0434\u0430\u0432\u043b\u044f\u044e\u0442 \u0437\u0430\u043f\u0430\u0445\u0438, \u0430\u043d\u0442\u0438\u0431\u0430\u043a\u0442\u0435\u0440\u0438\u0430\u043b\u044c\u043d\u044b\u0435 \u0441\u0432\u043e\u0439\u0441\u0442\u0432\u0430.","og_url":"https:\/\/xstyle.md\/ro\/produs\/smartwool-merino-150-baselayer-bottom-wmn-black\/","og_site_name":"\u041c\u0430\u0433\u0430\u0437\u0438\u043d Xstyle","article_publisher":"https:\/\/www.facebook.com\/xstylemd","article_modified_time":"2026-03-19T13:44:06+00:00","og_image":[{"width":600,"height":600,"url":"https:\/\/xstyle.md\/wp-content\/uploads\/2021\/04\/smartwool_merino_150_black_women4_1.jpg","type":"image\/jpeg"}],"twitter_card":"summary_large_image","twitter_misc":{"Pre\u021b":"1.790&nbsp;MDL","Disponibilitate":"\u00cen stoc"},"schema":{"@context":"https:\/\/schema.org","@graph":[{"@type":"WebPage","@id":"https:\/\/xstyle.md\/product\/smartwool-merino-150-baselayer-bottom-wmn-black\/","url":"https:\/\/xstyle.md\/product\/smartwool-merino-150-baselayer-bottom-wmn-black\/","name":"Pantaloni termici Smartwool Merino 150 Baselayer B\u043ett\u043em Wmn black - Magazin Xstyle","isPartOf":{"@id":"https:\/\/xstyle.md\/#website"},"primaryImageOfPage":{"@id":"https:\/\/xstyle.md\/product\/smartwool-merino-150-baselayer-bottom-wmn-black\/#primaryimage"},"image":{"@id":"https:\/\/xstyle.md\/product\/smartwool-merino-150-baselayer-bottom-wmn-black\/#primaryimage"},"thumbnailUrl":"https:\/\/xstyle.md\/wp-content\/uploads\/2021\/04\/smartwool_merino_150_black_women4_1.jpg","datePublished":"2021-04-28T14:29:17+00:00","dateModified":"2026-03-19T13:44:06+00:00","description":"Pantalonii termici Smartwool Merino 150 Baselayer Bottom Wmn de culoare neagr\u0103: 87% l\u00e2n\u0103 merinos, absorb umiditatea, nu suprim\u0103 mirosurile, propriet\u0103\u021bi antibacteriene.","breadcrumb":{"@id":"https:\/\/xstyle.md\/product\/smartwool-merino-150-baselayer-bottom-wmn-black\/#breadcrumb"},"inLanguage":"ro-RO","potentialAction":[{"@type":"ReadAction","target":["https:\/\/xstyle.md\/product\/smartwool-merino-150-baselayer-bottom-wmn-black\/"]}]},{"@type":"ImageObject","inLanguage":"ro-RO","@id":"https:\/\/xstyle.md\/product\/smartwool-merino-150-baselayer-bottom-wmn-black\/#primaryimage","url":"https:\/\/xstyle.md\/wp-content\/uploads\/2021\/04\/smartwool_merino_150_black_women4_1.jpg","contentUrl":"https:\/\/xstyle.md\/wp-content\/uploads\/2021\/04\/smartwool_merino_150_black_women4_1.jpg","width":600,"height":600,"caption":"\u0422\u0451\u043f\u043b\u0430\u044f \u0436\u0435\u043d\u0441\u043a\u0430\u044f \u043c\u0435\u0440\u0438\u043d\u043e\u0441\u043e\u0432\u0430 \u043e\u0434\u0435\u0436\u0434\u0430 \u0434\u043b\u044f \u0430\u043a\u0442\u0438\u0432\u043d\u043e\u0433\u043e \u043e\u0442\u0434\u044b\u0445\u0430 \u0438 \u043f\u043e\u0445\u043e\u0434\u043e\u0432, \u0438\u0434\u0435\u0430\u043b\u044c\u043d\u0430\u044f \u0434\u043b\u044f \u043d\u043e\u0441\u043a\u0438 \u0432 \u043f\u0443\u0442\u0435\u0448\u0435\u0441\u0442\u0432\u0438\u044f\u0445, \u043f\u0440\u043e\u0433\u0443\u043b\u043a\u0430\u0445 \u043d\u0430 \u043f\u0440\u0438\u0440\u043e\u0434\u0435 \u0438 \u0433\u043e\u0440\u043d\u044b\u0445 \u043f\u043e\u0445\u043e\u0434\u0430\u0445"},{"@type":"BreadcrumbList","@id":"https:\/\/xstyle.md\/product\/smartwool-merino-150-baselayer-bottom-wmn-black\/#breadcrumb","itemListElement":[{"@type":"ListItem","position":1,"name":"\u0413\u043b\u0430\u0432\u043d\u0430\u044f \u0441\u0442\u0440\u0430\u043d\u0438\u0446\u0430","item":"https:\/\/xstyle.md\/"},{"@type":"ListItem","position":2,"name":"\u041c\u0430\u0433\u0430\u0437\u0438\u043d","item":"https:\/\/xstyle.md\/shop\/"},{"@type":"ListItem","position":3,"name":"\u0422\u0435\u0440\u043c\u043e\u0448\u0442\u0430\u043d\u044b Smartwool Merino 150 Baselayer B\u043ett\u043em Wmn black"}]},{"@type":"WebSite","@id":"https:\/\/xstyle.md\/#website","url":"https:\/\/xstyle.md\/","name":"Magazinul X-Style","description":"Echipamente pentru turism \u0219i sporturi extreme \u00een Moldova. Pre\u021buri, fotografii, caracteristici \u00een Moldova.","publisher":{"@id":"https:\/\/xstyle.md\/#organization"},"alternateName":"X-Style","potentialAction":[{"@type":"SearchAction","target":{"@type":"EntryPoint","urlTemplate":"https:\/\/xstyle.md\/?s={search_term_string}"},"query-input":{"@type":"PropertyValueSpecification","valueRequired":true,"valueName":"search_term_string"}}],"inLanguage":"ro-RO"},{"@type":"Organization","@id":"https:\/\/xstyle.md\/#organization","name":"Magazinul X-Style","alternateName":"x-style","url":"https:\/\/xstyle.md\/","logo":{"@type":"ImageObject","inLanguage":"ro-RO","@id":"https:\/\/xstyle.md\/#\/schema\/logo\/image\/","url":"https:\/\/xstyle.md\/wp-content\/uploads\/2020\/06\/logoicon.svg","contentUrl":"https:\/\/xstyle.md\/wp-content\/uploads\/2020\/06\/logoicon.svg","caption":"\u041c\u0430\u0433\u0430\u0437\u0438\u043d Xstyle"},"image":{"@id":"https:\/\/xstyle.md\/#\/schema\/logo\/image\/"},"sameAs":["https:\/\/www.facebook.com\/xstylemd","https:\/\/www.instagram.com\/xstyle_md\/","https:\/\/t.me\/xstyle_outdoor"],"hasMerchantReturnPolicy":{"@type":"MerchantReturnPolicy","merchantReturnLink":"https:\/\/xstyle.md\/ro\/conditions\/"}}]},"product_price_amount":"1790.00","product_price_currency":"MDL","og_availability":"instock","product_availability":"instock","product_retailer_item_id":"190541048149","product_condition":"new"},"post_mailing_queue_ids":[],"_links":{"self":[{"href":"https:\/\/xstyle.md\/ro\/wp-json\/wp\/v2\/product\/32497","targetHints":{"allow":["GET"]}}],"collection":[{"href":"https:\/\/xstyle.md\/ro\/wp-json\/wp\/v2\/product"}],"about":[{"href":"https:\/\/xstyle.md\/ro\/wp-json\/wp\/v2\/types\/product"}],"replies":[{"embeddable":true,"href":"https:\/\/xstyle.md\/ro\/wp-json\/wp\/v2\/comments?post=32497"}],"wp:featuredmedia":[{"embeddable":true,"href":"https:\/\/xstyle.md\/ro\/wp-json\/wp\/v2\/media\/32493"}],"wp:attachment":[{"href":"https:\/\/xstyle.md\/ro\/wp-json\/wp\/v2\/media?parent=32497"}],"wp:term":[{"taxonomy":"product_brand","embeddable":true,"href":"https:\/\/xstyle.md\/ro\/wp-json\/wp\/v2\/product_brand?post=32497"},{"taxonomy":"product_cat","embeddable":true,"href":"https:\/\/xstyle.md\/ro\/wp-json\/wp\/v2\/product_cat?post=32497"},{"taxonomy":"product_tag","embeddable":true,"href":"https:\/\/xstyle.md\/ro\/wp-json\/wp\/v2\/product_tag?post=32497"}],"curies":[{"name":"wp","href":"https:\/\/api.w.org\/{rel}","templated":true}]}}