{"id":32492,"date":"2021-04-28T17:29:09","date_gmt":"2021-04-28T14:29:09","guid":{"rendered":"https:\/\/xstyle.md\/product\/ottjazhka-singing-rock-colt\/"},"modified":"2024-11-11T15:14:22","modified_gmt":"2024-11-11T12:14:22","slug":"ottjazhka-singing-rock-colt","status":"publish","type":"product","link":"https:\/\/xstyle.md\/ro\/produs\/ottjazhka-singing-rock-colt\/","title":{"rendered":"Bucl\u0103 Singing Rock Colt"},"content":{"rendered":"<\/p>\n<p><strong>Singing Rock Colt<\/strong> &#8212; centur\u0103 robust\u0103, \u0219tan\u021bat\u0103 \u00een m\u0103rime natural\u0103, cu carabin\u0103 Colt, care este realizat\u0103 cu ajutorul tehnologiei de forjare la cald. Conceput pentru c\u0103\u021b\u0103rare sportiv\u0103 \u0219i alpinism.<\/p>\n<h3>Particularit\u0103\u021bi<\/h3>\n<ul>\n<li>Carabiniera inferioar\u0103 este fixat\u0103 pentru o func\u021bionare confortabil\u0103 \u00een orice avion<\/li>\n<li>Construc\u021bia carabinierului cu grind\u0103 I<\/li>\n<li>Fiecare carabinier este testat individual la o rezisten\u021b\u0103 de 10 kN<\/li>\n<li>Carabinier drept superior echipat cu sistem Keylock \u0219i caneluri cu form\u0103 special\u0103 pentru fixare u\u0219oar\u0103 a \u0219uruburilor \u0219i cur\u0103\u021bare<\/li>\n<li>Sling de poliamid\u0103 durabil \u0219i u\u0219or de utilizat, cu l\u0103\u021bimi variabile de 16\/25 mm.<\/li>\n<\/ul>\n<h3>Caracteristici<\/h3>\n<ul>\n<li>Greutate &#8212; 99 g<\/li>\n<li>Material &#8212; aliaj u\u0219or, poliamid\u0103<\/li>\n<li>L\u0103\u021bimea e\u0219arfei &#8212; variabil\u0103 16\/25 mm<\/li>\n<li>Lungime e\u0219arf\u0103 &#8212; 11 cm<\/li>\n<li>Rezisten\u021ba la trac\u021biune a slingului &#8212; 22 kN<\/li>\n<li>Rezisten\u021ba carabinierelor &#8212; axa principal\u0103 &#8212; 26 kN, axa mic\u0103 &#8212; 11 kN z\u0103vorul deschis &#8212; 8 kN<\/li>\n<li>L\u0103\u021bimea de deschidere &#8212; 21 mm<\/li>\n<li>Certificare &#8212; EN 566, EN 12275, CE 1019<\/li>\n<\/ul>\n<h3>Marca<\/h3>\n<p>SINGING ROCK este o companie ceh\u0103 angajat\u0103 \u00een produc\u021bia de echipamente de alpinism \u0219i escalad\u0103. A fondat\u0103 \u00een 1992 de doi alpini\u0219ti cehi \u0219i de un om de afaceri belgian. Compania se concentreaz\u0103 pe utilizarea celor mai moderne progrese \u0219i evolu\u021bii \u00een produc\u021bie. SingingRock lucreaz\u0103 \u00een str\u00e2ns\u0103 leg\u0103tur\u0103 cu mul\u021bi alpini\u0219ti renumi\u021bi care testeaz\u0103 noile produse \u0219i ale c\u0103ror opinii suntotdeauna luate \u00een considerare \u00een timpul dezvolt\u0103rii.<\/p>\n<p>SINGING ROCK este una dintre cele mai importante companii din lume \u00een domeniul echipamentelor profesionale, \u00een scopul instruirii \u00een domeniul criminalit\u0103\u021bii, pentru militari \u0219 i pentru serviciile de urgen\u021b\u0103. Societatea furnizeaz\u0103 hamuri, fr\u00e2nghii, scripe\u021bi \u0219i carabiniere, dispozitive de cobor\u00e2re \u00een rapel, dispozitive de siguran\u021b\u0103 pentru lucrul \u00een\u0103l\u021bime, dispozitive de prindere ancorelor, fr\u00e2nghii de siguran\u021b\u0103 \u0219i alte echipamente necesare pentru acest tip de munc\u0103. Toate aceste produse sunt dezvoltate \u0219i fabricate \u00een Republica Ceh\u0103, \u00een Europa. Acestea sunt certificate \u0219i respect\u0103 standardele interna\u021bionale de securitate a muncii.<\/p>\n<p><\/p>","protected":false},"excerpt":{"rendered":"<p>Bucl\u0103 Singing Rock Colt<\/p>","protected":false},"featured_media":32491,"comment_status":"open","ping_status":"closed","template":"","meta":{"_acf_changed":false,"inline_featured_image":false},"product_brand":[1276],"product_cat":[159],"product_tag":[],"class_list":{"0":"post-32492","1":"product","2":"type-product","3":"status-publish","4":"has-post-thumbnail","6":"product_brand-singing-rock","7":"product_cat-carabiners","9":"first","10":"instock","11":"shipping-taxable","12":"purchasable","13":"product-type-simple"},"acf":[],"yoast_head":"<!-- This site is optimized with the Yoast SEO plugin v27.4 - https:\/\/yoast.com\/product\/yoast-seo-wordpress\/ -->\n<title>\u041e\u0442\u0442\u044f\u0436\u043a\u0430 Singing Rock Colt - \u041c\u0430\u0433\u0430\u0437\u0438\u043d Xstyle<\/title>\n<meta name=\"description\" content=\"\u041e\u0442\u0442\u044f\u0436\u043a\u0430 Singing Rock Colt \u0438\u0434\u0435\u0430\u043b\u044c\u043d\u043e \u043f\u043e\u0434\u0445\u043e\u0434\u0438\u0442 \u0434\u043b\u044f \u0430\u043b\u044c\u043f\u0438\u043d\u0438\u0437\u043c\u0430 \u0438 \u0441\u043f\u043e\u0440\u0442\u0438\u0432\u043d\u043e\u0433\u043e \u0441\u043a\u0430\u043b\u043e\u043b\u0430\u0437\u0430\u043d\u0438\u044f. \u041f\u0440\u043e\u0447\u043d\u0430\u044f, \u0441 \u043a\u043b\u044e\u0447\u0435\u0432\u044b\u043c \u0437\u0430\u043c\u043a\u043e\u043c, \u043e\u0431\u0435\u0441\u043f\u0435\u0447\u0438\u0432\u0430\u0435\u0442 \u043d\u0430\u0434\u0435\u0436\u043d\u043e\u0441\u0442\u044c \u0438 \u043a\u043e\u043c\u0444\u043e\u0440\u0442 \u0432 \u0438\u0441\u043f\u043e\u043b\u044c\u0437\u043e\u0432\u0430\u043d\u0438\u0438.\" \/>\n<meta name=\"robots\" content=\"index, follow, max-snippet:-1, max-image-preview:large, max-video-preview:-1\" \/>\n<link rel=\"canonical\" href=\"https:\/\/xstyle.md\/ro\/produs\/ottjazhka-singing-rock-colt\/\" \/>\n<meta property=\"og:locale\" content=\"ro_RO\" \/>\n<meta property=\"og:type\" content=\"article\" \/>\n<meta property=\"og:title\" content=\"\u041e\u0442\u0442\u044f\u0436\u043a\u0430 Singing Rock Colt - \u041c\u0430\u0433\u0430\u0437\u0438\u043d Xstyle\" \/>\n<meta property=\"og:description\" content=\"\u041e\u0442\u0442\u044f\u0436\u043a\u0430 Singing Rock Colt \u0438\u0434\u0435\u0430\u043b\u044c\u043d\u043e \u043f\u043e\u0434\u0445\u043e\u0434\u0438\u0442 \u0434\u043b\u044f \u0430\u043b\u044c\u043f\u0438\u043d\u0438\u0437\u043c\u0430 \u0438 \u0441\u043f\u043e\u0440\u0442\u0438\u0432\u043d\u043e\u0433\u043e \u0441\u043a\u0430\u043b\u043e\u043b\u0430\u0437\u0430\u043d\u0438\u044f. \u041f\u0440\u043e\u0447\u043d\u0430\u044f, \u0441 \u043a\u043b\u044e\u0447\u0435\u0432\u044b\u043c \u0437\u0430\u043c\u043a\u043e\u043c, \u043e\u0431\u0435\u0441\u043f\u0435\u0447\u0438\u0432\u0430\u0435\u0442 \u043d\u0430\u0434\u0435\u0436\u043d\u043e\u0441\u0442\u044c \u0438 \u043a\u043e\u043c\u0444\u043e\u0440\u0442 \u0432 \u0438\u0441\u043f\u043e\u043b\u044c\u0437\u043e\u0432\u0430\u043d\u0438\u0438.\" \/>\n<meta property=\"og:url\" content=\"https:\/\/xstyle.md\/ro\/produs\/ottjazhka-singing-rock-colt\/\" \/>\n<meta property=\"og:site_name\" content=\"\u041c\u0430\u0433\u0430\u0437\u0438\u043d Xstyle\" \/>\n<meta property=\"article:publisher\" content=\"https:\/\/www.facebook.com\/xstylemd\" \/>\n<meta property=\"article:modified_time\" content=\"2024-11-11T12:14:22+00:00\" \/>\n<meta property=\"og:image\" content=\"https:\/\/xstyle.md\/wp-content\/uploads\/2021\/04\/singing_rock_colt.jpg\" \/>\n\t<meta property=\"og:image:width\" content=\"1000\" \/>\n\t<meta property=\"og:image:height\" content=\"1000\" \/>\n\t<meta property=\"og:image:type\" content=\"image\/jpeg\" \/>\n<meta name=\"twitter:card\" content=\"summary_large_image\" \/>\n<meta name=\"twitter:label1\" content=\"Pre\u021b\" \/>\n\t<meta name=\"twitter:data1\" content=\"395&nbsp;MDL\" \/>\n\t<meta name=\"twitter:label2\" content=\"Disponibilitate\" \/>\n\t<meta name=\"twitter:data2\" content=\"\u00cen stoc\" \/>\n<script type=\"application\/ld+json\" class=\"yoast-schema-graph\">{\"@context\":\"https:\\\/\\\/schema.org\",\"@graph\":[{\"@type\":\"WebPage\",\"@id\":\"https:\\\/\\\/xstyle.md\\\/product\\\/ottjazhka-singing-rock-colt\\\/\",\"url\":\"https:\\\/\\\/xstyle.md\\\/product\\\/ottjazhka-singing-rock-colt\\\/\",\"name\":\"\u041e\u0442\u0442\u044f\u0436\u043a\u0430 Singing Rock Colt - \u041c\u0430\u0433\u0430\u0437\u0438\u043d Xstyle\",\"isPartOf\":{\"@id\":\"https:\\\/\\\/xstyle.md\\\/#website\"},\"primaryImageOfPage\":{\"@id\":\"https:\\\/\\\/xstyle.md\\\/product\\\/ottjazhka-singing-rock-colt\\\/#primaryimage\"},\"image\":{\"@id\":\"https:\\\/\\\/xstyle.md\\\/product\\\/ottjazhka-singing-rock-colt\\\/#primaryimage\"},\"thumbnailUrl\":\"https:\\\/\\\/xstyle.md\\\/wp-content\\\/uploads\\\/2021\\\/04\\\/singing_rock_colt.jpg\",\"datePublished\":\"2021-04-28T14:29:09+00:00\",\"dateModified\":\"2024-11-11T12:14:22+00:00\",\"description\":\"\u041e\u0442\u0442\u044f\u0436\u043a\u0430 Singing Rock Colt \u0438\u0434\u0435\u0430\u043b\u044c\u043d\u043e \u043f\u043e\u0434\u0445\u043e\u0434\u0438\u0442 \u0434\u043b\u044f \u0430\u043b\u044c\u043f\u0438\u043d\u0438\u0437\u043c\u0430 \u0438 \u0441\u043f\u043e\u0440\u0442\u0438\u0432\u043d\u043e\u0433\u043e \u0441\u043a\u0430\u043b\u043e\u043b\u0430\u0437\u0430\u043d\u0438\u044f. \u041f\u0440\u043e\u0447\u043d\u0430\u044f, \u0441 \u043a\u043b\u044e\u0447\u0435\u0432\u044b\u043c \u0437\u0430\u043c\u043a\u043e\u043c, \u043e\u0431\u0435\u0441\u043f\u0435\u0447\u0438\u0432\u0430\u0435\u0442 \u043d\u0430\u0434\u0435\u0436\u043d\u043e\u0441\u0442\u044c \u0438 \u043a\u043e\u043c\u0444\u043e\u0440\u0442 \u0432 \u0438\u0441\u043f\u043e\u043b\u044c\u0437\u043e\u0432\u0430\u043d\u0438\u0438.\",\"breadcrumb\":{\"@id\":\"https:\\\/\\\/xstyle.md\\\/product\\\/ottjazhka-singing-rock-colt\\\/#breadcrumb\"},\"inLanguage\":\"ro-RO\",\"potentialAction\":[{\"@type\":\"ReadAction\",\"target\":[\"https:\\\/\\\/xstyle.md\\\/product\\\/ottjazhka-singing-rock-colt\\\/\"]}]},{\"@type\":\"ImageObject\",\"inLanguage\":\"ro-RO\",\"@id\":\"https:\\\/\\\/xstyle.md\\\/product\\\/ottjazhka-singing-rock-colt\\\/#primaryimage\",\"url\":\"https:\\\/\\\/xstyle.md\\\/wp-content\\\/uploads\\\/2021\\\/04\\\/singing_rock_colt.jpg\",\"contentUrl\":\"https:\\\/\\\/xstyle.md\\\/wp-content\\\/uploads\\\/2021\\\/04\\\/singing_rock_colt.jpg\",\"width\":1000,\"height\":1000,\"caption\":\"\u0418\u0437\u043e\u0431\u0440\u0430\u0436\u0435\u043d\u0438\u0435 \u043a\u0440\u0435\u043f\u043a\u043e\u0433\u043e \u0430\u043b\u044c\u043f\u0438\u043d\u0438\u0441\u0442\u0441\u043a\u043e\u0433\u043e \u0441\u043d\u0430\u0440\u044f\u0436\u0435\u043d\u0438\u044f Singing Rock Colt \u0434\u043b\u044f \u0430\u043a\u0442\u0438\u0432\u043d\u043e\u0433\u043e \u043e\u0442\u0434\u044b\u0445\u0430, \u0442\u0443\u0440\u0438\u0437\u043c\u0430 \u0438 \u0441\u043a\u0430\u043b\u043e\u043b\u0430\u0437\u0430\u043d\u0438\u044f \u0432 \u0438\u043d\u0442\u0435\u0440\u043d\u0435\u0442-\u043c\u0430\u0433\u0430\u0437\u0438\u043d\u0435 \u0441\u043f\u043e\u0440\u0442\u0438\u0432\u043d\u043e\u0439 \u043e\u0434\u0435\u0436\u0434\u044b \u0438 \u043e\u0431\u0443\u0432\u0438 \u0434\u043b\u044f \u043f\u043e\u0445\u043e\u0434\u043e\u0432 \u0438 \u043f\u0443\u0442\u0435\u0448\u0435\u0441\u0442\u0432\u0438\u0439\"},{\"@type\":\"BreadcrumbList\",\"@id\":\"https:\\\/\\\/xstyle.md\\\/product\\\/ottjazhka-singing-rock-colt\\\/#breadcrumb\",\"itemListElement\":[{\"@type\":\"ListItem\",\"position\":1,\"name\":\"\u0413\u043b\u0430\u0432\u043d\u0430\u044f \u0441\u0442\u0440\u0430\u043d\u0438\u0446\u0430\",\"item\":\"https:\\\/\\\/xstyle.md\\\/\"},{\"@type\":\"ListItem\",\"position\":2,\"name\":\"\u041c\u0430\u0433\u0430\u0437\u0438\u043d\",\"item\":\"https:\\\/\\\/xstyle.md\\\/shop\\\/\"},{\"@type\":\"ListItem\",\"position\":3,\"name\":\"\u041e\u0442\u0442\u044f\u0436\u043a\u0430 Singing Rock Colt\"}]},{\"@type\":\"WebSite\",\"@id\":\"https:\\\/\\\/xstyle.md\\\/#website\",\"url\":\"https:\\\/\\\/xstyle.md\\\/\",\"name\":\"\u041c\u0430\u0433\u0430\u0437\u0438\u043d Xstyle\",\"description\":\"C\u043d\u0430\u0440\u044f\u0436\u0435\u043d\u0438\u0435 \u0434\u043b\u044f \u0442\u0443\u0440\u0438\u0437\u043c\u0430 \u0438 \u044d\u043a\u0441\u0442\u0440\u0435\u043c\u0430\u043b\u044c\u043d\u044b\u0445 \u0432\u0438\u0434\u043e\u0432 \u0441\u043f\u043e\u0440\u0442\u0430 \u0432 \u041c\u043e\u043b\u0434\u043e\u0432\u0435.. \u0426\u0435\u043d\u044b, \u0444\u043e\u0442\u043e, \u0445\u0430\u0440\u0430\u043a\u0442\u0435\u0440\u0438\u0441\u0442\u0438\u043a\u0438 \u0432 \u041c\u043e\u043b\u0434\u043e\u0432\u0435.\",\"publisher\":{\"@id\":\"https:\\\/\\\/xstyle.md\\\/#organization\"},\"alternateName\":\"X-Style\",\"potentialAction\":[{\"@type\":\"SearchAction\",\"target\":{\"@type\":\"EntryPoint\",\"urlTemplate\":\"https:\\\/\\\/xstyle.md\\\/?s={search_term_string}\"},\"query-input\":{\"@type\":\"PropertyValueSpecification\",\"valueRequired\":true,\"valueName\":\"search_term_string\"}}],\"inLanguage\":\"ro-RO\"},{\"@type\":\"Organization\",\"@id\":\"https:\\\/\\\/xstyle.md\\\/#organization\",\"name\":\"\u041c\u0430\u0433\u0430\u0437\u0438\u043d Xstyle\",\"alternateName\":\"x-style\",\"url\":\"https:\\\/\\\/xstyle.md\\\/\",\"logo\":{\"@type\":\"ImageObject\",\"inLanguage\":\"ro-RO\",\"@id\":\"https:\\\/\\\/xstyle.md\\\/#\\\/schema\\\/logo\\\/image\\\/\",\"url\":\"https:\\\/\\\/xstyle.md\\\/wp-content\\\/uploads\\\/2020\\\/06\\\/logoicon.svg\",\"contentUrl\":\"https:\\\/\\\/xstyle.md\\\/wp-content\\\/uploads\\\/2020\\\/06\\\/logoicon.svg\",\"caption\":\"\u041c\u0430\u0433\u0430\u0437\u0438\u043d Xstyle\"},\"image\":{\"@id\":\"https:\\\/\\\/xstyle.md\\\/#\\\/schema\\\/logo\\\/image\\\/\"},\"sameAs\":[\"https:\\\/\\\/www.facebook.com\\\/xstylemd\",\"https:\\\/\\\/www.instagram.com\\\/xstyle_md\\\/\",\"https:\\\/\\\/t.me\\\/xstyle_outdoor\"],\"hasMerchantReturnPolicy\":{\"@type\":\"MerchantReturnPolicy\",\"merchantReturnLink\":\"https:\\\/\\\/xstyle.md\\\/ro\\\/conditions\\\/\"}}]}<\/script>\n<meta property=\"product:price:amount\" content=\"395.00\" \/>\n<meta property=\"product:price:currency\" content=\"MDL\" \/>\n<meta property=\"og:availability\" content=\"instock\" \/>\n<meta property=\"product:availability\" content=\"instock\" \/>\n<meta property=\"product:retailer_item_id\" content=\"8595033350991\" \/>\n<meta property=\"product:condition\" content=\"new\" \/>\n<!-- \/ Yoast SEO plugin. -->","yoast_head_json":{"title":"Bucl\u0103 Singing Rock Colt - Magazin Xstyle","description":"Atu\u0219a Singing Rock Colt este ideal\u0103 pentru escalad\u0103 alpin\u0103 \u0219i escalad\u0103 sportiv\u0103. Este rezistent\u0103, cu sistem de blocare tip carabin\u0103 cu cheie, oferind fiabilitate \u0219i confort \u00een utilizare.","robots":{"index":"index","follow":"follow","max-snippet":"max-snippet:-1","max-image-preview":"max-image-preview:large","max-video-preview":"max-video-preview:-1"},"canonical":"https:\/\/xstyle.md\/ro\/produs\/ottjazhka-singing-rock-colt\/","og_locale":"ro_RO","og_type":"article","og_title":"\u041e\u0442\u0442\u044f\u0436\u043a\u0430 Singing Rock Colt - \u041c\u0430\u0433\u0430\u0437\u0438\u043d Xstyle","og_description":"\u041e\u0442\u0442\u044f\u0436\u043a\u0430 Singing Rock Colt \u0438\u0434\u0435\u0430\u043b\u044c\u043d\u043e \u043f\u043e\u0434\u0445\u043e\u0434\u0438\u0442 \u0434\u043b\u044f \u0430\u043b\u044c\u043f\u0438\u043d\u0438\u0437\u043c\u0430 \u0438 \u0441\u043f\u043e\u0440\u0442\u0438\u0432\u043d\u043e\u0433\u043e \u0441\u043a\u0430\u043b\u043e\u043b\u0430\u0437\u0430\u043d\u0438\u044f. \u041f\u0440\u043e\u0447\u043d\u0430\u044f, \u0441 \u043a\u043b\u044e\u0447\u0435\u0432\u044b\u043c \u0437\u0430\u043c\u043a\u043e\u043c, \u043e\u0431\u0435\u0441\u043f\u0435\u0447\u0438\u0432\u0430\u0435\u0442 \u043d\u0430\u0434\u0435\u0436\u043d\u043e\u0441\u0442\u044c \u0438 \u043a\u043e\u043c\u0444\u043e\u0440\u0442 \u0432 \u0438\u0441\u043f\u043e\u043b\u044c\u0437\u043e\u0432\u0430\u043d\u0438\u0438.","og_url":"https:\/\/xstyle.md\/ro\/produs\/ottjazhka-singing-rock-colt\/","og_site_name":"\u041c\u0430\u0433\u0430\u0437\u0438\u043d Xstyle","article_publisher":"https:\/\/www.facebook.com\/xstylemd","article_modified_time":"2024-11-11T12:14:22+00:00","og_image":[{"width":1000,"height":1000,"url":"https:\/\/xstyle.md\/wp-content\/uploads\/2021\/04\/singing_rock_colt.jpg","type":"image\/jpeg"}],"twitter_card":"summary_large_image","twitter_misc":{"Pre\u021b":"395&nbsp;MDL","Disponibilitate":"\u00cen stoc"},"schema":{"@context":"https:\/\/schema.org","@graph":[{"@type":"WebPage","@id":"https:\/\/xstyle.md\/product\/ottjazhka-singing-rock-colt\/","url":"https:\/\/xstyle.md\/product\/ottjazhka-singing-rock-colt\/","name":"Bucl\u0103 Singing Rock Colt - Magazin Xstyle","isPartOf":{"@id":"https:\/\/xstyle.md\/#website"},"primaryImageOfPage":{"@id":"https:\/\/xstyle.md\/product\/ottjazhka-singing-rock-colt\/#primaryimage"},"image":{"@id":"https:\/\/xstyle.md\/product\/ottjazhka-singing-rock-colt\/#primaryimage"},"thumbnailUrl":"https:\/\/xstyle.md\/wp-content\/uploads\/2021\/04\/singing_rock_colt.jpg","datePublished":"2021-04-28T14:29:09+00:00","dateModified":"2024-11-11T12:14:22+00:00","description":"Atu\u0219a Singing Rock Colt este ideal\u0103 pentru escalad\u0103 alpin\u0103 \u0219i escalad\u0103 sportiv\u0103. Este rezistent\u0103, cu sistem de blocare tip carabin\u0103 cu cheie, oferind fiabilitate \u0219i confort \u00een utilizare.","breadcrumb":{"@id":"https:\/\/xstyle.md\/product\/ottjazhka-singing-rock-colt\/#breadcrumb"},"inLanguage":"ro-RO","potentialAction":[{"@type":"ReadAction","target":["https:\/\/xstyle.md\/product\/ottjazhka-singing-rock-colt\/"]}]},{"@type":"ImageObject","inLanguage":"ro-RO","@id":"https:\/\/xstyle.md\/product\/ottjazhka-singing-rock-colt\/#primaryimage","url":"https:\/\/xstyle.md\/wp-content\/uploads\/2021\/04\/singing_rock_colt.jpg","contentUrl":"https:\/\/xstyle.md\/wp-content\/uploads\/2021\/04\/singing_rock_colt.jpg","width":1000,"height":1000,"caption":"\u0418\u0437\u043e\u0431\u0440\u0430\u0436\u0435\u043d\u0438\u0435 \u043a\u0440\u0435\u043f\u043a\u043e\u0433\u043e \u0430\u043b\u044c\u043f\u0438\u043d\u0438\u0441\u0442\u0441\u043a\u043e\u0433\u043e \u0441\u043d\u0430\u0440\u044f\u0436\u0435\u043d\u0438\u044f Singing Rock Colt \u0434\u043b\u044f \u0430\u043a\u0442\u0438\u0432\u043d\u043e\u0433\u043e \u043e\u0442\u0434\u044b\u0445\u0430, \u0442\u0443\u0440\u0438\u0437\u043c\u0430 \u0438 \u0441\u043a\u0430\u043b\u043e\u043b\u0430\u0437\u0430\u043d\u0438\u044f \u0432 \u0438\u043d\u0442\u0435\u0440\u043d\u0435\u0442-\u043c\u0430\u0433\u0430\u0437\u0438\u043d\u0435 \u0441\u043f\u043e\u0440\u0442\u0438\u0432\u043d\u043e\u0439 \u043e\u0434\u0435\u0436\u0434\u044b \u0438 \u043e\u0431\u0443\u0432\u0438 \u0434\u043b\u044f \u043f\u043e\u0445\u043e\u0434\u043e\u0432 \u0438 \u043f\u0443\u0442\u0435\u0448\u0435\u0441\u0442\u0432\u0438\u0439"},{"@type":"BreadcrumbList","@id":"https:\/\/xstyle.md\/product\/ottjazhka-singing-rock-colt\/#breadcrumb","itemListElement":[{"@type":"ListItem","position":1,"name":"\u0413\u043b\u0430\u0432\u043d\u0430\u044f \u0441\u0442\u0440\u0430\u043d\u0438\u0446\u0430","item":"https:\/\/xstyle.md\/"},{"@type":"ListItem","position":2,"name":"\u041c\u0430\u0433\u0430\u0437\u0438\u043d","item":"https:\/\/xstyle.md\/shop\/"},{"@type":"ListItem","position":3,"name":"\u041e\u0442\u0442\u044f\u0436\u043a\u0430 Singing Rock Colt"}]},{"@type":"WebSite","@id":"https:\/\/xstyle.md\/#website","url":"https:\/\/xstyle.md\/","name":"Magazinul X-Style","description":"Echipamente pentru turism \u0219i sporturi extreme \u00een Moldova. Pre\u021buri, fotografii, caracteristici \u00een Moldova.","publisher":{"@id":"https:\/\/xstyle.md\/#organization"},"alternateName":"X-Style","potentialAction":[{"@type":"SearchAction","target":{"@type":"EntryPoint","urlTemplate":"https:\/\/xstyle.md\/?s={search_term_string}"},"query-input":{"@type":"PropertyValueSpecification","valueRequired":true,"valueName":"search_term_string"}}],"inLanguage":"ro-RO"},{"@type":"Organization","@id":"https:\/\/xstyle.md\/#organization","name":"Magazinul X-Style","alternateName":"x-style","url":"https:\/\/xstyle.md\/","logo":{"@type":"ImageObject","inLanguage":"ro-RO","@id":"https:\/\/xstyle.md\/#\/schema\/logo\/image\/","url":"https:\/\/xstyle.md\/wp-content\/uploads\/2020\/06\/logoicon.svg","contentUrl":"https:\/\/xstyle.md\/wp-content\/uploads\/2020\/06\/logoicon.svg","caption":"\u041c\u0430\u0433\u0430\u0437\u0438\u043d Xstyle"},"image":{"@id":"https:\/\/xstyle.md\/#\/schema\/logo\/image\/"},"sameAs":["https:\/\/www.facebook.com\/xstylemd","https:\/\/www.instagram.com\/xstyle_md\/","https:\/\/t.me\/xstyle_outdoor"],"hasMerchantReturnPolicy":{"@type":"MerchantReturnPolicy","merchantReturnLink":"https:\/\/xstyle.md\/ro\/conditions\/"}}]},"product_price_amount":"395.00","product_price_currency":"MDL","og_availability":"instock","product_availability":"instock","product_retailer_item_id":"8595033350991","product_condition":"new"},"post_mailing_queue_ids":[],"_links":{"self":[{"href":"https:\/\/xstyle.md\/ro\/wp-json\/wp\/v2\/product\/32492","targetHints":{"allow":["GET"]}}],"collection":[{"href":"https:\/\/xstyle.md\/ro\/wp-json\/wp\/v2\/product"}],"about":[{"href":"https:\/\/xstyle.md\/ro\/wp-json\/wp\/v2\/types\/product"}],"replies":[{"embeddable":true,"href":"https:\/\/xstyle.md\/ro\/wp-json\/wp\/v2\/comments?post=32492"}],"wp:featuredmedia":[{"embeddable":true,"href":"https:\/\/xstyle.md\/ro\/wp-json\/wp\/v2\/media\/32491"}],"wp:attachment":[{"href":"https:\/\/xstyle.md\/ro\/wp-json\/wp\/v2\/media?parent=32492"}],"wp:term":[{"taxonomy":"product_brand","embeddable":true,"href":"https:\/\/xstyle.md\/ro\/wp-json\/wp\/v2\/product_brand?post=32492"},{"taxonomy":"product_cat","embeddable":true,"href":"https:\/\/xstyle.md\/ro\/wp-json\/wp\/v2\/product_cat?post=32492"},{"taxonomy":"product_tag","embeddable":true,"href":"https:\/\/xstyle.md\/ro\/wp-json\/wp\/v2\/product_tag?post=32492"}],"curies":[{"name":"wp","href":"https:\/\/api.w.org\/{rel}","templated":true}]}}