{"id":32459,"date":"2021-04-28T17:28:05","date_gmt":"2021-04-28T14:28:05","guid":{"rendered":"https:\/\/xstyle.md\/product\/ottjazhka-singing-rock-sling-lanyard-80-cm\/"},"modified":"2026-04-07T15:23:36","modified_gmt":"2026-04-07T12:23:36","slug":"ottjazhka-singing-rock-sling-lanyard-80-cm","status":"publish","type":"product","link":"https:\/\/xstyle.md\/ro\/produs\/ottjazhka-singing-rock-sling-lanyard-80-cm\/","title":{"rendered":"Bucl\u0103 Singing Rock Sling Lanyard 80 cm"},"content":{"rendered":"<\/p>\n<p><strong>Singing Rock Sling Lanyard 80 cm<\/strong> este un element al unui lan\u021b de siguran\u021b\u0103 care previne posibilitatea de c\u0103dere de la \u00een\u0103l\u021bime. Este destinat utiliz\u0103rii cu fr\u00e2nghii statice \u0219i dinamice. Dac\u0103 este utilizat \u00een combina\u021bie cu elemente statice (fr\u00e2nghie static\u0103, bucl\u0103), \u00een cazul unui risc crescut de c\u0103dere, este necesar s\u0103 se utilizeze un amortizor suplimentar pentru a reduce for\u021ba de smucitur\u0103 dinamic\u0103.<\/p>\n<p>Confec\u021bionat\u0103 din dou\u0103 elemente, dintre care unul este introdus \u00een cel de-al doilea, o curea exterioar\u0103 goal\u0103 protejeaz\u0103 cureaua de transport ro\u0219ie interioar\u0103. \u00cen caz de deteriorare a curelei exterioare, utilizatorul este imediat informat de pericolul utiliz\u0103rii ulterioare prin observarea culorii ro\u0219ii a curelei interioare.<\/p>\n<h3>Particularit\u0103\u021bi<\/h3>\n<ul>\n<li>Cablul este testat \u00een conformitate cu EN 354 pentru cabluri de legare, EN 358 pentru dispozitive de pozi\u021bionare la locul de munc\u0103 \u0219i \u00een conformitate cu EN 795B pentru dispozitive de ancorare.<\/li>\n<li>Fabricat \u00een dou\u0103 buc\u0103\u021bi, una se introduce \u00een cea de-a doua bucat\u0103<\/li>\n<li>Banda exterioar\u0103 goal\u0103 protejeaz\u0103 banda interioar\u0103 ro\u0219ie de sus\u021binere a sarcinii<\/li>\n<\/ul>\n<h3>Caracteristici<\/h3>\n<ul>\n<li>L\u0103\u021bime &#8212; 20 mm<\/li>\n<li>Lungime &#8212; 80 cm<\/li>\n<li>Rezisten\u021b\u0103 &#8212; 22 kN<\/li>\n<li>Certificare &#8212; EN 354, EN 795B, CE 1019.<\/li>\n<\/ul>\n<h3>Marca<\/h3>\n<p>SINGING ROCK este o companie ceh\u0103 angajat\u0103 \u00een produc\u021bia de echipamente de alpinism \u0219i escalad\u0103. A fondat\u0103 \u00een 1992 de doi alpini\u0219ti cehi \u0219i de un om de afaceri belgian. Compania se concentreaz\u0103 pe utilizarea celor mai moderne progrese \u0219i evolu\u021bii \u00een produc\u021bie. SingingRock lucreaz\u0103 \u00een str\u00e2ns\u0103 leg\u0103tur\u0103 cu mul\u021bi alpini\u0219ti renumi\u021bi care testeaz\u0103 noile produse \u0219i ale c\u0103ror opinii suntotdeauna luate \u00een considerare \u00een timpul dezvolt\u0103rii.<\/p>\n<p>SINGING ROCK este una dintre cele mai importante companii din lume \u00een domeniul echipamentelor profesionale, \u00een scopul instruirii \u00een domeniul criminalit\u0103\u021bii, pentru militari \u0219 i pentru serviciile de urgen\u021b\u0103. Societatea furnizeaz\u0103 hamuri, fr\u00e2nghii, scripe\u021bi \u0219i carabiniere, dispozitive de cobor\u00e2re \u00een rapel, dispozitive de siguran\u021b\u0103 pentru lucrul \u00een\u0103l\u021bime, dispozitive de prindere ancorelor, fr\u00e2nghii de siguran\u021b\u0103 \u0219i alte echipamente necesare pentru acest tip de munc\u0103. Toate aceste produse sunt dezvoltate \u0219i fabricate \u00een Republica Ceh\u0103, \u00een Europa. Acestea sunt certificate \u0219i respect\u0103 standardele interna\u021bionale de securitate a muncii.<\/p>\n<p><\/p>","protected":false},"excerpt":{"rendered":"<p>Bucl\u0103 Singing Rock Sling Lanyard 80 cm<\/p>","protected":false},"featured_media":32458,"comment_status":"open","ping_status":"closed","template":"","meta":{"_acf_changed":false,"inline_featured_image":false},"product_brand":[1276],"product_cat":[159],"product_tag":[],"class_list":{"0":"post-32459","1":"product","2":"type-product","3":"status-publish","4":"has-post-thumbnail","6":"product_brand-singing-rock","7":"product_cat-carabiners","9":"first","10":"instock","11":"shipping-taxable","12":"purchasable","13":"product-type-simple"},"acf":[],"yoast_head":"<!-- This site is optimized with the Yoast SEO plugin v27.2 - https:\/\/yoast.com\/product\/yoast-seo-wordpress\/ -->\n<title>\u041e\u0442\u0442\u044f\u0436\u043a\u0430 Singing Rock Sling Lanyard 80 cm - \u041c\u0430\u0433\u0430\u0437\u0438\u043d Xstyle<\/title>\n<meta name=\"description\" content=\"\u041e\u0442\u0442\u044f\u0436\u043a\u0430 Singing Rock Sling Lanyard 80 \u0441\u043c \u043e\u0431\u0435\u0441\u043f\u0435\u0447\u0438\u0432\u0430\u0435\u0442 \u043d\u0430\u0434\u0435\u0436\u043d\u0443\u044e \u0437\u0430\u0449\u0438\u0442\u0443 \u043f\u0440\u0438 \u0440\u0430\u0431\u043e\u0442\u0435 \u043d\u0430 \u0432\u044b\u0441\u043e\u0442\u0435. \u0418\u0434\u0435\u0430\u043b\u044c\u043d\u0430 \u0434\u043b\u044f \u0438\u0441\u043f\u043e\u043b\u044c\u0437\u043e\u0432\u0430\u043d\u0438\u044f \u0441 \u0441\u0442\u0430\u0442\u0438\u0447\u0435\u0441\u043a\u0438\u043c\u0438 \u0438 \u0434\u0438\u043d\u0430\u043c\u0438\u0447\u0435\u0441\u043a\u0438\u043c\u0438 \u0432\u0435\u0440\u0435\u0432\u043a\u0430\u043c\u0438.\" \/>\n<meta name=\"robots\" content=\"index, follow, max-snippet:-1, max-image-preview:large, max-video-preview:-1\" \/>\n<link rel=\"canonical\" href=\"https:\/\/xstyle.md\/ro\/produs\/ottjazhka-singing-rock-sling-lanyard-80-cm\/\" \/>\n<meta property=\"og:locale\" content=\"ro_RO\" \/>\n<meta property=\"og:type\" content=\"article\" \/>\n<meta property=\"og:title\" content=\"\u041e\u0442\u0442\u044f\u0436\u043a\u0430 Singing Rock Sling Lanyard 80 cm - \u041c\u0430\u0433\u0430\u0437\u0438\u043d Xstyle\" \/>\n<meta property=\"og:description\" content=\"\u041e\u0442\u0442\u044f\u0436\u043a\u0430 Singing Rock Sling Lanyard 80 \u0441\u043c \u043e\u0431\u0435\u0441\u043f\u0435\u0447\u0438\u0432\u0430\u0435\u0442 \u043d\u0430\u0434\u0435\u0436\u043d\u0443\u044e \u0437\u0430\u0449\u0438\u0442\u0443 \u043f\u0440\u0438 \u0440\u0430\u0431\u043e\u0442\u0435 \u043d\u0430 \u0432\u044b\u0441\u043e\u0442\u0435. \u0418\u0434\u0435\u0430\u043b\u044c\u043d\u0430 \u0434\u043b\u044f \u0438\u0441\u043f\u043e\u043b\u044c\u0437\u043e\u0432\u0430\u043d\u0438\u044f \u0441 \u0441\u0442\u0430\u0442\u0438\u0447\u0435\u0441\u043a\u0438\u043c\u0438 \u0438 \u0434\u0438\u043d\u0430\u043c\u0438\u0447\u0435\u0441\u043a\u0438\u043c\u0438 \u0432\u0435\u0440\u0435\u0432\u043a\u0430\u043c\u0438.\" \/>\n<meta property=\"og:url\" content=\"https:\/\/xstyle.md\/ro\/produs\/ottjazhka-singing-rock-sling-lanyard-80-cm\/\" \/>\n<meta property=\"og:site_name\" content=\"\u041c\u0430\u0433\u0430\u0437\u0438\u043d Xstyle\" \/>\n<meta property=\"article:publisher\" content=\"https:\/\/www.facebook.com\/xstylemd\" \/>\n<meta property=\"article:modified_time\" content=\"2026-04-07T12:23:36+00:00\" \/>\n<meta property=\"og:image\" content=\"https:\/\/xstyle.md\/wp-content\/uploads\/2021\/04\/singing_rock_sling_lanyard_80_cm.jpg\" \/>\n\t<meta property=\"og:image:width\" content=\"432\" \/>\n\t<meta property=\"og:image:height\" content=\"502\" \/>\n\t<meta property=\"og:image:type\" content=\"image\/jpeg\" \/>\n<meta name=\"twitter:card\" content=\"summary_large_image\" \/>\n<meta name=\"twitter:label1\" content=\"Pre\u021b\" \/>\n\t<meta name=\"twitter:data1\" content=\"315&nbsp;MDL\" \/>\n\t<meta name=\"twitter:label2\" content=\"Disponibilitate\" \/>\n\t<meta name=\"twitter:data2\" content=\"\u00cen stoc\" \/>\n<script type=\"application\/ld+json\" class=\"yoast-schema-graph\">{\"@context\":\"https:\/\/schema.org\",\"@graph\":[{\"@type\":\"WebPage\",\"@id\":\"https:\/\/xstyle.md\/product\/ottjazhka-singing-rock-sling-lanyard-80-cm\/\",\"url\":\"https:\/\/xstyle.md\/product\/ottjazhka-singing-rock-sling-lanyard-80-cm\/\",\"name\":\"\u041e\u0442\u0442\u044f\u0436\u043a\u0430 Singing Rock Sling Lanyard 80 cm - \u041c\u0430\u0433\u0430\u0437\u0438\u043d Xstyle\",\"isPartOf\":{\"@id\":\"https:\/\/xstyle.md\/#website\"},\"primaryImageOfPage\":{\"@id\":\"https:\/\/xstyle.md\/product\/ottjazhka-singing-rock-sling-lanyard-80-cm\/#primaryimage\"},\"image\":{\"@id\":\"https:\/\/xstyle.md\/product\/ottjazhka-singing-rock-sling-lanyard-80-cm\/#primaryimage\"},\"thumbnailUrl\":\"https:\/\/xstyle.md\/wp-content\/uploads\/2021\/04\/singing_rock_sling_lanyard_80_cm.jpg\",\"datePublished\":\"2021-04-28T14:28:05+00:00\",\"dateModified\":\"2026-04-07T12:23:36+00:00\",\"description\":\"\u041e\u0442\u0442\u044f\u0436\u043a\u0430 Singing Rock Sling Lanyard 80 \u0441\u043c \u043e\u0431\u0435\u0441\u043f\u0435\u0447\u0438\u0432\u0430\u0435\u0442 \u043d\u0430\u0434\u0435\u0436\u043d\u0443\u044e \u0437\u0430\u0449\u0438\u0442\u0443 \u043f\u0440\u0438 \u0440\u0430\u0431\u043e\u0442\u0435 \u043d\u0430 \u0432\u044b\u0441\u043e\u0442\u0435. \u0418\u0434\u0435\u0430\u043b\u044c\u043d\u0430 \u0434\u043b\u044f \u0438\u0441\u043f\u043e\u043b\u044c\u0437\u043e\u0432\u0430\u043d\u0438\u044f \u0441 \u0441\u0442\u0430\u0442\u0438\u0447\u0435\u0441\u043a\u0438\u043c\u0438 \u0438 \u0434\u0438\u043d\u0430\u043c\u0438\u0447\u0435\u0441\u043a\u0438\u043c\u0438 \u0432\u0435\u0440\u0435\u0432\u043a\u0430\u043c\u0438.\",\"breadcrumb\":{\"@id\":\"https:\/\/xstyle.md\/product\/ottjazhka-singing-rock-sling-lanyard-80-cm\/#breadcrumb\"},\"inLanguage\":\"ro-RO\",\"potentialAction\":[{\"@type\":\"ReadAction\",\"target\":[\"https:\/\/xstyle.md\/product\/ottjazhka-singing-rock-sling-lanyard-80-cm\/\"]}]},{\"@type\":\"ImageObject\",\"inLanguage\":\"ro-RO\",\"@id\":\"https:\/\/xstyle.md\/product\/ottjazhka-singing-rock-sling-lanyard-80-cm\/#primaryimage\",\"url\":\"https:\/\/xstyle.md\/wp-content\/uploads\/2021\/04\/singing_rock_sling_lanyard_80_cm.jpg\",\"contentUrl\":\"https:\/\/xstyle.md\/wp-content\/uploads\/2021\/04\/singing_rock_sling_lanyard_80_cm.jpg\",\"width\":432,\"height\":502,\"caption\":\"\u0422\u043e\u0440\u0433\u043e\u0432\u0430\u044f \u043f\u0430\u043b\u0430\u0442\u043a\u0430 \u0434\u043b\u044f \u0430\u043a\u0442\u0438\u0432\u043d\u043e\u0433\u043e \u043e\u0442\u0434\u044b\u0445\u0430 \u0441 \u0440\u044e\u043a\u0437\u0430\u043a\u0430\u043c\u0438 \u043e\u0431\u0443\u0432\u044c\u044e \u0438 \u0441\u043d\u0430\u0440\u044f\u0436\u0435\u043d\u0438\u0435\u043c \u0434\u043b\u044f \u0442\u0443\u0440\u0438\u0437\u043c\u0430 \u0430\u043b\u044c\u043f\u0438\u043d\u0438\u0437\u043c\u0430 \u0438 \u043f\u0443\u0442\u0435\u0448\u0435\u0441\u0442\u0432\u0438\u0439 \u043d\u0430 \u043f\u0440\u0438\u0440\u043e\u0434\u0435\"},{\"@type\":\"BreadcrumbList\",\"@id\":\"https:\/\/xstyle.md\/product\/ottjazhka-singing-rock-sling-lanyard-80-cm\/#breadcrumb\",\"itemListElement\":[{\"@type\":\"ListItem\",\"position\":1,\"name\":\"\u0413\u043b\u0430\u0432\u043d\u0430\u044f \u0441\u0442\u0440\u0430\u043d\u0438\u0446\u0430\",\"item\":\"https:\/\/xstyle.md\/\"},{\"@type\":\"ListItem\",\"position\":2,\"name\":\"\u041c\u0430\u0433\u0430\u0437\u0438\u043d\",\"item\":\"https:\/\/xstyle.md\/shop\/\"},{\"@type\":\"ListItem\",\"position\":3,\"name\":\"\u041e\u0442\u0442\u044f\u0436\u043a\u0430 Singing Rock Sling Lanyard 80 cm\"}]},{\"@type\":\"WebSite\",\"@id\":\"https:\/\/xstyle.md\/#website\",\"url\":\"https:\/\/xstyle.md\/\",\"name\":\"\u041c\u0430\u0433\u0430\u0437\u0438\u043d Xstyle\",\"description\":\"C\u043d\u0430\u0440\u044f\u0436\u0435\u043d\u0438\u0435 \u0434\u043b\u044f \u0442\u0443\u0440\u0438\u0437\u043c\u0430 \u0438 \u044d\u043a\u0441\u0442\u0440\u0435\u043c\u0430\u043b\u044c\u043d\u044b\u0445 \u0432\u0438\u0434\u043e\u0432 \u0441\u043f\u043e\u0440\u0442\u0430 \u0432 \u041c\u043e\u043b\u0434\u043e\u0432\u0435.. \u0426\u0435\u043d\u044b, \u0444\u043e\u0442\u043e, \u0445\u0430\u0440\u0430\u043a\u0442\u0435\u0440\u0438\u0441\u0442\u0438\u043a\u0438 \u0432 \u041c\u043e\u043b\u0434\u043e\u0432\u0435.\",\"publisher\":{\"@id\":\"https:\/\/xstyle.md\/#organization\"},\"alternateName\":\"X-Style\",\"potentialAction\":[{\"@type\":\"SearchAction\",\"target\":{\"@type\":\"EntryPoint\",\"urlTemplate\":\"https:\/\/xstyle.md\/?s={search_term_string}\"},\"query-input\":{\"@type\":\"PropertyValueSpecification\",\"valueRequired\":true,\"valueName\":\"search_term_string\"}}],\"inLanguage\":\"ro-RO\"},{\"@type\":\"Organization\",\"@id\":\"https:\/\/xstyle.md\/#organization\",\"name\":\"\u041c\u0430\u0433\u0430\u0437\u0438\u043d Xstyle\",\"alternateName\":\"x-style\",\"url\":\"https:\/\/xstyle.md\/\",\"logo\":{\"@type\":\"ImageObject\",\"inLanguage\":\"ro-RO\",\"@id\":\"https:\/\/xstyle.md\/#\/schema\/logo\/image\/\",\"url\":\"https:\/\/xstyle.md\/wp-content\/uploads\/2020\/06\/logoicon.svg\",\"contentUrl\":\"https:\/\/xstyle.md\/wp-content\/uploads\/2020\/06\/logoicon.svg\",\"caption\":\"\u041c\u0430\u0433\u0430\u0437\u0438\u043d Xstyle\"},\"image\":{\"@id\":\"https:\/\/xstyle.md\/#\/schema\/logo\/image\/\"},\"sameAs\":[\"https:\/\/www.facebook.com\/xstylemd\",\"https:\/\/www.instagram.com\/xstyle_md\/\",\"https:\/\/t.me\/xstyle_outdoor\"],\"hasMerchantReturnPolicy\":{\"@type\":\"MerchantReturnPolicy\",\"merchantReturnLink\":\"https:\/\/xstyle.md\/ro\/conditions\/\"}}]}<\/script>\n<meta property=\"product:price:amount\" content=\"315.00\" \/>\n<meta property=\"product:price:currency\" content=\"MDL\" \/>\n<meta property=\"og:availability\" content=\"instock\" \/>\n<meta property=\"product:availability\" content=\"instock\" \/>\n<meta property=\"product:retailer_item_id\" content=\"8595033342781\" \/>\n<meta property=\"product:condition\" content=\"new\" \/>\n<!-- \/ Yoast SEO plugin. -->","yoast_head_json":{"title":"Bucl\u0103 Singing Rock Sling Lanyard 80 cm - Magazin Xstyle","description":"Atuarea Singing Rock Sling Lanyard de 80 cm asigur\u0103 o protec\u021bie fiabil\u0103 \u00een activit\u0103\u021bile la \u00een\u0103l\u021bime. Este ideal\u0103 pentru utilizarea cu fr\u00e2nghii statice \u0219i dinamice.","robots":{"index":"index","follow":"follow","max-snippet":"max-snippet:-1","max-image-preview":"max-image-preview:large","max-video-preview":"max-video-preview:-1"},"canonical":"https:\/\/xstyle.md\/ro\/produs\/ottjazhka-singing-rock-sling-lanyard-80-cm\/","og_locale":"ro_RO","og_type":"article","og_title":"\u041e\u0442\u0442\u044f\u0436\u043a\u0430 Singing Rock Sling Lanyard 80 cm - \u041c\u0430\u0433\u0430\u0437\u0438\u043d Xstyle","og_description":"\u041e\u0442\u0442\u044f\u0436\u043a\u0430 Singing Rock Sling Lanyard 80 \u0441\u043c \u043e\u0431\u0435\u0441\u043f\u0435\u0447\u0438\u0432\u0430\u0435\u0442 \u043d\u0430\u0434\u0435\u0436\u043d\u0443\u044e \u0437\u0430\u0449\u0438\u0442\u0443 \u043f\u0440\u0438 \u0440\u0430\u0431\u043e\u0442\u0435 \u043d\u0430 \u0432\u044b\u0441\u043e\u0442\u0435. \u0418\u0434\u0435\u0430\u043b\u044c\u043d\u0430 \u0434\u043b\u044f \u0438\u0441\u043f\u043e\u043b\u044c\u0437\u043e\u0432\u0430\u043d\u0438\u044f \u0441 \u0441\u0442\u0430\u0442\u0438\u0447\u0435\u0441\u043a\u0438\u043c\u0438 \u0438 \u0434\u0438\u043d\u0430\u043c\u0438\u0447\u0435\u0441\u043a\u0438\u043c\u0438 \u0432\u0435\u0440\u0435\u0432\u043a\u0430\u043c\u0438.","og_url":"https:\/\/xstyle.md\/ro\/produs\/ottjazhka-singing-rock-sling-lanyard-80-cm\/","og_site_name":"\u041c\u0430\u0433\u0430\u0437\u0438\u043d Xstyle","article_publisher":"https:\/\/www.facebook.com\/xstylemd","article_modified_time":"2026-04-07T12:23:36+00:00","og_image":[{"width":432,"height":502,"url":"https:\/\/xstyle.md\/wp-content\/uploads\/2021\/04\/singing_rock_sling_lanyard_80_cm.jpg","type":"image\/jpeg"}],"twitter_card":"summary_large_image","twitter_misc":{"Pre\u021b":"315&nbsp;MDL","Disponibilitate":"\u00cen stoc"},"schema":{"@context":"https:\/\/schema.org","@graph":[{"@type":"WebPage","@id":"https:\/\/xstyle.md\/product\/ottjazhka-singing-rock-sling-lanyard-80-cm\/","url":"https:\/\/xstyle.md\/product\/ottjazhka-singing-rock-sling-lanyard-80-cm\/","name":"Bucl\u0103 Singing Rock Sling Lanyard 80 cm - Magazin Xstyle","isPartOf":{"@id":"https:\/\/xstyle.md\/#website"},"primaryImageOfPage":{"@id":"https:\/\/xstyle.md\/product\/ottjazhka-singing-rock-sling-lanyard-80-cm\/#primaryimage"},"image":{"@id":"https:\/\/xstyle.md\/product\/ottjazhka-singing-rock-sling-lanyard-80-cm\/#primaryimage"},"thumbnailUrl":"https:\/\/xstyle.md\/wp-content\/uploads\/2021\/04\/singing_rock_sling_lanyard_80_cm.jpg","datePublished":"2021-04-28T14:28:05+00:00","dateModified":"2026-04-07T12:23:36+00:00","description":"Atuarea Singing Rock Sling Lanyard de 80 cm asigur\u0103 o protec\u021bie fiabil\u0103 \u00een activit\u0103\u021bile la \u00een\u0103l\u021bime. Este ideal\u0103 pentru utilizarea cu fr\u00e2nghii statice \u0219i dinamice.","breadcrumb":{"@id":"https:\/\/xstyle.md\/product\/ottjazhka-singing-rock-sling-lanyard-80-cm\/#breadcrumb"},"inLanguage":"ro-RO","potentialAction":[{"@type":"ReadAction","target":["https:\/\/xstyle.md\/product\/ottjazhka-singing-rock-sling-lanyard-80-cm\/"]}]},{"@type":"ImageObject","inLanguage":"ro-RO","@id":"https:\/\/xstyle.md\/product\/ottjazhka-singing-rock-sling-lanyard-80-cm\/#primaryimage","url":"https:\/\/xstyle.md\/wp-content\/uploads\/2021\/04\/singing_rock_sling_lanyard_80_cm.jpg","contentUrl":"https:\/\/xstyle.md\/wp-content\/uploads\/2021\/04\/singing_rock_sling_lanyard_80_cm.jpg","width":432,"height":502,"caption":"\u0422\u043e\u0440\u0433\u043e\u0432\u0430\u044f \u043f\u0430\u043b\u0430\u0442\u043a\u0430 \u0434\u043b\u044f \u0430\u043a\u0442\u0438\u0432\u043d\u043e\u0433\u043e \u043e\u0442\u0434\u044b\u0445\u0430 \u0441 \u0440\u044e\u043a\u0437\u0430\u043a\u0430\u043c\u0438 \u043e\u0431\u0443\u0432\u044c\u044e \u0438 \u0441\u043d\u0430\u0440\u044f\u0436\u0435\u043d\u0438\u0435\u043c \u0434\u043b\u044f \u0442\u0443\u0440\u0438\u0437\u043c\u0430 \u0430\u043b\u044c\u043f\u0438\u043d\u0438\u0437\u043c\u0430 \u0438 \u043f\u0443\u0442\u0435\u0448\u0435\u0441\u0442\u0432\u0438\u0439 \u043d\u0430 \u043f\u0440\u0438\u0440\u043e\u0434\u0435"},{"@type":"BreadcrumbList","@id":"https:\/\/xstyle.md\/product\/ottjazhka-singing-rock-sling-lanyard-80-cm\/#breadcrumb","itemListElement":[{"@type":"ListItem","position":1,"name":"\u0413\u043b\u0430\u0432\u043d\u0430\u044f \u0441\u0442\u0440\u0430\u043d\u0438\u0446\u0430","item":"https:\/\/xstyle.md\/"},{"@type":"ListItem","position":2,"name":"\u041c\u0430\u0433\u0430\u0437\u0438\u043d","item":"https:\/\/xstyle.md\/shop\/"},{"@type":"ListItem","position":3,"name":"\u041e\u0442\u0442\u044f\u0436\u043a\u0430 Singing Rock Sling Lanyard 80 cm"}]},{"@type":"WebSite","@id":"https:\/\/xstyle.md\/#website","url":"https:\/\/xstyle.md\/","name":"Magazinul X-Style","description":"Echipamente pentru turism \u0219i sporturi extreme \u00een Moldova. Pre\u021buri, fotografii, caracteristici \u00een Moldova.","publisher":{"@id":"https:\/\/xstyle.md\/#organization"},"alternateName":"X-Style","potentialAction":[{"@type":"SearchAction","target":{"@type":"EntryPoint","urlTemplate":"https:\/\/xstyle.md\/?s={search_term_string}"},"query-input":{"@type":"PropertyValueSpecification","valueRequired":true,"valueName":"search_term_string"}}],"inLanguage":"ro-RO"},{"@type":"Organization","@id":"https:\/\/xstyle.md\/#organization","name":"Magazinul X-Style","alternateName":"x-style","url":"https:\/\/xstyle.md\/","logo":{"@type":"ImageObject","inLanguage":"ro-RO","@id":"https:\/\/xstyle.md\/#\/schema\/logo\/image\/","url":"https:\/\/xstyle.md\/wp-content\/uploads\/2020\/06\/logoicon.svg","contentUrl":"https:\/\/xstyle.md\/wp-content\/uploads\/2020\/06\/logoicon.svg","caption":"\u041c\u0430\u0433\u0430\u0437\u0438\u043d Xstyle"},"image":{"@id":"https:\/\/xstyle.md\/#\/schema\/logo\/image\/"},"sameAs":["https:\/\/www.facebook.com\/xstylemd","https:\/\/www.instagram.com\/xstyle_md\/","https:\/\/t.me\/xstyle_outdoor"],"hasMerchantReturnPolicy":{"@type":"MerchantReturnPolicy","merchantReturnLink":"https:\/\/xstyle.md\/ro\/conditions\/"}}]},"product_price_amount":"315.00","product_price_currency":"MDL","og_availability":"instock","product_availability":"instock","product_retailer_item_id":"8595033342781","product_condition":"new"},"post_mailing_queue_ids":[],"_links":{"self":[{"href":"https:\/\/xstyle.md\/ro\/wp-json\/wp\/v2\/product\/32459","targetHints":{"allow":["GET"]}}],"collection":[{"href":"https:\/\/xstyle.md\/ro\/wp-json\/wp\/v2\/product"}],"about":[{"href":"https:\/\/xstyle.md\/ro\/wp-json\/wp\/v2\/types\/product"}],"replies":[{"embeddable":true,"href":"https:\/\/xstyle.md\/ro\/wp-json\/wp\/v2\/comments?post=32459"}],"wp:featuredmedia":[{"embeddable":true,"href":"https:\/\/xstyle.md\/ro\/wp-json\/wp\/v2\/media\/32458"}],"wp:attachment":[{"href":"https:\/\/xstyle.md\/ro\/wp-json\/wp\/v2\/media?parent=32459"}],"wp:term":[{"taxonomy":"product_brand","embeddable":true,"href":"https:\/\/xstyle.md\/ro\/wp-json\/wp\/v2\/product_brand?post=32459"},{"taxonomy":"product_cat","embeddable":true,"href":"https:\/\/xstyle.md\/ro\/wp-json\/wp\/v2\/product_cat?post=32459"},{"taxonomy":"product_tag","embeddable":true,"href":"https:\/\/xstyle.md\/ro\/wp-json\/wp\/v2\/product_tag?post=32459"}],"curies":[{"name":"wp","href":"https:\/\/api.w.org\/{rel}","templated":true}]}}