{"id":32410,"date":"2021-04-28T17:26:33","date_gmt":"2021-04-28T14:26:33","guid":{"rendered":"https:\/\/xstyle.md\/product\/krem-sidas-anti-friction-cream-15ml\/"},"modified":"2024-11-24T01:56:13","modified_gmt":"2024-11-23T22:56:13","slug":"krem-sidas-anti-friction-cream-15ml","status":"publish","type":"product","link":"https:\/\/xstyle.md\/ro\/produs\/krem-sidas-anti-friction-cream-15ml\/","title":{"rendered":"Crem\u0103 Sidas Anti Friction Cream 15ml"},"content":{"rendered":"<\/p>\n<p>Crem\u0103 <strong>Sidas Anti Friction Cream 15ml <\/strong>&#8212; pentru prevenirea b\u0103\u0219icilor, special concepute pentru sporturi precum alergarea, trekking, mersul pe jos, sporturi de echip\u0103 \u0219i, de asemenea, pentru utilizarea zilnic\u0103. Fabricat \u00een Fran\u021ba din ingrediente naturale.<\/p>\n<h3>Particularit\u0103\u021bi<\/h3>\n<ul>\n<li>Previne formarea de b\u0103t\u0103turi \u0219i calusuri<\/li>\n<li>Men\u021bine pielea hidratat\u0103<\/li>\n<li>Protejeaz\u0103 pielea \u00eempotriva tuturor formelor de activitate, form\u00e2nd o pelicul\u0103 sub\u021bire la suprafa\u021ba pielii<\/li>\n<li>Aplica\u021bi pe zonele problematice de pe picioare \u00eenainte de a face sport pentru protec\u021bie \u0219i confort maxim<\/li>\n<li>Con\u021bine numai ingrediente naturale \u0219i vitamina E.<\/li>\n<\/ul>\n<h3>Caracteristici<\/h3>\n<ul>\n<li>99% ingrediente naturale: unt de shea, colagen marin, vitamina E, extracte de hamamelis, f\u0103r\u0103 parabeni \u0219i PEG, con\u021bine conservan\u021bi naturali.<\/li>\n<li>Volum 15ml.<\/li>\n<\/ul>\n<p><\/p>","protected":false},"excerpt":{"rendered":"<p>Crem\u0103 Sidas Anti Friction Cream 15ml<\/p>","protected":false},"featured_media":32409,"comment_status":"open","ping_status":"closed","template":"","meta":{"_acf_changed":false,"inline_featured_image":false},"product_brand":[1424],"product_cat":[484,315],"product_tag":[],"class_list":{"0":"post-32410","1":"product","2":"type-product","3":"status-publish","4":"has-post-thumbnail","6":"product_brand-sidas","7":"product_cat-shoe-accessories","8":"product_cat-protection","10":"first","11":"instock","12":"shipping-taxable","13":"purchasable","14":"product-type-simple"},"acf":[],"yoast_head":"<!-- This site is optimized with the Yoast SEO plugin v27.2 - https:\/\/yoast.com\/product\/yoast-seo-wordpress\/ -->\n<title>\u041a\u0440\u0435\u043c Sidas Anti Friction Cream 15ml - \u041c\u0430\u0433\u0430\u0437\u0438\u043d Xstyle<\/title>\n<meta name=\"description\" content=\"\u041a\u0440\u0435\u043c Sidas Anti Friction 15 \u043c\u043b \u043f\u0440\u0435\u0434\u043e\u0442\u0432\u0440\u0430\u0449\u0430\u0435\u0442 \u043f\u043e\u0442\u0435\u0440\u0442\u043e\u0441\u0442\u0438 \u0438 \u043c\u043e\u0437\u043e\u043b\u0438, \u0441\u043e\u0445\u0440\u0430\u043d\u044f\u0435\u0442 \u043a\u043e\u0436\u0443 \u0443\u0432\u043b\u0430\u0436\u043d\u0435\u043d\u043d\u043e\u0439. \u0418\u0434\u0435\u0430\u043b\u0435\u043d \u0434\u043b\u044f \u0441\u043f\u043e\u0440\u0442\u0430 \u0438 \u043f\u043e\u0432\u0441\u0435\u0434\u043d\u0435\u0432\u043d\u043e\u0433\u043e \u0438\u0441\u043f\u043e\u043b\u044c\u0437\u043e\u0432\u0430\u043d\u0438\u044f.\" \/>\n<meta name=\"robots\" content=\"index, follow, max-snippet:-1, max-image-preview:large, max-video-preview:-1\" \/>\n<link rel=\"canonical\" href=\"https:\/\/xstyle.md\/ro\/produs\/krem-sidas-anti-friction-cream-15ml\/\" \/>\n<meta property=\"og:locale\" content=\"ro_RO\" \/>\n<meta property=\"og:type\" content=\"article\" \/>\n<meta property=\"og:title\" content=\"\u041a\u0440\u0435\u043c Sidas Anti Friction Cream 15ml - \u041c\u0430\u0433\u0430\u0437\u0438\u043d Xstyle\" \/>\n<meta property=\"og:description\" content=\"\u041a\u0440\u0435\u043c Sidas Anti Friction 15 \u043c\u043b \u043f\u0440\u0435\u0434\u043e\u0442\u0432\u0440\u0430\u0449\u0430\u0435\u0442 \u043f\u043e\u0442\u0435\u0440\u0442\u043e\u0441\u0442\u0438 \u0438 \u043c\u043e\u0437\u043e\u043b\u0438, \u0441\u043e\u0445\u0440\u0430\u043d\u044f\u0435\u0442 \u043a\u043e\u0436\u0443 \u0443\u0432\u043b\u0430\u0436\u043d\u0435\u043d\u043d\u043e\u0439. \u0418\u0434\u0435\u0430\u043b\u0435\u043d \u0434\u043b\u044f \u0441\u043f\u043e\u0440\u0442\u0430 \u0438 \u043f\u043e\u0432\u0441\u0435\u0434\u043d\u0435\u0432\u043d\u043e\u0433\u043e \u0438\u0441\u043f\u043e\u043b\u044c\u0437\u043e\u0432\u0430\u043d\u0438\u044f.\" \/>\n<meta property=\"og:url\" content=\"https:\/\/xstyle.md\/ro\/produs\/krem-sidas-anti-friction-cream-15ml\/\" \/>\n<meta property=\"og:site_name\" content=\"\u041c\u0430\u0433\u0430\u0437\u0438\u043d Xstyle\" \/>\n<meta property=\"article:publisher\" content=\"https:\/\/www.facebook.com\/xstylemd\" \/>\n<meta property=\"article:modified_time\" content=\"2024-11-23T22:56:13+00:00\" \/>\n<meta property=\"og:image\" content=\"https:\/\/xstyle.md\/wp-content\/uploads\/2021\/04\/sidas_anti_friction_cream_15ml.jpg\" \/>\n\t<meta property=\"og:image:width\" content=\"241\" \/>\n\t<meta property=\"og:image:height\" content=\"643\" \/>\n\t<meta property=\"og:image:type\" content=\"image\/jpeg\" \/>\n<meta name=\"twitter:card\" content=\"summary_large_image\" \/>\n<meta name=\"twitter:label1\" content=\"Pre\u021b\" \/>\n\t<meta name=\"twitter:data1\" content=\"125&nbsp;MDL\" \/>\n\t<meta name=\"twitter:label2\" content=\"Disponibilitate\" \/>\n\t<meta name=\"twitter:data2\" content=\"\u00cen stoc\" \/>\n<script type=\"application\/ld+json\" class=\"yoast-schema-graph\">{\"@context\":\"https:\/\/schema.org\",\"@graph\":[{\"@type\":\"WebPage\",\"@id\":\"https:\/\/xstyle.md\/product\/krem-sidas-anti-friction-cream-15ml\/\",\"url\":\"https:\/\/xstyle.md\/product\/krem-sidas-anti-friction-cream-15ml\/\",\"name\":\"\u041a\u0440\u0435\u043c Sidas Anti Friction Cream 15ml - \u041c\u0430\u0433\u0430\u0437\u0438\u043d Xstyle\",\"isPartOf\":{\"@id\":\"https:\/\/xstyle.md\/#website\"},\"primaryImageOfPage\":{\"@id\":\"https:\/\/xstyle.md\/product\/krem-sidas-anti-friction-cream-15ml\/#primaryimage\"},\"image\":{\"@id\":\"https:\/\/xstyle.md\/product\/krem-sidas-anti-friction-cream-15ml\/#primaryimage\"},\"thumbnailUrl\":\"https:\/\/xstyle.md\/wp-content\/uploads\/2021\/04\/sidas_anti_friction_cream_15ml.jpg\",\"datePublished\":\"2021-04-28T14:26:33+00:00\",\"dateModified\":\"2024-11-23T22:56:13+00:00\",\"description\":\"\u041a\u0440\u0435\u043c Sidas Anti Friction 15 \u043c\u043b \u043f\u0440\u0435\u0434\u043e\u0442\u0432\u0440\u0430\u0449\u0430\u0435\u0442 \u043f\u043e\u0442\u0435\u0440\u0442\u043e\u0441\u0442\u0438 \u0438 \u043c\u043e\u0437\u043e\u043b\u0438, \u0441\u043e\u0445\u0440\u0430\u043d\u044f\u0435\u0442 \u043a\u043e\u0436\u0443 \u0443\u0432\u043b\u0430\u0436\u043d\u0435\u043d\u043d\u043e\u0439. \u0418\u0434\u0435\u0430\u043b\u0435\u043d \u0434\u043b\u044f \u0441\u043f\u043e\u0440\u0442\u0430 \u0438 \u043f\u043e\u0432\u0441\u0435\u0434\u043d\u0435\u0432\u043d\u043e\u0433\u043e \u0438\u0441\u043f\u043e\u043b\u044c\u0437\u043e\u0432\u0430\u043d\u0438\u044f.\",\"breadcrumb\":{\"@id\":\"https:\/\/xstyle.md\/product\/krem-sidas-anti-friction-cream-15ml\/#breadcrumb\"},\"inLanguage\":\"ro-RO\",\"potentialAction\":[{\"@type\":\"ReadAction\",\"target\":[\"https:\/\/xstyle.md\/product\/krem-sidas-anti-friction-cream-15ml\/\"]}]},{\"@type\":\"ImageObject\",\"inLanguage\":\"ro-RO\",\"@id\":\"https:\/\/xstyle.md\/product\/krem-sidas-anti-friction-cream-15ml\/#primaryimage\",\"url\":\"https:\/\/xstyle.md\/wp-content\/uploads\/2021\/04\/sidas_anti_friction_cream_15ml.jpg\",\"contentUrl\":\"https:\/\/xstyle.md\/wp-content\/uploads\/2021\/04\/sidas_anti_friction_cream_15ml.jpg\",\"width\":241,\"height\":643,\"caption\":\"\u041a\u0440\u0435\u043c \u0434\u043b\u044f \u043f\u0440\u0435\u0434\u043e\u0442\u0432\u0440\u0430\u0449\u0435\u043d\u0438\u044f \u0442\u0440\u0435\u043d\u0438\u044f Sidas 15\u043c\u043b \u0434\u043b\u044f \u0430\u043a\u0442\u0438\u0432\u043d\u043e\u0433\u043e \u043e\u0442\u0434\u044b\u0445\u0430, \u0430\u043b\u044c\u043f\u0438\u043d\u0438\u0437\u043c\u0430 \u0438 \u043f\u0443\u0442\u0435\u0448\u0435\u0441\u0442\u0432\u0438\u0439, \u043e\u0431\u0443\u0432\u044c \u0438 \u044d\u043a\u0438\u043f\u0438\u0440\u043e\u0432\u043a\u0430 \u0434\u043b\u044f \u043f\u043e\u0445\u043e\u0434\u043e\u0432 \u0438 \u0442\u0443\u0440\u0438\u0437\u043c\u0430\"},{\"@type\":\"BreadcrumbList\",\"@id\":\"https:\/\/xstyle.md\/product\/krem-sidas-anti-friction-cream-15ml\/#breadcrumb\",\"itemListElement\":[{\"@type\":\"ListItem\",\"position\":1,\"name\":\"\u0413\u043b\u0430\u0432\u043d\u0430\u044f \u0441\u0442\u0440\u0430\u043d\u0438\u0446\u0430\",\"item\":\"https:\/\/xstyle.md\/\"},{\"@type\":\"ListItem\",\"position\":2,\"name\":\"\u041c\u0430\u0433\u0430\u0437\u0438\u043d\",\"item\":\"https:\/\/xstyle.md\/shop\/\"},{\"@type\":\"ListItem\",\"position\":3,\"name\":\"\u041a\u0440\u0435\u043c Sidas Anti Friction Cream 15ml\"}]},{\"@type\":\"WebSite\",\"@id\":\"https:\/\/xstyle.md\/#website\",\"url\":\"https:\/\/xstyle.md\/\",\"name\":\"\u041c\u0430\u0433\u0430\u0437\u0438\u043d Xstyle\",\"description\":\"C\u043d\u0430\u0440\u044f\u0436\u0435\u043d\u0438\u0435 \u0434\u043b\u044f \u0442\u0443\u0440\u0438\u0437\u043c\u0430 \u0438 \u044d\u043a\u0441\u0442\u0440\u0435\u043c\u0430\u043b\u044c\u043d\u044b\u0445 \u0432\u0438\u0434\u043e\u0432 \u0441\u043f\u043e\u0440\u0442\u0430 \u0432 \u041c\u043e\u043b\u0434\u043e\u0432\u0435.. \u0426\u0435\u043d\u044b, \u0444\u043e\u0442\u043e, \u0445\u0430\u0440\u0430\u043a\u0442\u0435\u0440\u0438\u0441\u0442\u0438\u043a\u0438 \u0432 \u041c\u043e\u043b\u0434\u043e\u0432\u0435.\",\"publisher\":{\"@id\":\"https:\/\/xstyle.md\/#organization\"},\"alternateName\":\"X-Style\",\"potentialAction\":[{\"@type\":\"SearchAction\",\"target\":{\"@type\":\"EntryPoint\",\"urlTemplate\":\"https:\/\/xstyle.md\/?s={search_term_string}\"},\"query-input\":{\"@type\":\"PropertyValueSpecification\",\"valueRequired\":true,\"valueName\":\"search_term_string\"}}],\"inLanguage\":\"ro-RO\"},{\"@type\":\"Organization\",\"@id\":\"https:\/\/xstyle.md\/#organization\",\"name\":\"\u041c\u0430\u0433\u0430\u0437\u0438\u043d Xstyle\",\"alternateName\":\"x-style\",\"url\":\"https:\/\/xstyle.md\/\",\"logo\":{\"@type\":\"ImageObject\",\"inLanguage\":\"ro-RO\",\"@id\":\"https:\/\/xstyle.md\/#\/schema\/logo\/image\/\",\"url\":\"https:\/\/xstyle.md\/wp-content\/uploads\/2020\/06\/logoicon.svg\",\"contentUrl\":\"https:\/\/xstyle.md\/wp-content\/uploads\/2020\/06\/logoicon.svg\",\"caption\":\"\u041c\u0430\u0433\u0430\u0437\u0438\u043d Xstyle\"},\"image\":{\"@id\":\"https:\/\/xstyle.md\/#\/schema\/logo\/image\/\"},\"sameAs\":[\"https:\/\/www.facebook.com\/xstylemd\",\"https:\/\/www.instagram.com\/xstyle_md\/\",\"https:\/\/t.me\/xstyle_outdoor\"],\"hasMerchantReturnPolicy\":{\"@type\":\"MerchantReturnPolicy\",\"merchantReturnLink\":\"https:\/\/xstyle.md\/ro\/conditions\/\"}}]}<\/script>\n<meta property=\"product:price:amount\" content=\"125.00\" \/>\n<meta property=\"product:price:currency\" content=\"MDL\" \/>\n<meta property=\"og:availability\" content=\"instock\" \/>\n<meta property=\"product:availability\" content=\"instock\" \/>\n<meta property=\"product:retailer_item_id\" content=\"3661267088971\" \/>\n<meta property=\"product:condition\" content=\"new\" \/>\n<!-- \/ Yoast SEO plugin. -->","yoast_head_json":{"title":"Crem\u0103 Sidas Anti Friction Cream 15ml - Magazin Xstyle","description":"Crema Sidas Anti Friction 15 ml previne frec\u0103turile \u0219i b\u0103t\u0103turile, men\u021bine pielea hidratat\u0103. Ideal pentru sport \u0219i utilizare zilnic\u0103.","robots":{"index":"index","follow":"follow","max-snippet":"max-snippet:-1","max-image-preview":"max-image-preview:large","max-video-preview":"max-video-preview:-1"},"canonical":"https:\/\/xstyle.md\/ro\/produs\/krem-sidas-anti-friction-cream-15ml\/","og_locale":"ro_RO","og_type":"article","og_title":"\u041a\u0440\u0435\u043c Sidas Anti Friction Cream 15ml - \u041c\u0430\u0433\u0430\u0437\u0438\u043d Xstyle","og_description":"\u041a\u0440\u0435\u043c Sidas Anti Friction 15 \u043c\u043b \u043f\u0440\u0435\u0434\u043e\u0442\u0432\u0440\u0430\u0449\u0430\u0435\u0442 \u043f\u043e\u0442\u0435\u0440\u0442\u043e\u0441\u0442\u0438 \u0438 \u043c\u043e\u0437\u043e\u043b\u0438, \u0441\u043e\u0445\u0440\u0430\u043d\u044f\u0435\u0442 \u043a\u043e\u0436\u0443 \u0443\u0432\u043b\u0430\u0436\u043d\u0435\u043d\u043d\u043e\u0439. \u0418\u0434\u0435\u0430\u043b\u0435\u043d \u0434\u043b\u044f \u0441\u043f\u043e\u0440\u0442\u0430 \u0438 \u043f\u043e\u0432\u0441\u0435\u0434\u043d\u0435\u0432\u043d\u043e\u0433\u043e \u0438\u0441\u043f\u043e\u043b\u044c\u0437\u043e\u0432\u0430\u043d\u0438\u044f.","og_url":"https:\/\/xstyle.md\/ro\/produs\/krem-sidas-anti-friction-cream-15ml\/","og_site_name":"\u041c\u0430\u0433\u0430\u0437\u0438\u043d Xstyle","article_publisher":"https:\/\/www.facebook.com\/xstylemd","article_modified_time":"2024-11-23T22:56:13+00:00","og_image":[{"width":241,"height":643,"url":"https:\/\/xstyle.md\/wp-content\/uploads\/2021\/04\/sidas_anti_friction_cream_15ml.jpg","type":"image\/jpeg"}],"twitter_card":"summary_large_image","twitter_misc":{"Pre\u021b":"125&nbsp;MDL","Disponibilitate":"\u00cen stoc"},"schema":{"@context":"https:\/\/schema.org","@graph":[{"@type":"WebPage","@id":"https:\/\/xstyle.md\/product\/krem-sidas-anti-friction-cream-15ml\/","url":"https:\/\/xstyle.md\/product\/krem-sidas-anti-friction-cream-15ml\/","name":"Crem\u0103 Sidas Anti Friction Cream 15ml - Magazin Xstyle","isPartOf":{"@id":"https:\/\/xstyle.md\/#website"},"primaryImageOfPage":{"@id":"https:\/\/xstyle.md\/product\/krem-sidas-anti-friction-cream-15ml\/#primaryimage"},"image":{"@id":"https:\/\/xstyle.md\/product\/krem-sidas-anti-friction-cream-15ml\/#primaryimage"},"thumbnailUrl":"https:\/\/xstyle.md\/wp-content\/uploads\/2021\/04\/sidas_anti_friction_cream_15ml.jpg","datePublished":"2021-04-28T14:26:33+00:00","dateModified":"2024-11-23T22:56:13+00:00","description":"Crema Sidas Anti Friction 15 ml previne frec\u0103turile \u0219i b\u0103t\u0103turile, men\u021bine pielea hidratat\u0103. Ideal pentru sport \u0219i utilizare zilnic\u0103.","breadcrumb":{"@id":"https:\/\/xstyle.md\/product\/krem-sidas-anti-friction-cream-15ml\/#breadcrumb"},"inLanguage":"ro-RO","potentialAction":[{"@type":"ReadAction","target":["https:\/\/xstyle.md\/product\/krem-sidas-anti-friction-cream-15ml\/"]}]},{"@type":"ImageObject","inLanguage":"ro-RO","@id":"https:\/\/xstyle.md\/product\/krem-sidas-anti-friction-cream-15ml\/#primaryimage","url":"https:\/\/xstyle.md\/wp-content\/uploads\/2021\/04\/sidas_anti_friction_cream_15ml.jpg","contentUrl":"https:\/\/xstyle.md\/wp-content\/uploads\/2021\/04\/sidas_anti_friction_cream_15ml.jpg","width":241,"height":643,"caption":"\u041a\u0440\u0435\u043c \u0434\u043b\u044f \u043f\u0440\u0435\u0434\u043e\u0442\u0432\u0440\u0430\u0449\u0435\u043d\u0438\u044f \u0442\u0440\u0435\u043d\u0438\u044f Sidas 15\u043c\u043b \u0434\u043b\u044f \u0430\u043a\u0442\u0438\u0432\u043d\u043e\u0433\u043e \u043e\u0442\u0434\u044b\u0445\u0430, \u0430\u043b\u044c\u043f\u0438\u043d\u0438\u0437\u043c\u0430 \u0438 \u043f\u0443\u0442\u0435\u0448\u0435\u0441\u0442\u0432\u0438\u0439, \u043e\u0431\u0443\u0432\u044c \u0438 \u044d\u043a\u0438\u043f\u0438\u0440\u043e\u0432\u043a\u0430 \u0434\u043b\u044f \u043f\u043e\u0445\u043e\u0434\u043e\u0432 \u0438 \u0442\u0443\u0440\u0438\u0437\u043c\u0430"},{"@type":"BreadcrumbList","@id":"https:\/\/xstyle.md\/product\/krem-sidas-anti-friction-cream-15ml\/#breadcrumb","itemListElement":[{"@type":"ListItem","position":1,"name":"\u0413\u043b\u0430\u0432\u043d\u0430\u044f \u0441\u0442\u0440\u0430\u043d\u0438\u0446\u0430","item":"https:\/\/xstyle.md\/"},{"@type":"ListItem","position":2,"name":"\u041c\u0430\u0433\u0430\u0437\u0438\u043d","item":"https:\/\/xstyle.md\/shop\/"},{"@type":"ListItem","position":3,"name":"\u041a\u0440\u0435\u043c Sidas Anti Friction Cream 15ml"}]},{"@type":"WebSite","@id":"https:\/\/xstyle.md\/#website","url":"https:\/\/xstyle.md\/","name":"Magazinul X-Style","description":"Echipamente pentru turism \u0219i sporturi extreme \u00een Moldova. Pre\u021buri, fotografii, caracteristici \u00een Moldova.","publisher":{"@id":"https:\/\/xstyle.md\/#organization"},"alternateName":"X-Style","potentialAction":[{"@type":"SearchAction","target":{"@type":"EntryPoint","urlTemplate":"https:\/\/xstyle.md\/?s={search_term_string}"},"query-input":{"@type":"PropertyValueSpecification","valueRequired":true,"valueName":"search_term_string"}}],"inLanguage":"ro-RO"},{"@type":"Organization","@id":"https:\/\/xstyle.md\/#organization","name":"Magazinul X-Style","alternateName":"x-style","url":"https:\/\/xstyle.md\/","logo":{"@type":"ImageObject","inLanguage":"ro-RO","@id":"https:\/\/xstyle.md\/#\/schema\/logo\/image\/","url":"https:\/\/xstyle.md\/wp-content\/uploads\/2020\/06\/logoicon.svg","contentUrl":"https:\/\/xstyle.md\/wp-content\/uploads\/2020\/06\/logoicon.svg","caption":"\u041c\u0430\u0433\u0430\u0437\u0438\u043d Xstyle"},"image":{"@id":"https:\/\/xstyle.md\/#\/schema\/logo\/image\/"},"sameAs":["https:\/\/www.facebook.com\/xstylemd","https:\/\/www.instagram.com\/xstyle_md\/","https:\/\/t.me\/xstyle_outdoor"],"hasMerchantReturnPolicy":{"@type":"MerchantReturnPolicy","merchantReturnLink":"https:\/\/xstyle.md\/ro\/conditions\/"}}]},"product_price_amount":"125.00","product_price_currency":"MDL","og_availability":"instock","product_availability":"instock","product_retailer_item_id":"3661267088971","product_condition":"new"},"post_mailing_queue_ids":[],"_links":{"self":[{"href":"https:\/\/xstyle.md\/ro\/wp-json\/wp\/v2\/product\/32410","targetHints":{"allow":["GET"]}}],"collection":[{"href":"https:\/\/xstyle.md\/ro\/wp-json\/wp\/v2\/product"}],"about":[{"href":"https:\/\/xstyle.md\/ro\/wp-json\/wp\/v2\/types\/product"}],"replies":[{"embeddable":true,"href":"https:\/\/xstyle.md\/ro\/wp-json\/wp\/v2\/comments?post=32410"}],"wp:featuredmedia":[{"embeddable":true,"href":"https:\/\/xstyle.md\/ro\/wp-json\/wp\/v2\/media\/32409"}],"wp:attachment":[{"href":"https:\/\/xstyle.md\/ro\/wp-json\/wp\/v2\/media?parent=32410"}],"wp:term":[{"taxonomy":"product_brand","embeddable":true,"href":"https:\/\/xstyle.md\/ro\/wp-json\/wp\/v2\/product_brand?post=32410"},{"taxonomy":"product_cat","embeddable":true,"href":"https:\/\/xstyle.md\/ro\/wp-json\/wp\/v2\/product_cat?post=32410"},{"taxonomy":"product_tag","embeddable":true,"href":"https:\/\/xstyle.md\/ro\/wp-json\/wp\/v2\/product_tag?post=32410"}],"curies":[{"name":"wp","href":"https:\/\/api.w.org\/{rel}","templated":true}]}}