{"id":32408,"date":"2021-04-28T17:26:30","date_gmt":"2021-04-28T14:26:30","guid":{"rendered":"https:\/\/xstyle.md\/product\/brjuki-detskie-reimatec-kinsei-bright-salmon\/"},"modified":"2026-03-04T12:24:09","modified_gmt":"2026-03-04T09:24:09","slug":"reimatec-kinsei-jr-bright-salmon","status":"publish","type":"product","link":"https:\/\/xstyle.md\/ro\/produs\/reimatec-kinsei-jr-bright-salmon\/","title":{"rendered":"Pantaloni Reimatec Kinsei JR bright salmon"},"content":{"rendered":"<p><strong>Reimatec Kinsei bright salmon<\/strong> &#8212; \u0434\u0435\u0442\u0441\u043a\u0438\u0435 \u0431\u0440\u044e\u043a\u0438 \u0441\u0448\u0438\u0442\u044b \u0438\u0437 \u043d\u0435\u043e\u0431\u044b\u043a\u043d\u043e\u0432\u0435\u043d\u043d\u043e \u043c\u044f\u0433\u043a\u043e\u0433\u043e \u043c\u0430\u0442\u0435\u0440\u0438\u0430\u043b\u0430 \u2013 \u0441\u043c\u0435\u0441\u0438 \u043c\u0435\u0440\u0438\u043d\u043e\u0441\u043e\u0432\u043e\u0439 \u0448\u0435\u0440\u0441\u0442\u0438 \u0438 \u0432\u043e\u043b\u043e\u043a\u043e\u043d Tencel. \u041c\u0430\u0442\u0435\u0440\u0438\u0430\u043b \u043f\u0440\u0435\u0432\u043e\u0441\u0445\u043e\u0434\u043d\u043e \u0440\u0435\u0433\u0443\u043b\u0438\u0440\u0443\u0435\u0442 \u0442\u0435\u043c\u043f\u0435\u0440\u0430\u0442\u0443\u0440\u0443, \u0431\u043b\u0430\u0433\u043e\u0434\u0430\u0440\u044f \u0447\u0435\u043c\u0443 \u044d\u0442\u0438 \u0431\u0440\u044e\u043a\u0438 \u043c\u043e\u0436\u043d\u043e \u043d\u043e\u0441\u0438\u0442\u044c \u043a\u0440\u0443\u0433\u043b\u044b\u0439 \u0433\u043e\u0434.<\/p>\n<p>\u0411\u0440\u044e\u043a\u0438 \u0445\u043e\u0440\u043e\u0448\u043e \u0434\u0435\u0440\u0436\u0430\u0442 \u0444\u043e\u0440\u043c\u0443 \u0434\u0430\u0436\u0435 \u043f\u043e\u0441\u043b\u0435 \u043d\u0435\u0441\u043a\u043e\u043b\u044c\u043a\u0438\u0445 \u0441\u0442\u0438\u0440\u043e\u043a. \u041e\u043d\u0438 \u0442\u0430\u043a\u0436\u0435 \u043e\u0447\u0435\u043d\u044c \u043f\u0440\u0438\u044f\u0442\u043d\u044b \u043d\u0430 \u043e\u0449\u0443\u043f\u044c \u0438 \u0443\u0434\u043e\u0431\u043d\u044b \u0431\u043b\u0430\u0433\u043e\u0434\u0430\u0440\u044f \u043c\u044f\u0433\u043a\u0438\u043c \u043f\u043b\u043e\u0441\u043a\u0438\u043c \u0448\u0432\u0430\u043c, \u043a\u043e\u0442\u043e\u0440\u044b\u0435 \u043d\u0435 \u043d\u0430\u0442\u0438\u0440\u0430\u044e\u0442 \u043a\u043e\u0436\u0443, \u0430 \u0431\u043b\u0430\u0433\u043e\u0434\u0430\u0440\u044f \u044d\u043b\u0430\u0441\u0442\u0438\u0447\u043d\u043e\u0439 \u0442\u0440\u0438\u043a\u043e\u0442\u0430\u0436\u043d\u043e\u0439 \u0440\u0435\u0437\u0438\u043d\u043a\u0435 \u043e\u043d\u0438 \u043f\u043b\u043e\u0442\u043d\u043e \u0441\u0438\u0434\u044f\u0442, \u043d\u043e \u043d\u0435 \u0441\u0442\u0435\u0441\u043d\u044f\u044e\u0442 \u0434\u0432\u0438\u0436\u0435\u043d\u0438\u044f.<\/p>\n<h3>Particularit\u0103\u021bi<\/h3>\n<ul>\n<li>Amestec de l\u00e2n\u0103 merino moale \u0219i material Tencel pentru a men\u021bine temperatura ideal\u0103 a corpului;<\/li>\n<li>Fibrele TENCEL ofer\u0103 confort \u0219i durabilitate;<\/li>\n<li>P\u0103streaz\u0103 c\u0103ldura c\u00e2nd este umed;<\/li>\n<li>Cus\u0103turi plate \u0219i moi pentru un plus de confort: nu irit\u0103 pielea;<\/li>\n<li>Talie elastic\u0103.<\/li>\n<\/ul>\n<h3>Caracteristici<\/h3>\n<ul>\n<li>\u041c\u0430\u0442\u0435\u0440\u0438\u0430\u043b &#8212; 72% \u0448\u0435\u0440\u0441\u0442\u044c, 28% \u043b\u0438\u043e\u0446\u0435\u043b\u043b<\/li>\n<li>Sezon - toamn\u0103\/iarn\u0103;<\/li>\n<li>\u041c\u043e\u0434\u0435\u043b\u044c &#8212; \u0434\u0435\u0442\u0441\u043a\u0438\u0435<\/li>\n<\/ul>\n<h3><strong>\u00cengrijire<\/strong><\/h3>\n<p>\u0421\u0442\u0438\u0440\u0430\u0442\u044c \u0441 \u0431\u0435\u043b\u044c\u0435\u043c \u043e\u0434\u0438\u043d\u0430\u043a\u043e\u0432\u043e\u0433\u043e \u0446\u0432\u0435\u0442\u0430, \u0432\u044b\u0432\u0435\u0440\u043d\u0443\u0432 \u043d\u0430\u0438\u0437\u043d\u0430\u043d\u043a\u0443. \u0421\u0442\u0438\u0440\u0430\u0442\u044c \u043c\u043e\u044e\u0449\u0438\u043c \u0441\u0440\u0435\u0434\u0441\u0442\u0432\u043e\u043c, \u043d\u0435 \u0441\u043e\u0434\u0435\u0440\u0436\u0430\u0449\u0438\u043c \u043e\u0442\u0431\u0435\u043b\u0438\u0432\u0430\u044e\u0449\u0438\u0435 \u0432\u0435\u0449\u0435\u0441\u0442\u0432\u0430. \u041f\u0440\u0438\u0434\u0430\u0442\u044c \u043f\u0435\u0440\u0432\u043e\u043d\u0430\u0447\u0430\u043b\u044c\u043d\u0443\u044e \u0444\u043e\u0440\u043c\u0443 \u0432\u043e \u0432\u043b\u0430\u0436\u043d\u043e\u043c \u0432\u0438\u0434\u0435. \u0421\u0443\u0448\u0438\u0442\u044c \u043f\u0440\u0438 \u043d\u0438\u0437\u043a\u043e\u0439 \u0442\u0435\u043c\u043f\u0435\u0440\u0430\u0442\u0443\u0440\u0435.<\/p>\n<h3>Tehnologie<\/h3>\n<ul>\n<li>Fibrele\u00a0<strong>TENCEL<\/strong>\u00ae \u043e\u0442\u043b\u0438\u0447\u0430\u044e\u0442\u0441\u044f \u0432\u044b\u0441\u043e\u043a\u043e\u0439 \u0438\u0437\u043d\u043e\u0441\u043e\u00ad\u0443\u0441\u0442\u043e\u0439\u0447\u0438\u0432\u043e\u0441\u0442\u044c\u044e, \u043e\u0431\u043b\u0430\u0434\u0430\u044e\u0442 \u0432\u044b\u0441\u043e\u043a\u043e\u0439 \u043f\u0440\u043e\u0447\u043d\u043e\u0441\u0442\u044c\u044e \u0432\u00a0\u0441\u0443\u0445\u043e\u043c \u0438 \u0432\u043b\u0430\u0436\u043d\u043e\u043c \u0441\u043e\u0441\u0442\u043e\u044f\u043d\u0438\u0438, \u0445\u043e\u0440\u043e\u0448\u043e \u0434\u0435\u0440\u0436\u0430\u0442 \u0444\u043e\u0440\u043c\u0443. \u0418\u043c\u0435\u044e\u0442 \u043c\u044f\u0433\u043a\u0438\u0439 \u0431\u043b\u0435\u0441\u043a, \u043f\u0440\u0438\u0441\u0443\u0449\u0438\u0439 \u043d\u0430\u0442\u0443\u0440\u0430\u043b\u044c\u00ad\u043d\u043e\u043c\u0443 \u0448\u0435\u043b\u043a\u0443. \u0425\u043e\u0440\u043e\u0448\u043e \u043e\u043a\u0440\u0430\u0448\u0438\u0432\u0430\u044e\u0442\u0441\u044f \u0438 \u0434\u0430\u0436\u0435 \u043f\u043e\u0441\u043b\u0435 \u043c\u043d\u043e\u0433\u043e\u0447\u0438\u0441\u043b\u0435\u043d\u043d\u044b\u0445 \u0441\u0442\u0438\u0440\u043e\u043a \u043d\u0435\u00a0\u0442\u0435\u0440\u044f\u044e\u0442 \u0441\u0432\u043e\u0439 \u0446\u0432\u0435\u0442, \u043d\u0435 \u0441\u043a\u0430\u0442\u044b\u0432\u0430\u044e\u0442\u0441\u044f, \u043d\u0435 \u043c\u0435\u043d\u044f\u044e\u0442 \u0444\u043e\u0440\u043c\u0443.<br \/>\n\u042d\u0442\u0438 \u0432\u043e\u043b\u043e\u043a\u043d\u0430 \u0441\u043f\u043e\u0441\u043e\u0431\u043d\u044b \u043d\u0435 \u0442\u043e\u043b\u044c\u043a\u043e \u0432\u043f\u0438\u0442\u044b\u0432\u0430\u0442\u044c \u0432\u043b\u0430\u0433\u0443, \u043d\u043e\u00a0\u0438\u00a0\u0438\u0441\u043f\u0430\u0440\u044f\u0442\u044c \u0435\u0435, \u043f\u0440\u0435\u043f\u044f\u0442\u0441\u0442\u0432\u0443\u044f \u0442\u0430\u043a\u0438\u043c \u043e\u0431\u0440\u0430\u0437\u043e\u043c \u0441\u043e\u0437\u0434\u0430\u043d\u0438\u044e \u0431\u043b\u0430\u0433\u043e\u043f\u0440\u0438\u044f\u0442\u043d\u043e\u0439 \u0441\u0440\u0435\u0434\u044b \u0434\u043b\u044f \u0440\u0430\u0437\u043c\u043d\u043e\u0436\u0435\u043d\u0438\u044f \u0431\u0430\u043a\u0442\u0435\u0440\u0438\u0439. \u0413\u0438\u043f\u043e\u0430\u043b\u043b\u0435\u0440\u0433\u0435\u043d\u043d\u044b.<br \/>\n\u0414\u0440\u0443\u0433\u0438\u043c \u043f\u043e\u043b\u0435\u0437\u043d\u044b\u043c \u0441\u0432\u043e\u0439\u0441\u0442\u0432\u043e\u043c \u0432\u043e\u043b\u043e\u043a\u043e\u043d TENCEL\u00ae \u044f\u0432\u043b\u044f\u0435\u0442\u0441\u044f \u0442\u043e, \u0447\u0442\u043e \u043c\u0430\u0442\u0435\u0440\u0438\u0430\u043b \u0438\u0437 \u043d\u0438\u0445 \u00ab\u0434\u044b\u0448\u0438\u0442\u00bb, \u0432\u044b\u0437\u044b\u0432\u0430\u044f \u043e\u0449\u0443\u0449\u0435\u043d\u0438\u0435 \u043f\u0440\u043e\u0445\u043b\u0430\u0434\u044b, \u043c\u044f\u0433\u043a\u043e\u0441\u0442\u0438 \u0438\u00a0\u043a\u043e\u043c\u0444\u043e\u0440\u0442\u0430. \u0422\u043a\u0430\u043d\u0438 \u0441\u00a0\u0432\u043e\u043b\u043e\u043a\u043d\u0430\u043c\u0438 TENCEL\u00ae \u043f\u0440\u043e\u0447\u043d\u044b\u0435, \u043d\u043e \u0432\u00a0\u0442\u043e\u00a0\u0436\u0435 \u0432\u0440\u0435\u043c\u044f \u043b\u0435\u0433\u043a\u0438\u0435, \u0442\u043e\u043d\u043a\u0438\u0435 \u0438\u00a0\u0433\u043b\u0430\u0434\u043a\u0438\u0435.<\/li>\n<\/ul>\n<h3>Marca<\/h3>\n<p>Reima \u2014 lider mondial \u00een produc\u021bia de \u00eembr\u0103c\u0103minte func\u021bional\u0103 \u0219i \u00eenc\u0103l\u021b\u0103minte pentru copii pentru plimb\u0103ri active pe strad\u0103 \u00een orice vreme. Este asociat cu cea mai \u00eenalt\u0103 calitate \u0219i este v\u00e2ndut \u00een multe \u021b\u0103ri din \u00eentreaga lume. Principiile fundamentale ale designului sunt: func\u021bionalitate, siguran\u021b\u0103, fiabilitate \u0219i inova\u021bie. Reima satisface nevoile copiilor activi cu \u00eembr\u0103c\u0103minte exterioar\u0103 u\u0219oar\u0103, respirabil\u0103, cu o membran\u0103 care poate fi asortat\u0103 cu lenjerie termic\u0103 \u0219i lenjerie de corp.<\/p>\n<p>Misiunea principal\u0103 a m\u0103rcii este de a \u00eencuraja copiii s\u0103 descopere bucuria mi\u0219c\u0103rii, iar ideea de afaceri este aceea de a oferi copiilor activi cu v\u00e2rsta cuprins\u0103 \u00eentre 0 \u0219i 12 ani o garderob\u0103 cuprinz\u0103toare de calitate pentru orice anotimp.<\/p>","protected":false},"excerpt":{"rendered":"<p>Pantaloni Reimatec Kinsei JR bright salmon<\/p>","protected":false},"featured_media":32405,"comment_status":"open","ping_status":"closed","template":"","meta":{"_acf_changed":false,"inline_featured_image":false},"product_brand":[1403],"product_cat":[392],"product_tag":[],"class_list":{"0":"post-32408","1":"product","2":"type-product","3":"status-publish","4":"has-post-thumbnail","6":"product_brand-reima","7":"product_cat-thermals-kids","9":"first","10":"instock","11":"shipping-taxable","12":"purchasable","13":"product-type-simple"},"acf":[],"yoast_head":"<!-- This site is optimized with the Yoast SEO plugin v27.2 - https:\/\/yoast.com\/product\/yoast-seo-wordpress\/ -->\n<title>\u0411\u0440\u044e\u043a\u0438 Reimatec Kinsei JR bright salmon - \u041c\u0430\u0433\u0430\u0437\u0438\u043d Xstyle<\/title>\n<meta name=\"description\" content=\"\u041e\u0442\u043a\u0440\u043e\u0439\u0442\u0435 \u0434\u043b\u044f \u0441\u0435\u0431\u044f \u0431\u0440\u044e\u043a\u0438 Reimatec Kinsei JR \u044f\u0440\u043a\u0438\u0439 \u043b\u043e\u0441\u043e\u0441\u044c: \u0441\u0442\u0438\u043b\u044c\u043d\u044b\u0435 \u0438 \u0443\u0434\u043e\u0431\u043d\u044b\u0435, \u0438\u0434\u0435\u0430\u043b\u044c\u043d\u043e \u043f\u043e\u0434\u043e\u0439\u0434\u0443\u0442 \u0434\u043b\u044f \u0430\u043a\u0442\u0438\u0432\u043d\u044b\u0445 \u0434\u0435\u0442\u0435\u0439. \u0417\u0430\u0449\u0438\u0442\u0430 \u0438 \u043a\u043e\u043c\u0444\u043e\u0440\u0442 \u0432 \u043a\u0430\u0436\u0434\u043e\u0439 \u0434\u0435\u0442\u0430\u043b\u0438!\" \/>\n<meta name=\"robots\" content=\"index, follow, max-snippet:-1, max-image-preview:large, max-video-preview:-1\" \/>\n<link rel=\"canonical\" href=\"https:\/\/xstyle.md\/ro\/produs\/reimatec-kinsei-jr-bright-salmon\/\" \/>\n<meta property=\"og:locale\" content=\"ro_RO\" \/>\n<meta property=\"og:type\" content=\"article\" \/>\n<meta property=\"og:title\" content=\"\u0411\u0440\u044e\u043a\u0438 Reimatec Kinsei JR bright salmon - \u041c\u0430\u0433\u0430\u0437\u0438\u043d Xstyle\" \/>\n<meta property=\"og:description\" content=\"\u041e\u0442\u043a\u0440\u043e\u0439\u0442\u0435 \u0434\u043b\u044f \u0441\u0435\u0431\u044f \u0431\u0440\u044e\u043a\u0438 Reimatec Kinsei JR \u044f\u0440\u043a\u0438\u0439 \u043b\u043e\u0441\u043e\u0441\u044c: \u0441\u0442\u0438\u043b\u044c\u043d\u044b\u0435 \u0438 \u0443\u0434\u043e\u0431\u043d\u044b\u0435, \u0438\u0434\u0435\u0430\u043b\u044c\u043d\u043e \u043f\u043e\u0434\u043e\u0439\u0434\u0443\u0442 \u0434\u043b\u044f \u0430\u043a\u0442\u0438\u0432\u043d\u044b\u0445 \u0434\u0435\u0442\u0435\u0439. \u0417\u0430\u0449\u0438\u0442\u0430 \u0438 \u043a\u043e\u043c\u0444\u043e\u0440\u0442 \u0432 \u043a\u0430\u0436\u0434\u043e\u0439 \u0434\u0435\u0442\u0430\u043b\u0438!\" \/>\n<meta property=\"og:url\" content=\"https:\/\/xstyle.md\/ro\/produs\/reimatec-kinsei-jr-bright-salmon\/\" \/>\n<meta property=\"og:site_name\" content=\"\u041c\u0430\u0433\u0430\u0437\u0438\u043d Xstyle\" \/>\n<meta property=\"article:publisher\" content=\"https:\/\/www.facebook.com\/xstylemd\" \/>\n<meta property=\"article:modified_time\" content=\"2026-03-04T09:24:09+00:00\" \/>\n<meta property=\"og:image\" content=\"https:\/\/xstyle.md\/wp-content\/uploads\/2021\/04\/reimatec_kinsei_bright_salmon4.jpg\" \/>\n\t<meta property=\"og:image:width\" content=\"621\" \/>\n\t<meta property=\"og:image:height\" content=\"1600\" \/>\n\t<meta property=\"og:image:type\" content=\"image\/jpeg\" \/>\n<meta name=\"twitter:card\" content=\"summary_large_image\" \/>\n<meta name=\"twitter:label1\" content=\"Pre\u021b\" \/>\n\t<meta name=\"twitter:data1\" content=\"575&nbsp;MDL\" \/>\n\t<meta name=\"twitter:label2\" content=\"Disponibilitate\" \/>\n\t<meta name=\"twitter:data2\" content=\"\u00cen stoc\" \/>\n<script type=\"application\/ld+json\" class=\"yoast-schema-graph\">{\"@context\":\"https:\/\/schema.org\",\"@graph\":[{\"@type\":\"WebPage\",\"@id\":\"https:\/\/xstyle.md\/product\/reimatec-kinsei-jr-bright-salmon\/\",\"url\":\"https:\/\/xstyle.md\/product\/reimatec-kinsei-jr-bright-salmon\/\",\"name\":\"\u0411\u0440\u044e\u043a\u0438 Reimatec Kinsei JR bright salmon - \u041c\u0430\u0433\u0430\u0437\u0438\u043d Xstyle\",\"isPartOf\":{\"@id\":\"https:\/\/xstyle.md\/#website\"},\"primaryImageOfPage\":{\"@id\":\"https:\/\/xstyle.md\/product\/reimatec-kinsei-jr-bright-salmon\/#primaryimage\"},\"image\":{\"@id\":\"https:\/\/xstyle.md\/product\/reimatec-kinsei-jr-bright-salmon\/#primaryimage\"},\"thumbnailUrl\":\"https:\/\/xstyle.md\/wp-content\/uploads\/2021\/04\/reimatec_kinsei_bright_salmon4.jpg\",\"datePublished\":\"2021-04-28T14:26:30+00:00\",\"dateModified\":\"2026-03-04T09:24:09+00:00\",\"description\":\"\u041e\u0442\u043a\u0440\u043e\u0439\u0442\u0435 \u0434\u043b\u044f \u0441\u0435\u0431\u044f \u0431\u0440\u044e\u043a\u0438 Reimatec Kinsei JR \u044f\u0440\u043a\u0438\u0439 \u043b\u043e\u0441\u043e\u0441\u044c: \u0441\u0442\u0438\u043b\u044c\u043d\u044b\u0435 \u0438 \u0443\u0434\u043e\u0431\u043d\u044b\u0435, \u0438\u0434\u0435\u0430\u043b\u044c\u043d\u043e \u043f\u043e\u0434\u043e\u0439\u0434\u0443\u0442 \u0434\u043b\u044f \u0430\u043a\u0442\u0438\u0432\u043d\u044b\u0445 \u0434\u0435\u0442\u0435\u0439. \u0417\u0430\u0449\u0438\u0442\u0430 \u0438 \u043a\u043e\u043c\u0444\u043e\u0440\u0442 \u0432 \u043a\u0430\u0436\u0434\u043e\u0439 \u0434\u0435\u0442\u0430\u043b\u0438!\",\"breadcrumb\":{\"@id\":\"https:\/\/xstyle.md\/product\/reimatec-kinsei-jr-bright-salmon\/#breadcrumb\"},\"inLanguage\":\"ro-RO\",\"potentialAction\":[{\"@type\":\"ReadAction\",\"target\":[\"https:\/\/xstyle.md\/product\/reimatec-kinsei-jr-bright-salmon\/\"]}]},{\"@type\":\"ImageObject\",\"inLanguage\":\"ro-RO\",\"@id\":\"https:\/\/xstyle.md\/product\/reimatec-kinsei-jr-bright-salmon\/#primaryimage\",\"url\":\"https:\/\/xstyle.md\/wp-content\/uploads\/2021\/04\/reimatec_kinsei_bright_salmon4.jpg\",\"contentUrl\":\"https:\/\/xstyle.md\/wp-content\/uploads\/2021\/04\/reimatec_kinsei_bright_salmon4.jpg\",\"width\":621,\"height\":1600,\"caption\":\"\u0418\u0437\u043e\u0431\u0440\u0430\u0436\u0435\u043d\u0438\u0435 \u0442\u043e\u0432\u0430\u0440\u0430 \u0434\u043b\u044f \u043e\u043d\u043b\u0430\u0439\u043d-\u043c\u0430\u0433\u0430\u0437\u0438\u043d\u0430 \u0430\u043a\u0442\u0438\u0432\u043d\u043e\u0439 \u0436\u0438\u0437\u043d\u0438: \u043e\u0431\u0443\u0432\u044c Reimatec Kinsei \u044f\u0440\u043a\u043e-\u0440\u043e\u0437\u043e\u0432\u0430\u044f \u0434\u043b\u044f \u043f\u0443\u0442\u0435\u0448\u0435\u0441\u0442\u0432\u0438\u0439, \u0445\u0430\u0439\u043a\u0438\u043d\u0433\u0430 \u0438 \u0430\u043b\u044c\u043f\u0438\u043d\u0438\u0437\u043c\u0430\"},{\"@type\":\"BreadcrumbList\",\"@id\":\"https:\/\/xstyle.md\/product\/reimatec-kinsei-jr-bright-salmon\/#breadcrumb\",\"itemListElement\":[{\"@type\":\"ListItem\",\"position\":1,\"name\":\"\u0413\u043b\u0430\u0432\u043d\u0430\u044f \u0441\u0442\u0440\u0430\u043d\u0438\u0446\u0430\",\"item\":\"https:\/\/xstyle.md\/\"},{\"@type\":\"ListItem\",\"position\":2,\"name\":\"\u041c\u0430\u0433\u0430\u0437\u0438\u043d\",\"item\":\"https:\/\/xstyle.md\/shop\/\"},{\"@type\":\"ListItem\",\"position\":3,\"name\":\"\u0411\u0440\u044e\u043a\u0438 Reimatec Kinsei JR bright salmon\"}]},{\"@type\":\"WebSite\",\"@id\":\"https:\/\/xstyle.md\/#website\",\"url\":\"https:\/\/xstyle.md\/\",\"name\":\"\u041c\u0430\u0433\u0430\u0437\u0438\u043d Xstyle\",\"description\":\"C\u043d\u0430\u0440\u044f\u0436\u0435\u043d\u0438\u0435 \u0434\u043b\u044f \u0442\u0443\u0440\u0438\u0437\u043c\u0430 \u0438 \u044d\u043a\u0441\u0442\u0440\u0435\u043c\u0430\u043b\u044c\u043d\u044b\u0445 \u0432\u0438\u0434\u043e\u0432 \u0441\u043f\u043e\u0440\u0442\u0430 \u0432 \u041c\u043e\u043b\u0434\u043e\u0432\u0435.. \u0426\u0435\u043d\u044b, \u0444\u043e\u0442\u043e, \u0445\u0430\u0440\u0430\u043a\u0442\u0435\u0440\u0438\u0441\u0442\u0438\u043a\u0438 \u0432 \u041c\u043e\u043b\u0434\u043e\u0432\u0435.\",\"publisher\":{\"@id\":\"https:\/\/xstyle.md\/#organization\"},\"alternateName\":\"X-Style\",\"potentialAction\":[{\"@type\":\"SearchAction\",\"target\":{\"@type\":\"EntryPoint\",\"urlTemplate\":\"https:\/\/xstyle.md\/?s={search_term_string}\"},\"query-input\":{\"@type\":\"PropertyValueSpecification\",\"valueRequired\":true,\"valueName\":\"search_term_string\"}}],\"inLanguage\":\"ro-RO\"},{\"@type\":\"Organization\",\"@id\":\"https:\/\/xstyle.md\/#organization\",\"name\":\"\u041c\u0430\u0433\u0430\u0437\u0438\u043d Xstyle\",\"alternateName\":\"x-style\",\"url\":\"https:\/\/xstyle.md\/\",\"logo\":{\"@type\":\"ImageObject\",\"inLanguage\":\"ro-RO\",\"@id\":\"https:\/\/xstyle.md\/#\/schema\/logo\/image\/\",\"url\":\"https:\/\/xstyle.md\/wp-content\/uploads\/2020\/06\/logoicon.svg\",\"contentUrl\":\"https:\/\/xstyle.md\/wp-content\/uploads\/2020\/06\/logoicon.svg\",\"caption\":\"\u041c\u0430\u0433\u0430\u0437\u0438\u043d Xstyle\"},\"image\":{\"@id\":\"https:\/\/xstyle.md\/#\/schema\/logo\/image\/\"},\"sameAs\":[\"https:\/\/www.facebook.com\/xstylemd\",\"https:\/\/www.instagram.com\/xstyle_md\/\",\"https:\/\/t.me\/xstyle_outdoor\"],\"hasMerchantReturnPolicy\":{\"@type\":\"MerchantReturnPolicy\",\"merchantReturnLink\":\"https:\/\/xstyle.md\/ro\/conditions\/\"}}]}<\/script>\n<meta property=\"product:price:amount\" content=\"575.00\" \/>\n<meta property=\"product:price:currency\" content=\"MDL\" \/>\n<meta property=\"og:availability\" content=\"instock\" \/>\n<meta property=\"product:availability\" content=\"instock\" \/>\n<meta property=\"product:retailer_item_id\" content=\"2990012346501\" \/>\n<meta property=\"product:condition\" content=\"new\" \/>\n<!-- \/ Yoast SEO plugin. -->","yoast_head_json":{"title":"\u0411\u0440\u044e\u043a\u0438 Reimatec Kinsei JR bright salmon - \u041c\u0430\u0433\u0430\u0437\u0438\u043d Xstyle","description":"Descoperi\u021bi pantalonii Reimatec Kinsei JR de un roz corai str\u0103lucitor: stilati \u0219i confortabili, perfecti pentru copiii activi. Protec\u021bie \u0219i confort \u00een fiecare detaliu!","robots":{"index":"index","follow":"follow","max-snippet":"max-snippet:-1","max-image-preview":"max-image-preview:large","max-video-preview":"max-video-preview:-1"},"canonical":"https:\/\/xstyle.md\/ro\/produs\/reimatec-kinsei-jr-bright-salmon\/","og_locale":"ro_RO","og_type":"article","og_title":"\u0411\u0440\u044e\u043a\u0438 Reimatec Kinsei JR bright salmon - \u041c\u0430\u0433\u0430\u0437\u0438\u043d Xstyle","og_description":"\u041e\u0442\u043a\u0440\u043e\u0439\u0442\u0435 \u0434\u043b\u044f \u0441\u0435\u0431\u044f \u0431\u0440\u044e\u043a\u0438 Reimatec Kinsei JR \u044f\u0440\u043a\u0438\u0439 \u043b\u043e\u0441\u043e\u0441\u044c: \u0441\u0442\u0438\u043b\u044c\u043d\u044b\u0435 \u0438 \u0443\u0434\u043e\u0431\u043d\u044b\u0435, \u0438\u0434\u0435\u0430\u043b\u044c\u043d\u043e \u043f\u043e\u0434\u043e\u0439\u0434\u0443\u0442 \u0434\u043b\u044f \u0430\u043a\u0442\u0438\u0432\u043d\u044b\u0445 \u0434\u0435\u0442\u0435\u0439. \u0417\u0430\u0449\u0438\u0442\u0430 \u0438 \u043a\u043e\u043c\u0444\u043e\u0440\u0442 \u0432 \u043a\u0430\u0436\u0434\u043e\u0439 \u0434\u0435\u0442\u0430\u043b\u0438!","og_url":"https:\/\/xstyle.md\/ro\/produs\/reimatec-kinsei-jr-bright-salmon\/","og_site_name":"\u041c\u0430\u0433\u0430\u0437\u0438\u043d Xstyle","article_publisher":"https:\/\/www.facebook.com\/xstylemd","article_modified_time":"2026-03-04T09:24:09+00:00","og_image":[{"width":621,"height":1600,"url":"https:\/\/xstyle.md\/wp-content\/uploads\/2021\/04\/reimatec_kinsei_bright_salmon4.jpg","type":"image\/jpeg"}],"twitter_card":"summary_large_image","twitter_misc":{"Pre\u021b":"575&nbsp;MDL","Disponibilitate":"\u00cen stoc"},"schema":{"@context":"https:\/\/schema.org","@graph":[{"@type":"WebPage","@id":"https:\/\/xstyle.md\/product\/reimatec-kinsei-jr-bright-salmon\/","url":"https:\/\/xstyle.md\/product\/reimatec-kinsei-jr-bright-salmon\/","name":"\u0411\u0440\u044e\u043a\u0438 Reimatec Kinsei JR bright salmon - \u041c\u0430\u0433\u0430\u0437\u0438\u043d Xstyle","isPartOf":{"@id":"https:\/\/xstyle.md\/#website"},"primaryImageOfPage":{"@id":"https:\/\/xstyle.md\/product\/reimatec-kinsei-jr-bright-salmon\/#primaryimage"},"image":{"@id":"https:\/\/xstyle.md\/product\/reimatec-kinsei-jr-bright-salmon\/#primaryimage"},"thumbnailUrl":"https:\/\/xstyle.md\/wp-content\/uploads\/2021\/04\/reimatec_kinsei_bright_salmon4.jpg","datePublished":"2021-04-28T14:26:30+00:00","dateModified":"2026-03-04T09:24:09+00:00","description":"Descoperi\u021bi pantalonii Reimatec Kinsei JR de un roz corai str\u0103lucitor: stilati \u0219i confortabili, perfecti pentru copiii activi. Protec\u021bie \u0219i confort \u00een fiecare detaliu!","breadcrumb":{"@id":"https:\/\/xstyle.md\/product\/reimatec-kinsei-jr-bright-salmon\/#breadcrumb"},"inLanguage":"ro-RO","potentialAction":[{"@type":"ReadAction","target":["https:\/\/xstyle.md\/product\/reimatec-kinsei-jr-bright-salmon\/"]}]},{"@type":"ImageObject","inLanguage":"ro-RO","@id":"https:\/\/xstyle.md\/product\/reimatec-kinsei-jr-bright-salmon\/#primaryimage","url":"https:\/\/xstyle.md\/wp-content\/uploads\/2021\/04\/reimatec_kinsei_bright_salmon4.jpg","contentUrl":"https:\/\/xstyle.md\/wp-content\/uploads\/2021\/04\/reimatec_kinsei_bright_salmon4.jpg","width":621,"height":1600,"caption":"\u0418\u0437\u043e\u0431\u0440\u0430\u0436\u0435\u043d\u0438\u0435 \u0442\u043e\u0432\u0430\u0440\u0430 \u0434\u043b\u044f \u043e\u043d\u043b\u0430\u0439\u043d-\u043c\u0430\u0433\u0430\u0437\u0438\u043d\u0430 \u0430\u043a\u0442\u0438\u0432\u043d\u043e\u0439 \u0436\u0438\u0437\u043d\u0438: \u043e\u0431\u0443\u0432\u044c Reimatec Kinsei \u044f\u0440\u043a\u043e-\u0440\u043e\u0437\u043e\u0432\u0430\u044f \u0434\u043b\u044f \u043f\u0443\u0442\u0435\u0448\u0435\u0441\u0442\u0432\u0438\u0439, \u0445\u0430\u0439\u043a\u0438\u043d\u0433\u0430 \u0438 \u0430\u043b\u044c\u043f\u0438\u043d\u0438\u0437\u043c\u0430"},{"@type":"BreadcrumbList","@id":"https:\/\/xstyle.md\/product\/reimatec-kinsei-jr-bright-salmon\/#breadcrumb","itemListElement":[{"@type":"ListItem","position":1,"name":"\u0413\u043b\u0430\u0432\u043d\u0430\u044f \u0441\u0442\u0440\u0430\u043d\u0438\u0446\u0430","item":"https:\/\/xstyle.md\/"},{"@type":"ListItem","position":2,"name":"\u041c\u0430\u0433\u0430\u0437\u0438\u043d","item":"https:\/\/xstyle.md\/shop\/"},{"@type":"ListItem","position":3,"name":"\u0411\u0440\u044e\u043a\u0438 Reimatec Kinsei JR bright salmon"}]},{"@type":"WebSite","@id":"https:\/\/xstyle.md\/#website","url":"https:\/\/xstyle.md\/","name":"Magazinul X-Style","description":"Echipamente pentru turism \u0219i sporturi extreme \u00een Moldova. Pre\u021buri, fotografii, caracteristici \u00een Moldova.","publisher":{"@id":"https:\/\/xstyle.md\/#organization"},"alternateName":"X-Style","potentialAction":[{"@type":"SearchAction","target":{"@type":"EntryPoint","urlTemplate":"https:\/\/xstyle.md\/?s={search_term_string}"},"query-input":{"@type":"PropertyValueSpecification","valueRequired":true,"valueName":"search_term_string"}}],"inLanguage":"ro-RO"},{"@type":"Organization","@id":"https:\/\/xstyle.md\/#organization","name":"Magazinul X-Style","alternateName":"x-style","url":"https:\/\/xstyle.md\/","logo":{"@type":"ImageObject","inLanguage":"ro-RO","@id":"https:\/\/xstyle.md\/#\/schema\/logo\/image\/","url":"https:\/\/xstyle.md\/wp-content\/uploads\/2020\/06\/logoicon.svg","contentUrl":"https:\/\/xstyle.md\/wp-content\/uploads\/2020\/06\/logoicon.svg","caption":"\u041c\u0430\u0433\u0430\u0437\u0438\u043d Xstyle"},"image":{"@id":"https:\/\/xstyle.md\/#\/schema\/logo\/image\/"},"sameAs":["https:\/\/www.facebook.com\/xstylemd","https:\/\/www.instagram.com\/xstyle_md\/","https:\/\/t.me\/xstyle_outdoor"],"hasMerchantReturnPolicy":{"@type":"MerchantReturnPolicy","merchantReturnLink":"https:\/\/xstyle.md\/ro\/conditions\/"}}]},"product_price_amount":"575.00","product_price_currency":"MDL","og_availability":"instock","product_availability":"instock","product_retailer_item_id":"2990012346501","product_condition":"new"},"post_mailing_queue_ids":[],"_links":{"self":[{"href":"https:\/\/xstyle.md\/ro\/wp-json\/wp\/v2\/product\/32408","targetHints":{"allow":["GET"]}}],"collection":[{"href":"https:\/\/xstyle.md\/ro\/wp-json\/wp\/v2\/product"}],"about":[{"href":"https:\/\/xstyle.md\/ro\/wp-json\/wp\/v2\/types\/product"}],"replies":[{"embeddable":true,"href":"https:\/\/xstyle.md\/ro\/wp-json\/wp\/v2\/comments?post=32408"}],"wp:featuredmedia":[{"embeddable":true,"href":"https:\/\/xstyle.md\/ro\/wp-json\/wp\/v2\/media\/32405"}],"wp:attachment":[{"href":"https:\/\/xstyle.md\/ro\/wp-json\/wp\/v2\/media?parent=32408"}],"wp:term":[{"taxonomy":"product_brand","embeddable":true,"href":"https:\/\/xstyle.md\/ro\/wp-json\/wp\/v2\/product_brand?post=32408"},{"taxonomy":"product_cat","embeddable":true,"href":"https:\/\/xstyle.md\/ro\/wp-json\/wp\/v2\/product_cat?post=32408"},{"taxonomy":"product_tag","embeddable":true,"href":"https:\/\/xstyle.md\/ro\/wp-json\/wp\/v2\/product_tag?post=32408"}],"curies":[{"name":"wp","href":"https:\/\/api.w.org\/{rel}","templated":true}]}}