{"id":32385,"date":"2021-04-28T17:25:45","date_gmt":"2021-04-28T14:25:45","guid":{"rendered":"https:\/\/xstyle.md\/product\/spalnyj-meshok-pinguin-blizzard-wide-pfm\/"},"modified":"2026-04-07T15:23:34","modified_gmt":"2026-04-07T12:23:34","slug":"spalnyj-meshok-pinguin-blizzard-wide-pfm-blue","status":"publish","type":"product","link":"https:\/\/xstyle.md\/ro\/produs\/spalnyj-meshok-pinguin-blizzard-wide-pfm-blue\/","title":{"rendered":"Sac de dormit Pinguin Blizzard Wide PFM blue"},"content":{"rendered":"<\/p>\n<p>Sac de dormit <strong>Pinguin Blizzard Wide PFM<\/strong> &#8212; un sac de dormit de calitate, pentru trei sezoane, care se transform\u0103 \u00een carouri \u00een varianta mai larg\u0103. Versiunea Wide este cu 2,54 centimetru mai \u00eenalt\u0103 dec\u00e2t dimensiunea standard, p\u0103str\u00e2nd aceea\u0219i greutate a umpluturii, ofer\u0103 acela\u0219i confort termic, dar mult mai mult spa\u021biu.<\/p>\n<p>Forma sacului de dormit v\u0103 permite s\u0103 \u00eel folosi\u021bi nu doar ca sac de dormit, ci poate fi desf\u0103cut \u0219i folosit ca p\u0103tur\u0103, dac\u0103 este necesar. De asemenea, fermoarele din dreapta \u0219i din st\u00e2nga fac posibil\u0103 conectarea a doi saci de dormit \u00eentr-unul singur, ceea ce va fi confortabil pentru excursiile de camping cu familie.<\/p>\n<h3>Particulartitati<\/h3>\n<ul>\n<li>Sac de dormit pentru trei sezoane<\/li>\n<li>Model extins<\/li>\n<li>Forma de p\u0103tur\u0103 cu glug\u0103<\/li>\n<li>Fermoarul v\u0103 permite s\u0103 \u00eel deschide\u021bi complet \u0219i s\u0103 \u00eel folosi\u021bi ca o p\u0103tur\u0103<\/li>\n<li>Doi saci de dormit f\u0103cu\u021bi pe m\u0103sur\u0103<\/li>\n<li>Fermoare YKK<\/li>\n<li>De-a lungul fermoarului, sunt cusute benzi speciale pentru a \u00eempiedica ciupirea c\u0103ptu\u0219elii<\/li>\n<li>Protec\u021bii de margine cu acumulare de c\u0103ldur\u0103 cusute pentru a preveni pierderea c\u0103ldurii prin fermoare<\/li>\n<li>Glug\u0103 c\u0103ptu\u0219it\u0103 cu cordon de str\u00e2ngere<\/li>\n<li>Guler c\u0103ptu\u0219it cu cordon de str\u00e2ngere independent pentru a preveni migrarea c\u0103ldurii<\/li>\n<li>Puncte de depozitare \u0219i uscare<\/li>\n<li>Geant\u0103 de compresie pentru transport.<\/li>\n<\/ul>\n<h3>Caracteristici<\/h3>\n<ul>\n<li>Greutate &#8212; 2,1 kg<\/li>\n<li>Dimensiuni ambalate &#8212; 24 x 48 x 30 cm<\/li>\n<li>Dimensiunea sacului de dormit &#8212; 190 x 100 cm<\/li>\n<li>\u021aes\u0103tur\u0103 exterioar\u0103 &#8212; poliester DWR Clima Control Shield<\/li>\n<li>Material interior &#8212; poliester Micro-Lite<\/li>\n<li>Densitatea izola\u021biei &#8212; 300 g\/m2<\/li>\n<li>Izola\u021bie &#8212; strat dublu ThermicFibre PFM (2x150g\/m2)<\/li>\n<li>Destina\u021bie &#8212; camping<\/li>\n<li>Sezonul - primavar\u0103\/var\u0103\/toamn\u0103<\/li>\n<li>Tip &#8212; p\u0103tur\u0103 cu glug\u0103.<\/li>\n<\/ul>\n<h3>Modul de temperatur\u0103<\/h3>\n<ul>\n<li>Confort termic pentru femei: +4 \u00b0C<\/li>\n<li>Confort termic pentru b\u0103rba\u021bi: -1 \u00b0C<\/li>\n<li>Temperatur\u0103 extrem\u0103: -17 \u00b0C.<\/li>\n<\/ul>\n<p>Tehnologie<\/p>\n<ul>\n<li><strong>DWR Clima Control Shield<\/strong> &#8212; ofer\u0103 o \u021bes\u0103tur\u0103 superioar\u0103 echilibrat\u0103, \u00eempiedic\u0103 aerul cald s\u0103 ias\u0103 din interior \u0219i, \u00een acela\u0219i timp, asigur\u0103 o respirabilitate suficient\u0103. Optimizeaz\u0103 echilibrul dintre rezisten\u021ba la v\u00e2nt pentru a re\u021bine c\u0103ldura \u0219i disiparea intern\u0103 a umidit\u0103\u021bii pentru a preveni condensarea. Combina\u021bia acestor caracteristici asigur\u0103 confortul utilizatorului \u0219i un climat interior favorabil pentru sacul de dormit. Tratamentul hidrofug asigur\u0103 o protec\u021bie suficient\u0103 \u00eempotriva condi\u021biilor meteorologice nefavorabile. \u021aes\u0103tura este u\u0219oar\u0103, compact\u0103 \u0219i moale la atingere.<\/li>\n<li><strong>Fibr\u0103 termic\u0103 PFM<\/strong> &#8212; un material termoizolant de nou\u0103 genera\u021bie, alc\u0103tuit dintr-un amestec de fibre goale siliconate cu un diametru foarte mic, apropiat de cel al microfibrelor. Thermicfibre PFM este un material neabsorbant cu un strat hidrofug, se usuc\u0103 rapid, izoleaz\u0103 bine chiar \u0219i \u00een condi\u021bii de umiditate ridicat\u0103, este complet lipsit de alergeni, foarte moale \u0219i confortabil de utilizat. Sunt u\u0219or de \u00eentre\u021binut, pot fi sp\u0103late \u00een ma\u0219ina de sp\u0103lat pe un program delicat \u0219i uscate \u00een usc\u0103tor.<\/li>\n<li><strong>Micro Lite<\/strong> &#8212; materialul din poliester cu tratament Micro lite este foarte pl\u0103cut la atingere, d\u00e2nd aproape impresia de bumbac. Cu toate acestea, \u00een schimb, se usuc\u0103 mult mai bine, dureaz\u0103 mai mult \u0219i este mult mai u\u0219or de identificat.<\/li>\n<\/ul>\n<p><\/p>\n<h3>Marca<\/h3>\n<p>Pinguin - este cea mai experimentat\u0103 companie ceh\u0103 produc\u0103toare de echipamente outdoor, de c\u00e2nd primele produse au ap\u0103rut pe pia\u021b\u0103 \u00eenc\u0103 \u00een 1989. Echipamentul Pinguin a fost folosit de alpini\u0219ti \u0219i c\u0103l\u0103tori celebri \u00een cucerirea celor mai \u00eenalte v\u00e2rfuri muntoase din lume.<\/p>\n<p>Compania a fost numit\u0103 \u00een cinstea unei p\u0103s\u0103ri care tr\u0103ie\u0219te \u00een Antarctica, deoarece este specializat\u0103 \u00een echipamente pentru drume\u021bii care vor oferi tuturor pasiona\u021bilor odihnei active confort \u0219i c\u0103ldur\u0103 \u00een condi\u021biile reci de iarn\u0103 sau pe v\u00e2rfurile muntoase acoperite cu ghea\u021b\u0103.<\/p>","protected":false},"excerpt":{"rendered":"<p>\u0421\u043f\u0430\u043b\u044c\u043d\u044b\u0439 \u043c\u0435\u0448\u043e\u043a Pinguin Blizzard Wide PFM<\/p>","protected":false},"featured_media":32381,"comment_status":"open","ping_status":"closed","template":"","meta":{"_acf_changed":false,"inline_featured_image":false},"product_brand":[1263],"product_cat":[304],"product_tag":[],"class_list":{"0":"post-32385","1":"product","2":"type-product","3":"status-publish","4":"has-post-thumbnail","6":"product_brand-pinguin","7":"product_cat-blankets","9":"first","10":"instock","11":"shipping-taxable","12":"purchasable","13":"product-type-simple"},"acf":[],"yoast_head":"<!-- This site is optimized with the Yoast SEO plugin v27.2 - https:\/\/yoast.com\/product\/yoast-seo-wordpress\/ -->\n<title>\u0421\u043f\u0430\u043b\u044c\u043d\u044b\u0439 \u043c\u0435\u0448\u043e\u043a Pinguin Blizzard Wide PFM blue - \u041c\u0430\u0433\u0430\u0437\u0438\u043d Xstyle<\/title>\n<meta name=\"description\" content=\"\u0421\u043f\u0430\u043b\u044c\u043d\u044b\u0439 \u043c\u0435\u0448\u043e\u043a Pinguin Blizzard Wide PFM blue - \u0438\u0434\u0435\u0430\u043b\u044c\u043d\u044b\u0439 \u0432\u044b\u0431\u043e\u0440 \u0434\u043b\u044f \u0442\u0440\u0435\u0445 \u0441\u0435\u0437\u043e\u043d\u043e\u0432. \u0428\u0438\u0440\u043e\u043a\u0438\u0439, \u043b\u0435\u0433\u043a\u0438\u0439 \u0438 \u0442\u0435\u043f\u043b\u043e\u0438\u0437\u043e\u043b\u044f\u0446\u0438\u043e\u043d\u043d\u044b\u0439, \u043e\u043d \u043e\u0431\u0435\u0441\u043f\u0435\u0447\u0438\u0432\u0430\u0435\u0442 \u043a\u043e\u043c\u0444\u043e\u0440\u0442 \u0438 \u0437\u0430\u0449\u0438\u0442\u0443.\" \/>\n<meta name=\"robots\" content=\"index, follow, max-snippet:-1, max-image-preview:large, max-video-preview:-1\" \/>\n<link rel=\"canonical\" href=\"https:\/\/xstyle.md\/ro\/produs\/spalnyj-meshok-pinguin-blizzard-wide-pfm-blue\/\" \/>\n<meta property=\"og:locale\" content=\"ro_RO\" \/>\n<meta property=\"og:type\" content=\"article\" \/>\n<meta property=\"og:title\" content=\"\u0421\u043f\u0430\u043b\u044c\u043d\u044b\u0439 \u043c\u0435\u0448\u043e\u043a Pinguin Blizzard Wide PFM blue - \u041c\u0430\u0433\u0430\u0437\u0438\u043d Xstyle\" \/>\n<meta property=\"og:description\" content=\"\u0421\u043f\u0430\u043b\u044c\u043d\u044b\u0439 \u043c\u0435\u0448\u043e\u043a Pinguin Blizzard Wide PFM blue - \u0438\u0434\u0435\u0430\u043b\u044c\u043d\u044b\u0439 \u0432\u044b\u0431\u043e\u0440 \u0434\u043b\u044f \u0442\u0440\u0435\u0445 \u0441\u0435\u0437\u043e\u043d\u043e\u0432. \u0428\u0438\u0440\u043e\u043a\u0438\u0439, \u043b\u0435\u0433\u043a\u0438\u0439 \u0438 \u0442\u0435\u043f\u043b\u043e\u0438\u0437\u043e\u043b\u044f\u0446\u0438\u043e\u043d\u043d\u044b\u0439, \u043e\u043d \u043e\u0431\u0435\u0441\u043f\u0435\u0447\u0438\u0432\u0430\u0435\u0442 \u043a\u043e\u043c\u0444\u043e\u0440\u0442 \u0438 \u0437\u0430\u0449\u0438\u0442\u0443.\" \/>\n<meta property=\"og:url\" content=\"https:\/\/xstyle.md\/ro\/produs\/spalnyj-meshok-pinguin-blizzard-wide-pfm-blue\/\" \/>\n<meta property=\"og:site_name\" content=\"\u041c\u0430\u0433\u0430\u0437\u0438\u043d Xstyle\" \/>\n<meta property=\"article:publisher\" content=\"https:\/\/www.facebook.com\/xstylemd\" \/>\n<meta property=\"article:modified_time\" content=\"2026-04-07T12:23:34+00:00\" \/>\n<meta property=\"og:image\" content=\"https:\/\/xstyle.md\/wp-content\/uploads\/2021\/04\/pinguin_blizzard_wide_pfm.jpg\" \/>\n\t<meta property=\"og:image:width\" content=\"162\" \/>\n\t<meta property=\"og:image:height\" content=\"360\" \/>\n\t<meta property=\"og:image:type\" content=\"image\/jpeg\" \/>\n<meta name=\"twitter:card\" content=\"summary_large_image\" \/>\n<meta name=\"twitter:label1\" content=\"Pre\u021b\" \/>\n\t<meta name=\"twitter:data1\" content=\"2.190&nbsp;MDL\" \/>\n\t<meta name=\"twitter:label2\" content=\"Disponibilitate\" \/>\n\t<meta name=\"twitter:data2\" content=\"\u00cen stoc\" \/>\n<script type=\"application\/ld+json\" class=\"yoast-schema-graph\">{\"@context\":\"https:\/\/schema.org\",\"@graph\":[{\"@type\":\"WebPage\",\"@id\":\"https:\/\/xstyle.md\/product\/spalnyj-meshok-pinguin-blizzard-wide-pfm-blue\/\",\"url\":\"https:\/\/xstyle.md\/product\/spalnyj-meshok-pinguin-blizzard-wide-pfm-blue\/\",\"name\":\"\u0421\u043f\u0430\u043b\u044c\u043d\u044b\u0439 \u043c\u0435\u0448\u043e\u043a Pinguin Blizzard Wide PFM blue - \u041c\u0430\u0433\u0430\u0437\u0438\u043d Xstyle\",\"isPartOf\":{\"@id\":\"https:\/\/xstyle.md\/#website\"},\"primaryImageOfPage\":{\"@id\":\"https:\/\/xstyle.md\/product\/spalnyj-meshok-pinguin-blizzard-wide-pfm-blue\/#primaryimage\"},\"image\":{\"@id\":\"https:\/\/xstyle.md\/product\/spalnyj-meshok-pinguin-blizzard-wide-pfm-blue\/#primaryimage\"},\"thumbnailUrl\":\"https:\/\/xstyle.md\/wp-content\/uploads\/2021\/04\/pinguin_blizzard_wide_pfm.jpg\",\"datePublished\":\"2021-04-28T14:25:45+00:00\",\"dateModified\":\"2026-04-07T12:23:34+00:00\",\"description\":\"\u0421\u043f\u0430\u043b\u044c\u043d\u044b\u0439 \u043c\u0435\u0448\u043e\u043a Pinguin Blizzard Wide PFM blue - \u0438\u0434\u0435\u0430\u043b\u044c\u043d\u044b\u0439 \u0432\u044b\u0431\u043e\u0440 \u0434\u043b\u044f \u0442\u0440\u0435\u0445 \u0441\u0435\u0437\u043e\u043d\u043e\u0432. \u0428\u0438\u0440\u043e\u043a\u0438\u0439, \u043b\u0435\u0433\u043a\u0438\u0439 \u0438 \u0442\u0435\u043f\u043b\u043e\u0438\u0437\u043e\u043b\u044f\u0446\u0438\u043e\u043d\u043d\u044b\u0439, \u043e\u043d \u043e\u0431\u0435\u0441\u043f\u0435\u0447\u0438\u0432\u0430\u0435\u0442 \u043a\u043e\u043c\u0444\u043e\u0440\u0442 \u0438 \u0437\u0430\u0449\u0438\u0442\u0443.\",\"breadcrumb\":{\"@id\":\"https:\/\/xstyle.md\/product\/spalnyj-meshok-pinguin-blizzard-wide-pfm-blue\/#breadcrumb\"},\"inLanguage\":\"ro-RO\",\"potentialAction\":[{\"@type\":\"ReadAction\",\"target\":[\"https:\/\/xstyle.md\/product\/spalnyj-meshok-pinguin-blizzard-wide-pfm-blue\/\"]}]},{\"@type\":\"ImageObject\",\"inLanguage\":\"ro-RO\",\"@id\":\"https:\/\/xstyle.md\/product\/spalnyj-meshok-pinguin-blizzard-wide-pfm-blue\/#primaryimage\",\"url\":\"https:\/\/xstyle.md\/wp-content\/uploads\/2021\/04\/pinguin_blizzard_wide_pfm.jpg\",\"contentUrl\":\"https:\/\/xstyle.md\/wp-content\/uploads\/2021\/04\/pinguin_blizzard_wide_pfm.jpg\",\"width\":162,\"height\":360,\"caption\":\"\u0422\u043e\u0432\u0430\u0440\u044b \u0434\u043b\u044f \u0430\u043a\u0442\u0438\u0432\u043d\u043e\u0433\u043e \u043e\u0442\u0434\u044b\u0445\u0430: \u0441\u043f\u043e\u0440\u0442\u0438\u0432\u043d\u0430\u044f \u043e\u0434\u0435\u0436\u0434\u0430, \u043e\u0431\u0443\u0432\u044c \u0434\u043b\u044f \u043f\u043e\u0445\u043e\u0434\u043e\u0432 \u0438 \u043f\u0443\u0442\u0435\u0448\u0435\u0441\u0442\u0432\u0438\u0439, \u044d\u043a\u0438\u043f\u0438\u0440\u043e\u0432\u043a\u0430 \u0434\u043b\u044f \u0445\u0430\u0439\u043a\u0438\u043d\u0433\u0430 \u0438 \u0441\u043a\u0430\u043b\u043e\u043b\u0430\u0437\u0430\u043d\u0438\u044f \u0432 \u0438\u043d\u0442\u0435\u0440\u043d\u0435\u0442-\u043c\u0430\u0433\u0430\u0437\u0438\u043d\u0435\"},{\"@type\":\"BreadcrumbList\",\"@id\":\"https:\/\/xstyle.md\/product\/spalnyj-meshok-pinguin-blizzard-wide-pfm-blue\/#breadcrumb\",\"itemListElement\":[{\"@type\":\"ListItem\",\"position\":1,\"name\":\"\u0413\u043b\u0430\u0432\u043d\u0430\u044f \u0441\u0442\u0440\u0430\u043d\u0438\u0446\u0430\",\"item\":\"https:\/\/xstyle.md\/\"},{\"@type\":\"ListItem\",\"position\":2,\"name\":\"\u041c\u0430\u0433\u0430\u0437\u0438\u043d\",\"item\":\"https:\/\/xstyle.md\/shop\/\"},{\"@type\":\"ListItem\",\"position\":3,\"name\":\"\u0421\u043f\u0430\u043b\u044c\u043d\u044b\u0439 \u043c\u0435\u0448\u043e\u043a Pinguin Blizzard Wide PFM blue\"}]},{\"@type\":\"WebSite\",\"@id\":\"https:\/\/xstyle.md\/#website\",\"url\":\"https:\/\/xstyle.md\/\",\"name\":\"\u041c\u0430\u0433\u0430\u0437\u0438\u043d Xstyle\",\"description\":\"C\u043d\u0430\u0440\u044f\u0436\u0435\u043d\u0438\u0435 \u0434\u043b\u044f \u0442\u0443\u0440\u0438\u0437\u043c\u0430 \u0438 \u044d\u043a\u0441\u0442\u0440\u0435\u043c\u0430\u043b\u044c\u043d\u044b\u0445 \u0432\u0438\u0434\u043e\u0432 \u0441\u043f\u043e\u0440\u0442\u0430 \u0432 \u041c\u043e\u043b\u0434\u043e\u0432\u0435.. \u0426\u0435\u043d\u044b, \u0444\u043e\u0442\u043e, \u0445\u0430\u0440\u0430\u043a\u0442\u0435\u0440\u0438\u0441\u0442\u0438\u043a\u0438 \u0432 \u041c\u043e\u043b\u0434\u043e\u0432\u0435.\",\"publisher\":{\"@id\":\"https:\/\/xstyle.md\/#organization\"},\"alternateName\":\"X-Style\",\"potentialAction\":[{\"@type\":\"SearchAction\",\"target\":{\"@type\":\"EntryPoint\",\"urlTemplate\":\"https:\/\/xstyle.md\/?s={search_term_string}\"},\"query-input\":{\"@type\":\"PropertyValueSpecification\",\"valueRequired\":true,\"valueName\":\"search_term_string\"}}],\"inLanguage\":\"ro-RO\"},{\"@type\":\"Organization\",\"@id\":\"https:\/\/xstyle.md\/#organization\",\"name\":\"\u041c\u0430\u0433\u0430\u0437\u0438\u043d Xstyle\",\"alternateName\":\"x-style\",\"url\":\"https:\/\/xstyle.md\/\",\"logo\":{\"@type\":\"ImageObject\",\"inLanguage\":\"ro-RO\",\"@id\":\"https:\/\/xstyle.md\/#\/schema\/logo\/image\/\",\"url\":\"https:\/\/xstyle.md\/wp-content\/uploads\/2020\/06\/logoicon.svg\",\"contentUrl\":\"https:\/\/xstyle.md\/wp-content\/uploads\/2020\/06\/logoicon.svg\",\"caption\":\"\u041c\u0430\u0433\u0430\u0437\u0438\u043d Xstyle\"},\"image\":{\"@id\":\"https:\/\/xstyle.md\/#\/schema\/logo\/image\/\"},\"sameAs\":[\"https:\/\/www.facebook.com\/xstylemd\",\"https:\/\/www.instagram.com\/xstyle_md\/\",\"https:\/\/t.me\/xstyle_outdoor\"],\"hasMerchantReturnPolicy\":{\"@type\":\"MerchantReturnPolicy\",\"merchantReturnLink\":\"https:\/\/xstyle.md\/ro\/conditions\/\"}}]}<\/script>\n<meta property=\"product:price:amount\" content=\"2190.00\" \/>\n<meta property=\"product:price:currency\" content=\"MDL\" \/>\n<meta property=\"og:availability\" content=\"instock\" \/>\n<meta property=\"product:availability\" content=\"instock\" \/>\n<meta property=\"product:retailer_item_id\" content=\"8592638239751\" \/>\n<meta property=\"product:condition\" content=\"new\" \/>\n<!-- \/ Yoast SEO plugin. -->","yoast_head_json":{"title":"Sac de dormit Pinguin Blizzard Wide PFM blue - Magazin Xstyle","description":"Sac de dormit Pinguin Blizzard Wide PFM blue - alegerea ideal\u0103 pentru trei sezoane. Larg, u\u0219or \u0219i termoizolant, ofer\u0103 confort \u0219i protec\u021bie.","robots":{"index":"index","follow":"follow","max-snippet":"max-snippet:-1","max-image-preview":"max-image-preview:large","max-video-preview":"max-video-preview:-1"},"canonical":"https:\/\/xstyle.md\/ro\/produs\/spalnyj-meshok-pinguin-blizzard-wide-pfm-blue\/","og_locale":"ro_RO","og_type":"article","og_title":"\u0421\u043f\u0430\u043b\u044c\u043d\u044b\u0439 \u043c\u0435\u0448\u043e\u043a Pinguin Blizzard Wide PFM blue - \u041c\u0430\u0433\u0430\u0437\u0438\u043d Xstyle","og_description":"\u0421\u043f\u0430\u043b\u044c\u043d\u044b\u0439 \u043c\u0435\u0448\u043e\u043a Pinguin Blizzard Wide PFM blue - \u0438\u0434\u0435\u0430\u043b\u044c\u043d\u044b\u0439 \u0432\u044b\u0431\u043e\u0440 \u0434\u043b\u044f \u0442\u0440\u0435\u0445 \u0441\u0435\u0437\u043e\u043d\u043e\u0432. \u0428\u0438\u0440\u043e\u043a\u0438\u0439, \u043b\u0435\u0433\u043a\u0438\u0439 \u0438 \u0442\u0435\u043f\u043b\u043e\u0438\u0437\u043e\u043b\u044f\u0446\u0438\u043e\u043d\u043d\u044b\u0439, \u043e\u043d \u043e\u0431\u0435\u0441\u043f\u0435\u0447\u0438\u0432\u0430\u0435\u0442 \u043a\u043e\u043c\u0444\u043e\u0440\u0442 \u0438 \u0437\u0430\u0449\u0438\u0442\u0443.","og_url":"https:\/\/xstyle.md\/ro\/produs\/spalnyj-meshok-pinguin-blizzard-wide-pfm-blue\/","og_site_name":"\u041c\u0430\u0433\u0430\u0437\u0438\u043d Xstyle","article_publisher":"https:\/\/www.facebook.com\/xstylemd","article_modified_time":"2026-04-07T12:23:34+00:00","og_image":[{"width":162,"height":360,"url":"https:\/\/xstyle.md\/wp-content\/uploads\/2021\/04\/pinguin_blizzard_wide_pfm.jpg","type":"image\/jpeg"}],"twitter_card":"summary_large_image","twitter_misc":{"Pre\u021b":"2.190&nbsp;MDL","Disponibilitate":"\u00cen stoc"},"schema":{"@context":"https:\/\/schema.org","@graph":[{"@type":"WebPage","@id":"https:\/\/xstyle.md\/product\/spalnyj-meshok-pinguin-blizzard-wide-pfm-blue\/","url":"https:\/\/xstyle.md\/product\/spalnyj-meshok-pinguin-blizzard-wide-pfm-blue\/","name":"Sac de dormit Pinguin Blizzard Wide PFM blue - Magazin Xstyle","isPartOf":{"@id":"https:\/\/xstyle.md\/#website"},"primaryImageOfPage":{"@id":"https:\/\/xstyle.md\/product\/spalnyj-meshok-pinguin-blizzard-wide-pfm-blue\/#primaryimage"},"image":{"@id":"https:\/\/xstyle.md\/product\/spalnyj-meshok-pinguin-blizzard-wide-pfm-blue\/#primaryimage"},"thumbnailUrl":"https:\/\/xstyle.md\/wp-content\/uploads\/2021\/04\/pinguin_blizzard_wide_pfm.jpg","datePublished":"2021-04-28T14:25:45+00:00","dateModified":"2026-04-07T12:23:34+00:00","description":"Sac de dormit Pinguin Blizzard Wide PFM blue - alegerea ideal\u0103 pentru trei sezoane. Larg, u\u0219or \u0219i termoizolant, ofer\u0103 confort \u0219i protec\u021bie.","breadcrumb":{"@id":"https:\/\/xstyle.md\/product\/spalnyj-meshok-pinguin-blizzard-wide-pfm-blue\/#breadcrumb"},"inLanguage":"ro-RO","potentialAction":[{"@type":"ReadAction","target":["https:\/\/xstyle.md\/product\/spalnyj-meshok-pinguin-blizzard-wide-pfm-blue\/"]}]},{"@type":"ImageObject","inLanguage":"ro-RO","@id":"https:\/\/xstyle.md\/product\/spalnyj-meshok-pinguin-blizzard-wide-pfm-blue\/#primaryimage","url":"https:\/\/xstyle.md\/wp-content\/uploads\/2021\/04\/pinguin_blizzard_wide_pfm.jpg","contentUrl":"https:\/\/xstyle.md\/wp-content\/uploads\/2021\/04\/pinguin_blizzard_wide_pfm.jpg","width":162,"height":360,"caption":"\u0422\u043e\u0432\u0430\u0440\u044b \u0434\u043b\u044f \u0430\u043a\u0442\u0438\u0432\u043d\u043e\u0433\u043e \u043e\u0442\u0434\u044b\u0445\u0430: \u0441\u043f\u043e\u0440\u0442\u0438\u0432\u043d\u0430\u044f \u043e\u0434\u0435\u0436\u0434\u0430, \u043e\u0431\u0443\u0432\u044c \u0434\u043b\u044f \u043f\u043e\u0445\u043e\u0434\u043e\u0432 \u0438 \u043f\u0443\u0442\u0435\u0448\u0435\u0441\u0442\u0432\u0438\u0439, \u044d\u043a\u0438\u043f\u0438\u0440\u043e\u0432\u043a\u0430 \u0434\u043b\u044f \u0445\u0430\u0439\u043a\u0438\u043d\u0433\u0430 \u0438 \u0441\u043a\u0430\u043b\u043e\u043b\u0430\u0437\u0430\u043d\u0438\u044f \u0432 \u0438\u043d\u0442\u0435\u0440\u043d\u0435\u0442-\u043c\u0430\u0433\u0430\u0437\u0438\u043d\u0435"},{"@type":"BreadcrumbList","@id":"https:\/\/xstyle.md\/product\/spalnyj-meshok-pinguin-blizzard-wide-pfm-blue\/#breadcrumb","itemListElement":[{"@type":"ListItem","position":1,"name":"\u0413\u043b\u0430\u0432\u043d\u0430\u044f \u0441\u0442\u0440\u0430\u043d\u0438\u0446\u0430","item":"https:\/\/xstyle.md\/"},{"@type":"ListItem","position":2,"name":"\u041c\u0430\u0433\u0430\u0437\u0438\u043d","item":"https:\/\/xstyle.md\/shop\/"},{"@type":"ListItem","position":3,"name":"\u0421\u043f\u0430\u043b\u044c\u043d\u044b\u0439 \u043c\u0435\u0448\u043e\u043a Pinguin Blizzard Wide PFM blue"}]},{"@type":"WebSite","@id":"https:\/\/xstyle.md\/#website","url":"https:\/\/xstyle.md\/","name":"Magazinul X-Style","description":"Echipamente pentru turism \u0219i sporturi extreme \u00een Moldova. Pre\u021buri, fotografii, caracteristici \u00een Moldova.","publisher":{"@id":"https:\/\/xstyle.md\/#organization"},"alternateName":"X-Style","potentialAction":[{"@type":"SearchAction","target":{"@type":"EntryPoint","urlTemplate":"https:\/\/xstyle.md\/?s={search_term_string}"},"query-input":{"@type":"PropertyValueSpecification","valueRequired":true,"valueName":"search_term_string"}}],"inLanguage":"ro-RO"},{"@type":"Organization","@id":"https:\/\/xstyle.md\/#organization","name":"Magazinul X-Style","alternateName":"x-style","url":"https:\/\/xstyle.md\/","logo":{"@type":"ImageObject","inLanguage":"ro-RO","@id":"https:\/\/xstyle.md\/#\/schema\/logo\/image\/","url":"https:\/\/xstyle.md\/wp-content\/uploads\/2020\/06\/logoicon.svg","contentUrl":"https:\/\/xstyle.md\/wp-content\/uploads\/2020\/06\/logoicon.svg","caption":"\u041c\u0430\u0433\u0430\u0437\u0438\u043d Xstyle"},"image":{"@id":"https:\/\/xstyle.md\/#\/schema\/logo\/image\/"},"sameAs":["https:\/\/www.facebook.com\/xstylemd","https:\/\/www.instagram.com\/xstyle_md\/","https:\/\/t.me\/xstyle_outdoor"],"hasMerchantReturnPolicy":{"@type":"MerchantReturnPolicy","merchantReturnLink":"https:\/\/xstyle.md\/ro\/conditions\/"}}]},"product_price_amount":"2190.00","product_price_currency":"MDL","og_availability":"instock","product_availability":"instock","product_retailer_item_id":"8592638239751","product_condition":"new"},"post_mailing_queue_ids":[],"_links":{"self":[{"href":"https:\/\/xstyle.md\/ro\/wp-json\/wp\/v2\/product\/32385","targetHints":{"allow":["GET"]}}],"collection":[{"href":"https:\/\/xstyle.md\/ro\/wp-json\/wp\/v2\/product"}],"about":[{"href":"https:\/\/xstyle.md\/ro\/wp-json\/wp\/v2\/types\/product"}],"replies":[{"embeddable":true,"href":"https:\/\/xstyle.md\/ro\/wp-json\/wp\/v2\/comments?post=32385"}],"wp:featuredmedia":[{"embeddable":true,"href":"https:\/\/xstyle.md\/ro\/wp-json\/wp\/v2\/media\/32381"}],"wp:attachment":[{"href":"https:\/\/xstyle.md\/ro\/wp-json\/wp\/v2\/media?parent=32385"}],"wp:term":[{"taxonomy":"product_brand","embeddable":true,"href":"https:\/\/xstyle.md\/ro\/wp-json\/wp\/v2\/product_brand?post=32385"},{"taxonomy":"product_cat","embeddable":true,"href":"https:\/\/xstyle.md\/ro\/wp-json\/wp\/v2\/product_cat?post=32385"},{"taxonomy":"product_tag","embeddable":true,"href":"https:\/\/xstyle.md\/ro\/wp-json\/wp\/v2\/product_tag?post=32385"}],"curies":[{"name":"wp","href":"https:\/\/api.w.org\/{rel}","templated":true}]}}