{"id":32296,"date":"2021-04-28T17:23:25","date_gmt":"2021-04-28T14:23:25","guid":{"rendered":"https:\/\/xstyle.md\/product\/skrebok-dlja-chistki-chugunkov-petromax-ridges\/"},"modified":"2024-10-21T09:41:08","modified_gmt":"2024-10-21T06:41:08","slug":"skrebok-dlja-chistki-chugunkov-petromax-ridges","status":"publish","type":"product","link":"https:\/\/xstyle.md\/ro\/produs\/skrebok-dlja-chistki-chugunkov-petromax-ridges\/","title":{"rendered":"R\u0103zuitor pentru cur\u0103\u021barea fontei Petromax Ridges"},"content":{"rendered":"<\/p>\n<p>R\u0103zuitor pentru cur\u0103\u021barea fontei <strong>Petromax Ridges\u00a0<\/strong>v\u0103 ajut\u0103 s\u0103 \u00eendep\u0103rta\u021bi crustele, gr\u0103simea ars\u0103 \u0219i resturile de la g\u0103tit. Curba de pe marginea inferioar\u0103 se potrive\u0219te perfect cu curbura tig\u0103ilor, ceea ce face mult mai u\u0219oar\u0103 cur\u0103\u021barea formei. Racla nu numai c\u0103 \u00eendep\u0103rteaz\u0103 temeinic reziduurile, dar nu deterioreaz\u0103 nici suprafa\u021ba superioar\u0103 a tig\u0103ilor sau a crati\u021belor din font\u0103.<\/p>\n<p>Structura din\u021bat\u0103 a racletei este ideal\u0103 pentru toate produsele din font\u0103 Petromax cu o suprafa\u021b\u0103 canelata. Acest lucru faciliteaz\u0103 cur\u0103\u021barea oric\u0103rei suprafe\u021be de gr\u0103tar canelate, economisind timp pentru cur\u0103\u021barea alimentelor cu o structur\u0103 canelat\u0103. Racla este rezistent\u0103 la c\u0103ldur\u0103 p\u00e2n\u0103 la 120 \u00b0C, ceea ce face posibil\u0103 cur\u0103\u021barea produselor din font\u0103 care sunt \u00eenc\u0103 calde sau \u00eenmuiate \u00een ap\u0103 fierbinte. Racleta cu nervuri este fabricat\u0103 din plastic de calitate alimentar\u0103.<\/p>\n<h3>Caracteristici<\/h3>\n<ul>\n<li>Material &#8212; PP<\/li>\n<li>Dimensiuni &#8212; 8 x 13,6 cm.<\/li>\n<\/ul>\n<h3>Marca<\/h3>\n<p>Petromax &#8212; principalul produc\u0103tor german de echipamente de g\u0103tit \u0219i de locuit \u00een aer liber, iar gama sa de produse coordonate combin\u0103 tradi\u021bia \u0219i inova\u021bia \u00eentr-un mod unic. Toate produsele Petromax sunt de cea mai bun\u0103 calitate, durabile, bine g\u00e2ndite \u00een detaliu \u0219i concepute pentru to\u021bi cei care doresc s\u0103 compenseze rutina lor \u00een aer liber \u0219i, prin urmare, s\u0103 campeze \u00een aer liber. Lumea produselor Petromax se concentreaz\u0103 pe explorarea naturii nealterate folosind echipamente tradi\u021bionale, dar bine concepute.<\/p>\n<p><\/p>","protected":false},"excerpt":{"rendered":"<p>R\u0103zuitor pentru cur\u0103\u021barea fontei Petromax Ridges<\/p>","protected":false},"featured_media":32295,"comment_status":"open","ping_status":"closed","template":"","meta":{"_acf_changed":false,"inline_featured_image":false},"product_brand":[1420],"product_cat":[911],"product_tag":[],"class_list":{"0":"post-32296","1":"product","2":"type-product","3":"status-publish","4":"has-post-thumbnail","6":"product_brand-petromax","7":"product_cat-accesorii-dutch-oven","9":"first","10":"instock","11":"shipping-taxable","12":"purchasable","13":"product-type-simple"},"acf":[],"yoast_head":"<!-- This site is optimized with the Yoast SEO plugin v27.2 - https:\/\/yoast.com\/product\/yoast-seo-wordpress\/ -->\n<title>\u0421\u043a\u0440\u0435\u0431\u043e\u043a \u0434\u043b\u044f \u0447\u0438\u0441\u0442\u043a\u0438 \u0447\u0443\u0433\u0443\u043d\u043a\u043e\u0432 Petromax Ridges - \u041c\u0430\u0433\u0430\u0437\u0438\u043d Xstyle<\/title>\n<meta name=\"description\" content=\"\u041e\u0447\u0438\u0441\u0442\u0438\u0442\u0435 \u0441\u0432\u043e\u044e \u0447\u0443\u0433\u0443\u043d\u043d\u0443\u044e \u043f\u043e\u0441\u0443\u0434\u0443 \u0441 \u043f\u043e\u043c\u043e\u0449\u044c\u044e \u0441\u043a\u0440\u0435\u0431\u043a\u0430 Petromax Ridges! \u0418\u0434\u0435\u0430\u043b\u044c\u043d\u043e \u043f\u043e\u0434\u0445\u043e\u0434\u0438\u0442 \u0434\u043b\u044f \u0443\u0434\u0430\u043b\u0435\u043d\u0438\u044f \u043f\u0440\u0438\u0433\u043e\u0440\u0435\u0432\u0448\u0438\u0445 \u043e\u0441\u0442\u0430\u0442\u043a\u043e\u0432, \u043d\u0435 \u043f\u043e\u0432\u0440\u0435\u0436\u0434\u0430\u044f \u043f\u043e\u0432\u0435\u0440\u0445\u043d\u043e\u0441\u0442\u044c.\" \/>\n<meta name=\"robots\" content=\"index, follow, max-snippet:-1, max-image-preview:large, max-video-preview:-1\" \/>\n<link rel=\"canonical\" href=\"https:\/\/xstyle.md\/ro\/produs\/skrebok-dlja-chistki-chugunkov-petromax-ridges\/\" \/>\n<meta property=\"og:locale\" content=\"ro_RO\" \/>\n<meta property=\"og:type\" content=\"article\" \/>\n<meta property=\"og:title\" content=\"\u0421\u043a\u0440\u0435\u0431\u043e\u043a \u0434\u043b\u044f \u0447\u0438\u0441\u0442\u043a\u0438 \u0447\u0443\u0433\u0443\u043d\u043a\u043e\u0432 Petromax Ridges - \u041c\u0430\u0433\u0430\u0437\u0438\u043d Xstyle\" \/>\n<meta property=\"og:description\" content=\"\u041e\u0447\u0438\u0441\u0442\u0438\u0442\u0435 \u0441\u0432\u043e\u044e \u0447\u0443\u0433\u0443\u043d\u043d\u0443\u044e \u043f\u043e\u0441\u0443\u0434\u0443 \u0441 \u043f\u043e\u043c\u043e\u0449\u044c\u044e \u0441\u043a\u0440\u0435\u0431\u043a\u0430 Petromax Ridges! \u0418\u0434\u0435\u0430\u043b\u044c\u043d\u043e \u043f\u043e\u0434\u0445\u043e\u0434\u0438\u0442 \u0434\u043b\u044f \u0443\u0434\u0430\u043b\u0435\u043d\u0438\u044f \u043f\u0440\u0438\u0433\u043e\u0440\u0435\u0432\u0448\u0438\u0445 \u043e\u0441\u0442\u0430\u0442\u043a\u043e\u0432, \u043d\u0435 \u043f\u043e\u0432\u0440\u0435\u0436\u0434\u0430\u044f \u043f\u043e\u0432\u0435\u0440\u0445\u043d\u043e\u0441\u0442\u044c.\" \/>\n<meta property=\"og:url\" content=\"https:\/\/xstyle.md\/ro\/produs\/skrebok-dlja-chistki-chugunkov-petromax-ridges\/\" \/>\n<meta property=\"og:site_name\" content=\"\u041c\u0430\u0433\u0430\u0437\u0438\u043d Xstyle\" \/>\n<meta property=\"article:publisher\" content=\"https:\/\/www.facebook.com\/xstylemd\" \/>\n<meta property=\"article:modified_time\" content=\"2024-10-21T06:41:08+00:00\" \/>\n<meta property=\"og:image\" content=\"https:\/\/xstyle.md\/wp-content\/uploads\/2021\/04\/petromax_ridges.jpg\" \/>\n\t<meta property=\"og:image:width\" content=\"1600\" \/>\n\t<meta property=\"og:image:height\" content=\"900\" \/>\n\t<meta property=\"og:image:type\" content=\"image\/jpeg\" \/>\n<meta name=\"twitter:card\" content=\"summary_large_image\" \/>\n<meta name=\"twitter:label1\" content=\"Pre\u021b\" \/>\n\t<meta name=\"twitter:data1\" content=\"125&nbsp;MDL\" \/>\n\t<meta name=\"twitter:label2\" content=\"Disponibilitate\" \/>\n\t<meta name=\"twitter:data2\" content=\"\u00cen stoc\" \/>\n<script type=\"application\/ld+json\" class=\"yoast-schema-graph\">{\"@context\":\"https:\/\/schema.org\",\"@graph\":[{\"@type\":\"WebPage\",\"@id\":\"https:\/\/xstyle.md\/product\/skrebok-dlja-chistki-chugunkov-petromax-ridges\/\",\"url\":\"https:\/\/xstyle.md\/product\/skrebok-dlja-chistki-chugunkov-petromax-ridges\/\",\"name\":\"\u0421\u043a\u0440\u0435\u0431\u043e\u043a \u0434\u043b\u044f \u0447\u0438\u0441\u0442\u043a\u0438 \u0447\u0443\u0433\u0443\u043d\u043a\u043e\u0432 Petromax Ridges - \u041c\u0430\u0433\u0430\u0437\u0438\u043d Xstyle\",\"isPartOf\":{\"@id\":\"https:\/\/xstyle.md\/#website\"},\"primaryImageOfPage\":{\"@id\":\"https:\/\/xstyle.md\/product\/skrebok-dlja-chistki-chugunkov-petromax-ridges\/#primaryimage\"},\"image\":{\"@id\":\"https:\/\/xstyle.md\/product\/skrebok-dlja-chistki-chugunkov-petromax-ridges\/#primaryimage\"},\"thumbnailUrl\":\"https:\/\/xstyle.md\/wp-content\/uploads\/2021\/04\/petromax_ridges.jpg\",\"datePublished\":\"2021-04-28T14:23:25+00:00\",\"dateModified\":\"2024-10-21T06:41:08+00:00\",\"description\":\"\u041e\u0447\u0438\u0441\u0442\u0438\u0442\u0435 \u0441\u0432\u043e\u044e \u0447\u0443\u0433\u0443\u043d\u043d\u0443\u044e \u043f\u043e\u0441\u0443\u0434\u0443 \u0441 \u043f\u043e\u043c\u043e\u0449\u044c\u044e \u0441\u043a\u0440\u0435\u0431\u043a\u0430 Petromax Ridges! \u0418\u0434\u0435\u0430\u043b\u044c\u043d\u043e \u043f\u043e\u0434\u0445\u043e\u0434\u0438\u0442 \u0434\u043b\u044f \u0443\u0434\u0430\u043b\u0435\u043d\u0438\u044f \u043f\u0440\u0438\u0433\u043e\u0440\u0435\u0432\u0448\u0438\u0445 \u043e\u0441\u0442\u0430\u0442\u043a\u043e\u0432, \u043d\u0435 \u043f\u043e\u0432\u0440\u0435\u0436\u0434\u0430\u044f \u043f\u043e\u0432\u0435\u0440\u0445\u043d\u043e\u0441\u0442\u044c.\",\"breadcrumb\":{\"@id\":\"https:\/\/xstyle.md\/product\/skrebok-dlja-chistki-chugunkov-petromax-ridges\/#breadcrumb\"},\"inLanguage\":\"ro-RO\",\"potentialAction\":[{\"@type\":\"ReadAction\",\"target\":[\"https:\/\/xstyle.md\/product\/skrebok-dlja-chistki-chugunkov-petromax-ridges\/\"]}]},{\"@type\":\"ImageObject\",\"inLanguage\":\"ro-RO\",\"@id\":\"https:\/\/xstyle.md\/product\/skrebok-dlja-chistki-chugunkov-petromax-ridges\/#primaryimage\",\"url\":\"https:\/\/xstyle.md\/wp-content\/uploads\/2021\/04\/petromax_ridges.jpg\",\"contentUrl\":\"https:\/\/xstyle.md\/wp-content\/uploads\/2021\/04\/petromax_ridges.jpg\",\"width\":1600,\"height\":900,\"caption\":\"\u0422\u0435\u043c\u0430 \u0441\u0442\u0440\u0430\u043d\u0438\u0446\u044b: \u041e\u0434\u0435\u0436\u0434\u0430 \u0438 \u0441\u043d\u0430\u0440\u044f\u0436\u0435\u043d\u0438\u0435 \u0434\u043b\u044f \u0430\u043a\u0442\u0438\u0432\u043d\u043e\u0433\u043e \u043e\u0442\u0434\u044b\u0445\u0430, \u043f\u043e\u0445\u043e\u0434\u043e\u0432 \u0438 \u043f\u0443\u0442\u0435\u0448\u0435\u0441\u0442\u0432\u0438\u0439. \u041c\u0438\u043d\u0438\u0430\u0442\u044e\u0440\u0430: \u043e\u0434\u0435\u0436\u0434\u0430 \u0438 \u043e\u0431\u0443\u0432\u044c \u0434\u043b\u044f \u0445\u0430\u0439\u043a\u0438\u043d\u0433\u0430 \u0438 \u0430\u043b\u044c\u043f\u0438\u043d\u0438\u0437\u043c\u0430, \u0430\u043a\u0442\u0438\u0432\u043d\u0430\u044f \u0436\u0438\u0437\u043d\u044c \u0434\u043b\u044f \u043e\u043d\u043b\u0430\u0439\u043d-\u043c\u0430\u0433\u0430\u0437\u0438\u043d\u0430\"},{\"@type\":\"BreadcrumbList\",\"@id\":\"https:\/\/xstyle.md\/product\/skrebok-dlja-chistki-chugunkov-petromax-ridges\/#breadcrumb\",\"itemListElement\":[{\"@type\":\"ListItem\",\"position\":1,\"name\":\"\u0413\u043b\u0430\u0432\u043d\u0430\u044f \u0441\u0442\u0440\u0430\u043d\u0438\u0446\u0430\",\"item\":\"https:\/\/xstyle.md\/\"},{\"@type\":\"ListItem\",\"position\":2,\"name\":\"\u041c\u0430\u0433\u0430\u0437\u0438\u043d\",\"item\":\"https:\/\/xstyle.md\/shop\/\"},{\"@type\":\"ListItem\",\"position\":3,\"name\":\"\u0421\u043a\u0440\u0435\u0431\u043e\u043a \u0434\u043b\u044f \u0447\u0438\u0441\u0442\u043a\u0438 \u0447\u0443\u0433\u0443\u043d\u043a\u043e\u0432 Petromax Ridges\"}]},{\"@type\":\"WebSite\",\"@id\":\"https:\/\/xstyle.md\/#website\",\"url\":\"https:\/\/xstyle.md\/\",\"name\":\"\u041c\u0430\u0433\u0430\u0437\u0438\u043d Xstyle\",\"description\":\"C\u043d\u0430\u0440\u044f\u0436\u0435\u043d\u0438\u0435 \u0434\u043b\u044f \u0442\u0443\u0440\u0438\u0437\u043c\u0430 \u0438 \u044d\u043a\u0441\u0442\u0440\u0435\u043c\u0430\u043b\u044c\u043d\u044b\u0445 \u0432\u0438\u0434\u043e\u0432 \u0441\u043f\u043e\u0440\u0442\u0430 \u0432 \u041c\u043e\u043b\u0434\u043e\u0432\u0435.. \u0426\u0435\u043d\u044b, \u0444\u043e\u0442\u043e, \u0445\u0430\u0440\u0430\u043a\u0442\u0435\u0440\u0438\u0441\u0442\u0438\u043a\u0438 \u0432 \u041c\u043e\u043b\u0434\u043e\u0432\u0435.\",\"publisher\":{\"@id\":\"https:\/\/xstyle.md\/#organization\"},\"alternateName\":\"X-Style\",\"potentialAction\":[{\"@type\":\"SearchAction\",\"target\":{\"@type\":\"EntryPoint\",\"urlTemplate\":\"https:\/\/xstyle.md\/?s={search_term_string}\"},\"query-input\":{\"@type\":\"PropertyValueSpecification\",\"valueRequired\":true,\"valueName\":\"search_term_string\"}}],\"inLanguage\":\"ro-RO\"},{\"@type\":\"Organization\",\"@id\":\"https:\/\/xstyle.md\/#organization\",\"name\":\"\u041c\u0430\u0433\u0430\u0437\u0438\u043d Xstyle\",\"alternateName\":\"x-style\",\"url\":\"https:\/\/xstyle.md\/\",\"logo\":{\"@type\":\"ImageObject\",\"inLanguage\":\"ro-RO\",\"@id\":\"https:\/\/xstyle.md\/#\/schema\/logo\/image\/\",\"url\":\"https:\/\/xstyle.md\/wp-content\/uploads\/2020\/06\/logoicon.svg\",\"contentUrl\":\"https:\/\/xstyle.md\/wp-content\/uploads\/2020\/06\/logoicon.svg\",\"caption\":\"\u041c\u0430\u0433\u0430\u0437\u0438\u043d Xstyle\"},\"image\":{\"@id\":\"https:\/\/xstyle.md\/#\/schema\/logo\/image\/\"},\"sameAs\":[\"https:\/\/www.facebook.com\/xstylemd\",\"https:\/\/www.instagram.com\/xstyle_md\/\",\"https:\/\/t.me\/xstyle_outdoor\"],\"hasMerchantReturnPolicy\":{\"@type\":\"MerchantReturnPolicy\",\"merchantReturnLink\":\"https:\/\/xstyle.md\/ro\/conditions\/\"}}]}<\/script>\n<meta property=\"product:price:amount\" content=\"125.00\" \/>\n<meta property=\"product:price:currency\" content=\"MDL\" \/>\n<meta property=\"og:availability\" content=\"instock\" \/>\n<meta property=\"product:availability\" content=\"instock\" \/>\n<meta property=\"product:retailer_item_id\" content=\"4250435790212\" \/>\n<meta property=\"product:condition\" content=\"new\" \/>\n<!-- \/ Yoast SEO plugin. -->","yoast_head_json":{"title":"R\u0103zuitor pentru cur\u0103\u021barea fontei Petromax Ridges - Magazin Xstyle","description":"Cur\u0103\u021ba\u021bi-v\u0103 vasele din font\u0103 cu ajutorul racletei Petromax Ridges! Ideal\u0103 pentru \u00eendep\u0103rtarea resturilor arse, f\u0103r\u0103 a deteriora suprafa\u021ba.","robots":{"index":"index","follow":"follow","max-snippet":"max-snippet:-1","max-image-preview":"max-image-preview:large","max-video-preview":"max-video-preview:-1"},"canonical":"https:\/\/xstyle.md\/ro\/produs\/skrebok-dlja-chistki-chugunkov-petromax-ridges\/","og_locale":"ro_RO","og_type":"article","og_title":"\u0421\u043a\u0440\u0435\u0431\u043e\u043a \u0434\u043b\u044f \u0447\u0438\u0441\u0442\u043a\u0438 \u0447\u0443\u0433\u0443\u043d\u043a\u043e\u0432 Petromax Ridges - \u041c\u0430\u0433\u0430\u0437\u0438\u043d Xstyle","og_description":"\u041e\u0447\u0438\u0441\u0442\u0438\u0442\u0435 \u0441\u0432\u043e\u044e \u0447\u0443\u0433\u0443\u043d\u043d\u0443\u044e \u043f\u043e\u0441\u0443\u0434\u0443 \u0441 \u043f\u043e\u043c\u043e\u0449\u044c\u044e \u0441\u043a\u0440\u0435\u0431\u043a\u0430 Petromax Ridges! \u0418\u0434\u0435\u0430\u043b\u044c\u043d\u043e \u043f\u043e\u0434\u0445\u043e\u0434\u0438\u0442 \u0434\u043b\u044f \u0443\u0434\u0430\u043b\u0435\u043d\u0438\u044f \u043f\u0440\u0438\u0433\u043e\u0440\u0435\u0432\u0448\u0438\u0445 \u043e\u0441\u0442\u0430\u0442\u043a\u043e\u0432, \u043d\u0435 \u043f\u043e\u0432\u0440\u0435\u0436\u0434\u0430\u044f \u043f\u043e\u0432\u0435\u0440\u0445\u043d\u043e\u0441\u0442\u044c.","og_url":"https:\/\/xstyle.md\/ro\/produs\/skrebok-dlja-chistki-chugunkov-petromax-ridges\/","og_site_name":"\u041c\u0430\u0433\u0430\u0437\u0438\u043d Xstyle","article_publisher":"https:\/\/www.facebook.com\/xstylemd","article_modified_time":"2024-10-21T06:41:08+00:00","og_image":[{"width":1600,"height":900,"url":"https:\/\/xstyle.md\/wp-content\/uploads\/2021\/04\/petromax_ridges.jpg","type":"image\/jpeg"}],"twitter_card":"summary_large_image","twitter_misc":{"Pre\u021b":"125&nbsp;MDL","Disponibilitate":"\u00cen stoc"},"schema":{"@context":"https:\/\/schema.org","@graph":[{"@type":"WebPage","@id":"https:\/\/xstyle.md\/product\/skrebok-dlja-chistki-chugunkov-petromax-ridges\/","url":"https:\/\/xstyle.md\/product\/skrebok-dlja-chistki-chugunkov-petromax-ridges\/","name":"R\u0103zuitor pentru cur\u0103\u021barea fontei Petromax Ridges - Magazin Xstyle","isPartOf":{"@id":"https:\/\/xstyle.md\/#website"},"primaryImageOfPage":{"@id":"https:\/\/xstyle.md\/product\/skrebok-dlja-chistki-chugunkov-petromax-ridges\/#primaryimage"},"image":{"@id":"https:\/\/xstyle.md\/product\/skrebok-dlja-chistki-chugunkov-petromax-ridges\/#primaryimage"},"thumbnailUrl":"https:\/\/xstyle.md\/wp-content\/uploads\/2021\/04\/petromax_ridges.jpg","datePublished":"2021-04-28T14:23:25+00:00","dateModified":"2024-10-21T06:41:08+00:00","description":"Cur\u0103\u021ba\u021bi-v\u0103 vasele din font\u0103 cu ajutorul racletei Petromax Ridges! Ideal\u0103 pentru \u00eendep\u0103rtarea resturilor arse, f\u0103r\u0103 a deteriora suprafa\u021ba.","breadcrumb":{"@id":"https:\/\/xstyle.md\/product\/skrebok-dlja-chistki-chugunkov-petromax-ridges\/#breadcrumb"},"inLanguage":"ro-RO","potentialAction":[{"@type":"ReadAction","target":["https:\/\/xstyle.md\/product\/skrebok-dlja-chistki-chugunkov-petromax-ridges\/"]}]},{"@type":"ImageObject","inLanguage":"ro-RO","@id":"https:\/\/xstyle.md\/product\/skrebok-dlja-chistki-chugunkov-petromax-ridges\/#primaryimage","url":"https:\/\/xstyle.md\/wp-content\/uploads\/2021\/04\/petromax_ridges.jpg","contentUrl":"https:\/\/xstyle.md\/wp-content\/uploads\/2021\/04\/petromax_ridges.jpg","width":1600,"height":900,"caption":"\u0422\u0435\u043c\u0430 \u0441\u0442\u0440\u0430\u043d\u0438\u0446\u044b: \u041e\u0434\u0435\u0436\u0434\u0430 \u0438 \u0441\u043d\u0430\u0440\u044f\u0436\u0435\u043d\u0438\u0435 \u0434\u043b\u044f \u0430\u043a\u0442\u0438\u0432\u043d\u043e\u0433\u043e \u043e\u0442\u0434\u044b\u0445\u0430, \u043f\u043e\u0445\u043e\u0434\u043e\u0432 \u0438 \u043f\u0443\u0442\u0435\u0448\u0435\u0441\u0442\u0432\u0438\u0439. \u041c\u0438\u043d\u0438\u0430\u0442\u044e\u0440\u0430: \u043e\u0434\u0435\u0436\u0434\u0430 \u0438 \u043e\u0431\u0443\u0432\u044c \u0434\u043b\u044f \u0445\u0430\u0439\u043a\u0438\u043d\u0433\u0430 \u0438 \u0430\u043b\u044c\u043f\u0438\u043d\u0438\u0437\u043c\u0430, \u0430\u043a\u0442\u0438\u0432\u043d\u0430\u044f \u0436\u0438\u0437\u043d\u044c \u0434\u043b\u044f \u043e\u043d\u043b\u0430\u0439\u043d-\u043c\u0430\u0433\u0430\u0437\u0438\u043d\u0430"},{"@type":"BreadcrumbList","@id":"https:\/\/xstyle.md\/product\/skrebok-dlja-chistki-chugunkov-petromax-ridges\/#breadcrumb","itemListElement":[{"@type":"ListItem","position":1,"name":"\u0413\u043b\u0430\u0432\u043d\u0430\u044f \u0441\u0442\u0440\u0430\u043d\u0438\u0446\u0430","item":"https:\/\/xstyle.md\/"},{"@type":"ListItem","position":2,"name":"\u041c\u0430\u0433\u0430\u0437\u0438\u043d","item":"https:\/\/xstyle.md\/shop\/"},{"@type":"ListItem","position":3,"name":"\u0421\u043a\u0440\u0435\u0431\u043e\u043a \u0434\u043b\u044f \u0447\u0438\u0441\u0442\u043a\u0438 \u0447\u0443\u0433\u0443\u043d\u043a\u043e\u0432 Petromax Ridges"}]},{"@type":"WebSite","@id":"https:\/\/xstyle.md\/#website","url":"https:\/\/xstyle.md\/","name":"Magazinul X-Style","description":"Echipamente pentru turism \u0219i sporturi extreme \u00een Moldova. Pre\u021buri, fotografii, caracteristici \u00een Moldova.","publisher":{"@id":"https:\/\/xstyle.md\/#organization"},"alternateName":"X-Style","potentialAction":[{"@type":"SearchAction","target":{"@type":"EntryPoint","urlTemplate":"https:\/\/xstyle.md\/?s={search_term_string}"},"query-input":{"@type":"PropertyValueSpecification","valueRequired":true,"valueName":"search_term_string"}}],"inLanguage":"ro-RO"},{"@type":"Organization","@id":"https:\/\/xstyle.md\/#organization","name":"Magazinul X-Style","alternateName":"x-style","url":"https:\/\/xstyle.md\/","logo":{"@type":"ImageObject","inLanguage":"ro-RO","@id":"https:\/\/xstyle.md\/#\/schema\/logo\/image\/","url":"https:\/\/xstyle.md\/wp-content\/uploads\/2020\/06\/logoicon.svg","contentUrl":"https:\/\/xstyle.md\/wp-content\/uploads\/2020\/06\/logoicon.svg","caption":"\u041c\u0430\u0433\u0430\u0437\u0438\u043d Xstyle"},"image":{"@id":"https:\/\/xstyle.md\/#\/schema\/logo\/image\/"},"sameAs":["https:\/\/www.facebook.com\/xstylemd","https:\/\/www.instagram.com\/xstyle_md\/","https:\/\/t.me\/xstyle_outdoor"],"hasMerchantReturnPolicy":{"@type":"MerchantReturnPolicy","merchantReturnLink":"https:\/\/xstyle.md\/ro\/conditions\/"}}]},"product_price_amount":"125.00","product_price_currency":"MDL","og_availability":"instock","product_availability":"instock","product_retailer_item_id":"4250435790212","product_condition":"new"},"post_mailing_queue_ids":[],"_links":{"self":[{"href":"https:\/\/xstyle.md\/ro\/wp-json\/wp\/v2\/product\/32296","targetHints":{"allow":["GET"]}}],"collection":[{"href":"https:\/\/xstyle.md\/ro\/wp-json\/wp\/v2\/product"}],"about":[{"href":"https:\/\/xstyle.md\/ro\/wp-json\/wp\/v2\/types\/product"}],"replies":[{"embeddable":true,"href":"https:\/\/xstyle.md\/ro\/wp-json\/wp\/v2\/comments?post=32296"}],"wp:featuredmedia":[{"embeddable":true,"href":"https:\/\/xstyle.md\/ro\/wp-json\/wp\/v2\/media\/32295"}],"wp:attachment":[{"href":"https:\/\/xstyle.md\/ro\/wp-json\/wp\/v2\/media?parent=32296"}],"wp:term":[{"taxonomy":"product_brand","embeddable":true,"href":"https:\/\/xstyle.md\/ro\/wp-json\/wp\/v2\/product_brand?post=32296"},{"taxonomy":"product_cat","embeddable":true,"href":"https:\/\/xstyle.md\/ro\/wp-json\/wp\/v2\/product_cat?post=32296"},{"taxonomy":"product_tag","embeddable":true,"href":"https:\/\/xstyle.md\/ro\/wp-json\/wp\/v2\/product_tag?post=32296"}],"curies":[{"name":"wp","href":"https:\/\/api.w.org\/{rel}","templated":true}]}}