{"id":32294,"date":"2021-04-28T17:23:22","date_gmt":"2021-04-28T14:23:22","guid":{"rendered":"https:\/\/xstyle.md\/product\/kerosin-petromax-alkan-paraffin\/"},"modified":"2026-03-19T16:25:40","modified_gmt":"2026-03-19T13:25:40","slug":"kerosin-petromax-alkan-paraffin","status":"publish","type":"product","link":"https:\/\/xstyle.md\/ro\/produs\/kerosin-petromax-alkan-paraffin\/","title":{"rendered":"Gaz lampant Petromax Alkan Paraffin"},"content":{"rendered":"<\/p>\n<p>Gaz lampant <strong>Petromax Alkan Paraffin<\/strong> &#8212; ulei de lamp\u0103 limpede, curat \u0219i inodor pentru l\u0103mpile \u0219i felinarele Petromax. Este, de asemenea, ideal pentru alte l\u0103mpi cu parafin\u0103 sau ulei \u0219i pentru aragazuri de g\u0103tit. Datorit\u0103 purit\u0103\u021bii sale ridicate \u0219i compozi\u021biei unice, Alkan arde curat \u0219i este aproape inodor. Prin urmare, poate fi utilizat \u0219i \u00een interior.<\/p>\n<p>Sticla practic\u0103 de 1 litru este echipat\u0103 cu un g\u00e2t de umplere special, care permite umplerea u\u0219oar\u0103 \u0219i curat\u0103 a lanternei sau a rezervorului aragazului. G\u00e2tul de umplere este deta\u0219abil. \u00cen plus, dopul sticlei este echipat cu un dispozitiv de blocare pentru copii pentru a garanta o manipulare sigur\u0103.<\/p>\n<h3>Caracteristici<\/h3>\n<ul>\n<li>Volum &#8212; 1 litru<\/li>\n<li>Dimensiuni &#8212; 12,5 x 11,5 x 13,8 cm<\/li>\n<li>Greutate &#8212; 590g.<\/li>\n<\/ul>\n<h3>Marca<\/h3>\n<p>Petromax este unul dintre cei mai importan\u021bi produc\u0103tori germani de echipamente de g\u0103tit \u0219i echipamente pentru via\u021ba \u00een aer liber, iar gama sa de produse coordonate combin\u0103 \u00een mod unic tradi\u021bia \u0219i inova\u021bia. Toate produsele Petromax se caracterizeaz\u0103 prin cea mai \u00eenalt\u0103 calitate, durabilitate, detalii atent g\u00e2ndite \u0219i sunt concepute pentru to\u021bi cei care caut\u0103 o compensa\u021bie pentru rutina lor \u00een aer liber \u0219i, prin urmare, campeaz\u0103 \u00een aer liber. Lumea produselor Petromax se concentreaz\u0103 pe explorarea naturii neatinse folosind echipamente tradi\u021bionale, dar bine concepute.<\/p>\n<p><\/p>","protected":false},"excerpt":{"rendered":"<p>Gaz lampant Petromax Alkan Paraffin<\/p>","protected":false},"featured_media":81438,"comment_status":"open","ping_status":"closed","template":"","meta":{"_acf_changed":false,"inline_featured_image":false},"product_brand":[1420],"product_cat":[147],"product_tag":[],"class_list":{"0":"post-32294","1":"product","2":"type-product","3":"status-publish","4":"has-post-thumbnail","6":"product_brand-petromax","7":"product_cat-gas-bottles","9":"first","10":"outofstock","11":"shipping-taxable","12":"product-type-simple"},"acf":[],"yoast_head":"<!-- This site is optimized with the Yoast SEO plugin v27.4 - https:\/\/yoast.com\/product\/yoast-seo-wordpress\/ -->\n<title>\u041a\u0435\u0440\u043e\u0441\u0438\u043d Petromax Alkan Paraffin - \u041c\u0430\u0433\u0430\u0437\u0438\u043d Xstyle<\/title>\n<meta name=\"description\" content=\"\u041e\u0442\u043a\u0440\u043e\u0439\u0442\u0435 \u0434\u043b\u044f \u0441\u0435\u0431\u044f \u043a\u0435\u0440\u043e\u0441\u0438\u043d Petromax Alkan Paraffin - \u0447\u0438\u0441\u0442\u044b\u0439, \u0431\u0435\u0437 \u0437\u0430\u043f\u0430\u0445\u0430, \u0438\u0434\u0435\u0430\u043b\u0435\u043d \u0434\u043b\u044f \u043b\u0430\u043c\u043f \u0438 \u043f\u043b\u0438\u0442\u044b. \u0423\u0434\u043e\u0431\u043d\u0430\u044f \u0443\u043f\u0430\u043a\u043e\u0432\u043a\u0430 1 \u043b\u0438\u0442\u0440 \u0434\u043b\u044f \u0434\u043e\u043c\u0430\u0448\u043d\u0435\u0433\u043e \u0438\u0441\u043f\u043e\u043b\u044c\u0437\u043e\u0432\u0430\u043d\u0438\u044f.\" \/>\n<meta name=\"robots\" content=\"index, follow, max-snippet:-1, max-image-preview:large, max-video-preview:-1\" \/>\n<link rel=\"canonical\" href=\"https:\/\/xstyle.md\/ro\/produs\/kerosin-petromax-alkan-paraffin\/\" \/>\n<meta property=\"og:locale\" content=\"ro_RO\" \/>\n<meta property=\"og:type\" content=\"article\" \/>\n<meta property=\"og:title\" content=\"\u041a\u0435\u0440\u043e\u0441\u0438\u043d Petromax Alkan Paraffin - \u041c\u0430\u0433\u0430\u0437\u0438\u043d Xstyle\" \/>\n<meta property=\"og:description\" content=\"\u041e\u0442\u043a\u0440\u043e\u0439\u0442\u0435 \u0434\u043b\u044f \u0441\u0435\u0431\u044f \u043a\u0435\u0440\u043e\u0441\u0438\u043d Petromax Alkan Paraffin - \u0447\u0438\u0441\u0442\u044b\u0439, \u0431\u0435\u0437 \u0437\u0430\u043f\u0430\u0445\u0430, \u0438\u0434\u0435\u0430\u043b\u0435\u043d \u0434\u043b\u044f \u043b\u0430\u043c\u043f \u0438 \u043f\u043b\u0438\u0442\u044b. \u0423\u0434\u043e\u0431\u043d\u0430\u044f \u0443\u043f\u0430\u043a\u043e\u0432\u043a\u0430 1 \u043b\u0438\u0442\u0440 \u0434\u043b\u044f \u0434\u043e\u043c\u0430\u0448\u043d\u0435\u0433\u043e \u0438\u0441\u043f\u043e\u043b\u044c\u0437\u043e\u0432\u0430\u043d\u0438\u044f.\" \/>\n<meta property=\"og:url\" content=\"https:\/\/xstyle.md\/ro\/produs\/kerosin-petromax-alkan-paraffin\/\" \/>\n<meta property=\"og:site_name\" content=\"\u041c\u0430\u0433\u0430\u0437\u0438\u043d Xstyle\" \/>\n<meta property=\"article:publisher\" content=\"https:\/\/www.facebook.com\/xstylemd\" \/>\n<meta property=\"article:modified_time\" content=\"2026-03-19T13:25:40+00:00\" \/>\n<meta property=\"og:image\" content=\"https:\/\/xstyle.md\/wp-content\/uploads\/2021\/04\/petromax-alkan-paraffin.jpg\" \/>\n\t<meta property=\"og:image:width\" content=\"1111\" \/>\n\t<meta property=\"og:image:height\" content=\"1137\" \/>\n\t<meta property=\"og:image:type\" content=\"image\/jpeg\" \/>\n<meta name=\"twitter:card\" content=\"summary_large_image\" \/>\n<meta name=\"twitter:label1\" content=\"Pre\u021b\" \/>\n\t<meta name=\"twitter:data1\" content=\"210&nbsp;MDL\" \/>\n\t<meta name=\"twitter:label2\" content=\"Disponibilitate\" \/>\n\t<meta name=\"twitter:data2\" content=\"Stoc epuizat\" \/>\n<script type=\"application\/ld+json\" class=\"yoast-schema-graph\">{\"@context\":\"https:\\\/\\\/schema.org\",\"@graph\":[{\"@type\":\"WebPage\",\"@id\":\"https:\\\/\\\/xstyle.md\\\/product\\\/kerosin-petromax-alkan-paraffin\\\/\",\"url\":\"https:\\\/\\\/xstyle.md\\\/product\\\/kerosin-petromax-alkan-paraffin\\\/\",\"name\":\"\u041a\u0435\u0440\u043e\u0441\u0438\u043d Petromax Alkan Paraffin - \u041c\u0430\u0433\u0430\u0437\u0438\u043d Xstyle\",\"isPartOf\":{\"@id\":\"https:\\\/\\\/xstyle.md\\\/#website\"},\"primaryImageOfPage\":{\"@id\":\"https:\\\/\\\/xstyle.md\\\/product\\\/kerosin-petromax-alkan-paraffin\\\/#primaryimage\"},\"image\":{\"@id\":\"https:\\\/\\\/xstyle.md\\\/product\\\/kerosin-petromax-alkan-paraffin\\\/#primaryimage\"},\"thumbnailUrl\":\"https:\\\/\\\/xstyle.md\\\/wp-content\\\/uploads\\\/2021\\\/04\\\/petromax-alkan-paraffin.jpg\",\"datePublished\":\"2021-04-28T14:23:22+00:00\",\"dateModified\":\"2026-03-19T13:25:40+00:00\",\"description\":\"\u041e\u0442\u043a\u0440\u043e\u0439\u0442\u0435 \u0434\u043b\u044f \u0441\u0435\u0431\u044f \u043a\u0435\u0440\u043e\u0441\u0438\u043d Petromax Alkan Paraffin - \u0447\u0438\u0441\u0442\u044b\u0439, \u0431\u0435\u0437 \u0437\u0430\u043f\u0430\u0445\u0430, \u0438\u0434\u0435\u0430\u043b\u0435\u043d \u0434\u043b\u044f \u043b\u0430\u043c\u043f \u0438 \u043f\u043b\u0438\u0442\u044b. \u0423\u0434\u043e\u0431\u043d\u0430\u044f \u0443\u043f\u0430\u043a\u043e\u0432\u043a\u0430 1 \u043b\u0438\u0442\u0440 \u0434\u043b\u044f \u0434\u043e\u043c\u0430\u0448\u043d\u0435\u0433\u043e \u0438\u0441\u043f\u043e\u043b\u044c\u0437\u043e\u0432\u0430\u043d\u0438\u044f.\",\"breadcrumb\":{\"@id\":\"https:\\\/\\\/xstyle.md\\\/product\\\/kerosin-petromax-alkan-paraffin\\\/#breadcrumb\"},\"inLanguage\":\"ro-RO\",\"potentialAction\":[{\"@type\":\"ReadAction\",\"target\":[\"https:\\\/\\\/xstyle.md\\\/product\\\/kerosin-petromax-alkan-paraffin\\\/\"]}]},{\"@type\":\"ImageObject\",\"inLanguage\":\"ro-RO\",\"@id\":\"https:\\\/\\\/xstyle.md\\\/product\\\/kerosin-petromax-alkan-paraffin\\\/#primaryimage\",\"url\":\"https:\\\/\\\/xstyle.md\\\/wp-content\\\/uploads\\\/2021\\\/04\\\/petromax-alkan-paraffin.jpg\",\"contentUrl\":\"https:\\\/\\\/xstyle.md\\\/wp-content\\\/uploads\\\/2021\\\/04\\\/petromax-alkan-paraffin.jpg\",\"width\":1111,\"height\":1137,\"caption\":\"\u0422\u043e\u043f\u043b\u0438\u0432\u043d\u044b\u0439 \u043a\u0435\u0440\u043e\u0441\u0438\u043d \u0434\u043b\u044f \u043a\u0435\u043c\u043f\u0438\u043d\u0433\u0430 \u0438 \u0430\u043a\u0442\u0438\u0432\u043d\u043e\u0433\u043e \u043e\u0442\u0434\u044b\u0445\u0430, \u043f\u043e\u0434\u0445\u043e\u0434\u044f\u0449\u0438\u0439 \u0434\u043b\u044f \u0442\u0443\u0440\u0438\u0441\u0442\u0438\u0447\u0435\u0441\u043a\u043e\u0439 \u043e\u0431\u0443\u0432\u0438 \u0438 \u043e\u0434\u0435\u0436\u0434\u044b \u0434\u043b\u044f \u043f\u043e\u0445\u043e\u0434\u043e\u0432, \u043f\u0443\u0442\u0435\u0448\u0435\u0441\u0442\u0432\u0438\u0439 \u0438 \u0430\u043b\u044c\u043f\u0438\u043d\u0438\u0437\u043c\u0430\"},{\"@type\":\"BreadcrumbList\",\"@id\":\"https:\\\/\\\/xstyle.md\\\/product\\\/kerosin-petromax-alkan-paraffin\\\/#breadcrumb\",\"itemListElement\":[{\"@type\":\"ListItem\",\"position\":1,\"name\":\"\u0413\u043b\u0430\u0432\u043d\u0430\u044f \u0441\u0442\u0440\u0430\u043d\u0438\u0446\u0430\",\"item\":\"https:\\\/\\\/xstyle.md\\\/\"},{\"@type\":\"ListItem\",\"position\":2,\"name\":\"\u041c\u0430\u0433\u0430\u0437\u0438\u043d\",\"item\":\"https:\\\/\\\/xstyle.md\\\/shop\\\/\"},{\"@type\":\"ListItem\",\"position\":3,\"name\":\"\u041a\u0435\u0440\u043e\u0441\u0438\u043d Petromax Alkan Paraffin\"}]},{\"@type\":\"WebSite\",\"@id\":\"https:\\\/\\\/xstyle.md\\\/#website\",\"url\":\"https:\\\/\\\/xstyle.md\\\/\",\"name\":\"\u041c\u0430\u0433\u0430\u0437\u0438\u043d Xstyle\",\"description\":\"C\u043d\u0430\u0440\u044f\u0436\u0435\u043d\u0438\u0435 \u0434\u043b\u044f \u0442\u0443\u0440\u0438\u0437\u043c\u0430 \u0438 \u044d\u043a\u0441\u0442\u0440\u0435\u043c\u0430\u043b\u044c\u043d\u044b\u0445 \u0432\u0438\u0434\u043e\u0432 \u0441\u043f\u043e\u0440\u0442\u0430 \u0432 \u041c\u043e\u043b\u0434\u043e\u0432\u0435.. \u0426\u0435\u043d\u044b, \u0444\u043e\u0442\u043e, \u0445\u0430\u0440\u0430\u043a\u0442\u0435\u0440\u0438\u0441\u0442\u0438\u043a\u0438 \u0432 \u041c\u043e\u043b\u0434\u043e\u0432\u0435.\",\"publisher\":{\"@id\":\"https:\\\/\\\/xstyle.md\\\/#organization\"},\"alternateName\":\"X-Style\",\"potentialAction\":[{\"@type\":\"SearchAction\",\"target\":{\"@type\":\"EntryPoint\",\"urlTemplate\":\"https:\\\/\\\/xstyle.md\\\/?s={search_term_string}\"},\"query-input\":{\"@type\":\"PropertyValueSpecification\",\"valueRequired\":true,\"valueName\":\"search_term_string\"}}],\"inLanguage\":\"ro-RO\"},{\"@type\":\"Organization\",\"@id\":\"https:\\\/\\\/xstyle.md\\\/#organization\",\"name\":\"\u041c\u0430\u0433\u0430\u0437\u0438\u043d Xstyle\",\"alternateName\":\"x-style\",\"url\":\"https:\\\/\\\/xstyle.md\\\/\",\"logo\":{\"@type\":\"ImageObject\",\"inLanguage\":\"ro-RO\",\"@id\":\"https:\\\/\\\/xstyle.md\\\/#\\\/schema\\\/logo\\\/image\\\/\",\"url\":\"https:\\\/\\\/xstyle.md\\\/wp-content\\\/uploads\\\/2020\\\/06\\\/logoicon.svg\",\"contentUrl\":\"https:\\\/\\\/xstyle.md\\\/wp-content\\\/uploads\\\/2020\\\/06\\\/logoicon.svg\",\"caption\":\"\u041c\u0430\u0433\u0430\u0437\u0438\u043d Xstyle\"},\"image\":{\"@id\":\"https:\\\/\\\/xstyle.md\\\/#\\\/schema\\\/logo\\\/image\\\/\"},\"sameAs\":[\"https:\\\/\\\/www.facebook.com\\\/xstylemd\",\"https:\\\/\\\/www.instagram.com\\\/xstyle_md\\\/\",\"https:\\\/\\\/t.me\\\/xstyle_outdoor\"],\"hasMerchantReturnPolicy\":{\"@type\":\"MerchantReturnPolicy\",\"merchantReturnLink\":\"https:\\\/\\\/xstyle.md\\\/ro\\\/conditions\\\/\"}}]}<\/script>\n<meta property=\"product:price:amount\" content=\"210.00\" \/>\n<meta property=\"product:price:currency\" content=\"MDL\" \/>\n<meta property=\"og:availability\" content=\"out of stock\" \/>\n<meta property=\"product:availability\" content=\"out of stock\" \/>\n<meta property=\"product:retailer_item_id\" content=\"4250435742020\" \/>\n<meta property=\"product:condition\" content=\"new\" \/>\n<!-- \/ Yoast SEO plugin. -->","yoast_head_json":{"title":"Gaz lampant Petromax Alkan Paraffin - Magazin Xstyle","description":"Descoperi\u021bi kerosenul Petromax Alkan Paraffin - pur, f\u0103r\u0103 miros, ideal pentru l\u0103mpi \u0219i aragaz. Ambalaj convenabil de 1 litru pentru utilizare acas\u0103.","robots":{"index":"index","follow":"follow","max-snippet":"max-snippet:-1","max-image-preview":"max-image-preview:large","max-video-preview":"max-video-preview:-1"},"canonical":"https:\/\/xstyle.md\/ro\/produs\/kerosin-petromax-alkan-paraffin\/","og_locale":"ro_RO","og_type":"article","og_title":"\u041a\u0435\u0440\u043e\u0441\u0438\u043d Petromax Alkan Paraffin - \u041c\u0430\u0433\u0430\u0437\u0438\u043d Xstyle","og_description":"\u041e\u0442\u043a\u0440\u043e\u0439\u0442\u0435 \u0434\u043b\u044f \u0441\u0435\u0431\u044f \u043a\u0435\u0440\u043e\u0441\u0438\u043d Petromax Alkan Paraffin - \u0447\u0438\u0441\u0442\u044b\u0439, \u0431\u0435\u0437 \u0437\u0430\u043f\u0430\u0445\u0430, \u0438\u0434\u0435\u0430\u043b\u0435\u043d \u0434\u043b\u044f \u043b\u0430\u043c\u043f \u0438 \u043f\u043b\u0438\u0442\u044b. \u0423\u0434\u043e\u0431\u043d\u0430\u044f \u0443\u043f\u0430\u043a\u043e\u0432\u043a\u0430 1 \u043b\u0438\u0442\u0440 \u0434\u043b\u044f \u0434\u043e\u043c\u0430\u0448\u043d\u0435\u0433\u043e \u0438\u0441\u043f\u043e\u043b\u044c\u0437\u043e\u0432\u0430\u043d\u0438\u044f.","og_url":"https:\/\/xstyle.md\/ro\/produs\/kerosin-petromax-alkan-paraffin\/","og_site_name":"\u041c\u0430\u0433\u0430\u0437\u0438\u043d Xstyle","article_publisher":"https:\/\/www.facebook.com\/xstylemd","article_modified_time":"2026-03-19T13:25:40+00:00","og_image":[{"width":1111,"height":1137,"url":"https:\/\/xstyle.md\/wp-content\/uploads\/2021\/04\/petromax-alkan-paraffin.jpg","type":"image\/jpeg"}],"twitter_card":"summary_large_image","twitter_misc":{"Pre\u021b":"210&nbsp;MDL","Disponibilitate":"Stoc epuizat"},"schema":{"@context":"https:\/\/schema.org","@graph":[{"@type":"WebPage","@id":"https:\/\/xstyle.md\/product\/kerosin-petromax-alkan-paraffin\/","url":"https:\/\/xstyle.md\/product\/kerosin-petromax-alkan-paraffin\/","name":"Gaz lampant Petromax Alkan Paraffin - Magazin Xstyle","isPartOf":{"@id":"https:\/\/xstyle.md\/#website"},"primaryImageOfPage":{"@id":"https:\/\/xstyle.md\/product\/kerosin-petromax-alkan-paraffin\/#primaryimage"},"image":{"@id":"https:\/\/xstyle.md\/product\/kerosin-petromax-alkan-paraffin\/#primaryimage"},"thumbnailUrl":"https:\/\/xstyle.md\/wp-content\/uploads\/2021\/04\/petromax-alkan-paraffin.jpg","datePublished":"2021-04-28T14:23:22+00:00","dateModified":"2026-03-19T13:25:40+00:00","description":"Descoperi\u021bi kerosenul Petromax Alkan Paraffin - pur, f\u0103r\u0103 miros, ideal pentru l\u0103mpi \u0219i aragaz. Ambalaj convenabil de 1 litru pentru utilizare acas\u0103.","breadcrumb":{"@id":"https:\/\/xstyle.md\/product\/kerosin-petromax-alkan-paraffin\/#breadcrumb"},"inLanguage":"ro-RO","potentialAction":[{"@type":"ReadAction","target":["https:\/\/xstyle.md\/product\/kerosin-petromax-alkan-paraffin\/"]}]},{"@type":"ImageObject","inLanguage":"ro-RO","@id":"https:\/\/xstyle.md\/product\/kerosin-petromax-alkan-paraffin\/#primaryimage","url":"https:\/\/xstyle.md\/wp-content\/uploads\/2021\/04\/petromax-alkan-paraffin.jpg","contentUrl":"https:\/\/xstyle.md\/wp-content\/uploads\/2021\/04\/petromax-alkan-paraffin.jpg","width":1111,"height":1137,"caption":"\u0422\u043e\u043f\u043b\u0438\u0432\u043d\u044b\u0439 \u043a\u0435\u0440\u043e\u0441\u0438\u043d \u0434\u043b\u044f \u043a\u0435\u043c\u043f\u0438\u043d\u0433\u0430 \u0438 \u0430\u043a\u0442\u0438\u0432\u043d\u043e\u0433\u043e \u043e\u0442\u0434\u044b\u0445\u0430, \u043f\u043e\u0434\u0445\u043e\u0434\u044f\u0449\u0438\u0439 \u0434\u043b\u044f \u0442\u0443\u0440\u0438\u0441\u0442\u0438\u0447\u0435\u0441\u043a\u043e\u0439 \u043e\u0431\u0443\u0432\u0438 \u0438 \u043e\u0434\u0435\u0436\u0434\u044b \u0434\u043b\u044f \u043f\u043e\u0445\u043e\u0434\u043e\u0432, \u043f\u0443\u0442\u0435\u0448\u0435\u0441\u0442\u0432\u0438\u0439 \u0438 \u0430\u043b\u044c\u043f\u0438\u043d\u0438\u0437\u043c\u0430"},{"@type":"BreadcrumbList","@id":"https:\/\/xstyle.md\/product\/kerosin-petromax-alkan-paraffin\/#breadcrumb","itemListElement":[{"@type":"ListItem","position":1,"name":"\u0413\u043b\u0430\u0432\u043d\u0430\u044f \u0441\u0442\u0440\u0430\u043d\u0438\u0446\u0430","item":"https:\/\/xstyle.md\/"},{"@type":"ListItem","position":2,"name":"\u041c\u0430\u0433\u0430\u0437\u0438\u043d","item":"https:\/\/xstyle.md\/shop\/"},{"@type":"ListItem","position":3,"name":"\u041a\u0435\u0440\u043e\u0441\u0438\u043d Petromax Alkan Paraffin"}]},{"@type":"WebSite","@id":"https:\/\/xstyle.md\/#website","url":"https:\/\/xstyle.md\/","name":"Magazinul X-Style","description":"Echipamente pentru turism \u0219i sporturi extreme \u00een Moldova. Pre\u021buri, fotografii, caracteristici \u00een Moldova.","publisher":{"@id":"https:\/\/xstyle.md\/#organization"},"alternateName":"X-Style","potentialAction":[{"@type":"SearchAction","target":{"@type":"EntryPoint","urlTemplate":"https:\/\/xstyle.md\/?s={search_term_string}"},"query-input":{"@type":"PropertyValueSpecification","valueRequired":true,"valueName":"search_term_string"}}],"inLanguage":"ro-RO"},{"@type":"Organization","@id":"https:\/\/xstyle.md\/#organization","name":"Magazinul X-Style","alternateName":"x-style","url":"https:\/\/xstyle.md\/","logo":{"@type":"ImageObject","inLanguage":"ro-RO","@id":"https:\/\/xstyle.md\/#\/schema\/logo\/image\/","url":"https:\/\/xstyle.md\/wp-content\/uploads\/2020\/06\/logoicon.svg","contentUrl":"https:\/\/xstyle.md\/wp-content\/uploads\/2020\/06\/logoicon.svg","caption":"\u041c\u0430\u0433\u0430\u0437\u0438\u043d Xstyle"},"image":{"@id":"https:\/\/xstyle.md\/#\/schema\/logo\/image\/"},"sameAs":["https:\/\/www.facebook.com\/xstylemd","https:\/\/www.instagram.com\/xstyle_md\/","https:\/\/t.me\/xstyle_outdoor"],"hasMerchantReturnPolicy":{"@type":"MerchantReturnPolicy","merchantReturnLink":"https:\/\/xstyle.md\/ro\/conditions\/"}}]},"product_price_amount":"210.00","product_price_currency":"MDL","og_availability":"out of stock","product_availability":"out of stock","product_retailer_item_id":"4250435742020","product_condition":"new"},"_links":{"self":[{"href":"https:\/\/xstyle.md\/ro\/wp-json\/wp\/v2\/product\/32294","targetHints":{"allow":["GET"]}}],"collection":[{"href":"https:\/\/xstyle.md\/ro\/wp-json\/wp\/v2\/product"}],"about":[{"href":"https:\/\/xstyle.md\/ro\/wp-json\/wp\/v2\/types\/product"}],"replies":[{"embeddable":true,"href":"https:\/\/xstyle.md\/ro\/wp-json\/wp\/v2\/comments?post=32294"}],"wp:featuredmedia":[{"embeddable":true,"href":"https:\/\/xstyle.md\/ro\/wp-json\/wp\/v2\/media\/81438"}],"wp:attachment":[{"href":"https:\/\/xstyle.md\/ro\/wp-json\/wp\/v2\/media?parent=32294"}],"wp:term":[{"taxonomy":"product_brand","embeddable":true,"href":"https:\/\/xstyle.md\/ro\/wp-json\/wp\/v2\/product_brand?post=32294"},{"taxonomy":"product_cat","embeddable":true,"href":"https:\/\/xstyle.md\/ro\/wp-json\/wp\/v2\/product_cat?post=32294"},{"taxonomy":"product_tag","embeddable":true,"href":"https:\/\/xstyle.md\/ro\/wp-json\/wp\/v2\/product_tag?post=32294"}],"curies":[{"name":"wp","href":"https:\/\/api.w.org\/{rel}","templated":true}]}}