{"id":32223,"date":"2021-04-28T17:21:16","date_gmt":"2021-04-28T14:21:16","guid":{"rendered":"https:\/\/xstyle.md\/product\/samonaduvajushhijsja-kovrik-therm-a-rest-neoair-prolite-apex-wave\/"},"modified":"2025-10-24T12:30:09","modified_gmt":"2025-10-24T09:30:09","slug":"samonaduvajushhijsja-kovrik-therm-a-rest-neoair-prolite-apex-wave","status":"publish","type":"product","link":"https:\/\/xstyle.md\/ro\/produs\/samonaduvajushhijsja-kovrik-therm-a-rest-neoair-prolite-apex-wave\/","title":{"rendered":"Saltea Therm-a-Rest NeoAir ProLite Apex Wave"},"content":{"rendered":"<\/p>\n<p>Covora\u0219 autogonflabil <strong>Therm-a-Rest NeoAir ProLite Apex Wave\u00a0<\/strong>are cea mai bun\u0103 combina\u021bie \u00eentre greutatea redus\u0103 \u0219i confortul unui covora\u0219 autogonflabil, oferind un confort \u0219i o izolare termic\u0103 de neegalat, f\u0103r\u0103 a ad\u0103uga volum sau greutate inutil\u0103 \u00een rucsac.<\/p>\n<h3>Particularit\u0103\u021bi<\/h3>\n<ul>\n<li>Construc\u021bia StrataCore\u2122: Folosind cel mai bun raport c\u0103ldur\u0103-greutate al unui covor autogonflabil, StrataCore este construit dintr-un strat continuu de spum\u0103 termic\u0103 dispus \u00een caneluri alternante de spum\u0103 \u0219i aer<\/li>\n<li>Pliere convenabil\u0103: StrataCore este proiectat pentru a fi pliat cu u\u0219urin\u021b\u0103 p\u00e2n\u0103 la dimensiuni reduse<\/li>\n<li>Noua supap\u0103 WingLock\u2122: supapa intuitiv\u0103 \u0219i fiabil\u0103 maximizeaz\u0103 fluxul de aer pentru o umflare mai u\u0219oar\u0103 \u0219i o dezumflare mai rapid\u0103<\/li>\n<li>Padelele trec la umflarea pe o singur\u0103 parte pentru a economisi fluxul bucal<\/li>\n<li>Geant\u0103 de transport inclus\u0103.<\/li>\n<\/ul>\n<h3>Caracteristici<\/h3>\n<ul>\n<li>Materiale &#8212; 50D Poliester Mini Hex Rip, imprimare<\/li>\n<li>Construc\u021bie &#8212; StrataCore\u2122<\/li>\n<li>Clapet\u0103 &#8212; WingLock\u2122<\/li>\n<li>Dimensiuni &#8212; 64 x 183 cm (l x l)<\/li>\n<li>Grosime &#8212; 5 cm<\/li>\n<li>Sezonul &#8212; 3<\/li>\n<li>Valoare R &#8212; 3,8<\/li>\n<li>Greutate &#8212; 790g.<\/li>\n<\/ul>\n<h3>Tehnologie<\/h3>\n<ul>\n<li><strong>R-value<\/strong> &#8212; este o caracteristic\u0103 a izola\u021biei termice a covorului atunci c\u00e2nd este complet umflat. Cu c\u00e2t cifra este mai mare, cu at\u00e2t covora\u0219ul dvs. va fi mai cald \u0219i mai confortabil. Pute\u021bi cre\u0219te R-value prin umflarea suplimentar\u0103 a saltelei.<\/li>\n<li><strong>WingLock<\/strong>\u2122 \u2013 supapa intuitiv\u0103 \u0219i fiabil\u0103 maximizeaz\u0103 fluxul de aer pentru o umflare mai u\u0219oar\u0103 \u0219i o dezumflare mai rapid\u0103. Petalele trec la umflarea pe o singur\u0103 parte pentru a economisi for\u021ba atunci c\u00e2nd se umfl\u0103 cu gura.<\/li>\n<li><strong>StrataCore<\/strong>\u2122 &#8212; un design care folose\u0219te cel mai bun raport c\u0103ldur\u0103-greutate al unei saltele auto-gonflabile, StrataCore este construit dintr-un strat continuu de spum\u0103 termic\u0103, dispus \u00een caneluri alternante de spum\u0103 \u0219i aer. De asemenea, permite ca salteaua s\u0103 fie u\u0219or de pliat p\u00e2n\u0103 la dimensiuni reduse.<\/li>\n<\/ul>\n<h3>Marca<\/h3>\n<p>Therm-a-rest este un pionier \u00een domeniul covora\u0219elor auto-gonflabile, astfel \u00eenc\u00e2t Therm-a-rest este foarte confortabil pe pia\u021ba de exterior. Dar nu ofer\u0103 doar saltele pentru dormit, ci \u0219i perne pentru drume\u021bii, spume elegante, scaune gonflabile, \u0219ezlonguri compacte, scaune pliabile.<\/p>\n<p>Culorile vii, designul futurist \u0219i ingineria \u00eendr\u0103znea\u021b\u0103 fac ca produsele Therm-a-rest s\u0103 fie recunoscute \u00een \u00eentreaga lume, at\u00e2t de c\u0103tre cei care c\u0103l\u0103toresc pe distan\u021be lungi, c\u00e2t \u0219i de cei care doresc s\u0103 petreac\u0103 o zi relaxant\u0103 \u00een aer liber.<\/p>\n<p><\/p>","protected":false},"excerpt":{"rendered":"<p>Saltea Therm-a-Rest NeoAir ProLite Apex Wave<\/p>","protected":false},"featured_media":32222,"comment_status":"open","ping_status":"closed","template":"","meta":{"_acf_changed":false,"inline_featured_image":false},"product_brand":[1286],"product_cat":[202],"product_tag":[],"class_list":{"0":"post-32223","1":"product","2":"type-product","3":"status-publish","4":"has-post-thumbnail","6":"product_brand-therm-a-rest","7":"product_cat-self-inflating-mats","9":"first","10":"instock","11":"shipping-taxable","12":"purchasable","13":"product-type-simple"},"acf":[],"yoast_head":"<!-- This site is optimized with the Yoast SEO plugin v27.2 - https:\/\/yoast.com\/product\/yoast-seo-wordpress\/ -->\n<title>\u0421\u0430\u043c\u043e\u043d\u0430\u0434\u0443\u0432\u0430\u044e\u0449\u0438\u0439\u0441\u044f \u043a\u043e\u0432\u0440\u0438\u043a Therm-a-Rest NeoAir ProLite Apex Wave - \u041c\u0430\u0433\u0430\u0437\u0438\u043d Xstyle<\/title>\n<meta name=\"description\" content=\"\u041a\u043e\u0432\u0440\u0438\u043a \u0421\u0430\u043c\u043e\u043d\u0430\u0434\u0443\u0432\u0430\u044e\u0449\u0438\u0439\u0441\u044f Therm-a-Rest NeoAir ProLite Apex Wave: \u043b\u0435\u0433\u043a\u043e\u0441\u0442\u044c, \u043a\u043e\u043c\u0444\u043e\u0440\u0442 \u0438 \u043e\u0442\u043b\u0438\u0447\u043d\u0430\u044f \u0438\u0437\u043e\u043b\u044f\u0446\u0438\u044f \u0441 \u0442\u0435\u0445\u043d\u043e\u043b\u043e\u0433\u0438\u0435\u0439 StrataCore. \u0418\u0434\u0435\u0430\u043b\u0435\u043d \u0434\u043b\u044f \u043a\u0435\u043c\u043f\u0438\u043d\u0433\u0430!\" \/>\n<meta name=\"robots\" content=\"index, follow, max-snippet:-1, max-image-preview:large, max-video-preview:-1\" \/>\n<link rel=\"canonical\" href=\"https:\/\/xstyle.md\/ro\/produs\/samonaduvajushhijsja-kovrik-therm-a-rest-neoair-prolite-apex-wave\/\" \/>\n<meta property=\"og:locale\" content=\"ro_RO\" \/>\n<meta property=\"og:type\" content=\"article\" \/>\n<meta property=\"og:title\" content=\"\u0421\u0430\u043c\u043e\u043d\u0430\u0434\u0443\u0432\u0430\u044e\u0449\u0438\u0439\u0441\u044f \u043a\u043e\u0432\u0440\u0438\u043a Therm-a-Rest NeoAir ProLite Apex Wave - \u041c\u0430\u0433\u0430\u0437\u0438\u043d Xstyle\" \/>\n<meta property=\"og:description\" content=\"\u041a\u043e\u0432\u0440\u0438\u043a \u0421\u0430\u043c\u043e\u043d\u0430\u0434\u0443\u0432\u0430\u044e\u0449\u0438\u0439\u0441\u044f Therm-a-Rest NeoAir ProLite Apex Wave: \u043b\u0435\u0433\u043a\u043e\u0441\u0442\u044c, \u043a\u043e\u043c\u0444\u043e\u0440\u0442 \u0438 \u043e\u0442\u043b\u0438\u0447\u043d\u0430\u044f \u0438\u0437\u043e\u043b\u044f\u0446\u0438\u044f \u0441 \u0442\u0435\u0445\u043d\u043e\u043b\u043e\u0433\u0438\u0435\u0439 StrataCore. \u0418\u0434\u0435\u0430\u043b\u0435\u043d \u0434\u043b\u044f \u043a\u0435\u043c\u043f\u0438\u043d\u0433\u0430!\" \/>\n<meta property=\"og:url\" content=\"https:\/\/xstyle.md\/ro\/produs\/samonaduvajushhijsja-kovrik-therm-a-rest-neoair-prolite-apex-wave\/\" \/>\n<meta property=\"og:site_name\" content=\"\u041c\u0430\u0433\u0430\u0437\u0438\u043d Xstyle\" \/>\n<meta property=\"article:publisher\" content=\"https:\/\/www.facebook.com\/xstylemd\" \/>\n<meta property=\"article:modified_time\" content=\"2025-10-24T09:30:09+00:00\" \/>\n<meta property=\"og:image\" content=\"https:\/\/xstyle.md\/wp-content\/uploads\/2021\/04\/therm-a-rest_neoair_prolite_apex_wave1.jpg\" \/>\n\t<meta property=\"og:image:width\" content=\"1200\" \/>\n\t<meta property=\"og:image:height\" content=\"1046\" \/>\n\t<meta property=\"og:image:type\" content=\"image\/jpeg\" \/>\n<meta name=\"twitter:card\" content=\"summary_large_image\" \/>\n<meta name=\"twitter:label1\" content=\"Pre\u021b\" \/>\n\t<meta name=\"twitter:data1\" content=\"3.990&nbsp;MDL\" \/>\n\t<meta name=\"twitter:label2\" content=\"Disponibilitate\" \/>\n\t<meta name=\"twitter:data2\" content=\"\u00cen stoc\" \/>\n<script type=\"application\/ld+json\" class=\"yoast-schema-graph\">{\"@context\":\"https:\/\/schema.org\",\"@graph\":[{\"@type\":\"WebPage\",\"@id\":\"https:\/\/xstyle.md\/product\/samonaduvajushhijsja-kovrik-therm-a-rest-neoair-prolite-apex-wave\/\",\"url\":\"https:\/\/xstyle.md\/product\/samonaduvajushhijsja-kovrik-therm-a-rest-neoair-prolite-apex-wave\/\",\"name\":\"\u0421\u0430\u043c\u043e\u043d\u0430\u0434\u0443\u0432\u0430\u044e\u0449\u0438\u0439\u0441\u044f \u043a\u043e\u0432\u0440\u0438\u043a Therm-a-Rest NeoAir ProLite Apex Wave - \u041c\u0430\u0433\u0430\u0437\u0438\u043d Xstyle\",\"isPartOf\":{\"@id\":\"https:\/\/xstyle.md\/#website\"},\"primaryImageOfPage\":{\"@id\":\"https:\/\/xstyle.md\/product\/samonaduvajushhijsja-kovrik-therm-a-rest-neoair-prolite-apex-wave\/#primaryimage\"},\"image\":{\"@id\":\"https:\/\/xstyle.md\/product\/samonaduvajushhijsja-kovrik-therm-a-rest-neoair-prolite-apex-wave\/#primaryimage\"},\"thumbnailUrl\":\"https:\/\/xstyle.md\/wp-content\/uploads\/2021\/04\/therm-a-rest_neoair_prolite_apex_wave1.jpg\",\"datePublished\":\"2021-04-28T14:21:16+00:00\",\"dateModified\":\"2025-10-24T09:30:09+00:00\",\"description\":\"\u041a\u043e\u0432\u0440\u0438\u043a \u0421\u0430\u043c\u043e\u043d\u0430\u0434\u0443\u0432\u0430\u044e\u0449\u0438\u0439\u0441\u044f Therm-a-Rest NeoAir ProLite Apex Wave: \u043b\u0435\u0433\u043a\u043e\u0441\u0442\u044c, \u043a\u043e\u043c\u0444\u043e\u0440\u0442 \u0438 \u043e\u0442\u043b\u0438\u0447\u043d\u0430\u044f \u0438\u0437\u043e\u043b\u044f\u0446\u0438\u044f \u0441 \u0442\u0435\u0445\u043d\u043e\u043b\u043e\u0433\u0438\u0435\u0439 StrataCore. \u0418\u0434\u0435\u0430\u043b\u0435\u043d \u0434\u043b\u044f \u043a\u0435\u043c\u043f\u0438\u043d\u0433\u0430!\",\"breadcrumb\":{\"@id\":\"https:\/\/xstyle.md\/product\/samonaduvajushhijsja-kovrik-therm-a-rest-neoair-prolite-apex-wave\/#breadcrumb\"},\"inLanguage\":\"ro-RO\",\"potentialAction\":[{\"@type\":\"ReadAction\",\"target\":[\"https:\/\/xstyle.md\/product\/samonaduvajushhijsja-kovrik-therm-a-rest-neoair-prolite-apex-wave\/\"]}]},{\"@type\":\"ImageObject\",\"inLanguage\":\"ro-RO\",\"@id\":\"https:\/\/xstyle.md\/product\/samonaduvajushhijsja-kovrik-therm-a-rest-neoair-prolite-apex-wave\/#primaryimage\",\"url\":\"https:\/\/xstyle.md\/wp-content\/uploads\/2021\/04\/therm-a-rest_neoair_prolite_apex_wave1.jpg\",\"contentUrl\":\"https:\/\/xstyle.md\/wp-content\/uploads\/2021\/04\/therm-a-rest_neoair_prolite_apex_wave1.jpg\",\"width\":1200,\"height\":1046,\"caption\":\"\u0422\u0435\u0440\u043c\u043e\u043a\u043e\u0432\u0440\u0438\u043a Therm-A-Rest NeoAir ProLite Apex \u0434\u043b\u044f \u0430\u043a\u0442\u0438\u0432\u043d\u043e\u0433\u043e \u043e\u0442\u0434\u044b\u0445\u0430, \u043f\u043e\u0445\u043e\u0434\u043e\u0432, \u0430\u043b\u044c\u043f\u0438\u043d\u0438\u0437\u043c\u0430 \u0438 \u043f\u0443\u0442\u0435\u0448\u0435\u0441\u0442\u0432\u0438\u0439, \u043e\u0434\u0435\u0436\u0434\u0430 \u0438 \u043e\u0431\u0443\u0432\u044c \u0434\u043b\u044f \u0430\u043a\u0442\u0438\u0432\u043d\u043e\u0439 \u0436\u0438\u0437\u043d\u0438, \u0442\u0443\u0440\u0438\u0441\u0442\u0438\u0447\u0435\u0441\u043a\u0430\u044f \u044d\u043a\u0438\u043f\u0438\u0440\u043e\u0432\u043a\u0430\"},{\"@type\":\"BreadcrumbList\",\"@id\":\"https:\/\/xstyle.md\/product\/samonaduvajushhijsja-kovrik-therm-a-rest-neoair-prolite-apex-wave\/#breadcrumb\",\"itemListElement\":[{\"@type\":\"ListItem\",\"position\":1,\"name\":\"\u0413\u043b\u0430\u0432\u043d\u0430\u044f \u0441\u0442\u0440\u0430\u043d\u0438\u0446\u0430\",\"item\":\"https:\/\/xstyle.md\/\"},{\"@type\":\"ListItem\",\"position\":2,\"name\":\"\u041c\u0430\u0433\u0430\u0437\u0438\u043d\",\"item\":\"https:\/\/xstyle.md\/shop\/\"},{\"@type\":\"ListItem\",\"position\":3,\"name\":\"\u0421\u0430\u043c\u043e\u043d\u0430\u0434\u0443\u0432\u0430\u044e\u0449\u0438\u0439\u0441\u044f \u043a\u043e\u0432\u0440\u0438\u043a Therm-a-Rest NeoAir ProLite Apex Wave\"}]},{\"@type\":\"WebSite\",\"@id\":\"https:\/\/xstyle.md\/#website\",\"url\":\"https:\/\/xstyle.md\/\",\"name\":\"\u041c\u0430\u0433\u0430\u0437\u0438\u043d Xstyle\",\"description\":\"C\u043d\u0430\u0440\u044f\u0436\u0435\u043d\u0438\u0435 \u0434\u043b\u044f \u0442\u0443\u0440\u0438\u0437\u043c\u0430 \u0438 \u044d\u043a\u0441\u0442\u0440\u0435\u043c\u0430\u043b\u044c\u043d\u044b\u0445 \u0432\u0438\u0434\u043e\u0432 \u0441\u043f\u043e\u0440\u0442\u0430 \u0432 \u041c\u043e\u043b\u0434\u043e\u0432\u0435.. \u0426\u0435\u043d\u044b, \u0444\u043e\u0442\u043e, \u0445\u0430\u0440\u0430\u043a\u0442\u0435\u0440\u0438\u0441\u0442\u0438\u043a\u0438 \u0432 \u041c\u043e\u043b\u0434\u043e\u0432\u0435.\",\"publisher\":{\"@id\":\"https:\/\/xstyle.md\/#organization\"},\"alternateName\":\"X-Style\",\"potentialAction\":[{\"@type\":\"SearchAction\",\"target\":{\"@type\":\"EntryPoint\",\"urlTemplate\":\"https:\/\/xstyle.md\/?s={search_term_string}\"},\"query-input\":{\"@type\":\"PropertyValueSpecification\",\"valueRequired\":true,\"valueName\":\"search_term_string\"}}],\"inLanguage\":\"ro-RO\"},{\"@type\":\"Organization\",\"@id\":\"https:\/\/xstyle.md\/#organization\",\"name\":\"\u041c\u0430\u0433\u0430\u0437\u0438\u043d Xstyle\",\"alternateName\":\"x-style\",\"url\":\"https:\/\/xstyle.md\/\",\"logo\":{\"@type\":\"ImageObject\",\"inLanguage\":\"ro-RO\",\"@id\":\"https:\/\/xstyle.md\/#\/schema\/logo\/image\/\",\"url\":\"https:\/\/xstyle.md\/wp-content\/uploads\/2020\/06\/logoicon.svg\",\"contentUrl\":\"https:\/\/xstyle.md\/wp-content\/uploads\/2020\/06\/logoicon.svg\",\"caption\":\"\u041c\u0430\u0433\u0430\u0437\u0438\u043d Xstyle\"},\"image\":{\"@id\":\"https:\/\/xstyle.md\/#\/schema\/logo\/image\/\"},\"sameAs\":[\"https:\/\/www.facebook.com\/xstylemd\",\"https:\/\/www.instagram.com\/xstyle_md\/\",\"https:\/\/t.me\/xstyle_outdoor\"],\"hasMerchantReturnPolicy\":{\"@type\":\"MerchantReturnPolicy\",\"merchantReturnLink\":\"https:\/\/xstyle.md\/ro\/conditions\/\"}}]}<\/script>\n<meta property=\"product:price:amount\" content=\"3990.00\" \/>\n<meta property=\"product:price:currency\" content=\"MDL\" \/>\n<meta property=\"og:availability\" content=\"instock\" \/>\n<meta property=\"product:availability\" content=\"instock\" \/>\n<meta property=\"product:retailer_item_id\" content=\"40818132579\" \/>\n<meta property=\"product:condition\" content=\"new\" \/>\n<!-- \/ Yoast SEO plugin. -->","yoast_head_json":{"title":"Covora\u0219 autogonflabil Therm-a-Rest NeoAir ProLite Apex Wave - Magazin Xstyle","description":"Culoar Samonuflabil Therm-a-Rest NeoAir ProLite Apex Wave: u\u0219urin\u021b\u0103, confort \u0219i o izola\u021bie excelent\u0103 cu tehnologia StrataCore. Ideal pentru camping!","robots":{"index":"index","follow":"follow","max-snippet":"max-snippet:-1","max-image-preview":"max-image-preview:large","max-video-preview":"max-video-preview:-1"},"canonical":"https:\/\/xstyle.md\/ro\/produs\/samonaduvajushhijsja-kovrik-therm-a-rest-neoair-prolite-apex-wave\/","og_locale":"ro_RO","og_type":"article","og_title":"\u0421\u0430\u043c\u043e\u043d\u0430\u0434\u0443\u0432\u0430\u044e\u0449\u0438\u0439\u0441\u044f \u043a\u043e\u0432\u0440\u0438\u043a Therm-a-Rest NeoAir ProLite Apex Wave - \u041c\u0430\u0433\u0430\u0437\u0438\u043d Xstyle","og_description":"\u041a\u043e\u0432\u0440\u0438\u043a \u0421\u0430\u043c\u043e\u043d\u0430\u0434\u0443\u0432\u0430\u044e\u0449\u0438\u0439\u0441\u044f Therm-a-Rest NeoAir ProLite Apex Wave: \u043b\u0435\u0433\u043a\u043e\u0441\u0442\u044c, \u043a\u043e\u043c\u0444\u043e\u0440\u0442 \u0438 \u043e\u0442\u043b\u0438\u0447\u043d\u0430\u044f \u0438\u0437\u043e\u043b\u044f\u0446\u0438\u044f \u0441 \u0442\u0435\u0445\u043d\u043e\u043b\u043e\u0433\u0438\u0435\u0439 StrataCore. \u0418\u0434\u0435\u0430\u043b\u0435\u043d \u0434\u043b\u044f \u043a\u0435\u043c\u043f\u0438\u043d\u0433\u0430!","og_url":"https:\/\/xstyle.md\/ro\/produs\/samonaduvajushhijsja-kovrik-therm-a-rest-neoair-prolite-apex-wave\/","og_site_name":"\u041c\u0430\u0433\u0430\u0437\u0438\u043d Xstyle","article_publisher":"https:\/\/www.facebook.com\/xstylemd","article_modified_time":"2025-10-24T09:30:09+00:00","og_image":[{"width":1200,"height":1046,"url":"https:\/\/xstyle.md\/wp-content\/uploads\/2021\/04\/therm-a-rest_neoair_prolite_apex_wave1.jpg","type":"image\/jpeg"}],"twitter_card":"summary_large_image","twitter_misc":{"Pre\u021b":"3.990&nbsp;MDL","Disponibilitate":"\u00cen stoc"},"schema":{"@context":"https:\/\/schema.org","@graph":[{"@type":"WebPage","@id":"https:\/\/xstyle.md\/product\/samonaduvajushhijsja-kovrik-therm-a-rest-neoair-prolite-apex-wave\/","url":"https:\/\/xstyle.md\/product\/samonaduvajushhijsja-kovrik-therm-a-rest-neoair-prolite-apex-wave\/","name":"Covora\u0219 autogonflabil Therm-a-Rest NeoAir ProLite Apex Wave - Magazin Xstyle","isPartOf":{"@id":"https:\/\/xstyle.md\/#website"},"primaryImageOfPage":{"@id":"https:\/\/xstyle.md\/product\/samonaduvajushhijsja-kovrik-therm-a-rest-neoair-prolite-apex-wave\/#primaryimage"},"image":{"@id":"https:\/\/xstyle.md\/product\/samonaduvajushhijsja-kovrik-therm-a-rest-neoair-prolite-apex-wave\/#primaryimage"},"thumbnailUrl":"https:\/\/xstyle.md\/wp-content\/uploads\/2021\/04\/therm-a-rest_neoair_prolite_apex_wave1.jpg","datePublished":"2021-04-28T14:21:16+00:00","dateModified":"2025-10-24T09:30:09+00:00","description":"Culoar Samonuflabil Therm-a-Rest NeoAir ProLite Apex Wave: u\u0219urin\u021b\u0103, confort \u0219i o izola\u021bie excelent\u0103 cu tehnologia StrataCore. Ideal pentru camping!","breadcrumb":{"@id":"https:\/\/xstyle.md\/product\/samonaduvajushhijsja-kovrik-therm-a-rest-neoair-prolite-apex-wave\/#breadcrumb"},"inLanguage":"ro-RO","potentialAction":[{"@type":"ReadAction","target":["https:\/\/xstyle.md\/product\/samonaduvajushhijsja-kovrik-therm-a-rest-neoair-prolite-apex-wave\/"]}]},{"@type":"ImageObject","inLanguage":"ro-RO","@id":"https:\/\/xstyle.md\/product\/samonaduvajushhijsja-kovrik-therm-a-rest-neoair-prolite-apex-wave\/#primaryimage","url":"https:\/\/xstyle.md\/wp-content\/uploads\/2021\/04\/therm-a-rest_neoair_prolite_apex_wave1.jpg","contentUrl":"https:\/\/xstyle.md\/wp-content\/uploads\/2021\/04\/therm-a-rest_neoair_prolite_apex_wave1.jpg","width":1200,"height":1046,"caption":"\u0422\u0435\u0440\u043c\u043e\u043a\u043e\u0432\u0440\u0438\u043a Therm-A-Rest NeoAir ProLite Apex \u0434\u043b\u044f \u0430\u043a\u0442\u0438\u0432\u043d\u043e\u0433\u043e \u043e\u0442\u0434\u044b\u0445\u0430, \u043f\u043e\u0445\u043e\u0434\u043e\u0432, \u0430\u043b\u044c\u043f\u0438\u043d\u0438\u0437\u043c\u0430 \u0438 \u043f\u0443\u0442\u0435\u0448\u0435\u0441\u0442\u0432\u0438\u0439, \u043e\u0434\u0435\u0436\u0434\u0430 \u0438 \u043e\u0431\u0443\u0432\u044c \u0434\u043b\u044f \u0430\u043a\u0442\u0438\u0432\u043d\u043e\u0439 \u0436\u0438\u0437\u043d\u0438, \u0442\u0443\u0440\u0438\u0441\u0442\u0438\u0447\u0435\u0441\u043a\u0430\u044f \u044d\u043a\u0438\u043f\u0438\u0440\u043e\u0432\u043a\u0430"},{"@type":"BreadcrumbList","@id":"https:\/\/xstyle.md\/product\/samonaduvajushhijsja-kovrik-therm-a-rest-neoair-prolite-apex-wave\/#breadcrumb","itemListElement":[{"@type":"ListItem","position":1,"name":"\u0413\u043b\u0430\u0432\u043d\u0430\u044f \u0441\u0442\u0440\u0430\u043d\u0438\u0446\u0430","item":"https:\/\/xstyle.md\/"},{"@type":"ListItem","position":2,"name":"\u041c\u0430\u0433\u0430\u0437\u0438\u043d","item":"https:\/\/xstyle.md\/shop\/"},{"@type":"ListItem","position":3,"name":"\u0421\u0430\u043c\u043e\u043d\u0430\u0434\u0443\u0432\u0430\u044e\u0449\u0438\u0439\u0441\u044f \u043a\u043e\u0432\u0440\u0438\u043a Therm-a-Rest NeoAir ProLite Apex Wave"}]},{"@type":"WebSite","@id":"https:\/\/xstyle.md\/#website","url":"https:\/\/xstyle.md\/","name":"Magazinul X-Style","description":"Echipamente pentru turism \u0219i sporturi extreme \u00een Moldova. Pre\u021buri, fotografii, caracteristici \u00een Moldova.","publisher":{"@id":"https:\/\/xstyle.md\/#organization"},"alternateName":"X-Style","potentialAction":[{"@type":"SearchAction","target":{"@type":"EntryPoint","urlTemplate":"https:\/\/xstyle.md\/?s={search_term_string}"},"query-input":{"@type":"PropertyValueSpecification","valueRequired":true,"valueName":"search_term_string"}}],"inLanguage":"ro-RO"},{"@type":"Organization","@id":"https:\/\/xstyle.md\/#organization","name":"Magazinul X-Style","alternateName":"x-style","url":"https:\/\/xstyle.md\/","logo":{"@type":"ImageObject","inLanguage":"ro-RO","@id":"https:\/\/xstyle.md\/#\/schema\/logo\/image\/","url":"https:\/\/xstyle.md\/wp-content\/uploads\/2020\/06\/logoicon.svg","contentUrl":"https:\/\/xstyle.md\/wp-content\/uploads\/2020\/06\/logoicon.svg","caption":"\u041c\u0430\u0433\u0430\u0437\u0438\u043d Xstyle"},"image":{"@id":"https:\/\/xstyle.md\/#\/schema\/logo\/image\/"},"sameAs":["https:\/\/www.facebook.com\/xstylemd","https:\/\/www.instagram.com\/xstyle_md\/","https:\/\/t.me\/xstyle_outdoor"],"hasMerchantReturnPolicy":{"@type":"MerchantReturnPolicy","merchantReturnLink":"https:\/\/xstyle.md\/ro\/conditions\/"}}]},"product_price_amount":"3990.00","product_price_currency":"MDL","og_availability":"instock","product_availability":"instock","product_retailer_item_id":"40818132579","product_condition":"new"},"post_mailing_queue_ids":[],"_links":{"self":[{"href":"https:\/\/xstyle.md\/ro\/wp-json\/wp\/v2\/product\/32223","targetHints":{"allow":["GET"]}}],"collection":[{"href":"https:\/\/xstyle.md\/ro\/wp-json\/wp\/v2\/product"}],"about":[{"href":"https:\/\/xstyle.md\/ro\/wp-json\/wp\/v2\/types\/product"}],"replies":[{"embeddable":true,"href":"https:\/\/xstyle.md\/ro\/wp-json\/wp\/v2\/comments?post=32223"}],"wp:featuredmedia":[{"embeddable":true,"href":"https:\/\/xstyle.md\/ro\/wp-json\/wp\/v2\/media\/32222"}],"wp:attachment":[{"href":"https:\/\/xstyle.md\/ro\/wp-json\/wp\/v2\/media?parent=32223"}],"wp:term":[{"taxonomy":"product_brand","embeddable":true,"href":"https:\/\/xstyle.md\/ro\/wp-json\/wp\/v2\/product_brand?post=32223"},{"taxonomy":"product_cat","embeddable":true,"href":"https:\/\/xstyle.md\/ro\/wp-json\/wp\/v2\/product_cat?post=32223"},{"taxonomy":"product_tag","embeddable":true,"href":"https:\/\/xstyle.md\/ro\/wp-json\/wp\/v2\/product_tag?post=32223"}],"curies":[{"name":"wp","href":"https:\/\/api.w.org\/{rel}","templated":true}]}}