{"id":32216,"date":"2021-04-28T17:20:58","date_gmt":"2021-04-28T14:20:58","guid":{"rendered":"https:\/\/xstyle.md\/product\/samonaduvajushhijsja-kovrik-therm-a-rest-trail-pro-pine\/"},"modified":"2025-10-24T12:30:17","modified_gmt":"2025-10-24T09:30:17","slug":"samonaduvajushhijsja-kovrik-therm-a-rest-trail-pro-pine","status":"publish","type":"product","link":"https:\/\/xstyle.md\/ro\/produs\/samonaduvajushhijsja-kovrik-therm-a-rest-trail-pro-pine\/","title":{"rendered":"Saltea Trail Therm-A-Rest Trail Pro Pine Long"},"content":{"rendered":"<\/p>\n<p>Covora\u0219 autogonflabil <strong>Therm-A-Rest Trail Pro Pine<\/strong> &#8212; modelul reproiectat din gama Trek &amp; Travel\u2122 este perfect pentru cei care pun accent pe confort, dar au nevoie de o saltea care poate fi luat\u0103 oriunde. Trail Pro este foarte versatil \u00een utilizare &#8212; este suficient de u\u0219or \u0219i compact pentru drume\u021bii \u0219i suficient de confortabil pentru camping \u0219i excursii cu ma\u0219ina.<\/p>\n<h3>Particularit\u0103\u021bi<\/h3>\n<ul>\n<li>Diferit de seria Fast &amp; Light\u00ae cu o form\u0103 mai &#171;dreptunghiular\u0103&#187; care v\u0103 permite s\u0103 asezati dou\u0103 covora\u0219e aproape unul l\u00e2ng\u0103 altul \u00een cort<\/li>\n<li>Diferit de Trail Lite: Trail Pro este mai cald, mai gros \u0219i c\u00e2nt\u0103re\u0219te la fel de mult<\/li>\n<li>Grosime de 7,6 cm &#8212; v\u0103 permite s\u0103 dormi\u021bi lini\u0219tit pe z\u0103pad\u0103 \u0219i ghea\u021b\u0103 iarna \u0219i s\u0103 nu sim\u021bi\u021bi suprafe\u021bele denivelate vara (cu un sac de dormit adecvat vremii)<\/li>\n<li>Atunci c\u00e2nd supapa WingLock este deschis\u0103, spuma con\u021binut\u0103 \u00een saltea se r\u0103sp\u00e2nde\u0219te odat\u0103 cu fluxul de aer. Acest lucru permite ca salteaua s\u0103 fie umflat\u0103 \u00een doar c\u00e2teva respira\u021bii ad\u00e2nci. Elasticitatea saltelei poate fi reglat\u0103 cu ajutorul supapei.<\/li>\n<\/ul>\n<h3>Caracteristici<\/h3>\n<ul>\n<li>Materiale &#8212; 50D mini hexazeci de poliester rip 50D<\/li>\n<li>Construc\u021bie &#8212; StrataCore\u2122<\/li>\n<li>Clapet\u0103 &#8212; WingLock\u2122<\/li>\n<li>Dimensiuni &#8212; 64 x 196 cm (l x l)<\/li>\n<li>Dimensiuni ambalate &#8212; 18 x 33 cm<\/li>\n<li>Grosime &#8212; 7,6 cm<\/li>\n<li>Sezonul &#8212; 4<\/li>\n<li>Valoare R &#8212; 4,4<\/li>\n<li>Greutate &#8212; 1110 g.<\/li>\n<\/ul>\n<h3>Tehnologie<\/h3>\n<ul>\n<li><strong>R-value<\/strong> &#8212; este o caracteristic\u0103 a izola\u021biei termice a covorului atunci c\u00e2nd este complet umflat. Cu c\u00e2t cifra este mai mare, cu at\u00e2t covora\u0219ul dvs. va fi mai cald \u0219i mai confortabil. Pute\u021bi cre\u0219te R-value prin umflarea suplimentar\u0103 a saltelei.<\/li>\n<li><strong>WingLock<\/strong>\u2122 \u2013 supapa intuitiv\u0103 \u0219i fiabil\u0103 maximizeaz\u0103 fluxul de aer pentru o umflare mai u\u0219oar\u0103 \u0219i o dezumflare mai rapid\u0103. Petalele trec la umflarea pe o singur\u0103 parte pentru a economisi for\u021ba atunci c\u00e2nd se umfl\u0103 cu gura.<\/li>\n<li><strong>StrataCore<\/strong>\u2122 &#8212; un design care folose\u0219te cel mai bun raport c\u0103ldur\u0103-greutate al unei saltele auto-gonflabile, StrataCore este construit dintr-un strat continuu de spum\u0103 termic\u0103, dispus \u00een caneluri alternante de spum\u0103 \u0219i aer. De asemenea, permite ca salteaua s\u0103 fie u\u0219or de pliat p\u00e2n\u0103 la dimensiuni reduse.<\/li>\n<\/ul>\n<h3>Marca<\/h3>\n<p>Therm-a-rest este un pionier \u00een domeniul covora\u0219elor auto-gonflabile, astfel \u00eenc\u00e2t Therm-a-rest este foarte confortabil pe pia\u021ba de exterior. Dar nu ofer\u0103 doar saltele pentru dormit, ci \u0219i perne pentru drume\u021bii, spume elegante, scaune gonflabile, \u0219ezlonguri compacte, scaune pliabile.<\/p>\n<p>Culorile vii, designul futurist \u0219i ingineria \u00eendr\u0103znea\u021b\u0103 fac ca produsele Therm-a-rest s\u0103 fie recunoscute \u00een \u00eentreaga lume, at\u00e2t de c\u0103tre cei care c\u0103l\u0103toresc pe distan\u021be lungi, c\u00e2t \u0219i de cei care doresc s\u0103 petreac\u0103 o zi relaxant\u0103 \u00een aer liber.<\/p>\n<p><\/p>","protected":false},"excerpt":{"rendered":"<p>Covora\u0219 autogonflabil Therm-A-Rest Trail Pro Pine<\/p>","protected":false},"featured_media":32215,"comment_status":"open","ping_status":"closed","template":"","meta":{"_acf_changed":false,"inline_featured_image":false},"product_brand":[1286],"product_cat":[202],"product_tag":[],"class_list":{"0":"post-32216","1":"product","2":"type-product","3":"status-publish","4":"has-post-thumbnail","6":"product_brand-therm-a-rest","7":"product_cat-self-inflating-mats","9":"first","10":"instock","11":"shipping-taxable","12":"purchasable","13":"product-type-simple"},"acf":[],"yoast_head":"<!-- This site is optimized with the Yoast SEO plugin v27.4 - https:\/\/yoast.com\/product\/yoast-seo-wordpress\/ -->\n<title>\u0421\u0430\u043c\u043e\u043d\u0430\u0434\u0443\u0432\u0430\u044e\u0449\u0438\u0439\u0441\u044f \u043a\u043e\u0432\u0440\u0438\u043a Therm-A-Rest Trail Pro Pine Long - \u041c\u0430\u0433\u0430\u0437\u0438\u043d Xstyle<\/title>\n<meta name=\"description\" content=\"\u0421\u0430\u043c\u043e\u043d\u0430\u0434\u0443\u0432\u0430\u044e\u0449\u0438\u0439\u0441\u044f \u043a\u043e\u0432\u0440\u0438\u043a Therm-A-Rest Trail Pro Pine \u0441\u043e\u0447\u0435\u0442\u0430\u0435\u0442 \u0432 \u0441\u0435\u0431\u0435 \u043b\u0435\u0433\u043a\u043e\u0441\u0442\u044c \u0438 \u043a\u043e\u043c\u0444\u043e\u0440\u0442, \u0438\u0434\u0435\u0430\u043b\u0435\u043d \u0434\u043b\u044f \u043f\u0443\u0442\u0435\u0448\u0435\u0441\u0442\u0432\u0438\u0439 \u0438 \u043a\u0435\u043c\u043f\u0438\u043d\u0433\u0430. \u041e\u0431\u0435\u0441\u043f\u0435\u0447\u044c\u0442\u0435 \u0441\u0435\u0431\u0435 \u043b\u0443\u0447\u0448\u0438\u0439 \u043e\u0442\u0434\u044b\u0445!\" \/>\n<meta name=\"robots\" content=\"index, follow, max-snippet:-1, max-image-preview:large, max-video-preview:-1\" \/>\n<link rel=\"canonical\" href=\"https:\/\/xstyle.md\/ro\/produs\/samonaduvajushhijsja-kovrik-therm-a-rest-trail-pro-pine\/\" \/>\n<meta property=\"og:locale\" content=\"ro_RO\" \/>\n<meta property=\"og:type\" content=\"article\" \/>\n<meta property=\"og:title\" content=\"\u0421\u0430\u043c\u043e\u043d\u0430\u0434\u0443\u0432\u0430\u044e\u0449\u0438\u0439\u0441\u044f \u043a\u043e\u0432\u0440\u0438\u043a Therm-A-Rest Trail Pro Pine Long - \u041c\u0430\u0433\u0430\u0437\u0438\u043d Xstyle\" \/>\n<meta property=\"og:description\" content=\"\u0421\u0430\u043c\u043e\u043d\u0430\u0434\u0443\u0432\u0430\u044e\u0449\u0438\u0439\u0441\u044f \u043a\u043e\u0432\u0440\u0438\u043a Therm-A-Rest Trail Pro Pine \u0441\u043e\u0447\u0435\u0442\u0430\u0435\u0442 \u0432 \u0441\u0435\u0431\u0435 \u043b\u0435\u0433\u043a\u043e\u0441\u0442\u044c \u0438 \u043a\u043e\u043c\u0444\u043e\u0440\u0442, \u0438\u0434\u0435\u0430\u043b\u0435\u043d \u0434\u043b\u044f \u043f\u0443\u0442\u0435\u0448\u0435\u0441\u0442\u0432\u0438\u0439 \u0438 \u043a\u0435\u043c\u043f\u0438\u043d\u0433\u0430. \u041e\u0431\u0435\u0441\u043f\u0435\u0447\u044c\u0442\u0435 \u0441\u0435\u0431\u0435 \u043b\u0443\u0447\u0448\u0438\u0439 \u043e\u0442\u0434\u044b\u0445!\" \/>\n<meta property=\"og:url\" content=\"https:\/\/xstyle.md\/ro\/produs\/samonaduvajushhijsja-kovrik-therm-a-rest-trail-pro-pine\/\" \/>\n<meta property=\"og:site_name\" content=\"\u041c\u0430\u0433\u0430\u0437\u0438\u043d Xstyle\" \/>\n<meta property=\"article:publisher\" content=\"https:\/\/www.facebook.com\/xstylemd\" \/>\n<meta property=\"article:modified_time\" content=\"2025-10-24T09:30:17+00:00\" \/>\n<meta property=\"og:image\" content=\"https:\/\/xstyle.md\/wp-content\/uploads\/2021\/04\/therm-a-rest_trail_pro_pine2.jpg\" \/>\n\t<meta property=\"og:image:width\" content=\"1120\" \/>\n\t<meta property=\"og:image:height\" content=\"953\" \/>\n\t<meta property=\"og:image:type\" content=\"image\/jpeg\" \/>\n<meta name=\"twitter:card\" content=\"summary_large_image\" \/>\n<meta name=\"twitter:label1\" content=\"Pre\u021b\" \/>\n\t<meta name=\"twitter:data1\" content=\"3.500&nbsp;MDL\" \/>\n\t<meta name=\"twitter:label2\" content=\"Disponibilitate\" \/>\n\t<meta name=\"twitter:data2\" content=\"\u00cen stoc\" \/>\n<script type=\"application\/ld+json\" class=\"yoast-schema-graph\">{\"@context\":\"https:\\\/\\\/schema.org\",\"@graph\":[{\"@type\":\"WebPage\",\"@id\":\"https:\\\/\\\/xstyle.md\\\/product\\\/samonaduvajushhijsja-kovrik-therm-a-rest-trail-pro-pine\\\/\",\"url\":\"https:\\\/\\\/xstyle.md\\\/product\\\/samonaduvajushhijsja-kovrik-therm-a-rest-trail-pro-pine\\\/\",\"name\":\"\u0421\u0430\u043c\u043e\u043d\u0430\u0434\u0443\u0432\u0430\u044e\u0449\u0438\u0439\u0441\u044f \u043a\u043e\u0432\u0440\u0438\u043a Therm-A-Rest Trail Pro Pine Long - \u041c\u0430\u0433\u0430\u0437\u0438\u043d Xstyle\",\"isPartOf\":{\"@id\":\"https:\\\/\\\/xstyle.md\\\/#website\"},\"primaryImageOfPage\":{\"@id\":\"https:\\\/\\\/xstyle.md\\\/product\\\/samonaduvajushhijsja-kovrik-therm-a-rest-trail-pro-pine\\\/#primaryimage\"},\"image\":{\"@id\":\"https:\\\/\\\/xstyle.md\\\/product\\\/samonaduvajushhijsja-kovrik-therm-a-rest-trail-pro-pine\\\/#primaryimage\"},\"thumbnailUrl\":\"https:\\\/\\\/xstyle.md\\\/wp-content\\\/uploads\\\/2021\\\/04\\\/therm-a-rest_trail_pro_pine2.jpg\",\"datePublished\":\"2021-04-28T14:20:58+00:00\",\"dateModified\":\"2025-10-24T09:30:17+00:00\",\"description\":\"\u0421\u0430\u043c\u043e\u043d\u0430\u0434\u0443\u0432\u0430\u044e\u0449\u0438\u0439\u0441\u044f \u043a\u043e\u0432\u0440\u0438\u043a Therm-A-Rest Trail Pro Pine \u0441\u043e\u0447\u0435\u0442\u0430\u0435\u0442 \u0432 \u0441\u0435\u0431\u0435 \u043b\u0435\u0433\u043a\u043e\u0441\u0442\u044c \u0438 \u043a\u043e\u043c\u0444\u043e\u0440\u0442, \u0438\u0434\u0435\u0430\u043b\u0435\u043d \u0434\u043b\u044f \u043f\u0443\u0442\u0435\u0448\u0435\u0441\u0442\u0432\u0438\u0439 \u0438 \u043a\u0435\u043c\u043f\u0438\u043d\u0433\u0430. \u041e\u0431\u0435\u0441\u043f\u0435\u0447\u044c\u0442\u0435 \u0441\u0435\u0431\u0435 \u043b\u0443\u0447\u0448\u0438\u0439 \u043e\u0442\u0434\u044b\u0445!\",\"breadcrumb\":{\"@id\":\"https:\\\/\\\/xstyle.md\\\/product\\\/samonaduvajushhijsja-kovrik-therm-a-rest-trail-pro-pine\\\/#breadcrumb\"},\"inLanguage\":\"ro-RO\",\"potentialAction\":[{\"@type\":\"ReadAction\",\"target\":[\"https:\\\/\\\/xstyle.md\\\/product\\\/samonaduvajushhijsja-kovrik-therm-a-rest-trail-pro-pine\\\/\"]}]},{\"@type\":\"ImageObject\",\"inLanguage\":\"ro-RO\",\"@id\":\"https:\\\/\\\/xstyle.md\\\/product\\\/samonaduvajushhijsja-kovrik-therm-a-rest-trail-pro-pine\\\/#primaryimage\",\"url\":\"https:\\\/\\\/xstyle.md\\\/wp-content\\\/uploads\\\/2021\\\/04\\\/therm-a-rest_trail_pro_pine2.jpg\",\"contentUrl\":\"https:\\\/\\\/xstyle.md\\\/wp-content\\\/uploads\\\/2021\\\/04\\\/therm-a-rest_trail_pro_pine2.jpg\",\"width\":1120,\"height\":953,\"caption\":\"\u0422\u0435\u0440\u043c\u043e\u0441\u0443\u043c\u043a\u0430 Therm-a-Rest Trail Pro \u0434\u043b\u044f \u0430\u043a\u0442\u0438\u0432\u043d\u043e\u0433\u043e \u043e\u0442\u0434\u044b\u0445\u0430, \u043f\u043e\u0445\u043e\u0434\u043e\u0432, \u0442\u0443\u0440\u0438\u0441\u0442\u0438\u0447\u0435\u0441\u043a\u043e\u0439 \u044d\u043a\u0438\u043f\u0438\u0440\u043e\u0432\u043a\u0438, \u043e\u0431\u0443\u0432\u0438 \u0438 \u0430\u043a\u0441\u0435\u0441\u0441\u0443\u0430\u0440\u043e\u0432 \u0434\u043b\u044f \u043f\u0443\u0442\u0435\u0448\u0435\u0441\u0442\u0432\u0438\u0439, \u0441\u043e\u043e\u0442\u0432\u0435\u0442\u0441\u0442\u0432\u0443\u044e\u0449\u0430\u044f \u043e\u043d\u043b\u0430\u0439\u043d \u043c\u0430\u0433\u0430\u0437\u0438\u043d\u0443 \u0442\u043e\u0432\u0430\u0440\u043e\u0432 \u0434\u043b\u044f \u0430\u043a\u0442\u0438\u0432\u043d\u043e\u0439 \u0436\u0438\u0437\u043d\u0438\"},{\"@type\":\"BreadcrumbList\",\"@id\":\"https:\\\/\\\/xstyle.md\\\/product\\\/samonaduvajushhijsja-kovrik-therm-a-rest-trail-pro-pine\\\/#breadcrumb\",\"itemListElement\":[{\"@type\":\"ListItem\",\"position\":1,\"name\":\"\u0413\u043b\u0430\u0432\u043d\u0430\u044f \u0441\u0442\u0440\u0430\u043d\u0438\u0446\u0430\",\"item\":\"https:\\\/\\\/xstyle.md\\\/\"},{\"@type\":\"ListItem\",\"position\":2,\"name\":\"\u041c\u0430\u0433\u0430\u0437\u0438\u043d\",\"item\":\"https:\\\/\\\/xstyle.md\\\/shop\\\/\"},{\"@type\":\"ListItem\",\"position\":3,\"name\":\"\u0421\u0430\u043c\u043e\u043d\u0430\u0434\u0443\u0432\u0430\u044e\u0449\u0438\u0439\u0441\u044f \u043a\u043e\u0432\u0440\u0438\u043a Therm-A-Rest Trail Pro Pine Long\"}]},{\"@type\":\"WebSite\",\"@id\":\"https:\\\/\\\/xstyle.md\\\/#website\",\"url\":\"https:\\\/\\\/xstyle.md\\\/\",\"name\":\"\u041c\u0430\u0433\u0430\u0437\u0438\u043d Xstyle\",\"description\":\"C\u043d\u0430\u0440\u044f\u0436\u0435\u043d\u0438\u0435 \u0434\u043b\u044f \u0442\u0443\u0440\u0438\u0437\u043c\u0430 \u0438 \u044d\u043a\u0441\u0442\u0440\u0435\u043c\u0430\u043b\u044c\u043d\u044b\u0445 \u0432\u0438\u0434\u043e\u0432 \u0441\u043f\u043e\u0440\u0442\u0430 \u0432 \u041c\u043e\u043b\u0434\u043e\u0432\u0435.. \u0426\u0435\u043d\u044b, \u0444\u043e\u0442\u043e, \u0445\u0430\u0440\u0430\u043a\u0442\u0435\u0440\u0438\u0441\u0442\u0438\u043a\u0438 \u0432 \u041c\u043e\u043b\u0434\u043e\u0432\u0435.\",\"publisher\":{\"@id\":\"https:\\\/\\\/xstyle.md\\\/#organization\"},\"alternateName\":\"X-Style\",\"potentialAction\":[{\"@type\":\"SearchAction\",\"target\":{\"@type\":\"EntryPoint\",\"urlTemplate\":\"https:\\\/\\\/xstyle.md\\\/?s={search_term_string}\"},\"query-input\":{\"@type\":\"PropertyValueSpecification\",\"valueRequired\":true,\"valueName\":\"search_term_string\"}}],\"inLanguage\":\"ro-RO\"},{\"@type\":\"Organization\",\"@id\":\"https:\\\/\\\/xstyle.md\\\/#organization\",\"name\":\"\u041c\u0430\u0433\u0430\u0437\u0438\u043d Xstyle\",\"alternateName\":\"x-style\",\"url\":\"https:\\\/\\\/xstyle.md\\\/\",\"logo\":{\"@type\":\"ImageObject\",\"inLanguage\":\"ro-RO\",\"@id\":\"https:\\\/\\\/xstyle.md\\\/#\\\/schema\\\/logo\\\/image\\\/\",\"url\":\"https:\\\/\\\/xstyle.md\\\/wp-content\\\/uploads\\\/2020\\\/06\\\/logoicon.svg\",\"contentUrl\":\"https:\\\/\\\/xstyle.md\\\/wp-content\\\/uploads\\\/2020\\\/06\\\/logoicon.svg\",\"caption\":\"\u041c\u0430\u0433\u0430\u0437\u0438\u043d Xstyle\"},\"image\":{\"@id\":\"https:\\\/\\\/xstyle.md\\\/#\\\/schema\\\/logo\\\/image\\\/\"},\"sameAs\":[\"https:\\\/\\\/www.facebook.com\\\/xstylemd\",\"https:\\\/\\\/www.instagram.com\\\/xstyle_md\\\/\",\"https:\\\/\\\/t.me\\\/xstyle_outdoor\"],\"hasMerchantReturnPolicy\":{\"@type\":\"MerchantReturnPolicy\",\"merchantReturnLink\":\"https:\\\/\\\/xstyle.md\\\/ro\\\/conditions\\\/\"}}]}<\/script>\n<meta property=\"product:price:amount\" content=\"3500.00\" \/>\n<meta property=\"product:price:currency\" content=\"MDL\" \/>\n<meta property=\"og:availability\" content=\"instock\" \/>\n<meta property=\"product:availability\" content=\"instock\" \/>\n<meta property=\"product:retailer_item_id\" content=\"40818132180\" \/>\n<meta property=\"product:condition\" content=\"new\" \/>\n<!-- \/ Yoast SEO plugin. -->","yoast_head_json":{"title":"\u0421\u0430\u043c\u043e\u043d\u0430\u0434\u0443\u0432\u0430\u044e\u0449\u0438\u0439\u0441\u044f \u043a\u043e\u0432\u0440\u0438\u043a Therm-A-Rest Trail Pro Pine Long - \u041c\u0430\u0433\u0430\u0437\u0438\u043d Xstyle","description":"Covoarele auto-umflate Therm-A-Rest Trail Pro Pine combin\u0103 u\u0219urin\u021ba \u0219i confortul, fiind ideale pentru c\u0103l\u0103torii \u0219i camping. Asigura\u021bi-v\u0103 cea mai bun\u0103 odihn\u0103!","robots":{"index":"index","follow":"follow","max-snippet":"max-snippet:-1","max-image-preview":"max-image-preview:large","max-video-preview":"max-video-preview:-1"},"canonical":"https:\/\/xstyle.md\/ro\/produs\/samonaduvajushhijsja-kovrik-therm-a-rest-trail-pro-pine\/","og_locale":"ro_RO","og_type":"article","og_title":"\u0421\u0430\u043c\u043e\u043d\u0430\u0434\u0443\u0432\u0430\u044e\u0449\u0438\u0439\u0441\u044f \u043a\u043e\u0432\u0440\u0438\u043a Therm-A-Rest Trail Pro Pine Long - \u041c\u0430\u0433\u0430\u0437\u0438\u043d Xstyle","og_description":"\u0421\u0430\u043c\u043e\u043d\u0430\u0434\u0443\u0432\u0430\u044e\u0449\u0438\u0439\u0441\u044f \u043a\u043e\u0432\u0440\u0438\u043a Therm-A-Rest Trail Pro Pine \u0441\u043e\u0447\u0435\u0442\u0430\u0435\u0442 \u0432 \u0441\u0435\u0431\u0435 \u043b\u0435\u0433\u043a\u043e\u0441\u0442\u044c \u0438 \u043a\u043e\u043c\u0444\u043e\u0440\u0442, \u0438\u0434\u0435\u0430\u043b\u0435\u043d \u0434\u043b\u044f \u043f\u0443\u0442\u0435\u0448\u0435\u0441\u0442\u0432\u0438\u0439 \u0438 \u043a\u0435\u043c\u043f\u0438\u043d\u0433\u0430. \u041e\u0431\u0435\u0441\u043f\u0435\u0447\u044c\u0442\u0435 \u0441\u0435\u0431\u0435 \u043b\u0443\u0447\u0448\u0438\u0439 \u043e\u0442\u0434\u044b\u0445!","og_url":"https:\/\/xstyle.md\/ro\/produs\/samonaduvajushhijsja-kovrik-therm-a-rest-trail-pro-pine\/","og_site_name":"\u041c\u0430\u0433\u0430\u0437\u0438\u043d Xstyle","article_publisher":"https:\/\/www.facebook.com\/xstylemd","article_modified_time":"2025-10-24T09:30:17+00:00","og_image":[{"width":1120,"height":953,"url":"https:\/\/xstyle.md\/wp-content\/uploads\/2021\/04\/therm-a-rest_trail_pro_pine2.jpg","type":"image\/jpeg"}],"twitter_card":"summary_large_image","twitter_misc":{"Pre\u021b":"3.500&nbsp;MDL","Disponibilitate":"\u00cen stoc"},"schema":{"@context":"https:\/\/schema.org","@graph":[{"@type":"WebPage","@id":"https:\/\/xstyle.md\/product\/samonaduvajushhijsja-kovrik-therm-a-rest-trail-pro-pine\/","url":"https:\/\/xstyle.md\/product\/samonaduvajushhijsja-kovrik-therm-a-rest-trail-pro-pine\/","name":"\u0421\u0430\u043c\u043e\u043d\u0430\u0434\u0443\u0432\u0430\u044e\u0449\u0438\u0439\u0441\u044f \u043a\u043e\u0432\u0440\u0438\u043a Therm-A-Rest Trail Pro Pine Long - \u041c\u0430\u0433\u0430\u0437\u0438\u043d Xstyle","isPartOf":{"@id":"https:\/\/xstyle.md\/#website"},"primaryImageOfPage":{"@id":"https:\/\/xstyle.md\/product\/samonaduvajushhijsja-kovrik-therm-a-rest-trail-pro-pine\/#primaryimage"},"image":{"@id":"https:\/\/xstyle.md\/product\/samonaduvajushhijsja-kovrik-therm-a-rest-trail-pro-pine\/#primaryimage"},"thumbnailUrl":"https:\/\/xstyle.md\/wp-content\/uploads\/2021\/04\/therm-a-rest_trail_pro_pine2.jpg","datePublished":"2021-04-28T14:20:58+00:00","dateModified":"2025-10-24T09:30:17+00:00","description":"Covoarele auto-umflate Therm-A-Rest Trail Pro Pine combin\u0103 u\u0219urin\u021ba \u0219i confortul, fiind ideale pentru c\u0103l\u0103torii \u0219i camping. Asigura\u021bi-v\u0103 cea mai bun\u0103 odihn\u0103!","breadcrumb":{"@id":"https:\/\/xstyle.md\/product\/samonaduvajushhijsja-kovrik-therm-a-rest-trail-pro-pine\/#breadcrumb"},"inLanguage":"ro-RO","potentialAction":[{"@type":"ReadAction","target":["https:\/\/xstyle.md\/product\/samonaduvajushhijsja-kovrik-therm-a-rest-trail-pro-pine\/"]}]},{"@type":"ImageObject","inLanguage":"ro-RO","@id":"https:\/\/xstyle.md\/product\/samonaduvajushhijsja-kovrik-therm-a-rest-trail-pro-pine\/#primaryimage","url":"https:\/\/xstyle.md\/wp-content\/uploads\/2021\/04\/therm-a-rest_trail_pro_pine2.jpg","contentUrl":"https:\/\/xstyle.md\/wp-content\/uploads\/2021\/04\/therm-a-rest_trail_pro_pine2.jpg","width":1120,"height":953,"caption":"\u0422\u0435\u0440\u043c\u043e\u0441\u0443\u043c\u043a\u0430 Therm-a-Rest Trail Pro \u0434\u043b\u044f \u0430\u043a\u0442\u0438\u0432\u043d\u043e\u0433\u043e \u043e\u0442\u0434\u044b\u0445\u0430, \u043f\u043e\u0445\u043e\u0434\u043e\u0432, \u0442\u0443\u0440\u0438\u0441\u0442\u0438\u0447\u0435\u0441\u043a\u043e\u0439 \u044d\u043a\u0438\u043f\u0438\u0440\u043e\u0432\u043a\u0438, \u043e\u0431\u0443\u0432\u0438 \u0438 \u0430\u043a\u0441\u0435\u0441\u0441\u0443\u0430\u0440\u043e\u0432 \u0434\u043b\u044f \u043f\u0443\u0442\u0435\u0448\u0435\u0441\u0442\u0432\u0438\u0439, \u0441\u043e\u043e\u0442\u0432\u0435\u0442\u0441\u0442\u0432\u0443\u044e\u0449\u0430\u044f \u043e\u043d\u043b\u0430\u0439\u043d \u043c\u0430\u0433\u0430\u0437\u0438\u043d\u0443 \u0442\u043e\u0432\u0430\u0440\u043e\u0432 \u0434\u043b\u044f \u0430\u043a\u0442\u0438\u0432\u043d\u043e\u0439 \u0436\u0438\u0437\u043d\u0438"},{"@type":"BreadcrumbList","@id":"https:\/\/xstyle.md\/product\/samonaduvajushhijsja-kovrik-therm-a-rest-trail-pro-pine\/#breadcrumb","itemListElement":[{"@type":"ListItem","position":1,"name":"\u0413\u043b\u0430\u0432\u043d\u0430\u044f \u0441\u0442\u0440\u0430\u043d\u0438\u0446\u0430","item":"https:\/\/xstyle.md\/"},{"@type":"ListItem","position":2,"name":"\u041c\u0430\u0433\u0430\u0437\u0438\u043d","item":"https:\/\/xstyle.md\/shop\/"},{"@type":"ListItem","position":3,"name":"\u0421\u0430\u043c\u043e\u043d\u0430\u0434\u0443\u0432\u0430\u044e\u0449\u0438\u0439\u0441\u044f \u043a\u043e\u0432\u0440\u0438\u043a Therm-A-Rest Trail Pro Pine Long"}]},{"@type":"WebSite","@id":"https:\/\/xstyle.md\/#website","url":"https:\/\/xstyle.md\/","name":"Magazinul X-Style","description":"Echipamente pentru turism \u0219i sporturi extreme \u00een Moldova. Pre\u021buri, fotografii, caracteristici \u00een Moldova.","publisher":{"@id":"https:\/\/xstyle.md\/#organization"},"alternateName":"X-Style","potentialAction":[{"@type":"SearchAction","target":{"@type":"EntryPoint","urlTemplate":"https:\/\/xstyle.md\/?s={search_term_string}"},"query-input":{"@type":"PropertyValueSpecification","valueRequired":true,"valueName":"search_term_string"}}],"inLanguage":"ro-RO"},{"@type":"Organization","@id":"https:\/\/xstyle.md\/#organization","name":"Magazinul X-Style","alternateName":"x-style","url":"https:\/\/xstyle.md\/","logo":{"@type":"ImageObject","inLanguage":"ro-RO","@id":"https:\/\/xstyle.md\/#\/schema\/logo\/image\/","url":"https:\/\/xstyle.md\/wp-content\/uploads\/2020\/06\/logoicon.svg","contentUrl":"https:\/\/xstyle.md\/wp-content\/uploads\/2020\/06\/logoicon.svg","caption":"\u041c\u0430\u0433\u0430\u0437\u0438\u043d Xstyle"},"image":{"@id":"https:\/\/xstyle.md\/#\/schema\/logo\/image\/"},"sameAs":["https:\/\/www.facebook.com\/xstylemd","https:\/\/www.instagram.com\/xstyle_md\/","https:\/\/t.me\/xstyle_outdoor"],"hasMerchantReturnPolicy":{"@type":"MerchantReturnPolicy","merchantReturnLink":"https:\/\/xstyle.md\/ro\/conditions\/"}}]},"product_price_amount":"3500.00","product_price_currency":"MDL","og_availability":"instock","product_availability":"instock","product_retailer_item_id":"40818132180","product_condition":"new"},"_links":{"self":[{"href":"https:\/\/xstyle.md\/ro\/wp-json\/wp\/v2\/product\/32216","targetHints":{"allow":["GET"]}}],"collection":[{"href":"https:\/\/xstyle.md\/ro\/wp-json\/wp\/v2\/product"}],"about":[{"href":"https:\/\/xstyle.md\/ro\/wp-json\/wp\/v2\/types\/product"}],"replies":[{"embeddable":true,"href":"https:\/\/xstyle.md\/ro\/wp-json\/wp\/v2\/comments?post=32216"}],"wp:featuredmedia":[{"embeddable":true,"href":"https:\/\/xstyle.md\/ro\/wp-json\/wp\/v2\/media\/32215"}],"wp:attachment":[{"href":"https:\/\/xstyle.md\/ro\/wp-json\/wp\/v2\/media?parent=32216"}],"wp:term":[{"taxonomy":"product_brand","embeddable":true,"href":"https:\/\/xstyle.md\/ro\/wp-json\/wp\/v2\/product_brand?post=32216"},{"taxonomy":"product_cat","embeddable":true,"href":"https:\/\/xstyle.md\/ro\/wp-json\/wp\/v2\/product_cat?post=32216"},{"taxonomy":"product_tag","embeddable":true,"href":"https:\/\/xstyle.md\/ro\/wp-json\/wp\/v2\/product_tag?post=32216"}],"curies":[{"name":"wp","href":"https:\/\/api.w.org\/{rel}","templated":true}]}}