{"id":32196,"date":"2021-04-28T17:20:18","date_gmt":"2021-04-28T14:20:18","guid":{"rendered":"https:\/\/xstyle.md\/product\/palatka-msr-elixir-4-green\/"},"modified":"2026-03-19T16:43:51","modified_gmt":"2026-03-19T13:43:51","slug":"palatka-msr-elixir-4-green","status":"publish","type":"product","link":"https:\/\/xstyle.md\/ro\/produs\/palatka-msr-elixir-4-green\/","title":{"rendered":"Cort MSR Elixir 4 Green"},"content":{"rendered":"<\/p>\n<p><strong>MSR Elixir 4 Green<\/strong> &#8212; un cort u\u0219or \u00eembun\u0103t\u0103\u021bit pentru patru persoane, copie mare a modelului Elixir 2 \u0219i 3. U\u0219or de montat \u0219i are o construc\u021bie destul de robust\u0103. Spre deosebire de multe corturi din aceast\u0103 clas\u0103, acesta st\u0103 liber f\u0103r\u0103 un cort interior. U\u0219ile mai mari sunt mai convenabile, iar vestiarele suplimentare de pe laterale v\u0103 permit s\u0103 v\u0103 depozita\u021bi echipamentul \u00een mod compact sub o marchiz\u0103. Acest cort versatil, cu inser\u021bii din plas\u0103 respirabil\u0103 \u00een interior \u0219i o \u021bes\u0103tur\u0103 puternic\u0103 de protec\u021bie \u00eempotriva v\u00e2ntului dedesubt, v\u0103 va permite s\u0103 \u00eel folosi\u021bi pe tot parcursul anului. Este livrat cu un fund suplimentar, care v\u0103 permite s\u0103 monta\u021bi cortul separat, ca un baldachin.<\/p>\n<h3>Particularit\u0103\u021bi<\/h3>\n<ul>\n<li>Design foarte u\u0219or<\/li>\n<li>Geometria structurii de sus\u021binere a arcului optimizeaz\u0103 spa\u021biul<\/li>\n<li>Jum\u0103tate de copertin\u0103 de cort poate fi fixat\u0103<\/li>\n<li>Dimensiunea mare a intr\u0103rilor<\/li>\n<li>Dou\u0103 vestibuluri mari<\/li>\n<li>Marcaje colorate pe st\u00e2lpi<\/li>\n<li>Montarea cortului f\u0103r\u0103 un cort interior<\/li>\n<li>Ventila\u021bie<\/li>\n<li>Partea de jos suplimentara.<\/li>\n<\/ul>\n<h3>Caracteristici<\/h3>\n<ul>\n<li>Num\u0103r de locuri &#8212; 4<\/li>\n<li>Num\u0103r de intr\u0103ri &#8212; 2<\/li>\n<li>Suprafa\u021ba (podea + tambur) &#8212; 5,02 + 2,27 m2<\/li>\n<li>Volum interior &#8212; 3285 + 850 litri<\/li>\n<li>\u00cen\u0103l\u021bimea interioar\u0103 a cortului &#8212; 121 cm<\/li>\n<li>Materiale &#8212; copertin\u0103: 68D poliester Ripstop 1500mm cu poliuretan \u0219i acoperire DWR; cort interior: 40D nylon Ripstop cu acoperire DWR \/ 20D Micromesh; podea: 70 nylon tafta 3000mm cu poliuretan \u0219i acoperire DWR<\/li>\n<li>Arcuri &#8212; 2 montan\u021bi din aluminiu seria 7000<\/li>\n<li>Dimensiuni ambalate &#8212; 17 x 56 cm<\/li>\n<li>Greutate &#8212; 3600 g \/ 4260 g (min\/max).<\/li>\n<\/ul>\n<p><\/p>\n<h3>Marca<\/h3>\n<p>MSR - un cunoscut produc\u0103tor de articole sportive care produce echipamente pentru alpini\u0219tii profesioni\u0219ti \u0219i pentru cei care prefer\u0103 recreerea \u00een aer liber. Produsele sunt concepute astfel \u00eenc\u00e2t s\u0103 fie c\u00e2t mai u\u0219or posibil pentru o persoan\u0103 pe durata unei \u0219ederi lungi \u00eentr-o zon\u0103 deschis\u0103. Acestea sunt dispozitive universale care pot fi folosite \u00eentr-o drume\u021bie normal\u0103 \u0219i \u00eentr-o expedi\u021bie dificil\u0103.<\/p>","protected":false},"excerpt":{"rendered":"<p>Cort MSR Elixir 4 Green<\/p>","protected":false},"featured_media":32194,"comment_status":"open","ping_status":"closed","template":"","meta":{"_acf_changed":false,"inline_featured_image":false},"product_brand":[1279],"product_cat":[77],"product_tag":[],"class_list":{"0":"post-32196","1":"product","2":"type-product","3":"status-publish","4":"has-post-thumbnail","6":"product_brand-msr","7":"product_cat-corturi-triple","9":"first","10":"instock","11":"shipping-taxable","12":"purchasable","13":"product-type-simple"},"acf":[],"yoast_head":"<!-- This site is optimized with the Yoast SEO plugin v27.2 - https:\/\/yoast.com\/product\/yoast-seo-wordpress\/ -->\n<title>\u041f\u0430\u043b\u0430\u0442\u043a\u0430 MSR Elixir 4 Green - \u041c\u0430\u0433\u0430\u0437\u0438\u043d Xstyle<\/title>\n<meta name=\"description\" content=\"\u041f\u0430\u043b\u0430\u0442\u043a\u0430 MSR Elixir 4 Green \u2013 \u0438\u0434\u0435\u0430\u043b\u044c\u043d\u044b\u0439 \u0432\u044b\u0431\u043e\u0440 \u0434\u043b\u044f \u043f\u043e\u0435\u0437\u0434\u043e\u043a \u043d\u0430 \u043f\u0440\u0438\u0440\u043e\u0434\u0443. \u041f\u0440\u043e\u0441\u0442\u0430\u044f \u0443\u0441\u0442\u0430\u043d\u043e\u0432\u043a\u0430, \u043f\u0440\u043e\u0447\u043d\u0430\u044f \u043a\u043e\u043d\u0441\u0442\u0440\u0443\u043a\u0446\u0438\u044f, \u043f\u043e\u0434\u0445\u043e\u0434\u0438\u0442 \u0434\u043b\u044f 4 \u0447\u0435\u043b\u043e\u0432\u0435\u043a. \u041f\u043e\u043a\u0443\u043f\u0430\u0439\u0442\u0435 \u0443\u0436\u0435 \u0441\u0435\u0433\u043e\u0434\u043d\u044f!\" \/>\n<meta name=\"robots\" content=\"index, follow, max-snippet:-1, max-image-preview:large, max-video-preview:-1\" \/>\n<link rel=\"canonical\" href=\"https:\/\/xstyle.md\/ro\/produs\/palatka-msr-elixir-4-green\/\" \/>\n<meta property=\"og:locale\" content=\"ro_RO\" \/>\n<meta property=\"og:type\" content=\"article\" \/>\n<meta property=\"og:title\" content=\"\u041f\u0430\u043b\u0430\u0442\u043a\u0430 MSR Elixir 4 Green - \u041c\u0430\u0433\u0430\u0437\u0438\u043d Xstyle\" \/>\n<meta property=\"og:description\" content=\"\u041f\u0430\u043b\u0430\u0442\u043a\u0430 MSR Elixir 4 Green \u2013 \u0438\u0434\u0435\u0430\u043b\u044c\u043d\u044b\u0439 \u0432\u044b\u0431\u043e\u0440 \u0434\u043b\u044f \u043f\u043e\u0435\u0437\u0434\u043e\u043a \u043d\u0430 \u043f\u0440\u0438\u0440\u043e\u0434\u0443. \u041f\u0440\u043e\u0441\u0442\u0430\u044f \u0443\u0441\u0442\u0430\u043d\u043e\u0432\u043a\u0430, \u043f\u0440\u043e\u0447\u043d\u0430\u044f \u043a\u043e\u043d\u0441\u0442\u0440\u0443\u043a\u0446\u0438\u044f, \u043f\u043e\u0434\u0445\u043e\u0434\u0438\u0442 \u0434\u043b\u044f 4 \u0447\u0435\u043b\u043e\u0432\u0435\u043a. \u041f\u043e\u043a\u0443\u043f\u0430\u0439\u0442\u0435 \u0443\u0436\u0435 \u0441\u0435\u0433\u043e\u0434\u043d\u044f!\" \/>\n<meta property=\"og:url\" content=\"https:\/\/xstyle.md\/ro\/produs\/palatka-msr-elixir-4-green\/\" \/>\n<meta property=\"og:site_name\" content=\"\u041c\u0430\u0433\u0430\u0437\u0438\u043d Xstyle\" \/>\n<meta property=\"article:publisher\" content=\"https:\/\/www.facebook.com\/xstylemd\" \/>\n<meta property=\"article:modified_time\" content=\"2026-03-19T13:43:51+00:00\" \/>\n<meta property=\"og:image\" content=\"https:\/\/xstyle.md\/wp-content\/uploads\/2021\/04\/msr_elixir_4_green.jpg\" \/>\n\t<meta property=\"og:image:width\" content=\"1000\" \/>\n\t<meta property=\"og:image:height\" content=\"1000\" \/>\n\t<meta property=\"og:image:type\" content=\"image\/jpeg\" \/>\n<meta name=\"twitter:card\" content=\"summary_large_image\" \/>\n<meta name=\"twitter:label1\" content=\"Pre\u021b\" \/>\n\t<meta name=\"twitter:data1\" content=\"12.590&nbsp;MDL\" \/>\n\t<meta name=\"twitter:label2\" content=\"Disponibilitate\" \/>\n\t<meta name=\"twitter:data2\" content=\"\u00cen stoc\" \/>\n<script type=\"application\/ld+json\" class=\"yoast-schema-graph\">{\"@context\":\"https:\/\/schema.org\",\"@graph\":[{\"@type\":\"WebPage\",\"@id\":\"https:\/\/xstyle.md\/product\/palatka-msr-elixir-4-green\/\",\"url\":\"https:\/\/xstyle.md\/product\/palatka-msr-elixir-4-green\/\",\"name\":\"\u041f\u0430\u043b\u0430\u0442\u043a\u0430 MSR Elixir 4 Green - \u041c\u0430\u0433\u0430\u0437\u0438\u043d Xstyle\",\"isPartOf\":{\"@id\":\"https:\/\/xstyle.md\/#website\"},\"primaryImageOfPage\":{\"@id\":\"https:\/\/xstyle.md\/product\/palatka-msr-elixir-4-green\/#primaryimage\"},\"image\":{\"@id\":\"https:\/\/xstyle.md\/product\/palatka-msr-elixir-4-green\/#primaryimage\"},\"thumbnailUrl\":\"https:\/\/xstyle.md\/wp-content\/uploads\/2021\/04\/msr_elixir_4_green.jpg\",\"datePublished\":\"2021-04-28T14:20:18+00:00\",\"dateModified\":\"2026-03-19T13:43:51+00:00\",\"description\":\"\u041f\u0430\u043b\u0430\u0442\u043a\u0430 MSR Elixir 4 Green \u2013 \u0438\u0434\u0435\u0430\u043b\u044c\u043d\u044b\u0439 \u0432\u044b\u0431\u043e\u0440 \u0434\u043b\u044f \u043f\u043e\u0435\u0437\u0434\u043e\u043a \u043d\u0430 \u043f\u0440\u0438\u0440\u043e\u0434\u0443. \u041f\u0440\u043e\u0441\u0442\u0430\u044f \u0443\u0441\u0442\u0430\u043d\u043e\u0432\u043a\u0430, \u043f\u0440\u043e\u0447\u043d\u0430\u044f \u043a\u043e\u043d\u0441\u0442\u0440\u0443\u043a\u0446\u0438\u044f, \u043f\u043e\u0434\u0445\u043e\u0434\u0438\u0442 \u0434\u043b\u044f 4 \u0447\u0435\u043b\u043e\u0432\u0435\u043a. \u041f\u043e\u043a\u0443\u043f\u0430\u0439\u0442\u0435 \u0443\u0436\u0435 \u0441\u0435\u0433\u043e\u0434\u043d\u044f!\",\"breadcrumb\":{\"@id\":\"https:\/\/xstyle.md\/product\/palatka-msr-elixir-4-green\/#breadcrumb\"},\"inLanguage\":\"ro-RO\",\"potentialAction\":[{\"@type\":\"ReadAction\",\"target\":[\"https:\/\/xstyle.md\/product\/palatka-msr-elixir-4-green\/\"]}]},{\"@type\":\"ImageObject\",\"inLanguage\":\"ro-RO\",\"@id\":\"https:\/\/xstyle.md\/product\/palatka-msr-elixir-4-green\/#primaryimage\",\"url\":\"https:\/\/xstyle.md\/wp-content\/uploads\/2021\/04\/msr_elixir_4_green.jpg\",\"contentUrl\":\"https:\/\/xstyle.md\/wp-content\/uploads\/2021\/04\/msr_elixir_4_green.jpg\",\"width\":1000,\"height\":1000,\"caption\":\"\u0422\u0430\u0439\u043c\u0431\u0438\u043b\u0434\u0438\u043d\u0433 \u0434\u043b\u044f \u0430\u043a\u0442\u0438\u0432\u043d\u044b\u0445 \u043b\u044e\u0434\u0435\u0439 \u043d\u0430 \u043e\u043d\u043b\u0430\u0439\u043d \u043c\u0430\u0433\u0430\u0437\u0438\u043d\u0435 \u043e\u0434\u0435\u0436\u0434\u044b \u0438 \u043e\u0431\u0443\u0432\u0438 \u0434\u043b\u044f \u043f\u043e\u0445\u043e\u0434\u043e\u0432, \u0430\u043b\u044c\u043f\u0438\u043d\u0438\u0437\u043c\u0430 \u0438 \u043f\u0443\u0442\u0435\u0448\u0435\u0441\u0442\u0432\u0438\u0439, \u0438\u0437\u043e\u0431\u0440\u0430\u0436\u0435\u043d\u0438\u0435 \u043a\u0440\u043e\u0441\u0441\u043e\u0432\u043e\u043a \u0434\u043b\u044f \u0430\u043a\u0442\u0438\u0432\u043d\u043e\u0433\u043e \u043e\u0442\u0434\u044b\u0445\u0430\"},{\"@type\":\"BreadcrumbList\",\"@id\":\"https:\/\/xstyle.md\/product\/palatka-msr-elixir-4-green\/#breadcrumb\",\"itemListElement\":[{\"@type\":\"ListItem\",\"position\":1,\"name\":\"\u0413\u043b\u0430\u0432\u043d\u0430\u044f \u0441\u0442\u0440\u0430\u043d\u0438\u0446\u0430\",\"item\":\"https:\/\/xstyle.md\/\"},{\"@type\":\"ListItem\",\"position\":2,\"name\":\"\u041c\u0430\u0433\u0430\u0437\u0438\u043d\",\"item\":\"https:\/\/xstyle.md\/shop\/\"},{\"@type\":\"ListItem\",\"position\":3,\"name\":\"\u041f\u0430\u043b\u0430\u0442\u043a\u0430 MSR Elixir 4 Green\"}]},{\"@type\":\"WebSite\",\"@id\":\"https:\/\/xstyle.md\/#website\",\"url\":\"https:\/\/xstyle.md\/\",\"name\":\"\u041c\u0430\u0433\u0430\u0437\u0438\u043d Xstyle\",\"description\":\"C\u043d\u0430\u0440\u044f\u0436\u0435\u043d\u0438\u0435 \u0434\u043b\u044f \u0442\u0443\u0440\u0438\u0437\u043c\u0430 \u0438 \u044d\u043a\u0441\u0442\u0440\u0435\u043c\u0430\u043b\u044c\u043d\u044b\u0445 \u0432\u0438\u0434\u043e\u0432 \u0441\u043f\u043e\u0440\u0442\u0430 \u0432 \u041c\u043e\u043b\u0434\u043e\u0432\u0435.. \u0426\u0435\u043d\u044b, \u0444\u043e\u0442\u043e, \u0445\u0430\u0440\u0430\u043a\u0442\u0435\u0440\u0438\u0441\u0442\u0438\u043a\u0438 \u0432 \u041c\u043e\u043b\u0434\u043e\u0432\u0435.\",\"publisher\":{\"@id\":\"https:\/\/xstyle.md\/#organization\"},\"alternateName\":\"X-Style\",\"potentialAction\":[{\"@type\":\"SearchAction\",\"target\":{\"@type\":\"EntryPoint\",\"urlTemplate\":\"https:\/\/xstyle.md\/?s={search_term_string}\"},\"query-input\":{\"@type\":\"PropertyValueSpecification\",\"valueRequired\":true,\"valueName\":\"search_term_string\"}}],\"inLanguage\":\"ro-RO\"},{\"@type\":\"Organization\",\"@id\":\"https:\/\/xstyle.md\/#organization\",\"name\":\"\u041c\u0430\u0433\u0430\u0437\u0438\u043d Xstyle\",\"alternateName\":\"x-style\",\"url\":\"https:\/\/xstyle.md\/\",\"logo\":{\"@type\":\"ImageObject\",\"inLanguage\":\"ro-RO\",\"@id\":\"https:\/\/xstyle.md\/#\/schema\/logo\/image\/\",\"url\":\"https:\/\/xstyle.md\/wp-content\/uploads\/2020\/06\/logoicon.svg\",\"contentUrl\":\"https:\/\/xstyle.md\/wp-content\/uploads\/2020\/06\/logoicon.svg\",\"caption\":\"\u041c\u0430\u0433\u0430\u0437\u0438\u043d Xstyle\"},\"image\":{\"@id\":\"https:\/\/xstyle.md\/#\/schema\/logo\/image\/\"},\"sameAs\":[\"https:\/\/www.facebook.com\/xstylemd\",\"https:\/\/www.instagram.com\/xstyle_md\/\",\"https:\/\/t.me\/xstyle_outdoor\"],\"hasMerchantReturnPolicy\":{\"@type\":\"MerchantReturnPolicy\",\"merchantReturnLink\":\"https:\/\/xstyle.md\/ro\/conditions\/\"}}]}<\/script>\n<meta property=\"product:price:amount\" content=\"12590.00\" \/>\n<meta property=\"product:price:currency\" content=\"MDL\" \/>\n<meta property=\"og:availability\" content=\"instock\" \/>\n<meta property=\"product:availability\" content=\"instock\" \/>\n<meta property=\"product:retailer_item_id\" content=\"40818103333\" \/>\n<meta property=\"product:condition\" content=\"new\" \/>\n<!-- \/ Yoast SEO plugin. -->","yoast_head_json":{"title":"Cort MSR Elixir 4 Green - Magazin Xstyle","description":"Cortul MSR Elixir 4 Verde \u2013 alegerea ideal\u0103 pentru excursii \u00een natur\u0103. Montare simpl\u0103, construc\u021bie durabil\u0103, potrivit pentru 4 persoane. Cump\u0103ra\u021bi deja ast\u0103zi!","robots":{"index":"index","follow":"follow","max-snippet":"max-snippet:-1","max-image-preview":"max-image-preview:large","max-video-preview":"max-video-preview:-1"},"canonical":"https:\/\/xstyle.md\/ro\/produs\/palatka-msr-elixir-4-green\/","og_locale":"ro_RO","og_type":"article","og_title":"\u041f\u0430\u043b\u0430\u0442\u043a\u0430 MSR Elixir 4 Green - \u041c\u0430\u0433\u0430\u0437\u0438\u043d Xstyle","og_description":"\u041f\u0430\u043b\u0430\u0442\u043a\u0430 MSR Elixir 4 Green \u2013 \u0438\u0434\u0435\u0430\u043b\u044c\u043d\u044b\u0439 \u0432\u044b\u0431\u043e\u0440 \u0434\u043b\u044f \u043f\u043e\u0435\u0437\u0434\u043e\u043a \u043d\u0430 \u043f\u0440\u0438\u0440\u043e\u0434\u0443. \u041f\u0440\u043e\u0441\u0442\u0430\u044f \u0443\u0441\u0442\u0430\u043d\u043e\u0432\u043a\u0430, \u043f\u0440\u043e\u0447\u043d\u0430\u044f \u043a\u043e\u043d\u0441\u0442\u0440\u0443\u043a\u0446\u0438\u044f, \u043f\u043e\u0434\u0445\u043e\u0434\u0438\u0442 \u0434\u043b\u044f 4 \u0447\u0435\u043b\u043e\u0432\u0435\u043a. \u041f\u043e\u043a\u0443\u043f\u0430\u0439\u0442\u0435 \u0443\u0436\u0435 \u0441\u0435\u0433\u043e\u0434\u043d\u044f!","og_url":"https:\/\/xstyle.md\/ro\/produs\/palatka-msr-elixir-4-green\/","og_site_name":"\u041c\u0430\u0433\u0430\u0437\u0438\u043d Xstyle","article_publisher":"https:\/\/www.facebook.com\/xstylemd","article_modified_time":"2026-03-19T13:43:51+00:00","og_image":[{"width":1000,"height":1000,"url":"https:\/\/xstyle.md\/wp-content\/uploads\/2021\/04\/msr_elixir_4_green.jpg","type":"image\/jpeg"}],"twitter_card":"summary_large_image","twitter_misc":{"Pre\u021b":"12.590&nbsp;MDL","Disponibilitate":"\u00cen stoc"},"schema":{"@context":"https:\/\/schema.org","@graph":[{"@type":"WebPage","@id":"https:\/\/xstyle.md\/product\/palatka-msr-elixir-4-green\/","url":"https:\/\/xstyle.md\/product\/palatka-msr-elixir-4-green\/","name":"Cort MSR Elixir 4 Green - Magazin Xstyle","isPartOf":{"@id":"https:\/\/xstyle.md\/#website"},"primaryImageOfPage":{"@id":"https:\/\/xstyle.md\/product\/palatka-msr-elixir-4-green\/#primaryimage"},"image":{"@id":"https:\/\/xstyle.md\/product\/palatka-msr-elixir-4-green\/#primaryimage"},"thumbnailUrl":"https:\/\/xstyle.md\/wp-content\/uploads\/2021\/04\/msr_elixir_4_green.jpg","datePublished":"2021-04-28T14:20:18+00:00","dateModified":"2026-03-19T13:43:51+00:00","description":"Cortul MSR Elixir 4 Verde \u2013 alegerea ideal\u0103 pentru excursii \u00een natur\u0103. Montare simpl\u0103, construc\u021bie durabil\u0103, potrivit pentru 4 persoane. Cump\u0103ra\u021bi deja ast\u0103zi!","breadcrumb":{"@id":"https:\/\/xstyle.md\/product\/palatka-msr-elixir-4-green\/#breadcrumb"},"inLanguage":"ro-RO","potentialAction":[{"@type":"ReadAction","target":["https:\/\/xstyle.md\/product\/palatka-msr-elixir-4-green\/"]}]},{"@type":"ImageObject","inLanguage":"ro-RO","@id":"https:\/\/xstyle.md\/product\/palatka-msr-elixir-4-green\/#primaryimage","url":"https:\/\/xstyle.md\/wp-content\/uploads\/2021\/04\/msr_elixir_4_green.jpg","contentUrl":"https:\/\/xstyle.md\/wp-content\/uploads\/2021\/04\/msr_elixir_4_green.jpg","width":1000,"height":1000,"caption":"\u0422\u0430\u0439\u043c\u0431\u0438\u043b\u0434\u0438\u043d\u0433 \u0434\u043b\u044f \u0430\u043a\u0442\u0438\u0432\u043d\u044b\u0445 \u043b\u044e\u0434\u0435\u0439 \u043d\u0430 \u043e\u043d\u043b\u0430\u0439\u043d \u043c\u0430\u0433\u0430\u0437\u0438\u043d\u0435 \u043e\u0434\u0435\u0436\u0434\u044b \u0438 \u043e\u0431\u0443\u0432\u0438 \u0434\u043b\u044f \u043f\u043e\u0445\u043e\u0434\u043e\u0432, \u0430\u043b\u044c\u043f\u0438\u043d\u0438\u0437\u043c\u0430 \u0438 \u043f\u0443\u0442\u0435\u0448\u0435\u0441\u0442\u0432\u0438\u0439, \u0438\u0437\u043e\u0431\u0440\u0430\u0436\u0435\u043d\u0438\u0435 \u043a\u0440\u043e\u0441\u0441\u043e\u0432\u043e\u043a \u0434\u043b\u044f \u0430\u043a\u0442\u0438\u0432\u043d\u043e\u0433\u043e \u043e\u0442\u0434\u044b\u0445\u0430"},{"@type":"BreadcrumbList","@id":"https:\/\/xstyle.md\/product\/palatka-msr-elixir-4-green\/#breadcrumb","itemListElement":[{"@type":"ListItem","position":1,"name":"\u0413\u043b\u0430\u0432\u043d\u0430\u044f \u0441\u0442\u0440\u0430\u043d\u0438\u0446\u0430","item":"https:\/\/xstyle.md\/"},{"@type":"ListItem","position":2,"name":"\u041c\u0430\u0433\u0430\u0437\u0438\u043d","item":"https:\/\/xstyle.md\/shop\/"},{"@type":"ListItem","position":3,"name":"\u041f\u0430\u043b\u0430\u0442\u043a\u0430 MSR Elixir 4 Green"}]},{"@type":"WebSite","@id":"https:\/\/xstyle.md\/#website","url":"https:\/\/xstyle.md\/","name":"Magazinul X-Style","description":"Echipamente pentru turism \u0219i sporturi extreme \u00een Moldova. Pre\u021buri, fotografii, caracteristici \u00een Moldova.","publisher":{"@id":"https:\/\/xstyle.md\/#organization"},"alternateName":"X-Style","potentialAction":[{"@type":"SearchAction","target":{"@type":"EntryPoint","urlTemplate":"https:\/\/xstyle.md\/?s={search_term_string}"},"query-input":{"@type":"PropertyValueSpecification","valueRequired":true,"valueName":"search_term_string"}}],"inLanguage":"ro-RO"},{"@type":"Organization","@id":"https:\/\/xstyle.md\/#organization","name":"Magazinul X-Style","alternateName":"x-style","url":"https:\/\/xstyle.md\/","logo":{"@type":"ImageObject","inLanguage":"ro-RO","@id":"https:\/\/xstyle.md\/#\/schema\/logo\/image\/","url":"https:\/\/xstyle.md\/wp-content\/uploads\/2020\/06\/logoicon.svg","contentUrl":"https:\/\/xstyle.md\/wp-content\/uploads\/2020\/06\/logoicon.svg","caption":"\u041c\u0430\u0433\u0430\u0437\u0438\u043d Xstyle"},"image":{"@id":"https:\/\/xstyle.md\/#\/schema\/logo\/image\/"},"sameAs":["https:\/\/www.facebook.com\/xstylemd","https:\/\/www.instagram.com\/xstyle_md\/","https:\/\/t.me\/xstyle_outdoor"],"hasMerchantReturnPolicy":{"@type":"MerchantReturnPolicy","merchantReturnLink":"https:\/\/xstyle.md\/ro\/conditions\/"}}]},"product_price_amount":"12590.00","product_price_currency":"MDL","og_availability":"instock","product_availability":"instock","product_retailer_item_id":"40818103333","product_condition":"new"},"post_mailing_queue_ids":[],"_links":{"self":[{"href":"https:\/\/xstyle.md\/ro\/wp-json\/wp\/v2\/product\/32196","targetHints":{"allow":["GET"]}}],"collection":[{"href":"https:\/\/xstyle.md\/ro\/wp-json\/wp\/v2\/product"}],"about":[{"href":"https:\/\/xstyle.md\/ro\/wp-json\/wp\/v2\/types\/product"}],"replies":[{"embeddable":true,"href":"https:\/\/xstyle.md\/ro\/wp-json\/wp\/v2\/comments?post=32196"}],"wp:featuredmedia":[{"embeddable":true,"href":"https:\/\/xstyle.md\/ro\/wp-json\/wp\/v2\/media\/32194"}],"wp:attachment":[{"href":"https:\/\/xstyle.md\/ro\/wp-json\/wp\/v2\/media?parent=32196"}],"wp:term":[{"taxonomy":"product_brand","embeddable":true,"href":"https:\/\/xstyle.md\/ro\/wp-json\/wp\/v2\/product_brand?post=32196"},{"taxonomy":"product_cat","embeddable":true,"href":"https:\/\/xstyle.md\/ro\/wp-json\/wp\/v2\/product_cat?post=32196"},{"taxonomy":"product_tag","embeddable":true,"href":"https:\/\/xstyle.md\/ro\/wp-json\/wp\/v2\/product_tag?post=32196"}],"curies":[{"name":"wp","href":"https:\/\/api.w.org\/{rel}","templated":true}]}}