{"id":32153,"date":"2021-04-28T17:18:42","date_gmt":"2021-04-28T14:18:42","guid":{"rendered":"https:\/\/xstyle.md\/product\/fonar-m-wave-apollon-mini-220628\/"},"modified":"2026-03-19T16:43:47","modified_gmt":"2026-03-19T13:43:47","slug":"fonar-m-wave-apollon-mini-220628","status":"publish","type":"product","link":"https:\/\/xstyle.md\/ro\/produs\/fonar-m-wave-apollon-mini-220628\/","title":{"rendered":"Lantern\u0103 M-WAVE Apollon Mini 220628"},"content":{"rendered":"<\/p>\n<p><strong>M-WAVE Apollon Mini 220628<\/strong> &#8212; un set de lumini intermitente pentru biciclete. Datorit\u0103 indicatorului de nivel al bateriei, ve\u021bi \u0219ti \u00eentotdeauna c\u00e2nd trebuie s\u0103 \u00eenc\u0103rca\u021bi bli\u021burile. Iar acestea se \u00eencarc\u0103 cu un cablu USB. Lanternele au 3 moduri de func\u021bionare \u0219i pot ilumina la 360\u00b0.<\/p>\n<h3>Particularit\u0103\u021bi<\/h3>\n<ul>\n<li>Exist\u0103 un indicator al nivelului de \u00eenc\u0103rcare a bateriei<\/li>\n<li>Se \u00eencarc\u0103 prin intermediul unui conector USB<\/li>\n<li>Baterie intern\u0103 re\u00eenc\u0103rcabil\u0103 litiu-ion<\/li>\n<li>Cablu de \u00eenc\u0103rcare.<\/li>\n<\/ul>\n<h3>Caracteristici<\/h3>\n<ul>\n<li>Num\u0103r de LED-uri &#8212; 1 alb, 1 ro\u0219u<\/li>\n<li>Putere maxim\u0103 de iluminare &#8212; 60 lumeni<\/li>\n<li>Lumin\u0103 frontal\u0103 &#8212; LED de \u00eenalt\u0103 performan\u021b\u0103<\/li>\n<li>Moduri de iluminare frontal\u0103 &#8212; 3<\/li>\n<li>Lamp\u0103 spate &#8212; LED ultra luminos de 0,5 wa\u021bi<\/li>\n<li>Moduri de iluminare din spate &#8212; 3<\/li>\n<li>Ata\u0219are &#8212; curea de cauciuc universal\u0103, 22,2 &#8212; 31,8 mm<\/li>\n<\/ul>\n<p><\/p>","protected":false},"excerpt":{"rendered":"<p>Lantern\u0103 M-WAVE Apollon Mini 220628<\/p>","protected":false},"featured_media":32150,"comment_status":"open","ping_status":"closed","template":"","meta":{"_acf_changed":false,"inline_featured_image":false},"product_brand":[1372],"product_cat":[502],"product_tag":[],"class_list":{"0":"post-32153","1":"product","2":"type-product","3":"status-publish","4":"has-post-thumbnail","6":"product_brand-messingschlager","7":"product_cat-bicycle-lights","9":"first","10":"instock","11":"shipping-taxable","12":"purchasable","13":"product-type-simple"},"acf":[],"yoast_head":"<!-- This site is optimized with the Yoast SEO plugin v27.2 - https:\/\/yoast.com\/product\/yoast-seo-wordpress\/ -->\n<title>\u0424\u043e\u043d\u0430\u0440\u044c M-WAVE Apollon Mini 220628 - \u041c\u0430\u0433\u0430\u0437\u0438\u043d Xstyle<\/title>\n<meta name=\"description\" content=\"\u0424\u043e\u043d\u0430\u0440\u044c M-WAVE Apollon Mini 220628: \u043a\u043e\u043c\u043f\u0430\u043a\u0442\u043d\u044b\u0439, \u043c\u043e\u0449\u043d\u044b\u0439 \u0441\u0432\u0435\u0442 \u0434\u043b\u044f \u0432\u0435\u043b\u043e\u0441\u0438\u043f\u0435\u0434\u043e\u0432, 3 \u0440\u0435\u0436\u0438\u043c\u0430, \u0437\u0430\u0440\u044f\u0434\u043a\u0430 \u0447\u0435\u0440\u0435\u0437 USB \u0438 \u0438\u043d\u0434\u0438\u043a\u0430\u0442\u043e\u0440 \u0443\u0440\u043e\u0432\u043d\u044f \u0431\u0430\u0442\u0430\u0440\u0435\u0438. \u0418\u0434\u0435\u0430\u043b\u0435\u043d \u0434\u043b\u044f \u043d\u043e\u0447\u043d\u044b\u0445 \u043f\u043e\u0435\u0437\u0434\u043e\u043a!\" \/>\n<meta name=\"robots\" content=\"index, follow, max-snippet:-1, max-image-preview:large, max-video-preview:-1\" \/>\n<link rel=\"canonical\" href=\"https:\/\/xstyle.md\/ro\/produs\/fonar-m-wave-apollon-mini-220628\/\" \/>\n<meta property=\"og:locale\" content=\"ro_RO\" \/>\n<meta property=\"og:type\" content=\"article\" \/>\n<meta property=\"og:title\" content=\"\u0424\u043e\u043d\u0430\u0440\u044c M-WAVE Apollon Mini 220628 - \u041c\u0430\u0433\u0430\u0437\u0438\u043d Xstyle\" \/>\n<meta property=\"og:description\" content=\"\u0424\u043e\u043d\u0430\u0440\u044c M-WAVE Apollon Mini 220628: \u043a\u043e\u043c\u043f\u0430\u043a\u0442\u043d\u044b\u0439, \u043c\u043e\u0449\u043d\u044b\u0439 \u0441\u0432\u0435\u0442 \u0434\u043b\u044f \u0432\u0435\u043b\u043e\u0441\u0438\u043f\u0435\u0434\u043e\u0432, 3 \u0440\u0435\u0436\u0438\u043c\u0430, \u0437\u0430\u0440\u044f\u0434\u043a\u0430 \u0447\u0435\u0440\u0435\u0437 USB \u0438 \u0438\u043d\u0434\u0438\u043a\u0430\u0442\u043e\u0440 \u0443\u0440\u043e\u0432\u043d\u044f \u0431\u0430\u0442\u0430\u0440\u0435\u0438. \u0418\u0434\u0435\u0430\u043b\u0435\u043d \u0434\u043b\u044f \u043d\u043e\u0447\u043d\u044b\u0445 \u043f\u043e\u0435\u0437\u0434\u043e\u043a!\" \/>\n<meta property=\"og:url\" content=\"https:\/\/xstyle.md\/ro\/produs\/fonar-m-wave-apollon-mini-220628\/\" \/>\n<meta property=\"og:site_name\" content=\"\u041c\u0430\u0433\u0430\u0437\u0438\u043d Xstyle\" \/>\n<meta property=\"article:publisher\" content=\"https:\/\/www.facebook.com\/xstylemd\" \/>\n<meta property=\"article:modified_time\" content=\"2026-03-19T13:43:47+00:00\" \/>\n<meta property=\"og:image\" content=\"https:\/\/xstyle.md\/wp-content\/uploads\/2021\/04\/m-wave_apollon_mini_220628.jpg\" \/>\n\t<meta property=\"og:image:width\" content=\"1375\" \/>\n\t<meta property=\"og:image:height\" content=\"1375\" \/>\n\t<meta property=\"og:image:type\" content=\"image\/jpeg\" \/>\n<meta name=\"twitter:card\" content=\"summary_large_image\" \/>\n<meta name=\"twitter:label1\" content=\"Pre\u021b\" \/>\n\t<meta name=\"twitter:data1\" content=\"390&nbsp;MDL\" \/>\n\t<meta name=\"twitter:label2\" content=\"Disponibilitate\" \/>\n\t<meta name=\"twitter:data2\" content=\"\u00cen stoc\" \/>\n<script type=\"application\/ld+json\" class=\"yoast-schema-graph\">{\"@context\":\"https:\/\/schema.org\",\"@graph\":[{\"@type\":\"WebPage\",\"@id\":\"https:\/\/xstyle.md\/product\/fonar-m-wave-apollon-mini-220628\/\",\"url\":\"https:\/\/xstyle.md\/product\/fonar-m-wave-apollon-mini-220628\/\",\"name\":\"\u0424\u043e\u043d\u0430\u0440\u044c M-WAVE Apollon Mini 220628 - \u041c\u0430\u0433\u0430\u0437\u0438\u043d Xstyle\",\"isPartOf\":{\"@id\":\"https:\/\/xstyle.md\/#website\"},\"primaryImageOfPage\":{\"@id\":\"https:\/\/xstyle.md\/product\/fonar-m-wave-apollon-mini-220628\/#primaryimage\"},\"image\":{\"@id\":\"https:\/\/xstyle.md\/product\/fonar-m-wave-apollon-mini-220628\/#primaryimage\"},\"thumbnailUrl\":\"https:\/\/xstyle.md\/wp-content\/uploads\/2021\/04\/m-wave_apollon_mini_220628.jpg\",\"datePublished\":\"2021-04-28T14:18:42+00:00\",\"dateModified\":\"2026-03-19T13:43:47+00:00\",\"description\":\"\u0424\u043e\u043d\u0430\u0440\u044c M-WAVE Apollon Mini 220628: \u043a\u043e\u043c\u043f\u0430\u043a\u0442\u043d\u044b\u0439, \u043c\u043e\u0449\u043d\u044b\u0439 \u0441\u0432\u0435\u0442 \u0434\u043b\u044f \u0432\u0435\u043b\u043e\u0441\u0438\u043f\u0435\u0434\u043e\u0432, 3 \u0440\u0435\u0436\u0438\u043c\u0430, \u0437\u0430\u0440\u044f\u0434\u043a\u0430 \u0447\u0435\u0440\u0435\u0437 USB \u0438 \u0438\u043d\u0434\u0438\u043a\u0430\u0442\u043e\u0440 \u0443\u0440\u043e\u0432\u043d\u044f \u0431\u0430\u0442\u0430\u0440\u0435\u0438. \u0418\u0434\u0435\u0430\u043b\u0435\u043d \u0434\u043b\u044f \u043d\u043e\u0447\u043d\u044b\u0445 \u043f\u043e\u0435\u0437\u0434\u043e\u043a!\",\"breadcrumb\":{\"@id\":\"https:\/\/xstyle.md\/product\/fonar-m-wave-apollon-mini-220628\/#breadcrumb\"},\"inLanguage\":\"ro-RO\",\"potentialAction\":[{\"@type\":\"ReadAction\",\"target\":[\"https:\/\/xstyle.md\/product\/fonar-m-wave-apollon-mini-220628\/\"]}]},{\"@type\":\"ImageObject\",\"inLanguage\":\"ro-RO\",\"@id\":\"https:\/\/xstyle.md\/product\/fonar-m-wave-apollon-mini-220628\/#primaryimage\",\"url\":\"https:\/\/xstyle.md\/wp-content\/uploads\/2021\/04\/m-wave_apollon_mini_220628.jpg\",\"contentUrl\":\"https:\/\/xstyle.md\/wp-content\/uploads\/2021\/04\/m-wave_apollon_mini_220628.jpg\",\"width\":1375,\"height\":1375},{\"@type\":\"BreadcrumbList\",\"@id\":\"https:\/\/xstyle.md\/product\/fonar-m-wave-apollon-mini-220628\/#breadcrumb\",\"itemListElement\":[{\"@type\":\"ListItem\",\"position\":1,\"name\":\"\u0413\u043b\u0430\u0432\u043d\u0430\u044f \u0441\u0442\u0440\u0430\u043d\u0438\u0446\u0430\",\"item\":\"https:\/\/xstyle.md\/\"},{\"@type\":\"ListItem\",\"position\":2,\"name\":\"\u041c\u0430\u0433\u0430\u0437\u0438\u043d\",\"item\":\"https:\/\/xstyle.md\/shop\/\"},{\"@type\":\"ListItem\",\"position\":3,\"name\":\"\u0424\u043e\u043d\u0430\u0440\u044c M-WAVE Apollon Mini 220628\"}]},{\"@type\":\"WebSite\",\"@id\":\"https:\/\/xstyle.md\/#website\",\"url\":\"https:\/\/xstyle.md\/\",\"name\":\"\u041c\u0430\u0433\u0430\u0437\u0438\u043d Xstyle\",\"description\":\"C\u043d\u0430\u0440\u044f\u0436\u0435\u043d\u0438\u0435 \u0434\u043b\u044f \u0442\u0443\u0440\u0438\u0437\u043c\u0430 \u0438 \u044d\u043a\u0441\u0442\u0440\u0435\u043c\u0430\u043b\u044c\u043d\u044b\u0445 \u0432\u0438\u0434\u043e\u0432 \u0441\u043f\u043e\u0440\u0442\u0430 \u0432 \u041c\u043e\u043b\u0434\u043e\u0432\u0435.. \u0426\u0435\u043d\u044b, \u0444\u043e\u0442\u043e, \u0445\u0430\u0440\u0430\u043a\u0442\u0435\u0440\u0438\u0441\u0442\u0438\u043a\u0438 \u0432 \u041c\u043e\u043b\u0434\u043e\u0432\u0435.\",\"publisher\":{\"@id\":\"https:\/\/xstyle.md\/#organization\"},\"alternateName\":\"X-Style\",\"potentialAction\":[{\"@type\":\"SearchAction\",\"target\":{\"@type\":\"EntryPoint\",\"urlTemplate\":\"https:\/\/xstyle.md\/?s={search_term_string}\"},\"query-input\":{\"@type\":\"PropertyValueSpecification\",\"valueRequired\":true,\"valueName\":\"search_term_string\"}}],\"inLanguage\":\"ro-RO\"},{\"@type\":\"Organization\",\"@id\":\"https:\/\/xstyle.md\/#organization\",\"name\":\"\u041c\u0430\u0433\u0430\u0437\u0438\u043d Xstyle\",\"alternateName\":\"x-style\",\"url\":\"https:\/\/xstyle.md\/\",\"logo\":{\"@type\":\"ImageObject\",\"inLanguage\":\"ro-RO\",\"@id\":\"https:\/\/xstyle.md\/#\/schema\/logo\/image\/\",\"url\":\"https:\/\/xstyle.md\/wp-content\/uploads\/2020\/06\/logoicon.svg\",\"contentUrl\":\"https:\/\/xstyle.md\/wp-content\/uploads\/2020\/06\/logoicon.svg\",\"caption\":\"\u041c\u0430\u0433\u0430\u0437\u0438\u043d Xstyle\"},\"image\":{\"@id\":\"https:\/\/xstyle.md\/#\/schema\/logo\/image\/\"},\"sameAs\":[\"https:\/\/www.facebook.com\/xstylemd\",\"https:\/\/www.instagram.com\/xstyle_md\/\",\"https:\/\/t.me\/xstyle_outdoor\"],\"hasMerchantReturnPolicy\":{\"@type\":\"MerchantReturnPolicy\",\"merchantReturnLink\":\"https:\/\/xstyle.md\/ro\/conditions\/\"}}]}<\/script>\n<meta property=\"product:price:amount\" content=\"390.00\" \/>\n<meta property=\"product:price:currency\" content=\"MDL\" \/>\n<meta property=\"og:availability\" content=\"instock\" \/>\n<meta property=\"product:availability\" content=\"instock\" \/>\n<meta property=\"product:retailer_item_id\" content=\"887539018429\" \/>\n<meta property=\"product:condition\" content=\"new\" \/>\n<!-- \/ Yoast SEO plugin. -->","yoast_head_json":{"title":"Lantern\u0103 M-WAVE Apollon Mini 220628 - Magazin Xstyle","description":"Lanterna M-WAVE Apollon Mini 220628: compact\u0103, puternic\u0103, lumin\u0103 pentru biciclete, 3 moduri, \u00eenc\u0103rcare prin USB \u0219i indicator de nivel al bateriei. Ideal\u0103 pentru plimb\u0103ri nocturne!","robots":{"index":"index","follow":"follow","max-snippet":"max-snippet:-1","max-image-preview":"max-image-preview:large","max-video-preview":"max-video-preview:-1"},"canonical":"https:\/\/xstyle.md\/ro\/produs\/fonar-m-wave-apollon-mini-220628\/","og_locale":"ro_RO","og_type":"article","og_title":"\u0424\u043e\u043d\u0430\u0440\u044c M-WAVE Apollon Mini 220628 - \u041c\u0430\u0433\u0430\u0437\u0438\u043d Xstyle","og_description":"\u0424\u043e\u043d\u0430\u0440\u044c M-WAVE Apollon Mini 220628: \u043a\u043e\u043c\u043f\u0430\u043a\u0442\u043d\u044b\u0439, \u043c\u043e\u0449\u043d\u044b\u0439 \u0441\u0432\u0435\u0442 \u0434\u043b\u044f \u0432\u0435\u043b\u043e\u0441\u0438\u043f\u0435\u0434\u043e\u0432, 3 \u0440\u0435\u0436\u0438\u043c\u0430, \u0437\u0430\u0440\u044f\u0434\u043a\u0430 \u0447\u0435\u0440\u0435\u0437 USB \u0438 \u0438\u043d\u0434\u0438\u043a\u0430\u0442\u043e\u0440 \u0443\u0440\u043e\u0432\u043d\u044f \u0431\u0430\u0442\u0430\u0440\u0435\u0438. \u0418\u0434\u0435\u0430\u043b\u0435\u043d \u0434\u043b\u044f \u043d\u043e\u0447\u043d\u044b\u0445 \u043f\u043e\u0435\u0437\u0434\u043e\u043a!","og_url":"https:\/\/xstyle.md\/ro\/produs\/fonar-m-wave-apollon-mini-220628\/","og_site_name":"\u041c\u0430\u0433\u0430\u0437\u0438\u043d Xstyle","article_publisher":"https:\/\/www.facebook.com\/xstylemd","article_modified_time":"2026-03-19T13:43:47+00:00","og_image":[{"width":1375,"height":1375,"url":"https:\/\/xstyle.md\/wp-content\/uploads\/2021\/04\/m-wave_apollon_mini_220628.jpg","type":"image\/jpeg"}],"twitter_card":"summary_large_image","twitter_misc":{"Pre\u021b":"390&nbsp;MDL","Disponibilitate":"\u00cen stoc"},"schema":{"@context":"https:\/\/schema.org","@graph":[{"@type":"WebPage","@id":"https:\/\/xstyle.md\/product\/fonar-m-wave-apollon-mini-220628\/","url":"https:\/\/xstyle.md\/product\/fonar-m-wave-apollon-mini-220628\/","name":"Lantern\u0103 M-WAVE Apollon Mini 220628 - Magazin Xstyle","isPartOf":{"@id":"https:\/\/xstyle.md\/#website"},"primaryImageOfPage":{"@id":"https:\/\/xstyle.md\/product\/fonar-m-wave-apollon-mini-220628\/#primaryimage"},"image":{"@id":"https:\/\/xstyle.md\/product\/fonar-m-wave-apollon-mini-220628\/#primaryimage"},"thumbnailUrl":"https:\/\/xstyle.md\/wp-content\/uploads\/2021\/04\/m-wave_apollon_mini_220628.jpg","datePublished":"2021-04-28T14:18:42+00:00","dateModified":"2026-03-19T13:43:47+00:00","description":"Lanterna M-WAVE Apollon Mini 220628: compact\u0103, puternic\u0103, lumin\u0103 pentru biciclete, 3 moduri, \u00eenc\u0103rcare prin USB \u0219i indicator de nivel al bateriei. Ideal\u0103 pentru plimb\u0103ri nocturne!","breadcrumb":{"@id":"https:\/\/xstyle.md\/product\/fonar-m-wave-apollon-mini-220628\/#breadcrumb"},"inLanguage":"ro-RO","potentialAction":[{"@type":"ReadAction","target":["https:\/\/xstyle.md\/product\/fonar-m-wave-apollon-mini-220628\/"]}]},{"@type":"ImageObject","inLanguage":"ro-RO","@id":"https:\/\/xstyle.md\/product\/fonar-m-wave-apollon-mini-220628\/#primaryimage","url":"https:\/\/xstyle.md\/wp-content\/uploads\/2021\/04\/m-wave_apollon_mini_220628.jpg","contentUrl":"https:\/\/xstyle.md\/wp-content\/uploads\/2021\/04\/m-wave_apollon_mini_220628.jpg","width":1375,"height":1375},{"@type":"BreadcrumbList","@id":"https:\/\/xstyle.md\/product\/fonar-m-wave-apollon-mini-220628\/#breadcrumb","itemListElement":[{"@type":"ListItem","position":1,"name":"\u0413\u043b\u0430\u0432\u043d\u0430\u044f \u0441\u0442\u0440\u0430\u043d\u0438\u0446\u0430","item":"https:\/\/xstyle.md\/"},{"@type":"ListItem","position":2,"name":"\u041c\u0430\u0433\u0430\u0437\u0438\u043d","item":"https:\/\/xstyle.md\/shop\/"},{"@type":"ListItem","position":3,"name":"\u0424\u043e\u043d\u0430\u0440\u044c M-WAVE Apollon Mini 220628"}]},{"@type":"WebSite","@id":"https:\/\/xstyle.md\/#website","url":"https:\/\/xstyle.md\/","name":"Magazinul X-Style","description":"Echipamente pentru turism \u0219i sporturi extreme \u00een Moldova. Pre\u021buri, fotografii, caracteristici \u00een Moldova.","publisher":{"@id":"https:\/\/xstyle.md\/#organization"},"alternateName":"X-Style","potentialAction":[{"@type":"SearchAction","target":{"@type":"EntryPoint","urlTemplate":"https:\/\/xstyle.md\/?s={search_term_string}"},"query-input":{"@type":"PropertyValueSpecification","valueRequired":true,"valueName":"search_term_string"}}],"inLanguage":"ro-RO"},{"@type":"Organization","@id":"https:\/\/xstyle.md\/#organization","name":"Magazinul X-Style","alternateName":"x-style","url":"https:\/\/xstyle.md\/","logo":{"@type":"ImageObject","inLanguage":"ro-RO","@id":"https:\/\/xstyle.md\/#\/schema\/logo\/image\/","url":"https:\/\/xstyle.md\/wp-content\/uploads\/2020\/06\/logoicon.svg","contentUrl":"https:\/\/xstyle.md\/wp-content\/uploads\/2020\/06\/logoicon.svg","caption":"\u041c\u0430\u0433\u0430\u0437\u0438\u043d Xstyle"},"image":{"@id":"https:\/\/xstyle.md\/#\/schema\/logo\/image\/"},"sameAs":["https:\/\/www.facebook.com\/xstylemd","https:\/\/www.instagram.com\/xstyle_md\/","https:\/\/t.me\/xstyle_outdoor"],"hasMerchantReturnPolicy":{"@type":"MerchantReturnPolicy","merchantReturnLink":"https:\/\/xstyle.md\/ro\/conditions\/"}}]},"product_price_amount":"390.00","product_price_currency":"MDL","og_availability":"instock","product_availability":"instock","product_retailer_item_id":"887539018429","product_condition":"new"},"post_mailing_queue_ids":[],"_links":{"self":[{"href":"https:\/\/xstyle.md\/ro\/wp-json\/wp\/v2\/product\/32153","targetHints":{"allow":["GET"]}}],"collection":[{"href":"https:\/\/xstyle.md\/ro\/wp-json\/wp\/v2\/product"}],"about":[{"href":"https:\/\/xstyle.md\/ro\/wp-json\/wp\/v2\/types\/product"}],"replies":[{"embeddable":true,"href":"https:\/\/xstyle.md\/ro\/wp-json\/wp\/v2\/comments?post=32153"}],"wp:featuredmedia":[{"embeddable":true,"href":"https:\/\/xstyle.md\/ro\/wp-json\/wp\/v2\/media\/32150"}],"wp:attachment":[{"href":"https:\/\/xstyle.md\/ro\/wp-json\/wp\/v2\/media?parent=32153"}],"wp:term":[{"taxonomy":"product_brand","embeddable":true,"href":"https:\/\/xstyle.md\/ro\/wp-json\/wp\/v2\/product_brand?post=32153"},{"taxonomy":"product_cat","embeddable":true,"href":"https:\/\/xstyle.md\/ro\/wp-json\/wp\/v2\/product_cat?post=32153"},{"taxonomy":"product_tag","embeddable":true,"href":"https:\/\/xstyle.md\/ro\/wp-json\/wp\/v2\/product_tag?post=32153"}],"curies":[{"name":"wp","href":"https:\/\/api.w.org\/{rel}","templated":true}]}}