{"id":32113,"date":"2021-04-28T17:17:41","date_gmt":"2021-04-28T14:17:41","guid":{"rendered":"https:\/\/xstyle.md\/product\/nabor-posudy-light-my-fire-lunchkit-bio\/"},"modified":"2026-03-19T16:25:38","modified_gmt":"2026-03-19T13:25:38","slug":"nabor-posudy-light-my-fire-lunchkit-bio","status":"publish","type":"product","link":"https:\/\/xstyle.md\/ro\/produs\/nabor-posudy-light-my-fire-lunchkit-bio\/","title":{"rendered":"Set vesel\u0103 Light My Fire LunchKit BIO"},"content":{"rendered":"<\/p>\n<p><strong>Light My Fire LunchKit BIO<\/strong> &#8212; set de vesel\u0103 versatil \u0219i func\u021bional din 6 piese. Set str\u0103lucitor \u0219i practic pentru o persoan\u0103, pentru activit\u0103\u021bi recreative \u00een aer liber, camping \u0219i c\u0103l\u0103torii. Setul include recipiente pentru depozitarea alimentelor cu capace cu \u00eenchidere etan\u0219\u0103 cu z\u0103vor\u00e2re, care sunt ideale pentru c\u0103l\u0103torii \u0219i care, odat\u0103 despachetate, devin farfuriile \u0219i bolurile dvs.<\/p>\n<p>Deoarece vesela de unic\u0103 folosin\u021b\u0103, tuburile \u0219i alte materiale plastice cauzeaz\u0103 daune considerabile mediului, LMF a lansat seturi de vesel\u0103 reutilizabile. Acestea sunt concepute pentru a fi ecologice. Setul este fabricat din bioplastic 100% f\u0103r\u0103 BPA \u0219i este potrivit pentru cuptorul cu microunde \u0219i ma\u0219ina de sp\u0103lat vase.<\/p>\n<h3>Particularit\u0103\u021bi<\/h3>\n<ul>\n<li>Fabricat din bioplastic<\/li>\n<li>Convenabil \u0219i compact<\/li>\n<li>Include o pung\u0103 pentru o depozitare convenabil\u0103<\/li>\n<li>U\u0219or de cur\u0103\u021bat &#8212; f\u0103r\u0103 col\u021buri ascu\u021bite<\/li>\n<li>Se poate \u00eenc\u0103lzi la cuptorul cu microunde<\/li>\n<li>Se poate sp\u0103la \u00een ma\u0219ina de sp\u0103lat vase<\/li>\n<li>F\u0103r\u0103 bisfenol A.<\/li>\n<\/ul>\n<h3>Setul include<\/h3>\n<ul>\n<li>Farfurie mare cu capac &#8212; 900 ml<\/li>\n<li>Farfurie mic\u0103 cu capac &#8212; 500 ml<\/li>\n<li>Recipient oval cu capac &#8212; 320 ml<\/li>\n<li>Recipient mic cu capac &#8212; 170 ml<\/li>\n<li>Furculi\u021b\u0103 lingur\u0103<\/li>\n<li>Curea de transport<\/li>\n<li>Geant\u0103.<\/li>\n<\/ul>\n<h3>Caracteristici<\/h3>\n<ul>\n<li>Material &#8212; bioplastic pe baz\u0103 de porumb nemodificat genetic, trestie de zah\u0103r certificat\u0103 cu bioplastic pe baz\u0103 de fibre de lemn (cu excep\u021bia hamurilor)<\/li>\n<li>Dimensiuni &#8212; 200 x 200 x 65 mm<\/li>\n<li>Greutate &#8212; 326 g.<\/li>\n<\/ul>\n<h3>Tehnologie<\/h3>\n<ul>\n<li><strong>BPA<\/strong> \u2013 este un compus chimic organic \u0219i este utilizat pentru fabricarea materialelor plastice, a policarbonatului \u0219i a r\u0103\u0219inii epoxidice. De asemenea, este ad\u0103ugat la produsele din plastic \u0219i la conservele alimentare. Principalele propriet\u0103\u021bi ale bisfenolului-A sunt propriet\u0103\u021bile de \u00eent\u0103rire \u0219i antioxidante. BPA este capabil s\u0103 p\u0103trund\u0103 \u00een corpul uman nu numai cu ajutorul alimentelor \u0219i al apei, ci \u0219i prin piele \u0219i pl\u0103m\u00e2ni. Contactul prelungit al lichidelor \u0219i al alimentelor umede cu plasticul care con\u021bine bisfenol-A contribuie la eliberarea acestei substan\u021be \u00een alimente. \u00cenc\u0103lzirea unor astfel de recipiente accelereaz\u0103 semnificativ eliberarea de bisfenol-A. Aceast\u0103 can\u0103 este etichetat\u0103 bpa fre\u0435, ceea ce indic\u0103 faptul c\u0103 bisfenolul-A nu a fost utilizat la fabricarea acestui recipient.<\/li>\n<\/ul>\n<p><\/p>","protected":false},"excerpt":{"rendered":"<p>Set vesel\u0103 Light My Fire LunchKit BIO<\/p>","protected":false},"featured_media":77146,"comment_status":"open","ping_status":"closed","template":"","meta":{"_acf_changed":false,"inline_featured_image":false},"product_brand":[1280],"product_cat":[151],"product_tag":[],"class_list":{"0":"post-32113","1":"product","2":"type-product","3":"status-publish","4":"has-post-thumbnail","6":"product_brand-light-my-fire","7":"product_cat-bowls-and-mugs","9":"first","10":"outofstock","11":"shipping-taxable","12":"product-type-simple"},"acf":[],"yoast_head":"<!-- This site is optimized with the Yoast SEO plugin v27.2 - https:\/\/yoast.com\/product\/yoast-seo-wordpress\/ -->\n<title>\u041d\u0430\u0431\u043e\u0440 \u043f\u043e\u0441\u0443\u0434\u044b Light My Fire LunchKit BIO - \u041c\u0430\u0433\u0430\u0437\u0438\u043d Xstyle<\/title>\n<meta name=\"description\" content=\"\u041d\u0430\u0431\u043e\u0440 \u043f\u043e\u0441\u0443\u0434\u044b Light My Fire LunchKit BIO - \u0438\u0434\u0435\u0430\u043b\u044c\u043d\u044b\u0439 \u043a\u043e\u043c\u043f\u043b\u0435\u043a\u0442 \u0438\u0437 6 \u043f\u0440\u0435\u0434\u043c\u0435\u0442\u043e\u0432 \u0434\u043b\u044f \u043f\u0438\u043a\u043d\u0438\u043a\u043e\u0432 \u0438 \u043a\u0435\u043c\u043f\u0438\u043d\u0433\u0430. \u0411\u0435\u0437\u043e\u043f\u0430\u0441\u0435\u043d \u0434\u043b\u044f \u0437\u0434\u043e\u0440\u043e\u0432\u044c\u044f, BPA free, \u043f\u0440\u0430\u043a\u0442\u0438\u0447\u0435\u043d \u0438 \u0441\u0442\u0438\u043b\u044c\u043d\u044b\u0439!\" \/>\n<meta name=\"robots\" content=\"index, follow, max-snippet:-1, max-image-preview:large, max-video-preview:-1\" \/>\n<link rel=\"canonical\" href=\"https:\/\/xstyle.md\/ro\/produs\/nabor-posudy-light-my-fire-lunchkit-bio\/\" \/>\n<meta property=\"og:locale\" content=\"ro_RO\" \/>\n<meta property=\"og:type\" content=\"article\" \/>\n<meta property=\"og:title\" content=\"\u041d\u0430\u0431\u043e\u0440 \u043f\u043e\u0441\u0443\u0434\u044b Light My Fire LunchKit BIO - \u041c\u0430\u0433\u0430\u0437\u0438\u043d Xstyle\" \/>\n<meta property=\"og:description\" content=\"\u041d\u0430\u0431\u043e\u0440 \u043f\u043e\u0441\u0443\u0434\u044b Light My Fire LunchKit BIO - \u0438\u0434\u0435\u0430\u043b\u044c\u043d\u044b\u0439 \u043a\u043e\u043c\u043f\u043b\u0435\u043a\u0442 \u0438\u0437 6 \u043f\u0440\u0435\u0434\u043c\u0435\u0442\u043e\u0432 \u0434\u043b\u044f \u043f\u0438\u043a\u043d\u0438\u043a\u043e\u0432 \u0438 \u043a\u0435\u043c\u043f\u0438\u043d\u0433\u0430. \u0411\u0435\u0437\u043e\u043f\u0430\u0441\u0435\u043d \u0434\u043b\u044f \u0437\u0434\u043e\u0440\u043e\u0432\u044c\u044f, BPA free, \u043f\u0440\u0430\u043a\u0442\u0438\u0447\u0435\u043d \u0438 \u0441\u0442\u0438\u043b\u044c\u043d\u044b\u0439!\" \/>\n<meta property=\"og:url\" content=\"https:\/\/xstyle.md\/ro\/produs\/nabor-posudy-light-my-fire-lunchkit-bio\/\" \/>\n<meta property=\"og:site_name\" content=\"\u041c\u0430\u0433\u0430\u0437\u0438\u043d Xstyle\" \/>\n<meta property=\"article:publisher\" content=\"https:\/\/www.facebook.com\/xstylemd\" \/>\n<meta property=\"article:modified_time\" content=\"2026-03-19T13:25:38+00:00\" \/>\n<meta property=\"og:image\" content=\"https:\/\/xstyle.md\/wp-content\/uploads\/2021\/04\/light-my-fire-lunchkit-bio-dusty-pink.jpg\" \/>\n\t<meta property=\"og:image:width\" content=\"562\" \/>\n\t<meta property=\"og:image:height\" content=\"542\" \/>\n\t<meta property=\"og:image:type\" content=\"image\/jpeg\" \/>\n<meta name=\"twitter:card\" content=\"summary_large_image\" \/>\n<meta name=\"twitter:label1\" content=\"Pre\u021b\" \/>\n\t<meta name=\"twitter:data1\" content=\"435&nbsp;MDL\" \/>\n\t<meta name=\"twitter:label2\" content=\"Disponibilitate\" \/>\n\t<meta name=\"twitter:data2\" content=\"Stoc epuizat\" \/>\n<script type=\"application\/ld+json\" class=\"yoast-schema-graph\">{\"@context\":\"https:\/\/schema.org\",\"@graph\":[{\"@type\":\"WebPage\",\"@id\":\"https:\/\/xstyle.md\/product\/nabor-posudy-light-my-fire-lunchkit-bio\/\",\"url\":\"https:\/\/xstyle.md\/product\/nabor-posudy-light-my-fire-lunchkit-bio\/\",\"name\":\"\u041d\u0430\u0431\u043e\u0440 \u043f\u043e\u0441\u0443\u0434\u044b Light My Fire LunchKit BIO - \u041c\u0430\u0433\u0430\u0437\u0438\u043d Xstyle\",\"isPartOf\":{\"@id\":\"https:\/\/xstyle.md\/#website\"},\"primaryImageOfPage\":{\"@id\":\"https:\/\/xstyle.md\/product\/nabor-posudy-light-my-fire-lunchkit-bio\/#primaryimage\"},\"image\":{\"@id\":\"https:\/\/xstyle.md\/product\/nabor-posudy-light-my-fire-lunchkit-bio\/#primaryimage\"},\"thumbnailUrl\":\"https:\/\/xstyle.md\/wp-content\/uploads\/2021\/04\/light-my-fire-lunchkit-bio-dusty-pink.jpg\",\"datePublished\":\"2021-04-28T14:17:41+00:00\",\"dateModified\":\"2026-03-19T13:25:38+00:00\",\"description\":\"\u041d\u0430\u0431\u043e\u0440 \u043f\u043e\u0441\u0443\u0434\u044b Light My Fire LunchKit BIO - \u0438\u0434\u0435\u0430\u043b\u044c\u043d\u044b\u0439 \u043a\u043e\u043c\u043f\u043b\u0435\u043a\u0442 \u0438\u0437 6 \u043f\u0440\u0435\u0434\u043c\u0435\u0442\u043e\u0432 \u0434\u043b\u044f \u043f\u0438\u043a\u043d\u0438\u043a\u043e\u0432 \u0438 \u043a\u0435\u043c\u043f\u0438\u043d\u0433\u0430. \u0411\u0435\u0437\u043e\u043f\u0430\u0441\u0435\u043d \u0434\u043b\u044f \u0437\u0434\u043e\u0440\u043e\u0432\u044c\u044f, BPA free, \u043f\u0440\u0430\u043a\u0442\u0438\u0447\u0435\u043d \u0438 \u0441\u0442\u0438\u043b\u044c\u043d\u044b\u0439!\",\"breadcrumb\":{\"@id\":\"https:\/\/xstyle.md\/product\/nabor-posudy-light-my-fire-lunchkit-bio\/#breadcrumb\"},\"inLanguage\":\"ro-RO\",\"potentialAction\":[{\"@type\":\"ReadAction\",\"target\":[\"https:\/\/xstyle.md\/product\/nabor-posudy-light-my-fire-lunchkit-bio\/\"]}]},{\"@type\":\"ImageObject\",\"inLanguage\":\"ro-RO\",\"@id\":\"https:\/\/xstyle.md\/product\/nabor-posudy-light-my-fire-lunchkit-bio\/#primaryimage\",\"url\":\"https:\/\/xstyle.md\/wp-content\/uploads\/2021\/04\/light-my-fire-lunchkit-bio-dusty-pink.jpg\",\"contentUrl\":\"https:\/\/xstyle.md\/wp-content\/uploads\/2021\/04\/light-my-fire-lunchkit-bio-dusty-pink.jpg\",\"width\":562,\"height\":542,\"caption\":\"\u0422\u043e\u0432\u0430\u0440\u044b \u0434\u043b\u044f \u0430\u043a\u0442\u0438\u0432\u043d\u043e\u0433\u043e \u043e\u0442\u0434\u044b\u0445\u0430 \u0438 \u043f\u0443\u0442\u0435\u0448\u0435\u0441\u0442\u0432\u0438\u0439 \u043d\u0430 \u0441\u0430\u0439\u0442\u0435 \u0438\u043d\u0442\u0435\u0440\u043d\u0435\u0442-\u043c\u0430\u0433\u0430\u0437\u0438\u043d\u0430 \u0441 \u043d\u0430\u0431\u043e\u0440\u043e\u043c \u043f\u043e\u0441\u0443\u0434\u044b Light My Fire LunchKit BIO \u0434\u043b\u044f \u043f\u043e\u0445\u043e\u0434\u043e\u0432 \u0430\u043b\u044c\u043f\u0438\u043d\u0438\u0437\u043c\u0430 \u0438 \u043f\u0443\u0442\u0435\u0448\u0435\u0441\u0442\u0432\u0438\u0439\"},{\"@type\":\"BreadcrumbList\",\"@id\":\"https:\/\/xstyle.md\/product\/nabor-posudy-light-my-fire-lunchkit-bio\/#breadcrumb\",\"itemListElement\":[{\"@type\":\"ListItem\",\"position\":1,\"name\":\"\u0413\u043b\u0430\u0432\u043d\u0430\u044f \u0441\u0442\u0440\u0430\u043d\u0438\u0446\u0430\",\"item\":\"https:\/\/xstyle.md\/\"},{\"@type\":\"ListItem\",\"position\":2,\"name\":\"\u041c\u0430\u0433\u0430\u0437\u0438\u043d\",\"item\":\"https:\/\/xstyle.md\/shop\/\"},{\"@type\":\"ListItem\",\"position\":3,\"name\":\"\u041d\u0430\u0431\u043e\u0440 \u043f\u043e\u0441\u0443\u0434\u044b Light My Fire LunchKit BIO\"}]},{\"@type\":\"WebSite\",\"@id\":\"https:\/\/xstyle.md\/#website\",\"url\":\"https:\/\/xstyle.md\/\",\"name\":\"\u041c\u0430\u0433\u0430\u0437\u0438\u043d Xstyle\",\"description\":\"C\u043d\u0430\u0440\u044f\u0436\u0435\u043d\u0438\u0435 \u0434\u043b\u044f \u0442\u0443\u0440\u0438\u0437\u043c\u0430 \u0438 \u044d\u043a\u0441\u0442\u0440\u0435\u043c\u0430\u043b\u044c\u043d\u044b\u0445 \u0432\u0438\u0434\u043e\u0432 \u0441\u043f\u043e\u0440\u0442\u0430 \u0432 \u041c\u043e\u043b\u0434\u043e\u0432\u0435.. \u0426\u0435\u043d\u044b, \u0444\u043e\u0442\u043e, \u0445\u0430\u0440\u0430\u043a\u0442\u0435\u0440\u0438\u0441\u0442\u0438\u043a\u0438 \u0432 \u041c\u043e\u043b\u0434\u043e\u0432\u0435.\",\"publisher\":{\"@id\":\"https:\/\/xstyle.md\/#organization\"},\"alternateName\":\"X-Style\",\"potentialAction\":[{\"@type\":\"SearchAction\",\"target\":{\"@type\":\"EntryPoint\",\"urlTemplate\":\"https:\/\/xstyle.md\/?s={search_term_string}\"},\"query-input\":{\"@type\":\"PropertyValueSpecification\",\"valueRequired\":true,\"valueName\":\"search_term_string\"}}],\"inLanguage\":\"ro-RO\"},{\"@type\":\"Organization\",\"@id\":\"https:\/\/xstyle.md\/#organization\",\"name\":\"\u041c\u0430\u0433\u0430\u0437\u0438\u043d Xstyle\",\"alternateName\":\"x-style\",\"url\":\"https:\/\/xstyle.md\/\",\"logo\":{\"@type\":\"ImageObject\",\"inLanguage\":\"ro-RO\",\"@id\":\"https:\/\/xstyle.md\/#\/schema\/logo\/image\/\",\"url\":\"https:\/\/xstyle.md\/wp-content\/uploads\/2020\/06\/logoicon.svg\",\"contentUrl\":\"https:\/\/xstyle.md\/wp-content\/uploads\/2020\/06\/logoicon.svg\",\"caption\":\"\u041c\u0430\u0433\u0430\u0437\u0438\u043d Xstyle\"},\"image\":{\"@id\":\"https:\/\/xstyle.md\/#\/schema\/logo\/image\/\"},\"sameAs\":[\"https:\/\/www.facebook.com\/xstylemd\",\"https:\/\/www.instagram.com\/xstyle_md\/\",\"https:\/\/t.me\/xstyle_outdoor\"],\"hasMerchantReturnPolicy\":{\"@type\":\"MerchantReturnPolicy\",\"merchantReturnLink\":\"https:\/\/xstyle.md\/ro\/conditions\/\"}}]}<\/script>\n<meta property=\"product:price:amount\" content=\"435.00\" \/>\n<meta property=\"product:price:currency\" content=\"MDL\" \/>\n<meta property=\"og:availability\" content=\"out of stock\" \/>\n<meta property=\"product:availability\" content=\"out of stock\" \/>\n<meta property=\"product:retailer_item_id\" content=\"7331423011858\" \/>\n<meta property=\"product:condition\" content=\"new\" \/>\n<!-- \/ Yoast SEO plugin. -->","yoast_head_json":{"title":"Set vesel\u0103 Light My Fire LunchKit BIO - Magazin Xstyle","description":"Set de vase Light My Fire LunchKit BIO - un \u043a\u043e\u043c\u043f\u043b\u0435\u043a\u0442 ideal din 6 piese pentru picnicuri \u0219i camping. Sigur pentru s\u0103n\u0103tate, f\u0103r\u0103 BPA, practic \u0219i stilat!","robots":{"index":"index","follow":"follow","max-snippet":"max-snippet:-1","max-image-preview":"max-image-preview:large","max-video-preview":"max-video-preview:-1"},"canonical":"https:\/\/xstyle.md\/ro\/produs\/nabor-posudy-light-my-fire-lunchkit-bio\/","og_locale":"ro_RO","og_type":"article","og_title":"\u041d\u0430\u0431\u043e\u0440 \u043f\u043e\u0441\u0443\u0434\u044b Light My Fire LunchKit BIO - \u041c\u0430\u0433\u0430\u0437\u0438\u043d Xstyle","og_description":"\u041d\u0430\u0431\u043e\u0440 \u043f\u043e\u0441\u0443\u0434\u044b Light My Fire LunchKit BIO - \u0438\u0434\u0435\u0430\u043b\u044c\u043d\u044b\u0439 \u043a\u043e\u043c\u043f\u043b\u0435\u043a\u0442 \u0438\u0437 6 \u043f\u0440\u0435\u0434\u043c\u0435\u0442\u043e\u0432 \u0434\u043b\u044f \u043f\u0438\u043a\u043d\u0438\u043a\u043e\u0432 \u0438 \u043a\u0435\u043c\u043f\u0438\u043d\u0433\u0430. \u0411\u0435\u0437\u043e\u043f\u0430\u0441\u0435\u043d \u0434\u043b\u044f \u0437\u0434\u043e\u0440\u043e\u0432\u044c\u044f, BPA free, \u043f\u0440\u0430\u043a\u0442\u0438\u0447\u0435\u043d \u0438 \u0441\u0442\u0438\u043b\u044c\u043d\u044b\u0439!","og_url":"https:\/\/xstyle.md\/ro\/produs\/nabor-posudy-light-my-fire-lunchkit-bio\/","og_site_name":"\u041c\u0430\u0433\u0430\u0437\u0438\u043d Xstyle","article_publisher":"https:\/\/www.facebook.com\/xstylemd","article_modified_time":"2026-03-19T13:25:38+00:00","og_image":[{"width":562,"height":542,"url":"https:\/\/xstyle.md\/wp-content\/uploads\/2021\/04\/light-my-fire-lunchkit-bio-dusty-pink.jpg","type":"image\/jpeg"}],"twitter_card":"summary_large_image","twitter_misc":{"Pre\u021b":"435&nbsp;MDL","Disponibilitate":"Stoc epuizat"},"schema":{"@context":"https:\/\/schema.org","@graph":[{"@type":"WebPage","@id":"https:\/\/xstyle.md\/product\/nabor-posudy-light-my-fire-lunchkit-bio\/","url":"https:\/\/xstyle.md\/product\/nabor-posudy-light-my-fire-lunchkit-bio\/","name":"Set vesel\u0103 Light My Fire LunchKit BIO - Magazin Xstyle","isPartOf":{"@id":"https:\/\/xstyle.md\/#website"},"primaryImageOfPage":{"@id":"https:\/\/xstyle.md\/product\/nabor-posudy-light-my-fire-lunchkit-bio\/#primaryimage"},"image":{"@id":"https:\/\/xstyle.md\/product\/nabor-posudy-light-my-fire-lunchkit-bio\/#primaryimage"},"thumbnailUrl":"https:\/\/xstyle.md\/wp-content\/uploads\/2021\/04\/light-my-fire-lunchkit-bio-dusty-pink.jpg","datePublished":"2021-04-28T14:17:41+00:00","dateModified":"2026-03-19T13:25:38+00:00","description":"Set de vase Light My Fire LunchKit BIO - un \u043a\u043e\u043c\u043f\u043b\u0435\u043a\u0442 ideal din 6 piese pentru picnicuri \u0219i camping. Sigur pentru s\u0103n\u0103tate, f\u0103r\u0103 BPA, practic \u0219i stilat!","breadcrumb":{"@id":"https:\/\/xstyle.md\/product\/nabor-posudy-light-my-fire-lunchkit-bio\/#breadcrumb"},"inLanguage":"ro-RO","potentialAction":[{"@type":"ReadAction","target":["https:\/\/xstyle.md\/product\/nabor-posudy-light-my-fire-lunchkit-bio\/"]}]},{"@type":"ImageObject","inLanguage":"ro-RO","@id":"https:\/\/xstyle.md\/product\/nabor-posudy-light-my-fire-lunchkit-bio\/#primaryimage","url":"https:\/\/xstyle.md\/wp-content\/uploads\/2021\/04\/light-my-fire-lunchkit-bio-dusty-pink.jpg","contentUrl":"https:\/\/xstyle.md\/wp-content\/uploads\/2021\/04\/light-my-fire-lunchkit-bio-dusty-pink.jpg","width":562,"height":542,"caption":"\u0422\u043e\u0432\u0430\u0440\u044b \u0434\u043b\u044f \u0430\u043a\u0442\u0438\u0432\u043d\u043e\u0433\u043e \u043e\u0442\u0434\u044b\u0445\u0430 \u0438 \u043f\u0443\u0442\u0435\u0448\u0435\u0441\u0442\u0432\u0438\u0439 \u043d\u0430 \u0441\u0430\u0439\u0442\u0435 \u0438\u043d\u0442\u0435\u0440\u043d\u0435\u0442-\u043c\u0430\u0433\u0430\u0437\u0438\u043d\u0430 \u0441 \u043d\u0430\u0431\u043e\u0440\u043e\u043c \u043f\u043e\u0441\u0443\u0434\u044b Light My Fire LunchKit BIO \u0434\u043b\u044f \u043f\u043e\u0445\u043e\u0434\u043e\u0432 \u0430\u043b\u044c\u043f\u0438\u043d\u0438\u0437\u043c\u0430 \u0438 \u043f\u0443\u0442\u0435\u0448\u0435\u0441\u0442\u0432\u0438\u0439"},{"@type":"BreadcrumbList","@id":"https:\/\/xstyle.md\/product\/nabor-posudy-light-my-fire-lunchkit-bio\/#breadcrumb","itemListElement":[{"@type":"ListItem","position":1,"name":"\u0413\u043b\u0430\u0432\u043d\u0430\u044f \u0441\u0442\u0440\u0430\u043d\u0438\u0446\u0430","item":"https:\/\/xstyle.md\/"},{"@type":"ListItem","position":2,"name":"\u041c\u0430\u0433\u0430\u0437\u0438\u043d","item":"https:\/\/xstyle.md\/shop\/"},{"@type":"ListItem","position":3,"name":"\u041d\u0430\u0431\u043e\u0440 \u043f\u043e\u0441\u0443\u0434\u044b Light My Fire LunchKit BIO"}]},{"@type":"WebSite","@id":"https:\/\/xstyle.md\/#website","url":"https:\/\/xstyle.md\/","name":"Magazinul X-Style","description":"Echipamente pentru turism \u0219i sporturi extreme \u00een Moldova. Pre\u021buri, fotografii, caracteristici \u00een Moldova.","publisher":{"@id":"https:\/\/xstyle.md\/#organization"},"alternateName":"X-Style","potentialAction":[{"@type":"SearchAction","target":{"@type":"EntryPoint","urlTemplate":"https:\/\/xstyle.md\/?s={search_term_string}"},"query-input":{"@type":"PropertyValueSpecification","valueRequired":true,"valueName":"search_term_string"}}],"inLanguage":"ro-RO"},{"@type":"Organization","@id":"https:\/\/xstyle.md\/#organization","name":"Magazinul X-Style","alternateName":"x-style","url":"https:\/\/xstyle.md\/","logo":{"@type":"ImageObject","inLanguage":"ro-RO","@id":"https:\/\/xstyle.md\/#\/schema\/logo\/image\/","url":"https:\/\/xstyle.md\/wp-content\/uploads\/2020\/06\/logoicon.svg","contentUrl":"https:\/\/xstyle.md\/wp-content\/uploads\/2020\/06\/logoicon.svg","caption":"\u041c\u0430\u0433\u0430\u0437\u0438\u043d Xstyle"},"image":{"@id":"https:\/\/xstyle.md\/#\/schema\/logo\/image\/"},"sameAs":["https:\/\/www.facebook.com\/xstylemd","https:\/\/www.instagram.com\/xstyle_md\/","https:\/\/t.me\/xstyle_outdoor"],"hasMerchantReturnPolicy":{"@type":"MerchantReturnPolicy","merchantReturnLink":"https:\/\/xstyle.md\/ro\/conditions\/"}}]},"product_price_amount":"435.00","product_price_currency":"MDL","og_availability":"out of stock","product_availability":"out of stock","product_retailer_item_id":"7331423011858","product_condition":"new"},"post_mailing_queue_ids":[],"_links":{"self":[{"href":"https:\/\/xstyle.md\/ro\/wp-json\/wp\/v2\/product\/32113","targetHints":{"allow":["GET"]}}],"collection":[{"href":"https:\/\/xstyle.md\/ro\/wp-json\/wp\/v2\/product"}],"about":[{"href":"https:\/\/xstyle.md\/ro\/wp-json\/wp\/v2\/types\/product"}],"replies":[{"embeddable":true,"href":"https:\/\/xstyle.md\/ro\/wp-json\/wp\/v2\/comments?post=32113"}],"wp:featuredmedia":[{"embeddable":true,"href":"https:\/\/xstyle.md\/ro\/wp-json\/wp\/v2\/media\/77146"}],"wp:attachment":[{"href":"https:\/\/xstyle.md\/ro\/wp-json\/wp\/v2\/media?parent=32113"}],"wp:term":[{"taxonomy":"product_brand","embeddable":true,"href":"https:\/\/xstyle.md\/ro\/wp-json\/wp\/v2\/product_brand?post=32113"},{"taxonomy":"product_cat","embeddable":true,"href":"https:\/\/xstyle.md\/ro\/wp-json\/wp\/v2\/product_cat?post=32113"},{"taxonomy":"product_tag","embeddable":true,"href":"https:\/\/xstyle.md\/ro\/wp-json\/wp\/v2\/product_tag?post=32113"}],"curies":[{"name":"wp","href":"https:\/\/api.w.org\/{rel}","templated":true}]}}