{"id":31966,"date":"2021-04-28T17:13:11","date_gmt":"2021-04-28T14:13:11","guid":{"rendered":"https:\/\/xstyle.md\/product\/lampa-petromax-500-hk-brass-polished\/"},"modified":"2024-10-02T23:27:09","modified_gmt":"2024-10-02T20:27:09","slug":"lampa-petromax-500-hk-brass-polished","status":"publish","type":"product","link":"https:\/\/xstyle.md\/ro\/produs\/lampa-petromax-500-hk-brass-polished\/","title":{"rendered":"Lamp\u0103 Petromax 500 HK brass polished"},"content":{"rendered":"<\/p>\n<p><strong>Petromax 500 HK brass polished<\/strong> &#8212; una dintre cele mai renumite l\u0103mpi din lume. Cu o putere luminoas\u0103 impresionant\u0103 de 400 W, lampa combin\u0103 o tehnologie unic\u0103 cu un design elegant. Datorit\u0103 luminii sale str\u0103lucitoare, lampa robust\u0103 nu numai c\u0103 fascineaz\u0103 iubitorii de design retro, c\u0103l\u0103torii \u0219i pasiona\u021bii de activit\u0103\u021bi \u00een aer liber, dar este folosit\u0103 \u0219i de organiza\u021biile de ajutor umanitar \u0219i de for\u021bele armate. Datorit\u0103 sticlei de borosilicat rezistente la c\u0103ldur\u0103 produs\u0103 de Schott, lampa este o surs\u0103 de lumin\u0103 fiabil\u0103, care poate fi utilizat\u0103 \u00een orice vreme.<\/p>\n<p>Fluxul luminos superb al l\u0103mpii Petromax este rezultatul unui principiu simplu, dar fascinant: parafina presurizat\u0103 este introdus\u0103 \u00een carburator, unde combustibilul vaporizat reac\u021bioneaz\u0103 cu un \u00eenveli\u0219 impregnat cu sare luminoas\u0103 pentru a produce o lumin\u0103 str\u0103lucitoare \u0219i cald\u0103. Pentru a se asigura c\u0103 acest principiu func\u021bioneaz\u0103 perfect, cele peste 200 de p\u0103r\u021bi componente ale l\u0103mpii sunt \u00eenc\u0103 asamblate manual. Pe l\u00e2ng\u0103 diverse reflectoare, saci de depozitare \u0219i de transport, l\u0103mpile Petromax pot fi dotate cu multe alte accesorii. De exemplu, ele pot fi transformate \u00eentr-o sob\u0103 sau \u00eentr-un radiator.<\/p>\n<h3>Particularit\u0103\u021bi<\/h3>\n<ul>\n<li>Lampa este fabricat\u0103 din alam\u0103 masiv\u0103<\/li>\n<li>Cilindrul este alc\u0103tuit din sticl\u0103 rezistent\u0103 la c\u0103ldur\u0103, ceea ce permite ca lampa s\u0103 fie utilizat\u0103 eficient indiferent de v\u00e2nt \u0219i de vreme<\/li>\n<li>Lampa poate servi drept sob\u0103 sau radiator \u0219i pute\u021bi chiar g\u0103ti pe ea<\/li>\n<li>Exist\u0103 o pung\u0103 pentru depozitare \u0219i transport.<\/li>\n<\/ul>\n<h3>Caracteristici<\/h3>\n<ul>\n<li>Tip &#8212; lamp\u0103 de \u00eenalt\u0103 presiune<\/li>\n<li>Timp de ardere &#8212; 8 ore<\/li>\n<li>Combustibil &#8212; parafin\u0103, parafin\u0103<\/li>\n<li>Volumul rezervorului &#8212; 1 litru<\/li>\n<li>Material &#8212; alam\u0103 lustruit\u0103<\/li>\n<li>Putere de ie\u0219ire &#8212; 400 W.<\/li>\n<\/ul>\n<h3>Marca<\/h3>\n<p>Petromax este unul dintre cei mai importan\u021bi produc\u0103tori germani de echipamente de g\u0103tit \u0219i de locuit \u00een aer liber, iar gama sa de produse coordonate combin\u0103 \u00een mod unic tradi\u021bia \u0219i inova\u021bia. Toate produsele Petromax se caracterizeaz\u0103 prin calitate superioar\u0103, durabilitate, detalii bine g\u00e2ndite \u0219i sunt concepute pentru to\u021bi cei care caut\u0103 compensa\u021bii pentru rutina lor \u00een aer liber \u0219i, prin urmare, pentru campingul \u00een aer liber. Lumea produselor Petromax se concentreaz\u0103 pe explorarea naturii neatinse folosind echipamente tradi\u021bionale, dar bine concepute.<\/p>\n<p><\/p>","protected":false},"excerpt":{"rendered":"<p>Lamp\u0103 Petromax 500 HK brass polished<\/p>","protected":false},"featured_media":31957,"comment_status":"open","ping_status":"closed","template":"","meta":{"_acf_changed":false,"inline_featured_image":false},"product_brand":[1420],"product_cat":[842],"product_tag":[],"class_list":{"0":"post-31966","1":"product","2":"type-product","3":"status-publish","4":"has-post-thumbnail","6":"product_brand-petromax","7":"product_cat-gas-lamps","9":"first","10":"instock","11":"shipping-taxable","12":"purchasable","13":"product-type-simple"},"acf":[],"yoast_head":"<!-- This site is optimized with the Yoast SEO plugin v27.2 - https:\/\/yoast.com\/product\/yoast-seo-wordpress\/ -->\n<title>\u041b\u0430\u043c\u043f\u0430 Petromax 500 HK brass polished - \u041c\u0430\u0433\u0430\u0437\u0438\u043d Xstyle<\/title>\n<meta name=\"description\" content=\"\u041b\u0430\u043c\u043f\u0430 Petromax 500 HK \u0438\u0437 \u043f\u043e\u043b\u0438\u0440\u043e\u0432\u0430\u043d\u043d\u043e\u0433\u043e \u043b\u0430\u0442\u0443\u043d\u043d\u043e\u0433\u043e \u043a\u043e\u0440\u043f\u0443\u0441\u0430 \u0441 \u043c\u043e\u0449\u043d\u043e\u0441\u0442\u044c\u044e 400 \u0412\u0442. \u0418\u0434\u0435\u0430\u043b\u044c\u043d\u0430 \u0434\u043b\u044f \u043b\u044e\u0431\u0438\u0442\u0435\u043b\u0435\u0439 \u0440\u0435\u0442\u0440\u043e-\u0434\u0438\u0437\u0430\u0439\u043d\u0430 \u0438 \u0430\u043a\u0442\u0438\u0432\u043d\u043e\u0433\u043e \u043e\u0442\u0434\u044b\u0445\u0430 \u043d\u0430 \u043f\u0440\u0438\u0440\u043e\u0434\u0435.\" \/>\n<meta name=\"robots\" content=\"index, follow, max-snippet:-1, max-image-preview:large, max-video-preview:-1\" \/>\n<link rel=\"canonical\" href=\"https:\/\/xstyle.md\/ro\/produs\/lampa-petromax-500-hk-brass-polished\/\" \/>\n<meta property=\"og:locale\" content=\"ro_RO\" \/>\n<meta property=\"og:type\" content=\"article\" \/>\n<meta property=\"og:title\" content=\"\u041b\u0430\u043c\u043f\u0430 Petromax 500 HK brass polished - \u041c\u0430\u0433\u0430\u0437\u0438\u043d Xstyle\" \/>\n<meta property=\"og:description\" content=\"\u041b\u0430\u043c\u043f\u0430 Petromax 500 HK \u0438\u0437 \u043f\u043e\u043b\u0438\u0440\u043e\u0432\u0430\u043d\u043d\u043e\u0433\u043e \u043b\u0430\u0442\u0443\u043d\u043d\u043e\u0433\u043e \u043a\u043e\u0440\u043f\u0443\u0441\u0430 \u0441 \u043c\u043e\u0449\u043d\u043e\u0441\u0442\u044c\u044e 400 \u0412\u0442. \u0418\u0434\u0435\u0430\u043b\u044c\u043d\u0430 \u0434\u043b\u044f \u043b\u044e\u0431\u0438\u0442\u0435\u043b\u0435\u0439 \u0440\u0435\u0442\u0440\u043e-\u0434\u0438\u0437\u0430\u0439\u043d\u0430 \u0438 \u0430\u043a\u0442\u0438\u0432\u043d\u043e\u0433\u043e \u043e\u0442\u0434\u044b\u0445\u0430 \u043d\u0430 \u043f\u0440\u0438\u0440\u043e\u0434\u0435.\" \/>\n<meta property=\"og:url\" content=\"https:\/\/xstyle.md\/ro\/produs\/lampa-petromax-500-hk-brass-polished\/\" \/>\n<meta property=\"og:site_name\" content=\"\u041c\u0430\u0433\u0430\u0437\u0438\u043d Xstyle\" \/>\n<meta property=\"article:publisher\" content=\"https:\/\/www.facebook.com\/xstylemd\" \/>\n<meta property=\"article:modified_time\" content=\"2024-10-02T20:27:09+00:00\" \/>\n<meta property=\"og:image\" content=\"https:\/\/xstyle.md\/wp-content\/uploads\/2021\/04\/petromax_500_hk_brass_polished.jpg\" \/>\n\t<meta property=\"og:image:width\" content=\"481\" \/>\n\t<meta property=\"og:image:height\" content=\"1220\" \/>\n\t<meta property=\"og:image:type\" content=\"image\/jpeg\" \/>\n<meta name=\"twitter:card\" content=\"summary_large_image\" \/>\n<meta name=\"twitter:label1\" content=\"Pre\u021b\" \/>\n\t<meta name=\"twitter:data1\" content=\"6.590&nbsp;MDL\" \/>\n\t<meta name=\"twitter:label2\" content=\"Disponibilitate\" \/>\n\t<meta name=\"twitter:data2\" content=\"\u00cen stoc\" \/>\n<script type=\"application\/ld+json\" class=\"yoast-schema-graph\">{\"@context\":\"https:\/\/schema.org\",\"@graph\":[{\"@type\":\"WebPage\",\"@id\":\"https:\/\/xstyle.md\/product\/lampa-petromax-500-hk-brass-polished\/\",\"url\":\"https:\/\/xstyle.md\/product\/lampa-petromax-500-hk-brass-polished\/\",\"name\":\"\u041b\u0430\u043c\u043f\u0430 Petromax 500 HK brass polished - \u041c\u0430\u0433\u0430\u0437\u0438\u043d Xstyle\",\"isPartOf\":{\"@id\":\"https:\/\/xstyle.md\/#website\"},\"primaryImageOfPage\":{\"@id\":\"https:\/\/xstyle.md\/product\/lampa-petromax-500-hk-brass-polished\/#primaryimage\"},\"image\":{\"@id\":\"https:\/\/xstyle.md\/product\/lampa-petromax-500-hk-brass-polished\/#primaryimage\"},\"thumbnailUrl\":\"https:\/\/xstyle.md\/wp-content\/uploads\/2021\/04\/petromax_500_hk_brass_polished.jpg\",\"datePublished\":\"2021-04-28T14:13:11+00:00\",\"dateModified\":\"2024-10-02T20:27:09+00:00\",\"description\":\"\u041b\u0430\u043c\u043f\u0430 Petromax 500 HK \u0438\u0437 \u043f\u043e\u043b\u0438\u0440\u043e\u0432\u0430\u043d\u043d\u043e\u0433\u043e \u043b\u0430\u0442\u0443\u043d\u043d\u043e\u0433\u043e \u043a\u043e\u0440\u043f\u0443\u0441\u0430 \u0441 \u043c\u043e\u0449\u043d\u043e\u0441\u0442\u044c\u044e 400 \u0412\u0442. \u0418\u0434\u0435\u0430\u043b\u044c\u043d\u0430 \u0434\u043b\u044f \u043b\u044e\u0431\u0438\u0442\u0435\u043b\u0435\u0439 \u0440\u0435\u0442\u0440\u043e-\u0434\u0438\u0437\u0430\u0439\u043d\u0430 \u0438 \u0430\u043a\u0442\u0438\u0432\u043d\u043e\u0433\u043e \u043e\u0442\u0434\u044b\u0445\u0430 \u043d\u0430 \u043f\u0440\u0438\u0440\u043e\u0434\u0435.\",\"breadcrumb\":{\"@id\":\"https:\/\/xstyle.md\/product\/lampa-petromax-500-hk-brass-polished\/#breadcrumb\"},\"inLanguage\":\"ro-RO\",\"potentialAction\":[{\"@type\":\"ReadAction\",\"target\":[\"https:\/\/xstyle.md\/product\/lampa-petromax-500-hk-brass-polished\/\"]}]},{\"@type\":\"ImageObject\",\"inLanguage\":\"ro-RO\",\"@id\":\"https:\/\/xstyle.md\/product\/lampa-petromax-500-hk-brass-polished\/#primaryimage\",\"url\":\"https:\/\/xstyle.md\/wp-content\/uploads\/2021\/04\/petromax_500_hk_brass_polished.jpg\",\"contentUrl\":\"https:\/\/xstyle.md\/wp-content\/uploads\/2021\/04\/petromax_500_hk_brass_polished.jpg\",\"width\":481,\"height\":1220},{\"@type\":\"BreadcrumbList\",\"@id\":\"https:\/\/xstyle.md\/product\/lampa-petromax-500-hk-brass-polished\/#breadcrumb\",\"itemListElement\":[{\"@type\":\"ListItem\",\"position\":1,\"name\":\"\u0413\u043b\u0430\u0432\u043d\u0430\u044f \u0441\u0442\u0440\u0430\u043d\u0438\u0446\u0430\",\"item\":\"https:\/\/xstyle.md\/\"},{\"@type\":\"ListItem\",\"position\":2,\"name\":\"\u041c\u0430\u0433\u0430\u0437\u0438\u043d\",\"item\":\"https:\/\/xstyle.md\/shop\/\"},{\"@type\":\"ListItem\",\"position\":3,\"name\":\"\u041b\u0430\u043c\u043f\u0430 Petromax 500 HK brass polished\"}]},{\"@type\":\"WebSite\",\"@id\":\"https:\/\/xstyle.md\/#website\",\"url\":\"https:\/\/xstyle.md\/\",\"name\":\"\u041c\u0430\u0433\u0430\u0437\u0438\u043d Xstyle\",\"description\":\"C\u043d\u0430\u0440\u044f\u0436\u0435\u043d\u0438\u0435 \u0434\u043b\u044f \u0442\u0443\u0440\u0438\u0437\u043c\u0430 \u0438 \u044d\u043a\u0441\u0442\u0440\u0435\u043c\u0430\u043b\u044c\u043d\u044b\u0445 \u0432\u0438\u0434\u043e\u0432 \u0441\u043f\u043e\u0440\u0442\u0430 \u0432 \u041c\u043e\u043b\u0434\u043e\u0432\u0435.. \u0426\u0435\u043d\u044b, \u0444\u043e\u0442\u043e, \u0445\u0430\u0440\u0430\u043a\u0442\u0435\u0440\u0438\u0441\u0442\u0438\u043a\u0438 \u0432 \u041c\u043e\u043b\u0434\u043e\u0432\u0435.\",\"publisher\":{\"@id\":\"https:\/\/xstyle.md\/#organization\"},\"alternateName\":\"X-Style\",\"potentialAction\":[{\"@type\":\"SearchAction\",\"target\":{\"@type\":\"EntryPoint\",\"urlTemplate\":\"https:\/\/xstyle.md\/?s={search_term_string}\"},\"query-input\":{\"@type\":\"PropertyValueSpecification\",\"valueRequired\":true,\"valueName\":\"search_term_string\"}}],\"inLanguage\":\"ro-RO\"},{\"@type\":\"Organization\",\"@id\":\"https:\/\/xstyle.md\/#organization\",\"name\":\"\u041c\u0430\u0433\u0430\u0437\u0438\u043d Xstyle\",\"alternateName\":\"x-style\",\"url\":\"https:\/\/xstyle.md\/\",\"logo\":{\"@type\":\"ImageObject\",\"inLanguage\":\"ro-RO\",\"@id\":\"https:\/\/xstyle.md\/#\/schema\/logo\/image\/\",\"url\":\"https:\/\/xstyle.md\/wp-content\/uploads\/2020\/06\/logoicon.svg\",\"contentUrl\":\"https:\/\/xstyle.md\/wp-content\/uploads\/2020\/06\/logoicon.svg\",\"caption\":\"\u041c\u0430\u0433\u0430\u0437\u0438\u043d Xstyle\"},\"image\":{\"@id\":\"https:\/\/xstyle.md\/#\/schema\/logo\/image\/\"},\"sameAs\":[\"https:\/\/www.facebook.com\/xstylemd\",\"https:\/\/www.instagram.com\/xstyle_md\/\",\"https:\/\/t.me\/xstyle_outdoor\"],\"hasMerchantReturnPolicy\":{\"@type\":\"MerchantReturnPolicy\",\"merchantReturnLink\":\"https:\/\/xstyle.md\/ro\/conditions\/\"}}]}<\/script>\n<meta property=\"product:price:amount\" content=\"6590.00\" \/>\n<meta property=\"product:price:currency\" content=\"MDL\" \/>\n<meta property=\"og:availability\" content=\"instock\" \/>\n<meta property=\"product:availability\" content=\"instock\" \/>\n<meta property=\"product:retailer_item_id\" content=\"4250435700020\" \/>\n<meta property=\"product:condition\" content=\"new\" \/>\n<!-- \/ Yoast SEO plugin. -->","yoast_head_json":{"title":"Lamp\u0103 Petromax 500 HK brass polished - Magazin Xstyle","description":"Lampa Petromax 500 HK din corp din alam\u0103 lustruit\u0103 cu o putere de 400 W. Ideal\u0103 pentru iubitorii de design retro \u0219i activit\u0103\u021bi recreative \u00een natur\u0103.","robots":{"index":"index","follow":"follow","max-snippet":"max-snippet:-1","max-image-preview":"max-image-preview:large","max-video-preview":"max-video-preview:-1"},"canonical":"https:\/\/xstyle.md\/ro\/produs\/lampa-petromax-500-hk-brass-polished\/","og_locale":"ro_RO","og_type":"article","og_title":"\u041b\u0430\u043c\u043f\u0430 Petromax 500 HK brass polished - \u041c\u0430\u0433\u0430\u0437\u0438\u043d Xstyle","og_description":"\u041b\u0430\u043c\u043f\u0430 Petromax 500 HK \u0438\u0437 \u043f\u043e\u043b\u0438\u0440\u043e\u0432\u0430\u043d\u043d\u043e\u0433\u043e \u043b\u0430\u0442\u0443\u043d\u043d\u043e\u0433\u043e \u043a\u043e\u0440\u043f\u0443\u0441\u0430 \u0441 \u043c\u043e\u0449\u043d\u043e\u0441\u0442\u044c\u044e 400 \u0412\u0442. \u0418\u0434\u0435\u0430\u043b\u044c\u043d\u0430 \u0434\u043b\u044f \u043b\u044e\u0431\u0438\u0442\u0435\u043b\u0435\u0439 \u0440\u0435\u0442\u0440\u043e-\u0434\u0438\u0437\u0430\u0439\u043d\u0430 \u0438 \u0430\u043a\u0442\u0438\u0432\u043d\u043e\u0433\u043e \u043e\u0442\u0434\u044b\u0445\u0430 \u043d\u0430 \u043f\u0440\u0438\u0440\u043e\u0434\u0435.","og_url":"https:\/\/xstyle.md\/ro\/produs\/lampa-petromax-500-hk-brass-polished\/","og_site_name":"\u041c\u0430\u0433\u0430\u0437\u0438\u043d Xstyle","article_publisher":"https:\/\/www.facebook.com\/xstylemd","article_modified_time":"2024-10-02T20:27:09+00:00","og_image":[{"width":481,"height":1220,"url":"https:\/\/xstyle.md\/wp-content\/uploads\/2021\/04\/petromax_500_hk_brass_polished.jpg","type":"image\/jpeg"}],"twitter_card":"summary_large_image","twitter_misc":{"Pre\u021b":"6.590&nbsp;MDL","Disponibilitate":"\u00cen stoc"},"schema":{"@context":"https:\/\/schema.org","@graph":[{"@type":"WebPage","@id":"https:\/\/xstyle.md\/product\/lampa-petromax-500-hk-brass-polished\/","url":"https:\/\/xstyle.md\/product\/lampa-petromax-500-hk-brass-polished\/","name":"Lamp\u0103 Petromax 500 HK brass polished - Magazin Xstyle","isPartOf":{"@id":"https:\/\/xstyle.md\/#website"},"primaryImageOfPage":{"@id":"https:\/\/xstyle.md\/product\/lampa-petromax-500-hk-brass-polished\/#primaryimage"},"image":{"@id":"https:\/\/xstyle.md\/product\/lampa-petromax-500-hk-brass-polished\/#primaryimage"},"thumbnailUrl":"https:\/\/xstyle.md\/wp-content\/uploads\/2021\/04\/petromax_500_hk_brass_polished.jpg","datePublished":"2021-04-28T14:13:11+00:00","dateModified":"2024-10-02T20:27:09+00:00","description":"Lampa Petromax 500 HK din corp din alam\u0103 lustruit\u0103 cu o putere de 400 W. Ideal\u0103 pentru iubitorii de design retro \u0219i activit\u0103\u021bi recreative \u00een natur\u0103.","breadcrumb":{"@id":"https:\/\/xstyle.md\/product\/lampa-petromax-500-hk-brass-polished\/#breadcrumb"},"inLanguage":"ro-RO","potentialAction":[{"@type":"ReadAction","target":["https:\/\/xstyle.md\/product\/lampa-petromax-500-hk-brass-polished\/"]}]},{"@type":"ImageObject","inLanguage":"ro-RO","@id":"https:\/\/xstyle.md\/product\/lampa-petromax-500-hk-brass-polished\/#primaryimage","url":"https:\/\/xstyle.md\/wp-content\/uploads\/2021\/04\/petromax_500_hk_brass_polished.jpg","contentUrl":"https:\/\/xstyle.md\/wp-content\/uploads\/2021\/04\/petromax_500_hk_brass_polished.jpg","width":481,"height":1220},{"@type":"BreadcrumbList","@id":"https:\/\/xstyle.md\/product\/lampa-petromax-500-hk-brass-polished\/#breadcrumb","itemListElement":[{"@type":"ListItem","position":1,"name":"\u0413\u043b\u0430\u0432\u043d\u0430\u044f \u0441\u0442\u0440\u0430\u043d\u0438\u0446\u0430","item":"https:\/\/xstyle.md\/"},{"@type":"ListItem","position":2,"name":"\u041c\u0430\u0433\u0430\u0437\u0438\u043d","item":"https:\/\/xstyle.md\/shop\/"},{"@type":"ListItem","position":3,"name":"\u041b\u0430\u043c\u043f\u0430 Petromax 500 HK brass polished"}]},{"@type":"WebSite","@id":"https:\/\/xstyle.md\/#website","url":"https:\/\/xstyle.md\/","name":"Magazinul X-Style","description":"Echipamente pentru turism \u0219i sporturi extreme \u00een Moldova. Pre\u021buri, fotografii, caracteristici \u00een Moldova.","publisher":{"@id":"https:\/\/xstyle.md\/#organization"},"alternateName":"X-Style","potentialAction":[{"@type":"SearchAction","target":{"@type":"EntryPoint","urlTemplate":"https:\/\/xstyle.md\/?s={search_term_string}"},"query-input":{"@type":"PropertyValueSpecification","valueRequired":true,"valueName":"search_term_string"}}],"inLanguage":"ro-RO"},{"@type":"Organization","@id":"https:\/\/xstyle.md\/#organization","name":"Magazinul X-Style","alternateName":"x-style","url":"https:\/\/xstyle.md\/","logo":{"@type":"ImageObject","inLanguage":"ro-RO","@id":"https:\/\/xstyle.md\/#\/schema\/logo\/image\/","url":"https:\/\/xstyle.md\/wp-content\/uploads\/2020\/06\/logoicon.svg","contentUrl":"https:\/\/xstyle.md\/wp-content\/uploads\/2020\/06\/logoicon.svg","caption":"\u041c\u0430\u0433\u0430\u0437\u0438\u043d Xstyle"},"image":{"@id":"https:\/\/xstyle.md\/#\/schema\/logo\/image\/"},"sameAs":["https:\/\/www.facebook.com\/xstylemd","https:\/\/www.instagram.com\/xstyle_md\/","https:\/\/t.me\/xstyle_outdoor"],"hasMerchantReturnPolicy":{"@type":"MerchantReturnPolicy","merchantReturnLink":"https:\/\/xstyle.md\/ro\/conditions\/"}}]},"product_price_amount":"6590.00","product_price_currency":"MDL","og_availability":"instock","product_availability":"instock","product_retailer_item_id":"4250435700020","product_condition":"new"},"post_mailing_queue_ids":[],"_links":{"self":[{"href":"https:\/\/xstyle.md\/ro\/wp-json\/wp\/v2\/product\/31966","targetHints":{"allow":["GET"]}}],"collection":[{"href":"https:\/\/xstyle.md\/ro\/wp-json\/wp\/v2\/product"}],"about":[{"href":"https:\/\/xstyle.md\/ro\/wp-json\/wp\/v2\/types\/product"}],"replies":[{"embeddable":true,"href":"https:\/\/xstyle.md\/ro\/wp-json\/wp\/v2\/comments?post=31966"}],"wp:featuredmedia":[{"embeddable":true,"href":"https:\/\/xstyle.md\/ro\/wp-json\/wp\/v2\/media\/31957"}],"wp:attachment":[{"href":"https:\/\/xstyle.md\/ro\/wp-json\/wp\/v2\/media?parent=31966"}],"wp:term":[{"taxonomy":"product_brand","embeddable":true,"href":"https:\/\/xstyle.md\/ro\/wp-json\/wp\/v2\/product_brand?post=31966"},{"taxonomy":"product_cat","embeddable":true,"href":"https:\/\/xstyle.md\/ro\/wp-json\/wp\/v2\/product_cat?post=31966"},{"taxonomy":"product_tag","embeddable":true,"href":"https:\/\/xstyle.md\/ro\/wp-json\/wp\/v2\/product_tag?post=31966"}],"curies":[{"name":"wp","href":"https:\/\/api.w.org\/{rel}","templated":true}]}}