{"id":31956,"date":"2021-04-28T17:12:40","date_gmt":"2021-04-28T14:12:40","guid":{"rendered":"https:\/\/xstyle.md\/product\/lampa-feuerhand-baby-special-276-zinc-plated\/"},"modified":"2024-10-02T23:27:07","modified_gmt":"2024-10-02T20:27:07","slug":"lampa-feuerhand-baby-special-276-zinc-plated","status":"publish","type":"product","link":"https:\/\/xstyle.md\/ro\/produs\/lampa-feuerhand-baby-special-276-zinc-plated\/","title":{"rendered":"Lamp\u0103 Feuerhand Baby Special 276 zinc plated"},"content":{"rendered":"<\/p>\n<p>Lamp\u0103 <strong>Feuerhand Baby Special 276 zinc plated<\/strong>\u00a0este fabricat din o\u021bel galvanizat \u0219i, prin urmare, este deosebit de rezistent la coroziune. Sticla rezistent\u0103 la c\u0103ldur\u0103 \u0219i incasabil\u0103 a Schott Suprax protejeaz\u0103 flac\u0103ra de v\u00e2nt \u0219i de toate condi\u021biile meteorologice, arz\u00e2nd \u00een acela\u0219i timp \u00een mod silen\u021bios \u0219i uniform. Felinarul este astfel foarte potrivit pentru utilizarea \u00een aer liber \u0219i ofer\u0103 o lumin\u0103 pl\u0103cut\u0103 timp de p\u00e2n\u0103 la 20 de ore.<\/p>\n<p>Datorit\u0103 sistemului de suflare la rece, aerul proasp\u0103t circul\u0103 \u00eentre interiorul \u0219i exteriorul co\u0219ului de fum \u0219i este \u00eenc\u0103lzit \u00een interiorul sistemului de \u021bevi. Aerul proasp\u0103t trece prin p\u0103r\u021bile laterale c\u0103tre arz\u0103tor \u0219i furnizeaz\u0103 fl\u0103c\u0103rii suficient oxigen pentru ardere. Aerul cald rezultat din combustie iese prin co\u0219ul de fum.<\/p>\n<p>Datorit\u0103 aportului constant de oxigen, flac\u0103ra este semnificativ mai luminoas\u0103 \u00een compara\u021bie cu fl\u0103c\u0103rile altor tipuri de modele \u0219i ofer\u0103 astfel o lumin\u0103 uniform\u0103 \u0219i cald\u0103, indiferent de sursa de lumin\u0103 natural\u0103.<\/p>\n<h3>Particularit\u0103\u021bi<\/h3>\n<ul>\n<li>Durabilitate \u0219i stabilitate dovedite \u00een timp<\/li>\n<li>Luminozitate optim\u0103, f\u0103r\u0103 p\u00e2lp\u00e2iri, f\u0103r\u0103 sc\u00e2ntei<\/li>\n<li>Trebuie utilizat numai combustibil curat, nealterat<\/li>\n<li>Din motive de siguran\u021b\u0103, \u00een rezervor ar trebui s\u0103 se adauge maximum 300 ml.<\/li>\n<li>Felinarul trebuie p\u0103strat \u00een pozi\u021bie vertical\u0103, astfel \u00eenc\u00e2t s\u0103 dureze mai mult timp.<\/li>\n<li>Cur\u0103\u021barea regulat\u0103 a sticlei \u0219i a co\u0219ului de fum asigur\u0103 cea mai bun\u0103 iluminare posibil\u0103 a felinarelor<\/li>\n<li>Felinarul trebuie depozitat \u00eentr-un loc uscat.<\/li>\n<\/ul>\n<h3>Caracteristici<\/h3>\n<ul>\n<li>Tip &#8212; camping<\/li>\n<li>Timp de ardere &#8212; 20 h<\/li>\n<li>Combustibil &#8212; parafin\u0103<\/li>\n<li>Capacitatea rezervorului &#8212; 430 ml<\/li>\n<li>Material - o\u021bel galvanizat<\/li>\n<li>Dimensiuni &#8212; 135 x 15 x 265 mm<\/li>\n<li>Fitil plat &#8212; 12,5 x 12 cm<\/li>\n<li>Greutate &#8212; 530 g.<\/li>\n<\/ul>\n<h3>Marca<\/h3>\n<p>Petromax este unul dintre cei mai importan\u021bi produc\u0103tori germani de echipamente de g\u0103tit \u0219i de locuit \u00een aer liber, iar gama sa de produse coordonate combin\u0103 \u00een mod unic tradi\u021bia \u0219i inova\u021bia. Toate produsele Petromax se caracterizeaz\u0103 prin calitate superioar\u0103, durabilitate, detalii bine g\u00e2ndite \u0219i sunt concepute pentru to\u021bi cei care caut\u0103 compensa\u021bii pentru rutina lor \u00een aer liber \u0219i, prin urmare, pentru campingul \u00een aer liber. Lumea produselor Petromax se concentreaz\u0103 pe explorarea naturii neatinse folosind echipamente tradi\u021bionale, dar bine concepute.<\/p>\n<p><\/p>","protected":false},"excerpt":{"rendered":"<p>Lamp\u0103 Feuerhand Baby Special 276 zinc plated<\/p>","protected":false},"featured_media":61519,"comment_status":"open","ping_status":"closed","template":"","meta":{"_acf_changed":false,"inline_featured_image":false},"product_brand":[1420],"product_cat":[842],"product_tag":[],"class_list":{"0":"post-31956","1":"product","2":"type-product","3":"status-publish","4":"has-post-thumbnail","6":"product_brand-petromax","7":"product_cat-gas-lamps","9":"first","10":"instock","11":"shipping-taxable","12":"purchasable","13":"product-type-simple"},"acf":[],"yoast_head":"<!-- This site is optimized with the Yoast SEO plugin v27.2 - https:\/\/yoast.com\/product\/yoast-seo-wordpress\/ -->\n<title>\u041b\u0430\u043c\u043f\u0430 Feuerhand Baby Special 276 zinc plated - \u041c\u0430\u0433\u0430\u0437\u0438\u043d Xstyle<\/title>\n<meta name=\"description\" content=\"\u041b\u0430\u043c\u043f\u0430 Feuerhand Baby Special 276 \u0441 \u043e\u0446\u0438\u043d\u043a\u043e\u0432\u0430\u043d\u043d\u044b\u043c \u043a\u043e\u0440\u043f\u0443\u0441\u043e\u043c \u0438\u0437 \u0441\u0442\u0430\u043b\u0438 \u0443\u0441\u0442\u043e\u0439\u0447\u0438\u0432\u0430 \u043a \u043a\u043e\u0440\u0440\u043e\u0437\u0438\u0438. \u041f\u0440\u043e\u0447\u043d\u0430\u044f \u0441\u0442\u0435\u043a\u043b\u044f\u043d\u043d\u0430\u044f \u043a\u043e\u043b\u0431\u0430 \u0437\u0430\u0449\u0438\u0449\u0430\u0435\u0442 \u043f\u043b\u0430\u043c\u044f \u043e\u0442 \u0432\u0435\u0442\u0440\u0430 \u0438 \u043f\u043e\u0433\u043e\u0434\u043d\u044b\u0445 \u0443\u0441\u043b\u043e\u0432\u0438\u0439.\" \/>\n<meta name=\"robots\" content=\"index, follow, max-snippet:-1, max-image-preview:large, max-video-preview:-1\" \/>\n<link rel=\"canonical\" href=\"https:\/\/xstyle.md\/ro\/produs\/lampa-feuerhand-baby-special-276-zinc-plated\/\" \/>\n<meta property=\"og:locale\" content=\"ro_RO\" \/>\n<meta property=\"og:type\" content=\"article\" \/>\n<meta property=\"og:title\" content=\"\u041b\u0430\u043c\u043f\u0430 Feuerhand Baby Special 276 zinc plated - \u041c\u0430\u0433\u0430\u0437\u0438\u043d Xstyle\" \/>\n<meta property=\"og:description\" content=\"\u041b\u0430\u043c\u043f\u0430 Feuerhand Baby Special 276 \u0441 \u043e\u0446\u0438\u043d\u043a\u043e\u0432\u0430\u043d\u043d\u044b\u043c \u043a\u043e\u0440\u043f\u0443\u0441\u043e\u043c \u0438\u0437 \u0441\u0442\u0430\u043b\u0438 \u0443\u0441\u0442\u043e\u0439\u0447\u0438\u0432\u0430 \u043a \u043a\u043e\u0440\u0440\u043e\u0437\u0438\u0438. \u041f\u0440\u043e\u0447\u043d\u0430\u044f \u0441\u0442\u0435\u043a\u043b\u044f\u043d\u043d\u0430\u044f \u043a\u043e\u043b\u0431\u0430 \u0437\u0430\u0449\u0438\u0449\u0430\u0435\u0442 \u043f\u043b\u0430\u043c\u044f \u043e\u0442 \u0432\u0435\u0442\u0440\u0430 \u0438 \u043f\u043e\u0433\u043e\u0434\u043d\u044b\u0445 \u0443\u0441\u043b\u043e\u0432\u0438\u0439.\" \/>\n<meta property=\"og:url\" content=\"https:\/\/xstyle.md\/ro\/produs\/lampa-feuerhand-baby-special-276-zinc-plated\/\" \/>\n<meta property=\"og:site_name\" content=\"\u041c\u0430\u0433\u0430\u0437\u0438\u043d Xstyle\" \/>\n<meta property=\"article:publisher\" content=\"https:\/\/www.facebook.com\/xstylemd\" \/>\n<meta property=\"article:modified_time\" content=\"2024-10-02T20:27:07+00:00\" \/>\n<meta property=\"og:image\" content=\"https:\/\/xstyle.md\/wp-content\/uploads\/2021\/04\/feuerhand_hurricane_276_zinc_plated-0.jpg\" \/>\n\t<meta property=\"og:image:width\" content=\"1612\" \/>\n\t<meta property=\"og:image:height\" content=\"1536\" \/>\n\t<meta property=\"og:image:type\" content=\"image\/jpeg\" \/>\n<meta name=\"twitter:card\" content=\"summary_large_image\" \/>\n<meta name=\"twitter:label1\" content=\"Pre\u021b\" \/>\n\t<meta name=\"twitter:data1\" content=\"890&nbsp;MDL\" \/>\n\t<meta name=\"twitter:label2\" content=\"Disponibilitate\" \/>\n\t<meta name=\"twitter:data2\" content=\"\u00cen stoc\" \/>\n<script type=\"application\/ld+json\" class=\"yoast-schema-graph\">{\"@context\":\"https:\/\/schema.org\",\"@graph\":[{\"@type\":\"WebPage\",\"@id\":\"https:\/\/xstyle.md\/product\/lampa-feuerhand-baby-special-276-zinc-plated\/\",\"url\":\"https:\/\/xstyle.md\/product\/lampa-feuerhand-baby-special-276-zinc-plated\/\",\"name\":\"\u041b\u0430\u043c\u043f\u0430 Feuerhand Baby Special 276 zinc plated - \u041c\u0430\u0433\u0430\u0437\u0438\u043d Xstyle\",\"isPartOf\":{\"@id\":\"https:\/\/xstyle.md\/#website\"},\"primaryImageOfPage\":{\"@id\":\"https:\/\/xstyle.md\/product\/lampa-feuerhand-baby-special-276-zinc-plated\/#primaryimage\"},\"image\":{\"@id\":\"https:\/\/xstyle.md\/product\/lampa-feuerhand-baby-special-276-zinc-plated\/#primaryimage\"},\"thumbnailUrl\":\"https:\/\/xstyle.md\/wp-content\/uploads\/2021\/04\/feuerhand_hurricane_276_zinc_plated-0.jpg\",\"datePublished\":\"2021-04-28T14:12:40+00:00\",\"dateModified\":\"2024-10-02T20:27:07+00:00\",\"description\":\"\u041b\u0430\u043c\u043f\u0430 Feuerhand Baby Special 276 \u0441 \u043e\u0446\u0438\u043d\u043a\u043e\u0432\u0430\u043d\u043d\u044b\u043c \u043a\u043e\u0440\u043f\u0443\u0441\u043e\u043c \u0438\u0437 \u0441\u0442\u0430\u043b\u0438 \u0443\u0441\u0442\u043e\u0439\u0447\u0438\u0432\u0430 \u043a \u043a\u043e\u0440\u0440\u043e\u0437\u0438\u0438. \u041f\u0440\u043e\u0447\u043d\u0430\u044f \u0441\u0442\u0435\u043a\u043b\u044f\u043d\u043d\u0430\u044f \u043a\u043e\u043b\u0431\u0430 \u0437\u0430\u0449\u0438\u0449\u0430\u0435\u0442 \u043f\u043b\u0430\u043c\u044f \u043e\u0442 \u0432\u0435\u0442\u0440\u0430 \u0438 \u043f\u043e\u0433\u043e\u0434\u043d\u044b\u0445 \u0443\u0441\u043b\u043e\u0432\u0438\u0439.\",\"breadcrumb\":{\"@id\":\"https:\/\/xstyle.md\/product\/lampa-feuerhand-baby-special-276-zinc-plated\/#breadcrumb\"},\"inLanguage\":\"ro-RO\",\"potentialAction\":[{\"@type\":\"ReadAction\",\"target\":[\"https:\/\/xstyle.md\/product\/lampa-feuerhand-baby-special-276-zinc-plated\/\"]}]},{\"@type\":\"ImageObject\",\"inLanguage\":\"ro-RO\",\"@id\":\"https:\/\/xstyle.md\/product\/lampa-feuerhand-baby-special-276-zinc-plated\/#primaryimage\",\"url\":\"https:\/\/xstyle.md\/wp-content\/uploads\/2021\/04\/feuerhand_hurricane_276_zinc_plated-0.jpg\",\"contentUrl\":\"https:\/\/xstyle.md\/wp-content\/uploads\/2021\/04\/feuerhand_hurricane_276_zinc_plated-0.jpg\",\"width\":1612,\"height\":1536,\"caption\":\"\u043b\u0430\u043c\u043f\u0430 Feuerhand Baby Special 276 \u0446\u0438\u043d\u043a\u043e\u0432\u043e\u0435 \u043f\u043e\u043a\u0440\u044b\u0442\u0438\u0435 \u0434\u043b\u044f \u0430\u043a\u0442\u0438\u0432\u043d\u043e\u0433\u043e \u043e\u0442\u0434\u044b\u0445\u0430 \u043f\u0443\u0442\u0435\u0448\u0435\u0441\u0442\u0432\u0438\u0439 \u043f\u043e\u0445\u043e\u0434\u043e\u0432 \u0438 \u043a\u0435\u043c\u043f\u0438\u043d\u0433\u0430, \u043e\u0431\u043e\u0440\u0443\u0434\u043e\u0432\u0430\u043d\u0438\u0435 \u0434\u043b\u044f \u0442\u0443\u0440\u0438\u0441\u0442\u043e\u0432 \u0438 \u043b\u044e\u0431\u0438\u0442\u0435\u043b\u0435\u0439 \u0430\u043a\u0442\u0438\u0432\u043d\u043e\u0433\u043e \u043e\u0431\u0440\u0430\u0437\u0430 \u0436\u0438\u0437\u043d\u0438\"},{\"@type\":\"BreadcrumbList\",\"@id\":\"https:\/\/xstyle.md\/product\/lampa-feuerhand-baby-special-276-zinc-plated\/#breadcrumb\",\"itemListElement\":[{\"@type\":\"ListItem\",\"position\":1,\"name\":\"\u0413\u043b\u0430\u0432\u043d\u0430\u044f \u0441\u0442\u0440\u0430\u043d\u0438\u0446\u0430\",\"item\":\"https:\/\/xstyle.md\/\"},{\"@type\":\"ListItem\",\"position\":2,\"name\":\"\u041c\u0430\u0433\u0430\u0437\u0438\u043d\",\"item\":\"https:\/\/xstyle.md\/shop\/\"},{\"@type\":\"ListItem\",\"position\":3,\"name\":\"\u041b\u0430\u043c\u043f\u0430 Feuerhand Baby Special 276 zinc plated\"}]},{\"@type\":\"WebSite\",\"@id\":\"https:\/\/xstyle.md\/#website\",\"url\":\"https:\/\/xstyle.md\/\",\"name\":\"\u041c\u0430\u0433\u0430\u0437\u0438\u043d Xstyle\",\"description\":\"C\u043d\u0430\u0440\u044f\u0436\u0435\u043d\u0438\u0435 \u0434\u043b\u044f \u0442\u0443\u0440\u0438\u0437\u043c\u0430 \u0438 \u044d\u043a\u0441\u0442\u0440\u0435\u043c\u0430\u043b\u044c\u043d\u044b\u0445 \u0432\u0438\u0434\u043e\u0432 \u0441\u043f\u043e\u0440\u0442\u0430 \u0432 \u041c\u043e\u043b\u0434\u043e\u0432\u0435.. \u0426\u0435\u043d\u044b, \u0444\u043e\u0442\u043e, \u0445\u0430\u0440\u0430\u043a\u0442\u0435\u0440\u0438\u0441\u0442\u0438\u043a\u0438 \u0432 \u041c\u043e\u043b\u0434\u043e\u0432\u0435.\",\"publisher\":{\"@id\":\"https:\/\/xstyle.md\/#organization\"},\"alternateName\":\"X-Style\",\"potentialAction\":[{\"@type\":\"SearchAction\",\"target\":{\"@type\":\"EntryPoint\",\"urlTemplate\":\"https:\/\/xstyle.md\/?s={search_term_string}\"},\"query-input\":{\"@type\":\"PropertyValueSpecification\",\"valueRequired\":true,\"valueName\":\"search_term_string\"}}],\"inLanguage\":\"ro-RO\"},{\"@type\":\"Organization\",\"@id\":\"https:\/\/xstyle.md\/#organization\",\"name\":\"\u041c\u0430\u0433\u0430\u0437\u0438\u043d Xstyle\",\"alternateName\":\"x-style\",\"url\":\"https:\/\/xstyle.md\/\",\"logo\":{\"@type\":\"ImageObject\",\"inLanguage\":\"ro-RO\",\"@id\":\"https:\/\/xstyle.md\/#\/schema\/logo\/image\/\",\"url\":\"https:\/\/xstyle.md\/wp-content\/uploads\/2020\/06\/logoicon.svg\",\"contentUrl\":\"https:\/\/xstyle.md\/wp-content\/uploads\/2020\/06\/logoicon.svg\",\"caption\":\"\u041c\u0430\u0433\u0430\u0437\u0438\u043d Xstyle\"},\"image\":{\"@id\":\"https:\/\/xstyle.md\/#\/schema\/logo\/image\/\"},\"sameAs\":[\"https:\/\/www.facebook.com\/xstylemd\",\"https:\/\/www.instagram.com\/xstyle_md\/\",\"https:\/\/t.me\/xstyle_outdoor\"],\"hasMerchantReturnPolicy\":{\"@type\":\"MerchantReturnPolicy\",\"merchantReturnLink\":\"https:\/\/xstyle.md\/ro\/conditions\/\"}}]}<\/script>\n<meta property=\"product:price:amount\" content=\"890.00\" \/>\n<meta property=\"product:price:currency\" content=\"MDL\" \/>\n<meta property=\"og:availability\" content=\"instock\" \/>\n<meta property=\"product:availability\" content=\"instock\" \/>\n<meta property=\"product:retailer_item_id\" content=\"4250435703007\" \/>\n<meta property=\"product:condition\" content=\"new\" \/>\n<!-- \/ Yoast SEO plugin. -->","yoast_head_json":{"title":"Lamp\u0103 Feuerhand Baby Special 276 zinc plated - Magazin Xstyle","description":"Lampa Feuerhand Baby Special 276 cu carcas\u0103 din o\u021bel zincat este rezistent\u0103 la coroziune. Sticla solid\u0103 protejeaz\u0103 flac\u0103ra de v\u00e2nt \u0219i condi\u021biile meteorologice.","robots":{"index":"index","follow":"follow","max-snippet":"max-snippet:-1","max-image-preview":"max-image-preview:large","max-video-preview":"max-video-preview:-1"},"canonical":"https:\/\/xstyle.md\/ro\/produs\/lampa-feuerhand-baby-special-276-zinc-plated\/","og_locale":"ro_RO","og_type":"article","og_title":"\u041b\u0430\u043c\u043f\u0430 Feuerhand Baby Special 276 zinc plated - \u041c\u0430\u0433\u0430\u0437\u0438\u043d Xstyle","og_description":"\u041b\u0430\u043c\u043f\u0430 Feuerhand Baby Special 276 \u0441 \u043e\u0446\u0438\u043d\u043a\u043e\u0432\u0430\u043d\u043d\u044b\u043c \u043a\u043e\u0440\u043f\u0443\u0441\u043e\u043c \u0438\u0437 \u0441\u0442\u0430\u043b\u0438 \u0443\u0441\u0442\u043e\u0439\u0447\u0438\u0432\u0430 \u043a \u043a\u043e\u0440\u0440\u043e\u0437\u0438\u0438. \u041f\u0440\u043e\u0447\u043d\u0430\u044f \u0441\u0442\u0435\u043a\u043b\u044f\u043d\u043d\u0430\u044f \u043a\u043e\u043b\u0431\u0430 \u0437\u0430\u0449\u0438\u0449\u0430\u0435\u0442 \u043f\u043b\u0430\u043c\u044f \u043e\u0442 \u0432\u0435\u0442\u0440\u0430 \u0438 \u043f\u043e\u0433\u043e\u0434\u043d\u044b\u0445 \u0443\u0441\u043b\u043e\u0432\u0438\u0439.","og_url":"https:\/\/xstyle.md\/ro\/produs\/lampa-feuerhand-baby-special-276-zinc-plated\/","og_site_name":"\u041c\u0430\u0433\u0430\u0437\u0438\u043d Xstyle","article_publisher":"https:\/\/www.facebook.com\/xstylemd","article_modified_time":"2024-10-02T20:27:07+00:00","og_image":[{"width":1612,"height":1536,"url":"https:\/\/xstyle.md\/wp-content\/uploads\/2021\/04\/feuerhand_hurricane_276_zinc_plated-0.jpg","type":"image\/jpeg"}],"twitter_card":"summary_large_image","twitter_misc":{"Pre\u021b":"890&nbsp;MDL","Disponibilitate":"\u00cen stoc"},"schema":{"@context":"https:\/\/schema.org","@graph":[{"@type":"WebPage","@id":"https:\/\/xstyle.md\/product\/lampa-feuerhand-baby-special-276-zinc-plated\/","url":"https:\/\/xstyle.md\/product\/lampa-feuerhand-baby-special-276-zinc-plated\/","name":"Lamp\u0103 Feuerhand Baby Special 276 zinc plated - Magazin Xstyle","isPartOf":{"@id":"https:\/\/xstyle.md\/#website"},"primaryImageOfPage":{"@id":"https:\/\/xstyle.md\/product\/lampa-feuerhand-baby-special-276-zinc-plated\/#primaryimage"},"image":{"@id":"https:\/\/xstyle.md\/product\/lampa-feuerhand-baby-special-276-zinc-plated\/#primaryimage"},"thumbnailUrl":"https:\/\/xstyle.md\/wp-content\/uploads\/2021\/04\/feuerhand_hurricane_276_zinc_plated-0.jpg","datePublished":"2021-04-28T14:12:40+00:00","dateModified":"2024-10-02T20:27:07+00:00","description":"Lampa Feuerhand Baby Special 276 cu carcas\u0103 din o\u021bel zincat este rezistent\u0103 la coroziune. Sticla solid\u0103 protejeaz\u0103 flac\u0103ra de v\u00e2nt \u0219i condi\u021biile meteorologice.","breadcrumb":{"@id":"https:\/\/xstyle.md\/product\/lampa-feuerhand-baby-special-276-zinc-plated\/#breadcrumb"},"inLanguage":"ro-RO","potentialAction":[{"@type":"ReadAction","target":["https:\/\/xstyle.md\/product\/lampa-feuerhand-baby-special-276-zinc-plated\/"]}]},{"@type":"ImageObject","inLanguage":"ro-RO","@id":"https:\/\/xstyle.md\/product\/lampa-feuerhand-baby-special-276-zinc-plated\/#primaryimage","url":"https:\/\/xstyle.md\/wp-content\/uploads\/2021\/04\/feuerhand_hurricane_276_zinc_plated-0.jpg","contentUrl":"https:\/\/xstyle.md\/wp-content\/uploads\/2021\/04\/feuerhand_hurricane_276_zinc_plated-0.jpg","width":1612,"height":1536,"caption":"\u043b\u0430\u043c\u043f\u0430 Feuerhand Baby Special 276 \u0446\u0438\u043d\u043a\u043e\u0432\u043e\u0435 \u043f\u043e\u043a\u0440\u044b\u0442\u0438\u0435 \u0434\u043b\u044f \u0430\u043a\u0442\u0438\u0432\u043d\u043e\u0433\u043e \u043e\u0442\u0434\u044b\u0445\u0430 \u043f\u0443\u0442\u0435\u0448\u0435\u0441\u0442\u0432\u0438\u0439 \u043f\u043e\u0445\u043e\u0434\u043e\u0432 \u0438 \u043a\u0435\u043c\u043f\u0438\u043d\u0433\u0430, \u043e\u0431\u043e\u0440\u0443\u0434\u043e\u0432\u0430\u043d\u0438\u0435 \u0434\u043b\u044f \u0442\u0443\u0440\u0438\u0441\u0442\u043e\u0432 \u0438 \u043b\u044e\u0431\u0438\u0442\u0435\u043b\u0435\u0439 \u0430\u043a\u0442\u0438\u0432\u043d\u043e\u0433\u043e \u043e\u0431\u0440\u0430\u0437\u0430 \u0436\u0438\u0437\u043d\u0438"},{"@type":"BreadcrumbList","@id":"https:\/\/xstyle.md\/product\/lampa-feuerhand-baby-special-276-zinc-plated\/#breadcrumb","itemListElement":[{"@type":"ListItem","position":1,"name":"\u0413\u043b\u0430\u0432\u043d\u0430\u044f \u0441\u0442\u0440\u0430\u043d\u0438\u0446\u0430","item":"https:\/\/xstyle.md\/"},{"@type":"ListItem","position":2,"name":"\u041c\u0430\u0433\u0430\u0437\u0438\u043d","item":"https:\/\/xstyle.md\/shop\/"},{"@type":"ListItem","position":3,"name":"\u041b\u0430\u043c\u043f\u0430 Feuerhand Baby Special 276 zinc plated"}]},{"@type":"WebSite","@id":"https:\/\/xstyle.md\/#website","url":"https:\/\/xstyle.md\/","name":"Magazinul X-Style","description":"Echipamente pentru turism \u0219i sporturi extreme \u00een Moldova. Pre\u021buri, fotografii, caracteristici \u00een Moldova.","publisher":{"@id":"https:\/\/xstyle.md\/#organization"},"alternateName":"X-Style","potentialAction":[{"@type":"SearchAction","target":{"@type":"EntryPoint","urlTemplate":"https:\/\/xstyle.md\/?s={search_term_string}"},"query-input":{"@type":"PropertyValueSpecification","valueRequired":true,"valueName":"search_term_string"}}],"inLanguage":"ro-RO"},{"@type":"Organization","@id":"https:\/\/xstyle.md\/#organization","name":"Magazinul X-Style","alternateName":"x-style","url":"https:\/\/xstyle.md\/","logo":{"@type":"ImageObject","inLanguage":"ro-RO","@id":"https:\/\/xstyle.md\/#\/schema\/logo\/image\/","url":"https:\/\/xstyle.md\/wp-content\/uploads\/2020\/06\/logoicon.svg","contentUrl":"https:\/\/xstyle.md\/wp-content\/uploads\/2020\/06\/logoicon.svg","caption":"\u041c\u0430\u0433\u0430\u0437\u0438\u043d Xstyle"},"image":{"@id":"https:\/\/xstyle.md\/#\/schema\/logo\/image\/"},"sameAs":["https:\/\/www.facebook.com\/xstylemd","https:\/\/www.instagram.com\/xstyle_md\/","https:\/\/t.me\/xstyle_outdoor"],"hasMerchantReturnPolicy":{"@type":"MerchantReturnPolicy","merchantReturnLink":"https:\/\/xstyle.md\/ro\/conditions\/"}}]},"product_price_amount":"890.00","product_price_currency":"MDL","og_availability":"instock","product_availability":"instock","product_retailer_item_id":"4250435703007","product_condition":"new"},"post_mailing_queue_ids":[],"_links":{"self":[{"href":"https:\/\/xstyle.md\/ro\/wp-json\/wp\/v2\/product\/31956","targetHints":{"allow":["GET"]}}],"collection":[{"href":"https:\/\/xstyle.md\/ro\/wp-json\/wp\/v2\/product"}],"about":[{"href":"https:\/\/xstyle.md\/ro\/wp-json\/wp\/v2\/types\/product"}],"replies":[{"embeddable":true,"href":"https:\/\/xstyle.md\/ro\/wp-json\/wp\/v2\/comments?post=31956"}],"wp:featuredmedia":[{"embeddable":true,"href":"https:\/\/xstyle.md\/ro\/wp-json\/wp\/v2\/media\/61519"}],"wp:attachment":[{"href":"https:\/\/xstyle.md\/ro\/wp-json\/wp\/v2\/media?parent=31956"}],"wp:term":[{"taxonomy":"product_brand","embeddable":true,"href":"https:\/\/xstyle.md\/ro\/wp-json\/wp\/v2\/product_brand?post=31956"},{"taxonomy":"product_cat","embeddable":true,"href":"https:\/\/xstyle.md\/ro\/wp-json\/wp\/v2\/product_cat?post=31956"},{"taxonomy":"product_tag","embeddable":true,"href":"https:\/\/xstyle.md\/ro\/wp-json\/wp\/v2\/product_tag?post=31956"}],"curies":[{"name":"wp","href":"https:\/\/api.w.org\/{rel}","templated":true}]}}