{"id":3187,"date":"2020-07-16T17:45:09","date_gmt":"2020-07-16T14:45:09","guid":{"rendered":"https:\/\/xstyle.md\/product\/noski-lorpen-sosete-sks"},"modified":"2024-11-11T15:14:00","modified_gmt":"2024-11-11T12:14:00","slug":"noski-lorpen-sosete-sks","status":"publish","type":"product","link":"https:\/\/xstyle.md\/ro\/produs\/noski-lorpen-sosete-sks\/","title":{"rendered":"\u0218osete Lorpen SKS spidey black"},"content":{"rendered":"<\/p>\n<p><strong>\u0218osete Lorpen SKS <\/strong>&#8212; sosete (ciorapi) c\u0103lduroase pentru copii, \u00een dou\u0103 straturi, pentru schi alpin. Stratul interior din l\u00e2n\u0103 men\u021bine piciorul cald \u0219i uscat. Stratul exterior din poliamid\u0103 previne apari\u021bia b\u0103\u0219icilor \u0219i asigur\u0103 o durabilitate maxim\u0103. Forma anatomic\u0103 asigur\u0103 durabilitate \u0219i protec\u021bie dubl\u0103. Cus\u0103tura unic\u0103 plat\u0103 a degetelor de la picioare nu irit\u0103 degetele, pentru un confort suplimentar.<\/p>\n<h3>Particularit\u0103\u021bi<\/h3>\n<ul>\n<li>Stratul interior, realizat dintr-un amestec de l\u00e2n\u0103 Merino \u0219i acrilic de \u00eenalt\u0103 calitate, v\u0103 men\u021bine bine \u00eenc\u0103lzit.<\/li>\n<li>Stratul exterior din poliamid\u0103 previne apari\u021bia b\u0103\u0219icilor \u0219i asigur\u0103 o durabilitate maxim\u0103.<\/li>\n<li>Cus\u0103tura unic\u0103 \u0219i plat\u0103 a degetelor de la picioare nu v\u0103 freac\u0103 degetele, pentru un plus de confort.<\/li>\n<li>Zona de lycra previne alunecarea \u0219i str\u00e2ngerea ciorapului.<\/li>\n<\/ul>\n<h3>Caracteristici<\/h3>\n<ul>\n<li>Material &#8212; 66% MerinoBlend, 24% nailon, 10% nailon \u0219i lycra<\/li>\n<li>Material principal &#8212; MerinoBlend<\/li>\n<li>Dou\u0103 straturi (T2)<\/li>\n<li>Scop &#8212; schi alpin<\/li>\n<li>Sezonul - iarn\u0103<\/li>\n<li>Grosime - 2\/4<\/li>\n<li>Model &#8212; pentru copii.<\/li>\n<\/ul>\n<h3>Tehnologie<\/h3>\n<ul>\n<li><strong>MerinoBlend<\/strong> &#8212; o \u021bes\u0103tur\u0103 fin\u0103 din l\u00e2n\u0103 merinos \u0219i acrilic, rezult\u00e2nd un fir pl\u0103cut la atingere \u0219i care spore\u0219te confortul.<\/li>\n<li><strong>Tehnologia T2<\/strong> &#8212; \u0219osete din l\u00e2n\u0103 merino, poliester sau un amestec de fibre (l\u00e2n\u0103 \u0219i poliester &#8212; sinteticele fac l\u00e2na mai moale, \u00eendep\u0103rteaz\u0103 umezeala de picior \u0219i o \u00eempinge \u00een exterior unde se evapor\u0103; l\u00e2na \u021bine piciorul cald chiar \u0219i atunci c\u00e2nd este umed \u0219i acumuleaz\u0103 umezeal\u0103 dac\u0103 pantoful nu respir\u0103 bine) \u0219i un strat exterior de nailon \u00een zonele cu frecare ridicat\u0103. Ca la toate \u0219osetele Lorpen, cus\u0103tura de la v\u00e2rf este plat\u0103.<\/li>\n<li><strong>Nylon<\/strong> - este un brad de continuitate fibroas\u0103, caracterizat prin rezisten\u021b a uzurii \u0219 i propriet\u0103\u021b ile de amortizare. Nailonul este utilizat \u00een stratul extern al echipamentului Lorpen, care poate fi folosit pentru a determina durata pasajului pulmonar.<\/li>\n<li><strong>Lycra<\/strong> \u2013 sau elastan sunt fibre sintetice caracterizate prin elasticitate \u0219i elasticitate excep\u021bionale. Con\u021binutul de Lycra din \u0219osetele Lorpen este de obicei cuprins \u00eentre 5 \u0219i 10%. Acest lucru asigur\u0103 c\u0103 \u0219osetele se potrivesc perfect pe picior \u0219i nu alunec\u0103.<\/li>\n<\/ul>\n<h3>Marca<\/h3>\n<p>Lorpen este unul dintre cei mai importan\u021bi produc\u0103tori de articole sportive din Spania, care a imprimat cele mai populare articole sportive din lume. Gama lor include modele de trekking, alergare, expedi\u021bie \u0219i schi, pentru a putea oferi un gust al tuturor.<\/p>\n<p>Obiectivul principal al Lorpen este acela de a crea cel mai important \u0219osete \u00een punctarea tehnologiei lumii. Odat\u0103 ce a\u021bi \u00eencercat \u0219osetele termice Lorpen, care func\u021bioneaz\u0103 toat\u0103 ziua, chiar \u0219i \u00een timpul efortului intens, ajut\u00e2nd la reglarea c\u0103ldurii \u0219i a nivelului de umiditate din picioare, nu ve\u021bi mai putea purta niciodat\u0103 \u0219osete obi\u0219nuite din bumbac.<\/p>\n<p><\/p>","protected":false},"excerpt":{"rendered":"<p>\u041d\u043e\u0441\u043a\u0438 Lorpen SKS<\/p>","protected":false},"featured_media":80448,"comment_status":"open","ping_status":"closed","template":"","meta":{"_acf_changed":false,"inline_featured_image":false},"product_brand":[1293],"product_cat":[229],"product_tag":[],"class_list":{"0":"post-3187","1":"product","2":"type-product","3":"status-publish","4":"has-post-thumbnail","6":"product_brand-lorpen","7":"product_cat-ski-snowboard","9":"first","10":"instock","11":"shipping-taxable","12":"purchasable","13":"product-type-simple"},"acf":[],"yoast_head":"<!-- This site is optimized with the Yoast SEO plugin v27.2 - https:\/\/yoast.com\/product\/yoast-seo-wordpress\/ -->\n<title>\u041d\u043e\u0441\u043a\u0438 Lorpen SKS spidey black - \u041c\u0430\u0433\u0430\u0437\u0438\u043d Xstyle<\/title>\n<meta name=\"description\" content=\"\u041d\u043e\u0441\u043a\u0438 Lorpen SKS Spidey Black \u0438\u0437 \u043a\u043e\u043c\u0431\u0438\u043d\u0430\u0446\u0438\u0438 \u043c\u0435\u0440\u0438\u043d\u043e\u0441\u043e\u0432\u043e\u0439 \u0448\u0435\u0440\u0441\u0442\u0438 \u0438 \u043d\u0435\u0439\u043b\u043e\u043d\u0430 \u043e\u0431\u0435\u0441\u043f\u0435\u0447\u0438\u0432\u0430\u044e\u0442 \u0442\u0435\u043f\u043b\u043e \u0438 \u043a\u043e\u043c\u0444\u043e\u0440\u0442. \u0418\u0434\u0435\u0430\u043b\u044c\u043d\u044b \u0434\u043b\u044f \u0437\u0438\u043c\u043d\u0438\u0445 \u0432\u0438\u0434\u043e\u0432 \u0441\u043f\u043e\u0440\u0442\u0430.\" \/>\n<meta name=\"robots\" content=\"index, follow, max-snippet:-1, max-image-preview:large, max-video-preview:-1\" \/>\n<link rel=\"canonical\" href=\"https:\/\/xstyle.md\/ro\/produs\/noski-lorpen-sosete-sks\/\" \/>\n<meta property=\"og:locale\" content=\"ro_RO\" \/>\n<meta property=\"og:type\" content=\"article\" \/>\n<meta property=\"og:title\" content=\"\u041d\u043e\u0441\u043a\u0438 Lorpen SKS spidey black - \u041c\u0430\u0433\u0430\u0437\u0438\u043d Xstyle\" \/>\n<meta property=\"og:description\" content=\"\u041d\u043e\u0441\u043a\u0438 Lorpen SKS Spidey Black \u0438\u0437 \u043a\u043e\u043c\u0431\u0438\u043d\u0430\u0446\u0438\u0438 \u043c\u0435\u0440\u0438\u043d\u043e\u0441\u043e\u0432\u043e\u0439 \u0448\u0435\u0440\u0441\u0442\u0438 \u0438 \u043d\u0435\u0439\u043b\u043e\u043d\u0430 \u043e\u0431\u0435\u0441\u043f\u0435\u0447\u0438\u0432\u0430\u044e\u0442 \u0442\u0435\u043f\u043b\u043e \u0438 \u043a\u043e\u043c\u0444\u043e\u0440\u0442. \u0418\u0434\u0435\u0430\u043b\u044c\u043d\u044b \u0434\u043b\u044f \u0437\u0438\u043c\u043d\u0438\u0445 \u0432\u0438\u0434\u043e\u0432 \u0441\u043f\u043e\u0440\u0442\u0430.\" \/>\n<meta property=\"og:url\" content=\"https:\/\/xstyle.md\/ro\/produs\/noski-lorpen-sosete-sks\/\" \/>\n<meta property=\"og:site_name\" content=\"\u041c\u0430\u0433\u0430\u0437\u0438\u043d Xstyle\" \/>\n<meta property=\"article:publisher\" content=\"https:\/\/www.facebook.com\/xstylemd\" \/>\n<meta property=\"article:modified_time\" content=\"2024-11-11T12:14:00+00:00\" \/>\n<meta property=\"og:image\" content=\"https:\/\/xstyle.md\/wp-content\/uploads\/2020\/07\/lorpen-sks-spidey_black.jpg\" \/>\n\t<meta property=\"og:image:width\" content=\"835\" \/>\n\t<meta property=\"og:image:height\" content=\"884\" \/>\n\t<meta property=\"og:image:type\" content=\"image\/jpeg\" \/>\n<meta name=\"twitter:card\" content=\"summary_large_image\" \/>\n<meta name=\"twitter:label1\" content=\"Pre\u021b\" \/>\n\t<meta name=\"twitter:data1\" content=\"295&nbsp;MDL\" \/>\n\t<meta name=\"twitter:label2\" content=\"Disponibilitate\" \/>\n\t<meta name=\"twitter:data2\" content=\"\u00cen stoc\" \/>\n<script type=\"application\/ld+json\" class=\"yoast-schema-graph\">{\"@context\":\"https:\/\/schema.org\",\"@graph\":[{\"@type\":\"WebPage\",\"@id\":\"https:\/\/xstyle.md\/product\/noski-lorpen-sosete-sks\/\",\"url\":\"https:\/\/xstyle.md\/product\/noski-lorpen-sosete-sks\/\",\"name\":\"\u041d\u043e\u0441\u043a\u0438 Lorpen SKS spidey black - \u041c\u0430\u0433\u0430\u0437\u0438\u043d Xstyle\",\"isPartOf\":{\"@id\":\"https:\/\/xstyle.md\/#website\"},\"primaryImageOfPage\":{\"@id\":\"https:\/\/xstyle.md\/product\/noski-lorpen-sosete-sks\/#primaryimage\"},\"image\":{\"@id\":\"https:\/\/xstyle.md\/product\/noski-lorpen-sosete-sks\/#primaryimage\"},\"thumbnailUrl\":\"https:\/\/xstyle.md\/wp-content\/uploads\/2020\/07\/lorpen-sks-spidey_black.jpg\",\"datePublished\":\"2020-07-16T14:45:09+00:00\",\"dateModified\":\"2024-11-11T12:14:00+00:00\",\"description\":\"\u041d\u043e\u0441\u043a\u0438 Lorpen SKS Spidey Black \u0438\u0437 \u043a\u043e\u043c\u0431\u0438\u043d\u0430\u0446\u0438\u0438 \u043c\u0435\u0440\u0438\u043d\u043e\u0441\u043e\u0432\u043e\u0439 \u0448\u0435\u0440\u0441\u0442\u0438 \u0438 \u043d\u0435\u0439\u043b\u043e\u043d\u0430 \u043e\u0431\u0435\u0441\u043f\u0435\u0447\u0438\u0432\u0430\u044e\u0442 \u0442\u0435\u043f\u043b\u043e \u0438 \u043a\u043e\u043c\u0444\u043e\u0440\u0442. \u0418\u0434\u0435\u0430\u043b\u044c\u043d\u044b \u0434\u043b\u044f \u0437\u0438\u043c\u043d\u0438\u0445 \u0432\u0438\u0434\u043e\u0432 \u0441\u043f\u043e\u0440\u0442\u0430.\",\"breadcrumb\":{\"@id\":\"https:\/\/xstyle.md\/product\/noski-lorpen-sosete-sks\/#breadcrumb\"},\"inLanguage\":\"ro-RO\",\"potentialAction\":[{\"@type\":\"ReadAction\",\"target\":[\"https:\/\/xstyle.md\/product\/noski-lorpen-sosete-sks\/\"]}]},{\"@type\":\"ImageObject\",\"inLanguage\":\"ro-RO\",\"@id\":\"https:\/\/xstyle.md\/product\/noski-lorpen-sosete-sks\/#primaryimage\",\"url\":\"https:\/\/xstyle.md\/wp-content\/uploads\/2020\/07\/lorpen-sks-spidey_black.jpg\",\"contentUrl\":\"https:\/\/xstyle.md\/wp-content\/uploads\/2020\/07\/lorpen-sks-spidey_black.jpg\",\"width\":835,\"height\":884,\"caption\":\"\u041d\u043e\u0441\u043a\u0438 Lorpen SKS Spidey \u0447\u0435\u0440\u043d\u044b\u0435 \u0434\u043b\u044f \u0430\u043a\u0442\u0438\u0432\u043d\u043e\u0433\u043e \u043e\u0442\u0434\u044b\u0445\u0430 \u0442\u0443\u0440\u0438\u0437\u043c\u0430 \u0438 \u0430\u043b\u044c\u043f\u0438\u043d\u0438\u0437\u043c\u0430 \u043a\u0443\u043f\u0438\u0442\u044c \u043a\u0443\u043f\u0438\u0442\u044c \u0432 \u043e\u043d\u043b\u0430\u0439\u043d \u043c\u0430\u0433\u0430\u0437\u0438\u043d\u0435 \u0434\u043b\u044f \u0442\u0443\u0440\u0438\u0441\u0442\u043e\u0432 \u0438 \u0441\u043f\u043e\u0440\u0442\u0441\u043c\u0435\u043d\u043e\u0432\"},{\"@type\":\"BreadcrumbList\",\"@id\":\"https:\/\/xstyle.md\/product\/noski-lorpen-sosete-sks\/#breadcrumb\",\"itemListElement\":[{\"@type\":\"ListItem\",\"position\":1,\"name\":\"\u0413\u043b\u0430\u0432\u043d\u0430\u044f \u0441\u0442\u0440\u0430\u043d\u0438\u0446\u0430\",\"item\":\"https:\/\/xstyle.md\/\"},{\"@type\":\"ListItem\",\"position\":2,\"name\":\"\u041c\u0430\u0433\u0430\u0437\u0438\u043d\",\"item\":\"https:\/\/xstyle.md\/shop\/\"},{\"@type\":\"ListItem\",\"position\":3,\"name\":\"\u041d\u043e\u0441\u043a\u0438 Lorpen SKS spidey black\"}]},{\"@type\":\"WebSite\",\"@id\":\"https:\/\/xstyle.md\/#website\",\"url\":\"https:\/\/xstyle.md\/\",\"name\":\"\u041c\u0430\u0433\u0430\u0437\u0438\u043d Xstyle\",\"description\":\"C\u043d\u0430\u0440\u044f\u0436\u0435\u043d\u0438\u0435 \u0434\u043b\u044f \u0442\u0443\u0440\u0438\u0437\u043c\u0430 \u0438 \u044d\u043a\u0441\u0442\u0440\u0435\u043c\u0430\u043b\u044c\u043d\u044b\u0445 \u0432\u0438\u0434\u043e\u0432 \u0441\u043f\u043e\u0440\u0442\u0430 \u0432 \u041c\u043e\u043b\u0434\u043e\u0432\u0435.. \u0426\u0435\u043d\u044b, \u0444\u043e\u0442\u043e, \u0445\u0430\u0440\u0430\u043a\u0442\u0435\u0440\u0438\u0441\u0442\u0438\u043a\u0438 \u0432 \u041c\u043e\u043b\u0434\u043e\u0432\u0435.\",\"publisher\":{\"@id\":\"https:\/\/xstyle.md\/#organization\"},\"alternateName\":\"X-Style\",\"potentialAction\":[{\"@type\":\"SearchAction\",\"target\":{\"@type\":\"EntryPoint\",\"urlTemplate\":\"https:\/\/xstyle.md\/?s={search_term_string}\"},\"query-input\":{\"@type\":\"PropertyValueSpecification\",\"valueRequired\":true,\"valueName\":\"search_term_string\"}}],\"inLanguage\":\"ro-RO\"},{\"@type\":\"Organization\",\"@id\":\"https:\/\/xstyle.md\/#organization\",\"name\":\"\u041c\u0430\u0433\u0430\u0437\u0438\u043d Xstyle\",\"alternateName\":\"x-style\",\"url\":\"https:\/\/xstyle.md\/\",\"logo\":{\"@type\":\"ImageObject\",\"inLanguage\":\"ro-RO\",\"@id\":\"https:\/\/xstyle.md\/#\/schema\/logo\/image\/\",\"url\":\"https:\/\/xstyle.md\/wp-content\/uploads\/2020\/06\/logoicon.svg\",\"contentUrl\":\"https:\/\/xstyle.md\/wp-content\/uploads\/2020\/06\/logoicon.svg\",\"caption\":\"\u041c\u0430\u0433\u0430\u0437\u0438\u043d Xstyle\"},\"image\":{\"@id\":\"https:\/\/xstyle.md\/#\/schema\/logo\/image\/\"},\"sameAs\":[\"https:\/\/www.facebook.com\/xstylemd\",\"https:\/\/www.instagram.com\/xstyle_md\/\",\"https:\/\/t.me\/xstyle_outdoor\"],\"hasMerchantReturnPolicy\":{\"@type\":\"MerchantReturnPolicy\",\"merchantReturnLink\":\"https:\/\/xstyle.md\/ro\/conditions\/\"}}]}<\/script>\n<meta property=\"product:price:amount\" content=\"295.00\" \/>\n<meta property=\"product:price:currency\" content=\"MDL\" \/>\n<meta property=\"og:availability\" content=\"instock\" \/>\n<meta property=\"product:availability\" content=\"instock\" \/>\n<meta property=\"product:retailer_item_id\" content=\"8414133051549\" \/>\n<meta property=\"product:condition\" content=\"new\" \/>\n<!-- \/ Yoast SEO plugin. -->","yoast_head_json":{"title":"\u0218osete Lorpen SKS spidey black - Magazin Xstyle","description":"Sosetele Lorpen SKS Spidey Black, realizate dintr-o combina\u021bie de l\u00e2n\u0103 merinos \u0219i nylon, ofer\u0103 c\u0103ldur\u0103 \u0219i confort. Sunt ideale pentru sporturile de iarn\u0103.","robots":{"index":"index","follow":"follow","max-snippet":"max-snippet:-1","max-image-preview":"max-image-preview:large","max-video-preview":"max-video-preview:-1"},"canonical":"https:\/\/xstyle.md\/ro\/produs\/noski-lorpen-sosete-sks\/","og_locale":"ro_RO","og_type":"article","og_title":"\u041d\u043e\u0441\u043a\u0438 Lorpen SKS spidey black - \u041c\u0430\u0433\u0430\u0437\u0438\u043d Xstyle","og_description":"\u041d\u043e\u0441\u043a\u0438 Lorpen SKS Spidey Black \u0438\u0437 \u043a\u043e\u043c\u0431\u0438\u043d\u0430\u0446\u0438\u0438 \u043c\u0435\u0440\u0438\u043d\u043e\u0441\u043e\u0432\u043e\u0439 \u0448\u0435\u0440\u0441\u0442\u0438 \u0438 \u043d\u0435\u0439\u043b\u043e\u043d\u0430 \u043e\u0431\u0435\u0441\u043f\u0435\u0447\u0438\u0432\u0430\u044e\u0442 \u0442\u0435\u043f\u043b\u043e \u0438 \u043a\u043e\u043c\u0444\u043e\u0440\u0442. \u0418\u0434\u0435\u0430\u043b\u044c\u043d\u044b \u0434\u043b\u044f \u0437\u0438\u043c\u043d\u0438\u0445 \u0432\u0438\u0434\u043e\u0432 \u0441\u043f\u043e\u0440\u0442\u0430.","og_url":"https:\/\/xstyle.md\/ro\/produs\/noski-lorpen-sosete-sks\/","og_site_name":"\u041c\u0430\u0433\u0430\u0437\u0438\u043d Xstyle","article_publisher":"https:\/\/www.facebook.com\/xstylemd","article_modified_time":"2024-11-11T12:14:00+00:00","og_image":[{"width":835,"height":884,"url":"https:\/\/xstyle.md\/wp-content\/uploads\/2020\/07\/lorpen-sks-spidey_black.jpg","type":"image\/jpeg"}],"twitter_card":"summary_large_image","twitter_misc":{"Pre\u021b":"295&nbsp;MDL","Disponibilitate":"\u00cen stoc"},"schema":{"@context":"https:\/\/schema.org","@graph":[{"@type":"WebPage","@id":"https:\/\/xstyle.md\/product\/noski-lorpen-sosete-sks\/","url":"https:\/\/xstyle.md\/product\/noski-lorpen-sosete-sks\/","name":"\u0218osete Lorpen SKS spidey black - Magazin Xstyle","isPartOf":{"@id":"https:\/\/xstyle.md\/#website"},"primaryImageOfPage":{"@id":"https:\/\/xstyle.md\/product\/noski-lorpen-sosete-sks\/#primaryimage"},"image":{"@id":"https:\/\/xstyle.md\/product\/noski-lorpen-sosete-sks\/#primaryimage"},"thumbnailUrl":"https:\/\/xstyle.md\/wp-content\/uploads\/2020\/07\/lorpen-sks-spidey_black.jpg","datePublished":"2020-07-16T14:45:09+00:00","dateModified":"2024-11-11T12:14:00+00:00","description":"Sosetele Lorpen SKS Spidey Black, realizate dintr-o combina\u021bie de l\u00e2n\u0103 merinos \u0219i nylon, ofer\u0103 c\u0103ldur\u0103 \u0219i confort. Sunt ideale pentru sporturile de iarn\u0103.","breadcrumb":{"@id":"https:\/\/xstyle.md\/product\/noski-lorpen-sosete-sks\/#breadcrumb"},"inLanguage":"ro-RO","potentialAction":[{"@type":"ReadAction","target":["https:\/\/xstyle.md\/product\/noski-lorpen-sosete-sks\/"]}]},{"@type":"ImageObject","inLanguage":"ro-RO","@id":"https:\/\/xstyle.md\/product\/noski-lorpen-sosete-sks\/#primaryimage","url":"https:\/\/xstyle.md\/wp-content\/uploads\/2020\/07\/lorpen-sks-spidey_black.jpg","contentUrl":"https:\/\/xstyle.md\/wp-content\/uploads\/2020\/07\/lorpen-sks-spidey_black.jpg","width":835,"height":884,"caption":"\u041d\u043e\u0441\u043a\u0438 Lorpen SKS Spidey \u0447\u0435\u0440\u043d\u044b\u0435 \u0434\u043b\u044f \u0430\u043a\u0442\u0438\u0432\u043d\u043e\u0433\u043e \u043e\u0442\u0434\u044b\u0445\u0430 \u0442\u0443\u0440\u0438\u0437\u043c\u0430 \u0438 \u0430\u043b\u044c\u043f\u0438\u043d\u0438\u0437\u043c\u0430 \u043a\u0443\u043f\u0438\u0442\u044c \u043a\u0443\u043f\u0438\u0442\u044c \u0432 \u043e\u043d\u043b\u0430\u0439\u043d \u043c\u0430\u0433\u0430\u0437\u0438\u043d\u0435 \u0434\u043b\u044f \u0442\u0443\u0440\u0438\u0441\u0442\u043e\u0432 \u0438 \u0441\u043f\u043e\u0440\u0442\u0441\u043c\u0435\u043d\u043e\u0432"},{"@type":"BreadcrumbList","@id":"https:\/\/xstyle.md\/product\/noski-lorpen-sosete-sks\/#breadcrumb","itemListElement":[{"@type":"ListItem","position":1,"name":"\u0413\u043b\u0430\u0432\u043d\u0430\u044f \u0441\u0442\u0440\u0430\u043d\u0438\u0446\u0430","item":"https:\/\/xstyle.md\/"},{"@type":"ListItem","position":2,"name":"\u041c\u0430\u0433\u0430\u0437\u0438\u043d","item":"https:\/\/xstyle.md\/shop\/"},{"@type":"ListItem","position":3,"name":"\u041d\u043e\u0441\u043a\u0438 Lorpen SKS spidey black"}]},{"@type":"WebSite","@id":"https:\/\/xstyle.md\/#website","url":"https:\/\/xstyle.md\/","name":"Magazinul X-Style","description":"Echipamente pentru turism \u0219i sporturi extreme \u00een Moldova. Pre\u021buri, fotografii, caracteristici \u00een Moldova.","publisher":{"@id":"https:\/\/xstyle.md\/#organization"},"alternateName":"X-Style","potentialAction":[{"@type":"SearchAction","target":{"@type":"EntryPoint","urlTemplate":"https:\/\/xstyle.md\/?s={search_term_string}"},"query-input":{"@type":"PropertyValueSpecification","valueRequired":true,"valueName":"search_term_string"}}],"inLanguage":"ro-RO"},{"@type":"Organization","@id":"https:\/\/xstyle.md\/#organization","name":"Magazinul X-Style","alternateName":"x-style","url":"https:\/\/xstyle.md\/","logo":{"@type":"ImageObject","inLanguage":"ro-RO","@id":"https:\/\/xstyle.md\/#\/schema\/logo\/image\/","url":"https:\/\/xstyle.md\/wp-content\/uploads\/2020\/06\/logoicon.svg","contentUrl":"https:\/\/xstyle.md\/wp-content\/uploads\/2020\/06\/logoicon.svg","caption":"\u041c\u0430\u0433\u0430\u0437\u0438\u043d Xstyle"},"image":{"@id":"https:\/\/xstyle.md\/#\/schema\/logo\/image\/"},"sameAs":["https:\/\/www.facebook.com\/xstylemd","https:\/\/www.instagram.com\/xstyle_md\/","https:\/\/t.me\/xstyle_outdoor"],"hasMerchantReturnPolicy":{"@type":"MerchantReturnPolicy","merchantReturnLink":"https:\/\/xstyle.md\/ro\/conditions\/"}}]},"product_price_amount":"295.00","product_price_currency":"MDL","og_availability":"instock","product_availability":"instock","product_retailer_item_id":"8414133051549","product_condition":"new"},"post_mailing_queue_ids":[],"_links":{"self":[{"href":"https:\/\/xstyle.md\/ro\/wp-json\/wp\/v2\/product\/3187","targetHints":{"allow":["GET"]}}],"collection":[{"href":"https:\/\/xstyle.md\/ro\/wp-json\/wp\/v2\/product"}],"about":[{"href":"https:\/\/xstyle.md\/ro\/wp-json\/wp\/v2\/types\/product"}],"replies":[{"embeddable":true,"href":"https:\/\/xstyle.md\/ro\/wp-json\/wp\/v2\/comments?post=3187"}],"wp:featuredmedia":[{"embeddable":true,"href":"https:\/\/xstyle.md\/ro\/wp-json\/wp\/v2\/media\/80448"}],"wp:attachment":[{"href":"https:\/\/xstyle.md\/ro\/wp-json\/wp\/v2\/media?parent=3187"}],"wp:term":[{"taxonomy":"product_brand","embeddable":true,"href":"https:\/\/xstyle.md\/ro\/wp-json\/wp\/v2\/product_brand?post=3187"},{"taxonomy":"product_cat","embeddable":true,"href":"https:\/\/xstyle.md\/ro\/wp-json\/wp\/v2\/product_cat?post=3187"},{"taxonomy":"product_tag","embeddable":true,"href":"https:\/\/xstyle.md\/ro\/wp-json\/wp\/v2\/product_tag?post=3187"}],"curies":[{"name":"wp","href":"https:\/\/api.w.org\/{rel}","templated":true}]}}