{"id":31835,"date":"2021-04-28T17:09:23","date_gmt":"2021-04-28T14:09:23","guid":{"rendered":"https:\/\/xstyle.md\/product\/pila-silky-gomboy-300\/"},"modified":"2025-08-25T00:06:31","modified_gmt":"2025-08-24T21:06:31","slug":"pila-silky-gomboy-300","status":"publish","type":"product","link":"https:\/\/xstyle.md\/ro\/produs\/pila-silky-gomboy-300\/","title":{"rendered":"Fer\u0103str\u0103u Silky Gomboy 300"},"content":{"rendered":"<\/p>\n<p><strong>Silky Gomboy 300<\/strong> &#8212; fer\u0103str\u0103ul pliabil portabil este u\u0219or de transportat \u00een buzunar, datorit\u0103 lamei sale drepte, \u0219i va fi folosit deopotriv\u0103 de gr\u0103dinari, t\u00e2mplari \u0219i dulgheri. Din\u021bii de dimensiuni medii fac fer\u0103str\u0103ul versatil pentru diferite tipuri de t\u0103iere \u0219i t\u0103iere cu fer\u0103str\u0103ul. Lungimea lamei de 300 mm v\u0103 permite s\u0103 t\u0103ia\u021bi materiale destul de groase \u0219i late. Baza din o\u021bel a m\u00e2nerului asigur\u0103 rezisten\u021ba necesar\u0103, iar tampoanele din cauciuc garanteaz\u0103 o prindere excelent\u0103. Cu o form\u0103 atr\u0103g\u0103toare, fer\u0103str\u0103ul este proiectat s\u0103 se potriveasc\u0103 formei degetelor m\u00e2inii umane pentru o prindere mai sigur\u0103 \u0219i mai pu\u021bin\u0103 oboseal\u0103 \u00een timpul lucrului.<\/p>\n<p>Lama \u00eenlocuibil\u0103 este fabricat\u0103 din o\u021bel cu con\u021binut ridicat de carbon SK-4, care are propriet\u0103\u021bi de reducere a vibra\u021biilor \u00een timpul t\u0103ierii. Pentru a asigura o rezisten\u021b\u0103 ridicat\u0103 a lamei \u0219i o ascu\u021bime de lung\u0103 durat\u0103, din\u021bii sunt c\u0103li\u021bi prin induc\u021bie \u0219i, \u00een mod caracteristic, numai v\u00e2rful din\u021bilor este c\u0103lit. Lama \u00een sine este conic\u0103 \u00een t\u0103iere pe \u00eentreaga baz\u0103, ceea ce previne blocarea \u0219i faciliteaz\u0103 t\u0103ierea.<\/p>\n<h3>Particularit\u0103\u021bi<\/h3>\n<ul>\n<li>Lama conic\u0103, nefiletat\u0103, minimizeaz\u0103 frecarea la t\u0103iere datorit\u0103 formei sale conice<\/li>\n<li>Din\u021bii sunt orienta\u021bi spre m\u00e2ner, permi\u021b\u00e2nd limarea u\u0219oar\u0103 \u0219i o t\u0103iere netratat\u0103.<\/li>\n<li>Din\u021bii sunt c\u0103li\u021bi pentru o durat\u0103 de via\u021b\u0103 semnificativ mai lung\u0103, lama este cromat\u0103<\/li>\n<li>Blocarea lamei fer\u0103str\u0103ului previne \u00eenchiderea nedorit\u0103 \u0219i cre\u0219te siguran\u021ba \u00een timpul lucrului<\/li>\n<li>Lam\u0103 schimbabil\u0103<\/li>\n<li>Aluminiu, m\u00e2ner cauciucat<\/li>\n<\/ul>\n<h3>Caracteristici<\/h3>\n<ul>\n<li>Lungimea de lucru a lamei &#8212; 300 mm<\/li>\n<li>Pas &#8212; 8 din\u021bi per 30 mm<\/li>\n<li>Dimensiuni pliate &#8212; 620 x 80 x 20 mm<\/li>\n<li>Dimensiuni pliate &#8212; 330 x 70 x 20 mm<\/li>\n<li>Raza &#8212; 1300<\/li>\n<li>Greutate &#8212; 325 g<\/li>\n<\/ul>\n<h3>Marca<\/h3>\n<p>Nu mai exist\u0103 multe m\u0103rci \u00een lume care \u0219i-au men\u021binut angajamentul fa\u021b\u0103 de tradi\u021bie \u0219i calitate, iar Silky\u00ae este una dintre ele. Din 1919 \u0219i p\u00e2n\u0103 \u00een prezent, toate produsele Silky\u00ae au fost fabricate \u00een Ono, Japonia, patria celor mai bune unelte din o\u021bel cunoscute \u00een \u00eentreaga lume. Fer\u0103straiele Silky\u00ae sunt proiectate \u0219i fabricate la cele mai \u00eenalte standarde de calitate, care sunt dictate de tehnologia modern\u0103 \u0219i de cele mai exigente cerin\u021be privind uneltele. Toate fer\u0103straiele au lamele ascu\u021bite cu laser \u0219i \u00eent\u0103rite prin impulsuri pentru performan\u021be excep\u021bionale \u0219i o durat\u0103 de via\u021b\u0103 incredibil de lung\u0103. Silky\u00ae continu\u0103 s\u0103 ridice \u0219tacheta calit\u0103\u021bii, rezisten\u021bei \u0219i performan\u021bei de t\u0103iere pe care nimeni nu le poate egala. Lider \u00een industrie cu designul \u0219i inova\u021bia sa, Silky\u00ae a devenit cuv\u00e2ntul universal pentru cei care doresc s\u0103 cumpere cel mai bun fer\u0103str\u0103u disponibil.<\/p>\n<p><\/p>","protected":false},"excerpt":{"rendered":"<p>Fer\u0103str\u0103u Silky Gomboy 300<\/p>","protected":false},"featured_media":31831,"comment_status":"open","ping_status":"closed","template":"","meta":{"_acf_changed":false,"inline_featured_image":false},"product_brand":[1427],"product_cat":[357],"product_tag":[],"class_list":{"0":"post-31835","1":"product","2":"type-product","3":"status-publish","4":"has-post-thumbnail","6":"product_brand-silky","7":"product_cat-instrumenti","9":"first","10":"instock","11":"shipping-taxable","12":"purchasable","13":"product-type-simple"},"acf":[],"yoast_head":"<!-- This site is optimized with the Yoast SEO plugin v27.4 - https:\/\/yoast.com\/product\/yoast-seo-wordpress\/ -->\n<title>\u041f\u0438\u043b\u0430 Silky Gomboy 300 - \u041c\u0430\u0433\u0430\u0437\u0438\u043d Xstyle<\/title>\n<meta name=\"description\" content=\"\u041f\u0438\u043b\u0430 Silky Gomboy 300 \u2013 \u043a\u043e\u043c\u043f\u0430\u043a\u0442\u043d\u044b\u0439 \u0438 \u043b\u0435\u0433\u043a\u0438\u0439 \u0438\u043d\u0441\u0442\u0440\u0443\u043c\u0435\u043d\u0442 \u0434\u043b\u044f \u0441\u0430\u0434\u043e\u0432\u043e\u0434\u043e\u0432 \u0438 \u043f\u043b\u043e\u0442\u043d\u0438\u043a\u043e\u0432. \u0418\u0434\u0435\u0430\u043b\u044c\u043d\u0430 \u0434\u043b\u044f \u0440\u0435\u0437\u043a\u0438 \u0431\u043b\u0430\u0433\u043e\u0434\u0430\u0440\u044f 300 \u043c\u043c \u043b\u0435\u0437\u0432\u0438\u044e \u0438 \u0441\u0440\u0435\u0434\u043d\u0438\u043c \u0437\u0443\u0431\u044c\u044f\u043c.\" \/>\n<meta name=\"robots\" content=\"index, follow, max-snippet:-1, max-image-preview:large, max-video-preview:-1\" \/>\n<link rel=\"canonical\" href=\"https:\/\/xstyle.md\/ro\/produs\/pila-silky-gomboy-300\/\" \/>\n<meta property=\"og:locale\" content=\"ro_RO\" \/>\n<meta property=\"og:type\" content=\"article\" \/>\n<meta property=\"og:title\" content=\"\u041f\u0438\u043b\u0430 Silky Gomboy 300 - \u041c\u0430\u0433\u0430\u0437\u0438\u043d Xstyle\" \/>\n<meta property=\"og:description\" content=\"\u041f\u0438\u043b\u0430 Silky Gomboy 300 \u2013 \u043a\u043e\u043c\u043f\u0430\u043a\u0442\u043d\u044b\u0439 \u0438 \u043b\u0435\u0433\u043a\u0438\u0439 \u0438\u043d\u0441\u0442\u0440\u0443\u043c\u0435\u043d\u0442 \u0434\u043b\u044f \u0441\u0430\u0434\u043e\u0432\u043e\u0434\u043e\u0432 \u0438 \u043f\u043b\u043e\u0442\u043d\u0438\u043a\u043e\u0432. \u0418\u0434\u0435\u0430\u043b\u044c\u043d\u0430 \u0434\u043b\u044f \u0440\u0435\u0437\u043a\u0438 \u0431\u043b\u0430\u0433\u043e\u0434\u0430\u0440\u044f 300 \u043c\u043c \u043b\u0435\u0437\u0432\u0438\u044e \u0438 \u0441\u0440\u0435\u0434\u043d\u0438\u043c \u0437\u0443\u0431\u044c\u044f\u043c.\" \/>\n<meta property=\"og:url\" content=\"https:\/\/xstyle.md\/ro\/produs\/pila-silky-gomboy-300\/\" \/>\n<meta property=\"og:site_name\" content=\"\u041c\u0430\u0433\u0430\u0437\u0438\u043d Xstyle\" \/>\n<meta property=\"article:publisher\" content=\"https:\/\/www.facebook.com\/xstylemd\" \/>\n<meta property=\"article:modified_time\" content=\"2025-08-24T21:06:31+00:00\" \/>\n<meta property=\"og:image\" content=\"https:\/\/xstyle.md\/wp-content\/uploads\/2021\/04\/silky_gomboy_300-1_1.jpg\" \/>\n\t<meta property=\"og:image:width\" content=\"649\" \/>\n\t<meta property=\"og:image:height\" content=\"716\" \/>\n\t<meta property=\"og:image:type\" content=\"image\/jpeg\" \/>\n<meta name=\"twitter:card\" content=\"summary_large_image\" \/>\n<meta name=\"twitter:label1\" content=\"Pre\u021b\" \/>\n\t<meta name=\"twitter:data1\" content=\"1.690&nbsp;MDL\" \/>\n\t<meta name=\"twitter:label2\" content=\"Disponibilitate\" \/>\n\t<meta name=\"twitter:data2\" content=\"\u00cen stoc\" \/>\n<script type=\"application\/ld+json\" class=\"yoast-schema-graph\">{\"@context\":\"https:\\\/\\\/schema.org\",\"@graph\":[{\"@type\":\"WebPage\",\"@id\":\"https:\\\/\\\/xstyle.md\\\/product\\\/pila-silky-gomboy-300\\\/\",\"url\":\"https:\\\/\\\/xstyle.md\\\/product\\\/pila-silky-gomboy-300\\\/\",\"name\":\"\u041f\u0438\u043b\u0430 Silky Gomboy 300 - \u041c\u0430\u0433\u0430\u0437\u0438\u043d Xstyle\",\"isPartOf\":{\"@id\":\"https:\\\/\\\/xstyle.md\\\/#website\"},\"primaryImageOfPage\":{\"@id\":\"https:\\\/\\\/xstyle.md\\\/product\\\/pila-silky-gomboy-300\\\/#primaryimage\"},\"image\":{\"@id\":\"https:\\\/\\\/xstyle.md\\\/product\\\/pila-silky-gomboy-300\\\/#primaryimage\"},\"thumbnailUrl\":\"https:\\\/\\\/xstyle.md\\\/wp-content\\\/uploads\\\/2021\\\/04\\\/silky_gomboy_300-1_1.jpg\",\"datePublished\":\"2021-04-28T14:09:23+00:00\",\"dateModified\":\"2025-08-24T21:06:31+00:00\",\"description\":\"\u041f\u0438\u043b\u0430 Silky Gomboy 300 \u2013 \u043a\u043e\u043c\u043f\u0430\u043a\u0442\u043d\u044b\u0439 \u0438 \u043b\u0435\u0433\u043a\u0438\u0439 \u0438\u043d\u0441\u0442\u0440\u0443\u043c\u0435\u043d\u0442 \u0434\u043b\u044f \u0441\u0430\u0434\u043e\u0432\u043e\u0434\u043e\u0432 \u0438 \u043f\u043b\u043e\u0442\u043d\u0438\u043a\u043e\u0432. \u0418\u0434\u0435\u0430\u043b\u044c\u043d\u0430 \u0434\u043b\u044f \u0440\u0435\u0437\u043a\u0438 \u0431\u043b\u0430\u0433\u043e\u0434\u0430\u0440\u044f 300 \u043c\u043c \u043b\u0435\u0437\u0432\u0438\u044e \u0438 \u0441\u0440\u0435\u0434\u043d\u0438\u043c \u0437\u0443\u0431\u044c\u044f\u043c.\",\"breadcrumb\":{\"@id\":\"https:\\\/\\\/xstyle.md\\\/product\\\/pila-silky-gomboy-300\\\/#breadcrumb\"},\"inLanguage\":\"ro-RO\",\"potentialAction\":[{\"@type\":\"ReadAction\",\"target\":[\"https:\\\/\\\/xstyle.md\\\/product\\\/pila-silky-gomboy-300\\\/\"]}]},{\"@type\":\"ImageObject\",\"inLanguage\":\"ro-RO\",\"@id\":\"https:\\\/\\\/xstyle.md\\\/product\\\/pila-silky-gomboy-300\\\/#primaryimage\",\"url\":\"https:\\\/\\\/xstyle.md\\\/wp-content\\\/uploads\\\/2021\\\/04\\\/silky_gomboy_300-1_1.jpg\",\"contentUrl\":\"https:\\\/\\\/xstyle.md\\\/wp-content\\\/uploads\\\/2021\\\/04\\\/silky_gomboy_300-1_1.jpg\",\"width\":649,\"height\":716},{\"@type\":\"BreadcrumbList\",\"@id\":\"https:\\\/\\\/xstyle.md\\\/product\\\/pila-silky-gomboy-300\\\/#breadcrumb\",\"itemListElement\":[{\"@type\":\"ListItem\",\"position\":1,\"name\":\"\u0413\u043b\u0430\u0432\u043d\u0430\u044f \u0441\u0442\u0440\u0430\u043d\u0438\u0446\u0430\",\"item\":\"https:\\\/\\\/xstyle.md\\\/\"},{\"@type\":\"ListItem\",\"position\":2,\"name\":\"\u041c\u0430\u0433\u0430\u0437\u0438\u043d\",\"item\":\"https:\\\/\\\/xstyle.md\\\/shop\\\/\"},{\"@type\":\"ListItem\",\"position\":3,\"name\":\"\u041f\u0438\u043b\u0430 Silky Gomboy 300\"}]},{\"@type\":\"WebSite\",\"@id\":\"https:\\\/\\\/xstyle.md\\\/#website\",\"url\":\"https:\\\/\\\/xstyle.md\\\/\",\"name\":\"\u041c\u0430\u0433\u0430\u0437\u0438\u043d Xstyle\",\"description\":\"C\u043d\u0430\u0440\u044f\u0436\u0435\u043d\u0438\u0435 \u0434\u043b\u044f \u0442\u0443\u0440\u0438\u0437\u043c\u0430 \u0438 \u044d\u043a\u0441\u0442\u0440\u0435\u043c\u0430\u043b\u044c\u043d\u044b\u0445 \u0432\u0438\u0434\u043e\u0432 \u0441\u043f\u043e\u0440\u0442\u0430 \u0432 \u041c\u043e\u043b\u0434\u043e\u0432\u0435.. \u0426\u0435\u043d\u044b, \u0444\u043e\u0442\u043e, \u0445\u0430\u0440\u0430\u043a\u0442\u0435\u0440\u0438\u0441\u0442\u0438\u043a\u0438 \u0432 \u041c\u043e\u043b\u0434\u043e\u0432\u0435.\",\"publisher\":{\"@id\":\"https:\\\/\\\/xstyle.md\\\/#organization\"},\"alternateName\":\"X-Style\",\"potentialAction\":[{\"@type\":\"SearchAction\",\"target\":{\"@type\":\"EntryPoint\",\"urlTemplate\":\"https:\\\/\\\/xstyle.md\\\/?s={search_term_string}\"},\"query-input\":{\"@type\":\"PropertyValueSpecification\",\"valueRequired\":true,\"valueName\":\"search_term_string\"}}],\"inLanguage\":\"ro-RO\"},{\"@type\":\"Organization\",\"@id\":\"https:\\\/\\\/xstyle.md\\\/#organization\",\"name\":\"\u041c\u0430\u0433\u0430\u0437\u0438\u043d Xstyle\",\"alternateName\":\"x-style\",\"url\":\"https:\\\/\\\/xstyle.md\\\/\",\"logo\":{\"@type\":\"ImageObject\",\"inLanguage\":\"ro-RO\",\"@id\":\"https:\\\/\\\/xstyle.md\\\/#\\\/schema\\\/logo\\\/image\\\/\",\"url\":\"https:\\\/\\\/xstyle.md\\\/wp-content\\\/uploads\\\/2020\\\/06\\\/logoicon.svg\",\"contentUrl\":\"https:\\\/\\\/xstyle.md\\\/wp-content\\\/uploads\\\/2020\\\/06\\\/logoicon.svg\",\"caption\":\"\u041c\u0430\u0433\u0430\u0437\u0438\u043d Xstyle\"},\"image\":{\"@id\":\"https:\\\/\\\/xstyle.md\\\/#\\\/schema\\\/logo\\\/image\\\/\"},\"sameAs\":[\"https:\\\/\\\/www.facebook.com\\\/xstylemd\",\"https:\\\/\\\/www.instagram.com\\\/xstyle_md\\\/\",\"https:\\\/\\\/t.me\\\/xstyle_outdoor\"],\"hasMerchantReturnPolicy\":{\"@type\":\"MerchantReturnPolicy\",\"merchantReturnLink\":\"https:\\\/\\\/xstyle.md\\\/ro\\\/conditions\\\/\"}}]}<\/script>\n<meta property=\"product:price:amount\" content=\"1690.00\" \/>\n<meta property=\"product:price:currency\" content=\"MDL\" \/>\n<meta property=\"og:availability\" content=\"instock\" \/>\n<meta property=\"product:availability\" content=\"instock\" \/>\n<meta property=\"product:retailer_item_id\" content=\"4903585717300\" \/>\n<meta property=\"product:condition\" content=\"new\" \/>\n<!-- \/ Yoast SEO plugin. -->","yoast_head_json":{"title":"Fer\u0103str\u0103u Silky Gomboy 300 - Magazin Xstyle","description":"Pila Silky Gomboy 300 \u2013 un instrument compact \u0219i u\u0219or pentru gr\u0103dinari \u0219i t\u00e2mplari. Ideal pentru t\u0103iere datorit\u0103 lamei de 300 mm \u0219i din\u021bilor medii.","robots":{"index":"index","follow":"follow","max-snippet":"max-snippet:-1","max-image-preview":"max-image-preview:large","max-video-preview":"max-video-preview:-1"},"canonical":"https:\/\/xstyle.md\/ro\/produs\/pila-silky-gomboy-300\/","og_locale":"ro_RO","og_type":"article","og_title":"\u041f\u0438\u043b\u0430 Silky Gomboy 300 - \u041c\u0430\u0433\u0430\u0437\u0438\u043d Xstyle","og_description":"\u041f\u0438\u043b\u0430 Silky Gomboy 300 \u2013 \u043a\u043e\u043c\u043f\u0430\u043a\u0442\u043d\u044b\u0439 \u0438 \u043b\u0435\u0433\u043a\u0438\u0439 \u0438\u043d\u0441\u0442\u0440\u0443\u043c\u0435\u043d\u0442 \u0434\u043b\u044f \u0441\u0430\u0434\u043e\u0432\u043e\u0434\u043e\u0432 \u0438 \u043f\u043b\u043e\u0442\u043d\u0438\u043a\u043e\u0432. \u0418\u0434\u0435\u0430\u043b\u044c\u043d\u0430 \u0434\u043b\u044f \u0440\u0435\u0437\u043a\u0438 \u0431\u043b\u0430\u0433\u043e\u0434\u0430\u0440\u044f 300 \u043c\u043c \u043b\u0435\u0437\u0432\u0438\u044e \u0438 \u0441\u0440\u0435\u0434\u043d\u0438\u043c \u0437\u0443\u0431\u044c\u044f\u043c.","og_url":"https:\/\/xstyle.md\/ro\/produs\/pila-silky-gomboy-300\/","og_site_name":"\u041c\u0430\u0433\u0430\u0437\u0438\u043d Xstyle","article_publisher":"https:\/\/www.facebook.com\/xstylemd","article_modified_time":"2025-08-24T21:06:31+00:00","og_image":[{"width":649,"height":716,"url":"https:\/\/xstyle.md\/wp-content\/uploads\/2021\/04\/silky_gomboy_300-1_1.jpg","type":"image\/jpeg"}],"twitter_card":"summary_large_image","twitter_misc":{"Pre\u021b":"1.690&nbsp;MDL","Disponibilitate":"\u00cen stoc"},"schema":{"@context":"https:\/\/schema.org","@graph":[{"@type":"WebPage","@id":"https:\/\/xstyle.md\/product\/pila-silky-gomboy-300\/","url":"https:\/\/xstyle.md\/product\/pila-silky-gomboy-300\/","name":"Fer\u0103str\u0103u Silky Gomboy 300 - Magazin Xstyle","isPartOf":{"@id":"https:\/\/xstyle.md\/#website"},"primaryImageOfPage":{"@id":"https:\/\/xstyle.md\/product\/pila-silky-gomboy-300\/#primaryimage"},"image":{"@id":"https:\/\/xstyle.md\/product\/pila-silky-gomboy-300\/#primaryimage"},"thumbnailUrl":"https:\/\/xstyle.md\/wp-content\/uploads\/2021\/04\/silky_gomboy_300-1_1.jpg","datePublished":"2021-04-28T14:09:23+00:00","dateModified":"2025-08-24T21:06:31+00:00","description":"Pila Silky Gomboy 300 \u2013 un instrument compact \u0219i u\u0219or pentru gr\u0103dinari \u0219i t\u00e2mplari. Ideal pentru t\u0103iere datorit\u0103 lamei de 300 mm \u0219i din\u021bilor medii.","breadcrumb":{"@id":"https:\/\/xstyle.md\/product\/pila-silky-gomboy-300\/#breadcrumb"},"inLanguage":"ro-RO","potentialAction":[{"@type":"ReadAction","target":["https:\/\/xstyle.md\/product\/pila-silky-gomboy-300\/"]}]},{"@type":"ImageObject","inLanguage":"ro-RO","@id":"https:\/\/xstyle.md\/product\/pila-silky-gomboy-300\/#primaryimage","url":"https:\/\/xstyle.md\/wp-content\/uploads\/2021\/04\/silky_gomboy_300-1_1.jpg","contentUrl":"https:\/\/xstyle.md\/wp-content\/uploads\/2021\/04\/silky_gomboy_300-1_1.jpg","width":649,"height":716},{"@type":"BreadcrumbList","@id":"https:\/\/xstyle.md\/product\/pila-silky-gomboy-300\/#breadcrumb","itemListElement":[{"@type":"ListItem","position":1,"name":"\u0413\u043b\u0430\u0432\u043d\u0430\u044f \u0441\u0442\u0440\u0430\u043d\u0438\u0446\u0430","item":"https:\/\/xstyle.md\/"},{"@type":"ListItem","position":2,"name":"\u041c\u0430\u0433\u0430\u0437\u0438\u043d","item":"https:\/\/xstyle.md\/shop\/"},{"@type":"ListItem","position":3,"name":"\u041f\u0438\u043b\u0430 Silky Gomboy 300"}]},{"@type":"WebSite","@id":"https:\/\/xstyle.md\/#website","url":"https:\/\/xstyle.md\/","name":"Magazinul X-Style","description":"Echipamente pentru turism \u0219i sporturi extreme \u00een Moldova. Pre\u021buri, fotografii, caracteristici \u00een Moldova.","publisher":{"@id":"https:\/\/xstyle.md\/#organization"},"alternateName":"X-Style","potentialAction":[{"@type":"SearchAction","target":{"@type":"EntryPoint","urlTemplate":"https:\/\/xstyle.md\/?s={search_term_string}"},"query-input":{"@type":"PropertyValueSpecification","valueRequired":true,"valueName":"search_term_string"}}],"inLanguage":"ro-RO"},{"@type":"Organization","@id":"https:\/\/xstyle.md\/#organization","name":"Magazinul X-Style","alternateName":"x-style","url":"https:\/\/xstyle.md\/","logo":{"@type":"ImageObject","inLanguage":"ro-RO","@id":"https:\/\/xstyle.md\/#\/schema\/logo\/image\/","url":"https:\/\/xstyle.md\/wp-content\/uploads\/2020\/06\/logoicon.svg","contentUrl":"https:\/\/xstyle.md\/wp-content\/uploads\/2020\/06\/logoicon.svg","caption":"\u041c\u0430\u0433\u0430\u0437\u0438\u043d Xstyle"},"image":{"@id":"https:\/\/xstyle.md\/#\/schema\/logo\/image\/"},"sameAs":["https:\/\/www.facebook.com\/xstylemd","https:\/\/www.instagram.com\/xstyle_md\/","https:\/\/t.me\/xstyle_outdoor"],"hasMerchantReturnPolicy":{"@type":"MerchantReturnPolicy","merchantReturnLink":"https:\/\/xstyle.md\/ro\/conditions\/"}}]},"product_price_amount":"1690.00","product_price_currency":"MDL","og_availability":"instock","product_availability":"instock","product_retailer_item_id":"4903585717300","product_condition":"new"},"_links":{"self":[{"href":"https:\/\/xstyle.md\/ro\/wp-json\/wp\/v2\/product\/31835","targetHints":{"allow":["GET"]}}],"collection":[{"href":"https:\/\/xstyle.md\/ro\/wp-json\/wp\/v2\/product"}],"about":[{"href":"https:\/\/xstyle.md\/ro\/wp-json\/wp\/v2\/types\/product"}],"replies":[{"embeddable":true,"href":"https:\/\/xstyle.md\/ro\/wp-json\/wp\/v2\/comments?post=31835"}],"wp:featuredmedia":[{"embeddable":true,"href":"https:\/\/xstyle.md\/ro\/wp-json\/wp\/v2\/media\/31831"}],"wp:attachment":[{"href":"https:\/\/xstyle.md\/ro\/wp-json\/wp\/v2\/media?parent=31835"}],"wp:term":[{"taxonomy":"product_brand","embeddable":true,"href":"https:\/\/xstyle.md\/ro\/wp-json\/wp\/v2\/product_brand?post=31835"},{"taxonomy":"product_cat","embeddable":true,"href":"https:\/\/xstyle.md\/ro\/wp-json\/wp\/v2\/product_cat?post=31835"},{"taxonomy":"product_tag","embeddable":true,"href":"https:\/\/xstyle.md\/ro\/wp-json\/wp\/v2\/product_tag?post=31835"}],"curies":[{"name":"wp","href":"https:\/\/api.w.org\/{rel}","templated":true}]}}