{"id":31830,"date":"2021-04-28T17:09:15","date_gmt":"2021-04-28T14:09:15","guid":{"rendered":"https:\/\/xstyle.md\/product\/pila-silky-bigboy-2000\/"},"modified":"2025-08-25T00:06:31","modified_gmt":"2025-08-24T21:06:31","slug":"pila-silky-bigboy-2000","status":"publish","type":"product","link":"https:\/\/xstyle.md\/ro\/produs\/pila-silky-bigboy-2000\/","title":{"rendered":"Fer\u0103str\u0103u Silky Bigboy 2000"},"content":{"rendered":"<\/p>\n<p><strong>Silky Bigboy 2000<\/strong> &#8212; fer\u0103str\u0103ul pliabil de camping are o lam\u0103 curbat\u0103 \u0219i este excelent pentru t\u0103ierea lemnului proasp\u0103t \u00eentr-o excursie de camping sau \u00een p\u0103dure. \u00cen zonele \u00een care utilizarea unui fer\u0103str\u0103u cu lan\u021b este interzis\u0103 sau nerecomandat\u0103, acest fer\u0103str\u0103u manual rapid este o alternativ\u0103 excelent\u0103.<\/p>\n<p>Lama poate fi u\u0219or pliat\u0103 \u0219i desf\u0103cut\u0103 cu butonul de blocare \u0219i are dou\u0103 moduri diferite de t\u0103iere. M\u00e2nerul din cauciuc asigur\u0103 o prindere sigur\u0103 \u0219i confortabil\u0103 \u0219i este suficient de mare pentru a fi utilizat cu dou\u0103 m\u00e2ini. O gaur\u0103 \u00een m\u00e2ner v\u0103 permite s\u0103 ata\u0219a\u021bi un carabinier sau o fr\u00e2nghie la fer\u0103str\u0103u.<\/p>\n<h3>Particularit\u0103\u021bi<\/h3>\n<ul>\n<li>Lama nefiletat\u0103, datorit\u0103 formei sale conice, minimizeaz\u0103 frecarea la t\u0103iere<\/li>\n<li>Din\u021bii sunt orienta\u021bi spre m\u00e2ner pentru o limare u\u0219oar\u0103<\/li>\n<li>Din\u021bii sunt c\u0103li\u021bi pentru o durat\u0103 de via\u021b\u0103 semnificativ mai lung\u0103, lama este cromat\u0103<\/li>\n<li>Lama poate fi schimbat\u0103<\/li>\n<li>Lamele drepte \u0219i curbate sunt interschimbabile<\/li>\n<li>M\u00e2nerul din aluminiu, cauciucat, poate bloca lama \u00een 2 pozi\u021bii.<\/li>\n<\/ul>\n<h3>Caracteristici<\/h3>\n<ul>\n<li>Lungimea de lucru a lamei &#8212; 360 mm<\/li>\n<li>Pas &#8212; 6,5 din\u021bi per 30 mm<\/li>\n<li>Dimensiuni pliate &#8212; 760 x 90 x 20 mm<\/li>\n<li>Dimensiuni pliate &#8212; 470 x 110 x 25 mm<\/li>\n<li>Raza &#8212; 2000<\/li>\n<li>Greutate - 480 g<\/li>\n<\/ul>\n<h3>Marca<\/h3>\n<p>Nu mai exist\u0103 multe m\u0103rci \u00een lume care \u0219i-au men\u021binut angajamentul fa\u021b\u0103 de tradi\u021bie \u0219i calitate, iar Silky\u00ae este una dintre ele. Din 1919 \u0219i p\u00e2n\u0103 \u00een prezent, toate produsele Silky\u00ae au fost fabricate \u00een Ono, Japonia, patria celor mai bune unelte din o\u021bel cunoscute \u00een \u00eentreaga lume. Fer\u0103straiele Silky\u00ae sunt proiectate \u0219i fabricate la cele mai \u00eenalte standarde de calitate, care sunt dictate de tehnologia modern\u0103 \u0219i de cele mai exigente cerin\u021be privind uneltele. Toate fer\u0103straiele au lamele ascu\u021bite cu laser \u0219i \u00eent\u0103rite prin impulsuri pentru performan\u021be excep\u021bionale \u0219i o durat\u0103 de via\u021b\u0103 incredibil de lung\u0103. Silky\u00ae continu\u0103 s\u0103 ridice \u0219tacheta calit\u0103\u021bii, rezisten\u021bei \u0219i performan\u021bei de t\u0103iere pe care nimeni nu le poate egala. Lider \u00een industrie cu designul \u0219i inova\u021bia sa, Silky\u00ae a devenit cuv\u00e2ntul universal pentru cei care doresc s\u0103 cumpere cel mai bun fer\u0103str\u0103u disponibil.<\/p>\n<p><\/p>","protected":false},"excerpt":{"rendered":"<p>Fer\u0103str\u0103u Silky Bigboy 2000<\/p>","protected":false},"featured_media":31827,"comment_status":"open","ping_status":"closed","template":"","meta":{"_acf_changed":false,"inline_featured_image":false},"product_brand":[1427],"product_cat":[357],"product_tag":[],"class_list":{"0":"post-31830","1":"product","2":"type-product","3":"status-publish","4":"has-post-thumbnail","6":"product_brand-silky","7":"product_cat-instrumenti","9":"first","10":"instock","11":"shipping-taxable","12":"purchasable","13":"product-type-simple"},"acf":[],"yoast_head":"<!-- This site is optimized with the Yoast SEO plugin v27.4 - https:\/\/yoast.com\/product\/yoast-seo-wordpress\/ -->\n<title>\u041f\u0438\u043b\u0430 Silky Bigboy 2000 - \u041c\u0430\u0433\u0430\u0437\u0438\u043d Xstyle<\/title>\n<meta name=\"description\" content=\"\u041f\u0438\u043b\u0430 Silky Bigboy 2000 - \u0438\u0434\u0435\u0430\u043b\u044c\u043d\u044b\u0439 \u0438\u043d\u0441\u0442\u0440\u0443\u043c\u0435\u043d\u0442 \u0434\u043b\u044f \u043a\u0435\u043c\u043f\u0438\u043d\u0433\u0430 \u0438 \u043f\u043e\u0445\u043e\u0434\u043e\u0432. \u041b\u0435\u0433\u043a\u0430\u044f, \u0441\u043a\u043b\u0430\u0434\u043d\u0430\u044f, \u0441 \u0438\u0437\u043e\u0433\u043d\u0443\u0442\u044b\u043c \u043b\u0435\u0437\u0432\u0438\u0435\u043c, \u043f\u043e\u0434\u0445\u043e\u0434\u0438\u0442 \u0434\u043b\u044f \u0441\u0432\u0435\u0436\u0435\u0439 \u0434\u0440\u0435\u0432\u0435\u0441\u0438\u043d\u044b.\" \/>\n<meta name=\"robots\" content=\"index, follow, max-snippet:-1, max-image-preview:large, max-video-preview:-1\" \/>\n<link rel=\"canonical\" href=\"https:\/\/xstyle.md\/ro\/produs\/pila-silky-bigboy-2000\/\" \/>\n<meta property=\"og:locale\" content=\"ro_RO\" \/>\n<meta property=\"og:type\" content=\"article\" \/>\n<meta property=\"og:title\" content=\"\u041f\u0438\u043b\u0430 Silky Bigboy 2000 - \u041c\u0430\u0433\u0430\u0437\u0438\u043d Xstyle\" \/>\n<meta property=\"og:description\" content=\"\u041f\u0438\u043b\u0430 Silky Bigboy 2000 - \u0438\u0434\u0435\u0430\u043b\u044c\u043d\u044b\u0439 \u0438\u043d\u0441\u0442\u0440\u0443\u043c\u0435\u043d\u0442 \u0434\u043b\u044f \u043a\u0435\u043c\u043f\u0438\u043d\u0433\u0430 \u0438 \u043f\u043e\u0445\u043e\u0434\u043e\u0432. \u041b\u0435\u0433\u043a\u0430\u044f, \u0441\u043a\u043b\u0430\u0434\u043d\u0430\u044f, \u0441 \u0438\u0437\u043e\u0433\u043d\u0443\u0442\u044b\u043c \u043b\u0435\u0437\u0432\u0438\u0435\u043c, \u043f\u043e\u0434\u0445\u043e\u0434\u0438\u0442 \u0434\u043b\u044f \u0441\u0432\u0435\u0436\u0435\u0439 \u0434\u0440\u0435\u0432\u0435\u0441\u0438\u043d\u044b.\" \/>\n<meta property=\"og:url\" content=\"https:\/\/xstyle.md\/ro\/produs\/pila-silky-bigboy-2000\/\" \/>\n<meta property=\"og:site_name\" content=\"\u041c\u0430\u0433\u0430\u0437\u0438\u043d Xstyle\" \/>\n<meta property=\"article:publisher\" content=\"https:\/\/www.facebook.com\/xstylemd\" \/>\n<meta property=\"article:modified_time\" content=\"2025-08-24T21:06:31+00:00\" \/>\n<meta property=\"og:image\" content=\"https:\/\/xstyle.md\/wp-content\/uploads\/2021\/04\/silky_bigboy_2000-1.jpg\" \/>\n\t<meta property=\"og:image:width\" content=\"620\" \/>\n\t<meta property=\"og:image:height\" content=\"647\" \/>\n\t<meta property=\"og:image:type\" content=\"image\/jpeg\" \/>\n<meta name=\"twitter:card\" content=\"summary_large_image\" \/>\n<meta name=\"twitter:label1\" content=\"Pre\u021b\" \/>\n\t<meta name=\"twitter:data1\" content=\"1.990&nbsp;MDL\" \/>\n\t<meta name=\"twitter:label2\" content=\"Disponibilitate\" \/>\n\t<meta name=\"twitter:data2\" content=\"\u00cen stoc\" \/>\n<script type=\"application\/ld+json\" class=\"yoast-schema-graph\">{\"@context\":\"https:\\\/\\\/schema.org\",\"@graph\":[{\"@type\":\"WebPage\",\"@id\":\"https:\\\/\\\/xstyle.md\\\/product\\\/pila-silky-bigboy-2000\\\/\",\"url\":\"https:\\\/\\\/xstyle.md\\\/product\\\/pila-silky-bigboy-2000\\\/\",\"name\":\"\u041f\u0438\u043b\u0430 Silky Bigboy 2000 - \u041c\u0430\u0433\u0430\u0437\u0438\u043d Xstyle\",\"isPartOf\":{\"@id\":\"https:\\\/\\\/xstyle.md\\\/#website\"},\"primaryImageOfPage\":{\"@id\":\"https:\\\/\\\/xstyle.md\\\/product\\\/pila-silky-bigboy-2000\\\/#primaryimage\"},\"image\":{\"@id\":\"https:\\\/\\\/xstyle.md\\\/product\\\/pila-silky-bigboy-2000\\\/#primaryimage\"},\"thumbnailUrl\":\"https:\\\/\\\/xstyle.md\\\/wp-content\\\/uploads\\\/2021\\\/04\\\/silky_bigboy_2000-1.jpg\",\"datePublished\":\"2021-04-28T14:09:15+00:00\",\"dateModified\":\"2025-08-24T21:06:31+00:00\",\"description\":\"\u041f\u0438\u043b\u0430 Silky Bigboy 2000 - \u0438\u0434\u0435\u0430\u043b\u044c\u043d\u044b\u0439 \u0438\u043d\u0441\u0442\u0440\u0443\u043c\u0435\u043d\u0442 \u0434\u043b\u044f \u043a\u0435\u043c\u043f\u0438\u043d\u0433\u0430 \u0438 \u043f\u043e\u0445\u043e\u0434\u043e\u0432. \u041b\u0435\u0433\u043a\u0430\u044f, \u0441\u043a\u043b\u0430\u0434\u043d\u0430\u044f, \u0441 \u0438\u0437\u043e\u0433\u043d\u0443\u0442\u044b\u043c \u043b\u0435\u0437\u0432\u0438\u0435\u043c, \u043f\u043e\u0434\u0445\u043e\u0434\u0438\u0442 \u0434\u043b\u044f \u0441\u0432\u0435\u0436\u0435\u0439 \u0434\u0440\u0435\u0432\u0435\u0441\u0438\u043d\u044b.\",\"breadcrumb\":{\"@id\":\"https:\\\/\\\/xstyle.md\\\/product\\\/pila-silky-bigboy-2000\\\/#breadcrumb\"},\"inLanguage\":\"ro-RO\",\"potentialAction\":[{\"@type\":\"ReadAction\",\"target\":[\"https:\\\/\\\/xstyle.md\\\/product\\\/pila-silky-bigboy-2000\\\/\"]}]},{\"@type\":\"ImageObject\",\"inLanguage\":\"ro-RO\",\"@id\":\"https:\\\/\\\/xstyle.md\\\/product\\\/pila-silky-bigboy-2000\\\/#primaryimage\",\"url\":\"https:\\\/\\\/xstyle.md\\\/wp-content\\\/uploads\\\/2021\\\/04\\\/silky_bigboy_2000-1.jpg\",\"contentUrl\":\"https:\\\/\\\/xstyle.md\\\/wp-content\\\/uploads\\\/2021\\\/04\\\/silky_bigboy_2000-1.jpg\",\"width\":620,\"height\":647},{\"@type\":\"BreadcrumbList\",\"@id\":\"https:\\\/\\\/xstyle.md\\\/product\\\/pila-silky-bigboy-2000\\\/#breadcrumb\",\"itemListElement\":[{\"@type\":\"ListItem\",\"position\":1,\"name\":\"\u0413\u043b\u0430\u0432\u043d\u0430\u044f \u0441\u0442\u0440\u0430\u043d\u0438\u0446\u0430\",\"item\":\"https:\\\/\\\/xstyle.md\\\/\"},{\"@type\":\"ListItem\",\"position\":2,\"name\":\"\u041c\u0430\u0433\u0430\u0437\u0438\u043d\",\"item\":\"https:\\\/\\\/xstyle.md\\\/shop\\\/\"},{\"@type\":\"ListItem\",\"position\":3,\"name\":\"\u041f\u0438\u043b\u0430 Silky Bigboy 2000\"}]},{\"@type\":\"WebSite\",\"@id\":\"https:\\\/\\\/xstyle.md\\\/#website\",\"url\":\"https:\\\/\\\/xstyle.md\\\/\",\"name\":\"\u041c\u0430\u0433\u0430\u0437\u0438\u043d Xstyle\",\"description\":\"C\u043d\u0430\u0440\u044f\u0436\u0435\u043d\u0438\u0435 \u0434\u043b\u044f \u0442\u0443\u0440\u0438\u0437\u043c\u0430 \u0438 \u044d\u043a\u0441\u0442\u0440\u0435\u043c\u0430\u043b\u044c\u043d\u044b\u0445 \u0432\u0438\u0434\u043e\u0432 \u0441\u043f\u043e\u0440\u0442\u0430 \u0432 \u041c\u043e\u043b\u0434\u043e\u0432\u0435.. \u0426\u0435\u043d\u044b, \u0444\u043e\u0442\u043e, \u0445\u0430\u0440\u0430\u043a\u0442\u0435\u0440\u0438\u0441\u0442\u0438\u043a\u0438 \u0432 \u041c\u043e\u043b\u0434\u043e\u0432\u0435.\",\"publisher\":{\"@id\":\"https:\\\/\\\/xstyle.md\\\/#organization\"},\"alternateName\":\"X-Style\",\"potentialAction\":[{\"@type\":\"SearchAction\",\"target\":{\"@type\":\"EntryPoint\",\"urlTemplate\":\"https:\\\/\\\/xstyle.md\\\/?s={search_term_string}\"},\"query-input\":{\"@type\":\"PropertyValueSpecification\",\"valueRequired\":true,\"valueName\":\"search_term_string\"}}],\"inLanguage\":\"ro-RO\"},{\"@type\":\"Organization\",\"@id\":\"https:\\\/\\\/xstyle.md\\\/#organization\",\"name\":\"\u041c\u0430\u0433\u0430\u0437\u0438\u043d Xstyle\",\"alternateName\":\"x-style\",\"url\":\"https:\\\/\\\/xstyle.md\\\/\",\"logo\":{\"@type\":\"ImageObject\",\"inLanguage\":\"ro-RO\",\"@id\":\"https:\\\/\\\/xstyle.md\\\/#\\\/schema\\\/logo\\\/image\\\/\",\"url\":\"https:\\\/\\\/xstyle.md\\\/wp-content\\\/uploads\\\/2020\\\/06\\\/logoicon.svg\",\"contentUrl\":\"https:\\\/\\\/xstyle.md\\\/wp-content\\\/uploads\\\/2020\\\/06\\\/logoicon.svg\",\"caption\":\"\u041c\u0430\u0433\u0430\u0437\u0438\u043d Xstyle\"},\"image\":{\"@id\":\"https:\\\/\\\/xstyle.md\\\/#\\\/schema\\\/logo\\\/image\\\/\"},\"sameAs\":[\"https:\\\/\\\/www.facebook.com\\\/xstylemd\",\"https:\\\/\\\/www.instagram.com\\\/xstyle_md\\\/\",\"https:\\\/\\\/t.me\\\/xstyle_outdoor\"],\"hasMerchantReturnPolicy\":{\"@type\":\"MerchantReturnPolicy\",\"merchantReturnLink\":\"https:\\\/\\\/xstyle.md\\\/ro\\\/conditions\\\/\"}}]}<\/script>\n<meta property=\"product:price:amount\" content=\"1990.00\" \/>\n<meta property=\"product:price:currency\" content=\"MDL\" \/>\n<meta property=\"og:availability\" content=\"instock\" \/>\n<meta property=\"product:availability\" content=\"instock\" \/>\n<meta property=\"product:retailer_item_id\" content=\"4903585356363\" \/>\n<meta property=\"product:condition\" content=\"new\" \/>\n<!-- \/ Yoast SEO plugin. -->","yoast_head_json":{"title":"Fer\u0103str\u0103u Silky Bigboy 2000 - Magazin Xstyle","description":"Pila Silky Bigboy 2000 - instrumentul ideal pentru camping \u0219i drume\u021bii. U\u0219oar\u0103, pliat\u0103, cu lama curbat\u0103, potrivit\u0103 pentru lemnul proasp\u0103t.","robots":{"index":"index","follow":"follow","max-snippet":"max-snippet:-1","max-image-preview":"max-image-preview:large","max-video-preview":"max-video-preview:-1"},"canonical":"https:\/\/xstyle.md\/ro\/produs\/pila-silky-bigboy-2000\/","og_locale":"ro_RO","og_type":"article","og_title":"\u041f\u0438\u043b\u0430 Silky Bigboy 2000 - \u041c\u0430\u0433\u0430\u0437\u0438\u043d Xstyle","og_description":"\u041f\u0438\u043b\u0430 Silky Bigboy 2000 - \u0438\u0434\u0435\u0430\u043b\u044c\u043d\u044b\u0439 \u0438\u043d\u0441\u0442\u0440\u0443\u043c\u0435\u043d\u0442 \u0434\u043b\u044f \u043a\u0435\u043c\u043f\u0438\u043d\u0433\u0430 \u0438 \u043f\u043e\u0445\u043e\u0434\u043e\u0432. \u041b\u0435\u0433\u043a\u0430\u044f, \u0441\u043a\u043b\u0430\u0434\u043d\u0430\u044f, \u0441 \u0438\u0437\u043e\u0433\u043d\u0443\u0442\u044b\u043c \u043b\u0435\u0437\u0432\u0438\u0435\u043c, \u043f\u043e\u0434\u0445\u043e\u0434\u0438\u0442 \u0434\u043b\u044f \u0441\u0432\u0435\u0436\u0435\u0439 \u0434\u0440\u0435\u0432\u0435\u0441\u0438\u043d\u044b.","og_url":"https:\/\/xstyle.md\/ro\/produs\/pila-silky-bigboy-2000\/","og_site_name":"\u041c\u0430\u0433\u0430\u0437\u0438\u043d Xstyle","article_publisher":"https:\/\/www.facebook.com\/xstylemd","article_modified_time":"2025-08-24T21:06:31+00:00","og_image":[{"width":620,"height":647,"url":"https:\/\/xstyle.md\/wp-content\/uploads\/2021\/04\/silky_bigboy_2000-1.jpg","type":"image\/jpeg"}],"twitter_card":"summary_large_image","twitter_misc":{"Pre\u021b":"1.990&nbsp;MDL","Disponibilitate":"\u00cen stoc"},"schema":{"@context":"https:\/\/schema.org","@graph":[{"@type":"WebPage","@id":"https:\/\/xstyle.md\/product\/pila-silky-bigboy-2000\/","url":"https:\/\/xstyle.md\/product\/pila-silky-bigboy-2000\/","name":"Fer\u0103str\u0103u Silky Bigboy 2000 - Magazin Xstyle","isPartOf":{"@id":"https:\/\/xstyle.md\/#website"},"primaryImageOfPage":{"@id":"https:\/\/xstyle.md\/product\/pila-silky-bigboy-2000\/#primaryimage"},"image":{"@id":"https:\/\/xstyle.md\/product\/pila-silky-bigboy-2000\/#primaryimage"},"thumbnailUrl":"https:\/\/xstyle.md\/wp-content\/uploads\/2021\/04\/silky_bigboy_2000-1.jpg","datePublished":"2021-04-28T14:09:15+00:00","dateModified":"2025-08-24T21:06:31+00:00","description":"Pila Silky Bigboy 2000 - instrumentul ideal pentru camping \u0219i drume\u021bii. U\u0219oar\u0103, pliat\u0103, cu lama curbat\u0103, potrivit\u0103 pentru lemnul proasp\u0103t.","breadcrumb":{"@id":"https:\/\/xstyle.md\/product\/pila-silky-bigboy-2000\/#breadcrumb"},"inLanguage":"ro-RO","potentialAction":[{"@type":"ReadAction","target":["https:\/\/xstyle.md\/product\/pila-silky-bigboy-2000\/"]}]},{"@type":"ImageObject","inLanguage":"ro-RO","@id":"https:\/\/xstyle.md\/product\/pila-silky-bigboy-2000\/#primaryimage","url":"https:\/\/xstyle.md\/wp-content\/uploads\/2021\/04\/silky_bigboy_2000-1.jpg","contentUrl":"https:\/\/xstyle.md\/wp-content\/uploads\/2021\/04\/silky_bigboy_2000-1.jpg","width":620,"height":647},{"@type":"BreadcrumbList","@id":"https:\/\/xstyle.md\/product\/pila-silky-bigboy-2000\/#breadcrumb","itemListElement":[{"@type":"ListItem","position":1,"name":"\u0413\u043b\u0430\u0432\u043d\u0430\u044f \u0441\u0442\u0440\u0430\u043d\u0438\u0446\u0430","item":"https:\/\/xstyle.md\/"},{"@type":"ListItem","position":2,"name":"\u041c\u0430\u0433\u0430\u0437\u0438\u043d","item":"https:\/\/xstyle.md\/shop\/"},{"@type":"ListItem","position":3,"name":"\u041f\u0438\u043b\u0430 Silky Bigboy 2000"}]},{"@type":"WebSite","@id":"https:\/\/xstyle.md\/#website","url":"https:\/\/xstyle.md\/","name":"Magazinul X-Style","description":"Echipamente pentru turism \u0219i sporturi extreme \u00een Moldova. Pre\u021buri, fotografii, caracteristici \u00een Moldova.","publisher":{"@id":"https:\/\/xstyle.md\/#organization"},"alternateName":"X-Style","potentialAction":[{"@type":"SearchAction","target":{"@type":"EntryPoint","urlTemplate":"https:\/\/xstyle.md\/?s={search_term_string}"},"query-input":{"@type":"PropertyValueSpecification","valueRequired":true,"valueName":"search_term_string"}}],"inLanguage":"ro-RO"},{"@type":"Organization","@id":"https:\/\/xstyle.md\/#organization","name":"Magazinul X-Style","alternateName":"x-style","url":"https:\/\/xstyle.md\/","logo":{"@type":"ImageObject","inLanguage":"ro-RO","@id":"https:\/\/xstyle.md\/#\/schema\/logo\/image\/","url":"https:\/\/xstyle.md\/wp-content\/uploads\/2020\/06\/logoicon.svg","contentUrl":"https:\/\/xstyle.md\/wp-content\/uploads\/2020\/06\/logoicon.svg","caption":"\u041c\u0430\u0433\u0430\u0437\u0438\u043d Xstyle"},"image":{"@id":"https:\/\/xstyle.md\/#\/schema\/logo\/image\/"},"sameAs":["https:\/\/www.facebook.com\/xstylemd","https:\/\/www.instagram.com\/xstyle_md\/","https:\/\/t.me\/xstyle_outdoor"],"hasMerchantReturnPolicy":{"@type":"MerchantReturnPolicy","merchantReturnLink":"https:\/\/xstyle.md\/ro\/conditions\/"}}]},"product_price_amount":"1990.00","product_price_currency":"MDL","og_availability":"instock","product_availability":"instock","product_retailer_item_id":"4903585356363","product_condition":"new"},"_links":{"self":[{"href":"https:\/\/xstyle.md\/ro\/wp-json\/wp\/v2\/product\/31830","targetHints":{"allow":["GET"]}}],"collection":[{"href":"https:\/\/xstyle.md\/ro\/wp-json\/wp\/v2\/product"}],"about":[{"href":"https:\/\/xstyle.md\/ro\/wp-json\/wp\/v2\/types\/product"}],"replies":[{"embeddable":true,"href":"https:\/\/xstyle.md\/ro\/wp-json\/wp\/v2\/comments?post=31830"}],"wp:featuredmedia":[{"embeddable":true,"href":"https:\/\/xstyle.md\/ro\/wp-json\/wp\/v2\/media\/31827"}],"wp:attachment":[{"href":"https:\/\/xstyle.md\/ro\/wp-json\/wp\/v2\/media?parent=31830"}],"wp:term":[{"taxonomy":"product_brand","embeddable":true,"href":"https:\/\/xstyle.md\/ro\/wp-json\/wp\/v2\/product_brand?post=31830"},{"taxonomy":"product_cat","embeddable":true,"href":"https:\/\/xstyle.md\/ro\/wp-json\/wp\/v2\/product_cat?post=31830"},{"taxonomy":"product_tag","embeddable":true,"href":"https:\/\/xstyle.md\/ro\/wp-json\/wp\/v2\/product_tag?post=31830"}],"curies":[{"name":"wp","href":"https:\/\/api.w.org\/{rel}","templated":true}]}}