{"id":31738,"date":"2021-04-28T17:06:29","date_gmt":"2021-04-28T14:06:29","guid":{"rendered":"https:\/\/xstyle.md\/product\/perchatki-ziener-donni-gtx-black\/"},"modified":"2025-01-15T18:13:26","modified_gmt":"2025-01-15T15:13:26","slug":"perchatki-ziener-donni-gtx-black","status":"publish","type":"product","link":"https:\/\/xstyle.md\/ro\/produs\/perchatki-ziener-donni-gtx-black\/","title":{"rendered":"M\u0103nu\u0219i Ziener Donni GTX black"},"content":{"rendered":"<\/p>\n<p><strong>Ziener Donni GTX black<\/strong> &#8212; m\u0103nu\u0219i de ciclism de iarn\u0103 c\u0103lduroase, rezistente la v\u00e2nt, impresioneaz\u0103 cu palmele anti-alunecare, c\u0103ptu\u0219ite cu gel &#8212; pentru control \u0219i confort total pe ghidon. Tehnologia GORE-TEX INFINIUM\u2122 face ca m\u0103nu\u0219ile s\u0103 fie complet rezistente la v\u00e2nt, hidrofobe \u0219i respirabile. Izola\u021bia cald\u0103 PrimaLoft\u00ae asigur\u0103 o temperatur\u0103 optim\u0103 a m\u00e2inilor \u0219i un control excelent al climatului. Degetele integrale din fleece pot fi folosite pentru a \u0219terge transpira\u021bia. Man\u0219etele din neopren dens cu \u00eenchiz\u0103toare cu velcro asigur\u0103 o bun\u0103 potrivire la \u00eencheieturi. Marginile din velcro protejeaz\u0103 materialul \u0219i sporesc confortul de utilizare.<\/p>\n<h3>Particularit\u0103\u021bi<\/h3>\n<ul>\n<li>M\u0103nu\u0219i multifunc\u021bionale clasice \u0219i sportive<\/li>\n<li>Fermoar cu velcro pentru o siguran\u021b\u0103 suplimentar\u0103<\/li>\n<li>Func\u021bionalitatea tactil\u0103 v\u0103 permite s\u0103 folosi\u021bi un telefon cu ecran tactil \u00een timp ce purta\u021bi m\u0103nu\u0219a<\/li>\n<li>\u00cenveli\u0219 antiderapant pentru o aderen\u021b\u0103 perfect\u0103 \u00een orice situa\u021bie<\/li>\n<li>Material absorbant pe degetul mare pentru a \u0219terge transpira\u021bia<\/li>\n<li>Rezistent\u0103 la v\u00e2nt \u0219i respirabil\u0103<\/li>\n<li>Respirabil\u0103 \u0219i cu uscare rapid\u0103<\/li>\n<li>Palm\u0103 \u00eent\u0103rit\u0103<\/li>\n<\/ul>\n<h3>Caracteristici<\/h3>\n<ul>\n<li>Material &#8212; poliester<\/li>\n<li>Aplicare &#8212; ciclism, ora\u0219<\/li>\n<li>Model \u2014 unisex<\/li>\n<\/ul>\n<p><\/p>\n<h3>Tehnologie<\/h3>\n<ul>\n<li><strong>GORE-TEX INFINIUM<\/strong>\u2122 - membran\u0103 care asigur\u0103 o protec\u021bie absolut\u0103 \u00eempotriva v\u00e2ntului, dar \u00een acela\u0219i timp este respirabil\u0103. Aceasta protejeaz\u0103 eficient \u00eempotriva frigului \u0219i asigur\u0103 un control perfect al umidit\u0103\u021bii. Miliardele de pori ai membranei de protec\u021bie din interiorul m\u0103nu\u0219ilor sunt suficient de mari pentru a filtra umezeala din vaporii de transpira\u021bie. Astfel, m\u00e2inile r\u0103m\u00e2n uscate \u0219i confortabile chiar \u0219i \u00een timpul unei zile active. Aceste m\u0103nu\u0219i sunt ideale pentru toate activit\u0103\u021bile \u00een aer liber, cum ar fi schiul de fond sau schi de tur\u0103 \u00een condi\u021bii meteo moderate.<\/li>\n<li><strong>Touch<\/strong>\u00a0este o func\u021bie care v\u0103 permite s\u0103 folosi\u021bi telefonul tactil f\u0103r\u0103 a v\u0103 scoate m\u0103nu\u0219ile.<\/li>\n<li><strong>Primaloft<\/strong>\u00ae - este un material sintetic care are propriet\u0103\u021bi ridicate de izolare termic\u0103. Testele de laborator au ar\u0103tat c\u0103 PrimaLoft are exact aceea\u0219i moliciune ca \u0219i puful de g\u00e2sc\u0103 \u0219i este mult mai moale dec\u00e2t alte materiale termoizolante similare. Datorit\u0103 acestei caracteristici a materialului, toate produsele realizate din acesta iau forma dorit\u0103.<\/li>\n<\/ul>\n<h3>Marca<\/h3>\n<p>Ziener - marc\u0103 german\u0103 care produce m\u0103nu\u0219i \u0219i \u00eembr\u0103c\u0103minte pentru schi. Istoria companiei a \u00eenceput \u00een anul 1946 cu un atelier care producea m\u0103nu\u0219i pentru utilizare zilnic\u0103. Ulterior, compania a \u00eenceput s\u0103 produc\u0103 m\u0103nu\u0219i de schi de \u00eenalt\u0103 calitate, lucrate manual.<\/p>\n<p>\u00cembr\u0103c\u0103mintea de schi Ziener se distinge prin utilizarea noilor tehnologii \u0219i prin func\u021bionalitatea detaliilor de marc\u0103. Fiecare colec\u021bie de \u00eembr\u0103c\u0103minte de schi Ziener are culori moderne \u0219i o combina\u021bie neobi\u0219nuit\u0103 de materiale \u0219i imprimeuri. La crearea produselor se folose\u0219te tehnologia Thermoshield, care v\u0103 permite s\u0103 p\u0103stra\u021bi c\u0103ldura \u00een interiorul produsului c\u00e2t mai mult posibil. Partenerii companiei sunt: \u200b\u200bGore-Tex, NANOtex \u0219i Primaloft.<\/p>\n<p>\u00cen prezent, brandul Ziener este unul dintre liderii pie\u021bei europene de m\u0103nu\u0219i pentru sporturile de iarn\u0103. Produsele companiei sunt prezente \u00een numeroase \u021b\u0103ri din \u00eentreaga lume.<\/p>","protected":false},"excerpt":{"rendered":"<p>M\u0103nu\u0219i Ziener Donni GTX black<\/p>","protected":false},"featured_media":31737,"comment_status":"open","ping_status":"closed","template":"","meta":{"_acf_changed":false,"inline_featured_image":false},"product_brand":[1313],"product_cat":[886],"product_tag":[],"class_list":{"0":"post-31738","1":"product","2":"type-product","3":"status-publish","4":"has-post-thumbnail","6":"product_brand-ziener","7":"product_cat-manusi-de-ciclism","9":"first","10":"instock","11":"shipping-taxable","12":"purchasable","13":"product-type-simple"},"acf":[],"yoast_head":"<!-- This site is optimized with the Yoast SEO plugin v27.2 - https:\/\/yoast.com\/product\/yoast-seo-wordpress\/ -->\n<title>\u041f\u0435\u0440\u0447\u0430\u0442\u043a\u0438 Ziener Donni GTX black - \u041c\u0430\u0433\u0430\u0437\u0438\u043d Xstyle<\/title>\n<meta name=\"description\" content=\"\u041f\u0435\u0440\u0447\u0430\u0442\u043a\u0438 Ziener Donni GTX black \u0441 GORETEX INFINIUM \u0438 PrimaLoft \u2013 \u0438\u0434\u0435\u0430\u043b\u044c\u043d\u044b\u0439 \u0432\u044b\u0431\u043e\u0440 \u0434\u043b\u044f \u0437\u0438\u043c\u043d\u0435\u0433\u043e \u0432\u0435\u043b\u043e\u0441\u043f\u043e\u0440\u0442\u0430. \u0417\u0430\u0449\u0438\u0442\u0430 \u043e\u0442 \u0432\u0435\u0442\u0440\u0430, \u043a\u043e\u043c\u0444\u043e\u0440\u0442 \u0438 \u043e\u0442\u043b\u0438\u0447\u043d\u043e\u0435 \u0441\u0446\u0435\u043f\u043b\u0435\u043d\u0438\u0435!\" \/>\n<meta name=\"robots\" content=\"index, follow, max-snippet:-1, max-image-preview:large, max-video-preview:-1\" \/>\n<link rel=\"canonical\" href=\"https:\/\/xstyle.md\/ro\/produs\/perchatki-ziener-donni-gtx-black\/\" \/>\n<meta property=\"og:locale\" content=\"ro_RO\" \/>\n<meta property=\"og:type\" content=\"article\" \/>\n<meta property=\"og:title\" content=\"\u041f\u0435\u0440\u0447\u0430\u0442\u043a\u0438 Ziener Donni GTX black - \u041c\u0430\u0433\u0430\u0437\u0438\u043d Xstyle\" \/>\n<meta property=\"og:description\" content=\"\u041f\u0435\u0440\u0447\u0430\u0442\u043a\u0438 Ziener Donni GTX black \u0441 GORETEX INFINIUM \u0438 PrimaLoft \u2013 \u0438\u0434\u0435\u0430\u043b\u044c\u043d\u044b\u0439 \u0432\u044b\u0431\u043e\u0440 \u0434\u043b\u044f \u0437\u0438\u043c\u043d\u0435\u0433\u043e \u0432\u0435\u043b\u043e\u0441\u043f\u043e\u0440\u0442\u0430. \u0417\u0430\u0449\u0438\u0442\u0430 \u043e\u0442 \u0432\u0435\u0442\u0440\u0430, \u043a\u043e\u043c\u0444\u043e\u0440\u0442 \u0438 \u043e\u0442\u043b\u0438\u0447\u043d\u043e\u0435 \u0441\u0446\u0435\u043f\u043b\u0435\u043d\u0438\u0435!\" \/>\n<meta property=\"og:url\" content=\"https:\/\/xstyle.md\/ro\/produs\/perchatki-ziener-donni-gtx-black\/\" \/>\n<meta property=\"og:site_name\" content=\"\u041c\u0430\u0433\u0430\u0437\u0438\u043d Xstyle\" \/>\n<meta property=\"article:publisher\" content=\"https:\/\/www.facebook.com\/xstylemd\" \/>\n<meta property=\"article:modified_time\" content=\"2025-01-15T15:13:26+00:00\" \/>\n<meta property=\"og:image\" content=\"https:\/\/xstyle.md\/wp-content\/uploads\/2021\/04\/ziener_donni_gtx_black.jpg\" \/>\n\t<meta property=\"og:image:width\" content=\"1200\" \/>\n\t<meta property=\"og:image:height\" content=\"1200\" \/>\n\t<meta property=\"og:image:type\" content=\"image\/jpeg\" \/>\n<meta name=\"twitter:card\" content=\"summary_large_image\" \/>\n<meta name=\"twitter:label1\" content=\"Pre\u021b\" \/>\n\t<meta name=\"twitter:data1\" content=\"890&nbsp;MDL\" \/>\n\t<meta name=\"twitter:label2\" content=\"Disponibilitate\" \/>\n\t<meta name=\"twitter:data2\" content=\"\u00cen stoc\" \/>\n<script type=\"application\/ld+json\" class=\"yoast-schema-graph\">{\"@context\":\"https:\/\/schema.org\",\"@graph\":[{\"@type\":\"WebPage\",\"@id\":\"https:\/\/xstyle.md\/product\/perchatki-ziener-donni-gtx-black\/\",\"url\":\"https:\/\/xstyle.md\/product\/perchatki-ziener-donni-gtx-black\/\",\"name\":\"\u041f\u0435\u0440\u0447\u0430\u0442\u043a\u0438 Ziener Donni GTX black - \u041c\u0430\u0433\u0430\u0437\u0438\u043d Xstyle\",\"isPartOf\":{\"@id\":\"https:\/\/xstyle.md\/#website\"},\"primaryImageOfPage\":{\"@id\":\"https:\/\/xstyle.md\/product\/perchatki-ziener-donni-gtx-black\/#primaryimage\"},\"image\":{\"@id\":\"https:\/\/xstyle.md\/product\/perchatki-ziener-donni-gtx-black\/#primaryimage\"},\"thumbnailUrl\":\"https:\/\/xstyle.md\/wp-content\/uploads\/2021\/04\/ziener_donni_gtx_black.jpg\",\"datePublished\":\"2021-04-28T14:06:29+00:00\",\"dateModified\":\"2025-01-15T15:13:26+00:00\",\"description\":\"\u041f\u0435\u0440\u0447\u0430\u0442\u043a\u0438 Ziener Donni GTX black \u0441 GORETEX INFINIUM \u0438 PrimaLoft \u2013 \u0438\u0434\u0435\u0430\u043b\u044c\u043d\u044b\u0439 \u0432\u044b\u0431\u043e\u0440 \u0434\u043b\u044f \u0437\u0438\u043c\u043d\u0435\u0433\u043e \u0432\u0435\u043b\u043e\u0441\u043f\u043e\u0440\u0442\u0430. \u0417\u0430\u0449\u0438\u0442\u0430 \u043e\u0442 \u0432\u0435\u0442\u0440\u0430, \u043a\u043e\u043c\u0444\u043e\u0440\u0442 \u0438 \u043e\u0442\u043b\u0438\u0447\u043d\u043e\u0435 \u0441\u0446\u0435\u043f\u043b\u0435\u043d\u0438\u0435!\",\"breadcrumb\":{\"@id\":\"https:\/\/xstyle.md\/product\/perchatki-ziener-donni-gtx-black\/#breadcrumb\"},\"inLanguage\":\"ro-RO\",\"potentialAction\":[{\"@type\":\"ReadAction\",\"target\":[\"https:\/\/xstyle.md\/product\/perchatki-ziener-donni-gtx-black\/\"]}]},{\"@type\":\"ImageObject\",\"inLanguage\":\"ro-RO\",\"@id\":\"https:\/\/xstyle.md\/product\/perchatki-ziener-donni-gtx-black\/#primaryimage\",\"url\":\"https:\/\/xstyle.md\/wp-content\/uploads\/2021\/04\/ziener_donni_gtx_black.jpg\",\"contentUrl\":\"https:\/\/xstyle.md\/wp-content\/uploads\/2021\/04\/ziener_donni_gtx_black.jpg\",\"width\":1200,\"height\":1200},{\"@type\":\"BreadcrumbList\",\"@id\":\"https:\/\/xstyle.md\/product\/perchatki-ziener-donni-gtx-black\/#breadcrumb\",\"itemListElement\":[{\"@type\":\"ListItem\",\"position\":1,\"name\":\"\u0413\u043b\u0430\u0432\u043d\u0430\u044f \u0441\u0442\u0440\u0430\u043d\u0438\u0446\u0430\",\"item\":\"https:\/\/xstyle.md\/\"},{\"@type\":\"ListItem\",\"position\":2,\"name\":\"\u041c\u0430\u0433\u0430\u0437\u0438\u043d\",\"item\":\"https:\/\/xstyle.md\/shop\/\"},{\"@type\":\"ListItem\",\"position\":3,\"name\":\"\u041f\u0435\u0440\u0447\u0430\u0442\u043a\u0438 Ziener Donni GTX black\"}]},{\"@type\":\"WebSite\",\"@id\":\"https:\/\/xstyle.md\/#website\",\"url\":\"https:\/\/xstyle.md\/\",\"name\":\"\u041c\u0430\u0433\u0430\u0437\u0438\u043d Xstyle\",\"description\":\"C\u043d\u0430\u0440\u044f\u0436\u0435\u043d\u0438\u0435 \u0434\u043b\u044f \u0442\u0443\u0440\u0438\u0437\u043c\u0430 \u0438 \u044d\u043a\u0441\u0442\u0440\u0435\u043c\u0430\u043b\u044c\u043d\u044b\u0445 \u0432\u0438\u0434\u043e\u0432 \u0441\u043f\u043e\u0440\u0442\u0430 \u0432 \u041c\u043e\u043b\u0434\u043e\u0432\u0435.. \u0426\u0435\u043d\u044b, \u0444\u043e\u0442\u043e, \u0445\u0430\u0440\u0430\u043a\u0442\u0435\u0440\u0438\u0441\u0442\u0438\u043a\u0438 \u0432 \u041c\u043e\u043b\u0434\u043e\u0432\u0435.\",\"publisher\":{\"@id\":\"https:\/\/xstyle.md\/#organization\"},\"alternateName\":\"X-Style\",\"potentialAction\":[{\"@type\":\"SearchAction\",\"target\":{\"@type\":\"EntryPoint\",\"urlTemplate\":\"https:\/\/xstyle.md\/?s={search_term_string}\"},\"query-input\":{\"@type\":\"PropertyValueSpecification\",\"valueRequired\":true,\"valueName\":\"search_term_string\"}}],\"inLanguage\":\"ro-RO\"},{\"@type\":\"Organization\",\"@id\":\"https:\/\/xstyle.md\/#organization\",\"name\":\"\u041c\u0430\u0433\u0430\u0437\u0438\u043d Xstyle\",\"alternateName\":\"x-style\",\"url\":\"https:\/\/xstyle.md\/\",\"logo\":{\"@type\":\"ImageObject\",\"inLanguage\":\"ro-RO\",\"@id\":\"https:\/\/xstyle.md\/#\/schema\/logo\/image\/\",\"url\":\"https:\/\/xstyle.md\/wp-content\/uploads\/2020\/06\/logoicon.svg\",\"contentUrl\":\"https:\/\/xstyle.md\/wp-content\/uploads\/2020\/06\/logoicon.svg\",\"caption\":\"\u041c\u0430\u0433\u0430\u0437\u0438\u043d Xstyle\"},\"image\":{\"@id\":\"https:\/\/xstyle.md\/#\/schema\/logo\/image\/\"},\"sameAs\":[\"https:\/\/www.facebook.com\/xstylemd\",\"https:\/\/www.instagram.com\/xstyle_md\/\",\"https:\/\/t.me\/xstyle_outdoor\"],\"hasMerchantReturnPolicy\":{\"@type\":\"MerchantReturnPolicy\",\"merchantReturnLink\":\"https:\/\/xstyle.md\/ro\/conditions\/\"}}]}<\/script>\n<meta property=\"product:price:amount\" content=\"890.00\" \/>\n<meta property=\"product:price:currency\" content=\"MDL\" \/>\n<meta property=\"og:availability\" content=\"instock\" \/>\n<meta property=\"product:availability\" content=\"instock\" \/>\n<meta property=\"product:retailer_item_id\" content=\"4059749811978\" \/>\n<meta property=\"product:condition\" content=\"new\" \/>\n<!-- \/ Yoast SEO plugin. -->","yoast_head_json":{"title":"M\u0103nu\u0219i Ziener Donni GTX black - Magazin Xstyle","description":"M\u0103nu\u0219ile Ziener Donni GTX black cu GORETEX INFINIUM \u0219i PrimaLoft sunt alegerea perfect\u0103 pentru sporturile de iarn\u0103 pe biciclet\u0103. Protec\u021bie \u00eempotriva v\u00e2ntului, confort \u0219i trac\u021biune excelent\u0103!","robots":{"index":"index","follow":"follow","max-snippet":"max-snippet:-1","max-image-preview":"max-image-preview:large","max-video-preview":"max-video-preview:-1"},"canonical":"https:\/\/xstyle.md\/ro\/produs\/perchatki-ziener-donni-gtx-black\/","og_locale":"ro_RO","og_type":"article","og_title":"\u041f\u0435\u0440\u0447\u0430\u0442\u043a\u0438 Ziener Donni GTX black - \u041c\u0430\u0433\u0430\u0437\u0438\u043d Xstyle","og_description":"\u041f\u0435\u0440\u0447\u0430\u0442\u043a\u0438 Ziener Donni GTX black \u0441 GORETEX INFINIUM \u0438 PrimaLoft \u2013 \u0438\u0434\u0435\u0430\u043b\u044c\u043d\u044b\u0439 \u0432\u044b\u0431\u043e\u0440 \u0434\u043b\u044f \u0437\u0438\u043c\u043d\u0435\u0433\u043e \u0432\u0435\u043b\u043e\u0441\u043f\u043e\u0440\u0442\u0430. \u0417\u0430\u0449\u0438\u0442\u0430 \u043e\u0442 \u0432\u0435\u0442\u0440\u0430, \u043a\u043e\u043c\u0444\u043e\u0440\u0442 \u0438 \u043e\u0442\u043b\u0438\u0447\u043d\u043e\u0435 \u0441\u0446\u0435\u043f\u043b\u0435\u043d\u0438\u0435!","og_url":"https:\/\/xstyle.md\/ro\/produs\/perchatki-ziener-donni-gtx-black\/","og_site_name":"\u041c\u0430\u0433\u0430\u0437\u0438\u043d Xstyle","article_publisher":"https:\/\/www.facebook.com\/xstylemd","article_modified_time":"2025-01-15T15:13:26+00:00","og_image":[{"width":1200,"height":1200,"url":"https:\/\/xstyle.md\/wp-content\/uploads\/2021\/04\/ziener_donni_gtx_black.jpg","type":"image\/jpeg"}],"twitter_card":"summary_large_image","twitter_misc":{"Pre\u021b":"890&nbsp;MDL","Disponibilitate":"\u00cen stoc"},"schema":{"@context":"https:\/\/schema.org","@graph":[{"@type":"WebPage","@id":"https:\/\/xstyle.md\/product\/perchatki-ziener-donni-gtx-black\/","url":"https:\/\/xstyle.md\/product\/perchatki-ziener-donni-gtx-black\/","name":"M\u0103nu\u0219i Ziener Donni GTX black - Magazin Xstyle","isPartOf":{"@id":"https:\/\/xstyle.md\/#website"},"primaryImageOfPage":{"@id":"https:\/\/xstyle.md\/product\/perchatki-ziener-donni-gtx-black\/#primaryimage"},"image":{"@id":"https:\/\/xstyle.md\/product\/perchatki-ziener-donni-gtx-black\/#primaryimage"},"thumbnailUrl":"https:\/\/xstyle.md\/wp-content\/uploads\/2021\/04\/ziener_donni_gtx_black.jpg","datePublished":"2021-04-28T14:06:29+00:00","dateModified":"2025-01-15T15:13:26+00:00","description":"M\u0103nu\u0219ile Ziener Donni GTX black cu GORETEX INFINIUM \u0219i PrimaLoft sunt alegerea perfect\u0103 pentru sporturile de iarn\u0103 pe biciclet\u0103. Protec\u021bie \u00eempotriva v\u00e2ntului, confort \u0219i trac\u021biune excelent\u0103!","breadcrumb":{"@id":"https:\/\/xstyle.md\/product\/perchatki-ziener-donni-gtx-black\/#breadcrumb"},"inLanguage":"ro-RO","potentialAction":[{"@type":"ReadAction","target":["https:\/\/xstyle.md\/product\/perchatki-ziener-donni-gtx-black\/"]}]},{"@type":"ImageObject","inLanguage":"ro-RO","@id":"https:\/\/xstyle.md\/product\/perchatki-ziener-donni-gtx-black\/#primaryimage","url":"https:\/\/xstyle.md\/wp-content\/uploads\/2021\/04\/ziener_donni_gtx_black.jpg","contentUrl":"https:\/\/xstyle.md\/wp-content\/uploads\/2021\/04\/ziener_donni_gtx_black.jpg","width":1200,"height":1200},{"@type":"BreadcrumbList","@id":"https:\/\/xstyle.md\/product\/perchatki-ziener-donni-gtx-black\/#breadcrumb","itemListElement":[{"@type":"ListItem","position":1,"name":"\u0413\u043b\u0430\u0432\u043d\u0430\u044f \u0441\u0442\u0440\u0430\u043d\u0438\u0446\u0430","item":"https:\/\/xstyle.md\/"},{"@type":"ListItem","position":2,"name":"\u041c\u0430\u0433\u0430\u0437\u0438\u043d","item":"https:\/\/xstyle.md\/shop\/"},{"@type":"ListItem","position":3,"name":"\u041f\u0435\u0440\u0447\u0430\u0442\u043a\u0438 Ziener Donni GTX black"}]},{"@type":"WebSite","@id":"https:\/\/xstyle.md\/#website","url":"https:\/\/xstyle.md\/","name":"Magazinul X-Style","description":"Echipamente pentru turism \u0219i sporturi extreme \u00een Moldova. Pre\u021buri, fotografii, caracteristici \u00een Moldova.","publisher":{"@id":"https:\/\/xstyle.md\/#organization"},"alternateName":"X-Style","potentialAction":[{"@type":"SearchAction","target":{"@type":"EntryPoint","urlTemplate":"https:\/\/xstyle.md\/?s={search_term_string}"},"query-input":{"@type":"PropertyValueSpecification","valueRequired":true,"valueName":"search_term_string"}}],"inLanguage":"ro-RO"},{"@type":"Organization","@id":"https:\/\/xstyle.md\/#organization","name":"Magazinul X-Style","alternateName":"x-style","url":"https:\/\/xstyle.md\/","logo":{"@type":"ImageObject","inLanguage":"ro-RO","@id":"https:\/\/xstyle.md\/#\/schema\/logo\/image\/","url":"https:\/\/xstyle.md\/wp-content\/uploads\/2020\/06\/logoicon.svg","contentUrl":"https:\/\/xstyle.md\/wp-content\/uploads\/2020\/06\/logoicon.svg","caption":"\u041c\u0430\u0433\u0430\u0437\u0438\u043d Xstyle"},"image":{"@id":"https:\/\/xstyle.md\/#\/schema\/logo\/image\/"},"sameAs":["https:\/\/www.facebook.com\/xstylemd","https:\/\/www.instagram.com\/xstyle_md\/","https:\/\/t.me\/xstyle_outdoor"],"hasMerchantReturnPolicy":{"@type":"MerchantReturnPolicy","merchantReturnLink":"https:\/\/xstyle.md\/ro\/conditions\/"}}]},"product_price_amount":"890.00","product_price_currency":"MDL","og_availability":"instock","product_availability":"instock","product_retailer_item_id":"4059749811978","product_condition":"new"},"post_mailing_queue_ids":[],"_links":{"self":[{"href":"https:\/\/xstyle.md\/ro\/wp-json\/wp\/v2\/product\/31738","targetHints":{"allow":["GET"]}}],"collection":[{"href":"https:\/\/xstyle.md\/ro\/wp-json\/wp\/v2\/product"}],"about":[{"href":"https:\/\/xstyle.md\/ro\/wp-json\/wp\/v2\/types\/product"}],"replies":[{"embeddable":true,"href":"https:\/\/xstyle.md\/ro\/wp-json\/wp\/v2\/comments?post=31738"}],"wp:featuredmedia":[{"embeddable":true,"href":"https:\/\/xstyle.md\/ro\/wp-json\/wp\/v2\/media\/31737"}],"wp:attachment":[{"href":"https:\/\/xstyle.md\/ro\/wp-json\/wp\/v2\/media?parent=31738"}],"wp:term":[{"taxonomy":"product_brand","embeddable":true,"href":"https:\/\/xstyle.md\/ro\/wp-json\/wp\/v2\/product_brand?post=31738"},{"taxonomy":"product_cat","embeddable":true,"href":"https:\/\/xstyle.md\/ro\/wp-json\/wp\/v2\/product_cat?post=31738"},{"taxonomy":"product_tag","embeddable":true,"href":"https:\/\/xstyle.md\/ro\/wp-json\/wp\/v2\/product_tag?post=31738"}],"curies":[{"name":"wp","href":"https:\/\/api.w.org\/{rel}","templated":true}]}}