{"id":31659,"date":"2021-04-28T17:04:03","date_gmt":"2021-04-28T14:04:03","guid":{"rendered":"https:\/\/xstyle.md\/product\/varezhki-ziener-lejano-black-graphite\/"},"modified":"2026-03-19T16:43:05","modified_gmt":"2026-03-19T13:43:05","slug":"varezhki-ziener-lejano-black-graphite","status":"publish","type":"product","link":"https:\/\/xstyle.md\/ro\/produs\/varezhki-ziener-lejano-black-graphite\/","title":{"rendered":"M\u0103nu\u0219i schi Ziener Lejano black\/graphite"},"content":{"rendered":"<p><\/p>\n<p><strong>Ziener Lejano<\/strong> \u2013 m\u0103nu\u0219ile (cu un deget) pentru copii extrem de c\u0103lduroase, care ofer\u0103 protec\u021bie excelent\u0103 \u00eempotriva frigului \u00een timpul sporturilor de iarn\u0103. Datorit\u0103 membranei Aquashield\u00ae, impermeabil\u0103 \u0219i rezistent\u0103 la v\u00e2nt, se asigur\u0103 un climat cald \u0219i uscat \u00een interior. Materialul exterior elastic ofer\u0103 o mare libertate de mi\u0219care, \u00een timp ce man\u0219etele din neopren cu scai (velcro) permit purtarea m\u0103tinu\u021belor sub m\u00e2necile jachetei. De asemenea, curelele practice fixeaz\u0103 m\u0103tinu\u021bele de \u00eencheieturi pentru o siguran\u021b\u0103 sporit\u0103.<\/p>\n<h3>Particularit\u0103\u021bi<\/h3>\n<ul>\n<li>Impermeabile \u0219i moderne &#8212; design atractiv care ofer\u0103 protec\u021bie fiabil\u0103 \u00eempotriva umezelii \u0219i z\u0103pezii.<\/li>\n<li>Membran\u0103 Aquashield\u00ae &#8212; tehnologie special\u0103 pentru men\u021binerea m\u00e2inilor uscate \u0219i calde pe tot parcursul zilei.<\/li>\n<li>Man\u0219et\u0103 din neopren &#8212; ofer\u0103 o etan\u0219are excelent\u0103 la \u00eencheietur\u0103 \u0219i confort sporit.<\/li>\n<li>Design cu man\u0219et\u0103 \u00eengust\u0103 &#8212; permite pozi\u021bionarea facil\u0103 a m\u00e2necii jachetei peste m\u0103tinu\u021b\u0103.<\/li>\n<li>Sistem de cuplare &#8212; m\u0103nu\u0219ile (cu un deget) pot fi prinse \u00eentre ele cu o carabin\u0103 mic\u0103 pentru a preveni pierderea accidental\u0103 a uneia dintre ele.<\/li>\n<\/ul>\n<h3>Caracteristici<\/h3>\n<ul>\n<li>Material &#8212; Poliester<\/li>\n<li>Destina\u021bie &#8212; Schi alpin<\/li>\n<li>Model &#8212; Junior<\/li>\n<\/ul>\n<h3>Tehnologii<\/h3>\n<p><strong>Aquashield<\/strong>\u00ae &#8212; utilizeaz\u0103 o membran\u0103 performant\u0103, care este at\u00e2t impermeabil\u0103, c\u00e2t \u0219i rezistent\u0103 la v\u00e2nt, fiind special conceput\u0103 pentru a corpul cald \u0219i uscat \u00een condi\u021bii meteo extreme. Aceasta asigur\u0103 un echilibru optim \u00eentre protec\u021bia exterioar\u0103 \u0219i respirabilitatea interioar\u0103, evacu\u00e2nd eficient umiditatea pentru un confort termic de durat\u0103 pe p\u00e2rtie.<br \/>\n<\/p>\n<h3>Marca<\/h3>\n<p>Ziener - marc\u0103 german\u0103 care produce m\u0103nu\u0219i \u0219i \u00eembr\u0103c\u0103minte pentru schi. Istoria companiei a \u00eenceput \u00een anul 1946 cu un atelier care producea m\u0103nu\u0219i pentru utilizare zilnic\u0103. Ulterior, compania a \u00eenceput s\u0103 produc\u0103 m\u0103nu\u0219i de schi de \u00eenalt\u0103 calitate, lucrate manual.<\/p>\n<p>\u00cembr\u0103c\u0103mintea de schi Ziener se distinge prin utilizarea noilor tehnologii \u0219i prin func\u021bionalitatea detaliilor de marc\u0103. Fiecare colec\u021bie de \u00eembr\u0103c\u0103minte de schi Ziener are culori moderne \u0219i o combina\u021bie neobi\u0219nuit\u0103 de materiale \u0219i imprimeuri. La crearea produselor se folose\u0219te tehnologia Thermoshield, care v\u0103 permite s\u0103 p\u0103stra\u021bi c\u0103ldura \u00een interiorul produsului c\u00e2t mai mult posibil. Partenerii companiei sunt: \u200b\u200bGore-Tex, NANOtex \u0219i Primaloft.<\/p>\n<p>\u00cen prezent, brandul Ziener este unul dintre liderii pie\u021bei europene de m\u0103nu\u0219i pentru sporturile de iarn\u0103. Produsele companiei sunt prezente \u00een numeroase \u021b\u0103ri din \u00eentreaga lume.<\/p>","protected":false},"excerpt":{"rendered":"<p>M\u0103nu\u0219i schi Ziener Lejano black\/graphite<\/p>","protected":false},"featured_media":31658,"comment_status":"open","ping_status":"closed","template":"","meta":{"_acf_changed":false,"inline_featured_image":false},"product_brand":[1313],"product_cat":[869],"product_tag":[],"class_list":{"0":"post-31659","1":"product","2":"type-product","3":"status-publish","4":"has-post-thumbnail","6":"product_brand-ziener","7":"product_cat-ski-gloves-baby","9":"first","10":"instock","11":"shipping-taxable","12":"purchasable","13":"product-type-simple"},"acf":[],"yoast_head":"<!-- This site is optimized with the Yoast SEO plugin v27.4 - https:\/\/yoast.com\/product\/yoast-seo-wordpress\/ -->\n<title>\u0412\u0430\u0440\u0435\u0436\u043a\u0438 Ziener Lejano black\/graphite - \u041c\u0430\u0433\u0430\u0437\u0438\u043d Xstyle<\/title>\n<meta name=\"description\" content=\"\u041a\u0443\u043f\u0438\u0442\u0435 \u0432\u0430\u0440\u0435\u0436\u043a\u0438 Ziener Lejano black\/graphite \u0441 \u0442\u0435\u0445\u043d\u043e\u043b\u043e\u0433\u0438\u0435\u0439 Aquashield. \u0418\u0434\u0435\u0430\u043b\u044c\u043d\u044b \u0434\u043b\u044f \u0445\u043e\u043b\u043e\u0434\u043d\u043e\u0439 \u043f\u043e\u0433\u043e\u0434\u044b, \u043e\u0431\u0435\u0441\u043f\u0435\u0447\u0438\u0432\u0430\u044e\u0442 \u0442\u0435\u043f\u043b\u043e \u0438 \u0437\u0430\u0449\u0438\u0442\u0443.\" \/>\n<meta name=\"robots\" content=\"index, follow, max-snippet:-1, max-image-preview:large, max-video-preview:-1\" \/>\n<link rel=\"canonical\" href=\"https:\/\/xstyle.md\/ro\/produs\/varezhki-ziener-lejano-black-graphite\/\" \/>\n<meta property=\"og:locale\" content=\"ro_RO\" \/>\n<meta property=\"og:type\" content=\"article\" \/>\n<meta property=\"og:title\" content=\"\u0412\u0430\u0440\u0435\u0436\u043a\u0438 Ziener Lejano black\/graphite - \u041c\u0430\u0433\u0430\u0437\u0438\u043d Xstyle\" \/>\n<meta property=\"og:description\" content=\"\u041a\u0443\u043f\u0438\u0442\u0435 \u0432\u0430\u0440\u0435\u0436\u043a\u0438 Ziener Lejano black\/graphite \u0441 \u0442\u0435\u0445\u043d\u043e\u043b\u043e\u0433\u0438\u0435\u0439 Aquashield. \u0418\u0434\u0435\u0430\u043b\u044c\u043d\u044b \u0434\u043b\u044f \u0445\u043e\u043b\u043e\u0434\u043d\u043e\u0439 \u043f\u043e\u0433\u043e\u0434\u044b, \u043e\u0431\u0435\u0441\u043f\u0435\u0447\u0438\u0432\u0430\u044e\u0442 \u0442\u0435\u043f\u043b\u043e \u0438 \u0437\u0430\u0449\u0438\u0442\u0443.\" \/>\n<meta property=\"og:url\" content=\"https:\/\/xstyle.md\/ro\/produs\/varezhki-ziener-lejano-black-graphite\/\" \/>\n<meta property=\"og:site_name\" content=\"\u041c\u0430\u0433\u0430\u0437\u0438\u043d Xstyle\" \/>\n<meta property=\"article:publisher\" content=\"https:\/\/www.facebook.com\/xstylemd\" \/>\n<meta property=\"article:modified_time\" content=\"2026-03-19T13:43:05+00:00\" \/>\n<meta property=\"og:image\" content=\"https:\/\/xstyle.md\/wp-content\/uploads\/2021\/04\/ziener_lejano_black_graphite.jpg\" \/>\n\t<meta property=\"og:image:width\" content=\"1500\" \/>\n\t<meta property=\"og:image:height\" content=\"1500\" \/>\n\t<meta property=\"og:image:type\" content=\"image\/jpeg\" \/>\n<meta name=\"twitter:card\" content=\"summary_large_image\" \/>\n<meta name=\"twitter:label1\" content=\"Pre\u021b\" \/>\n\t<meta name=\"twitter:data1\" content=\"480&nbsp;MDL\" \/>\n\t<meta name=\"twitter:label2\" content=\"Disponibilitate\" \/>\n\t<meta name=\"twitter:data2\" content=\"\u00cen stoc\" \/>\n<script type=\"application\/ld+json\" class=\"yoast-schema-graph\">{\"@context\":\"https:\\\/\\\/schema.org\",\"@graph\":[{\"@type\":\"WebPage\",\"@id\":\"https:\\\/\\\/xstyle.md\\\/product\\\/varezhki-ziener-lejano-black-graphite\\\/\",\"url\":\"https:\\\/\\\/xstyle.md\\\/product\\\/varezhki-ziener-lejano-black-graphite\\\/\",\"name\":\"\u0412\u0430\u0440\u0435\u0436\u043a\u0438 Ziener Lejano black\\\/graphite - \u041c\u0430\u0433\u0430\u0437\u0438\u043d Xstyle\",\"isPartOf\":{\"@id\":\"https:\\\/\\\/xstyle.md\\\/#website\"},\"primaryImageOfPage\":{\"@id\":\"https:\\\/\\\/xstyle.md\\\/product\\\/varezhki-ziener-lejano-black-graphite\\\/#primaryimage\"},\"image\":{\"@id\":\"https:\\\/\\\/xstyle.md\\\/product\\\/varezhki-ziener-lejano-black-graphite\\\/#primaryimage\"},\"thumbnailUrl\":\"https:\\\/\\\/xstyle.md\\\/wp-content\\\/uploads\\\/2021\\\/04\\\/ziener_lejano_black_graphite.jpg\",\"datePublished\":\"2021-04-28T14:04:03+00:00\",\"dateModified\":\"2026-03-19T13:43:05+00:00\",\"description\":\"\u041a\u0443\u043f\u0438\u0442\u0435 \u0432\u0430\u0440\u0435\u0436\u043a\u0438 Ziener Lejano black\\\/graphite \u0441 \u0442\u0435\u0445\u043d\u043e\u043b\u043e\u0433\u0438\u0435\u0439 Aquashield. \u0418\u0434\u0435\u0430\u043b\u044c\u043d\u044b \u0434\u043b\u044f \u0445\u043e\u043b\u043e\u0434\u043d\u043e\u0439 \u043f\u043e\u0433\u043e\u0434\u044b, \u043e\u0431\u0435\u0441\u043f\u0435\u0447\u0438\u0432\u0430\u044e\u0442 \u0442\u0435\u043f\u043b\u043e \u0438 \u0437\u0430\u0449\u0438\u0442\u0443.\",\"breadcrumb\":{\"@id\":\"https:\\\/\\\/xstyle.md\\\/product\\\/varezhki-ziener-lejano-black-graphite\\\/#breadcrumb\"},\"inLanguage\":\"ro-RO\",\"potentialAction\":[{\"@type\":\"ReadAction\",\"target\":[\"https:\\\/\\\/xstyle.md\\\/product\\\/varezhki-ziener-lejano-black-graphite\\\/\"]}]},{\"@type\":\"ImageObject\",\"inLanguage\":\"ro-RO\",\"@id\":\"https:\\\/\\\/xstyle.md\\\/product\\\/varezhki-ziener-lejano-black-graphite\\\/#primaryimage\",\"url\":\"https:\\\/\\\/xstyle.md\\\/wp-content\\\/uploads\\\/2021\\\/04\\\/ziener_lejano_black_graphite.jpg\",\"contentUrl\":\"https:\\\/\\\/xstyle.md\\\/wp-content\\\/uploads\\\/2021\\\/04\\\/ziener_lejano_black_graphite.jpg\",\"width\":1500,\"height\":1500},{\"@type\":\"BreadcrumbList\",\"@id\":\"https:\\\/\\\/xstyle.md\\\/product\\\/varezhki-ziener-lejano-black-graphite\\\/#breadcrumb\",\"itemListElement\":[{\"@type\":\"ListItem\",\"position\":1,\"name\":\"\u0413\u043b\u0430\u0432\u043d\u0430\u044f \u0441\u0442\u0440\u0430\u043d\u0438\u0446\u0430\",\"item\":\"https:\\\/\\\/xstyle.md\\\/\"},{\"@type\":\"ListItem\",\"position\":2,\"name\":\"\u041c\u0430\u0433\u0430\u0437\u0438\u043d\",\"item\":\"https:\\\/\\\/xstyle.md\\\/shop\\\/\"},{\"@type\":\"ListItem\",\"position\":3,\"name\":\"\u0412\u0430\u0440\u0435\u0436\u043a\u0438 Ziener Lejano black\\\/graphite\"}]},{\"@type\":\"WebSite\",\"@id\":\"https:\\\/\\\/xstyle.md\\\/#website\",\"url\":\"https:\\\/\\\/xstyle.md\\\/\",\"name\":\"\u041c\u0430\u0433\u0430\u0437\u0438\u043d Xstyle\",\"description\":\"C\u043d\u0430\u0440\u044f\u0436\u0435\u043d\u0438\u0435 \u0434\u043b\u044f \u0442\u0443\u0440\u0438\u0437\u043c\u0430 \u0438 \u044d\u043a\u0441\u0442\u0440\u0435\u043c\u0430\u043b\u044c\u043d\u044b\u0445 \u0432\u0438\u0434\u043e\u0432 \u0441\u043f\u043e\u0440\u0442\u0430 \u0432 \u041c\u043e\u043b\u0434\u043e\u0432\u0435.. \u0426\u0435\u043d\u044b, \u0444\u043e\u0442\u043e, \u0445\u0430\u0440\u0430\u043a\u0442\u0435\u0440\u0438\u0441\u0442\u0438\u043a\u0438 \u0432 \u041c\u043e\u043b\u0434\u043e\u0432\u0435.\",\"publisher\":{\"@id\":\"https:\\\/\\\/xstyle.md\\\/#organization\"},\"alternateName\":\"X-Style\",\"potentialAction\":[{\"@type\":\"SearchAction\",\"target\":{\"@type\":\"EntryPoint\",\"urlTemplate\":\"https:\\\/\\\/xstyle.md\\\/?s={search_term_string}\"},\"query-input\":{\"@type\":\"PropertyValueSpecification\",\"valueRequired\":true,\"valueName\":\"search_term_string\"}}],\"inLanguage\":\"ro-RO\"},{\"@type\":\"Organization\",\"@id\":\"https:\\\/\\\/xstyle.md\\\/#organization\",\"name\":\"\u041c\u0430\u0433\u0430\u0437\u0438\u043d Xstyle\",\"alternateName\":\"x-style\",\"url\":\"https:\\\/\\\/xstyle.md\\\/\",\"logo\":{\"@type\":\"ImageObject\",\"inLanguage\":\"ro-RO\",\"@id\":\"https:\\\/\\\/xstyle.md\\\/#\\\/schema\\\/logo\\\/image\\\/\",\"url\":\"https:\\\/\\\/xstyle.md\\\/wp-content\\\/uploads\\\/2020\\\/06\\\/logoicon.svg\",\"contentUrl\":\"https:\\\/\\\/xstyle.md\\\/wp-content\\\/uploads\\\/2020\\\/06\\\/logoicon.svg\",\"caption\":\"\u041c\u0430\u0433\u0430\u0437\u0438\u043d Xstyle\"},\"image\":{\"@id\":\"https:\\\/\\\/xstyle.md\\\/#\\\/schema\\\/logo\\\/image\\\/\"},\"sameAs\":[\"https:\\\/\\\/www.facebook.com\\\/xstylemd\",\"https:\\\/\\\/www.instagram.com\\\/xstyle_md\\\/\",\"https:\\\/\\\/t.me\\\/xstyle_outdoor\"],\"hasMerchantReturnPolicy\":{\"@type\":\"MerchantReturnPolicy\",\"merchantReturnLink\":\"https:\\\/\\\/xstyle.md\\\/ro\\\/conditions\\\/\"}}]}<\/script>\n<meta property=\"product:price:amount\" content=\"480.00\" \/>\n<meta property=\"product:price:currency\" content=\"MDL\" \/>\n<meta property=\"og:availability\" content=\"instock\" \/>\n<meta property=\"product:availability\" content=\"instock\" \/>\n<meta property=\"product:retailer_item_id\" content=\"4059749794240\" \/>\n<meta property=\"product:condition\" content=\"new\" \/>\n<!-- \/ Yoast SEO plugin. -->","yoast_head_json":{"title":"\u0412\u0430\u0440\u0435\u0436\u043a\u0438 Ziener Lejano black\/graphite - \u041c\u0430\u0433\u0430\u0437\u0438\u043d Xstyle","description":"Cump\u0103ra\u021bi m\u0103nu\u0219i Ziener Lejano black\/graphite cu tehnologia Aquashield. Ideale pentru vreme rece, ofer\u0103 c\u0103ldur\u0103 \u0219i protec\u021bie.","robots":{"index":"index","follow":"follow","max-snippet":"max-snippet:-1","max-image-preview":"max-image-preview:large","max-video-preview":"max-video-preview:-1"},"canonical":"https:\/\/xstyle.md\/ro\/produs\/varezhki-ziener-lejano-black-graphite\/","og_locale":"ro_RO","og_type":"article","og_title":"\u0412\u0430\u0440\u0435\u0436\u043a\u0438 Ziener Lejano black\/graphite - \u041c\u0430\u0433\u0430\u0437\u0438\u043d Xstyle","og_description":"\u041a\u0443\u043f\u0438\u0442\u0435 \u0432\u0430\u0440\u0435\u0436\u043a\u0438 Ziener Lejano black\/graphite \u0441 \u0442\u0435\u0445\u043d\u043e\u043b\u043e\u0433\u0438\u0435\u0439 Aquashield. \u0418\u0434\u0435\u0430\u043b\u044c\u043d\u044b \u0434\u043b\u044f \u0445\u043e\u043b\u043e\u0434\u043d\u043e\u0439 \u043f\u043e\u0433\u043e\u0434\u044b, \u043e\u0431\u0435\u0441\u043f\u0435\u0447\u0438\u0432\u0430\u044e\u0442 \u0442\u0435\u043f\u043b\u043e \u0438 \u0437\u0430\u0449\u0438\u0442\u0443.","og_url":"https:\/\/xstyle.md\/ro\/produs\/varezhki-ziener-lejano-black-graphite\/","og_site_name":"\u041c\u0430\u0433\u0430\u0437\u0438\u043d Xstyle","article_publisher":"https:\/\/www.facebook.com\/xstylemd","article_modified_time":"2026-03-19T13:43:05+00:00","og_image":[{"width":1500,"height":1500,"url":"https:\/\/xstyle.md\/wp-content\/uploads\/2021\/04\/ziener_lejano_black_graphite.jpg","type":"image\/jpeg"}],"twitter_card":"summary_large_image","twitter_misc":{"Pre\u021b":"480&nbsp;MDL","Disponibilitate":"\u00cen stoc"},"schema":{"@context":"https:\/\/schema.org","@graph":[{"@type":"WebPage","@id":"https:\/\/xstyle.md\/product\/varezhki-ziener-lejano-black-graphite\/","url":"https:\/\/xstyle.md\/product\/varezhki-ziener-lejano-black-graphite\/","name":"\u0412\u0430\u0440\u0435\u0436\u043a\u0438 Ziener Lejano black\/graphite - \u041c\u0430\u0433\u0430\u0437\u0438\u043d Xstyle","isPartOf":{"@id":"https:\/\/xstyle.md\/#website"},"primaryImageOfPage":{"@id":"https:\/\/xstyle.md\/product\/varezhki-ziener-lejano-black-graphite\/#primaryimage"},"image":{"@id":"https:\/\/xstyle.md\/product\/varezhki-ziener-lejano-black-graphite\/#primaryimage"},"thumbnailUrl":"https:\/\/xstyle.md\/wp-content\/uploads\/2021\/04\/ziener_lejano_black_graphite.jpg","datePublished":"2021-04-28T14:04:03+00:00","dateModified":"2026-03-19T13:43:05+00:00","description":"Cump\u0103ra\u021bi m\u0103nu\u0219i Ziener Lejano black\/graphite cu tehnologia Aquashield. Ideale pentru vreme rece, ofer\u0103 c\u0103ldur\u0103 \u0219i protec\u021bie.","breadcrumb":{"@id":"https:\/\/xstyle.md\/product\/varezhki-ziener-lejano-black-graphite\/#breadcrumb"},"inLanguage":"ro-RO","potentialAction":[{"@type":"ReadAction","target":["https:\/\/xstyle.md\/product\/varezhki-ziener-lejano-black-graphite\/"]}]},{"@type":"ImageObject","inLanguage":"ro-RO","@id":"https:\/\/xstyle.md\/product\/varezhki-ziener-lejano-black-graphite\/#primaryimage","url":"https:\/\/xstyle.md\/wp-content\/uploads\/2021\/04\/ziener_lejano_black_graphite.jpg","contentUrl":"https:\/\/xstyle.md\/wp-content\/uploads\/2021\/04\/ziener_lejano_black_graphite.jpg","width":1500,"height":1500},{"@type":"BreadcrumbList","@id":"https:\/\/xstyle.md\/product\/varezhki-ziener-lejano-black-graphite\/#breadcrumb","itemListElement":[{"@type":"ListItem","position":1,"name":"\u0413\u043b\u0430\u0432\u043d\u0430\u044f \u0441\u0442\u0440\u0430\u043d\u0438\u0446\u0430","item":"https:\/\/xstyle.md\/"},{"@type":"ListItem","position":2,"name":"\u041c\u0430\u0433\u0430\u0437\u0438\u043d","item":"https:\/\/xstyle.md\/shop\/"},{"@type":"ListItem","position":3,"name":"\u0412\u0430\u0440\u0435\u0436\u043a\u0438 Ziener Lejano black\/graphite"}]},{"@type":"WebSite","@id":"https:\/\/xstyle.md\/#website","url":"https:\/\/xstyle.md\/","name":"Magazinul X-Style","description":"Echipamente pentru turism \u0219i sporturi extreme \u00een Moldova. Pre\u021buri, fotografii, caracteristici \u00een Moldova.","publisher":{"@id":"https:\/\/xstyle.md\/#organization"},"alternateName":"X-Style","potentialAction":[{"@type":"SearchAction","target":{"@type":"EntryPoint","urlTemplate":"https:\/\/xstyle.md\/?s={search_term_string}"},"query-input":{"@type":"PropertyValueSpecification","valueRequired":true,"valueName":"search_term_string"}}],"inLanguage":"ro-RO"},{"@type":"Organization","@id":"https:\/\/xstyle.md\/#organization","name":"Magazinul X-Style","alternateName":"x-style","url":"https:\/\/xstyle.md\/","logo":{"@type":"ImageObject","inLanguage":"ro-RO","@id":"https:\/\/xstyle.md\/#\/schema\/logo\/image\/","url":"https:\/\/xstyle.md\/wp-content\/uploads\/2020\/06\/logoicon.svg","contentUrl":"https:\/\/xstyle.md\/wp-content\/uploads\/2020\/06\/logoicon.svg","caption":"\u041c\u0430\u0433\u0430\u0437\u0438\u043d Xstyle"},"image":{"@id":"https:\/\/xstyle.md\/#\/schema\/logo\/image\/"},"sameAs":["https:\/\/www.facebook.com\/xstylemd","https:\/\/www.instagram.com\/xstyle_md\/","https:\/\/t.me\/xstyle_outdoor"],"hasMerchantReturnPolicy":{"@type":"MerchantReturnPolicy","merchantReturnLink":"https:\/\/xstyle.md\/ro\/conditions\/"}}]},"product_price_amount":"480.00","product_price_currency":"MDL","og_availability":"instock","product_availability":"instock","product_retailer_item_id":"4059749794240","product_condition":"new"},"_links":{"self":[{"href":"https:\/\/xstyle.md\/ro\/wp-json\/wp\/v2\/product\/31659","targetHints":{"allow":["GET"]}}],"collection":[{"href":"https:\/\/xstyle.md\/ro\/wp-json\/wp\/v2\/product"}],"about":[{"href":"https:\/\/xstyle.md\/ro\/wp-json\/wp\/v2\/types\/product"}],"replies":[{"embeddable":true,"href":"https:\/\/xstyle.md\/ro\/wp-json\/wp\/v2\/comments?post=31659"}],"wp:featuredmedia":[{"embeddable":true,"href":"https:\/\/xstyle.md\/ro\/wp-json\/wp\/v2\/media\/31658"}],"wp:attachment":[{"href":"https:\/\/xstyle.md\/ro\/wp-json\/wp\/v2\/media?parent=31659"}],"wp:term":[{"taxonomy":"product_brand","embeddable":true,"href":"https:\/\/xstyle.md\/ro\/wp-json\/wp\/v2\/product_brand?post=31659"},{"taxonomy":"product_cat","embeddable":true,"href":"https:\/\/xstyle.md\/ro\/wp-json\/wp\/v2\/product_cat?post=31659"},{"taxonomy":"product_tag","embeddable":true,"href":"https:\/\/xstyle.md\/ro\/wp-json\/wp\/v2\/product_tag?post=31659"}],"curies":[{"name":"wp","href":"https:\/\/api.w.org\/{rel}","templated":true}]}}