{"id":31599,"date":"2021-04-28T17:02:36","date_gmt":"2021-04-28T14:02:36","guid":{"rendered":"https:\/\/xstyle.md\/product\/perchatki-viking-aliana-113-21-3390-08\/"},"modified":"2026-03-12T13:46:11","modified_gmt":"2026-03-12T10:46:11","slug":"perchatki-viking-aliana-113-21-3390-08","status":"publish","type":"product","link":"https:\/\/xstyle.md\/ro\/produs\/perchatki-viking-aliana-113-21-3390-08\/","title":{"rendered":"M\u0103nu\u0219i Viking Aliana 113\/21\/3390\/08"},"content":{"rendered":"<p><\/p>\n<p><strong>Viking Aliana<\/strong> &#8212; sunt m\u0103nu\u0219i de dam\u0103 stilate, realizate din materiale \u00een culori sobre, decorate cu broderii fine \u0219i cristale. C\u0103ptu\u0219eala moale din fleece este pl\u0103cut\u0103 la atingere \u0219i men\u021bine eficient c\u0103ldura, oferind o senza\u021bie de confort pe tot parcursul zilei. Acest model este la fel de potrivit at\u00e2t pe p\u00e2rtia de schi, c\u00e2t \u0219i pentru o \u021binut\u0103 elegant\u0103 de ora\u0219.<\/p>\n<h3>Particularit\u0103\u021bi<\/h3>\n<ul>\n<li>Man\u0219ete elastice &#8212; asigur\u0103 o fixare comod\u0103 \u0219i previn pierderile de c\u0103ldur\u0103<\/li>\n<li>Palm\u0103 ranforsat\u0103 &#8212; ofer\u0103 o durabilitate sporit\u0103 \u0219i rezisten\u021b\u0103 la abraziune<\/li>\n<li>Protec\u021bie la t\u0103ieturi &#8212; inser\u021biile din material rezistent protejeaz\u0103 \u00eempotriva canturilor ascu\u021bite ale schiurilor \u0219i cresc durata de via\u021b\u0103 a m\u0103nu\u0219ii<\/li>\n<li>Design ergonomic &#8212; man\u0219eta \u00eengust\u0103 permite purtarea m\u00e2necii jachetei peste m\u0103nu\u0219\u0103 pentru un aspect ordonat<\/li>\n<li>Sistem anti-pierdere &#8212; m\u0103nu\u0219ile sunt dotate cu un carabinier mic pentru a fi cuplate \u00eempreun\u0103, evit\u00e2nd astfel r\u0103t\u0103cirea uneia dintre ele<\/li>\n<\/ul>\n<h3>Caracteristici<\/h3>\n<ul>\n<li>Material &#8212; poliester<\/li>\n<li>Destina\u021bie &#8212; schi alpin, schi fond, uz urban<\/li>\n<li>Model &#8212; dam\u0103<\/li>\n<\/ul>\n<p><\/p>\n<h3>Marca<\/h3>\n<p>VIKING - marc\u0103 polonez\u0103 de \u00eembr\u0103c\u0103minte sportiv\u0103, care deja de mul\u021bi ani func\u021bioneaz\u0103 cu succes pe pia\u021ba polonez\u0103 \u0219i este distribuitor al marcajelor sportive mondiale. A fost creat\u0103 \u00een 1996, c\u00e2nd erau produse doar dou\u0103 categorii de articole: m\u0103nu\u0219i de schi \u0219i m\u0103nu\u0219i pentru snowboard. \u00cenc\u0103 de la \u00eenceput au fost stabilite principiile dup\u0103 care se ghideaz\u0103 p\u00e2n\u0103 \u00een prezent: selectarea materialelor moderne, execu\u021bia de \u00eenalt\u0103 calitate, func\u021bionalitatea, precum \u0219i coresponden\u021ba designului cu ultimele tendin\u021be ale modei sportive.<\/p>\n<p>Prestigiul m\u0103rcii a crescut propor\u021bional cu participarea sa pe pia\u021ba polonez\u0103 a accesoriilor sportive, r\u0103m\u00e2n\u00e2nd lider pentru o perioad\u0103 foarte lung\u0103 de timp. \u00cen plus, produsele Viking sunt c\u0103utate de mul\u021bi ani \u00een Ucraina, Slovacia \u0219i Moldova, precum \u0219i \u00een Rusia, Spania, Fran\u021ba, Cehia, Serbia \u0219i Germania. Viking f\u0103r\u0103 nicio restric\u021bie combin\u0103 pasiunea, solu\u021biile tehnologice moderne \u0219i cele relevante.<\/p>","protected":false},"excerpt":{"rendered":"<p>M\u0103nu\u0219i Viking Aliana 113\/21\/3390\/08<\/p>","protected":false},"featured_media":31598,"comment_status":"open","ping_status":"closed","template":"","meta":{"_acf_changed":false,"inline_featured_image":false},"product_brand":[1314],"product_cat":[881,883],"product_tag":[],"class_list":{"0":"post-31599","1":"product","2":"type-product","3":"status-publish","4":"has-post-thumbnail","6":"product_brand-viking","7":"product_cat-ski-gloves-women","8":"product_cat-city-gloves-women","10":"first","11":"instock","12":"shipping-taxable","13":"purchasable","14":"product-type-simple"},"acf":[],"yoast_head":"<!-- This site is optimized with the Yoast SEO plugin v27.4 - https:\/\/yoast.com\/product\/yoast-seo-wordpress\/ -->\n<title>\u041f\u0435\u0440\u0447\u0430\u0442\u043a\u0438 Viking Aliana 113\/21\/3390\/08 - \u041c\u0430\u0433\u0430\u0437\u0438\u043d Xstyle<\/title>\n<meta name=\"description\" content=\"\u041f\u0435\u0440\u0447\u0430\u0442\u043a\u0438 Viking Aliana 113\/21\/3390\/08 \u2014 \u0438\u0434\u0435\u0430\u043b\u044c\u043d\u044b\u0439 \u0432\u044b\u0431\u043e\u0440 \u0434\u043b\u044f \u0437\u0430\u0449\u0438\u0442\u044b \u0438 \u043a\u043e\u043c\u0444\u043e\u0440\u0442\u0430. \u041a\u0443\u043f\u0438\u0442\u044c \u043a\u0430\u0447\u0435\u0441\u0442\u0432\u043e \u043e\u0442 VIKING \u0441 1996 \u0433\u043e\u0434\u0430. \u041e\u0442\u043b\u0438\u0447\u043d\u044b\u0439 \u0430\u0441\u0441\u043e\u0440\u0442\u0438\u043c\u0435\u043d\u0442!\" \/>\n<meta name=\"robots\" content=\"index, follow, max-snippet:-1, max-image-preview:large, max-video-preview:-1\" \/>\n<link rel=\"canonical\" href=\"https:\/\/xstyle.md\/ro\/produs\/perchatki-viking-aliana-113-21-3390-08\/\" \/>\n<meta property=\"og:locale\" content=\"ro_RO\" \/>\n<meta property=\"og:type\" content=\"article\" \/>\n<meta property=\"og:title\" content=\"\u041f\u0435\u0440\u0447\u0430\u0442\u043a\u0438 Viking Aliana 113\/21\/3390\/08 - \u041c\u0430\u0433\u0430\u0437\u0438\u043d Xstyle\" \/>\n<meta property=\"og:description\" content=\"\u041f\u0435\u0440\u0447\u0430\u0442\u043a\u0438 Viking Aliana 113\/21\/3390\/08 \u2014 \u0438\u0434\u0435\u0430\u043b\u044c\u043d\u044b\u0439 \u0432\u044b\u0431\u043e\u0440 \u0434\u043b\u044f \u0437\u0430\u0449\u0438\u0442\u044b \u0438 \u043a\u043e\u043c\u0444\u043e\u0440\u0442\u0430. \u041a\u0443\u043f\u0438\u0442\u044c \u043a\u0430\u0447\u0435\u0441\u0442\u0432\u043e \u043e\u0442 VIKING \u0441 1996 \u0433\u043e\u0434\u0430. \u041e\u0442\u043b\u0438\u0447\u043d\u044b\u0439 \u0430\u0441\u0441\u043e\u0440\u0442\u0438\u043c\u0435\u043d\u0442!\" \/>\n<meta property=\"og:url\" content=\"https:\/\/xstyle.md\/ro\/produs\/perchatki-viking-aliana-113-21-3390-08\/\" \/>\n<meta property=\"og:site_name\" content=\"\u041c\u0430\u0433\u0430\u0437\u0438\u043d Xstyle\" \/>\n<meta property=\"article:publisher\" content=\"https:\/\/www.facebook.com\/xstylemd\" \/>\n<meta property=\"article:modified_time\" content=\"2026-03-12T10:46:11+00:00\" \/>\n<meta property=\"og:image\" content=\"https:\/\/xstyle.md\/wp-content\/uploads\/2021\/04\/viking_aliana_113-21-3390-08.jpg\" \/>\n\t<meta property=\"og:image:width\" content=\"340\" \/>\n\t<meta property=\"og:image:height\" content=\"255\" \/>\n\t<meta property=\"og:image:type\" content=\"image\/jpeg\" \/>\n<meta name=\"twitter:card\" content=\"summary_large_image\" \/>\n<meta name=\"twitter:label1\" content=\"Pre\u021b\" \/>\n\t<meta name=\"twitter:data1\" content=\"590&nbsp;MDL\" \/>\n\t<meta name=\"twitter:label2\" content=\"Disponibilitate\" \/>\n\t<meta name=\"twitter:data2\" content=\"\u00cen stoc\" \/>\n<script type=\"application\/ld+json\" class=\"yoast-schema-graph\">{\"@context\":\"https:\\\/\\\/schema.org\",\"@graph\":[{\"@type\":\"WebPage\",\"@id\":\"https:\\\/\\\/xstyle.md\\\/product\\\/perchatki-viking-aliana-113-21-3390-08\\\/\",\"url\":\"https:\\\/\\\/xstyle.md\\\/product\\\/perchatki-viking-aliana-113-21-3390-08\\\/\",\"name\":\"\u041f\u0435\u0440\u0447\u0430\u0442\u043a\u0438 Viking Aliana 113\\\/21\\\/3390\\\/08 - \u041c\u0430\u0433\u0430\u0437\u0438\u043d Xstyle\",\"isPartOf\":{\"@id\":\"https:\\\/\\\/xstyle.md\\\/#website\"},\"primaryImageOfPage\":{\"@id\":\"https:\\\/\\\/xstyle.md\\\/product\\\/perchatki-viking-aliana-113-21-3390-08\\\/#primaryimage\"},\"image\":{\"@id\":\"https:\\\/\\\/xstyle.md\\\/product\\\/perchatki-viking-aliana-113-21-3390-08\\\/#primaryimage\"},\"thumbnailUrl\":\"https:\\\/\\\/xstyle.md\\\/wp-content\\\/uploads\\\/2021\\\/04\\\/viking_aliana_113-21-3390-08.jpg\",\"datePublished\":\"2021-04-28T14:02:36+00:00\",\"dateModified\":\"2026-03-12T10:46:11+00:00\",\"description\":\"\u041f\u0435\u0440\u0447\u0430\u0442\u043a\u0438 Viking Aliana 113\\\/21\\\/3390\\\/08 \u2014 \u0438\u0434\u0435\u0430\u043b\u044c\u043d\u044b\u0439 \u0432\u044b\u0431\u043e\u0440 \u0434\u043b\u044f \u0437\u0430\u0449\u0438\u0442\u044b \u0438 \u043a\u043e\u043c\u0444\u043e\u0440\u0442\u0430. \u041a\u0443\u043f\u0438\u0442\u044c \u043a\u0430\u0447\u0435\u0441\u0442\u0432\u043e \u043e\u0442 VIKING \u0441 1996 \u0433\u043e\u0434\u0430. \u041e\u0442\u043b\u0438\u0447\u043d\u044b\u0439 \u0430\u0441\u0441\u043e\u0440\u0442\u0438\u043c\u0435\u043d\u0442!\",\"breadcrumb\":{\"@id\":\"https:\\\/\\\/xstyle.md\\\/product\\\/perchatki-viking-aliana-113-21-3390-08\\\/#breadcrumb\"},\"inLanguage\":\"ro-RO\",\"potentialAction\":[{\"@type\":\"ReadAction\",\"target\":[\"https:\\\/\\\/xstyle.md\\\/product\\\/perchatki-viking-aliana-113-21-3390-08\\\/\"]}]},{\"@type\":\"ImageObject\",\"inLanguage\":\"ro-RO\",\"@id\":\"https:\\\/\\\/xstyle.md\\\/product\\\/perchatki-viking-aliana-113-21-3390-08\\\/#primaryimage\",\"url\":\"https:\\\/\\\/xstyle.md\\\/wp-content\\\/uploads\\\/2021\\\/04\\\/viking_aliana_113-21-3390-08.jpg\",\"contentUrl\":\"https:\\\/\\\/xstyle.md\\\/wp-content\\\/uploads\\\/2021\\\/04\\\/viking_aliana_113-21-3390-08.jpg\",\"width\":340,\"height\":255},{\"@type\":\"BreadcrumbList\",\"@id\":\"https:\\\/\\\/xstyle.md\\\/product\\\/perchatki-viking-aliana-113-21-3390-08\\\/#breadcrumb\",\"itemListElement\":[{\"@type\":\"ListItem\",\"position\":1,\"name\":\"\u0413\u043b\u0430\u0432\u043d\u0430\u044f \u0441\u0442\u0440\u0430\u043d\u0438\u0446\u0430\",\"item\":\"https:\\\/\\\/xstyle.md\\\/\"},{\"@type\":\"ListItem\",\"position\":2,\"name\":\"\u041c\u0430\u0433\u0430\u0437\u0438\u043d\",\"item\":\"https:\\\/\\\/xstyle.md\\\/shop\\\/\"},{\"@type\":\"ListItem\",\"position\":3,\"name\":\"\u041f\u0435\u0440\u0447\u0430\u0442\u043a\u0438 Viking Aliana 113\\\/21\\\/3390\\\/08\"}]},{\"@type\":\"WebSite\",\"@id\":\"https:\\\/\\\/xstyle.md\\\/#website\",\"url\":\"https:\\\/\\\/xstyle.md\\\/\",\"name\":\"\u041c\u0430\u0433\u0430\u0437\u0438\u043d Xstyle\",\"description\":\"C\u043d\u0430\u0440\u044f\u0436\u0435\u043d\u0438\u0435 \u0434\u043b\u044f \u0442\u0443\u0440\u0438\u0437\u043c\u0430 \u0438 \u044d\u043a\u0441\u0442\u0440\u0435\u043c\u0430\u043b\u044c\u043d\u044b\u0445 \u0432\u0438\u0434\u043e\u0432 \u0441\u043f\u043e\u0440\u0442\u0430 \u0432 \u041c\u043e\u043b\u0434\u043e\u0432\u0435.. \u0426\u0435\u043d\u044b, \u0444\u043e\u0442\u043e, \u0445\u0430\u0440\u0430\u043a\u0442\u0435\u0440\u0438\u0441\u0442\u0438\u043a\u0438 \u0432 \u041c\u043e\u043b\u0434\u043e\u0432\u0435.\",\"publisher\":{\"@id\":\"https:\\\/\\\/xstyle.md\\\/#organization\"},\"alternateName\":\"X-Style\",\"potentialAction\":[{\"@type\":\"SearchAction\",\"target\":{\"@type\":\"EntryPoint\",\"urlTemplate\":\"https:\\\/\\\/xstyle.md\\\/?s={search_term_string}\"},\"query-input\":{\"@type\":\"PropertyValueSpecification\",\"valueRequired\":true,\"valueName\":\"search_term_string\"}}],\"inLanguage\":\"ro-RO\"},{\"@type\":\"Organization\",\"@id\":\"https:\\\/\\\/xstyle.md\\\/#organization\",\"name\":\"\u041c\u0430\u0433\u0430\u0437\u0438\u043d Xstyle\",\"alternateName\":\"x-style\",\"url\":\"https:\\\/\\\/xstyle.md\\\/\",\"logo\":{\"@type\":\"ImageObject\",\"inLanguage\":\"ro-RO\",\"@id\":\"https:\\\/\\\/xstyle.md\\\/#\\\/schema\\\/logo\\\/image\\\/\",\"url\":\"https:\\\/\\\/xstyle.md\\\/wp-content\\\/uploads\\\/2020\\\/06\\\/logoicon.svg\",\"contentUrl\":\"https:\\\/\\\/xstyle.md\\\/wp-content\\\/uploads\\\/2020\\\/06\\\/logoicon.svg\",\"caption\":\"\u041c\u0430\u0433\u0430\u0437\u0438\u043d Xstyle\"},\"image\":{\"@id\":\"https:\\\/\\\/xstyle.md\\\/#\\\/schema\\\/logo\\\/image\\\/\"},\"sameAs\":[\"https:\\\/\\\/www.facebook.com\\\/xstylemd\",\"https:\\\/\\\/www.instagram.com\\\/xstyle_md\\\/\",\"https:\\\/\\\/t.me\\\/xstyle_outdoor\"],\"hasMerchantReturnPolicy\":{\"@type\":\"MerchantReturnPolicy\",\"merchantReturnLink\":\"https:\\\/\\\/xstyle.md\\\/ro\\\/conditions\\\/\"}}]}<\/script>\n<meta property=\"product:price:amount\" content=\"590.00\" \/>\n<meta property=\"product:price:currency\" content=\"MDL\" \/>\n<meta property=\"og:availability\" content=\"instock\" \/>\n<meta property=\"product:availability\" content=\"instock\" \/>\n<meta property=\"product:retailer_item_id\" content=\"5901115780915\" \/>\n<meta property=\"product:condition\" content=\"new\" \/>\n<!-- \/ Yoast SEO plugin. -->","yoast_head_json":{"title":"\u041f\u0435\u0440\u0447\u0430\u0442\u043a\u0438 Viking Aliana 113\/21\/3390\/08 - \u041c\u0430\u0433\u0430\u0437\u0438\u043d Xstyle","description":"M\u0103nu\u0219ile Viking Aliana 113\/21\/3390\/08 sunt alegerea perfect\u0103 pentru protec\u021bie \u0219i confort. Cumpara calitate de la VIKING din 1996. O gam\u0103 excelent\u0103!","robots":{"index":"index","follow":"follow","max-snippet":"max-snippet:-1","max-image-preview":"max-image-preview:large","max-video-preview":"max-video-preview:-1"},"canonical":"https:\/\/xstyle.md\/ro\/produs\/perchatki-viking-aliana-113-21-3390-08\/","og_locale":"ro_RO","og_type":"article","og_title":"\u041f\u0435\u0440\u0447\u0430\u0442\u043a\u0438 Viking Aliana 113\/21\/3390\/08 - \u041c\u0430\u0433\u0430\u0437\u0438\u043d Xstyle","og_description":"\u041f\u0435\u0440\u0447\u0430\u0442\u043a\u0438 Viking Aliana 113\/21\/3390\/08 \u2014 \u0438\u0434\u0435\u0430\u043b\u044c\u043d\u044b\u0439 \u0432\u044b\u0431\u043e\u0440 \u0434\u043b\u044f \u0437\u0430\u0449\u0438\u0442\u044b \u0438 \u043a\u043e\u043c\u0444\u043e\u0440\u0442\u0430. \u041a\u0443\u043f\u0438\u0442\u044c \u043a\u0430\u0447\u0435\u0441\u0442\u0432\u043e \u043e\u0442 VIKING \u0441 1996 \u0433\u043e\u0434\u0430. \u041e\u0442\u043b\u0438\u0447\u043d\u044b\u0439 \u0430\u0441\u0441\u043e\u0440\u0442\u0438\u043c\u0435\u043d\u0442!","og_url":"https:\/\/xstyle.md\/ro\/produs\/perchatki-viking-aliana-113-21-3390-08\/","og_site_name":"\u041c\u0430\u0433\u0430\u0437\u0438\u043d Xstyle","article_publisher":"https:\/\/www.facebook.com\/xstylemd","article_modified_time":"2026-03-12T10:46:11+00:00","og_image":[{"width":340,"height":255,"url":"https:\/\/xstyle.md\/wp-content\/uploads\/2021\/04\/viking_aliana_113-21-3390-08.jpg","type":"image\/jpeg"}],"twitter_card":"summary_large_image","twitter_misc":{"Pre\u021b":"590&nbsp;MDL","Disponibilitate":"\u00cen stoc"},"schema":{"@context":"https:\/\/schema.org","@graph":[{"@type":"WebPage","@id":"https:\/\/xstyle.md\/product\/perchatki-viking-aliana-113-21-3390-08\/","url":"https:\/\/xstyle.md\/product\/perchatki-viking-aliana-113-21-3390-08\/","name":"\u041f\u0435\u0440\u0447\u0430\u0442\u043a\u0438 Viking Aliana 113\/21\/3390\/08 - \u041c\u0430\u0433\u0430\u0437\u0438\u043d Xstyle","isPartOf":{"@id":"https:\/\/xstyle.md\/#website"},"primaryImageOfPage":{"@id":"https:\/\/xstyle.md\/product\/perchatki-viking-aliana-113-21-3390-08\/#primaryimage"},"image":{"@id":"https:\/\/xstyle.md\/product\/perchatki-viking-aliana-113-21-3390-08\/#primaryimage"},"thumbnailUrl":"https:\/\/xstyle.md\/wp-content\/uploads\/2021\/04\/viking_aliana_113-21-3390-08.jpg","datePublished":"2021-04-28T14:02:36+00:00","dateModified":"2026-03-12T10:46:11+00:00","description":"M\u0103nu\u0219ile Viking Aliana 113\/21\/3390\/08 sunt alegerea perfect\u0103 pentru protec\u021bie \u0219i confort. Cumpara calitate de la VIKING din 1996. O gam\u0103 excelent\u0103!","breadcrumb":{"@id":"https:\/\/xstyle.md\/product\/perchatki-viking-aliana-113-21-3390-08\/#breadcrumb"},"inLanguage":"ro-RO","potentialAction":[{"@type":"ReadAction","target":["https:\/\/xstyle.md\/product\/perchatki-viking-aliana-113-21-3390-08\/"]}]},{"@type":"ImageObject","inLanguage":"ro-RO","@id":"https:\/\/xstyle.md\/product\/perchatki-viking-aliana-113-21-3390-08\/#primaryimage","url":"https:\/\/xstyle.md\/wp-content\/uploads\/2021\/04\/viking_aliana_113-21-3390-08.jpg","contentUrl":"https:\/\/xstyle.md\/wp-content\/uploads\/2021\/04\/viking_aliana_113-21-3390-08.jpg","width":340,"height":255},{"@type":"BreadcrumbList","@id":"https:\/\/xstyle.md\/product\/perchatki-viking-aliana-113-21-3390-08\/#breadcrumb","itemListElement":[{"@type":"ListItem","position":1,"name":"\u0413\u043b\u0430\u0432\u043d\u0430\u044f \u0441\u0442\u0440\u0430\u043d\u0438\u0446\u0430","item":"https:\/\/xstyle.md\/"},{"@type":"ListItem","position":2,"name":"\u041c\u0430\u0433\u0430\u0437\u0438\u043d","item":"https:\/\/xstyle.md\/shop\/"},{"@type":"ListItem","position":3,"name":"\u041f\u0435\u0440\u0447\u0430\u0442\u043a\u0438 Viking Aliana 113\/21\/3390\/08"}]},{"@type":"WebSite","@id":"https:\/\/xstyle.md\/#website","url":"https:\/\/xstyle.md\/","name":"Magazinul X-Style","description":"Echipamente pentru turism \u0219i sporturi extreme \u00een Moldova. Pre\u021buri, fotografii, caracteristici \u00een Moldova.","publisher":{"@id":"https:\/\/xstyle.md\/#organization"},"alternateName":"X-Style","potentialAction":[{"@type":"SearchAction","target":{"@type":"EntryPoint","urlTemplate":"https:\/\/xstyle.md\/?s={search_term_string}"},"query-input":{"@type":"PropertyValueSpecification","valueRequired":true,"valueName":"search_term_string"}}],"inLanguage":"ro-RO"},{"@type":"Organization","@id":"https:\/\/xstyle.md\/#organization","name":"Magazinul X-Style","alternateName":"x-style","url":"https:\/\/xstyle.md\/","logo":{"@type":"ImageObject","inLanguage":"ro-RO","@id":"https:\/\/xstyle.md\/#\/schema\/logo\/image\/","url":"https:\/\/xstyle.md\/wp-content\/uploads\/2020\/06\/logoicon.svg","contentUrl":"https:\/\/xstyle.md\/wp-content\/uploads\/2020\/06\/logoicon.svg","caption":"\u041c\u0430\u0433\u0430\u0437\u0438\u043d Xstyle"},"image":{"@id":"https:\/\/xstyle.md\/#\/schema\/logo\/image\/"},"sameAs":["https:\/\/www.facebook.com\/xstylemd","https:\/\/www.instagram.com\/xstyle_md\/","https:\/\/t.me\/xstyle_outdoor"],"hasMerchantReturnPolicy":{"@type":"MerchantReturnPolicy","merchantReturnLink":"https:\/\/xstyle.md\/ro\/conditions\/"}}]},"product_price_amount":"590.00","product_price_currency":"MDL","og_availability":"instock","product_availability":"instock","product_retailer_item_id":"5901115780915","product_condition":"new"},"_links":{"self":[{"href":"https:\/\/xstyle.md\/ro\/wp-json\/wp\/v2\/product\/31599","targetHints":{"allow":["GET"]}}],"collection":[{"href":"https:\/\/xstyle.md\/ro\/wp-json\/wp\/v2\/product"}],"about":[{"href":"https:\/\/xstyle.md\/ro\/wp-json\/wp\/v2\/types\/product"}],"replies":[{"embeddable":true,"href":"https:\/\/xstyle.md\/ro\/wp-json\/wp\/v2\/comments?post=31599"}],"wp:featuredmedia":[{"embeddable":true,"href":"https:\/\/xstyle.md\/ro\/wp-json\/wp\/v2\/media\/31598"}],"wp:attachment":[{"href":"https:\/\/xstyle.md\/ro\/wp-json\/wp\/v2\/media?parent=31599"}],"wp:term":[{"taxonomy":"product_brand","embeddable":true,"href":"https:\/\/xstyle.md\/ro\/wp-json\/wp\/v2\/product_brand?post=31599"},{"taxonomy":"product_cat","embeddable":true,"href":"https:\/\/xstyle.md\/ro\/wp-json\/wp\/v2\/product_cat?post=31599"},{"taxonomy":"product_tag","embeddable":true,"href":"https:\/\/xstyle.md\/ro\/wp-json\/wp\/v2\/product_tag?post=31599"}],"curies":[{"name":"wp","href":"https:\/\/api.w.org\/{rel}","templated":true}]}}