{"id":31457,"date":"2021-04-28T16:59:08","date_gmt":"2021-04-28T13:59:08","guid":{"rendered":"https:\/\/xstyle.md\/product\/zamok-dlja-bagazha-varta-stanley-026-ext-70-mm\/"},"modified":"2026-04-07T15:26:37","modified_gmt":"2026-04-07T12:26:37","slug":"zamok-dlja-bagazha-varta-stanley-026-ext-70-mm","status":"publish","type":"product","link":"https:\/\/xstyle.md\/ro\/produs\/zamok-dlja-bagazha-varta-stanley-026-ext-70-mm\/","title":{"rendered":"Lac\u0103t bagaje Varta Stanley 026 Ext 70 mm"},"content":{"rendered":"<\/p>\n<p>Lac\u0103tul <strong>Stanley 026 Ext 70 mm\u00a0<\/strong>este o alegere excelent\u0103 pentru utilizarea profesional\u0103 \u0219i zilnic\u0103, asigur\u00e2nd nevoile de securitate. Designul \u00eencuietoarei este ideal pentru un z\u0103vor de u\u0219\u0103 glisant\u0103 sau u\u0219a de camion \u0219i previne deteriorarea cu ajutorul unui t\u0103ietor de z\u0103voare a c\u0103tu\u0219ei. Acest lac\u0103t are o bar\u0103 transversal\u0103 din o\u021bel c\u0103lit care se rote\u0219te pentru a preveni atacurile cu fer\u0103str\u0103ul. \u00cen plus, \u0219tifturile din alam\u0103 din pu\u021bul de blocare \u0219i arcurile din o\u021bel inoxidabil sunt rezistente la coroziune \u0219i v\u0103 vor dura mul\u021bi ani.<\/p>\n<h3>Caracteristici<\/h3>\n<ul>\n<li>Material &#8212; alam\u0103 pur\u0103<\/li>\n<li>Completare &#8212; 2 chei, \u00eencuietoare<\/li>\n<li>Clasa de securitate &#8212; 5<\/li>\n<li>Dimensiuni &#8212; 48 x 70 x 12 mm (H x L x P)<\/li>\n<li>Greutate \u00een pachet &#8212; 415 g<\/li>\n<\/ul>\n<p><\/p>","protected":false},"excerpt":{"rendered":"<p>Lac\u0103t bagaje Varta Stanley 026 Ext 70 mm<\/p>","protected":false},"featured_media":31455,"comment_status":"open","ping_status":"closed","template":"","meta":{"_acf_changed":false,"inline_featured_image":false},"product_brand":[1337],"product_cat":[338,499],"product_tag":[],"class_list":{"0":"post-31457","1":"product","2":"type-product","3":"status-publish","4":"has-post-thumbnail","6":"product_brand-varta","7":"product_cat-backpack-accessories","8":"product_cat-lock-for-luggage","10":"first","11":"outofstock","12":"shipping-taxable","13":"product-type-simple"},"acf":[],"yoast_head":"<!-- This site is optimized with the Yoast SEO plugin v27.4 - https:\/\/yoast.com\/product\/yoast-seo-wordpress\/ -->\n<title>\u0417\u0430\u043c\u043e\u043a \u0434\u043b\u044f \u0431\u0430\u0433\u0430\u0436\u0430 Varta Stanley 026 Ext 70 mm - \u041c\u0430\u0433\u0430\u0437\u0438\u043d Xstyle<\/title>\n<meta name=\"description\" content=\"\u041a\u043b\u044e\u0447 \u0437\u0430\u043c\u043a\u0430 Varta Stanley 026 Ext 70 \u043c\u043c \u2014 \u0438\u0434\u0435\u0430\u043b\u044c\u043d\u043e\u0435 \u0440\u0435\u0448\u0435\u043d\u0438\u0435 \u0434\u043b\u044f \u043f\u0440\u043e\u0444\u0435\u0441\u0441\u0438\u043e\u043d\u0430\u043b\u044c\u043d\u043e\u0433\u043e \u0438 \u043f\u043e\u0432\u0441\u0435\u0434\u043d\u0435\u0432\u043d\u043e\u0433\u043e \u0438\u0441\u043f\u043e\u043b\u044c\u0437\u043e\u0432\u0430\u043d\u0438\u044f. \u0412\u044b\u0441\u043e\u043a\u0430\u044f \u0431\u0435\u0437\u043e\u043f\u0430\u0441\u043d\u043e\u0441\u0442\u044c \u0438 \u043d\u0430\u0434\u0435\u0436\u043d\u044b\u0439 \u0434\u0438\u0437\u0430\u0439\u043d!\" \/>\n<meta name=\"robots\" content=\"index, follow, max-snippet:-1, max-image-preview:large, max-video-preview:-1\" \/>\n<link rel=\"canonical\" href=\"https:\/\/xstyle.md\/ro\/produs\/zamok-dlja-bagazha-varta-stanley-026-ext-70-mm\/\" \/>\n<meta property=\"og:locale\" content=\"ro_RO\" \/>\n<meta property=\"og:type\" content=\"article\" \/>\n<meta property=\"og:title\" content=\"\u0417\u0430\u043c\u043e\u043a \u0434\u043b\u044f \u0431\u0430\u0433\u0430\u0436\u0430 Varta Stanley 026 Ext 70 mm - \u041c\u0430\u0433\u0430\u0437\u0438\u043d Xstyle\" \/>\n<meta property=\"og:description\" content=\"\u041a\u043b\u044e\u0447 \u0437\u0430\u043c\u043a\u0430 Varta Stanley 026 Ext 70 \u043c\u043c \u2014 \u0438\u0434\u0435\u0430\u043b\u044c\u043d\u043e\u0435 \u0440\u0435\u0448\u0435\u043d\u0438\u0435 \u0434\u043b\u044f \u043f\u0440\u043e\u0444\u0435\u0441\u0441\u0438\u043e\u043d\u0430\u043b\u044c\u043d\u043e\u0433\u043e \u0438 \u043f\u043e\u0432\u0441\u0435\u0434\u043d\u0435\u0432\u043d\u043e\u0433\u043e \u0438\u0441\u043f\u043e\u043b\u044c\u0437\u043e\u0432\u0430\u043d\u0438\u044f. \u0412\u044b\u0441\u043e\u043a\u0430\u044f \u0431\u0435\u0437\u043e\u043f\u0430\u0441\u043d\u043e\u0441\u0442\u044c \u0438 \u043d\u0430\u0434\u0435\u0436\u043d\u044b\u0439 \u0434\u0438\u0437\u0430\u0439\u043d!\" \/>\n<meta property=\"og:url\" content=\"https:\/\/xstyle.md\/ro\/produs\/zamok-dlja-bagazha-varta-stanley-026-ext-70-mm\/\" \/>\n<meta property=\"og:site_name\" content=\"\u041c\u0430\u0433\u0430\u0437\u0438\u043d Xstyle\" \/>\n<meta property=\"article:publisher\" content=\"https:\/\/www.facebook.com\/xstylemd\" \/>\n<meta property=\"article:modified_time\" content=\"2026-04-07T12:26:37+00:00\" \/>\n<meta property=\"og:image\" content=\"https:\/\/xstyle.md\/wp-content\/uploads\/2021\/04\/varta_stanley_026_ext_70_mm.jpg\" \/>\n\t<meta property=\"og:image:width\" content=\"284\" \/>\n\t<meta property=\"og:image:height\" content=\"240\" \/>\n\t<meta property=\"og:image:type\" content=\"image\/jpeg\" \/>\n<meta name=\"twitter:card\" content=\"summary_large_image\" \/>\n<meta name=\"twitter:label1\" content=\"Pre\u021b\" \/>\n\t<meta name=\"twitter:data1\" content=\"340&nbsp;MDL\" \/>\n\t<meta name=\"twitter:label2\" content=\"Disponibilitate\" \/>\n\t<meta name=\"twitter:data2\" content=\"Stoc epuizat\" \/>\n<script type=\"application\/ld+json\" class=\"yoast-schema-graph\">{\"@context\":\"https:\\\/\\\/schema.org\",\"@graph\":[{\"@type\":\"WebPage\",\"@id\":\"https:\\\/\\\/xstyle.md\\\/product\\\/zamok-dlja-bagazha-varta-stanley-026-ext-70-mm\\\/\",\"url\":\"https:\\\/\\\/xstyle.md\\\/product\\\/zamok-dlja-bagazha-varta-stanley-026-ext-70-mm\\\/\",\"name\":\"\u0417\u0430\u043c\u043e\u043a \u0434\u043b\u044f \u0431\u0430\u0433\u0430\u0436\u0430 Varta Stanley 026 Ext 70 mm - \u041c\u0430\u0433\u0430\u0437\u0438\u043d Xstyle\",\"isPartOf\":{\"@id\":\"https:\\\/\\\/xstyle.md\\\/#website\"},\"primaryImageOfPage\":{\"@id\":\"https:\\\/\\\/xstyle.md\\\/product\\\/zamok-dlja-bagazha-varta-stanley-026-ext-70-mm\\\/#primaryimage\"},\"image\":{\"@id\":\"https:\\\/\\\/xstyle.md\\\/product\\\/zamok-dlja-bagazha-varta-stanley-026-ext-70-mm\\\/#primaryimage\"},\"thumbnailUrl\":\"https:\\\/\\\/xstyle.md\\\/wp-content\\\/uploads\\\/2021\\\/04\\\/varta_stanley_026_ext_70_mm.jpg\",\"datePublished\":\"2021-04-28T13:59:08+00:00\",\"dateModified\":\"2026-04-07T12:26:37+00:00\",\"description\":\"\u041a\u043b\u044e\u0447 \u0437\u0430\u043c\u043a\u0430 Varta Stanley 026 Ext 70 \u043c\u043c \u2014 \u0438\u0434\u0435\u0430\u043b\u044c\u043d\u043e\u0435 \u0440\u0435\u0448\u0435\u043d\u0438\u0435 \u0434\u043b\u044f \u043f\u0440\u043e\u0444\u0435\u0441\u0441\u0438\u043e\u043d\u0430\u043b\u044c\u043d\u043e\u0433\u043e \u0438 \u043f\u043e\u0432\u0441\u0435\u0434\u043d\u0435\u0432\u043d\u043e\u0433\u043e \u0438\u0441\u043f\u043e\u043b\u044c\u0437\u043e\u0432\u0430\u043d\u0438\u044f. \u0412\u044b\u0441\u043e\u043a\u0430\u044f \u0431\u0435\u0437\u043e\u043f\u0430\u0441\u043d\u043e\u0441\u0442\u044c \u0438 \u043d\u0430\u0434\u0435\u0436\u043d\u044b\u0439 \u0434\u0438\u0437\u0430\u0439\u043d!\",\"breadcrumb\":{\"@id\":\"https:\\\/\\\/xstyle.md\\\/product\\\/zamok-dlja-bagazha-varta-stanley-026-ext-70-mm\\\/#breadcrumb\"},\"inLanguage\":\"ro-RO\",\"potentialAction\":[{\"@type\":\"ReadAction\",\"target\":[\"https:\\\/\\\/xstyle.md\\\/product\\\/zamok-dlja-bagazha-varta-stanley-026-ext-70-mm\\\/\"]}]},{\"@type\":\"ImageObject\",\"inLanguage\":\"ro-RO\",\"@id\":\"https:\\\/\\\/xstyle.md\\\/product\\\/zamok-dlja-bagazha-varta-stanley-026-ext-70-mm\\\/#primaryimage\",\"url\":\"https:\\\/\\\/xstyle.md\\\/wp-content\\\/uploads\\\/2021\\\/04\\\/varta_stanley_026_ext_70_mm.jpg\",\"contentUrl\":\"https:\\\/\\\/xstyle.md\\\/wp-content\\\/uploads\\\/2021\\\/04\\\/varta_stanley_026_ext_70_mm.jpg\",\"width\":284,\"height\":240},{\"@type\":\"BreadcrumbList\",\"@id\":\"https:\\\/\\\/xstyle.md\\\/product\\\/zamok-dlja-bagazha-varta-stanley-026-ext-70-mm\\\/#breadcrumb\",\"itemListElement\":[{\"@type\":\"ListItem\",\"position\":1,\"name\":\"\u0413\u043b\u0430\u0432\u043d\u0430\u044f \u0441\u0442\u0440\u0430\u043d\u0438\u0446\u0430\",\"item\":\"https:\\\/\\\/xstyle.md\\\/\"},{\"@type\":\"ListItem\",\"position\":2,\"name\":\"\u041c\u0430\u0433\u0430\u0437\u0438\u043d\",\"item\":\"https:\\\/\\\/xstyle.md\\\/shop\\\/\"},{\"@type\":\"ListItem\",\"position\":3,\"name\":\"\u0417\u0430\u043c\u043e\u043a \u0434\u043b\u044f \u0431\u0430\u0433\u0430\u0436\u0430 Varta Stanley 026 Ext 70 mm\"}]},{\"@type\":\"WebSite\",\"@id\":\"https:\\\/\\\/xstyle.md\\\/#website\",\"url\":\"https:\\\/\\\/xstyle.md\\\/\",\"name\":\"\u041c\u0430\u0433\u0430\u0437\u0438\u043d Xstyle\",\"description\":\"C\u043d\u0430\u0440\u044f\u0436\u0435\u043d\u0438\u0435 \u0434\u043b\u044f \u0442\u0443\u0440\u0438\u0437\u043c\u0430 \u0438 \u044d\u043a\u0441\u0442\u0440\u0435\u043c\u0430\u043b\u044c\u043d\u044b\u0445 \u0432\u0438\u0434\u043e\u0432 \u0441\u043f\u043e\u0440\u0442\u0430 \u0432 \u041c\u043e\u043b\u0434\u043e\u0432\u0435.. \u0426\u0435\u043d\u044b, \u0444\u043e\u0442\u043e, \u0445\u0430\u0440\u0430\u043a\u0442\u0435\u0440\u0438\u0441\u0442\u0438\u043a\u0438 \u0432 \u041c\u043e\u043b\u0434\u043e\u0432\u0435.\",\"publisher\":{\"@id\":\"https:\\\/\\\/xstyle.md\\\/#organization\"},\"alternateName\":\"X-Style\",\"potentialAction\":[{\"@type\":\"SearchAction\",\"target\":{\"@type\":\"EntryPoint\",\"urlTemplate\":\"https:\\\/\\\/xstyle.md\\\/?s={search_term_string}\"},\"query-input\":{\"@type\":\"PropertyValueSpecification\",\"valueRequired\":true,\"valueName\":\"search_term_string\"}}],\"inLanguage\":\"ro-RO\"},{\"@type\":\"Organization\",\"@id\":\"https:\\\/\\\/xstyle.md\\\/#organization\",\"name\":\"\u041c\u0430\u0433\u0430\u0437\u0438\u043d Xstyle\",\"alternateName\":\"x-style\",\"url\":\"https:\\\/\\\/xstyle.md\\\/\",\"logo\":{\"@type\":\"ImageObject\",\"inLanguage\":\"ro-RO\",\"@id\":\"https:\\\/\\\/xstyle.md\\\/#\\\/schema\\\/logo\\\/image\\\/\",\"url\":\"https:\\\/\\\/xstyle.md\\\/wp-content\\\/uploads\\\/2020\\\/06\\\/logoicon.svg\",\"contentUrl\":\"https:\\\/\\\/xstyle.md\\\/wp-content\\\/uploads\\\/2020\\\/06\\\/logoicon.svg\",\"caption\":\"\u041c\u0430\u0433\u0430\u0437\u0438\u043d Xstyle\"},\"image\":{\"@id\":\"https:\\\/\\\/xstyle.md\\\/#\\\/schema\\\/logo\\\/image\\\/\"},\"sameAs\":[\"https:\\\/\\\/www.facebook.com\\\/xstylemd\",\"https:\\\/\\\/www.instagram.com\\\/xstyle_md\\\/\",\"https:\\\/\\\/t.me\\\/xstyle_outdoor\"],\"hasMerchantReturnPolicy\":{\"@type\":\"MerchantReturnPolicy\",\"merchantReturnLink\":\"https:\\\/\\\/xstyle.md\\\/ro\\\/conditions\\\/\"}}]}<\/script>\n<meta property=\"product:price:amount\" content=\"340.00\" \/>\n<meta property=\"product:price:currency\" content=\"MDL\" \/>\n<meta property=\"og:availability\" content=\"out of stock\" \/>\n<meta property=\"product:availability\" content=\"out of stock\" \/>\n<meta property=\"product:retailer_item_id\" content=\"4008496827459\" \/>\n<meta property=\"product:condition\" content=\"new\" \/>\n<!-- \/ Yoast SEO plugin. -->","yoast_head_json":{"title":"Lac\u0103t bagaj Varta Stanley 026 Ext 70 mm - Magazin Xstyle","description":"Cheia \u00eencuietorii Varta Stanley 026 Ext 70 mm \u2014 solu\u021bia ideal\u0103 pentru utilizare profesional\u0103 \u0219i de zi cu zi. Siguran\u021b\u0103 ridicat\u0103 \u0219i design fiabil!","robots":{"index":"index","follow":"follow","max-snippet":"max-snippet:-1","max-image-preview":"max-image-preview:large","max-video-preview":"max-video-preview:-1"},"canonical":"https:\/\/xstyle.md\/ro\/produs\/zamok-dlja-bagazha-varta-stanley-026-ext-70-mm\/","og_locale":"ro_RO","og_type":"article","og_title":"\u0417\u0430\u043c\u043e\u043a \u0434\u043b\u044f \u0431\u0430\u0433\u0430\u0436\u0430 Varta Stanley 026 Ext 70 mm - \u041c\u0430\u0433\u0430\u0437\u0438\u043d Xstyle","og_description":"\u041a\u043b\u044e\u0447 \u0437\u0430\u043c\u043a\u0430 Varta Stanley 026 Ext 70 \u043c\u043c \u2014 \u0438\u0434\u0435\u0430\u043b\u044c\u043d\u043e\u0435 \u0440\u0435\u0448\u0435\u043d\u0438\u0435 \u0434\u043b\u044f \u043f\u0440\u043e\u0444\u0435\u0441\u0441\u0438\u043e\u043d\u0430\u043b\u044c\u043d\u043e\u0433\u043e \u0438 \u043f\u043e\u0432\u0441\u0435\u0434\u043d\u0435\u0432\u043d\u043e\u0433\u043e \u0438\u0441\u043f\u043e\u043b\u044c\u0437\u043e\u0432\u0430\u043d\u0438\u044f. \u0412\u044b\u0441\u043e\u043a\u0430\u044f \u0431\u0435\u0437\u043e\u043f\u0430\u0441\u043d\u043e\u0441\u0442\u044c \u0438 \u043d\u0430\u0434\u0435\u0436\u043d\u044b\u0439 \u0434\u0438\u0437\u0430\u0439\u043d!","og_url":"https:\/\/xstyle.md\/ro\/produs\/zamok-dlja-bagazha-varta-stanley-026-ext-70-mm\/","og_site_name":"\u041c\u0430\u0433\u0430\u0437\u0438\u043d Xstyle","article_publisher":"https:\/\/www.facebook.com\/xstylemd","article_modified_time":"2026-04-07T12:26:37+00:00","og_image":[{"width":284,"height":240,"url":"https:\/\/xstyle.md\/wp-content\/uploads\/2021\/04\/varta_stanley_026_ext_70_mm.jpg","type":"image\/jpeg"}],"twitter_card":"summary_large_image","twitter_misc":{"Pre\u021b":"340&nbsp;MDL","Disponibilitate":"Stoc epuizat"},"schema":{"@context":"https:\/\/schema.org","@graph":[{"@type":"WebPage","@id":"https:\/\/xstyle.md\/product\/zamok-dlja-bagazha-varta-stanley-026-ext-70-mm\/","url":"https:\/\/xstyle.md\/product\/zamok-dlja-bagazha-varta-stanley-026-ext-70-mm\/","name":"Lac\u0103t bagaj Varta Stanley 026 Ext 70 mm - Magazin Xstyle","isPartOf":{"@id":"https:\/\/xstyle.md\/#website"},"primaryImageOfPage":{"@id":"https:\/\/xstyle.md\/product\/zamok-dlja-bagazha-varta-stanley-026-ext-70-mm\/#primaryimage"},"image":{"@id":"https:\/\/xstyle.md\/product\/zamok-dlja-bagazha-varta-stanley-026-ext-70-mm\/#primaryimage"},"thumbnailUrl":"https:\/\/xstyle.md\/wp-content\/uploads\/2021\/04\/varta_stanley_026_ext_70_mm.jpg","datePublished":"2021-04-28T13:59:08+00:00","dateModified":"2026-04-07T12:26:37+00:00","description":"Cheia \u00eencuietorii Varta Stanley 026 Ext 70 mm \u2014 solu\u021bia ideal\u0103 pentru utilizare profesional\u0103 \u0219i de zi cu zi. Siguran\u021b\u0103 ridicat\u0103 \u0219i design fiabil!","breadcrumb":{"@id":"https:\/\/xstyle.md\/product\/zamok-dlja-bagazha-varta-stanley-026-ext-70-mm\/#breadcrumb"},"inLanguage":"ro-RO","potentialAction":[{"@type":"ReadAction","target":["https:\/\/xstyle.md\/product\/zamok-dlja-bagazha-varta-stanley-026-ext-70-mm\/"]}]},{"@type":"ImageObject","inLanguage":"ro-RO","@id":"https:\/\/xstyle.md\/product\/zamok-dlja-bagazha-varta-stanley-026-ext-70-mm\/#primaryimage","url":"https:\/\/xstyle.md\/wp-content\/uploads\/2021\/04\/varta_stanley_026_ext_70_mm.jpg","contentUrl":"https:\/\/xstyle.md\/wp-content\/uploads\/2021\/04\/varta_stanley_026_ext_70_mm.jpg","width":284,"height":240},{"@type":"BreadcrumbList","@id":"https:\/\/xstyle.md\/product\/zamok-dlja-bagazha-varta-stanley-026-ext-70-mm\/#breadcrumb","itemListElement":[{"@type":"ListItem","position":1,"name":"\u0413\u043b\u0430\u0432\u043d\u0430\u044f \u0441\u0442\u0440\u0430\u043d\u0438\u0446\u0430","item":"https:\/\/xstyle.md\/"},{"@type":"ListItem","position":2,"name":"\u041c\u0430\u0433\u0430\u0437\u0438\u043d","item":"https:\/\/xstyle.md\/shop\/"},{"@type":"ListItem","position":3,"name":"\u0417\u0430\u043c\u043e\u043a \u0434\u043b\u044f \u0431\u0430\u0433\u0430\u0436\u0430 Varta Stanley 026 Ext 70 mm"}]},{"@type":"WebSite","@id":"https:\/\/xstyle.md\/#website","url":"https:\/\/xstyle.md\/","name":"Magazinul X-Style","description":"Echipamente pentru turism \u0219i sporturi extreme \u00een Moldova. Pre\u021buri, fotografii, caracteristici \u00een Moldova.","publisher":{"@id":"https:\/\/xstyle.md\/#organization"},"alternateName":"X-Style","potentialAction":[{"@type":"SearchAction","target":{"@type":"EntryPoint","urlTemplate":"https:\/\/xstyle.md\/?s={search_term_string}"},"query-input":{"@type":"PropertyValueSpecification","valueRequired":true,"valueName":"search_term_string"}}],"inLanguage":"ro-RO"},{"@type":"Organization","@id":"https:\/\/xstyle.md\/#organization","name":"Magazinul X-Style","alternateName":"x-style","url":"https:\/\/xstyle.md\/","logo":{"@type":"ImageObject","inLanguage":"ro-RO","@id":"https:\/\/xstyle.md\/#\/schema\/logo\/image\/","url":"https:\/\/xstyle.md\/wp-content\/uploads\/2020\/06\/logoicon.svg","contentUrl":"https:\/\/xstyle.md\/wp-content\/uploads\/2020\/06\/logoicon.svg","caption":"\u041c\u0430\u0433\u0430\u0437\u0438\u043d Xstyle"},"image":{"@id":"https:\/\/xstyle.md\/#\/schema\/logo\/image\/"},"sameAs":["https:\/\/www.facebook.com\/xstylemd","https:\/\/www.instagram.com\/xstyle_md\/","https:\/\/t.me\/xstyle_outdoor"],"hasMerchantReturnPolicy":{"@type":"MerchantReturnPolicy","merchantReturnLink":"https:\/\/xstyle.md\/ro\/conditions\/"}}]},"product_price_amount":"340.00","product_price_currency":"MDL","og_availability":"out of stock","product_availability":"out of stock","product_retailer_item_id":"4008496827459","product_condition":"new"},"post_mailing_queue_ids":[],"_links":{"self":[{"href":"https:\/\/xstyle.md\/ro\/wp-json\/wp\/v2\/product\/31457","targetHints":{"allow":["GET"]}}],"collection":[{"href":"https:\/\/xstyle.md\/ro\/wp-json\/wp\/v2\/product"}],"about":[{"href":"https:\/\/xstyle.md\/ro\/wp-json\/wp\/v2\/types\/product"}],"replies":[{"embeddable":true,"href":"https:\/\/xstyle.md\/ro\/wp-json\/wp\/v2\/comments?post=31457"}],"wp:featuredmedia":[{"embeddable":true,"href":"https:\/\/xstyle.md\/ro\/wp-json\/wp\/v2\/media\/31455"}],"wp:attachment":[{"href":"https:\/\/xstyle.md\/ro\/wp-json\/wp\/v2\/media?parent=31457"}],"wp:term":[{"taxonomy":"product_brand","embeddable":true,"href":"https:\/\/xstyle.md\/ro\/wp-json\/wp\/v2\/product_brand?post=31457"},{"taxonomy":"product_cat","embeddable":true,"href":"https:\/\/xstyle.md\/ro\/wp-json\/wp\/v2\/product_cat?post=31457"},{"taxonomy":"product_tag","embeddable":true,"href":"https:\/\/xstyle.md\/ro\/wp-json\/wp\/v2\/product_tag?post=31457"}],"curies":[{"name":"wp","href":"https:\/\/api.w.org\/{rel}","templated":true}]}}