{"id":31409,"date":"2021-04-28T16:57:49","date_gmt":"2021-04-28T13:57:49","guid":{"rendered":"https:\/\/xstyle.md\/product\/koljaska-thule-spring-aluminum\/"},"modified":"2024-11-07T12:56:37","modified_gmt":"2024-11-07T09:56:37","slug":"koljaska-thule-spring-aluminum","status":"publish","type":"product","link":"https:\/\/xstyle.md\/ro\/produs\/koljaska-thule-spring-aluminum\/","title":{"rendered":"C\u0103rucior Thule Spring Aluminum"},"content":{"rendered":"<\/p>\n<p><strong>C\u0103rucior Thule Spring Aluminum<\/strong> &#8212; un model versatil \u0219i func\u021bional care poate fi folosit \u00een ora\u0219, deoarece se pliaz\u0103 compact, are un \u0219asiu \u00eengust \u0219i este perfect pentru portbagajul oric\u0103rei ma\u0219ini \u0219i pentru c\u0103l\u0103toriile cu transportul public.<\/p>\n<p>M\u00e2nerul reglabil este acoperit cu un material pl\u0103cut, care este u\u0219or de cur\u0103\u021bat \u0219i se extinde la 108,5 cm, ceea ce este convenabil pentru persoanele \u00eenalte. Capota mare se deschide p\u00e2n\u0103 la bara de protec\u021bie, protej\u00e2ndu-v\u0103 perfect copilul \u00een orice vreme rea. O sec\u021biune suplimentar\u0103 se \u00eenchide cu un fermoar \u0219i are o fereastr\u0103 de vizualizare din plas\u0103, datorit\u0103 c\u0103reia v\u0103 pute\u021bi supraveghea copilul.<\/p>\n<p>Pe sp\u0103tar exist\u0103 un buzunar imens pentru lucruri. Sp\u0103tarul \u00een sine are o c\u0103ptu\u0219eal\u0103 confortabil\u0103, c\u0103ptu\u0219it\u0103, care poate fi cobor\u00e2t\u0103 \u0219i ridicat\u0103 pe curele, \u00eenclin\u00e2ndu-se la 175 de grade. Exist\u0103, de asemenea, o fereastr\u0103 pentru ventila\u021bie, unde perdeaua este fixat\u0103 pe magne\u021bi. \u00cen plus, exist\u0103 o bara de protec\u021bie pliabil\u0103, acoperit\u0103 cu un material moale pl\u0103cut. Curelele \u00een cinci puncte cu suprapuneri fixe garanteaz\u0103 siguran\u021ba copilului dumneavoastr\u0103. Curelele superioare pot fi repozi\u021bionate \u0219i ajustate la cre\u0219terea copilului.<\/p>\n<p>Co\u0219ul este foarte spa\u021bios \u0219i are accesibilitate bun\u0103 chiar \u0219i cu sp\u0103tarul cobor\u00e2t. Roata din fa\u021b\u0103 poate fi blocat\u0103 astfel \u00eenc\u00e2t c\u0103ruciorul s\u0103 se deplaseze f\u0103r\u0103 efort \u00eenainte. C\u0103ruciorul este u\u0219or de pliat cu o singur\u0103 m\u00e2n\u0103 \u0219i poate fi transportat cu ajutorul m\u00e2nerului, care este ascuns sub scaun. Atunci c\u00e2nd este pliat, c\u0103ruciorul poate sta pe cont propriu, pliindu-se compact \u0219i ocup\u00e2nd pu\u021bin spa\u021biu.<\/p>\n<h3>Particularit\u0103\u021bi<\/h3>\n<ul>\n<li>Se pliaz\u0103 rapid \u0219i u\u0219or cu o singur\u0103 m\u00e2n\u0103, chiar \u0219i atunci c\u00e2nd \u021bine\u021bi copilul \u00een bra\u021be<\/li>\n<li>Reglare lin\u0103, cu o singur\u0103 m\u00e2n\u0103, a m\u00e2nerului pentru un control maxim al c\u0103ruciorului<\/li>\n<li>Dimensiuni compacte \u0219i stabilitate excelent\u0103 atunci c\u00e2nd este pliat pentru transport \u0219i depozitare u\u0219oar\u0103<\/li>\n<li>Roata din fa\u021b\u0103 rotativ\u0103 cu suspensie poate fi blocat\u0103 \u00eentr-o singur\u0103 pozi\u021bie pentru o c\u0103l\u0103torie confortabil\u0103 indiferent de teren<\/li>\n<li>O capot\u0103 bine ventilat\u0103 cu fereastr\u0103 din plas\u0103 asigur\u0103 c\u0103 copilul dvs. poate merge confortabil pe orice vreme (capota este op\u021bional\u0103).<\/li>\n<li>Scaunul confortabil cu sp\u0103tarul reglabil \u00eenclinat permite copilului dvs. s\u0103 doarm\u0103 pe drum.<\/li>\n<li>Copiii mai mari pot sta independent \u00een c\u0103rucior datorit\u0103 suportului pentru picioare.<\/li>\n<li>Capota reglabil\u0103 cu protec\u021bie UV (UPF 50+) poate fi m\u0103rit\u0103 pentru a \u021bine soarele de jos departe de ochi<\/li>\n<li>Anvelopele din spum\u0103 cu diametrul de 8,5\u201d, durabile \u0219i rezistente la \u00een\u021bep\u0103turi, asigur\u0103 o deplasare lin\u0103 pe teren accidentat<\/li>\n<li>Centur\u0103 de siguran\u021b\u0103 \u00een 5 puncte pentru un plus de siguran\u021b\u0103<\/li>\n<\/ul>\n<h3>Caracteristici<\/h3>\n<ul>\n<li>Capacitate de \u00eenc\u0103rcare &#8212; 29 kg<\/li>\n<li>Dimensiuni pliate &#8212; 32 x 45 x 76 cm<\/li>\n<li>Greutate &#8212; 9,5 kg<\/li>\n<li>L\u0103\u021bimea ro\u021bilor &#8212; 59,5 cm<\/li>\n<li>Centura de siguran\u021b\u0103 &#8212; 5 puncte de fixare<\/li>\n<li>Respect\u0103 standardele de siguran\u021b\u0103<\/li>\n<\/ul>\n<h3>Marca<\/h3>\n<p>THULE este o companie interna\u021bional\u0103 de top, recunoscut\u0103 la nivel mondial ca produc\u0103tor de top de sisteme de bagaje \u0219i cutii auto. THULE produce produse premium care sunt renumite pentru calitatea lor de neegalat, siguran\u021b\u0103, u\u0219urin\u021b\u0103 \u00een utilizare \u0219i design elegant. Produsele THULE sunt potrivite pentru persoanele care prefer\u0103 activit\u0103\u021bile \u00een aer liber, sunt pasionate de sport, c\u0103l\u0103toresc mult \u0219i apreciaz\u0103 solu\u021biile bine g\u00e2ndite.<\/p>\n<p><\/p>\n<p><iframe loading=\"lazy\" title=\"Stroller - Thule Spring - All features\" width=\"640\" height=\"360\" src=\"https:\/\/www.youtube.com\/embed\/T71vKnnWv9c?feature=oembed\" frameborder=\"0\" allow=\"accelerometer; autoplay; clipboard-write; encrypted-media; gyroscope; picture-in-picture; web-share\" referrerpolicy=\"strict-origin-when-cross-origin\" allowfullscreen><\/iframe><\/p>\n<p>&nbsp;<\/p>\n<p><iframe loading=\"lazy\" title=\"Stroller - Thule Spring\" width=\"640\" height=\"360\" src=\"https:\/\/www.youtube.com\/embed\/Ht2OSJMiy7k?feature=oembed\" frameborder=\"0\" allow=\"accelerometer; autoplay; clipboard-write; encrypted-media; gyroscope; picture-in-picture; web-share\" referrerpolicy=\"strict-origin-when-cross-origin\" allowfullscreen><\/iframe><\/p>","protected":false},"excerpt":{"rendered":"<p>C\u0103rucior Thule Spring Aluminum<\/p>","protected":false},"featured_media":31400,"comment_status":"open","ping_status":"closed","template":"","meta":{"_acf_changed":false,"inline_featured_image":false},"product_brand":[1269],"product_cat":[1157],"product_tag":[],"class_list":{"0":"post-31409","1":"product","2":"type-product","3":"status-publish","4":"has-post-thumbnail","6":"product_brand-thule","7":"product_cat-bicycle-baby-seats","9":"first","10":"instock","11":"shipping-taxable","12":"purchasable","13":"product-type-simple"},"acf":[],"yoast_head":"<!-- This site is optimized with the Yoast SEO plugin v27.2 - https:\/\/yoast.com\/product\/yoast-seo-wordpress\/ -->\n<title>\u041a\u043e\u043b\u044f\u0441\u043a\u0430 Thule Spring Aluminum - \u041c\u0430\u0433\u0430\u0437\u0438\u043d Xstyle<\/title>\n<meta name=\"description\" content=\"\u041a\u043e\u043b\u044f\u0441\u043a\u0430 Thule Spring Aluminum \u2014 \u0443\u043d\u0438\u0432\u0435\u0440\u0441\u0430\u043b\u044c\u043d\u0430\u044f \u0438 \u0444\u0443\u043d\u043a\u0446\u0438\u043e\u043d\u0430\u043b\u044c\u043d\u0430\u044f \u043c\u043e\u0434\u0435\u043b\u044c \u0434\u043b\u044f \u0433\u043e\u0440\u043e\u0434\u0430, \u043a\u043e\u043c\u043f\u0430\u043a\u0442\u043d\u043e \u0441\u043a\u043b\u0430\u0434\u044b\u0432\u0430\u0435\u0442\u0441\u044f \u0438 \u0438\u0434\u0435\u0430\u043b\u044c\u043d\u043e \u043f\u043e\u0434\u0445\u043e\u0434\u0438\u0442 \u0434\u043b\u044f \u043f\u0443\u0442\u0435\u0448\u0435\u0441\u0442\u0432\u0438\u0439.\" \/>\n<meta name=\"robots\" content=\"index, follow, max-snippet:-1, max-image-preview:large, max-video-preview:-1\" \/>\n<link rel=\"canonical\" href=\"https:\/\/xstyle.md\/ro\/produs\/koljaska-thule-spring-aluminum\/\" \/>\n<meta property=\"og:locale\" content=\"ro_RO\" \/>\n<meta property=\"og:type\" content=\"article\" \/>\n<meta property=\"og:title\" content=\"\u041a\u043e\u043b\u044f\u0441\u043a\u0430 Thule Spring Aluminum - \u041c\u0430\u0433\u0430\u0437\u0438\u043d Xstyle\" \/>\n<meta property=\"og:description\" content=\"\u041a\u043e\u043b\u044f\u0441\u043a\u0430 Thule Spring Aluminum \u2014 \u0443\u043d\u0438\u0432\u0435\u0440\u0441\u0430\u043b\u044c\u043d\u0430\u044f \u0438 \u0444\u0443\u043d\u043a\u0446\u0438\u043e\u043d\u0430\u043b\u044c\u043d\u0430\u044f \u043c\u043e\u0434\u0435\u043b\u044c \u0434\u043b\u044f \u0433\u043e\u0440\u043e\u0434\u0430, \u043a\u043e\u043c\u043f\u0430\u043a\u0442\u043d\u043e \u0441\u043a\u043b\u0430\u0434\u044b\u0432\u0430\u0435\u0442\u0441\u044f \u0438 \u0438\u0434\u0435\u0430\u043b\u044c\u043d\u043e \u043f\u043e\u0434\u0445\u043e\u0434\u0438\u0442 \u0434\u043b\u044f \u043f\u0443\u0442\u0435\u0448\u0435\u0441\u0442\u0432\u0438\u0439.\" \/>\n<meta property=\"og:url\" content=\"https:\/\/xstyle.md\/ro\/produs\/koljaska-thule-spring-aluminum\/\" \/>\n<meta property=\"og:site_name\" content=\"\u041c\u0430\u0433\u0430\u0437\u0438\u043d Xstyle\" \/>\n<meta property=\"article:publisher\" content=\"https:\/\/www.facebook.com\/xstylemd\" \/>\n<meta property=\"article:modified_time\" content=\"2024-11-07T09:56:37+00:00\" \/>\n<meta property=\"og:image\" content=\"https:\/\/xstyle.md\/wp-content\/uploads\/2021\/04\/thule_spring_aluminum01.jpg\" \/>\n\t<meta property=\"og:image:width\" content=\"867\" \/>\n\t<meta property=\"og:image:height\" content=\"1038\" \/>\n\t<meta property=\"og:image:type\" content=\"image\/jpeg\" \/>\n<meta name=\"twitter:card\" content=\"summary_large_image\" \/>\n<meta name=\"twitter:label1\" content=\"Pre\u021b\" \/>\n\t<meta name=\"twitter:data1\" content=\"10.960&nbsp;MDL\" \/>\n\t<meta name=\"twitter:label2\" content=\"Disponibilitate\" \/>\n\t<meta name=\"twitter:data2\" content=\"\u00cen stoc\" \/>\n<script type=\"application\/ld+json\" class=\"yoast-schema-graph\">{\"@context\":\"https:\/\/schema.org\",\"@graph\":[{\"@type\":\"WebPage\",\"@id\":\"https:\/\/xstyle.md\/product\/koljaska-thule-spring-aluminum\/\",\"url\":\"https:\/\/xstyle.md\/product\/koljaska-thule-spring-aluminum\/\",\"name\":\"\u041a\u043e\u043b\u044f\u0441\u043a\u0430 Thule Spring Aluminum - \u041c\u0430\u0433\u0430\u0437\u0438\u043d Xstyle\",\"isPartOf\":{\"@id\":\"https:\/\/xstyle.md\/#website\"},\"primaryImageOfPage\":{\"@id\":\"https:\/\/xstyle.md\/product\/koljaska-thule-spring-aluminum\/#primaryimage\"},\"image\":{\"@id\":\"https:\/\/xstyle.md\/product\/koljaska-thule-spring-aluminum\/#primaryimage\"},\"thumbnailUrl\":\"https:\/\/xstyle.md\/wp-content\/uploads\/2021\/04\/thule_spring_aluminum01.jpg\",\"datePublished\":\"2021-04-28T13:57:49+00:00\",\"dateModified\":\"2024-11-07T09:56:37+00:00\",\"description\":\"\u041a\u043e\u043b\u044f\u0441\u043a\u0430 Thule Spring Aluminum \u2014 \u0443\u043d\u0438\u0432\u0435\u0440\u0441\u0430\u043b\u044c\u043d\u0430\u044f \u0438 \u0444\u0443\u043d\u043a\u0446\u0438\u043e\u043d\u0430\u043b\u044c\u043d\u0430\u044f \u043c\u043e\u0434\u0435\u043b\u044c \u0434\u043b\u044f \u0433\u043e\u0440\u043e\u0434\u0430, \u043a\u043e\u043c\u043f\u0430\u043a\u0442\u043d\u043e \u0441\u043a\u043b\u0430\u0434\u044b\u0432\u0430\u0435\u0442\u0441\u044f \u0438 \u0438\u0434\u0435\u0430\u043b\u044c\u043d\u043e \u043f\u043e\u0434\u0445\u043e\u0434\u0438\u0442 \u0434\u043b\u044f \u043f\u0443\u0442\u0435\u0448\u0435\u0441\u0442\u0432\u0438\u0439.\",\"breadcrumb\":{\"@id\":\"https:\/\/xstyle.md\/product\/koljaska-thule-spring-aluminum\/#breadcrumb\"},\"inLanguage\":\"ro-RO\",\"potentialAction\":[{\"@type\":\"ReadAction\",\"target\":[\"https:\/\/xstyle.md\/product\/koljaska-thule-spring-aluminum\/\"]}]},{\"@type\":\"ImageObject\",\"inLanguage\":\"ro-RO\",\"@id\":\"https:\/\/xstyle.md\/product\/koljaska-thule-spring-aluminum\/#primaryimage\",\"url\":\"https:\/\/xstyle.md\/wp-content\/uploads\/2021\/04\/thule_spring_aluminum01.jpg\",\"contentUrl\":\"https:\/\/xstyle.md\/wp-content\/uploads\/2021\/04\/thule_spring_aluminum01.jpg\",\"width\":867,\"height\":1038},{\"@type\":\"BreadcrumbList\",\"@id\":\"https:\/\/xstyle.md\/product\/koljaska-thule-spring-aluminum\/#breadcrumb\",\"itemListElement\":[{\"@type\":\"ListItem\",\"position\":1,\"name\":\"\u0413\u043b\u0430\u0432\u043d\u0430\u044f \u0441\u0442\u0440\u0430\u043d\u0438\u0446\u0430\",\"item\":\"https:\/\/xstyle.md\/\"},{\"@type\":\"ListItem\",\"position\":2,\"name\":\"\u041c\u0430\u0433\u0430\u0437\u0438\u043d\",\"item\":\"https:\/\/xstyle.md\/shop\/\"},{\"@type\":\"ListItem\",\"position\":3,\"name\":\"\u041a\u043e\u043b\u044f\u0441\u043a\u0430 Thule Spring Aluminum\"}]},{\"@type\":\"WebSite\",\"@id\":\"https:\/\/xstyle.md\/#website\",\"url\":\"https:\/\/xstyle.md\/\",\"name\":\"\u041c\u0430\u0433\u0430\u0437\u0438\u043d Xstyle\",\"description\":\"C\u043d\u0430\u0440\u044f\u0436\u0435\u043d\u0438\u0435 \u0434\u043b\u044f \u0442\u0443\u0440\u0438\u0437\u043c\u0430 \u0438 \u044d\u043a\u0441\u0442\u0440\u0435\u043c\u0430\u043b\u044c\u043d\u044b\u0445 \u0432\u0438\u0434\u043e\u0432 \u0441\u043f\u043e\u0440\u0442\u0430 \u0432 \u041c\u043e\u043b\u0434\u043e\u0432\u0435.. \u0426\u0435\u043d\u044b, \u0444\u043e\u0442\u043e, \u0445\u0430\u0440\u0430\u043a\u0442\u0435\u0440\u0438\u0441\u0442\u0438\u043a\u0438 \u0432 \u041c\u043e\u043b\u0434\u043e\u0432\u0435.\",\"publisher\":{\"@id\":\"https:\/\/xstyle.md\/#organization\"},\"alternateName\":\"X-Style\",\"potentialAction\":[{\"@type\":\"SearchAction\",\"target\":{\"@type\":\"EntryPoint\",\"urlTemplate\":\"https:\/\/xstyle.md\/?s={search_term_string}\"},\"query-input\":{\"@type\":\"PropertyValueSpecification\",\"valueRequired\":true,\"valueName\":\"search_term_string\"}}],\"inLanguage\":\"ro-RO\"},{\"@type\":\"Organization\",\"@id\":\"https:\/\/xstyle.md\/#organization\",\"name\":\"\u041c\u0430\u0433\u0430\u0437\u0438\u043d Xstyle\",\"alternateName\":\"x-style\",\"url\":\"https:\/\/xstyle.md\/\",\"logo\":{\"@type\":\"ImageObject\",\"inLanguage\":\"ro-RO\",\"@id\":\"https:\/\/xstyle.md\/#\/schema\/logo\/image\/\",\"url\":\"https:\/\/xstyle.md\/wp-content\/uploads\/2020\/06\/logoicon.svg\",\"contentUrl\":\"https:\/\/xstyle.md\/wp-content\/uploads\/2020\/06\/logoicon.svg\",\"caption\":\"\u041c\u0430\u0433\u0430\u0437\u0438\u043d Xstyle\"},\"image\":{\"@id\":\"https:\/\/xstyle.md\/#\/schema\/logo\/image\/\"},\"sameAs\":[\"https:\/\/www.facebook.com\/xstylemd\",\"https:\/\/www.instagram.com\/xstyle_md\/\",\"https:\/\/t.me\/xstyle_outdoor\"],\"hasMerchantReturnPolicy\":{\"@type\":\"MerchantReturnPolicy\",\"merchantReturnLink\":\"https:\/\/xstyle.md\/ro\/conditions\/\"}}]}<\/script>\n<meta property=\"product:price:amount\" content=\"10960.00\" \/>\n<meta property=\"product:price:currency\" content=\"MDL\" \/>\n<meta property=\"og:availability\" content=\"instock\" \/>\n<meta property=\"product:availability\" content=\"instock\" \/>\n<meta property=\"product:retailer_item_id\" content=\"2990012346440\" \/>\n<meta property=\"product:condition\" content=\"new\" \/>\n<!-- \/ Yoast SEO plugin. -->","yoast_head_json":{"title":"C\u0103rucior Thule Spring Aluminum - Magazin Xstyle","description":"Caruciorul Thule Spring Aluminum este un model universal \u0219i func\u021bional pentru ora\u0219, se pliaz\u0103 compact \u0219i este perfect pentru c\u0103l\u0103torii.","robots":{"index":"index","follow":"follow","max-snippet":"max-snippet:-1","max-image-preview":"max-image-preview:large","max-video-preview":"max-video-preview:-1"},"canonical":"https:\/\/xstyle.md\/ro\/produs\/koljaska-thule-spring-aluminum\/","og_locale":"ro_RO","og_type":"article","og_title":"\u041a\u043e\u043b\u044f\u0441\u043a\u0430 Thule Spring Aluminum - \u041c\u0430\u0433\u0430\u0437\u0438\u043d Xstyle","og_description":"\u041a\u043e\u043b\u044f\u0441\u043a\u0430 Thule Spring Aluminum \u2014 \u0443\u043d\u0438\u0432\u0435\u0440\u0441\u0430\u043b\u044c\u043d\u0430\u044f \u0438 \u0444\u0443\u043d\u043a\u0446\u0438\u043e\u043d\u0430\u043b\u044c\u043d\u0430\u044f \u043c\u043e\u0434\u0435\u043b\u044c \u0434\u043b\u044f \u0433\u043e\u0440\u043e\u0434\u0430, \u043a\u043e\u043c\u043f\u0430\u043a\u0442\u043d\u043e \u0441\u043a\u043b\u0430\u0434\u044b\u0432\u0430\u0435\u0442\u0441\u044f \u0438 \u0438\u0434\u0435\u0430\u043b\u044c\u043d\u043e \u043f\u043e\u0434\u0445\u043e\u0434\u0438\u0442 \u0434\u043b\u044f \u043f\u0443\u0442\u0435\u0448\u0435\u0441\u0442\u0432\u0438\u0439.","og_url":"https:\/\/xstyle.md\/ro\/produs\/koljaska-thule-spring-aluminum\/","og_site_name":"\u041c\u0430\u0433\u0430\u0437\u0438\u043d Xstyle","article_publisher":"https:\/\/www.facebook.com\/xstylemd","article_modified_time":"2024-11-07T09:56:37+00:00","og_image":[{"width":867,"height":1038,"url":"https:\/\/xstyle.md\/wp-content\/uploads\/2021\/04\/thule_spring_aluminum01.jpg","type":"image\/jpeg"}],"twitter_card":"summary_large_image","twitter_misc":{"Pre\u021b":"10.960&nbsp;MDL","Disponibilitate":"\u00cen stoc"},"schema":{"@context":"https:\/\/schema.org","@graph":[{"@type":"WebPage","@id":"https:\/\/xstyle.md\/product\/koljaska-thule-spring-aluminum\/","url":"https:\/\/xstyle.md\/product\/koljaska-thule-spring-aluminum\/","name":"C\u0103rucior Thule Spring Aluminum - Magazin Xstyle","isPartOf":{"@id":"https:\/\/xstyle.md\/#website"},"primaryImageOfPage":{"@id":"https:\/\/xstyle.md\/product\/koljaska-thule-spring-aluminum\/#primaryimage"},"image":{"@id":"https:\/\/xstyle.md\/product\/koljaska-thule-spring-aluminum\/#primaryimage"},"thumbnailUrl":"https:\/\/xstyle.md\/wp-content\/uploads\/2021\/04\/thule_spring_aluminum01.jpg","datePublished":"2021-04-28T13:57:49+00:00","dateModified":"2024-11-07T09:56:37+00:00","description":"Caruciorul Thule Spring Aluminum este un model universal \u0219i func\u021bional pentru ora\u0219, se pliaz\u0103 compact \u0219i este perfect pentru c\u0103l\u0103torii.","breadcrumb":{"@id":"https:\/\/xstyle.md\/product\/koljaska-thule-spring-aluminum\/#breadcrumb"},"inLanguage":"ro-RO","potentialAction":[{"@type":"ReadAction","target":["https:\/\/xstyle.md\/product\/koljaska-thule-spring-aluminum\/"]}]},{"@type":"ImageObject","inLanguage":"ro-RO","@id":"https:\/\/xstyle.md\/product\/koljaska-thule-spring-aluminum\/#primaryimage","url":"https:\/\/xstyle.md\/wp-content\/uploads\/2021\/04\/thule_spring_aluminum01.jpg","contentUrl":"https:\/\/xstyle.md\/wp-content\/uploads\/2021\/04\/thule_spring_aluminum01.jpg","width":867,"height":1038},{"@type":"BreadcrumbList","@id":"https:\/\/xstyle.md\/product\/koljaska-thule-spring-aluminum\/#breadcrumb","itemListElement":[{"@type":"ListItem","position":1,"name":"\u0413\u043b\u0430\u0432\u043d\u0430\u044f \u0441\u0442\u0440\u0430\u043d\u0438\u0446\u0430","item":"https:\/\/xstyle.md\/"},{"@type":"ListItem","position":2,"name":"\u041c\u0430\u0433\u0430\u0437\u0438\u043d","item":"https:\/\/xstyle.md\/shop\/"},{"@type":"ListItem","position":3,"name":"\u041a\u043e\u043b\u044f\u0441\u043a\u0430 Thule Spring Aluminum"}]},{"@type":"WebSite","@id":"https:\/\/xstyle.md\/#website","url":"https:\/\/xstyle.md\/","name":"Magazinul X-Style","description":"Echipamente pentru turism \u0219i sporturi extreme \u00een Moldova. Pre\u021buri, fotografii, caracteristici \u00een Moldova.","publisher":{"@id":"https:\/\/xstyle.md\/#organization"},"alternateName":"X-Style","potentialAction":[{"@type":"SearchAction","target":{"@type":"EntryPoint","urlTemplate":"https:\/\/xstyle.md\/?s={search_term_string}"},"query-input":{"@type":"PropertyValueSpecification","valueRequired":true,"valueName":"search_term_string"}}],"inLanguage":"ro-RO"},{"@type":"Organization","@id":"https:\/\/xstyle.md\/#organization","name":"Magazinul X-Style","alternateName":"x-style","url":"https:\/\/xstyle.md\/","logo":{"@type":"ImageObject","inLanguage":"ro-RO","@id":"https:\/\/xstyle.md\/#\/schema\/logo\/image\/","url":"https:\/\/xstyle.md\/wp-content\/uploads\/2020\/06\/logoicon.svg","contentUrl":"https:\/\/xstyle.md\/wp-content\/uploads\/2020\/06\/logoicon.svg","caption":"\u041c\u0430\u0433\u0430\u0437\u0438\u043d Xstyle"},"image":{"@id":"https:\/\/xstyle.md\/#\/schema\/logo\/image\/"},"sameAs":["https:\/\/www.facebook.com\/xstylemd","https:\/\/www.instagram.com\/xstyle_md\/","https:\/\/t.me\/xstyle_outdoor"],"hasMerchantReturnPolicy":{"@type":"MerchantReturnPolicy","merchantReturnLink":"https:\/\/xstyle.md\/ro\/conditions\/"}}]},"product_price_amount":"10960.00","product_price_currency":"MDL","og_availability":"instock","product_availability":"instock","product_retailer_item_id":"2990012346440","product_condition":"new"},"post_mailing_queue_ids":[],"_links":{"self":[{"href":"https:\/\/xstyle.md\/ro\/wp-json\/wp\/v2\/product\/31409","targetHints":{"allow":["GET"]}}],"collection":[{"href":"https:\/\/xstyle.md\/ro\/wp-json\/wp\/v2\/product"}],"about":[{"href":"https:\/\/xstyle.md\/ro\/wp-json\/wp\/v2\/types\/product"}],"replies":[{"embeddable":true,"href":"https:\/\/xstyle.md\/ro\/wp-json\/wp\/v2\/comments?post=31409"}],"wp:featuredmedia":[{"embeddable":true,"href":"https:\/\/xstyle.md\/ro\/wp-json\/wp\/v2\/media\/31400"}],"wp:attachment":[{"href":"https:\/\/xstyle.md\/ro\/wp-json\/wp\/v2\/media?parent=31409"}],"wp:term":[{"taxonomy":"product_brand","embeddable":true,"href":"https:\/\/xstyle.md\/ro\/wp-json\/wp\/v2\/product_brand?post=31409"},{"taxonomy":"product_cat","embeddable":true,"href":"https:\/\/xstyle.md\/ro\/wp-json\/wp\/v2\/product_cat?post=31409"},{"taxonomy":"product_tag","embeddable":true,"href":"https:\/\/xstyle.md\/ro\/wp-json\/wp\/v2\/product_tag?post=31409"}],"curies":[{"name":"wp","href":"https:\/\/api.w.org\/{rel}","templated":true}]}}