{"id":31391,"date":"2021-04-28T16:57:20","date_gmt":"2021-04-28T13:57:20","guid":{"rendered":"https:\/\/xstyle.md\/?post_type=product&#038;p=31391"},"modified":"2026-03-19T16:42:46","modified_gmt":"2026-03-19T13:42:46","slug":"ternua-vilman-hood-down-mns-black","status":"publish","type":"product","link":"https:\/\/xstyle.md\/ro\/produs\/ternua-vilman-hood-down-mns-black\/","title":{"rendered":"Geac\u0103 Ternua Vilman Hood Down Mns black"},"content":{"rendered":"<\/p>\n<p><strong>Ternua Vilman Hood Down<\/strong> &#8212; jeac\u0103 de iarn\u0103 izolat\u0103 pentru b\u0103rba\u021bi cu glug\u0103, umplut\u0103 cu puf reciclat de calitate superioar\u0103, realizat\u0103 cu \u021bes\u0103tur\u0103 reciclat\u0103 la interior \u0219i cu membran\u0103 Pertex\u00ae Quantum\u00ae rezistent\u0103 la v\u00e2nt la exterior. Designul s\u0103u ergonomic \u0219i \u021bes\u0103turile folosite ofer\u0103 un nivel excep\u021bional de confort \u0219i libertate de mi\u0219care. Jacheta se usuc\u0103 rapid \u0219i este rezistent\u0103 la v\u00e2nt. Confec\u021bionat\u0103 din \u021bes\u0103tur\u0103 exterioar\u0103 u\u0219oar\u0103 Pertex\u00ae Quantum\u00ae \u0219i izola\u021bie natural\u0103 &#8212; puf 800FP cu certificare european\u0103 tratat cu impregnare hidrofob\u0103, jacheta va oferi un nivel excelent de izolare chiar \u0219i \u00een cele mai reci condi\u021bii meteo. Glug\u0103 din puf compatibil\u0103 cu casca. Fermoar cu dou\u0103 direc\u021bii \u00een fa\u021b\u0103 \u0219i un deflector sintetic pe spate pentru c\u0103ldur\u0103 maxim\u0103, iar dou\u0103 buzunare de securitate interne v\u0103 p\u0103streaz\u0103 \u00een siguran\u021b\u0103 cele mai valoroase \u0219i esen\u021biale lucruri.<\/p>\n<h3>Particularit\u0103\u021bi<\/h3>\n<ul>\n<li>Capota compatibil\u0103 cu casca \u00een jos<\/li>\n<li>Fermoar cu dou\u0103 direc\u021bii \u00een fa\u021b\u0103, cu un separator pe partea interioar\u0103<\/li>\n<li>Dou\u0103 buzunare laterale cu fermoar pentru m\u00e2ini<\/li>\n<li>Dou\u0103 buzunare interne pentru obiecte de valoare<\/li>\n<li>Buzunar la piept cu fermoar<\/li>\n<li>Geant\u0103 de transport \/ compresie inclus\u0103.<\/li>\n<\/ul>\n<h3>Caracteristici<\/h3>\n<ul>\n<li>Material &#8212; poliester, poliamid\u0103, microshell<\/li>\n<li>Izola\u021bie &#8212; puf Neokdun 800 Fill Power<\/li>\n<li>Membran\u0103 &#8212; Pertex\u00ae Quantum<\/li>\n<li>Model - b\u0103rba\u021bi.<\/li>\n<\/ul>\n<h3>Tehnologie<\/h3>\n<ul>\n<li><strong>Microshell<\/strong> &#8212; material tehnologic dezvoltat pe baz\u0103 de microfibre sintetice ultra-sub\u021biri. Materialul este complet rezistent la v\u00e2nt, dar, \u00een acela\u0219i timp, dreneaz\u0103 bine umezeala de pe suprafa\u021ba corpului.<\/li>\n<li><strong>Pertex<\/strong>\u00ae\u00a0<strong>Cuantum<\/strong> &#8212; o membran\u0103 \u021besut\u0103 din fire incredibil de fine, care se caracterizeaz\u0103 printr-o rezisten\u021b\u0103 relativ\u0103 ridicat\u0103. Moliciunea excep\u021bional\u0103 a acestui material permite pufului sau izola\u021biei sintetice s\u0103 ocupe \u00eentregul volum care \u00eei este alocat, \u00een timp ce \u021bes\u0103tura dens\u0103 \u00eempiedic\u0103 fibrele de izola\u021bie s\u0103 p\u0103trund\u0103 prin \u021bes\u0103tur\u0103.<\/li>\n<li><strong>NEOKDUN<\/strong>\u00ae &#8212; puf natural biodegradabil, care este rezultatul recicl\u0103rii lenjeriei de pat\/\u00eembr\u0103c\u0103mintei care a ajuns la sf\u00e2r\u0219itul duratei sale de via\u021b\u0103 util\u0103. Reciclarea lenjeriei de pat\/\u00eembr\u0103c\u0103mintei finite care a ajuns la sf\u00e2r\u0219itul duratei sale de via\u021b\u0103 util\u0103. Umplutura de puf are un ciclu de via\u021b\u0103 mai lung dec\u00e2t produsul finit \u0219i, prin urmare, poate avea o a doua via\u021b\u0103 dac\u0103 este prelucrat\u0103 corespunz\u0103tor. NEOKDUN\u00ae garanteaz\u0103 cele mai bune performan\u021be \u00een ceea ce prive\u0219te c\u0103ldura, respirabilitatea, u\u0219urin\u021ba \u0219i cur\u0103\u021benia.<\/li>\n<li><strong>Fill Power<\/strong> &#8212; caracteristic\u0103 care descrie capacitatea unei mase limitate de puf de a umple un anumit volum. Semnifica\u021bia fizic\u0103 a puterii de umplere este volumul \u00een centimetri cubi ocupat de o uncie de puf. Cu c\u00e2t este mai mare puterea de umplere, cu at\u00e2t este mai mare calitatea pufului. Hainele de exterior folosesc puf cu o valoare Fill Power de cel pu\u021bin 550 de unit\u0103\u021bi, \u00een timp ce un puf bun este considerat a avea o valoare Fill Power de 650 de unit\u0103\u021bi sau mai mare. Puful cu valori Fill Power ridicate se caracterizeaz\u0103 nu numai printr-un volum mare pe unitate de greutate, ci \u0219i printr-o rezisten\u021b\u0103 termic\u0103 mai mic\u0103 pe unitate de grosime dec\u00e2t valorile standard.<\/li>\n<\/ul>\n<h3>Marca<\/h3>\n<p>Ternua este un brand spaniol specializat \u00een \u00eembr\u0103c\u0103minte tehnic\u0103, func\u021bional\u0103 \u0219i inovatoare, capabil\u0103 s\u0103 se adapteze la cele mai nefavorabile condi\u021bii meteorologice. Spiritul antreprenorial \u0219i aventuros al balenierilor basci din secolul al XV-lea a inspirat crearea m\u0103rcii de outdoor Ternua \u00een 1995. Ternua \u00eenseamn\u0103 balen\u0103 \u00een limba basc\u0103, motiv pentru care compania poart\u0103 acest nume, iar logo-ul s\u0103u este \u00eempodobit cu o coad\u0103 de balen\u0103. Principiile principale ale Ternua sunt pasiunea pentru munte, respectul pentru mediu \u0219i respectul pentru r\u0103d\u0103cinile \u0219i originile lor. Produc\u0103torul acord\u0103 o aten\u021bie deosebit\u0103 alegerii \u021bes\u0103turilor, d\u0103 preferin\u021b\u0103 culorilor bogate, hainele sunt versatile \u0219i se potrivesc bine. De asemenea, marca are o grij\u0103 deosebit\u0103 fa\u021b\u0103 de natur\u0103, sus\u021bin\u00e2nd respectarea mediului \u0219i produc\u00e2nd haine din materiale reciclate.<\/p>\n<p><\/p>","protected":false},"excerpt":{"rendered":"<p>Geac\u0103 Ternua Vilman Hood Down Mns black<\/p>","protected":false},"featured_media":36968,"comment_status":"open","ping_status":"closed","template":"","meta":{"_acf_changed":false,"inline_featured_image":false},"product_brand":[1426],"product_cat":[391],"product_tag":[],"class_list":{"0":"post-31391","1":"product","2":"type-product","3":"status-publish","4":"has-post-thumbnail","6":"product_brand-ternua","7":"product_cat-down-jackets-barbati","9":"first","10":"instock","11":"shipping-taxable","12":"purchasable","13":"product-type-simple"},"acf":[],"yoast_head":"<!-- This site is optimized with the Yoast SEO plugin v27.4 - https:\/\/yoast.com\/product\/yoast-seo-wordpress\/ -->\n<title>\u041a\u0443\u0440\u0442\u043a\u0430 Ternua Vilman Hood Down Mns black - \u041c\u0430\u0433\u0430\u0437\u0438\u043d Xstyle<\/title>\n<meta name=\"description\" content=\"\u041a\u0443\u0440\u0442\u043a\u0430 Ternua Vilman Hood Down Mns black - \u0437\u0438\u043c\u043d\u044f\u044f \u0443\u0442\u0435\u043f\u043b\u0435\u043d\u043d\u0430\u044f \u043c\u043e\u0434\u0435\u043b\u044c \u0441 \u043a\u0430\u043f\u044e\u0448\u043e\u043d\u043e\u043c \u0438 \u0432\u044b\u0441\u043e\u043a\u0438\u043c \u043a\u0430\u0447\u0435\u0441\u0442\u0432\u043e\u043c \u043f\u0443\u0445\u0430. \u0418\u0434\u0435\u0430\u043b\u044c\u043d\u0430 \u0434\u043b\u044f \u0430\u043a\u0442\u0438\u0432\u043d\u043e\u0433\u043e \u043e\u0442\u0434\u044b\u0445\u0430 \u043d\u0430 \u043f\u0440\u0438\u0440\u043e\u0434\u0435!\" \/>\n<meta name=\"robots\" content=\"index, follow, max-snippet:-1, max-image-preview:large, max-video-preview:-1\" \/>\n<link rel=\"canonical\" href=\"https:\/\/xstyle.md\/ro\/produs\/ternua-vilman-hood-down-mns-black\/\" \/>\n<meta property=\"og:locale\" content=\"ro_RO\" \/>\n<meta property=\"og:type\" content=\"article\" \/>\n<meta property=\"og:title\" content=\"\u041a\u0443\u0440\u0442\u043a\u0430 Ternua Vilman Hood Down Mns black - \u041c\u0430\u0433\u0430\u0437\u0438\u043d Xstyle\" \/>\n<meta property=\"og:description\" content=\"\u041a\u0443\u0440\u0442\u043a\u0430 Ternua Vilman Hood Down Mns black - \u0437\u0438\u043c\u043d\u044f\u044f \u0443\u0442\u0435\u043f\u043b\u0435\u043d\u043d\u0430\u044f \u043c\u043e\u0434\u0435\u043b\u044c \u0441 \u043a\u0430\u043f\u044e\u0448\u043e\u043d\u043e\u043c \u0438 \u0432\u044b\u0441\u043e\u043a\u0438\u043c \u043a\u0430\u0447\u0435\u0441\u0442\u0432\u043e\u043c \u043f\u0443\u0445\u0430. \u0418\u0434\u0435\u0430\u043b\u044c\u043d\u0430 \u0434\u043b\u044f \u0430\u043a\u0442\u0438\u0432\u043d\u043e\u0433\u043e \u043e\u0442\u0434\u044b\u0445\u0430 \u043d\u0430 \u043f\u0440\u0438\u0440\u043e\u0434\u0435!\" \/>\n<meta property=\"og:url\" content=\"https:\/\/xstyle.md\/ro\/produs\/ternua-vilman-hood-down-mns-black\/\" \/>\n<meta property=\"og:site_name\" content=\"\u041c\u0430\u0433\u0430\u0437\u0438\u043d Xstyle\" \/>\n<meta property=\"article:publisher\" content=\"https:\/\/www.facebook.com\/xstylemd\" \/>\n<meta property=\"article:modified_time\" content=\"2026-03-19T13:42:46+00:00\" \/>\n<meta property=\"og:image\" content=\"https:\/\/xstyle.md\/wp-content\/uploads\/2021\/04\/ternua-vilman-hood-down-mns-black.jpg\" \/>\n\t<meta property=\"og:image:width\" content=\"553\" \/>\n\t<meta property=\"og:image:height\" content=\"700\" \/>\n\t<meta property=\"og:image:type\" content=\"image\/jpeg\" \/>\n<meta name=\"twitter:card\" content=\"summary_large_image\" \/>\n<meta name=\"twitter:label1\" content=\"Pre\u021b\" \/>\n\t<meta name=\"twitter:data1\" content=\"4.790&nbsp;MDL\" \/>\n\t<meta name=\"twitter:label2\" content=\"Disponibilitate\" \/>\n\t<meta name=\"twitter:data2\" content=\"\u00cen stoc\" \/>\n<script type=\"application\/ld+json\" class=\"yoast-schema-graph\">{\"@context\":\"https:\\\/\\\/schema.org\",\"@graph\":[{\"@type\":\"WebPage\",\"@id\":\"https:\\\/\\\/xstyle.md\\\/product\\\/ternua-vilman-hood-down-mns-black\\\/\",\"url\":\"https:\\\/\\\/xstyle.md\\\/product\\\/ternua-vilman-hood-down-mns-black\\\/\",\"name\":\"\u041a\u0443\u0440\u0442\u043a\u0430 Ternua Vilman Hood Down Mns black - \u041c\u0430\u0433\u0430\u0437\u0438\u043d Xstyle\",\"isPartOf\":{\"@id\":\"https:\\\/\\\/xstyle.md\\\/#website\"},\"primaryImageOfPage\":{\"@id\":\"https:\\\/\\\/xstyle.md\\\/product\\\/ternua-vilman-hood-down-mns-black\\\/#primaryimage\"},\"image\":{\"@id\":\"https:\\\/\\\/xstyle.md\\\/product\\\/ternua-vilman-hood-down-mns-black\\\/#primaryimage\"},\"thumbnailUrl\":\"https:\\\/\\\/xstyle.md\\\/wp-content\\\/uploads\\\/2021\\\/04\\\/ternua-vilman-hood-down-mns-black.jpg\",\"datePublished\":\"2021-04-28T13:57:20+00:00\",\"dateModified\":\"2026-03-19T13:42:46+00:00\",\"description\":\"\u041a\u0443\u0440\u0442\u043a\u0430 Ternua Vilman Hood Down Mns black - \u0437\u0438\u043c\u043d\u044f\u044f \u0443\u0442\u0435\u043f\u043b\u0435\u043d\u043d\u0430\u044f \u043c\u043e\u0434\u0435\u043b\u044c \u0441 \u043a\u0430\u043f\u044e\u0448\u043e\u043d\u043e\u043c \u0438 \u0432\u044b\u0441\u043e\u043a\u0438\u043c \u043a\u0430\u0447\u0435\u0441\u0442\u0432\u043e\u043c \u043f\u0443\u0445\u0430. \u0418\u0434\u0435\u0430\u043b\u044c\u043d\u0430 \u0434\u043b\u044f \u0430\u043a\u0442\u0438\u0432\u043d\u043e\u0433\u043e \u043e\u0442\u0434\u044b\u0445\u0430 \u043d\u0430 \u043f\u0440\u0438\u0440\u043e\u0434\u0435!\",\"breadcrumb\":{\"@id\":\"https:\\\/\\\/xstyle.md\\\/product\\\/ternua-vilman-hood-down-mns-black\\\/#breadcrumb\"},\"inLanguage\":\"ro-RO\",\"potentialAction\":[{\"@type\":\"ReadAction\",\"target\":[\"https:\\\/\\\/xstyle.md\\\/product\\\/ternua-vilman-hood-down-mns-black\\\/\"]}]},{\"@type\":\"ImageObject\",\"inLanguage\":\"ro-RO\",\"@id\":\"https:\\\/\\\/xstyle.md\\\/product\\\/ternua-vilman-hood-down-mns-black\\\/#primaryimage\",\"url\":\"https:\\\/\\\/xstyle.md\\\/wp-content\\\/uploads\\\/2021\\\/04\\\/ternua-vilman-hood-down-mns-black.jpg\",\"contentUrl\":\"https:\\\/\\\/xstyle.md\\\/wp-content\\\/uploads\\\/2021\\\/04\\\/ternua-vilman-hood-down-mns-black.jpg\",\"width\":553,\"height\":700,\"caption\":\"\u0422\u0435\u0440\u043c\u043e\u043a\u0443\u0440\u0442\u043a\u0430 Ternua Vilman Hood Down Mns \u0447\u0435\u0440\u043d\u0430\u044f \u0434\u043b\u044f \u0430\u043a\u0442\u0438\u0432\u043d\u043e\u0433\u043e \u043e\u0442\u0434\u044b\u0445\u0430, \u0430\u043b\u044c\u043f\u0438\u043d\u0438\u0437\u043c\u0430 \u0438 \u043f\u0443\u0442\u0435\u0448\u0435\u0441\u0442\u0432\u0438\u0439 \u0432 \u0438\u043d\u0442\u0435\u0440\u043d\u0435\u0442-\u043c\u0430\u0433\u0430\u0437\u0438\u043d\u0435 \u0441\u043f\u043e\u0440\u0442\u0438\u0432\u043d\u043e\u0439 \u043e\u0434\u0435\u0436\u0434\u044b \u0438 \u043e\u0431\u0443\u0432\u0438\"},{\"@type\":\"BreadcrumbList\",\"@id\":\"https:\\\/\\\/xstyle.md\\\/product\\\/ternua-vilman-hood-down-mns-black\\\/#breadcrumb\",\"itemListElement\":[{\"@type\":\"ListItem\",\"position\":1,\"name\":\"\u0413\u043b\u0430\u0432\u043d\u0430\u044f \u0441\u0442\u0440\u0430\u043d\u0438\u0446\u0430\",\"item\":\"https:\\\/\\\/xstyle.md\\\/\"},{\"@type\":\"ListItem\",\"position\":2,\"name\":\"\u041c\u0430\u0433\u0430\u0437\u0438\u043d\",\"item\":\"https:\\\/\\\/xstyle.md\\\/shop\\\/\"},{\"@type\":\"ListItem\",\"position\":3,\"name\":\"\u041a\u0443\u0440\u0442\u043a\u0430 Ternua Vilman Hood Down Mns black\"}]},{\"@type\":\"WebSite\",\"@id\":\"https:\\\/\\\/xstyle.md\\\/#website\",\"url\":\"https:\\\/\\\/xstyle.md\\\/\",\"name\":\"\u041c\u0430\u0433\u0430\u0437\u0438\u043d Xstyle\",\"description\":\"C\u043d\u0430\u0440\u044f\u0436\u0435\u043d\u0438\u0435 \u0434\u043b\u044f \u0442\u0443\u0440\u0438\u0437\u043c\u0430 \u0438 \u044d\u043a\u0441\u0442\u0440\u0435\u043c\u0430\u043b\u044c\u043d\u044b\u0445 \u0432\u0438\u0434\u043e\u0432 \u0441\u043f\u043e\u0440\u0442\u0430 \u0432 \u041c\u043e\u043b\u0434\u043e\u0432\u0435.. \u0426\u0435\u043d\u044b, \u0444\u043e\u0442\u043e, \u0445\u0430\u0440\u0430\u043a\u0442\u0435\u0440\u0438\u0441\u0442\u0438\u043a\u0438 \u0432 \u041c\u043e\u043b\u0434\u043e\u0432\u0435.\",\"publisher\":{\"@id\":\"https:\\\/\\\/xstyle.md\\\/#organization\"},\"alternateName\":\"X-Style\",\"potentialAction\":[{\"@type\":\"SearchAction\",\"target\":{\"@type\":\"EntryPoint\",\"urlTemplate\":\"https:\\\/\\\/xstyle.md\\\/?s={search_term_string}\"},\"query-input\":{\"@type\":\"PropertyValueSpecification\",\"valueRequired\":true,\"valueName\":\"search_term_string\"}}],\"inLanguage\":\"ro-RO\"},{\"@type\":\"Organization\",\"@id\":\"https:\\\/\\\/xstyle.md\\\/#organization\",\"name\":\"\u041c\u0430\u0433\u0430\u0437\u0438\u043d Xstyle\",\"alternateName\":\"x-style\",\"url\":\"https:\\\/\\\/xstyle.md\\\/\",\"logo\":{\"@type\":\"ImageObject\",\"inLanguage\":\"ro-RO\",\"@id\":\"https:\\\/\\\/xstyle.md\\\/#\\\/schema\\\/logo\\\/image\\\/\",\"url\":\"https:\\\/\\\/xstyle.md\\\/wp-content\\\/uploads\\\/2020\\\/06\\\/logoicon.svg\",\"contentUrl\":\"https:\\\/\\\/xstyle.md\\\/wp-content\\\/uploads\\\/2020\\\/06\\\/logoicon.svg\",\"caption\":\"\u041c\u0430\u0433\u0430\u0437\u0438\u043d Xstyle\"},\"image\":{\"@id\":\"https:\\\/\\\/xstyle.md\\\/#\\\/schema\\\/logo\\\/image\\\/\"},\"sameAs\":[\"https:\\\/\\\/www.facebook.com\\\/xstylemd\",\"https:\\\/\\\/www.instagram.com\\\/xstyle_md\\\/\",\"https:\\\/\\\/t.me\\\/xstyle_outdoor\"],\"hasMerchantReturnPolicy\":{\"@type\":\"MerchantReturnPolicy\",\"merchantReturnLink\":\"https:\\\/\\\/xstyle.md\\\/ro\\\/conditions\\\/\"}}]}<\/script>\n<meta property=\"product:price:amount\" content=\"4790.00\" \/>\n<meta property=\"product:price:currency\" content=\"MDL\" \/>\n<meta property=\"og:availability\" content=\"instock\" \/>\n<meta property=\"product:availability\" content=\"instock\" \/>\n<meta property=\"product:retailer_item_id\" content=\"8445042654248\" \/>\n<meta property=\"product:condition\" content=\"new\" \/>\n<!-- \/ Yoast SEO plugin. -->","yoast_head_json":{"title":"Geac\u0103 Ternua Vilman Hood Down Mns black - Magazin Xstyle","description":"Jacheta Ternua Vilman Hood Down Mns black - un model de iarn\u0103 c\u0103lduros cu glug\u0103 \u0219i umplutur\u0103 de pui de \u00eenalt\u0103 calitate. Este ideal pentru activit\u0103\u021bi \u00een aer liber!","robots":{"index":"index","follow":"follow","max-snippet":"max-snippet:-1","max-image-preview":"max-image-preview:large","max-video-preview":"max-video-preview:-1"},"canonical":"https:\/\/xstyle.md\/ro\/produs\/ternua-vilman-hood-down-mns-black\/","og_locale":"ro_RO","og_type":"article","og_title":"\u041a\u0443\u0440\u0442\u043a\u0430 Ternua Vilman Hood Down Mns black - \u041c\u0430\u0433\u0430\u0437\u0438\u043d Xstyle","og_description":"\u041a\u0443\u0440\u0442\u043a\u0430 Ternua Vilman Hood Down Mns black - \u0437\u0438\u043c\u043d\u044f\u044f \u0443\u0442\u0435\u043f\u043b\u0435\u043d\u043d\u0430\u044f \u043c\u043e\u0434\u0435\u043b\u044c \u0441 \u043a\u0430\u043f\u044e\u0448\u043e\u043d\u043e\u043c \u0438 \u0432\u044b\u0441\u043e\u043a\u0438\u043c \u043a\u0430\u0447\u0435\u0441\u0442\u0432\u043e\u043c \u043f\u0443\u0445\u0430. \u0418\u0434\u0435\u0430\u043b\u044c\u043d\u0430 \u0434\u043b\u044f \u0430\u043a\u0442\u0438\u0432\u043d\u043e\u0433\u043e \u043e\u0442\u0434\u044b\u0445\u0430 \u043d\u0430 \u043f\u0440\u0438\u0440\u043e\u0434\u0435!","og_url":"https:\/\/xstyle.md\/ro\/produs\/ternua-vilman-hood-down-mns-black\/","og_site_name":"\u041c\u0430\u0433\u0430\u0437\u0438\u043d Xstyle","article_publisher":"https:\/\/www.facebook.com\/xstylemd","article_modified_time":"2026-03-19T13:42:46+00:00","og_image":[{"width":553,"height":700,"url":"https:\/\/xstyle.md\/wp-content\/uploads\/2021\/04\/ternua-vilman-hood-down-mns-black.jpg","type":"image\/jpeg"}],"twitter_card":"summary_large_image","twitter_misc":{"Pre\u021b":"4.790&nbsp;MDL","Disponibilitate":"\u00cen stoc"},"schema":{"@context":"https:\/\/schema.org","@graph":[{"@type":"WebPage","@id":"https:\/\/xstyle.md\/product\/ternua-vilman-hood-down-mns-black\/","url":"https:\/\/xstyle.md\/product\/ternua-vilman-hood-down-mns-black\/","name":"Geac\u0103 Ternua Vilman Hood Down Mns black - Magazin Xstyle","isPartOf":{"@id":"https:\/\/xstyle.md\/#website"},"primaryImageOfPage":{"@id":"https:\/\/xstyle.md\/product\/ternua-vilman-hood-down-mns-black\/#primaryimage"},"image":{"@id":"https:\/\/xstyle.md\/product\/ternua-vilman-hood-down-mns-black\/#primaryimage"},"thumbnailUrl":"https:\/\/xstyle.md\/wp-content\/uploads\/2021\/04\/ternua-vilman-hood-down-mns-black.jpg","datePublished":"2021-04-28T13:57:20+00:00","dateModified":"2026-03-19T13:42:46+00:00","description":"Jacheta Ternua Vilman Hood Down Mns black - un model de iarn\u0103 c\u0103lduros cu glug\u0103 \u0219i umplutur\u0103 de pui de \u00eenalt\u0103 calitate. Este ideal pentru activit\u0103\u021bi \u00een aer liber!","breadcrumb":{"@id":"https:\/\/xstyle.md\/product\/ternua-vilman-hood-down-mns-black\/#breadcrumb"},"inLanguage":"ro-RO","potentialAction":[{"@type":"ReadAction","target":["https:\/\/xstyle.md\/product\/ternua-vilman-hood-down-mns-black\/"]}]},{"@type":"ImageObject","inLanguage":"ro-RO","@id":"https:\/\/xstyle.md\/product\/ternua-vilman-hood-down-mns-black\/#primaryimage","url":"https:\/\/xstyle.md\/wp-content\/uploads\/2021\/04\/ternua-vilman-hood-down-mns-black.jpg","contentUrl":"https:\/\/xstyle.md\/wp-content\/uploads\/2021\/04\/ternua-vilman-hood-down-mns-black.jpg","width":553,"height":700,"caption":"\u0422\u0435\u0440\u043c\u043e\u043a\u0443\u0440\u0442\u043a\u0430 Ternua Vilman Hood Down Mns \u0447\u0435\u0440\u043d\u0430\u044f \u0434\u043b\u044f \u0430\u043a\u0442\u0438\u0432\u043d\u043e\u0433\u043e \u043e\u0442\u0434\u044b\u0445\u0430, \u0430\u043b\u044c\u043f\u0438\u043d\u0438\u0437\u043c\u0430 \u0438 \u043f\u0443\u0442\u0435\u0448\u0435\u0441\u0442\u0432\u0438\u0439 \u0432 \u0438\u043d\u0442\u0435\u0440\u043d\u0435\u0442-\u043c\u0430\u0433\u0430\u0437\u0438\u043d\u0435 \u0441\u043f\u043e\u0440\u0442\u0438\u0432\u043d\u043e\u0439 \u043e\u0434\u0435\u0436\u0434\u044b \u0438 \u043e\u0431\u0443\u0432\u0438"},{"@type":"BreadcrumbList","@id":"https:\/\/xstyle.md\/product\/ternua-vilman-hood-down-mns-black\/#breadcrumb","itemListElement":[{"@type":"ListItem","position":1,"name":"\u0413\u043b\u0430\u0432\u043d\u0430\u044f \u0441\u0442\u0440\u0430\u043d\u0438\u0446\u0430","item":"https:\/\/xstyle.md\/"},{"@type":"ListItem","position":2,"name":"\u041c\u0430\u0433\u0430\u0437\u0438\u043d","item":"https:\/\/xstyle.md\/shop\/"},{"@type":"ListItem","position":3,"name":"\u041a\u0443\u0440\u0442\u043a\u0430 Ternua Vilman Hood Down Mns black"}]},{"@type":"WebSite","@id":"https:\/\/xstyle.md\/#website","url":"https:\/\/xstyle.md\/","name":"Magazinul X-Style","description":"Echipamente pentru turism \u0219i sporturi extreme \u00een Moldova. Pre\u021buri, fotografii, caracteristici \u00een Moldova.","publisher":{"@id":"https:\/\/xstyle.md\/#organization"},"alternateName":"X-Style","potentialAction":[{"@type":"SearchAction","target":{"@type":"EntryPoint","urlTemplate":"https:\/\/xstyle.md\/?s={search_term_string}"},"query-input":{"@type":"PropertyValueSpecification","valueRequired":true,"valueName":"search_term_string"}}],"inLanguage":"ro-RO"},{"@type":"Organization","@id":"https:\/\/xstyle.md\/#organization","name":"Magazinul X-Style","alternateName":"x-style","url":"https:\/\/xstyle.md\/","logo":{"@type":"ImageObject","inLanguage":"ro-RO","@id":"https:\/\/xstyle.md\/#\/schema\/logo\/image\/","url":"https:\/\/xstyle.md\/wp-content\/uploads\/2020\/06\/logoicon.svg","contentUrl":"https:\/\/xstyle.md\/wp-content\/uploads\/2020\/06\/logoicon.svg","caption":"\u041c\u0430\u0433\u0430\u0437\u0438\u043d Xstyle"},"image":{"@id":"https:\/\/xstyle.md\/#\/schema\/logo\/image\/"},"sameAs":["https:\/\/www.facebook.com\/xstylemd","https:\/\/www.instagram.com\/xstyle_md\/","https:\/\/t.me\/xstyle_outdoor"],"hasMerchantReturnPolicy":{"@type":"MerchantReturnPolicy","merchantReturnLink":"https:\/\/xstyle.md\/ro\/conditions\/"}}]},"product_price_amount":"4790.00","product_price_currency":"MDL","og_availability":"instock","product_availability":"instock","product_retailer_item_id":"8445042654248","product_condition":"new"},"post_mailing_queue_ids":[],"_links":{"self":[{"href":"https:\/\/xstyle.md\/ro\/wp-json\/wp\/v2\/product\/31391","targetHints":{"allow":["GET"]}}],"collection":[{"href":"https:\/\/xstyle.md\/ro\/wp-json\/wp\/v2\/product"}],"about":[{"href":"https:\/\/xstyle.md\/ro\/wp-json\/wp\/v2\/types\/product"}],"replies":[{"embeddable":true,"href":"https:\/\/xstyle.md\/ro\/wp-json\/wp\/v2\/comments?post=31391"}],"wp:featuredmedia":[{"embeddable":true,"href":"https:\/\/xstyle.md\/ro\/wp-json\/wp\/v2\/media\/36968"}],"wp:attachment":[{"href":"https:\/\/xstyle.md\/ro\/wp-json\/wp\/v2\/media?parent=31391"}],"wp:term":[{"taxonomy":"product_brand","embeddable":true,"href":"https:\/\/xstyle.md\/ro\/wp-json\/wp\/v2\/product_brand?post=31391"},{"taxonomy":"product_cat","embeddable":true,"href":"https:\/\/xstyle.md\/ro\/wp-json\/wp\/v2\/product_cat?post=31391"},{"taxonomy":"product_tag","embeddable":true,"href":"https:\/\/xstyle.md\/ro\/wp-json\/wp\/v2\/product_tag?post=31391"}],"curies":[{"name":"wp","href":"https:\/\/api.w.org\/{rel}","templated":true}]}}