{"id":31370,"date":"2021-04-28T16:56:53","date_gmt":"2021-04-28T13:56:53","guid":{"rendered":"https:\/\/xstyle.md\/product\/staticheskaja-verevka-singing-rock-static-10-5-mm-red\/"},"modified":"2025-11-19T13:54:15","modified_gmt":"2025-11-19T10:54:15","slug":"staticheskaja-verevka-singing-rock-static-10-5-mm-red","status":"publish","type":"product","link":"https:\/\/xstyle.md\/ro\/produs\/staticheskaja-verevka-singing-rock-static-10-5-mm-red\/","title":{"rendered":"Coard\u0103 static\u0103 Singing Rock Static 10.5 mm red"},"content":{"rendered":"<\/p>\n<p><strong>Coard\u0103 static\u0103 Singing Rock Static 10.5 \u043c\u043c red<\/strong> &#8212; o fr\u00e2nghie special\u0103 cu calit\u0103\u021bi dinamice \u0219i de rezisten\u021b\u0103 deosebite utilizat\u0103 \u00een alpinism, speoturism, arboricultur\u0103, promalp.<\/p>\n<h3>Particularit\u0103\u021bi<\/h3>\n<ul>\n<li>Tipul A este o fr\u00e2nghie cu \u00eentindere redus\u0103 proiectat\u0103 pentru utilizare general\u0103 \u00een accesul pe fr\u00e2nghie, salvare, salvarea victimelor, manipularea obiectelor \u0219i lucrul la \u00een\u0103l\u021bime<\/li>\n<li>R\u0103spunde cerin\u021belor salvatorilor, pompierilor, lucr\u0103torilor la \u00een\u0103l\u021bime \u0219i altor profesioni\u0219ti<\/li>\n<\/ul>\n<h3>Caracteristici<\/h3>\n<ul>\n<li>Diametru &#8212; 10,5 mm<\/li>\n<li>Greutate &#8212; 69 g\/m<\/li>\n<li>Rezisten\u021b\u0103 &#8212; 30,4 (kN)<\/li>\n<li>Num\u0103r de smucituri &#8212; 10<\/li>\n<li>Alungire (50-150 kg) &#8212; 3,3 %<\/li>\n<li>Retrac\u021bie &#8212; 1,2 %<\/li>\n<li>Rezisten\u021b\u0103 minim\u0103 cu noduri &#8212; 18,6 (kN)<\/li>\n<li>Material utilizat &#8212; PA<\/li>\n<\/ul>\n<h3>Marca<\/h3>\n<p>SINGING ROCK este o companie ceh\u0103 implicat\u0103 \u00een produc\u021bia de echipamente de alpinism \u0219i escalad\u0103. A fost fondat\u0103 \u00een 1992 de c\u0103tre doi alpini\u0219ti cehi \u0219i un om de afaceri belgian. De la \u00eenceputurile sale \u0219i p\u00e2n\u0103 \u00een prezent, compania s-a concentrat pe utilizarea celor mai moderne progrese \u0219i evolu\u021bii \u00een produc\u021bie. SingingRock lucreaz\u0103 \u00een str\u00e2ns\u0103 leg\u0103tur\u0103 cu mul\u021bi alpini\u0219ti renumi\u021bi care testeaz\u0103 noile produse \u0219i ale c\u0103ror opinii sunt \u00eentotdeauna luate \u00een considerare \u00een timpul dezvolt\u0103rii.<\/p>\n<p>\u00cen prezent, SINGING ROCK este unul dintre liderii mondiali pe pia\u021ba echipamentelor profesionale pentru munca la \u00een\u0103l\u021bime, pentru armat\u0103 \u0219i pentru serviciile de urgen\u021b\u0103. Compania ofer\u0103 hamuri, fr\u00e2nghii, scripe\u021bi \u0219i carabiniere, dispozitive de rapel, dispozitive de siguran\u021b\u0103 pentru lucrul la \u00een\u0103l\u021bime, c\u00e2rlige de ancorare, fr\u00e2nghii de siguran\u021b\u0103 \u0219i alte echipamente necesare pentru acest tip de munc\u0103. Toate aceste produse sunt dezvoltate \u0219i fabricate \u00een Republica Ceh\u0103, \u00een Europa. Ele sunt certificate \u0219i respect\u0103 pe deplin standardele interna\u021bionale de securitate a muncii.<\/p>\n<p><\/p>","protected":false},"excerpt":{"rendered":"<p>Coard\u0103 static\u0103 Singing Rock Static 10.5 mm red<\/p>","protected":false},"featured_media":32729,"comment_status":"open","ping_status":"closed","template":"","meta":{"_acf_changed":false,"inline_featured_image":false},"product_brand":[1276],"product_cat":[271],"product_tag":[],"class_list":{"0":"post-31370","1":"product","2":"type-product","3":"status-publish","4":"has-post-thumbnail","6":"product_brand-singing-rock","7":"product_cat-static-ropes","9":"first","10":"instock","11":"shipping-taxable","12":"purchasable","13":"product-type-simple"},"acf":[],"yoast_head":"<!-- This site is optimized with the Yoast SEO plugin v27.2 - https:\/\/yoast.com\/product\/yoast-seo-wordpress\/ -->\n<title>\u0421\u0442\u0430\u0442\u0438\u0447\u0435\u0441\u043a\u0430\u044f \u0432\u0435\u0440\u0435\u0432\u043a\u0430 Singing Rock Static 10.5 \u043c\u043c red - \u041c\u0430\u0433\u0430\u0437\u0438\u043d Xstyle<\/title>\n<meta name=\"description\" content=\"\u0421\u0442\u0430\u0442\u0438\u0447\u0435\u0441\u043a\u0430\u044f \u0432\u0435\u0440\u0435\u0432\u043a\u0430 Singing Rock Static 10.5 \u043c\u043c \u043a\u0440\u0430\u0441\u043d\u043e\u0433\u043e \u0446\u0432\u0435\u0442\u0430 \u2014 \u0438\u0434\u0435\u0430\u043b\u044c\u043d\u044b\u0439 \u0432\u044b\u0431\u043e\u0440 \u0434\u043b\u044f \u0430\u043b\u044c\u043f\u0438\u043d\u0438\u0437\u043c\u0430 \u0438 \u0441\u043f\u0430\u0441\u0430\u0442\u0435\u043b\u044c\u043d\u044b\u0445 \u043e\u043f\u0435\u0440\u0430\u0446\u0438\u0439. \u0412\u044b\u0441\u043e\u043a\u0430\u044f \u043f\u0440\u043e\u0447\u043d\u043e\u0441\u0442\u044c \u0438 \u0443\u0441\u0442\u043e\u0439\u0447\u0438\u0432\u043e\u0441\u0442\u044c!\" \/>\n<meta name=\"robots\" content=\"index, follow, max-snippet:-1, max-image-preview:large, max-video-preview:-1\" \/>\n<link rel=\"canonical\" href=\"https:\/\/xstyle.md\/ro\/produs\/staticheskaja-verevka-singing-rock-static-10-5-mm-red\/\" \/>\n<meta property=\"og:locale\" content=\"ro_RO\" \/>\n<meta property=\"og:type\" content=\"article\" \/>\n<meta property=\"og:title\" content=\"\u0421\u0442\u0430\u0442\u0438\u0447\u0435\u0441\u043a\u0430\u044f \u0432\u0435\u0440\u0435\u0432\u043a\u0430 Singing Rock Static 10.5 \u043c\u043c red - \u041c\u0430\u0433\u0430\u0437\u0438\u043d Xstyle\" \/>\n<meta property=\"og:description\" content=\"\u0421\u0442\u0430\u0442\u0438\u0447\u0435\u0441\u043a\u0430\u044f \u0432\u0435\u0440\u0435\u0432\u043a\u0430 Singing Rock Static 10.5 \u043c\u043c \u043a\u0440\u0430\u0441\u043d\u043e\u0433\u043e \u0446\u0432\u0435\u0442\u0430 \u2014 \u0438\u0434\u0435\u0430\u043b\u044c\u043d\u044b\u0439 \u0432\u044b\u0431\u043e\u0440 \u0434\u043b\u044f \u0430\u043b\u044c\u043f\u0438\u043d\u0438\u0437\u043c\u0430 \u0438 \u0441\u043f\u0430\u0441\u0430\u0442\u0435\u043b\u044c\u043d\u044b\u0445 \u043e\u043f\u0435\u0440\u0430\u0446\u0438\u0439. \u0412\u044b\u0441\u043e\u043a\u0430\u044f \u043f\u0440\u043e\u0447\u043d\u043e\u0441\u0442\u044c \u0438 \u0443\u0441\u0442\u043e\u0439\u0447\u0438\u0432\u043e\u0441\u0442\u044c!\" \/>\n<meta property=\"og:url\" content=\"https:\/\/xstyle.md\/ro\/produs\/staticheskaja-verevka-singing-rock-static-10-5-mm-red\/\" \/>\n<meta property=\"og:site_name\" content=\"\u041c\u0430\u0433\u0430\u0437\u0438\u043d Xstyle\" \/>\n<meta property=\"article:publisher\" content=\"https:\/\/www.facebook.com\/xstylemd\" \/>\n<meta property=\"article:modified_time\" content=\"2025-11-19T10:54:15+00:00\" \/>\n<meta property=\"og:image\" content=\"https:\/\/xstyle.md\/wp-content\/uploads\/2021\/04\/singing-rock-static-10.5-mm-red.jpg\" \/>\n\t<meta property=\"og:image:width\" content=\"1000\" \/>\n\t<meta property=\"og:image:height\" content=\"1000\" \/>\n\t<meta property=\"og:image:type\" content=\"image\/jpeg\" \/>\n<meta name=\"twitter:card\" content=\"summary_large_image\" \/>\n<meta name=\"twitter:label1\" content=\"Pre\u021b\" \/>\n\t<meta name=\"twitter:data1\" content=\"45&nbsp;MDL\" \/>\n\t<meta name=\"twitter:label2\" content=\"Disponibilitate\" \/>\n\t<meta name=\"twitter:data2\" content=\"\u00cen stoc\" \/>\n<script type=\"application\/ld+json\" class=\"yoast-schema-graph\">{\"@context\":\"https:\/\/schema.org\",\"@graph\":[{\"@type\":\"WebPage\",\"@id\":\"https:\/\/xstyle.md\/product\/staticheskaja-verevka-singing-rock-static-10-5-mm-red\/\",\"url\":\"https:\/\/xstyle.md\/product\/staticheskaja-verevka-singing-rock-static-10-5-mm-red\/\",\"name\":\"\u0421\u0442\u0430\u0442\u0438\u0447\u0435\u0441\u043a\u0430\u044f \u0432\u0435\u0440\u0435\u0432\u043a\u0430 Singing Rock Static 10.5 \u043c\u043c red - \u041c\u0430\u0433\u0430\u0437\u0438\u043d Xstyle\",\"isPartOf\":{\"@id\":\"https:\/\/xstyle.md\/#website\"},\"primaryImageOfPage\":{\"@id\":\"https:\/\/xstyle.md\/product\/staticheskaja-verevka-singing-rock-static-10-5-mm-red\/#primaryimage\"},\"image\":{\"@id\":\"https:\/\/xstyle.md\/product\/staticheskaja-verevka-singing-rock-static-10-5-mm-red\/#primaryimage\"},\"thumbnailUrl\":\"https:\/\/xstyle.md\/wp-content\/uploads\/2021\/04\/singing-rock-static-10.5-mm-red.jpg\",\"datePublished\":\"2021-04-28T13:56:53+00:00\",\"dateModified\":\"2025-11-19T10:54:15+00:00\",\"description\":\"\u0421\u0442\u0430\u0442\u0438\u0447\u0435\u0441\u043a\u0430\u044f \u0432\u0435\u0440\u0435\u0432\u043a\u0430 Singing Rock Static 10.5 \u043c\u043c \u043a\u0440\u0430\u0441\u043d\u043e\u0433\u043e \u0446\u0432\u0435\u0442\u0430 \u2014 \u0438\u0434\u0435\u0430\u043b\u044c\u043d\u044b\u0439 \u0432\u044b\u0431\u043e\u0440 \u0434\u043b\u044f \u0430\u043b\u044c\u043f\u0438\u043d\u0438\u0437\u043c\u0430 \u0438 \u0441\u043f\u0430\u0441\u0430\u0442\u0435\u043b\u044c\u043d\u044b\u0445 \u043e\u043f\u0435\u0440\u0430\u0446\u0438\u0439. \u0412\u044b\u0441\u043e\u043a\u0430\u044f \u043f\u0440\u043e\u0447\u043d\u043e\u0441\u0442\u044c \u0438 \u0443\u0441\u0442\u043e\u0439\u0447\u0438\u0432\u043e\u0441\u0442\u044c!\",\"breadcrumb\":{\"@id\":\"https:\/\/xstyle.md\/product\/staticheskaja-verevka-singing-rock-static-10-5-mm-red\/#breadcrumb\"},\"inLanguage\":\"ro-RO\",\"potentialAction\":[{\"@type\":\"ReadAction\",\"target\":[\"https:\/\/xstyle.md\/product\/staticheskaja-verevka-singing-rock-static-10-5-mm-red\/\"]}]},{\"@type\":\"ImageObject\",\"inLanguage\":\"ro-RO\",\"@id\":\"https:\/\/xstyle.md\/product\/staticheskaja-verevka-singing-rock-static-10-5-mm-red\/#primaryimage\",\"url\":\"https:\/\/xstyle.md\/wp-content\/uploads\/2021\/04\/singing-rock-static-10.5-mm-red.jpg\",\"contentUrl\":\"https:\/\/xstyle.md\/wp-content\/uploads\/2021\/04\/singing-rock-static-10.5-mm-red.jpg\",\"width\":1000,\"height\":1000,\"caption\":\"\u041a\u0443\u043f\u0438\u0442\u044c \u0441\u0442\u0430\u0442\u0438\u0447\u0435\u0441\u043a\u0443\u044e \u0432\u0435\u0440\u0435\u0432\u043a\u0443 Singing Rock 10.5 \u043c\u043c \u043a\u0440\u0430\u0441\u043d\u0443\u044e \u0434\u043b\u044f \u0441\u043a\u0430\u043b\u043e\u043b\u0430\u0437\u0430\u043d\u0438\u044f \u0430\u043b\u044c\u043f\u0438\u043d\u0438\u0437\u043c\u0430 \u043f\u043e\u0445\u043e\u0434\u043e\u0432 \u0438 \u0430\u043a\u0442\u0438\u0432\u043d\u043e\u0433\u043e \u043e\u0442\u0434\u044b\u0445\u0430 \u0432 \u043d\u0430\u0448\u0435\u043c \u0438\u043d\u0442\u0435\u0440\u043d\u0435\u0442-\u043c\u0430\u0433\u0430\u0437\u0438\u043d\u0435 \u043e\u0434\u0435\u0436\u0434\u044b \u0438 \u043e\u0431\u0443\u0432\u0438 \u0434\u043b\u044f \u0430\u043a\u0442\u0438\u0432\u043d\u043e\u0439 \u0436\u0438\u0437\u043d\u0438\"},{\"@type\":\"BreadcrumbList\",\"@id\":\"https:\/\/xstyle.md\/product\/staticheskaja-verevka-singing-rock-static-10-5-mm-red\/#breadcrumb\",\"itemListElement\":[{\"@type\":\"ListItem\",\"position\":1,\"name\":\"\u0413\u043b\u0430\u0432\u043d\u0430\u044f \u0441\u0442\u0440\u0430\u043d\u0438\u0446\u0430\",\"item\":\"https:\/\/xstyle.md\/\"},{\"@type\":\"ListItem\",\"position\":2,\"name\":\"\u041c\u0430\u0433\u0430\u0437\u0438\u043d\",\"item\":\"https:\/\/xstyle.md\/shop\/\"},{\"@type\":\"ListItem\",\"position\":3,\"name\":\"\u0421\u0442\u0430\u0442\u0438\u0447\u0435\u0441\u043a\u0430\u044f \u0432\u0435\u0440\u0435\u0432\u043a\u0430 Singing Rock Static 10.5 \u043c\u043c red\"}]},{\"@type\":\"WebSite\",\"@id\":\"https:\/\/xstyle.md\/#website\",\"url\":\"https:\/\/xstyle.md\/\",\"name\":\"\u041c\u0430\u0433\u0430\u0437\u0438\u043d Xstyle\",\"description\":\"C\u043d\u0430\u0440\u044f\u0436\u0435\u043d\u0438\u0435 \u0434\u043b\u044f \u0442\u0443\u0440\u0438\u0437\u043c\u0430 \u0438 \u044d\u043a\u0441\u0442\u0440\u0435\u043c\u0430\u043b\u044c\u043d\u044b\u0445 \u0432\u0438\u0434\u043e\u0432 \u0441\u043f\u043e\u0440\u0442\u0430 \u0432 \u041c\u043e\u043b\u0434\u043e\u0432\u0435.. \u0426\u0435\u043d\u044b, \u0444\u043e\u0442\u043e, \u0445\u0430\u0440\u0430\u043a\u0442\u0435\u0440\u0438\u0441\u0442\u0438\u043a\u0438 \u0432 \u041c\u043e\u043b\u0434\u043e\u0432\u0435.\",\"publisher\":{\"@id\":\"https:\/\/xstyle.md\/#organization\"},\"alternateName\":\"X-Style\",\"potentialAction\":[{\"@type\":\"SearchAction\",\"target\":{\"@type\":\"EntryPoint\",\"urlTemplate\":\"https:\/\/xstyle.md\/?s={search_term_string}\"},\"query-input\":{\"@type\":\"PropertyValueSpecification\",\"valueRequired\":true,\"valueName\":\"search_term_string\"}}],\"inLanguage\":\"ro-RO\"},{\"@type\":\"Organization\",\"@id\":\"https:\/\/xstyle.md\/#organization\",\"name\":\"\u041c\u0430\u0433\u0430\u0437\u0438\u043d Xstyle\",\"alternateName\":\"x-style\",\"url\":\"https:\/\/xstyle.md\/\",\"logo\":{\"@type\":\"ImageObject\",\"inLanguage\":\"ro-RO\",\"@id\":\"https:\/\/xstyle.md\/#\/schema\/logo\/image\/\",\"url\":\"https:\/\/xstyle.md\/wp-content\/uploads\/2020\/06\/logoicon.svg\",\"contentUrl\":\"https:\/\/xstyle.md\/wp-content\/uploads\/2020\/06\/logoicon.svg\",\"caption\":\"\u041c\u0430\u0433\u0430\u0437\u0438\u043d Xstyle\"},\"image\":{\"@id\":\"https:\/\/xstyle.md\/#\/schema\/logo\/image\/\"},\"sameAs\":[\"https:\/\/www.facebook.com\/xstylemd\",\"https:\/\/www.instagram.com\/xstyle_md\/\",\"https:\/\/t.me\/xstyle_outdoor\"],\"hasMerchantReturnPolicy\":{\"@type\":\"MerchantReturnPolicy\",\"merchantReturnLink\":\"https:\/\/xstyle.md\/ro\/conditions\/\"}}]}<\/script>\n<meta property=\"product:price:amount\" content=\"45.00\" \/>\n<meta property=\"product:price:currency\" content=\"MDL\" \/>\n<meta property=\"og:availability\" content=\"instock\" \/>\n<meta property=\"product:availability\" content=\"instock\" \/>\n<meta property=\"product:retailer_item_id\" content=\"8595033319882\" \/>\n<meta property=\"product:condition\" content=\"new\" \/>\n<!-- \/ Yoast SEO plugin. -->","yoast_head_json":{"title":"Coard\u0103 static\u0103 Singing Rock Static 10.5 \u043c\u043c red - Magazin Xstyle","description":"Cord static Singing Rock de 10.5 mm de culoare ro\u0219ie \u2014 alegerea perfect\u0103 pentru alpinism \u0219i opera\u021biuni de salvare. Rezisten\u021b\u0103 ridicat\u0103 \u0219i stabilitate!","robots":{"index":"index","follow":"follow","max-snippet":"max-snippet:-1","max-image-preview":"max-image-preview:large","max-video-preview":"max-video-preview:-1"},"canonical":"https:\/\/xstyle.md\/ro\/produs\/staticheskaja-verevka-singing-rock-static-10-5-mm-red\/","og_locale":"ro_RO","og_type":"article","og_title":"\u0421\u0442\u0430\u0442\u0438\u0447\u0435\u0441\u043a\u0430\u044f \u0432\u0435\u0440\u0435\u0432\u043a\u0430 Singing Rock Static 10.5 \u043c\u043c red - \u041c\u0430\u0433\u0430\u0437\u0438\u043d Xstyle","og_description":"\u0421\u0442\u0430\u0442\u0438\u0447\u0435\u0441\u043a\u0430\u044f \u0432\u0435\u0440\u0435\u0432\u043a\u0430 Singing Rock Static 10.5 \u043c\u043c \u043a\u0440\u0430\u0441\u043d\u043e\u0433\u043e \u0446\u0432\u0435\u0442\u0430 \u2014 \u0438\u0434\u0435\u0430\u043b\u044c\u043d\u044b\u0439 \u0432\u044b\u0431\u043e\u0440 \u0434\u043b\u044f \u0430\u043b\u044c\u043f\u0438\u043d\u0438\u0437\u043c\u0430 \u0438 \u0441\u043f\u0430\u0441\u0430\u0442\u0435\u043b\u044c\u043d\u044b\u0445 \u043e\u043f\u0435\u0440\u0430\u0446\u0438\u0439. \u0412\u044b\u0441\u043e\u043a\u0430\u044f \u043f\u0440\u043e\u0447\u043d\u043e\u0441\u0442\u044c \u0438 \u0443\u0441\u0442\u043e\u0439\u0447\u0438\u0432\u043e\u0441\u0442\u044c!","og_url":"https:\/\/xstyle.md\/ro\/produs\/staticheskaja-verevka-singing-rock-static-10-5-mm-red\/","og_site_name":"\u041c\u0430\u0433\u0430\u0437\u0438\u043d Xstyle","article_publisher":"https:\/\/www.facebook.com\/xstylemd","article_modified_time":"2025-11-19T10:54:15+00:00","og_image":[{"width":1000,"height":1000,"url":"https:\/\/xstyle.md\/wp-content\/uploads\/2021\/04\/singing-rock-static-10.5-mm-red.jpg","type":"image\/jpeg"}],"twitter_card":"summary_large_image","twitter_misc":{"Pre\u021b":"45&nbsp;MDL","Disponibilitate":"\u00cen stoc"},"schema":{"@context":"https:\/\/schema.org","@graph":[{"@type":"WebPage","@id":"https:\/\/xstyle.md\/product\/staticheskaja-verevka-singing-rock-static-10-5-mm-red\/","url":"https:\/\/xstyle.md\/product\/staticheskaja-verevka-singing-rock-static-10-5-mm-red\/","name":"Coard\u0103 static\u0103 Singing Rock Static 10.5 \u043c\u043c red - Magazin Xstyle","isPartOf":{"@id":"https:\/\/xstyle.md\/#website"},"primaryImageOfPage":{"@id":"https:\/\/xstyle.md\/product\/staticheskaja-verevka-singing-rock-static-10-5-mm-red\/#primaryimage"},"image":{"@id":"https:\/\/xstyle.md\/product\/staticheskaja-verevka-singing-rock-static-10-5-mm-red\/#primaryimage"},"thumbnailUrl":"https:\/\/xstyle.md\/wp-content\/uploads\/2021\/04\/singing-rock-static-10.5-mm-red.jpg","datePublished":"2021-04-28T13:56:53+00:00","dateModified":"2025-11-19T10:54:15+00:00","description":"Cord static Singing Rock de 10.5 mm de culoare ro\u0219ie \u2014 alegerea perfect\u0103 pentru alpinism \u0219i opera\u021biuni de salvare. Rezisten\u021b\u0103 ridicat\u0103 \u0219i stabilitate!","breadcrumb":{"@id":"https:\/\/xstyle.md\/product\/staticheskaja-verevka-singing-rock-static-10-5-mm-red\/#breadcrumb"},"inLanguage":"ro-RO","potentialAction":[{"@type":"ReadAction","target":["https:\/\/xstyle.md\/product\/staticheskaja-verevka-singing-rock-static-10-5-mm-red\/"]}]},{"@type":"ImageObject","inLanguage":"ro-RO","@id":"https:\/\/xstyle.md\/product\/staticheskaja-verevka-singing-rock-static-10-5-mm-red\/#primaryimage","url":"https:\/\/xstyle.md\/wp-content\/uploads\/2021\/04\/singing-rock-static-10.5-mm-red.jpg","contentUrl":"https:\/\/xstyle.md\/wp-content\/uploads\/2021\/04\/singing-rock-static-10.5-mm-red.jpg","width":1000,"height":1000,"caption":"\u041a\u0443\u043f\u0438\u0442\u044c \u0441\u0442\u0430\u0442\u0438\u0447\u0435\u0441\u043a\u0443\u044e \u0432\u0435\u0440\u0435\u0432\u043a\u0443 Singing Rock 10.5 \u043c\u043c \u043a\u0440\u0430\u0441\u043d\u0443\u044e \u0434\u043b\u044f \u0441\u043a\u0430\u043b\u043e\u043b\u0430\u0437\u0430\u043d\u0438\u044f \u0430\u043b\u044c\u043f\u0438\u043d\u0438\u0437\u043c\u0430 \u043f\u043e\u0445\u043e\u0434\u043e\u0432 \u0438 \u0430\u043a\u0442\u0438\u0432\u043d\u043e\u0433\u043e \u043e\u0442\u0434\u044b\u0445\u0430 \u0432 \u043d\u0430\u0448\u0435\u043c \u0438\u043d\u0442\u0435\u0440\u043d\u0435\u0442-\u043c\u0430\u0433\u0430\u0437\u0438\u043d\u0435 \u043e\u0434\u0435\u0436\u0434\u044b \u0438 \u043e\u0431\u0443\u0432\u0438 \u0434\u043b\u044f \u0430\u043a\u0442\u0438\u0432\u043d\u043e\u0439 \u0436\u0438\u0437\u043d\u0438"},{"@type":"BreadcrumbList","@id":"https:\/\/xstyle.md\/product\/staticheskaja-verevka-singing-rock-static-10-5-mm-red\/#breadcrumb","itemListElement":[{"@type":"ListItem","position":1,"name":"\u0413\u043b\u0430\u0432\u043d\u0430\u044f \u0441\u0442\u0440\u0430\u043d\u0438\u0446\u0430","item":"https:\/\/xstyle.md\/"},{"@type":"ListItem","position":2,"name":"\u041c\u0430\u0433\u0430\u0437\u0438\u043d","item":"https:\/\/xstyle.md\/shop\/"},{"@type":"ListItem","position":3,"name":"\u0421\u0442\u0430\u0442\u0438\u0447\u0435\u0441\u043a\u0430\u044f \u0432\u0435\u0440\u0435\u0432\u043a\u0430 Singing Rock Static 10.5 \u043c\u043c red"}]},{"@type":"WebSite","@id":"https:\/\/xstyle.md\/#website","url":"https:\/\/xstyle.md\/","name":"Magazinul X-Style","description":"Echipamente pentru turism \u0219i sporturi extreme \u00een Moldova. Pre\u021buri, fotografii, caracteristici \u00een Moldova.","publisher":{"@id":"https:\/\/xstyle.md\/#organization"},"alternateName":"X-Style","potentialAction":[{"@type":"SearchAction","target":{"@type":"EntryPoint","urlTemplate":"https:\/\/xstyle.md\/?s={search_term_string}"},"query-input":{"@type":"PropertyValueSpecification","valueRequired":true,"valueName":"search_term_string"}}],"inLanguage":"ro-RO"},{"@type":"Organization","@id":"https:\/\/xstyle.md\/#organization","name":"Magazinul X-Style","alternateName":"x-style","url":"https:\/\/xstyle.md\/","logo":{"@type":"ImageObject","inLanguage":"ro-RO","@id":"https:\/\/xstyle.md\/#\/schema\/logo\/image\/","url":"https:\/\/xstyle.md\/wp-content\/uploads\/2020\/06\/logoicon.svg","contentUrl":"https:\/\/xstyle.md\/wp-content\/uploads\/2020\/06\/logoicon.svg","caption":"\u041c\u0430\u0433\u0430\u0437\u0438\u043d Xstyle"},"image":{"@id":"https:\/\/xstyle.md\/#\/schema\/logo\/image\/"},"sameAs":["https:\/\/www.facebook.com\/xstylemd","https:\/\/www.instagram.com\/xstyle_md\/","https:\/\/t.me\/xstyle_outdoor"],"hasMerchantReturnPolicy":{"@type":"MerchantReturnPolicy","merchantReturnLink":"https:\/\/xstyle.md\/ro\/conditions\/"}}]},"product_price_amount":"45.00","product_price_currency":"MDL","og_availability":"instock","product_availability":"instock","product_retailer_item_id":"8595033319882","product_condition":"new"},"post_mailing_queue_ids":[],"_links":{"self":[{"href":"https:\/\/xstyle.md\/ro\/wp-json\/wp\/v2\/product\/31370","targetHints":{"allow":["GET"]}}],"collection":[{"href":"https:\/\/xstyle.md\/ro\/wp-json\/wp\/v2\/product"}],"about":[{"href":"https:\/\/xstyle.md\/ro\/wp-json\/wp\/v2\/types\/product"}],"replies":[{"embeddable":true,"href":"https:\/\/xstyle.md\/ro\/wp-json\/wp\/v2\/comments?post=31370"}],"wp:featuredmedia":[{"embeddable":true,"href":"https:\/\/xstyle.md\/ro\/wp-json\/wp\/v2\/media\/32729"}],"wp:attachment":[{"href":"https:\/\/xstyle.md\/ro\/wp-json\/wp\/v2\/media?parent=31370"}],"wp:term":[{"taxonomy":"product_brand","embeddable":true,"href":"https:\/\/xstyle.md\/ro\/wp-json\/wp\/v2\/product_brand?post=31370"},{"taxonomy":"product_cat","embeddable":true,"href":"https:\/\/xstyle.md\/ro\/wp-json\/wp\/v2\/product_cat?post=31370"},{"taxonomy":"product_tag","embeddable":true,"href":"https:\/\/xstyle.md\/ro\/wp-json\/wp\/v2\/product_tag?post=31370"}],"curies":[{"name":"wp","href":"https:\/\/api.w.org\/{rel}","templated":true}]}}