{"id":31227,"date":"2021-04-28T16:52:39","date_gmt":"2021-04-28T13:52:39","guid":{"rendered":"https:\/\/xstyle.md\/product\/palatka-pinguin-tornado-2\/"},"modified":"2025-11-05T18:29:38","modified_gmt":"2025-11-05T15:29:38","slug":"palatka-pinguin-tornado-2","status":"publish","type":"product","link":"https:\/\/xstyle.md\/ro\/produs\/palatka-pinguin-tornado-2\/","title":{"rendered":"Cort Pinguin Tornado 2"},"content":{"rendered":"<\/p>\n<p><strong>Pinguin Tornado 2\u00a0<\/strong>&#8212; un model inovator, cu dou\u0103 intr\u0103ri \u00eenf\u0103\u0219urate. Acest design, reduce cantitatea de presiune asupra fermoarelor. La urma urmei, chiar dac\u0103 fermoarul este rece dac\u0103 amplasa\u021bi bine cortul, fermoarele se vor deschide \u0219i ele str\u00e2ns, ceea ce poate duce la infiltrarea apei \u00eentre fermoar \u0219i \u021bes\u0103tur\u0103 la cus\u0103tur\u0103 dup\u0103 c\u00e2\u021biva ani.<\/p>\n<p>Cortul este rezistent la v\u00e2nt, iar rigiditatea este dat\u0103 de cele dou\u0103 arcuri scurte suplimentare. Confortabil \u0219i durabil. Exist\u0103 dou\u0103 ferestre de ventila\u021bie. Intr\u0103rile sunt c\u0103ptu\u0219ite cu plase de \u021b\u00e2n\u021bari. U\u0219or de montat \u00een ploaie (mai \u00eent\u00e2i cortul \u0219i apoi sacul de dormit). \u00cel pute\u021bi folosi ca un cort de copertin\u0103 f\u0103r\u0103 cortul interior. Designul inteligent face ca acest cort s\u0103 poat\u0103 rezista chiar \u0219i la condi\u021bii meteorologice dure.<\/p>\n<p><em>Garan\u021bia oficial\u0103 a produc\u0103torului Pinguin pentru corturi este de 1 an.<\/em><\/p>\n<h3>Particularit\u0103\u021bi<\/h3>\n<ul>\n<li>Rezisten\u021b\u0103 bun\u0103 la v\u00e2nt<\/li>\n<li>Plas\u0103 de \u021b\u00e2n\u021bari la intrarea \u00een cortul interior<\/li>\n<li>Bucle ata\u0219ate pentru bretele suplimentare de protec\u021bie \u00eempotriva v\u00e2ntului pe pere\u021bii laterali \u0219i \u00een buzunarele cortului interior<\/li>\n<li>Unghiuri diferite de intrare \u0219i dou\u0103 laturi ale cortului<\/li>\n<li>\u0218nururi extensibile<\/li>\n<li>Op\u021bional, bare de sus\u021binere a cortului \u00een tambur<\/li>\n<li>Cus\u0103turile de la prelat\u0103 \u0219i de la partea inferioar\u0103 sunt cusute cu band\u0103 de poliuretan care \u00eempiedic\u0103 suplimentar p\u0103trunderea umezelii<\/li>\n<li>Aerodinamic\u0103 bun\u0103<\/li>\n<li>Raport optim \u00eentre greutate\/rezisten\u021b\u0103 la ap\u0103\/durabilitate<\/li>\n<li>Geant\u0103 de depozitare \u0219i transport inclus\u0103.<\/li>\n<\/ul>\n<h3>Caracteristici<\/h3>\n<ul>\n<li>Num\u0103r de locuri \u00een cort &#8212; 2+1<\/li>\n<li>Rezisten\u021ba la ap\u0103 a marchizei &#8212; 4000 mm coloan\u0103 de ap\u0103<\/li>\n<li>Rezisten\u021ba la ap\u0103 a podelei &#8212; 10000 mm coloan\u0103 de ap\u0103<\/li>\n<li>Greutate &#8212; 3,6 kg<\/li>\n<li>Dimensiuni ambalate &#8212; 46 x 20 x 20 cm<\/li>\n<li>Dimensiuni cort exterior &#8212; 330 x 220 x 124 cm<\/li>\n<li>Dimensiuni cort interior &#8212; 150 x 220 x 115 cm<\/li>\n<li>Num\u0103r de intr\u0103ri &#8212; 2<\/li>\n<li>Num\u0103rul de ferestre &#8212; 2<\/li>\n<li>Num\u0103r de cuie &#8212; 16<\/li>\n<li>Sudura cus\u0103turilor &#8212; lipit\u0103<\/li>\n<li>Instalare f\u0103r\u0103 cort exterior &#8212; Da<\/li>\n<li>Material cadru &#8212; Fibr\u0103 de sticl\u0103 8,5\/9,5 mm<\/li>\n<li>Material cort &#8212; poliester cu acoperire PU<\/li>\n<li>Materialul podelei &#8212; nailon acoperit cu PU.<\/li>\n<\/ul>\n<p><\/p>\n<h3>Marca<\/h3>\n<p>Pinguin - este cea mai experimentat\u0103 companie ceh\u0103 produc\u0103toare de echipamente outdoor, de c\u00e2nd primele produse au ap\u0103rut pe pia\u021b\u0103 \u00eenc\u0103 \u00een 1989. Echipamentul Pinguin a fost folosit de alpini\u0219ti \u0219i c\u0103l\u0103tori celebri \u00een cucerirea celor mai \u00eenalte v\u00e2rfuri muntoase din lume.<\/p>\n<div>Compania a fost numit\u0103 \u00een cinstea unei p\u0103s\u0103ri care tr\u0103ie\u0219te \u00een Antarctica, deoarece este specializat\u0103 \u00een echipamente pentru drume\u021bii care vor oferi tuturor pasiona\u021bilor odihnei active confort \u0219i c\u0103ldur\u0103 \u00een condi\u021biile reci de iarn\u0103 sau pe v\u00e2rfurile muntoase acoperite cu ghea\u021b\u0103.<\/div>","protected":false},"excerpt":{"rendered":"<p>Cort Pinguin Tornado 2<\/p>","protected":false},"featured_media":31226,"comment_status":"open","ping_status":"closed","template":"","meta":{"_acf_changed":false,"inline_featured_image":false},"product_brand":[1263],"product_cat":[76],"product_tag":[],"class_list":{"0":"post-31227","1":"product","2":"type-product","3":"status-publish","4":"has-post-thumbnail","6":"product_brand-pinguin","7":"product_cat-corturi-duble","9":"first","10":"instock","11":"shipping-taxable","12":"purchasable","13":"product-type-simple"},"acf":[],"yoast_head":"<!-- This site is optimized with the Yoast SEO plugin v27.2 - https:\/\/yoast.com\/product\/yoast-seo-wordpress\/ -->\n<title>\u041f\u0430\u043b\u0430\u0442\u043a\u0430 Pinguin Tornado 2 - \u041c\u0430\u0433\u0430\u0437\u0438\u043d Xstyle<\/title>\n<meta name=\"description\" content=\"\u041f\u0430\u043b\u0430\u0442\u043a\u0430 Pinguin Tornado 2 - \u0438\u0434\u0435\u0430\u043b\u044c\u043d\u044b\u0439 \u0432\u044b\u0431\u043e\u0440 \u0434\u043b\u044f \u043f\u043e\u0445\u043e\u0434\u043e\u0432. \u0414\u0432\u0430 \u0432\u0445\u043e\u0434\u0430, \u043f\u0440\u043e\u0447\u043d\u044b\u0439 \u043d\u0435\u0439\u043b\u043e\u043d, \u043e\u0442\u043b\u0438\u0447\u043d\u0430\u044f \u0437\u0430\u0449\u0438\u0442\u0430 \u043e\u0442 \u0434\u043e\u0436\u0434\u044f. \u041f\u0440\u043e\u0441\u0442\u043e\u0440\u043d\u0430\u044f \u0438 \u043a\u043e\u043c\u0444\u043e\u0440\u0442\u043d\u0430\u044f!\" \/>\n<meta name=\"robots\" content=\"index, follow, max-snippet:-1, max-image-preview:large, max-video-preview:-1\" \/>\n<link rel=\"canonical\" href=\"https:\/\/xstyle.md\/ro\/produs\/palatka-pinguin-tornado-2\/\" \/>\n<meta property=\"og:locale\" content=\"ro_RO\" \/>\n<meta property=\"og:type\" content=\"article\" \/>\n<meta property=\"og:title\" content=\"\u041f\u0430\u043b\u0430\u0442\u043a\u0430 Pinguin Tornado 2 - \u041c\u0430\u0433\u0430\u0437\u0438\u043d Xstyle\" \/>\n<meta property=\"og:description\" content=\"\u041f\u0430\u043b\u0430\u0442\u043a\u0430 Pinguin Tornado 2 - \u0438\u0434\u0435\u0430\u043b\u044c\u043d\u044b\u0439 \u0432\u044b\u0431\u043e\u0440 \u0434\u043b\u044f \u043f\u043e\u0445\u043e\u0434\u043e\u0432. \u0414\u0432\u0430 \u0432\u0445\u043e\u0434\u0430, \u043f\u0440\u043e\u0447\u043d\u044b\u0439 \u043d\u0435\u0439\u043b\u043e\u043d, \u043e\u0442\u043b\u0438\u0447\u043d\u0430\u044f \u0437\u0430\u0449\u0438\u0442\u0430 \u043e\u0442 \u0434\u043e\u0436\u0434\u044f. \u041f\u0440\u043e\u0441\u0442\u043e\u0440\u043d\u0430\u044f \u0438 \u043a\u043e\u043c\u0444\u043e\u0440\u0442\u043d\u0430\u044f!\" \/>\n<meta property=\"og:url\" content=\"https:\/\/xstyle.md\/ro\/produs\/palatka-pinguin-tornado-2\/\" \/>\n<meta property=\"og:site_name\" content=\"\u041c\u0430\u0433\u0430\u0437\u0438\u043d Xstyle\" \/>\n<meta property=\"article:publisher\" content=\"https:\/\/www.facebook.com\/xstylemd\" \/>\n<meta property=\"article:modified_time\" content=\"2025-11-05T15:29:38+00:00\" \/>\n<meta property=\"og:image\" content=\"https:\/\/xstyle.md\/wp-content\/uploads\/2021\/04\/pinguin_tornado_2.jpg\" \/>\n\t<meta property=\"og:image:width\" content=\"897\" \/>\n\t<meta property=\"og:image:height\" content=\"608\" \/>\n\t<meta property=\"og:image:type\" content=\"image\/jpeg\" \/>\n<meta name=\"twitter:card\" content=\"summary_large_image\" \/>\n<meta name=\"twitter:label1\" content=\"Pre\u021b\" \/>\n\t<meta name=\"twitter:data1\" content=\"3.590&nbsp;MDL\" \/>\n\t<meta name=\"twitter:label2\" content=\"Disponibilitate\" \/>\n\t<meta name=\"twitter:data2\" content=\"\u00cen stoc\" \/>\n<script type=\"application\/ld+json\" class=\"yoast-schema-graph\">{\"@context\":\"https:\/\/schema.org\",\"@graph\":[{\"@type\":\"WebPage\",\"@id\":\"https:\/\/xstyle.md\/product\/palatka-pinguin-tornado-2\/\",\"url\":\"https:\/\/xstyle.md\/product\/palatka-pinguin-tornado-2\/\",\"name\":\"\u041f\u0430\u043b\u0430\u0442\u043a\u0430 Pinguin Tornado 2 - \u041c\u0430\u0433\u0430\u0437\u0438\u043d Xstyle\",\"isPartOf\":{\"@id\":\"https:\/\/xstyle.md\/#website\"},\"primaryImageOfPage\":{\"@id\":\"https:\/\/xstyle.md\/product\/palatka-pinguin-tornado-2\/#primaryimage\"},\"image\":{\"@id\":\"https:\/\/xstyle.md\/product\/palatka-pinguin-tornado-2\/#primaryimage\"},\"thumbnailUrl\":\"https:\/\/xstyle.md\/wp-content\/uploads\/2021\/04\/pinguin_tornado_2.jpg\",\"datePublished\":\"2021-04-28T13:52:39+00:00\",\"dateModified\":\"2025-11-05T15:29:38+00:00\",\"description\":\"\u041f\u0430\u043b\u0430\u0442\u043a\u0430 Pinguin Tornado 2 - \u0438\u0434\u0435\u0430\u043b\u044c\u043d\u044b\u0439 \u0432\u044b\u0431\u043e\u0440 \u0434\u043b\u044f \u043f\u043e\u0445\u043e\u0434\u043e\u0432. \u0414\u0432\u0430 \u0432\u0445\u043e\u0434\u0430, \u043f\u0440\u043e\u0447\u043d\u044b\u0439 \u043d\u0435\u0439\u043b\u043e\u043d, \u043e\u0442\u043b\u0438\u0447\u043d\u0430\u044f \u0437\u0430\u0449\u0438\u0442\u0430 \u043e\u0442 \u0434\u043e\u0436\u0434\u044f. \u041f\u0440\u043e\u0441\u0442\u043e\u0440\u043d\u0430\u044f \u0438 \u043a\u043e\u043c\u0444\u043e\u0440\u0442\u043d\u0430\u044f!\",\"breadcrumb\":{\"@id\":\"https:\/\/xstyle.md\/product\/palatka-pinguin-tornado-2\/#breadcrumb\"},\"inLanguage\":\"ro-RO\",\"potentialAction\":[{\"@type\":\"ReadAction\",\"target\":[\"https:\/\/xstyle.md\/product\/palatka-pinguin-tornado-2\/\"]}]},{\"@type\":\"ImageObject\",\"inLanguage\":\"ro-RO\",\"@id\":\"https:\/\/xstyle.md\/product\/palatka-pinguin-tornado-2\/#primaryimage\",\"url\":\"https:\/\/xstyle.md\/wp-content\/uploads\/2021\/04\/pinguin_tornado_2.jpg\",\"contentUrl\":\"https:\/\/xstyle.md\/wp-content\/uploads\/2021\/04\/pinguin_tornado_2.jpg\",\"width\":897,\"height\":608},{\"@type\":\"BreadcrumbList\",\"@id\":\"https:\/\/xstyle.md\/product\/palatka-pinguin-tornado-2\/#breadcrumb\",\"itemListElement\":[{\"@type\":\"ListItem\",\"position\":1,\"name\":\"\u0413\u043b\u0430\u0432\u043d\u0430\u044f \u0441\u0442\u0440\u0430\u043d\u0438\u0446\u0430\",\"item\":\"https:\/\/xstyle.md\/\"},{\"@type\":\"ListItem\",\"position\":2,\"name\":\"\u041c\u0430\u0433\u0430\u0437\u0438\u043d\",\"item\":\"https:\/\/xstyle.md\/shop\/\"},{\"@type\":\"ListItem\",\"position\":3,\"name\":\"\u041f\u0430\u043b\u0430\u0442\u043a\u0430 Pinguin Tornado 2\"}]},{\"@type\":\"WebSite\",\"@id\":\"https:\/\/xstyle.md\/#website\",\"url\":\"https:\/\/xstyle.md\/\",\"name\":\"\u041c\u0430\u0433\u0430\u0437\u0438\u043d Xstyle\",\"description\":\"C\u043d\u0430\u0440\u044f\u0436\u0435\u043d\u0438\u0435 \u0434\u043b\u044f \u0442\u0443\u0440\u0438\u0437\u043c\u0430 \u0438 \u044d\u043a\u0441\u0442\u0440\u0435\u043c\u0430\u043b\u044c\u043d\u044b\u0445 \u0432\u0438\u0434\u043e\u0432 \u0441\u043f\u043e\u0440\u0442\u0430 \u0432 \u041c\u043e\u043b\u0434\u043e\u0432\u0435.. \u0426\u0435\u043d\u044b, \u0444\u043e\u0442\u043e, \u0445\u0430\u0440\u0430\u043a\u0442\u0435\u0440\u0438\u0441\u0442\u0438\u043a\u0438 \u0432 \u041c\u043e\u043b\u0434\u043e\u0432\u0435.\",\"publisher\":{\"@id\":\"https:\/\/xstyle.md\/#organization\"},\"alternateName\":\"X-Style\",\"potentialAction\":[{\"@type\":\"SearchAction\",\"target\":{\"@type\":\"EntryPoint\",\"urlTemplate\":\"https:\/\/xstyle.md\/?s={search_term_string}\"},\"query-input\":{\"@type\":\"PropertyValueSpecification\",\"valueRequired\":true,\"valueName\":\"search_term_string\"}}],\"inLanguage\":\"ro-RO\"},{\"@type\":\"Organization\",\"@id\":\"https:\/\/xstyle.md\/#organization\",\"name\":\"\u041c\u0430\u0433\u0430\u0437\u0438\u043d Xstyle\",\"alternateName\":\"x-style\",\"url\":\"https:\/\/xstyle.md\/\",\"logo\":{\"@type\":\"ImageObject\",\"inLanguage\":\"ro-RO\",\"@id\":\"https:\/\/xstyle.md\/#\/schema\/logo\/image\/\",\"url\":\"https:\/\/xstyle.md\/wp-content\/uploads\/2020\/06\/logoicon.svg\",\"contentUrl\":\"https:\/\/xstyle.md\/wp-content\/uploads\/2020\/06\/logoicon.svg\",\"caption\":\"\u041c\u0430\u0433\u0430\u0437\u0438\u043d Xstyle\"},\"image\":{\"@id\":\"https:\/\/xstyle.md\/#\/schema\/logo\/image\/\"},\"sameAs\":[\"https:\/\/www.facebook.com\/xstylemd\",\"https:\/\/www.instagram.com\/xstyle_md\/\",\"https:\/\/t.me\/xstyle_outdoor\"],\"hasMerchantReturnPolicy\":{\"@type\":\"MerchantReturnPolicy\",\"merchantReturnLink\":\"https:\/\/xstyle.md\/ro\/conditions\/\"}}]}<\/script>\n<meta property=\"product:price:amount\" content=\"3590.00\" \/>\n<meta property=\"product:price:currency\" content=\"MDL\" \/>\n<meta property=\"og:availability\" content=\"instock\" \/>\n<meta property=\"product:availability\" content=\"instock\" \/>\n<meta property=\"product:retailer_item_id\" content=\"8592638123241\" \/>\n<meta property=\"product:condition\" content=\"new\" \/>\n<!-- \/ Yoast SEO plugin. -->","yoast_head_json":{"title":"Cort Pinguin Tornado 2 - Magazin Xstyle","description":"Cort Pinguin Tornado 2 - alegerea ideal\u0103 pentru drume\u021bii. Dou\u0103 intr\u0103ri, nylon rezistent, protec\u021bie excelent\u0103 \u00eempotriva ploii. Spa\u021bios \u0219i confortabil!","robots":{"index":"index","follow":"follow","max-snippet":"max-snippet:-1","max-image-preview":"max-image-preview:large","max-video-preview":"max-video-preview:-1"},"canonical":"https:\/\/xstyle.md\/ro\/produs\/palatka-pinguin-tornado-2\/","og_locale":"ro_RO","og_type":"article","og_title":"\u041f\u0430\u043b\u0430\u0442\u043a\u0430 Pinguin Tornado 2 - \u041c\u0430\u0433\u0430\u0437\u0438\u043d Xstyle","og_description":"\u041f\u0430\u043b\u0430\u0442\u043a\u0430 Pinguin Tornado 2 - \u0438\u0434\u0435\u0430\u043b\u044c\u043d\u044b\u0439 \u0432\u044b\u0431\u043e\u0440 \u0434\u043b\u044f \u043f\u043e\u0445\u043e\u0434\u043e\u0432. \u0414\u0432\u0430 \u0432\u0445\u043e\u0434\u0430, \u043f\u0440\u043e\u0447\u043d\u044b\u0439 \u043d\u0435\u0439\u043b\u043e\u043d, \u043e\u0442\u043b\u0438\u0447\u043d\u0430\u044f \u0437\u0430\u0449\u0438\u0442\u0430 \u043e\u0442 \u0434\u043e\u0436\u0434\u044f. \u041f\u0440\u043e\u0441\u0442\u043e\u0440\u043d\u0430\u044f \u0438 \u043a\u043e\u043c\u0444\u043e\u0440\u0442\u043d\u0430\u044f!","og_url":"https:\/\/xstyle.md\/ro\/produs\/palatka-pinguin-tornado-2\/","og_site_name":"\u041c\u0430\u0433\u0430\u0437\u0438\u043d Xstyle","article_publisher":"https:\/\/www.facebook.com\/xstylemd","article_modified_time":"2025-11-05T15:29:38+00:00","og_image":[{"width":897,"height":608,"url":"https:\/\/xstyle.md\/wp-content\/uploads\/2021\/04\/pinguin_tornado_2.jpg","type":"image\/jpeg"}],"twitter_card":"summary_large_image","twitter_misc":{"Pre\u021b":"3.590&nbsp;MDL","Disponibilitate":"\u00cen stoc"},"schema":{"@context":"https:\/\/schema.org","@graph":[{"@type":"WebPage","@id":"https:\/\/xstyle.md\/product\/palatka-pinguin-tornado-2\/","url":"https:\/\/xstyle.md\/product\/palatka-pinguin-tornado-2\/","name":"Cort Pinguin Tornado 2 - Magazin Xstyle","isPartOf":{"@id":"https:\/\/xstyle.md\/#website"},"primaryImageOfPage":{"@id":"https:\/\/xstyle.md\/product\/palatka-pinguin-tornado-2\/#primaryimage"},"image":{"@id":"https:\/\/xstyle.md\/product\/palatka-pinguin-tornado-2\/#primaryimage"},"thumbnailUrl":"https:\/\/xstyle.md\/wp-content\/uploads\/2021\/04\/pinguin_tornado_2.jpg","datePublished":"2021-04-28T13:52:39+00:00","dateModified":"2025-11-05T15:29:38+00:00","description":"Cort Pinguin Tornado 2 - alegerea ideal\u0103 pentru drume\u021bii. Dou\u0103 intr\u0103ri, nylon rezistent, protec\u021bie excelent\u0103 \u00eempotriva ploii. Spa\u021bios \u0219i confortabil!","breadcrumb":{"@id":"https:\/\/xstyle.md\/product\/palatka-pinguin-tornado-2\/#breadcrumb"},"inLanguage":"ro-RO","potentialAction":[{"@type":"ReadAction","target":["https:\/\/xstyle.md\/product\/palatka-pinguin-tornado-2\/"]}]},{"@type":"ImageObject","inLanguage":"ro-RO","@id":"https:\/\/xstyle.md\/product\/palatka-pinguin-tornado-2\/#primaryimage","url":"https:\/\/xstyle.md\/wp-content\/uploads\/2021\/04\/pinguin_tornado_2.jpg","contentUrl":"https:\/\/xstyle.md\/wp-content\/uploads\/2021\/04\/pinguin_tornado_2.jpg","width":897,"height":608},{"@type":"BreadcrumbList","@id":"https:\/\/xstyle.md\/product\/palatka-pinguin-tornado-2\/#breadcrumb","itemListElement":[{"@type":"ListItem","position":1,"name":"\u0413\u043b\u0430\u0432\u043d\u0430\u044f \u0441\u0442\u0440\u0430\u043d\u0438\u0446\u0430","item":"https:\/\/xstyle.md\/"},{"@type":"ListItem","position":2,"name":"\u041c\u0430\u0433\u0430\u0437\u0438\u043d","item":"https:\/\/xstyle.md\/shop\/"},{"@type":"ListItem","position":3,"name":"\u041f\u0430\u043b\u0430\u0442\u043a\u0430 Pinguin Tornado 2"}]},{"@type":"WebSite","@id":"https:\/\/xstyle.md\/#website","url":"https:\/\/xstyle.md\/","name":"Magazinul X-Style","description":"Echipamente pentru turism \u0219i sporturi extreme \u00een Moldova. Pre\u021buri, fotografii, caracteristici \u00een Moldova.","publisher":{"@id":"https:\/\/xstyle.md\/#organization"},"alternateName":"X-Style","potentialAction":[{"@type":"SearchAction","target":{"@type":"EntryPoint","urlTemplate":"https:\/\/xstyle.md\/?s={search_term_string}"},"query-input":{"@type":"PropertyValueSpecification","valueRequired":true,"valueName":"search_term_string"}}],"inLanguage":"ro-RO"},{"@type":"Organization","@id":"https:\/\/xstyle.md\/#organization","name":"Magazinul X-Style","alternateName":"x-style","url":"https:\/\/xstyle.md\/","logo":{"@type":"ImageObject","inLanguage":"ro-RO","@id":"https:\/\/xstyle.md\/#\/schema\/logo\/image\/","url":"https:\/\/xstyle.md\/wp-content\/uploads\/2020\/06\/logoicon.svg","contentUrl":"https:\/\/xstyle.md\/wp-content\/uploads\/2020\/06\/logoicon.svg","caption":"\u041c\u0430\u0433\u0430\u0437\u0438\u043d Xstyle"},"image":{"@id":"https:\/\/xstyle.md\/#\/schema\/logo\/image\/"},"sameAs":["https:\/\/www.facebook.com\/xstylemd","https:\/\/www.instagram.com\/xstyle_md\/","https:\/\/t.me\/xstyle_outdoor"],"hasMerchantReturnPolicy":{"@type":"MerchantReturnPolicy","merchantReturnLink":"https:\/\/xstyle.md\/ro\/conditions\/"}}]},"product_price_amount":"3590.00","product_price_currency":"MDL","og_availability":"instock","product_availability":"instock","product_retailer_item_id":"8592638123241","product_condition":"new"},"post_mailing_queue_ids":[],"_links":{"self":[{"href":"https:\/\/xstyle.md\/ro\/wp-json\/wp\/v2\/product\/31227","targetHints":{"allow":["GET"]}}],"collection":[{"href":"https:\/\/xstyle.md\/ro\/wp-json\/wp\/v2\/product"}],"about":[{"href":"https:\/\/xstyle.md\/ro\/wp-json\/wp\/v2\/types\/product"}],"replies":[{"embeddable":true,"href":"https:\/\/xstyle.md\/ro\/wp-json\/wp\/v2\/comments?post=31227"}],"wp:featuredmedia":[{"embeddable":true,"href":"https:\/\/xstyle.md\/ro\/wp-json\/wp\/v2\/media\/31226"}],"wp:attachment":[{"href":"https:\/\/xstyle.md\/ro\/wp-json\/wp\/v2\/media?parent=31227"}],"wp:term":[{"taxonomy":"product_brand","embeddable":true,"href":"https:\/\/xstyle.md\/ro\/wp-json\/wp\/v2\/product_brand?post=31227"},{"taxonomy":"product_cat","embeddable":true,"href":"https:\/\/xstyle.md\/ro\/wp-json\/wp\/v2\/product_cat?post=31227"},{"taxonomy":"product_tag","embeddable":true,"href":"https:\/\/xstyle.md\/ro\/wp-json\/wp\/v2\/product_tag?post=31227"}],"curies":[{"name":"wp","href":"https:\/\/api.w.org\/{rel}","templated":true}]}}