{"id":31218,"date":"2021-04-28T16:52:27","date_gmt":"2021-04-28T13:52:27","guid":{"rendered":"https:\/\/xstyle.md\/product\/prihvatka-dlja-ruchki-petromax-aramid-handle-cover\/"},"modified":"2024-10-21T09:42:13","modified_gmt":"2024-10-21T06:42:13","slug":"prihvatka-dlja-ruchki-petromax-aramid-handle-cover","status":"publish","type":"product","link":"https:\/\/xstyle.md\/ro\/produs\/prihvatka-dlja-ruchki-petromax-aramid-handle-cover\/","title":{"rendered":"M\u0103nu\u0219\u0103 de buc\u0103t\u0103rie Petromax Aramid Handle Cover"},"content":{"rendered":"<\/p>\n<p><strong>Petromax Aramid Handle Cover<\/strong> &#8212; suport pentru m\u00e2ner confec\u021bionat din piele dur\u0103 cu o c\u0103ptu\u0219eal\u0103 sub\u021bire din fibre de aramid\u0103 pentru o protec\u021bie fiabil\u0103 \u00eempotriva temperaturilor de p\u00e2n\u0103 la 250\u00b0C. \u00cel pute\u021bi folosi ca o acoperire universal\u0103 pentru toate m\u00e2nerele tig\u0103ilor dvs. din font\u0103 &#8212; indiferent de model \u0219i dimensiune. Cu acest tac\u00e2m, pute\u021bi muta \u0219i ridica tig\u0103ile de font\u0103 fierbin\u021bi, chiar \u0219i \u00een timpul g\u0103titului, f\u0103r\u0103 teama de a v\u0103 arde.<\/p>\n<h3>Caracteristici<\/h3>\n<ul>\n<li>Material &#8212; piele, fibre aramidice<\/li>\n<li>Dimensiuni &#8212; 18,8 x 4,5 x 4,5 (H x L x P) cm<\/li>\n<li>Greutate &#8212; 40,5 g.<\/li>\n<\/ul>\n<h3>Marca<\/h3>\n<p>Petromax &#8212; principalul produc\u0103tor german de echipamente de g\u0103tit \u0219i de locuit \u00een aer liber, iar gama sa de produse coordonate combin\u0103 tradi\u021bia \u0219i inova\u021bia \u00eentr-un mod unic. Toate produsele Petromax sunt de cea mai bun\u0103 calitate, durabile, bine g\u00e2ndite \u00een detaliu \u0219i concepute pentru to\u021bi cei care doresc s\u0103 compenseze rutina lor \u00een aer liber \u0219i, prin urmare, s\u0103 campeze \u00een aer liber. Lumea produselor Petromax se concentreaz\u0103 pe explorarea naturii nealterate folosind echipamente tradi\u021bionale, dar bine concepute.<\/p>\n<p><\/p>","protected":false},"excerpt":{"rendered":"<p>M\u0103nu\u0219\u0103 de buc\u0103t\u0103rie Petromax Aramid Handle Cover<\/p>","protected":false},"featured_media":31215,"comment_status":"open","ping_status":"closed","template":"","meta":{"_acf_changed":false,"inline_featured_image":false},"product_brand":[1420],"product_cat":[911],"product_tag":[],"class_list":{"0":"post-31218","1":"product","2":"type-product","3":"status-publish","4":"has-post-thumbnail","6":"product_brand-petromax","7":"product_cat-accesorii-dutch-oven","9":"first","10":"instock","11":"shipping-taxable","12":"purchasable","13":"product-type-simple"},"acf":[],"yoast_head":"<!-- This site is optimized with the Yoast SEO plugin v27.2 - https:\/\/yoast.com\/product\/yoast-seo-wordpress\/ -->\n<title>\u041f\u0440\u0438\u0445\u0432\u0430\u0442\u043a\u0430 \u0434\u043b\u044f \u0440\u0443\u0447\u043a\u0438 Petromax Aramid Handle Cover - \u041c\u0430\u0433\u0430\u0437\u0438\u043d Xstyle<\/title>\n<meta name=\"description\" content=\"\u041f\u0440\u0438\u0445\u0432\u0430\u0442\u043a\u0430 \u0434\u043b\u044f \u0440\u0443\u0447\u043a\u0438 Petromax Aramid \u0437\u0430\u0449\u0438\u0442\u0438\u0442 \u043e\u0442 \u0433\u043e\u0440\u044f\u0447\u0435\u0433\u043e \u0434\u043e 250\u00b0C. \u0423\u043d\u0438\u0432\u0435\u0440\u0441\u0430\u043b\u044c\u043d\u043e\u0435 \u043f\u043e\u043a\u0440\u044b\u0442\u0438\u0435 \u043f\u043e\u0434\u0445\u043e\u0434\u0438\u0442 \u0434\u043b\u044f \u0432\u0441\u0435\u0445 \u043c\u043e\u0434\u0435\u043b\u0435\u0439 \u0447\u0443\u0433\u0443\u043d\u043d\u044b\u0445 \u0441\u043a\u043e\u0432\u043e\u0440\u043e\u0434.\" \/>\n<meta name=\"robots\" content=\"index, follow, max-snippet:-1, max-image-preview:large, max-video-preview:-1\" \/>\n<link rel=\"canonical\" href=\"https:\/\/xstyle.md\/ro\/produs\/prihvatka-dlja-ruchki-petromax-aramid-handle-cover\/\" \/>\n<meta property=\"og:locale\" content=\"ro_RO\" \/>\n<meta property=\"og:type\" content=\"article\" \/>\n<meta property=\"og:title\" content=\"\u041f\u0440\u0438\u0445\u0432\u0430\u0442\u043a\u0430 \u0434\u043b\u044f \u0440\u0443\u0447\u043a\u0438 Petromax Aramid Handle Cover - \u041c\u0430\u0433\u0430\u0437\u0438\u043d Xstyle\" \/>\n<meta property=\"og:description\" content=\"\u041f\u0440\u0438\u0445\u0432\u0430\u0442\u043a\u0430 \u0434\u043b\u044f \u0440\u0443\u0447\u043a\u0438 Petromax Aramid \u0437\u0430\u0449\u0438\u0442\u0438\u0442 \u043e\u0442 \u0433\u043e\u0440\u044f\u0447\u0435\u0433\u043e \u0434\u043e 250\u00b0C. \u0423\u043d\u0438\u0432\u0435\u0440\u0441\u0430\u043b\u044c\u043d\u043e\u0435 \u043f\u043e\u043a\u0440\u044b\u0442\u0438\u0435 \u043f\u043e\u0434\u0445\u043e\u0434\u0438\u0442 \u0434\u043b\u044f \u0432\u0441\u0435\u0445 \u043c\u043e\u0434\u0435\u043b\u0435\u0439 \u0447\u0443\u0433\u0443\u043d\u043d\u044b\u0445 \u0441\u043a\u043e\u0432\u043e\u0440\u043e\u0434.\" \/>\n<meta property=\"og:url\" content=\"https:\/\/xstyle.md\/ro\/produs\/prihvatka-dlja-ruchki-petromax-aramid-handle-cover\/\" \/>\n<meta property=\"og:site_name\" content=\"\u041c\u0430\u0433\u0430\u0437\u0438\u043d Xstyle\" \/>\n<meta property=\"article:publisher\" content=\"https:\/\/www.facebook.com\/xstylemd\" \/>\n<meta property=\"article:modified_time\" content=\"2024-10-21T06:42:13+00:00\" \/>\n<meta property=\"og:image\" content=\"https:\/\/xstyle.md\/wp-content\/uploads\/2021\/04\/petromax_aramid_handle_cover.jpg\" \/>\n\t<meta property=\"og:image:width\" content=\"650\" \/>\n\t<meta property=\"og:image:height\" content=\"650\" \/>\n\t<meta property=\"og:image:type\" content=\"image\/jpeg\" \/>\n<meta name=\"twitter:card\" content=\"summary_large_image\" \/>\n<meta name=\"twitter:label1\" content=\"Pre\u021b\" \/>\n\t<meta name=\"twitter:data1\" content=\"330&nbsp;MDL\" \/>\n\t<meta name=\"twitter:label2\" content=\"Disponibilitate\" \/>\n\t<meta name=\"twitter:data2\" content=\"\u00cen stoc\" \/>\n<script type=\"application\/ld+json\" class=\"yoast-schema-graph\">{\"@context\":\"https:\/\/schema.org\",\"@graph\":[{\"@type\":\"WebPage\",\"@id\":\"https:\/\/xstyle.md\/product\/prihvatka-dlja-ruchki-petromax-aramid-handle-cover\/\",\"url\":\"https:\/\/xstyle.md\/product\/prihvatka-dlja-ruchki-petromax-aramid-handle-cover\/\",\"name\":\"\u041f\u0440\u0438\u0445\u0432\u0430\u0442\u043a\u0430 \u0434\u043b\u044f \u0440\u0443\u0447\u043a\u0438 Petromax Aramid Handle Cover - \u041c\u0430\u0433\u0430\u0437\u0438\u043d Xstyle\",\"isPartOf\":{\"@id\":\"https:\/\/xstyle.md\/#website\"},\"primaryImageOfPage\":{\"@id\":\"https:\/\/xstyle.md\/product\/prihvatka-dlja-ruchki-petromax-aramid-handle-cover\/#primaryimage\"},\"image\":{\"@id\":\"https:\/\/xstyle.md\/product\/prihvatka-dlja-ruchki-petromax-aramid-handle-cover\/#primaryimage\"},\"thumbnailUrl\":\"https:\/\/xstyle.md\/wp-content\/uploads\/2021\/04\/petromax_aramid_handle_cover.jpg\",\"datePublished\":\"2021-04-28T13:52:27+00:00\",\"dateModified\":\"2024-10-21T06:42:13+00:00\",\"description\":\"\u041f\u0440\u0438\u0445\u0432\u0430\u0442\u043a\u0430 \u0434\u043b\u044f \u0440\u0443\u0447\u043a\u0438 Petromax Aramid \u0437\u0430\u0449\u0438\u0442\u0438\u0442 \u043e\u0442 \u0433\u043e\u0440\u044f\u0447\u0435\u0433\u043e \u0434\u043e 250\u00b0C. \u0423\u043d\u0438\u0432\u0435\u0440\u0441\u0430\u043b\u044c\u043d\u043e\u0435 \u043f\u043e\u043a\u0440\u044b\u0442\u0438\u0435 \u043f\u043e\u0434\u0445\u043e\u0434\u0438\u0442 \u0434\u043b\u044f \u0432\u0441\u0435\u0445 \u043c\u043e\u0434\u0435\u043b\u0435\u0439 \u0447\u0443\u0433\u0443\u043d\u043d\u044b\u0445 \u0441\u043a\u043e\u0432\u043e\u0440\u043e\u0434.\",\"breadcrumb\":{\"@id\":\"https:\/\/xstyle.md\/product\/prihvatka-dlja-ruchki-petromax-aramid-handle-cover\/#breadcrumb\"},\"inLanguage\":\"ro-RO\",\"potentialAction\":[{\"@type\":\"ReadAction\",\"target\":[\"https:\/\/xstyle.md\/product\/prihvatka-dlja-ruchki-petromax-aramid-handle-cover\/\"]}]},{\"@type\":\"ImageObject\",\"inLanguage\":\"ro-RO\",\"@id\":\"https:\/\/xstyle.md\/product\/prihvatka-dlja-ruchki-petromax-aramid-handle-cover\/#primaryimage\",\"url\":\"https:\/\/xstyle.md\/wp-content\/uploads\/2021\/04\/petromax_aramid_handle_cover.jpg\",\"contentUrl\":\"https:\/\/xstyle.md\/wp-content\/uploads\/2021\/04\/petromax_aramid_handle_cover.jpg\",\"width\":650,\"height\":650},{\"@type\":\"BreadcrumbList\",\"@id\":\"https:\/\/xstyle.md\/product\/prihvatka-dlja-ruchki-petromax-aramid-handle-cover\/#breadcrumb\",\"itemListElement\":[{\"@type\":\"ListItem\",\"position\":1,\"name\":\"\u0413\u043b\u0430\u0432\u043d\u0430\u044f \u0441\u0442\u0440\u0430\u043d\u0438\u0446\u0430\",\"item\":\"https:\/\/xstyle.md\/\"},{\"@type\":\"ListItem\",\"position\":2,\"name\":\"\u041c\u0430\u0433\u0430\u0437\u0438\u043d\",\"item\":\"https:\/\/xstyle.md\/shop\/\"},{\"@type\":\"ListItem\",\"position\":3,\"name\":\"\u041f\u0440\u0438\u0445\u0432\u0430\u0442\u043a\u0430 \u0434\u043b\u044f \u0440\u0443\u0447\u043a\u0438 Petromax Aramid Handle Cover\"}]},{\"@type\":\"WebSite\",\"@id\":\"https:\/\/xstyle.md\/#website\",\"url\":\"https:\/\/xstyle.md\/\",\"name\":\"\u041c\u0430\u0433\u0430\u0437\u0438\u043d Xstyle\",\"description\":\"C\u043d\u0430\u0440\u044f\u0436\u0435\u043d\u0438\u0435 \u0434\u043b\u044f \u0442\u0443\u0440\u0438\u0437\u043c\u0430 \u0438 \u044d\u043a\u0441\u0442\u0440\u0435\u043c\u0430\u043b\u044c\u043d\u044b\u0445 \u0432\u0438\u0434\u043e\u0432 \u0441\u043f\u043e\u0440\u0442\u0430 \u0432 \u041c\u043e\u043b\u0434\u043e\u0432\u0435.. \u0426\u0435\u043d\u044b, \u0444\u043e\u0442\u043e, \u0445\u0430\u0440\u0430\u043a\u0442\u0435\u0440\u0438\u0441\u0442\u0438\u043a\u0438 \u0432 \u041c\u043e\u043b\u0434\u043e\u0432\u0435.\",\"publisher\":{\"@id\":\"https:\/\/xstyle.md\/#organization\"},\"alternateName\":\"X-Style\",\"potentialAction\":[{\"@type\":\"SearchAction\",\"target\":{\"@type\":\"EntryPoint\",\"urlTemplate\":\"https:\/\/xstyle.md\/?s={search_term_string}\"},\"query-input\":{\"@type\":\"PropertyValueSpecification\",\"valueRequired\":true,\"valueName\":\"search_term_string\"}}],\"inLanguage\":\"ro-RO\"},{\"@type\":\"Organization\",\"@id\":\"https:\/\/xstyle.md\/#organization\",\"name\":\"\u041c\u0430\u0433\u0430\u0437\u0438\u043d Xstyle\",\"alternateName\":\"x-style\",\"url\":\"https:\/\/xstyle.md\/\",\"logo\":{\"@type\":\"ImageObject\",\"inLanguage\":\"ro-RO\",\"@id\":\"https:\/\/xstyle.md\/#\/schema\/logo\/image\/\",\"url\":\"https:\/\/xstyle.md\/wp-content\/uploads\/2020\/06\/logoicon.svg\",\"contentUrl\":\"https:\/\/xstyle.md\/wp-content\/uploads\/2020\/06\/logoicon.svg\",\"caption\":\"\u041c\u0430\u0433\u0430\u0437\u0438\u043d Xstyle\"},\"image\":{\"@id\":\"https:\/\/xstyle.md\/#\/schema\/logo\/image\/\"},\"sameAs\":[\"https:\/\/www.facebook.com\/xstylemd\",\"https:\/\/www.instagram.com\/xstyle_md\/\",\"https:\/\/t.me\/xstyle_outdoor\"],\"hasMerchantReturnPolicy\":{\"@type\":\"MerchantReturnPolicy\",\"merchantReturnLink\":\"https:\/\/xstyle.md\/ro\/conditions\/\"}}]}<\/script>\n<meta property=\"product:price:amount\" content=\"330.00\" \/>\n<meta property=\"product:price:currency\" content=\"MDL\" \/>\n<meta property=\"og:availability\" content=\"instock\" \/>\n<meta property=\"product:availability\" content=\"instock\" \/>\n<meta property=\"product:retailer_item_id\" content=\"4250435730874\" \/>\n<meta property=\"product:condition\" content=\"new\" \/>\n<!-- \/ Yoast SEO plugin. -->","yoast_head_json":{"title":"M\u0103nu\u0219\u0103 de buc\u0103t\u0103rie Petromax Aramid Handle Cover - Magazin Xstyle","description":"M\u00e2nerele pentru oale Petromax Aramid protejeaz\u0103 \u00eempotriva c\u0103ldurii de p\u00e2n\u0103 la 250\u00b0C. Acoperirea universal\u0103 se potrive\u0219te pentru toate modelele de tig\u0103i din font\u0103.","robots":{"index":"index","follow":"follow","max-snippet":"max-snippet:-1","max-image-preview":"max-image-preview:large","max-video-preview":"max-video-preview:-1"},"canonical":"https:\/\/xstyle.md\/ro\/produs\/prihvatka-dlja-ruchki-petromax-aramid-handle-cover\/","og_locale":"ro_RO","og_type":"article","og_title":"\u041f\u0440\u0438\u0445\u0432\u0430\u0442\u043a\u0430 \u0434\u043b\u044f \u0440\u0443\u0447\u043a\u0438 Petromax Aramid Handle Cover - \u041c\u0430\u0433\u0430\u0437\u0438\u043d Xstyle","og_description":"\u041f\u0440\u0438\u0445\u0432\u0430\u0442\u043a\u0430 \u0434\u043b\u044f \u0440\u0443\u0447\u043a\u0438 Petromax Aramid \u0437\u0430\u0449\u0438\u0442\u0438\u0442 \u043e\u0442 \u0433\u043e\u0440\u044f\u0447\u0435\u0433\u043e \u0434\u043e 250\u00b0C. \u0423\u043d\u0438\u0432\u0435\u0440\u0441\u0430\u043b\u044c\u043d\u043e\u0435 \u043f\u043e\u043a\u0440\u044b\u0442\u0438\u0435 \u043f\u043e\u0434\u0445\u043e\u0434\u0438\u0442 \u0434\u043b\u044f \u0432\u0441\u0435\u0445 \u043c\u043e\u0434\u0435\u043b\u0435\u0439 \u0447\u0443\u0433\u0443\u043d\u043d\u044b\u0445 \u0441\u043a\u043e\u0432\u043e\u0440\u043e\u0434.","og_url":"https:\/\/xstyle.md\/ro\/produs\/prihvatka-dlja-ruchki-petromax-aramid-handle-cover\/","og_site_name":"\u041c\u0430\u0433\u0430\u0437\u0438\u043d Xstyle","article_publisher":"https:\/\/www.facebook.com\/xstylemd","article_modified_time":"2024-10-21T06:42:13+00:00","og_image":[{"width":650,"height":650,"url":"https:\/\/xstyle.md\/wp-content\/uploads\/2021\/04\/petromax_aramid_handle_cover.jpg","type":"image\/jpeg"}],"twitter_card":"summary_large_image","twitter_misc":{"Pre\u021b":"330&nbsp;MDL","Disponibilitate":"\u00cen stoc"},"schema":{"@context":"https:\/\/schema.org","@graph":[{"@type":"WebPage","@id":"https:\/\/xstyle.md\/product\/prihvatka-dlja-ruchki-petromax-aramid-handle-cover\/","url":"https:\/\/xstyle.md\/product\/prihvatka-dlja-ruchki-petromax-aramid-handle-cover\/","name":"M\u0103nu\u0219\u0103 de buc\u0103t\u0103rie Petromax Aramid Handle Cover - Magazin Xstyle","isPartOf":{"@id":"https:\/\/xstyle.md\/#website"},"primaryImageOfPage":{"@id":"https:\/\/xstyle.md\/product\/prihvatka-dlja-ruchki-petromax-aramid-handle-cover\/#primaryimage"},"image":{"@id":"https:\/\/xstyle.md\/product\/prihvatka-dlja-ruchki-petromax-aramid-handle-cover\/#primaryimage"},"thumbnailUrl":"https:\/\/xstyle.md\/wp-content\/uploads\/2021\/04\/petromax_aramid_handle_cover.jpg","datePublished":"2021-04-28T13:52:27+00:00","dateModified":"2024-10-21T06:42:13+00:00","description":"M\u00e2nerele pentru oale Petromax Aramid protejeaz\u0103 \u00eempotriva c\u0103ldurii de p\u00e2n\u0103 la 250\u00b0C. Acoperirea universal\u0103 se potrive\u0219te pentru toate modelele de tig\u0103i din font\u0103.","breadcrumb":{"@id":"https:\/\/xstyle.md\/product\/prihvatka-dlja-ruchki-petromax-aramid-handle-cover\/#breadcrumb"},"inLanguage":"ro-RO","potentialAction":[{"@type":"ReadAction","target":["https:\/\/xstyle.md\/product\/prihvatka-dlja-ruchki-petromax-aramid-handle-cover\/"]}]},{"@type":"ImageObject","inLanguage":"ro-RO","@id":"https:\/\/xstyle.md\/product\/prihvatka-dlja-ruchki-petromax-aramid-handle-cover\/#primaryimage","url":"https:\/\/xstyle.md\/wp-content\/uploads\/2021\/04\/petromax_aramid_handle_cover.jpg","contentUrl":"https:\/\/xstyle.md\/wp-content\/uploads\/2021\/04\/petromax_aramid_handle_cover.jpg","width":650,"height":650},{"@type":"BreadcrumbList","@id":"https:\/\/xstyle.md\/product\/prihvatka-dlja-ruchki-petromax-aramid-handle-cover\/#breadcrumb","itemListElement":[{"@type":"ListItem","position":1,"name":"\u0413\u043b\u0430\u0432\u043d\u0430\u044f \u0441\u0442\u0440\u0430\u043d\u0438\u0446\u0430","item":"https:\/\/xstyle.md\/"},{"@type":"ListItem","position":2,"name":"\u041c\u0430\u0433\u0430\u0437\u0438\u043d","item":"https:\/\/xstyle.md\/shop\/"},{"@type":"ListItem","position":3,"name":"\u041f\u0440\u0438\u0445\u0432\u0430\u0442\u043a\u0430 \u0434\u043b\u044f \u0440\u0443\u0447\u043a\u0438 Petromax Aramid Handle Cover"}]},{"@type":"WebSite","@id":"https:\/\/xstyle.md\/#website","url":"https:\/\/xstyle.md\/","name":"Magazinul X-Style","description":"Echipamente pentru turism \u0219i sporturi extreme \u00een Moldova. Pre\u021buri, fotografii, caracteristici \u00een Moldova.","publisher":{"@id":"https:\/\/xstyle.md\/#organization"},"alternateName":"X-Style","potentialAction":[{"@type":"SearchAction","target":{"@type":"EntryPoint","urlTemplate":"https:\/\/xstyle.md\/?s={search_term_string}"},"query-input":{"@type":"PropertyValueSpecification","valueRequired":true,"valueName":"search_term_string"}}],"inLanguage":"ro-RO"},{"@type":"Organization","@id":"https:\/\/xstyle.md\/#organization","name":"Magazinul X-Style","alternateName":"x-style","url":"https:\/\/xstyle.md\/","logo":{"@type":"ImageObject","inLanguage":"ro-RO","@id":"https:\/\/xstyle.md\/#\/schema\/logo\/image\/","url":"https:\/\/xstyle.md\/wp-content\/uploads\/2020\/06\/logoicon.svg","contentUrl":"https:\/\/xstyle.md\/wp-content\/uploads\/2020\/06\/logoicon.svg","caption":"\u041c\u0430\u0433\u0430\u0437\u0438\u043d Xstyle"},"image":{"@id":"https:\/\/xstyle.md\/#\/schema\/logo\/image\/"},"sameAs":["https:\/\/www.facebook.com\/xstylemd","https:\/\/www.instagram.com\/xstyle_md\/","https:\/\/t.me\/xstyle_outdoor"],"hasMerchantReturnPolicy":{"@type":"MerchantReturnPolicy","merchantReturnLink":"https:\/\/xstyle.md\/ro\/conditions\/"}}]},"product_price_amount":"330.00","product_price_currency":"MDL","og_availability":"instock","product_availability":"instock","product_retailer_item_id":"4250435730874","product_condition":"new"},"post_mailing_queue_ids":[],"_links":{"self":[{"href":"https:\/\/xstyle.md\/ro\/wp-json\/wp\/v2\/product\/31218","targetHints":{"allow":["GET"]}}],"collection":[{"href":"https:\/\/xstyle.md\/ro\/wp-json\/wp\/v2\/product"}],"about":[{"href":"https:\/\/xstyle.md\/ro\/wp-json\/wp\/v2\/types\/product"}],"replies":[{"embeddable":true,"href":"https:\/\/xstyle.md\/ro\/wp-json\/wp\/v2\/comments?post=31218"}],"wp:featuredmedia":[{"embeddable":true,"href":"https:\/\/xstyle.md\/ro\/wp-json\/wp\/v2\/media\/31215"}],"wp:attachment":[{"href":"https:\/\/xstyle.md\/ro\/wp-json\/wp\/v2\/media?parent=31218"}],"wp:term":[{"taxonomy":"product_brand","embeddable":true,"href":"https:\/\/xstyle.md\/ro\/wp-json\/wp\/v2\/product_brand?post=31218"},{"taxonomy":"product_cat","embeddable":true,"href":"https:\/\/xstyle.md\/ro\/wp-json\/wp\/v2\/product_cat?post=31218"},{"taxonomy":"product_tag","embeddable":true,"href":"https:\/\/xstyle.md\/ro\/wp-json\/wp\/v2\/product_tag?post=31218"}],"curies":[{"name":"wp","href":"https:\/\/api.w.org\/{rel}","templated":true}]}}