{"id":31214,"date":"2021-04-28T16:52:22","date_gmt":"2021-04-28T13:52:22","guid":{"rendered":"https:\/\/xstyle.md\/product\/prihvatki-oval-petromax-aramid-pro-300-potholders\/"},"modified":"2024-10-21T09:42:12","modified_gmt":"2024-10-21T06:42:12","slug":"prihvatki-oval-petromax-aramid-pro-300-potholders","status":"publish","type":"product","link":"https:\/\/xstyle.md\/ro\/produs\/prihvatki-oval-petromax-aramid-pro-300-potholders\/","title":{"rendered":"M\u0103nu\u0219\u0103 de buc\u0103t\u0103rie Petromax Aramid Pro 300 Potholders oval"},"content":{"rendered":"<\/p>\n<p><strong>Petromax Aramid Pro 300 Potholders<\/strong> &#8212; m\u0103nu\u0219i de cuptor de form\u0103 oval\u0103 pentru a v\u0103 proteja m\u00e2inile \u00een timp ce g\u0103ti\u021bi at\u00e2t acas\u0103, c\u00e2t \u0219i pe un foc deschis \u00een aer liber. Fibrele de aramid\u0103 rezistente la foc care alc\u0103tuiesc m\u0103nu\u0219ile pentru cuptor vor asigura o protec\u021bie optim\u0103 p\u00e2n\u0103 la 250\u00b0C. Iar pielea cu suprafa\u021b\u0103 aspr\u0103 va \u021bine bine oalele \u0219i tig\u0103ile \u0219i le va \u00eempiedica s\u0103 alunece. Dar, \u00een acela\u0219i timp, m\u0103nu\u0219ile sunt suficient de flexibile pentru a fi confortabile pentru a g\u0103ti cu ele.<\/p>\n<h3>Caracteristici<\/h3>\n<ul>\n<li>Dimensiuni &#8212; 26.5 mm<\/li>\n<li>Greutate &#8212; 460 g.<\/li>\n<\/ul>\n<h3>Marca<\/h3>\n<p>Petromax &#8212; principalul produc\u0103tor german de echipamente de g\u0103tit \u0219i de locuit \u00een aer liber, iar gama sa de produse coordonate combin\u0103 tradi\u021bia \u0219i inova\u021bia \u00eentr-un mod unic. Toate produsele Petromax sunt de cea mai bun\u0103 calitate, durabile, bine g\u00e2ndite \u00een detaliu \u0219i concepute pentru to\u021bi cei care doresc s\u0103 compenseze rutina lor \u00een aer liber \u0219i, prin urmare, s\u0103 campeze \u00een aer liber. Lumea produselor Petromax se concentreaz\u0103 pe explorarea naturii nealterate folosind echipamente tradi\u021bionale, dar bine concepute.<\/p>\n<p><\/p>","protected":false},"excerpt":{"rendered":"<p>M\u0103nu\u0219\u0103 de buc\u0103t\u0103rie Petromax Aramid Pro 300 Potholders oval<\/p>","protected":false},"featured_media":31213,"comment_status":"open","ping_status":"closed","template":"","meta":{"_acf_changed":false,"inline_featured_image":false},"product_brand":[1420],"product_cat":[911],"product_tag":[],"class_list":{"0":"post-31214","1":"product","2":"type-product","3":"status-publish","4":"has-post-thumbnail","6":"product_brand-petromax","7":"product_cat-accesorii-dutch-oven","9":"first","10":"instock","11":"shipping-taxable","12":"purchasable","13":"product-type-simple"},"acf":[],"yoast_head":"<!-- This site is optimized with the Yoast SEO plugin v27.2 - https:\/\/yoast.com\/product\/yoast-seo-wordpress\/ -->\n<title>\u041f\u0440\u0438\u0445\u0432\u0430\u0442\u043a\u0438 \u043e\u0432\u0430\u043b Petromax Aramid Pro 300 Potholders - \u041c\u0430\u0433\u0430\u0437\u0438\u043d Xstyle<\/title>\n<meta name=\"description\" content=\"\u041f\u0440\u0438\u0445\u0432\u0430\u0442\u043a\u0438 \u043e\u0432\u0430\u043b Petromax Aramid Pro 300 \u0437\u0430\u0449\u0438\u0449\u0430\u044e\u0442 \u0440\u0443\u043a\u0438 \u0434\u043e 250\u00b0C. \u0418\u0434\u0435\u0430\u043b\u044c\u043d\u044b \u0434\u043b\u044f \u043a\u0443\u0445\u043d\u0438 \u0438 \u043e\u0442\u043a\u0440\u044b\u0442\u043e\u0433\u043e \u043e\u0433\u043d\u044f. \u0423\u0434\u043e\u0431\u0441\u0442\u0432\u043e \u0438 \u0431\u0435\u0437\u043e\u043f\u0430\u0441\u043d\u043e\u0441\u0442\u044c \u0432 \u043a\u0430\u0436\u0434\u043e\u043c \u0431\u043b\u044e\u0434\u0435!\" \/>\n<meta name=\"robots\" content=\"index, follow, max-snippet:-1, max-image-preview:large, max-video-preview:-1\" \/>\n<link rel=\"canonical\" href=\"https:\/\/xstyle.md\/ro\/produs\/prihvatki-oval-petromax-aramid-pro-300-potholders\/\" \/>\n<meta property=\"og:locale\" content=\"ro_RO\" \/>\n<meta property=\"og:type\" content=\"article\" \/>\n<meta property=\"og:title\" content=\"\u041f\u0440\u0438\u0445\u0432\u0430\u0442\u043a\u0438 \u043e\u0432\u0430\u043b Petromax Aramid Pro 300 Potholders - \u041c\u0430\u0433\u0430\u0437\u0438\u043d Xstyle\" \/>\n<meta property=\"og:description\" content=\"\u041f\u0440\u0438\u0445\u0432\u0430\u0442\u043a\u0438 \u043e\u0432\u0430\u043b Petromax Aramid Pro 300 \u0437\u0430\u0449\u0438\u0449\u0430\u044e\u0442 \u0440\u0443\u043a\u0438 \u0434\u043e 250\u00b0C. \u0418\u0434\u0435\u0430\u043b\u044c\u043d\u044b \u0434\u043b\u044f \u043a\u0443\u0445\u043d\u0438 \u0438 \u043e\u0442\u043a\u0440\u044b\u0442\u043e\u0433\u043e \u043e\u0433\u043d\u044f. \u0423\u0434\u043e\u0431\u0441\u0442\u0432\u043e \u0438 \u0431\u0435\u0437\u043e\u043f\u0430\u0441\u043d\u043e\u0441\u0442\u044c \u0432 \u043a\u0430\u0436\u0434\u043e\u043c \u0431\u043b\u044e\u0434\u0435!\" \/>\n<meta property=\"og:url\" content=\"https:\/\/xstyle.md\/ro\/produs\/prihvatki-oval-petromax-aramid-pro-300-potholders\/\" \/>\n<meta property=\"og:site_name\" content=\"\u041c\u0430\u0433\u0430\u0437\u0438\u043d Xstyle\" \/>\n<meta property=\"article:publisher\" content=\"https:\/\/www.facebook.com\/xstylemd\" \/>\n<meta property=\"article:modified_time\" content=\"2024-10-21T06:42:12+00:00\" \/>\n<meta property=\"og:image\" content=\"https:\/\/xstyle.md\/wp-content\/uploads\/2021\/04\/petromax_aramid_pro_300_potholders.jpg\" \/>\n\t<meta property=\"og:image:width\" content=\"1200\" \/>\n\t<meta property=\"og:image:height\" content=\"800\" \/>\n\t<meta property=\"og:image:type\" content=\"image\/jpeg\" \/>\n<meta name=\"twitter:card\" content=\"summary_large_image\" \/>\n<meta name=\"twitter:label1\" content=\"Pre\u021b\" \/>\n\t<meta name=\"twitter:data1\" content=\"760&nbsp;MDL\" \/>\n\t<meta name=\"twitter:label2\" content=\"Disponibilitate\" \/>\n\t<meta name=\"twitter:data2\" content=\"\u00cen stoc\" \/>\n<script type=\"application\/ld+json\" class=\"yoast-schema-graph\">{\"@context\":\"https:\/\/schema.org\",\"@graph\":[{\"@type\":\"WebPage\",\"@id\":\"https:\/\/xstyle.md\/product\/prihvatki-oval-petromax-aramid-pro-300-potholders\/\",\"url\":\"https:\/\/xstyle.md\/product\/prihvatki-oval-petromax-aramid-pro-300-potholders\/\",\"name\":\"\u041f\u0440\u0438\u0445\u0432\u0430\u0442\u043a\u0438 \u043e\u0432\u0430\u043b Petromax Aramid Pro 300 Potholders - \u041c\u0430\u0433\u0430\u0437\u0438\u043d Xstyle\",\"isPartOf\":{\"@id\":\"https:\/\/xstyle.md\/#website\"},\"primaryImageOfPage\":{\"@id\":\"https:\/\/xstyle.md\/product\/prihvatki-oval-petromax-aramid-pro-300-potholders\/#primaryimage\"},\"image\":{\"@id\":\"https:\/\/xstyle.md\/product\/prihvatki-oval-petromax-aramid-pro-300-potholders\/#primaryimage\"},\"thumbnailUrl\":\"https:\/\/xstyle.md\/wp-content\/uploads\/2021\/04\/petromax_aramid_pro_300_potholders.jpg\",\"datePublished\":\"2021-04-28T13:52:22+00:00\",\"dateModified\":\"2024-10-21T06:42:12+00:00\",\"description\":\"\u041f\u0440\u0438\u0445\u0432\u0430\u0442\u043a\u0438 \u043e\u0432\u0430\u043b Petromax Aramid Pro 300 \u0437\u0430\u0449\u0438\u0449\u0430\u044e\u0442 \u0440\u0443\u043a\u0438 \u0434\u043e 250\u00b0C. \u0418\u0434\u0435\u0430\u043b\u044c\u043d\u044b \u0434\u043b\u044f \u043a\u0443\u0445\u043d\u0438 \u0438 \u043e\u0442\u043a\u0440\u044b\u0442\u043e\u0433\u043e \u043e\u0433\u043d\u044f. \u0423\u0434\u043e\u0431\u0441\u0442\u0432\u043e \u0438 \u0431\u0435\u0437\u043e\u043f\u0430\u0441\u043d\u043e\u0441\u0442\u044c \u0432 \u043a\u0430\u0436\u0434\u043e\u043c \u0431\u043b\u044e\u0434\u0435!\",\"breadcrumb\":{\"@id\":\"https:\/\/xstyle.md\/product\/prihvatki-oval-petromax-aramid-pro-300-potholders\/#breadcrumb\"},\"inLanguage\":\"ro-RO\",\"potentialAction\":[{\"@type\":\"ReadAction\",\"target\":[\"https:\/\/xstyle.md\/product\/prihvatki-oval-petromax-aramid-pro-300-potholders\/\"]}]},{\"@type\":\"ImageObject\",\"inLanguage\":\"ro-RO\",\"@id\":\"https:\/\/xstyle.md\/product\/prihvatki-oval-petromax-aramid-pro-300-potholders\/#primaryimage\",\"url\":\"https:\/\/xstyle.md\/wp-content\/uploads\/2021\/04\/petromax_aramid_pro_300_potholders.jpg\",\"contentUrl\":\"https:\/\/xstyle.md\/wp-content\/uploads\/2021\/04\/petromax_aramid_pro_300_potholders.jpg\",\"width\":1200,\"height\":800},{\"@type\":\"BreadcrumbList\",\"@id\":\"https:\/\/xstyle.md\/product\/prihvatki-oval-petromax-aramid-pro-300-potholders\/#breadcrumb\",\"itemListElement\":[{\"@type\":\"ListItem\",\"position\":1,\"name\":\"\u0413\u043b\u0430\u0432\u043d\u0430\u044f \u0441\u0442\u0440\u0430\u043d\u0438\u0446\u0430\",\"item\":\"https:\/\/xstyle.md\/\"},{\"@type\":\"ListItem\",\"position\":2,\"name\":\"\u041c\u0430\u0433\u0430\u0437\u0438\u043d\",\"item\":\"https:\/\/xstyle.md\/shop\/\"},{\"@type\":\"ListItem\",\"position\":3,\"name\":\"\u041f\u0440\u0438\u0445\u0432\u0430\u0442\u043a\u0438 \u043e\u0432\u0430\u043b Petromax Aramid Pro 300 Potholders\"}]},{\"@type\":\"WebSite\",\"@id\":\"https:\/\/xstyle.md\/#website\",\"url\":\"https:\/\/xstyle.md\/\",\"name\":\"\u041c\u0430\u0433\u0430\u0437\u0438\u043d Xstyle\",\"description\":\"C\u043d\u0430\u0440\u044f\u0436\u0435\u043d\u0438\u0435 \u0434\u043b\u044f \u0442\u0443\u0440\u0438\u0437\u043c\u0430 \u0438 \u044d\u043a\u0441\u0442\u0440\u0435\u043c\u0430\u043b\u044c\u043d\u044b\u0445 \u0432\u0438\u0434\u043e\u0432 \u0441\u043f\u043e\u0440\u0442\u0430 \u0432 \u041c\u043e\u043b\u0434\u043e\u0432\u0435.. \u0426\u0435\u043d\u044b, \u0444\u043e\u0442\u043e, \u0445\u0430\u0440\u0430\u043a\u0442\u0435\u0440\u0438\u0441\u0442\u0438\u043a\u0438 \u0432 \u041c\u043e\u043b\u0434\u043e\u0432\u0435.\",\"publisher\":{\"@id\":\"https:\/\/xstyle.md\/#organization\"},\"alternateName\":\"X-Style\",\"potentialAction\":[{\"@type\":\"SearchAction\",\"target\":{\"@type\":\"EntryPoint\",\"urlTemplate\":\"https:\/\/xstyle.md\/?s={search_term_string}\"},\"query-input\":{\"@type\":\"PropertyValueSpecification\",\"valueRequired\":true,\"valueName\":\"search_term_string\"}}],\"inLanguage\":\"ro-RO\"},{\"@type\":\"Organization\",\"@id\":\"https:\/\/xstyle.md\/#organization\",\"name\":\"\u041c\u0430\u0433\u0430\u0437\u0438\u043d Xstyle\",\"alternateName\":\"x-style\",\"url\":\"https:\/\/xstyle.md\/\",\"logo\":{\"@type\":\"ImageObject\",\"inLanguage\":\"ro-RO\",\"@id\":\"https:\/\/xstyle.md\/#\/schema\/logo\/image\/\",\"url\":\"https:\/\/xstyle.md\/wp-content\/uploads\/2020\/06\/logoicon.svg\",\"contentUrl\":\"https:\/\/xstyle.md\/wp-content\/uploads\/2020\/06\/logoicon.svg\",\"caption\":\"\u041c\u0430\u0433\u0430\u0437\u0438\u043d Xstyle\"},\"image\":{\"@id\":\"https:\/\/xstyle.md\/#\/schema\/logo\/image\/\"},\"sameAs\":[\"https:\/\/www.facebook.com\/xstylemd\",\"https:\/\/www.instagram.com\/xstyle_md\/\",\"https:\/\/t.me\/xstyle_outdoor\"],\"hasMerchantReturnPolicy\":{\"@type\":\"MerchantReturnPolicy\",\"merchantReturnLink\":\"https:\/\/xstyle.md\/ro\/conditions\/\"}}]}<\/script>\n<meta property=\"product:price:amount\" content=\"760.00\" \/>\n<meta property=\"product:price:currency\" content=\"MDL\" \/>\n<meta property=\"og:availability\" content=\"instock\" \/>\n<meta property=\"product:availability\" content=\"instock\" \/>\n<meta property=\"product:retailer_item_id\" content=\"4250435790304\" \/>\n<meta property=\"product:condition\" content=\"new\" \/>\n<!-- \/ Yoast SEO plugin. -->","yoast_head_json":{"title":"M\u0103nu\u0219\u0103 de buc\u0103t\u0103rie Petromax Aramid Pro 300 Potholders - Magazin Xstyle","description":"M\u00e2nerele ovate Petromax Aramid Pro 300 protejeaz\u0103 m\u00e2inile p\u00e2n\u0103 la 250\u00b0C. Sunt ideale pentru buc\u0103t\u0103rie \u0219i foc deschis. Confort \u0219i siguran\u021b\u0103 \u00een fiecare preparat!","robots":{"index":"index","follow":"follow","max-snippet":"max-snippet:-1","max-image-preview":"max-image-preview:large","max-video-preview":"max-video-preview:-1"},"canonical":"https:\/\/xstyle.md\/ro\/produs\/prihvatki-oval-petromax-aramid-pro-300-potholders\/","og_locale":"ro_RO","og_type":"article","og_title":"\u041f\u0440\u0438\u0445\u0432\u0430\u0442\u043a\u0438 \u043e\u0432\u0430\u043b Petromax Aramid Pro 300 Potholders - \u041c\u0430\u0433\u0430\u0437\u0438\u043d Xstyle","og_description":"\u041f\u0440\u0438\u0445\u0432\u0430\u0442\u043a\u0438 \u043e\u0432\u0430\u043b Petromax Aramid Pro 300 \u0437\u0430\u0449\u0438\u0449\u0430\u044e\u0442 \u0440\u0443\u043a\u0438 \u0434\u043e 250\u00b0C. \u0418\u0434\u0435\u0430\u043b\u044c\u043d\u044b \u0434\u043b\u044f \u043a\u0443\u0445\u043d\u0438 \u0438 \u043e\u0442\u043a\u0440\u044b\u0442\u043e\u0433\u043e \u043e\u0433\u043d\u044f. \u0423\u0434\u043e\u0431\u0441\u0442\u0432\u043e \u0438 \u0431\u0435\u0437\u043e\u043f\u0430\u0441\u043d\u043e\u0441\u0442\u044c \u0432 \u043a\u0430\u0436\u0434\u043e\u043c \u0431\u043b\u044e\u0434\u0435!","og_url":"https:\/\/xstyle.md\/ro\/produs\/prihvatki-oval-petromax-aramid-pro-300-potholders\/","og_site_name":"\u041c\u0430\u0433\u0430\u0437\u0438\u043d Xstyle","article_publisher":"https:\/\/www.facebook.com\/xstylemd","article_modified_time":"2024-10-21T06:42:12+00:00","og_image":[{"width":1200,"height":800,"url":"https:\/\/xstyle.md\/wp-content\/uploads\/2021\/04\/petromax_aramid_pro_300_potholders.jpg","type":"image\/jpeg"}],"twitter_card":"summary_large_image","twitter_misc":{"Pre\u021b":"760&nbsp;MDL","Disponibilitate":"\u00cen stoc"},"schema":{"@context":"https:\/\/schema.org","@graph":[{"@type":"WebPage","@id":"https:\/\/xstyle.md\/product\/prihvatki-oval-petromax-aramid-pro-300-potholders\/","url":"https:\/\/xstyle.md\/product\/prihvatki-oval-petromax-aramid-pro-300-potholders\/","name":"M\u0103nu\u0219\u0103 de buc\u0103t\u0103rie Petromax Aramid Pro 300 Potholders - Magazin Xstyle","isPartOf":{"@id":"https:\/\/xstyle.md\/#website"},"primaryImageOfPage":{"@id":"https:\/\/xstyle.md\/product\/prihvatki-oval-petromax-aramid-pro-300-potholders\/#primaryimage"},"image":{"@id":"https:\/\/xstyle.md\/product\/prihvatki-oval-petromax-aramid-pro-300-potholders\/#primaryimage"},"thumbnailUrl":"https:\/\/xstyle.md\/wp-content\/uploads\/2021\/04\/petromax_aramid_pro_300_potholders.jpg","datePublished":"2021-04-28T13:52:22+00:00","dateModified":"2024-10-21T06:42:12+00:00","description":"M\u00e2nerele ovate Petromax Aramid Pro 300 protejeaz\u0103 m\u00e2inile p\u00e2n\u0103 la 250\u00b0C. Sunt ideale pentru buc\u0103t\u0103rie \u0219i foc deschis. Confort \u0219i siguran\u021b\u0103 \u00een fiecare preparat!","breadcrumb":{"@id":"https:\/\/xstyle.md\/product\/prihvatki-oval-petromax-aramid-pro-300-potholders\/#breadcrumb"},"inLanguage":"ro-RO","potentialAction":[{"@type":"ReadAction","target":["https:\/\/xstyle.md\/product\/prihvatki-oval-petromax-aramid-pro-300-potholders\/"]}]},{"@type":"ImageObject","inLanguage":"ro-RO","@id":"https:\/\/xstyle.md\/product\/prihvatki-oval-petromax-aramid-pro-300-potholders\/#primaryimage","url":"https:\/\/xstyle.md\/wp-content\/uploads\/2021\/04\/petromax_aramid_pro_300_potholders.jpg","contentUrl":"https:\/\/xstyle.md\/wp-content\/uploads\/2021\/04\/petromax_aramid_pro_300_potholders.jpg","width":1200,"height":800},{"@type":"BreadcrumbList","@id":"https:\/\/xstyle.md\/product\/prihvatki-oval-petromax-aramid-pro-300-potholders\/#breadcrumb","itemListElement":[{"@type":"ListItem","position":1,"name":"\u0413\u043b\u0430\u0432\u043d\u0430\u044f \u0441\u0442\u0440\u0430\u043d\u0438\u0446\u0430","item":"https:\/\/xstyle.md\/"},{"@type":"ListItem","position":2,"name":"\u041c\u0430\u0433\u0430\u0437\u0438\u043d","item":"https:\/\/xstyle.md\/shop\/"},{"@type":"ListItem","position":3,"name":"\u041f\u0440\u0438\u0445\u0432\u0430\u0442\u043a\u0438 \u043e\u0432\u0430\u043b Petromax Aramid Pro 300 Potholders"}]},{"@type":"WebSite","@id":"https:\/\/xstyle.md\/#website","url":"https:\/\/xstyle.md\/","name":"Magazinul X-Style","description":"Echipamente pentru turism \u0219i sporturi extreme \u00een Moldova. Pre\u021buri, fotografii, caracteristici \u00een Moldova.","publisher":{"@id":"https:\/\/xstyle.md\/#organization"},"alternateName":"X-Style","potentialAction":[{"@type":"SearchAction","target":{"@type":"EntryPoint","urlTemplate":"https:\/\/xstyle.md\/?s={search_term_string}"},"query-input":{"@type":"PropertyValueSpecification","valueRequired":true,"valueName":"search_term_string"}}],"inLanguage":"ro-RO"},{"@type":"Organization","@id":"https:\/\/xstyle.md\/#organization","name":"Magazinul X-Style","alternateName":"x-style","url":"https:\/\/xstyle.md\/","logo":{"@type":"ImageObject","inLanguage":"ro-RO","@id":"https:\/\/xstyle.md\/#\/schema\/logo\/image\/","url":"https:\/\/xstyle.md\/wp-content\/uploads\/2020\/06\/logoicon.svg","contentUrl":"https:\/\/xstyle.md\/wp-content\/uploads\/2020\/06\/logoicon.svg","caption":"\u041c\u0430\u0433\u0430\u0437\u0438\u043d Xstyle"},"image":{"@id":"https:\/\/xstyle.md\/#\/schema\/logo\/image\/"},"sameAs":["https:\/\/www.facebook.com\/xstylemd","https:\/\/www.instagram.com\/xstyle_md\/","https:\/\/t.me\/xstyle_outdoor"],"hasMerchantReturnPolicy":{"@type":"MerchantReturnPolicy","merchantReturnLink":"https:\/\/xstyle.md\/ro\/conditions\/"}}]},"product_price_amount":"760.00","product_price_currency":"MDL","og_availability":"instock","product_availability":"instock","product_retailer_item_id":"4250435790304","product_condition":"new"},"post_mailing_queue_ids":[],"_links":{"self":[{"href":"https:\/\/xstyle.md\/ro\/wp-json\/wp\/v2\/product\/31214","targetHints":{"allow":["GET"]}}],"collection":[{"href":"https:\/\/xstyle.md\/ro\/wp-json\/wp\/v2\/product"}],"about":[{"href":"https:\/\/xstyle.md\/ro\/wp-json\/wp\/v2\/types\/product"}],"replies":[{"embeddable":true,"href":"https:\/\/xstyle.md\/ro\/wp-json\/wp\/v2\/comments?post=31214"}],"wp:featuredmedia":[{"embeddable":true,"href":"https:\/\/xstyle.md\/ro\/wp-json\/wp\/v2\/media\/31213"}],"wp:attachment":[{"href":"https:\/\/xstyle.md\/ro\/wp-json\/wp\/v2\/media?parent=31214"}],"wp:term":[{"taxonomy":"product_brand","embeddable":true,"href":"https:\/\/xstyle.md\/ro\/wp-json\/wp\/v2\/product_brand?post=31214"},{"taxonomy":"product_cat","embeddable":true,"href":"https:\/\/xstyle.md\/ro\/wp-json\/wp\/v2\/product_cat?post=31214"},{"taxonomy":"product_tag","embeddable":true,"href":"https:\/\/xstyle.md\/ro\/wp-json\/wp\/v2\/product_tag?post=31214"}],"curies":[{"name":"wp","href":"https:\/\/api.w.org\/{rel}","templated":true}]}}