{"id":31179,"date":"2021-04-28T16:51:14","date_gmt":"2021-04-28T13:51:14","guid":{"rendered":"https:\/\/xstyle.md\/product\/fonarik-munkees-mini-solar-dynamo-flashlight\/"},"modified":"2026-03-19T16:25:32","modified_gmt":"2026-03-19T13:25:32","slug":"fonarik-munkees-mini-solar-dynamo-flashlight","status":"publish","type":"product","link":"https:\/\/xstyle.md\/ro\/produs\/fonarik-munkees-mini-solar-dynamo-flashlight\/","title":{"rendered":"Lantern\u0103 Munkees Mini Solar dynamo Flashlight"},"content":{"rendered":"<p><\/p>\n<p><strong>Munkees Mini Solar Dynamo Flashlight<\/strong> &#8212; este un breloc-lantern\u0103 practic, dotat cu un inel pentru chei. Aceast\u0103 lantern\u0103 de buzunar miniatural\u0103 este un accesoriu util care poate fi de mare ajutor \u00een situa\u021bii de urgen\u021b\u0103 \u00een drume\u021bii, camping, \u00een ma\u0219in\u0103 sau chiar acas\u0103 \u00een cazul unei pene de curent. \u00cenc\u0103rcarea lanternei se realizeaz\u0103 prin dou\u0103 metode: prin rotirea manetei dinam sau prin intermediul panourilor solare situate pe partea superioar\u0103 a lanternei.<\/p>\n<h3>Particularit\u0103\u021bi<\/h3>\n<ul>\n<li>Lantern\u0103 cu dou\u0103 diode (LED-uri)<\/li>\n<li>Func\u021bioneaz\u0103 prin rotirea manetei sau prin \u00eenc\u0103rcare solar\u0103<\/li>\n<li>Nu necesit\u0103 baterii (pentru func\u021bionarea LED-urilor principale prin dinam\/solar)<\/li>\n<li>Pornire simpl\u0103 de la butonul lateral<\/li>\n<li>Echipat\u0103 cu inel pentru fixarea cheilor<\/li>\n<\/ul>\n<h3>Caracteristici<\/h3>\n<ul>\n<li>Elemente de alimentare \u2013 CR2032<\/li>\n<li>Dimensiuni \u2013 45 x 30 x 23 mm<\/li>\n<li>Greutate \u2013 25 g<\/li>\n<\/ul>\n<p><\/p>\n<h3>Marca<\/h3>\n<p>Produse\u00a0<strong>Munkees<\/strong>\u00a0- sunt acele accesorii mici \u0219i utile care \u00ee\u021bi sunt mereu la \u00eendem\u00e2n\u0103 atunci c\u00e2nd ai nevoie. Sunt ca un talisman pe care \u00eel po\u021bi purta pretutindeni, ata\u0219at de brelocul cheilor. S\u0103 alegi un cadou \u00eempreun\u0103 cu Munkees este o adev\u0103rat\u0103 pl\u0103cere. Cunosc\u00e2nd hobby-urile unui prieten (fie c\u0103 este vorba de fotbal, animale etc.), vei putea g\u0103si \u00eentotdeauna exact brelocul care i se potrive\u0219te! Nu \u0219tii ce s\u0103-i d\u0103ruie\u0219ti copilului unor cuno\u0219tin\u021be? Niciun micu\u021b nu va r\u0103m\u00e2ne indiferent \u00een fa\u021ba acestor accesorii viu colorate! Aproape fiecare model este disponibil \u00een mai multe variante de culori. Bucur\u0103-te aleg\u00e2nd un breloc Munkees pentru tine sau pentru un prieten, fie c\u0103 este vorba despre desf\u0103c\u0103toare amuzante, carabiniere decorative \u00een diverse forme, fluiere, mini-lanterne \u0219i multe altele.<\/p>","protected":false},"excerpt":{"rendered":"<p>Lantern\u0103 Munkees Mini Solar dynamo Flashlight<\/p>","protected":false},"featured_media":31177,"comment_status":"open","ping_status":"closed","template":"","meta":{"_acf_changed":false,"inline_featured_image":false},"product_brand":[1287],"product_cat":[218],"product_tag":[],"class_list":{"0":"post-31179","1":"product","2":"type-product","3":"status-publish","4":"has-post-thumbnail","6":"product_brand-munkees","7":"product_cat-whistles-flashlights","9":"first","10":"outofstock","11":"shipping-taxable","12":"product-type-simple"},"acf":[],"yoast_head":"<!-- This site is optimized with the Yoast SEO plugin v27.4 - https:\/\/yoast.com\/product\/yoast-seo-wordpress\/ -->\n<title>\u0424\u043e\u043d\u0430\u0440\u0438\u043a Munkees Mini Solar dynamo Flashlight - \u041c\u0430\u0433\u0430\u0437\u0438\u043d Xstyle<\/title>\n<meta name=\"description\" content=\"\u041c\u0438\u043d\u0438 \u0444\u043e\u043d\u0430\u0440\u0438\u043a Munkees Mini Solar - \u0434\u0438\u043d\u0430\u043c\u043e \u0441 \u0441\u043e\u043b\u043d\u0435\u0447\u043d\u043e\u0439 \u0431\u0430\u0442\u0430\u0440\u0435\u0435\u0439. \u041a\u043e\u043c\u043f\u0430\u043a\u0442\u043d\u044b\u0439, \u043b\u0435\u0433\u043a\u0438\u0439 \u0438 \u043d\u0430\u0434\u0435\u0436\u043d\u044b\u0439. \u041e\u0442\u043b\u0438\u0447\u043d\u044b\u0439 \u0432\u044b\u0431\u043e\u0440 \u0434\u043b\u044f \u0442\u0443\u0440\u0438\u0441\u0442\u043e\u0432 \u0438 \u043e\u0442\u0434\u044b\u0445\u0430 \u043d\u0430 \u043f\u0440\u0438\u0440\u043e\u0434\u0435!\" \/>\n<meta name=\"robots\" content=\"index, follow, max-snippet:-1, max-image-preview:large, max-video-preview:-1\" \/>\n<link rel=\"canonical\" href=\"https:\/\/xstyle.md\/ro\/produs\/fonarik-munkees-mini-solar-dynamo-flashlight\/\" \/>\n<meta property=\"og:locale\" content=\"ro_RO\" \/>\n<meta property=\"og:type\" content=\"article\" \/>\n<meta property=\"og:title\" content=\"\u0424\u043e\u043d\u0430\u0440\u0438\u043a Munkees Mini Solar dynamo Flashlight - \u041c\u0430\u0433\u0430\u0437\u0438\u043d Xstyle\" \/>\n<meta property=\"og:description\" content=\"\u041c\u0438\u043d\u0438 \u0444\u043e\u043d\u0430\u0440\u0438\u043a Munkees Mini Solar - \u0434\u0438\u043d\u0430\u043c\u043e \u0441 \u0441\u043e\u043b\u043d\u0435\u0447\u043d\u043e\u0439 \u0431\u0430\u0442\u0430\u0440\u0435\u0435\u0439. \u041a\u043e\u043c\u043f\u0430\u043a\u0442\u043d\u044b\u0439, \u043b\u0435\u0433\u043a\u0438\u0439 \u0438 \u043d\u0430\u0434\u0435\u0436\u043d\u044b\u0439. \u041e\u0442\u043b\u0438\u0447\u043d\u044b\u0439 \u0432\u044b\u0431\u043e\u0440 \u0434\u043b\u044f \u0442\u0443\u0440\u0438\u0441\u0442\u043e\u0432 \u0438 \u043e\u0442\u0434\u044b\u0445\u0430 \u043d\u0430 \u043f\u0440\u0438\u0440\u043e\u0434\u0435!\" \/>\n<meta property=\"og:url\" content=\"https:\/\/xstyle.md\/ro\/produs\/fonarik-munkees-mini-solar-dynamo-flashlight\/\" \/>\n<meta property=\"og:site_name\" content=\"\u041c\u0430\u0433\u0430\u0437\u0438\u043d Xstyle\" \/>\n<meta property=\"article:publisher\" content=\"https:\/\/www.facebook.com\/xstylemd\" \/>\n<meta property=\"article:modified_time\" content=\"2026-03-19T13:25:32+00:00\" \/>\n<meta property=\"og:image\" content=\"https:\/\/xstyle.md\/wp-content\/uploads\/2021\/04\/munkees_mini_solar_dynamo_flashlight.jpg\" \/>\n\t<meta property=\"og:image:width\" content=\"530\" \/>\n\t<meta property=\"og:image:height\" content=\"600\" \/>\n\t<meta property=\"og:image:type\" content=\"image\/jpeg\" \/>\n<meta name=\"twitter:card\" content=\"summary_large_image\" \/>\n<meta name=\"twitter:label1\" content=\"Pre\u021b\" \/>\n\t<meta name=\"twitter:data1\" content=\"195&nbsp;MDL\" \/>\n\t<meta name=\"twitter:label2\" content=\"Disponibilitate\" \/>\n\t<meta name=\"twitter:data2\" content=\"Stoc epuizat\" \/>\n<script type=\"application\/ld+json\" class=\"yoast-schema-graph\">{\"@context\":\"https:\\\/\\\/schema.org\",\"@graph\":[{\"@type\":\"WebPage\",\"@id\":\"https:\\\/\\\/xstyle.md\\\/product\\\/fonarik-munkees-mini-solar-dynamo-flashlight\\\/\",\"url\":\"https:\\\/\\\/xstyle.md\\\/product\\\/fonarik-munkees-mini-solar-dynamo-flashlight\\\/\",\"name\":\"\u0424\u043e\u043d\u0430\u0440\u0438\u043a Munkees Mini Solar dynamo Flashlight - \u041c\u0430\u0433\u0430\u0437\u0438\u043d Xstyle\",\"isPartOf\":{\"@id\":\"https:\\\/\\\/xstyle.md\\\/#website\"},\"primaryImageOfPage\":{\"@id\":\"https:\\\/\\\/xstyle.md\\\/product\\\/fonarik-munkees-mini-solar-dynamo-flashlight\\\/#primaryimage\"},\"image\":{\"@id\":\"https:\\\/\\\/xstyle.md\\\/product\\\/fonarik-munkees-mini-solar-dynamo-flashlight\\\/#primaryimage\"},\"thumbnailUrl\":\"https:\\\/\\\/xstyle.md\\\/wp-content\\\/uploads\\\/2021\\\/04\\\/munkees_mini_solar_dynamo_flashlight.jpg\",\"datePublished\":\"2021-04-28T13:51:14+00:00\",\"dateModified\":\"2026-03-19T13:25:32+00:00\",\"description\":\"\u041c\u0438\u043d\u0438 \u0444\u043e\u043d\u0430\u0440\u0438\u043a Munkees Mini Solar - \u0434\u0438\u043d\u0430\u043c\u043e \u0441 \u0441\u043e\u043b\u043d\u0435\u0447\u043d\u043e\u0439 \u0431\u0430\u0442\u0430\u0440\u0435\u0435\u0439. \u041a\u043e\u043c\u043f\u0430\u043a\u0442\u043d\u044b\u0439, \u043b\u0435\u0433\u043a\u0438\u0439 \u0438 \u043d\u0430\u0434\u0435\u0436\u043d\u044b\u0439. \u041e\u0442\u043b\u0438\u0447\u043d\u044b\u0439 \u0432\u044b\u0431\u043e\u0440 \u0434\u043b\u044f \u0442\u0443\u0440\u0438\u0441\u0442\u043e\u0432 \u0438 \u043e\u0442\u0434\u044b\u0445\u0430 \u043d\u0430 \u043f\u0440\u0438\u0440\u043e\u0434\u0435!\",\"breadcrumb\":{\"@id\":\"https:\\\/\\\/xstyle.md\\\/product\\\/fonarik-munkees-mini-solar-dynamo-flashlight\\\/#breadcrumb\"},\"inLanguage\":\"ro-RO\",\"potentialAction\":[{\"@type\":\"ReadAction\",\"target\":[\"https:\\\/\\\/xstyle.md\\\/product\\\/fonarik-munkees-mini-solar-dynamo-flashlight\\\/\"]}]},{\"@type\":\"ImageObject\",\"inLanguage\":\"ro-RO\",\"@id\":\"https:\\\/\\\/xstyle.md\\\/product\\\/fonarik-munkees-mini-solar-dynamo-flashlight\\\/#primaryimage\",\"url\":\"https:\\\/\\\/xstyle.md\\\/wp-content\\\/uploads\\\/2021\\\/04\\\/munkees_mini_solar_dynamo_flashlight.jpg\",\"contentUrl\":\"https:\\\/\\\/xstyle.md\\\/wp-content\\\/uploads\\\/2021\\\/04\\\/munkees_mini_solar_dynamo_flashlight.jpg\",\"width\":530,\"height\":600},{\"@type\":\"BreadcrumbList\",\"@id\":\"https:\\\/\\\/xstyle.md\\\/product\\\/fonarik-munkees-mini-solar-dynamo-flashlight\\\/#breadcrumb\",\"itemListElement\":[{\"@type\":\"ListItem\",\"position\":1,\"name\":\"\u0413\u043b\u0430\u0432\u043d\u0430\u044f \u0441\u0442\u0440\u0430\u043d\u0438\u0446\u0430\",\"item\":\"https:\\\/\\\/xstyle.md\\\/\"},{\"@type\":\"ListItem\",\"position\":2,\"name\":\"\u041c\u0430\u0433\u0430\u0437\u0438\u043d\",\"item\":\"https:\\\/\\\/xstyle.md\\\/shop\\\/\"},{\"@type\":\"ListItem\",\"position\":3,\"name\":\"\u0424\u043e\u043d\u0430\u0440\u0438\u043a Munkees Mini Solar dynamo Flashlight\"}]},{\"@type\":\"WebSite\",\"@id\":\"https:\\\/\\\/xstyle.md\\\/#website\",\"url\":\"https:\\\/\\\/xstyle.md\\\/\",\"name\":\"\u041c\u0430\u0433\u0430\u0437\u0438\u043d Xstyle\",\"description\":\"C\u043d\u0430\u0440\u044f\u0436\u0435\u043d\u0438\u0435 \u0434\u043b\u044f \u0442\u0443\u0440\u0438\u0437\u043c\u0430 \u0438 \u044d\u043a\u0441\u0442\u0440\u0435\u043c\u0430\u043b\u044c\u043d\u044b\u0445 \u0432\u0438\u0434\u043e\u0432 \u0441\u043f\u043e\u0440\u0442\u0430 \u0432 \u041c\u043e\u043b\u0434\u043e\u0432\u0435.. \u0426\u0435\u043d\u044b, \u0444\u043e\u0442\u043e, \u0445\u0430\u0440\u0430\u043a\u0442\u0435\u0440\u0438\u0441\u0442\u0438\u043a\u0438 \u0432 \u041c\u043e\u043b\u0434\u043e\u0432\u0435.\",\"publisher\":{\"@id\":\"https:\\\/\\\/xstyle.md\\\/#organization\"},\"alternateName\":\"X-Style\",\"potentialAction\":[{\"@type\":\"SearchAction\",\"target\":{\"@type\":\"EntryPoint\",\"urlTemplate\":\"https:\\\/\\\/xstyle.md\\\/?s={search_term_string}\"},\"query-input\":{\"@type\":\"PropertyValueSpecification\",\"valueRequired\":true,\"valueName\":\"search_term_string\"}}],\"inLanguage\":\"ro-RO\"},{\"@type\":\"Organization\",\"@id\":\"https:\\\/\\\/xstyle.md\\\/#organization\",\"name\":\"\u041c\u0430\u0433\u0430\u0437\u0438\u043d Xstyle\",\"alternateName\":\"x-style\",\"url\":\"https:\\\/\\\/xstyle.md\\\/\",\"logo\":{\"@type\":\"ImageObject\",\"inLanguage\":\"ro-RO\",\"@id\":\"https:\\\/\\\/xstyle.md\\\/#\\\/schema\\\/logo\\\/image\\\/\",\"url\":\"https:\\\/\\\/xstyle.md\\\/wp-content\\\/uploads\\\/2020\\\/06\\\/logoicon.svg\",\"contentUrl\":\"https:\\\/\\\/xstyle.md\\\/wp-content\\\/uploads\\\/2020\\\/06\\\/logoicon.svg\",\"caption\":\"\u041c\u0430\u0433\u0430\u0437\u0438\u043d Xstyle\"},\"image\":{\"@id\":\"https:\\\/\\\/xstyle.md\\\/#\\\/schema\\\/logo\\\/image\\\/\"},\"sameAs\":[\"https:\\\/\\\/www.facebook.com\\\/xstylemd\",\"https:\\\/\\\/www.instagram.com\\\/xstyle_md\\\/\",\"https:\\\/\\\/t.me\\\/xstyle_outdoor\"],\"hasMerchantReturnPolicy\":{\"@type\":\"MerchantReturnPolicy\",\"merchantReturnLink\":\"https:\\\/\\\/xstyle.md\\\/ro\\\/conditions\\\/\"}}]}<\/script>\n<meta property=\"product:price:amount\" content=\"195.00\" \/>\n<meta property=\"product:price:currency\" content=\"MDL\" \/>\n<meta property=\"og:availability\" content=\"out of stock\" \/>\n<meta property=\"product:availability\" content=\"out of stock\" \/>\n<meta property=\"product:retailer_item_id\" content=\"6932057811015\" \/>\n<meta property=\"product:condition\" content=\"new\" \/>\n<!-- \/ Yoast SEO plugin. -->","yoast_head_json":{"title":"\u0424\u043e\u043d\u0430\u0440\u0438\u043a Munkees Mini Solar dynamo Flashlight - \u041c\u0430\u0433\u0430\u0437\u0438\u043d Xstyle","description":"Mini lantern\u0103 Munkees Mini Solar - dinamo cu panou solar. Compact\u0103, u\u0219oar\u0103 \u0219i fiabil\u0103. O alegere excelent\u0103 pentru turi\u0219ti \u0219i pentru petrecerea timpului \u00een natur\u0103!","robots":{"index":"index","follow":"follow","max-snippet":"max-snippet:-1","max-image-preview":"max-image-preview:large","max-video-preview":"max-video-preview:-1"},"canonical":"https:\/\/xstyle.md\/ro\/produs\/fonarik-munkees-mini-solar-dynamo-flashlight\/","og_locale":"ro_RO","og_type":"article","og_title":"\u0424\u043e\u043d\u0430\u0440\u0438\u043a Munkees Mini Solar dynamo Flashlight - \u041c\u0430\u0433\u0430\u0437\u0438\u043d Xstyle","og_description":"\u041c\u0438\u043d\u0438 \u0444\u043e\u043d\u0430\u0440\u0438\u043a Munkees Mini Solar - \u0434\u0438\u043d\u0430\u043c\u043e \u0441 \u0441\u043e\u043b\u043d\u0435\u0447\u043d\u043e\u0439 \u0431\u0430\u0442\u0430\u0440\u0435\u0435\u0439. \u041a\u043e\u043c\u043f\u0430\u043a\u0442\u043d\u044b\u0439, \u043b\u0435\u0433\u043a\u0438\u0439 \u0438 \u043d\u0430\u0434\u0435\u0436\u043d\u044b\u0439. \u041e\u0442\u043b\u0438\u0447\u043d\u044b\u0439 \u0432\u044b\u0431\u043e\u0440 \u0434\u043b\u044f \u0442\u0443\u0440\u0438\u0441\u0442\u043e\u0432 \u0438 \u043e\u0442\u0434\u044b\u0445\u0430 \u043d\u0430 \u043f\u0440\u0438\u0440\u043e\u0434\u0435!","og_url":"https:\/\/xstyle.md\/ro\/produs\/fonarik-munkees-mini-solar-dynamo-flashlight\/","og_site_name":"\u041c\u0430\u0433\u0430\u0437\u0438\u043d Xstyle","article_publisher":"https:\/\/www.facebook.com\/xstylemd","article_modified_time":"2026-03-19T13:25:32+00:00","og_image":[{"width":530,"height":600,"url":"https:\/\/xstyle.md\/wp-content\/uploads\/2021\/04\/munkees_mini_solar_dynamo_flashlight.jpg","type":"image\/jpeg"}],"twitter_card":"summary_large_image","twitter_misc":{"Pre\u021b":"195&nbsp;MDL","Disponibilitate":"Stoc epuizat"},"schema":{"@context":"https:\/\/schema.org","@graph":[{"@type":"WebPage","@id":"https:\/\/xstyle.md\/product\/fonarik-munkees-mini-solar-dynamo-flashlight\/","url":"https:\/\/xstyle.md\/product\/fonarik-munkees-mini-solar-dynamo-flashlight\/","name":"\u0424\u043e\u043d\u0430\u0440\u0438\u043a Munkees Mini Solar dynamo Flashlight - \u041c\u0430\u0433\u0430\u0437\u0438\u043d Xstyle","isPartOf":{"@id":"https:\/\/xstyle.md\/#website"},"primaryImageOfPage":{"@id":"https:\/\/xstyle.md\/product\/fonarik-munkees-mini-solar-dynamo-flashlight\/#primaryimage"},"image":{"@id":"https:\/\/xstyle.md\/product\/fonarik-munkees-mini-solar-dynamo-flashlight\/#primaryimage"},"thumbnailUrl":"https:\/\/xstyle.md\/wp-content\/uploads\/2021\/04\/munkees_mini_solar_dynamo_flashlight.jpg","datePublished":"2021-04-28T13:51:14+00:00","dateModified":"2026-03-19T13:25:32+00:00","description":"Mini lantern\u0103 Munkees Mini Solar - dinamo cu panou solar. Compact\u0103, u\u0219oar\u0103 \u0219i fiabil\u0103. O alegere excelent\u0103 pentru turi\u0219ti \u0219i pentru petrecerea timpului \u00een natur\u0103!","breadcrumb":{"@id":"https:\/\/xstyle.md\/product\/fonarik-munkees-mini-solar-dynamo-flashlight\/#breadcrumb"},"inLanguage":"ro-RO","potentialAction":[{"@type":"ReadAction","target":["https:\/\/xstyle.md\/product\/fonarik-munkees-mini-solar-dynamo-flashlight\/"]}]},{"@type":"ImageObject","inLanguage":"ro-RO","@id":"https:\/\/xstyle.md\/product\/fonarik-munkees-mini-solar-dynamo-flashlight\/#primaryimage","url":"https:\/\/xstyle.md\/wp-content\/uploads\/2021\/04\/munkees_mini_solar_dynamo_flashlight.jpg","contentUrl":"https:\/\/xstyle.md\/wp-content\/uploads\/2021\/04\/munkees_mini_solar_dynamo_flashlight.jpg","width":530,"height":600},{"@type":"BreadcrumbList","@id":"https:\/\/xstyle.md\/product\/fonarik-munkees-mini-solar-dynamo-flashlight\/#breadcrumb","itemListElement":[{"@type":"ListItem","position":1,"name":"\u0413\u043b\u0430\u0432\u043d\u0430\u044f \u0441\u0442\u0440\u0430\u043d\u0438\u0446\u0430","item":"https:\/\/xstyle.md\/"},{"@type":"ListItem","position":2,"name":"\u041c\u0430\u0433\u0430\u0437\u0438\u043d","item":"https:\/\/xstyle.md\/shop\/"},{"@type":"ListItem","position":3,"name":"\u0424\u043e\u043d\u0430\u0440\u0438\u043a Munkees Mini Solar dynamo Flashlight"}]},{"@type":"WebSite","@id":"https:\/\/xstyle.md\/#website","url":"https:\/\/xstyle.md\/","name":"Magazinul X-Style","description":"Echipamente pentru turism \u0219i sporturi extreme \u00een Moldova. Pre\u021buri, fotografii, caracteristici \u00een Moldova.","publisher":{"@id":"https:\/\/xstyle.md\/#organization"},"alternateName":"X-Style","potentialAction":[{"@type":"SearchAction","target":{"@type":"EntryPoint","urlTemplate":"https:\/\/xstyle.md\/?s={search_term_string}"},"query-input":{"@type":"PropertyValueSpecification","valueRequired":true,"valueName":"search_term_string"}}],"inLanguage":"ro-RO"},{"@type":"Organization","@id":"https:\/\/xstyle.md\/#organization","name":"Magazinul X-Style","alternateName":"x-style","url":"https:\/\/xstyle.md\/","logo":{"@type":"ImageObject","inLanguage":"ro-RO","@id":"https:\/\/xstyle.md\/#\/schema\/logo\/image\/","url":"https:\/\/xstyle.md\/wp-content\/uploads\/2020\/06\/logoicon.svg","contentUrl":"https:\/\/xstyle.md\/wp-content\/uploads\/2020\/06\/logoicon.svg","caption":"\u041c\u0430\u0433\u0430\u0437\u0438\u043d Xstyle"},"image":{"@id":"https:\/\/xstyle.md\/#\/schema\/logo\/image\/"},"sameAs":["https:\/\/www.facebook.com\/xstylemd","https:\/\/www.instagram.com\/xstyle_md\/","https:\/\/t.me\/xstyle_outdoor"],"hasMerchantReturnPolicy":{"@type":"MerchantReturnPolicy","merchantReturnLink":"https:\/\/xstyle.md\/ro\/conditions\/"}}]},"product_price_amount":"195.00","product_price_currency":"MDL","og_availability":"out of stock","product_availability":"out of stock","product_retailer_item_id":"6932057811015","product_condition":"new"},"_links":{"self":[{"href":"https:\/\/xstyle.md\/ro\/wp-json\/wp\/v2\/product\/31179","targetHints":{"allow":["GET"]}}],"collection":[{"href":"https:\/\/xstyle.md\/ro\/wp-json\/wp\/v2\/product"}],"about":[{"href":"https:\/\/xstyle.md\/ro\/wp-json\/wp\/v2\/types\/product"}],"replies":[{"embeddable":true,"href":"https:\/\/xstyle.md\/ro\/wp-json\/wp\/v2\/comments?post=31179"}],"wp:featuredmedia":[{"embeddable":true,"href":"https:\/\/xstyle.md\/ro\/wp-json\/wp\/v2\/media\/31177"}],"wp:attachment":[{"href":"https:\/\/xstyle.md\/ro\/wp-json\/wp\/v2\/media?parent=31179"}],"wp:term":[{"taxonomy":"product_brand","embeddable":true,"href":"https:\/\/xstyle.md\/ro\/wp-json\/wp\/v2\/product_brand?post=31179"},{"taxonomy":"product_cat","embeddable":true,"href":"https:\/\/xstyle.md\/ro\/wp-json\/wp\/v2\/product_cat?post=31179"},{"taxonomy":"product_tag","embeddable":true,"href":"https:\/\/xstyle.md\/ro\/wp-json\/wp\/v2\/product_tag?post=31179"}],"curies":[{"name":"wp","href":"https:\/\/api.w.org\/{rel}","templated":true}]}}