{"id":3102,"date":"2020-07-16T17:40:35","date_gmt":"2020-07-16T14:40:35","guid":{"rendered":"https:\/\/xstyle.md\/product\/vedro-skladnoe-sea-to-summit-ultra-sil-kitchen-sink"},"modified":"2024-10-28T20:53:37","modified_gmt":"2024-10-28T17:53:37","slug":"vedro-skladnoe-sea-to-summit-ultra-sil-kitchen-sink","status":"publish","type":"product","link":"https:\/\/xstyle.md\/ro\/produs\/vedro-skladnoe-sea-to-summit-ultra-sil-kitchen-sink\/","title":{"rendered":"C\u0103ldare pliabil\u0103 Sea To Summit Ultra Sil Kitchen Sink 10L"},"content":{"rendered":"<\/p>\n<p><strong>Sea To Summit Ultra-Sil Kitchen Sink <\/strong>&#8212; o c\u0103ldare pliabil\u0103 ultrau\u0219oar\u0103 care poate fi luat\u0103 cu dvs. \u00een camping sau \u00een drume\u021bii. Poate fi folosit\u0103 pentru sp\u0103lare \u0219i sc\u0103ldatul \u00een condi\u021bii de camping, pentru sp\u0103larea vaselor \u00een timpul unei excursii cu cortul sau pentru a stoca ap\u0103. Materialul u\u0219or, dar durabil, face ca Ultra-Sil Kitchen Sink s\u0103 fie cu 63% mai u\u0219oar\u0103 dec\u00e2t chiuveta standard Sea To Summit Kitchen Sink 10L.<\/p>\n<h3>Particularit\u0103\u021bi<\/h3>\n<ul>\n<li>Nu se \u00eendoaie sub greutatea apei<\/li>\n<li>Cus\u0103turi sudate, 100% impermeabile \u0219i etan\u0219e la aer<\/li>\n<li>M\u00e2nere rezistente pentru transportul apei<\/li>\n<li>Include un capac<\/li>\n<li>Poate fi utilizat cu ap\u0103 cald\u0103 (60\u00b0C) \u0219i detergen\u021bi<\/li>\n<li>Sigur pentru organism (f\u0103r\u0103 PVC)<\/li>\n<li>U\u0219or, se pliaz\u0103 compact, ocup\u0103 foarte pu\u021bin spa\u021biu atunci c\u00e2nd este asamblat.<\/li>\n<\/ul>\n<h3>Caracteristici<\/h3>\n<ul>\n<li>Material &#8212; Ultra-Sil 30D Cordura<\/li>\n<li>Capacitate &#8212; 10 l<\/li>\n<li>Greutate &#8212; 49 g.<\/li>\n<\/ul>\n<h3>Marca<\/h3>\n<p>Sea to Summit este o marc\u0103 fondat\u0103 \u00een 1990 \u00een Australia. Ofer\u0103 echipamente unice \u0219i utile pentru turism \u0219i c\u0103l\u0103torii: huse impermeabile, prosoape din microfibr\u0103, ustensile pliabile din silicon, gen\u021bi, rucsacuri, corturi, saci de dormit. Fiecare articol proiectat \u00een cadrul companiei are o greutate minim\u0103 \u0219i o func\u021bionalitate maxim\u0103.<\/p>\n<p><\/p>","protected":false},"excerpt":{"rendered":"<p>C\u0103ldare pliabil\u0103 Sea To Summit Ultra Sil Kitchen Sink 10L<\/p>","protected":false},"featured_media":3097,"comment_status":"open","ping_status":"closed","template":"","meta":{"_acf_changed":false,"inline_featured_image":false},"product_brand":[1281],"product_cat":[875],"product_tag":[],"class_list":{"0":"post-3102","1":"product","2":"type-product","3":"status-publish","4":"has-post-thumbnail","6":"product_brand-sea-to-summit","7":"product_cat-water-tanks","9":"first","10":"instock","11":"shipping-taxable","12":"purchasable","13":"product-type-simple"},"acf":[],"yoast_head":"<!-- This site is optimized with the Yoast SEO plugin v27.4 - https:\/\/yoast.com\/product\/yoast-seo-wordpress\/ -->\n<title>\u0412\u0435\u0434\u0440\u043e \u0441\u043a\u043b\u0430\u0434\u043d\u043e\u0435 Sea To Summit Ultra Sil Kitchen Sink 10L - \u041c\u0430\u0433\u0430\u0437\u0438\u043d Xstyle<\/title>\n<meta name=\"description\" content=\"\u0421\u043a\u043b\u0430\u0434\u043d\u043e\u0435 \u0432\u0435\u0434\u0440\u043e Sea To Summit Ultra Sil Kitchen Sink \u0451\u043c\u043a\u043e\u0441\u0442\u044c\u044e 10\u041b \u2014 \u0438\u0434\u0435\u0430\u043b\u044c\u043d\u043e\u0435 \u0440\u0435\u0448\u0435\u043d\u0438\u0435 \u0434\u043b\u044f \u043a\u0435\u043c\u043f\u0438\u043d\u0433\u0430 \u0438 \u043f\u043e\u0445\u043e\u0434\u043e\u0432. \u041b\u0435\u0433\u043a\u043e\u0435, PVC-free, \u0443\u0434\u043e\u0431\u043d\u043e \u0432 \u0438\u0441\u043f\u043e\u043b\u044c\u0437\u043e\u0432\u0430\u043d\u0438\u0438.\" \/>\n<meta name=\"robots\" content=\"index, follow, max-snippet:-1, max-image-preview:large, max-video-preview:-1\" \/>\n<link rel=\"canonical\" href=\"https:\/\/xstyle.md\/ro\/produs\/vedro-skladnoe-sea-to-summit-ultra-sil-kitchen-sink\/\" \/>\n<meta property=\"og:locale\" content=\"ro_RO\" \/>\n<meta property=\"og:type\" content=\"article\" \/>\n<meta property=\"og:title\" content=\"\u0412\u0435\u0434\u0440\u043e \u0441\u043a\u043b\u0430\u0434\u043d\u043e\u0435 Sea To Summit Ultra Sil Kitchen Sink 10L - \u041c\u0430\u0433\u0430\u0437\u0438\u043d Xstyle\" \/>\n<meta property=\"og:description\" content=\"\u0421\u043a\u043b\u0430\u0434\u043d\u043e\u0435 \u0432\u0435\u0434\u0440\u043e Sea To Summit Ultra Sil Kitchen Sink \u0451\u043c\u043a\u043e\u0441\u0442\u044c\u044e 10\u041b \u2014 \u0438\u0434\u0435\u0430\u043b\u044c\u043d\u043e\u0435 \u0440\u0435\u0448\u0435\u043d\u0438\u0435 \u0434\u043b\u044f \u043a\u0435\u043c\u043f\u0438\u043d\u0433\u0430 \u0438 \u043f\u043e\u0445\u043e\u0434\u043e\u0432. \u041b\u0435\u0433\u043a\u043e\u0435, PVC-free, \u0443\u0434\u043e\u0431\u043d\u043e \u0432 \u0438\u0441\u043f\u043e\u043b\u044c\u0437\u043e\u0432\u0430\u043d\u0438\u0438.\" \/>\n<meta property=\"og:url\" content=\"https:\/\/xstyle.md\/ro\/produs\/vedro-skladnoe-sea-to-summit-ultra-sil-kitchen-sink\/\" \/>\n<meta property=\"og:site_name\" content=\"\u041c\u0430\u0433\u0430\u0437\u0438\u043d Xstyle\" \/>\n<meta property=\"article:publisher\" content=\"https:\/\/www.facebook.com\/xstylemd\" \/>\n<meta property=\"article:modified_time\" content=\"2024-10-28T17:53:37+00:00\" \/>\n<meta property=\"og:image\" content=\"https:\/\/xstyle.md\/wp-content\/uploads\/2020\/07\/sts_aussink10-free-standing-kitchen-sink-308x308-1.jpg\" \/>\n\t<meta property=\"og:image:width\" content=\"308\" \/>\n\t<meta property=\"og:image:height\" content=\"308\" \/>\n\t<meta property=\"og:image:type\" content=\"image\/jpeg\" \/>\n<meta name=\"twitter:card\" content=\"summary_large_image\" \/>\n<meta name=\"twitter:label1\" content=\"Pre\u021b\" \/>\n\t<meta name=\"twitter:data1\" content=\"620&nbsp;MDL\" \/>\n\t<meta name=\"twitter:label2\" content=\"Disponibilitate\" \/>\n\t<meta name=\"twitter:data2\" content=\"\u00cen stoc\" \/>\n<script type=\"application\/ld+json\" class=\"yoast-schema-graph\">{\"@context\":\"https:\\\/\\\/schema.org\",\"@graph\":[{\"@type\":\"WebPage\",\"@id\":\"https:\\\/\\\/xstyle.md\\\/product\\\/vedro-skladnoe-sea-to-summit-ultra-sil-kitchen-sink\\\/\",\"url\":\"https:\\\/\\\/xstyle.md\\\/product\\\/vedro-skladnoe-sea-to-summit-ultra-sil-kitchen-sink\\\/\",\"name\":\"\u0412\u0435\u0434\u0440\u043e \u0441\u043a\u043b\u0430\u0434\u043d\u043e\u0435 Sea To Summit Ultra Sil Kitchen Sink 10L - \u041c\u0430\u0433\u0430\u0437\u0438\u043d Xstyle\",\"isPartOf\":{\"@id\":\"https:\\\/\\\/xstyle.md\\\/#website\"},\"primaryImageOfPage\":{\"@id\":\"https:\\\/\\\/xstyle.md\\\/product\\\/vedro-skladnoe-sea-to-summit-ultra-sil-kitchen-sink\\\/#primaryimage\"},\"image\":{\"@id\":\"https:\\\/\\\/xstyle.md\\\/product\\\/vedro-skladnoe-sea-to-summit-ultra-sil-kitchen-sink\\\/#primaryimage\"},\"thumbnailUrl\":\"https:\\\/\\\/xstyle.md\\\/wp-content\\\/uploads\\\/2020\\\/07\\\/sts_aussink10-free-standing-kitchen-sink-308x308-1.jpg\",\"datePublished\":\"2020-07-16T14:40:35+00:00\",\"dateModified\":\"2024-10-28T17:53:37+00:00\",\"description\":\"\u0421\u043a\u043b\u0430\u0434\u043d\u043e\u0435 \u0432\u0435\u0434\u0440\u043e Sea To Summit Ultra Sil Kitchen Sink \u0451\u043c\u043a\u043e\u0441\u0442\u044c\u044e 10\u041b \u2014 \u0438\u0434\u0435\u0430\u043b\u044c\u043d\u043e\u0435 \u0440\u0435\u0448\u0435\u043d\u0438\u0435 \u0434\u043b\u044f \u043a\u0435\u043c\u043f\u0438\u043d\u0433\u0430 \u0438 \u043f\u043e\u0445\u043e\u0434\u043e\u0432. \u041b\u0435\u0433\u043a\u043e\u0435, PVC-free, \u0443\u0434\u043e\u0431\u043d\u043e \u0432 \u0438\u0441\u043f\u043e\u043b\u044c\u0437\u043e\u0432\u0430\u043d\u0438\u0438.\",\"breadcrumb\":{\"@id\":\"https:\\\/\\\/xstyle.md\\\/product\\\/vedro-skladnoe-sea-to-summit-ultra-sil-kitchen-sink\\\/#breadcrumb\"},\"inLanguage\":\"ro-RO\",\"potentialAction\":[{\"@type\":\"ReadAction\",\"target\":[\"https:\\\/\\\/xstyle.md\\\/product\\\/vedro-skladnoe-sea-to-summit-ultra-sil-kitchen-sink\\\/\"]}]},{\"@type\":\"ImageObject\",\"inLanguage\":\"ro-RO\",\"@id\":\"https:\\\/\\\/xstyle.md\\\/product\\\/vedro-skladnoe-sea-to-summit-ultra-sil-kitchen-sink\\\/#primaryimage\",\"url\":\"https:\\\/\\\/xstyle.md\\\/wp-content\\\/uploads\\\/2020\\\/07\\\/sts_aussink10-free-standing-kitchen-sink-308x308-1.jpg\",\"contentUrl\":\"https:\\\/\\\/xstyle.md\\\/wp-content\\\/uploads\\\/2020\\\/07\\\/sts_aussink10-free-standing-kitchen-sink-308x308-1.jpg\",\"width\":308,\"height\":308},{\"@type\":\"BreadcrumbList\",\"@id\":\"https:\\\/\\\/xstyle.md\\\/product\\\/vedro-skladnoe-sea-to-summit-ultra-sil-kitchen-sink\\\/#breadcrumb\",\"itemListElement\":[{\"@type\":\"ListItem\",\"position\":1,\"name\":\"\u0413\u043b\u0430\u0432\u043d\u0430\u044f \u0441\u0442\u0440\u0430\u043d\u0438\u0446\u0430\",\"item\":\"https:\\\/\\\/xstyle.md\\\/\"},{\"@type\":\"ListItem\",\"position\":2,\"name\":\"\u041c\u0430\u0433\u0430\u0437\u0438\u043d\",\"item\":\"https:\\\/\\\/xstyle.md\\\/shop\\\/\"},{\"@type\":\"ListItem\",\"position\":3,\"name\":\"\u0412\u0435\u0434\u0440\u043e \u0441\u043a\u043b\u0430\u0434\u043d\u043e\u0435 Sea To Summit Ultra Sil Kitchen Sink 10L\"}]},{\"@type\":\"WebSite\",\"@id\":\"https:\\\/\\\/xstyle.md\\\/#website\",\"url\":\"https:\\\/\\\/xstyle.md\\\/\",\"name\":\"\u041c\u0430\u0433\u0430\u0437\u0438\u043d Xstyle\",\"description\":\"C\u043d\u0430\u0440\u044f\u0436\u0435\u043d\u0438\u0435 \u0434\u043b\u044f \u0442\u0443\u0440\u0438\u0437\u043c\u0430 \u0438 \u044d\u043a\u0441\u0442\u0440\u0435\u043c\u0430\u043b\u044c\u043d\u044b\u0445 \u0432\u0438\u0434\u043e\u0432 \u0441\u043f\u043e\u0440\u0442\u0430 \u0432 \u041c\u043e\u043b\u0434\u043e\u0432\u0435.. \u0426\u0435\u043d\u044b, \u0444\u043e\u0442\u043e, \u0445\u0430\u0440\u0430\u043a\u0442\u0435\u0440\u0438\u0441\u0442\u0438\u043a\u0438 \u0432 \u041c\u043e\u043b\u0434\u043e\u0432\u0435.\",\"publisher\":{\"@id\":\"https:\\\/\\\/xstyle.md\\\/#organization\"},\"alternateName\":\"X-Style\",\"potentialAction\":[{\"@type\":\"SearchAction\",\"target\":{\"@type\":\"EntryPoint\",\"urlTemplate\":\"https:\\\/\\\/xstyle.md\\\/?s={search_term_string}\"},\"query-input\":{\"@type\":\"PropertyValueSpecification\",\"valueRequired\":true,\"valueName\":\"search_term_string\"}}],\"inLanguage\":\"ro-RO\"},{\"@type\":\"Organization\",\"@id\":\"https:\\\/\\\/xstyle.md\\\/#organization\",\"name\":\"\u041c\u0430\u0433\u0430\u0437\u0438\u043d Xstyle\",\"alternateName\":\"x-style\",\"url\":\"https:\\\/\\\/xstyle.md\\\/\",\"logo\":{\"@type\":\"ImageObject\",\"inLanguage\":\"ro-RO\",\"@id\":\"https:\\\/\\\/xstyle.md\\\/#\\\/schema\\\/logo\\\/image\\\/\",\"url\":\"https:\\\/\\\/xstyle.md\\\/wp-content\\\/uploads\\\/2020\\\/06\\\/logoicon.svg\",\"contentUrl\":\"https:\\\/\\\/xstyle.md\\\/wp-content\\\/uploads\\\/2020\\\/06\\\/logoicon.svg\",\"caption\":\"\u041c\u0430\u0433\u0430\u0437\u0438\u043d Xstyle\"},\"image\":{\"@id\":\"https:\\\/\\\/xstyle.md\\\/#\\\/schema\\\/logo\\\/image\\\/\"},\"sameAs\":[\"https:\\\/\\\/www.facebook.com\\\/xstylemd\",\"https:\\\/\\\/www.instagram.com\\\/xstyle_md\\\/\",\"https:\\\/\\\/t.me\\\/xstyle_outdoor\"],\"hasMerchantReturnPolicy\":{\"@type\":\"MerchantReturnPolicy\",\"merchantReturnLink\":\"https:\\\/\\\/xstyle.md\\\/ro\\\/conditions\\\/\"}}]}<\/script>\n<meta property=\"product:price:amount\" content=\"620.00\" \/>\n<meta property=\"product:price:currency\" content=\"MDL\" \/>\n<meta property=\"og:availability\" content=\"instock\" \/>\n<meta property=\"product:availability\" content=\"instock\" \/>\n<meta property=\"product:retailer_item_id\" content=\"9327868028610\" \/>\n<meta property=\"product:condition\" content=\"new\" \/>\n<!-- \/ Yoast SEO plugin. -->","yoast_head_json":{"title":"C\u0103ldare pliabil\u0103 Sea To Summit Ultra Sil Kitchen Sink 10L - Magazin Xstyle","description":"Culoare pliabil\u0103 Sea To Summit Ultra Sil Kitchen Sink cu o capacitate de 10L \u2014 solu\u021bia ideal\u0103 pentru camping \u0219i drume\u021bii. U\u0219or, f\u0103r\u0103 PVC, convenabil de utilizat.","robots":{"index":"index","follow":"follow","max-snippet":"max-snippet:-1","max-image-preview":"max-image-preview:large","max-video-preview":"max-video-preview:-1"},"canonical":"https:\/\/xstyle.md\/ro\/produs\/vedro-skladnoe-sea-to-summit-ultra-sil-kitchen-sink\/","og_locale":"ro_RO","og_type":"article","og_title":"\u0412\u0435\u0434\u0440\u043e \u0441\u043a\u043b\u0430\u0434\u043d\u043e\u0435 Sea To Summit Ultra Sil Kitchen Sink 10L - \u041c\u0430\u0433\u0430\u0437\u0438\u043d Xstyle","og_description":"\u0421\u043a\u043b\u0430\u0434\u043d\u043e\u0435 \u0432\u0435\u0434\u0440\u043e Sea To Summit Ultra Sil Kitchen Sink \u0451\u043c\u043a\u043e\u0441\u0442\u044c\u044e 10\u041b \u2014 \u0438\u0434\u0435\u0430\u043b\u044c\u043d\u043e\u0435 \u0440\u0435\u0448\u0435\u043d\u0438\u0435 \u0434\u043b\u044f \u043a\u0435\u043c\u043f\u0438\u043d\u0433\u0430 \u0438 \u043f\u043e\u0445\u043e\u0434\u043e\u0432. \u041b\u0435\u0433\u043a\u043e\u0435, PVC-free, \u0443\u0434\u043e\u0431\u043d\u043e \u0432 \u0438\u0441\u043f\u043e\u043b\u044c\u0437\u043e\u0432\u0430\u043d\u0438\u0438.","og_url":"https:\/\/xstyle.md\/ro\/produs\/vedro-skladnoe-sea-to-summit-ultra-sil-kitchen-sink\/","og_site_name":"\u041c\u0430\u0433\u0430\u0437\u0438\u043d Xstyle","article_publisher":"https:\/\/www.facebook.com\/xstylemd","article_modified_time":"2024-10-28T17:53:37+00:00","og_image":[{"width":308,"height":308,"url":"https:\/\/xstyle.md\/wp-content\/uploads\/2020\/07\/sts_aussink10-free-standing-kitchen-sink-308x308-1.jpg","type":"image\/jpeg"}],"twitter_card":"summary_large_image","twitter_misc":{"Pre\u021b":"620&nbsp;MDL","Disponibilitate":"\u00cen stoc"},"schema":{"@context":"https:\/\/schema.org","@graph":[{"@type":"WebPage","@id":"https:\/\/xstyle.md\/product\/vedro-skladnoe-sea-to-summit-ultra-sil-kitchen-sink\/","url":"https:\/\/xstyle.md\/product\/vedro-skladnoe-sea-to-summit-ultra-sil-kitchen-sink\/","name":"C\u0103ldare pliabil\u0103 Sea To Summit Ultra Sil Kitchen Sink 10L - Magazin Xstyle","isPartOf":{"@id":"https:\/\/xstyle.md\/#website"},"primaryImageOfPage":{"@id":"https:\/\/xstyle.md\/product\/vedro-skladnoe-sea-to-summit-ultra-sil-kitchen-sink\/#primaryimage"},"image":{"@id":"https:\/\/xstyle.md\/product\/vedro-skladnoe-sea-to-summit-ultra-sil-kitchen-sink\/#primaryimage"},"thumbnailUrl":"https:\/\/xstyle.md\/wp-content\/uploads\/2020\/07\/sts_aussink10-free-standing-kitchen-sink-308x308-1.jpg","datePublished":"2020-07-16T14:40:35+00:00","dateModified":"2024-10-28T17:53:37+00:00","description":"Culoare pliabil\u0103 Sea To Summit Ultra Sil Kitchen Sink cu o capacitate de 10L \u2014 solu\u021bia ideal\u0103 pentru camping \u0219i drume\u021bii. U\u0219or, f\u0103r\u0103 PVC, convenabil de utilizat.","breadcrumb":{"@id":"https:\/\/xstyle.md\/product\/vedro-skladnoe-sea-to-summit-ultra-sil-kitchen-sink\/#breadcrumb"},"inLanguage":"ro-RO","potentialAction":[{"@type":"ReadAction","target":["https:\/\/xstyle.md\/product\/vedro-skladnoe-sea-to-summit-ultra-sil-kitchen-sink\/"]}]},{"@type":"ImageObject","inLanguage":"ro-RO","@id":"https:\/\/xstyle.md\/product\/vedro-skladnoe-sea-to-summit-ultra-sil-kitchen-sink\/#primaryimage","url":"https:\/\/xstyle.md\/wp-content\/uploads\/2020\/07\/sts_aussink10-free-standing-kitchen-sink-308x308-1.jpg","contentUrl":"https:\/\/xstyle.md\/wp-content\/uploads\/2020\/07\/sts_aussink10-free-standing-kitchen-sink-308x308-1.jpg","width":308,"height":308},{"@type":"BreadcrumbList","@id":"https:\/\/xstyle.md\/product\/vedro-skladnoe-sea-to-summit-ultra-sil-kitchen-sink\/#breadcrumb","itemListElement":[{"@type":"ListItem","position":1,"name":"\u0413\u043b\u0430\u0432\u043d\u0430\u044f \u0441\u0442\u0440\u0430\u043d\u0438\u0446\u0430","item":"https:\/\/xstyle.md\/"},{"@type":"ListItem","position":2,"name":"\u041c\u0430\u0433\u0430\u0437\u0438\u043d","item":"https:\/\/xstyle.md\/shop\/"},{"@type":"ListItem","position":3,"name":"\u0412\u0435\u0434\u0440\u043e \u0441\u043a\u043b\u0430\u0434\u043d\u043e\u0435 Sea To Summit Ultra Sil Kitchen Sink 10L"}]},{"@type":"WebSite","@id":"https:\/\/xstyle.md\/#website","url":"https:\/\/xstyle.md\/","name":"Magazinul X-Style","description":"Echipamente pentru turism \u0219i sporturi extreme \u00een Moldova. Pre\u021buri, fotografii, caracteristici \u00een Moldova.","publisher":{"@id":"https:\/\/xstyle.md\/#organization"},"alternateName":"X-Style","potentialAction":[{"@type":"SearchAction","target":{"@type":"EntryPoint","urlTemplate":"https:\/\/xstyle.md\/?s={search_term_string}"},"query-input":{"@type":"PropertyValueSpecification","valueRequired":true,"valueName":"search_term_string"}}],"inLanguage":"ro-RO"},{"@type":"Organization","@id":"https:\/\/xstyle.md\/#organization","name":"Magazinul X-Style","alternateName":"x-style","url":"https:\/\/xstyle.md\/","logo":{"@type":"ImageObject","inLanguage":"ro-RO","@id":"https:\/\/xstyle.md\/#\/schema\/logo\/image\/","url":"https:\/\/xstyle.md\/wp-content\/uploads\/2020\/06\/logoicon.svg","contentUrl":"https:\/\/xstyle.md\/wp-content\/uploads\/2020\/06\/logoicon.svg","caption":"\u041c\u0430\u0433\u0430\u0437\u0438\u043d Xstyle"},"image":{"@id":"https:\/\/xstyle.md\/#\/schema\/logo\/image\/"},"sameAs":["https:\/\/www.facebook.com\/xstylemd","https:\/\/www.instagram.com\/xstyle_md\/","https:\/\/t.me\/xstyle_outdoor"],"hasMerchantReturnPolicy":{"@type":"MerchantReturnPolicy","merchantReturnLink":"https:\/\/xstyle.md\/ro\/conditions\/"}}]},"product_price_amount":"620.00","product_price_currency":"MDL","og_availability":"instock","product_availability":"instock","product_retailer_item_id":"9327868028610","product_condition":"new"},"_links":{"self":[{"href":"https:\/\/xstyle.md\/ro\/wp-json\/wp\/v2\/product\/3102","targetHints":{"allow":["GET"]}}],"collection":[{"href":"https:\/\/xstyle.md\/ro\/wp-json\/wp\/v2\/product"}],"about":[{"href":"https:\/\/xstyle.md\/ro\/wp-json\/wp\/v2\/types\/product"}],"replies":[{"embeddable":true,"href":"https:\/\/xstyle.md\/ro\/wp-json\/wp\/v2\/comments?post=3102"}],"wp:featuredmedia":[{"embeddable":true,"href":"https:\/\/xstyle.md\/ro\/wp-json\/wp\/v2\/media\/3097"}],"wp:attachment":[{"href":"https:\/\/xstyle.md\/ro\/wp-json\/wp\/v2\/media?parent=3102"}],"wp:term":[{"taxonomy":"product_brand","embeddable":true,"href":"https:\/\/xstyle.md\/ro\/wp-json\/wp\/v2\/product_brand?post=3102"},{"taxonomy":"product_cat","embeddable":true,"href":"https:\/\/xstyle.md\/ro\/wp-json\/wp\/v2\/product_cat?post=3102"},{"taxonomy":"product_tag","embeddable":true,"href":"https:\/\/xstyle.md\/ro\/wp-json\/wp\/v2\/product_tag?post=3102"}],"curies":[{"name":"wp","href":"https:\/\/api.w.org\/{rel}","templated":true}]}}