{"id":30942,"date":"2021-04-28T16:43:31","date_gmt":"2021-04-28T13:43:31","guid":{"rendered":"https:\/\/xstyle.md\/product\/multitul-ganzo-g104\/"},"modified":"2025-10-24T12:35:45","modified_gmt":"2025-10-24T09:35:45","slug":"multitul-ganzo-g104","status":"publish","type":"product","link":"https:\/\/xstyle.md\/ro\/produs\/multitul-ganzo-g104\/","title":{"rendered":"Multitool Ganzo G104"},"content":{"rendered":"<\/p>\n<p><strong>Multitool Ganzo G104<\/strong> este capabil s\u0103 \u00eenlocuiasc\u0103 un set \u00eentreg de unelte pentru repara\u021bii de urgen\u021b\u0103 atunci c\u00e2nd c\u0103l\u0103tori\u021bi sau v\u0103 deplasa\u021bi \u00een mediul rural. Este o unealt\u0103 compact\u0103, dar foarte func\u021bional\u0103, de dimensiuni normale, av\u00e2nd ca pies\u0103 central\u0103 un cle\u0219te puternic. Cle\u0219tele este \u00eenc\u0103rcat cu arc \u0219i este echipat, de asemenea, cu un t\u0103ietor de s\u00e2rm\u0103 \u0219i o prindere pentru tot felul de obiecte rotunde.<\/p>\n<p>\u00cen total, modelul Ganzo G104 este capabil s\u0103 \u00eendeplineasc\u0103 11 func\u021bii. Toate uneltele suplimentare sunt plasate \u00een interiorul m\u00e2nerelor, care, \u00een acela\u0219i timp, servesc ca o carcas\u0103 pentru depozitarea lor. La dispozi\u021bia utilizatorilor sunt oferite un cu\u021bit ascu\u021bit uniform, un fier\u0103str\u0103u pentru lemn, o suli\u021b\u0103, un fi\u0219ier, un desf\u0103c\u0103tor de sticle, o \u0219urubelni\u021b\u0103 mic\u0103 plat\u0103 \u0219i Phillips, un suport pentru bi\u021bi suplimentari. Un set de bi\u021bi (bi\u021bi pentru \u0219urubelni\u021b\u0103) este, de asemenea, inclus cu multifunc\u021bionalul. Este vorba de un adaptor \u0219i 9 v\u00e2rfuri de \u0219urubelni\u021b\u0103 cu sec\u021biune transversal\u0103 \u0219i dimensiuni diferite. Toate acestea sunt plasate \u00eentr-un blister comun pentru a face convenabil pentru utilizator s\u0103 stocheze \u0219i s\u0103 utilizeze aceste accesorii.<\/p>\n<p>\u00cen plus, multifunc\u021bionalul este prev\u0103zut cu o hus\u0103 practic\u0103 cu pere\u021bi rigizi, care con\u021bine multifunc\u021bionalul \u0219i bi\u021bi suplimentari. Aceasta ajut\u0103 la protejarea sculei de murd\u0103rie \u0219i la men\u021binerea acesteia \u00een zona de acces rapid (posibilitatea de a ag\u0103\u021ba husa la curea).<\/p>\n<p>Toate componentele multitool-ului sunt fabricate din materiale de calitate, iar unealta \u00een sine este asamblat\u0103 cu grij\u0103. Metalul este acoperit cu o vopsea pulbere neagr\u0103 durabil\u0103, care face ca designul sculei s\u0103 fie mai original \u0219i, \u00een plus, o protejeaz\u0103 de rugin\u0103.<\/p>\n<h3>Include\u021bi<\/h3>\n<ul>\n<li>Cu\u021bit<\/li>\n<li>Fer\u0103str\u0103u<\/li>\n<li>C\u00e2rlig<\/li>\n<li>Dosar<\/li>\n<li>Deschizator de sticle<\/li>\n<li>Deschiz\u0103tor de conserve<\/li>\n<li>\u0218urubelni\u021b\u0103 cu capac plat<\/li>\n<li>\u0218urubelni\u021b\u0103 Phillips<\/li>\n<li>\u0218urubelni\u021b\u0103 zim\u021bat\u0103<\/li>\n<li>Cle\u0219te<\/li>\n<li>Foarfece de t\u0103iat<\/li>\n<\/ul>\n<h3>Particularit\u0103\u021bi<\/h3>\n<ul>\n<li>Robust \u0219i fiabil.<\/li>\n<li>Versatil, util acas\u0103, \u00een c\u0103l\u0103torii etc.<\/li>\n<li>Dimensiune mic\u0103, care este foarte convenabil\u0103 pentru depozitare \u0219i utilizare.<\/li>\n<li>Produsul este echipat cu o clem\u0103 pentru o purtare confortabil\u0103 pe un buzunar.<\/li>\n<li>Cle\u0219tele este echipat cu o prindere pentru obiecte rotunde \u0219i func\u021bia de t\u0103ietor de s\u00e2rm\u0103.<\/li>\n<li>Echipat cu un set de bi\u021bi \u0219i un adaptor pentru ace\u0219tia. Este un fel de set de \u0219urubelni\u021be compacte de diferite forme, cu care pute\u021bi de\u0219uruba orice \u0219urub.<\/li>\n<li>Toate bi\u021bii sunt depozitate \u00eentr-o singur\u0103 cutie, ceea ce \u00eempiedic\u0103 pierderea lor. Setul de bi\u021bi, precum \u0219i multifunc\u021bionalul \u00een sine, este plasat \u00eentr-o hus\u0103 de nailon, care este v\u00e2ndut\u0103<\/li>\n<li>\u00eempreun\u0103 cu multifunc\u021bionalul. Aceast\u0103 hus\u0103 protejeaz\u0103 multifunc\u021bionalul de murd\u0103rie \u0219i zg\u00e2rieturi.<\/li>\n<\/ul>\n<h3>Caracteristici<\/h3>\n<ul>\n<li>Tip: full-size<\/li>\n<li>Dimensiune pliat\u0103: 10,5 cm<\/li>\n<li>Dimensiunea deschis\u0103: 16,5 cm<\/li>\n<li>Num\u0103r de func\u021bii: 11<\/li>\n<li>Grad de o\u021bel: 440C<\/li>\n<li>Greutate: 230g<\/li>\n<\/ul>\n<h3>Marca<\/h3>\n<p>Ganzo este specializat\u0103 \u00een produc\u021bia de cu\u021bite pentru drume\u021bii, v\u00e2n\u0103toare \u0219i pescuit, precum \u0219i de multifunc\u021bionale \u0219i ascu\u021bitoare. Unelte fiabile pentru echipamentul de camping, care v\u0103 vor ajuta s\u0103 v\u0103 face\u021bi vacan\u021ba mai confortabil\u0103. Dar principalul avantaj al produselor Ganzo fa\u021b\u0103 de bunurile altor produc\u0103tori, este un nivel ridicat de produse de calitate, care pot fi achizi\u021bionate pentru bani pu\u021bini. Iar utilizarea de echipamente de \u00eenalt\u0103 clas\u0103 \u0219i un sistem de control atent al calit\u0103\u021bii v\u0103 permite s\u0103 ob\u021bine\u021bi rezultate excelente. Acest lucru este confirmat de cre\u0219terea stabil\u0103 a popularit\u0103\u021bii ascu\u021bitoarelor, cu\u021bitelor \u0219i multitoolurilor Ganzo.<\/p>\n<p><\/p>","protected":false},"excerpt":{"rendered":"<p>Multitool Ganzo G104<\/p>","protected":false},"featured_media":30937,"comment_status":"open","ping_status":"closed","template":"","meta":{"_acf_changed":false,"inline_featured_image":false},"product_brand":[1367],"product_cat":[415],"product_tag":[],"class_list":{"0":"post-30942","1":"product","2":"type-product","3":"status-publish","4":"has-post-thumbnail","6":"product_brand-ganzo","7":"product_cat-multitools","9":"first","10":"instock","11":"shipping-taxable","12":"purchasable","13":"product-type-simple"},"acf":[],"yoast_head":"<!-- This site is optimized with the Yoast SEO plugin v27.2 - https:\/\/yoast.com\/product\/yoast-seo-wordpress\/ -->\n<title>\u041c\u0443\u043b\u044c\u0442\u0438\u0442\u0443\u043b Ganzo G104 - \u041c\u0430\u0433\u0430\u0437\u0438\u043d Xstyle<\/title>\n<meta name=\"description\" content=\"\u041c\u0443\u043b\u044c\u0442\u0438\u0442\u0443\u043b Ganzo G104 \u2013 \u043a\u043e\u043c\u043f\u0430\u043a\u0442\u043d\u044b\u0439 \u0438 \u0444\u0443\u043d\u043a\u0446\u0438\u043e\u043d\u0430\u043b\u044c\u043d\u044b\u0439 \u0438\u043d\u0441\u0442\u0440\u0443\u043c\u0435\u043d\u0442 \u0441 \u043c\u043e\u0449\u043d\u044b\u043c \u043f\u043b\u043e\u0441\u043a\u043e\u0433\u0443\u0431\u0446\u0435\u043c, \u0438\u0434\u0435\u0430\u043b\u0435\u043d \u0434\u043b\u044f \u043f\u0443\u0442\u0435\u0448\u0435\u0441\u0442\u0432\u0438\u0439 \u0438 \u044d\u043a\u0441\u0442\u0440\u0435\u043d\u043d\u044b\u0445 \u0440\u0435\u043c\u043e\u043d\u0442\u043e\u0432.\" \/>\n<meta name=\"robots\" content=\"index, follow, max-snippet:-1, max-image-preview:large, max-video-preview:-1\" \/>\n<link rel=\"canonical\" href=\"https:\/\/xstyle.md\/ro\/produs\/multitul-ganzo-g104\/\" \/>\n<meta property=\"og:locale\" content=\"ro_RO\" \/>\n<meta property=\"og:type\" content=\"article\" \/>\n<meta property=\"og:title\" content=\"\u041c\u0443\u043b\u044c\u0442\u0438\u0442\u0443\u043b Ganzo G104 - \u041c\u0430\u0433\u0430\u0437\u0438\u043d Xstyle\" \/>\n<meta property=\"og:description\" content=\"\u041c\u0443\u043b\u044c\u0442\u0438\u0442\u0443\u043b Ganzo G104 \u2013 \u043a\u043e\u043c\u043f\u0430\u043a\u0442\u043d\u044b\u0439 \u0438 \u0444\u0443\u043d\u043a\u0446\u0438\u043e\u043d\u0430\u043b\u044c\u043d\u044b\u0439 \u0438\u043d\u0441\u0442\u0440\u0443\u043c\u0435\u043d\u0442 \u0441 \u043c\u043e\u0449\u043d\u044b\u043c \u043f\u043b\u043e\u0441\u043a\u043e\u0433\u0443\u0431\u0446\u0435\u043c, \u0438\u0434\u0435\u0430\u043b\u0435\u043d \u0434\u043b\u044f \u043f\u0443\u0442\u0435\u0448\u0435\u0441\u0442\u0432\u0438\u0439 \u0438 \u044d\u043a\u0441\u0442\u0440\u0435\u043d\u043d\u044b\u0445 \u0440\u0435\u043c\u043e\u043d\u0442\u043e\u0432.\" \/>\n<meta property=\"og:url\" content=\"https:\/\/xstyle.md\/ro\/produs\/multitul-ganzo-g104\/\" \/>\n<meta property=\"og:site_name\" content=\"\u041c\u0430\u0433\u0430\u0437\u0438\u043d Xstyle\" \/>\n<meta property=\"article:publisher\" content=\"https:\/\/www.facebook.com\/xstylemd\" \/>\n<meta property=\"article:modified_time\" content=\"2025-10-24T09:35:45+00:00\" \/>\n<meta property=\"og:image\" content=\"https:\/\/xstyle.md\/wp-content\/uploads\/2021\/04\/ganzo_g104.jpg\" \/>\n\t<meta property=\"og:image:width\" content=\"858\" \/>\n\t<meta property=\"og:image:height\" content=\"650\" \/>\n\t<meta property=\"og:image:type\" content=\"image\/jpeg\" \/>\n<meta name=\"twitter:card\" content=\"summary_large_image\" \/>\n<meta name=\"twitter:label1\" content=\"Pre\u021b\" \/>\n\t<meta name=\"twitter:data1\" content=\"430&nbsp;MDL\" \/>\n\t<meta name=\"twitter:label2\" content=\"Disponibilitate\" \/>\n\t<meta name=\"twitter:data2\" content=\"\u00cen stoc\" \/>\n<script type=\"application\/ld+json\" class=\"yoast-schema-graph\">{\"@context\":\"https:\/\/schema.org\",\"@graph\":[{\"@type\":\"WebPage\",\"@id\":\"https:\/\/xstyle.md\/product\/multitul-ganzo-g104\/\",\"url\":\"https:\/\/xstyle.md\/product\/multitul-ganzo-g104\/\",\"name\":\"\u041c\u0443\u043b\u044c\u0442\u0438\u0442\u0443\u043b Ganzo G104 - \u041c\u0430\u0433\u0430\u0437\u0438\u043d Xstyle\",\"isPartOf\":{\"@id\":\"https:\/\/xstyle.md\/#website\"},\"primaryImageOfPage\":{\"@id\":\"https:\/\/xstyle.md\/product\/multitul-ganzo-g104\/#primaryimage\"},\"image\":{\"@id\":\"https:\/\/xstyle.md\/product\/multitul-ganzo-g104\/#primaryimage\"},\"thumbnailUrl\":\"https:\/\/xstyle.md\/wp-content\/uploads\/2021\/04\/ganzo_g104.jpg\",\"datePublished\":\"2021-04-28T13:43:31+00:00\",\"dateModified\":\"2025-10-24T09:35:45+00:00\",\"description\":\"\u041c\u0443\u043b\u044c\u0442\u0438\u0442\u0443\u043b Ganzo G104 \u2013 \u043a\u043e\u043c\u043f\u0430\u043a\u0442\u043d\u044b\u0439 \u0438 \u0444\u0443\u043d\u043a\u0446\u0438\u043e\u043d\u0430\u043b\u044c\u043d\u044b\u0439 \u0438\u043d\u0441\u0442\u0440\u0443\u043c\u0435\u043d\u0442 \u0441 \u043c\u043e\u0449\u043d\u044b\u043c \u043f\u043b\u043e\u0441\u043a\u043e\u0433\u0443\u0431\u0446\u0435\u043c, \u0438\u0434\u0435\u0430\u043b\u0435\u043d \u0434\u043b\u044f \u043f\u0443\u0442\u0435\u0448\u0435\u0441\u0442\u0432\u0438\u0439 \u0438 \u044d\u043a\u0441\u0442\u0440\u0435\u043d\u043d\u044b\u0445 \u0440\u0435\u043c\u043e\u043d\u0442\u043e\u0432.\",\"breadcrumb\":{\"@id\":\"https:\/\/xstyle.md\/product\/multitul-ganzo-g104\/#breadcrumb\"},\"inLanguage\":\"ro-RO\",\"potentialAction\":[{\"@type\":\"ReadAction\",\"target\":[\"https:\/\/xstyle.md\/product\/multitul-ganzo-g104\/\"]}]},{\"@type\":\"ImageObject\",\"inLanguage\":\"ro-RO\",\"@id\":\"https:\/\/xstyle.md\/product\/multitul-ganzo-g104\/#primaryimage\",\"url\":\"https:\/\/xstyle.md\/wp-content\/uploads\/2021\/04\/ganzo_g104.jpg\",\"contentUrl\":\"https:\/\/xstyle.md\/wp-content\/uploads\/2021\/04\/ganzo_g104.jpg\",\"width\":858,\"height\":650},{\"@type\":\"BreadcrumbList\",\"@id\":\"https:\/\/xstyle.md\/product\/multitul-ganzo-g104\/#breadcrumb\",\"itemListElement\":[{\"@type\":\"ListItem\",\"position\":1,\"name\":\"\u0413\u043b\u0430\u0432\u043d\u0430\u044f \u0441\u0442\u0440\u0430\u043d\u0438\u0446\u0430\",\"item\":\"https:\/\/xstyle.md\/\"},{\"@type\":\"ListItem\",\"position\":2,\"name\":\"\u041c\u0430\u0433\u0430\u0437\u0438\u043d\",\"item\":\"https:\/\/xstyle.md\/shop\/\"},{\"@type\":\"ListItem\",\"position\":3,\"name\":\"\u041c\u0443\u043b\u044c\u0442\u0438\u0442\u0443\u043b Ganzo G104\"}]},{\"@type\":\"WebSite\",\"@id\":\"https:\/\/xstyle.md\/#website\",\"url\":\"https:\/\/xstyle.md\/\",\"name\":\"\u041c\u0430\u0433\u0430\u0437\u0438\u043d Xstyle\",\"description\":\"C\u043d\u0430\u0440\u044f\u0436\u0435\u043d\u0438\u0435 \u0434\u043b\u044f \u0442\u0443\u0440\u0438\u0437\u043c\u0430 \u0438 \u044d\u043a\u0441\u0442\u0440\u0435\u043c\u0430\u043b\u044c\u043d\u044b\u0445 \u0432\u0438\u0434\u043e\u0432 \u0441\u043f\u043e\u0440\u0442\u0430 \u0432 \u041c\u043e\u043b\u0434\u043e\u0432\u0435.. \u0426\u0435\u043d\u044b, \u0444\u043e\u0442\u043e, \u0445\u0430\u0440\u0430\u043a\u0442\u0435\u0440\u0438\u0441\u0442\u0438\u043a\u0438 \u0432 \u041c\u043e\u043b\u0434\u043e\u0432\u0435.\",\"publisher\":{\"@id\":\"https:\/\/xstyle.md\/#organization\"},\"alternateName\":\"X-Style\",\"potentialAction\":[{\"@type\":\"SearchAction\",\"target\":{\"@type\":\"EntryPoint\",\"urlTemplate\":\"https:\/\/xstyle.md\/?s={search_term_string}\"},\"query-input\":{\"@type\":\"PropertyValueSpecification\",\"valueRequired\":true,\"valueName\":\"search_term_string\"}}],\"inLanguage\":\"ro-RO\"},{\"@type\":\"Organization\",\"@id\":\"https:\/\/xstyle.md\/#organization\",\"name\":\"\u041c\u0430\u0433\u0430\u0437\u0438\u043d Xstyle\",\"alternateName\":\"x-style\",\"url\":\"https:\/\/xstyle.md\/\",\"logo\":{\"@type\":\"ImageObject\",\"inLanguage\":\"ro-RO\",\"@id\":\"https:\/\/xstyle.md\/#\/schema\/logo\/image\/\",\"url\":\"https:\/\/xstyle.md\/wp-content\/uploads\/2020\/06\/logoicon.svg\",\"contentUrl\":\"https:\/\/xstyle.md\/wp-content\/uploads\/2020\/06\/logoicon.svg\",\"caption\":\"\u041c\u0430\u0433\u0430\u0437\u0438\u043d Xstyle\"},\"image\":{\"@id\":\"https:\/\/xstyle.md\/#\/schema\/logo\/image\/\"},\"sameAs\":[\"https:\/\/www.facebook.com\/xstylemd\",\"https:\/\/www.instagram.com\/xstyle_md\/\",\"https:\/\/t.me\/xstyle_outdoor\"],\"hasMerchantReturnPolicy\":{\"@type\":\"MerchantReturnPolicy\",\"merchantReturnLink\":\"https:\/\/xstyle.md\/ro\/conditions\/\"}}]}<\/script>\n<meta property=\"product:price:amount\" content=\"430.00\" \/>\n<meta property=\"product:price:currency\" content=\"MDL\" \/>\n<meta property=\"og:availability\" content=\"instock\" \/>\n<meta property=\"product:availability\" content=\"instock\" \/>\n<meta property=\"product:retailer_item_id\" content=\"6955800400540\" \/>\n<meta property=\"product:condition\" content=\"new\" \/>\n<!-- \/ Yoast SEO plugin. -->","yoast_head_json":{"title":"Multitool Ganzo G104 - Magazin Xstyle","description":"Multitool Ganzo G104 \u2013 un instrument compact \u0219i func\u021bional, cu un cle\u0219te puternic, ideal pentru c\u0103l\u0103torii \u0219i repara\u021bii de urgen\u021b\u0103.","robots":{"index":"index","follow":"follow","max-snippet":"max-snippet:-1","max-image-preview":"max-image-preview:large","max-video-preview":"max-video-preview:-1"},"canonical":"https:\/\/xstyle.md\/ro\/produs\/multitul-ganzo-g104\/","og_locale":"ro_RO","og_type":"article","og_title":"\u041c\u0443\u043b\u044c\u0442\u0438\u0442\u0443\u043b Ganzo G104 - \u041c\u0430\u0433\u0430\u0437\u0438\u043d Xstyle","og_description":"\u041c\u0443\u043b\u044c\u0442\u0438\u0442\u0443\u043b Ganzo G104 \u2013 \u043a\u043e\u043c\u043f\u0430\u043a\u0442\u043d\u044b\u0439 \u0438 \u0444\u0443\u043d\u043a\u0446\u0438\u043e\u043d\u0430\u043b\u044c\u043d\u044b\u0439 \u0438\u043d\u0441\u0442\u0440\u0443\u043c\u0435\u043d\u0442 \u0441 \u043c\u043e\u0449\u043d\u044b\u043c \u043f\u043b\u043e\u0441\u043a\u043e\u0433\u0443\u0431\u0446\u0435\u043c, \u0438\u0434\u0435\u0430\u043b\u0435\u043d \u0434\u043b\u044f \u043f\u0443\u0442\u0435\u0448\u0435\u0441\u0442\u0432\u0438\u0439 \u0438 \u044d\u043a\u0441\u0442\u0440\u0435\u043d\u043d\u044b\u0445 \u0440\u0435\u043c\u043e\u043d\u0442\u043e\u0432.","og_url":"https:\/\/xstyle.md\/ro\/produs\/multitul-ganzo-g104\/","og_site_name":"\u041c\u0430\u0433\u0430\u0437\u0438\u043d Xstyle","article_publisher":"https:\/\/www.facebook.com\/xstylemd","article_modified_time":"2025-10-24T09:35:45+00:00","og_image":[{"width":858,"height":650,"url":"https:\/\/xstyle.md\/wp-content\/uploads\/2021\/04\/ganzo_g104.jpg","type":"image\/jpeg"}],"twitter_card":"summary_large_image","twitter_misc":{"Pre\u021b":"430&nbsp;MDL","Disponibilitate":"\u00cen stoc"},"schema":{"@context":"https:\/\/schema.org","@graph":[{"@type":"WebPage","@id":"https:\/\/xstyle.md\/product\/multitul-ganzo-g104\/","url":"https:\/\/xstyle.md\/product\/multitul-ganzo-g104\/","name":"Multitool Ganzo G104 - Magazin Xstyle","isPartOf":{"@id":"https:\/\/xstyle.md\/#website"},"primaryImageOfPage":{"@id":"https:\/\/xstyle.md\/product\/multitul-ganzo-g104\/#primaryimage"},"image":{"@id":"https:\/\/xstyle.md\/product\/multitul-ganzo-g104\/#primaryimage"},"thumbnailUrl":"https:\/\/xstyle.md\/wp-content\/uploads\/2021\/04\/ganzo_g104.jpg","datePublished":"2021-04-28T13:43:31+00:00","dateModified":"2025-10-24T09:35:45+00:00","description":"Multitool Ganzo G104 \u2013 un instrument compact \u0219i func\u021bional, cu un cle\u0219te puternic, ideal pentru c\u0103l\u0103torii \u0219i repara\u021bii de urgen\u021b\u0103.","breadcrumb":{"@id":"https:\/\/xstyle.md\/product\/multitul-ganzo-g104\/#breadcrumb"},"inLanguage":"ro-RO","potentialAction":[{"@type":"ReadAction","target":["https:\/\/xstyle.md\/product\/multitul-ganzo-g104\/"]}]},{"@type":"ImageObject","inLanguage":"ro-RO","@id":"https:\/\/xstyle.md\/product\/multitul-ganzo-g104\/#primaryimage","url":"https:\/\/xstyle.md\/wp-content\/uploads\/2021\/04\/ganzo_g104.jpg","contentUrl":"https:\/\/xstyle.md\/wp-content\/uploads\/2021\/04\/ganzo_g104.jpg","width":858,"height":650},{"@type":"BreadcrumbList","@id":"https:\/\/xstyle.md\/product\/multitul-ganzo-g104\/#breadcrumb","itemListElement":[{"@type":"ListItem","position":1,"name":"\u0413\u043b\u0430\u0432\u043d\u0430\u044f \u0441\u0442\u0440\u0430\u043d\u0438\u0446\u0430","item":"https:\/\/xstyle.md\/"},{"@type":"ListItem","position":2,"name":"\u041c\u0430\u0433\u0430\u0437\u0438\u043d","item":"https:\/\/xstyle.md\/shop\/"},{"@type":"ListItem","position":3,"name":"\u041c\u0443\u043b\u044c\u0442\u0438\u0442\u0443\u043b Ganzo G104"}]},{"@type":"WebSite","@id":"https:\/\/xstyle.md\/#website","url":"https:\/\/xstyle.md\/","name":"Magazinul X-Style","description":"Echipamente pentru turism \u0219i sporturi extreme \u00een Moldova. Pre\u021buri, fotografii, caracteristici \u00een Moldova.","publisher":{"@id":"https:\/\/xstyle.md\/#organization"},"alternateName":"X-Style","potentialAction":[{"@type":"SearchAction","target":{"@type":"EntryPoint","urlTemplate":"https:\/\/xstyle.md\/?s={search_term_string}"},"query-input":{"@type":"PropertyValueSpecification","valueRequired":true,"valueName":"search_term_string"}}],"inLanguage":"ro-RO"},{"@type":"Organization","@id":"https:\/\/xstyle.md\/#organization","name":"Magazinul X-Style","alternateName":"x-style","url":"https:\/\/xstyle.md\/","logo":{"@type":"ImageObject","inLanguage":"ro-RO","@id":"https:\/\/xstyle.md\/#\/schema\/logo\/image\/","url":"https:\/\/xstyle.md\/wp-content\/uploads\/2020\/06\/logoicon.svg","contentUrl":"https:\/\/xstyle.md\/wp-content\/uploads\/2020\/06\/logoicon.svg","caption":"\u041c\u0430\u0433\u0430\u0437\u0438\u043d Xstyle"},"image":{"@id":"https:\/\/xstyle.md\/#\/schema\/logo\/image\/"},"sameAs":["https:\/\/www.facebook.com\/xstylemd","https:\/\/www.instagram.com\/xstyle_md\/","https:\/\/t.me\/xstyle_outdoor"],"hasMerchantReturnPolicy":{"@type":"MerchantReturnPolicy","merchantReturnLink":"https:\/\/xstyle.md\/ro\/conditions\/"}}]},"product_price_amount":"430.00","product_price_currency":"MDL","og_availability":"instock","product_availability":"instock","product_retailer_item_id":"6955800400540","product_condition":"new"},"post_mailing_queue_ids":[],"_links":{"self":[{"href":"https:\/\/xstyle.md\/ro\/wp-json\/wp\/v2\/product\/30942","targetHints":{"allow":["GET"]}}],"collection":[{"href":"https:\/\/xstyle.md\/ro\/wp-json\/wp\/v2\/product"}],"about":[{"href":"https:\/\/xstyle.md\/ro\/wp-json\/wp\/v2\/types\/product"}],"replies":[{"embeddable":true,"href":"https:\/\/xstyle.md\/ro\/wp-json\/wp\/v2\/comments?post=30942"}],"wp:featuredmedia":[{"embeddable":true,"href":"https:\/\/xstyle.md\/ro\/wp-json\/wp\/v2\/media\/30937"}],"wp:attachment":[{"href":"https:\/\/xstyle.md\/ro\/wp-json\/wp\/v2\/media?parent=30942"}],"wp:term":[{"taxonomy":"product_brand","embeddable":true,"href":"https:\/\/xstyle.md\/ro\/wp-json\/wp\/v2\/product_brand?post=30942"},{"taxonomy":"product_cat","embeddable":true,"href":"https:\/\/xstyle.md\/ro\/wp-json\/wp\/v2\/product_cat?post=30942"},{"taxonomy":"product_tag","embeddable":true,"href":"https:\/\/xstyle.md\/ro\/wp-json\/wp\/v2\/product_tag?post=30942"}],"curies":[{"name":"wp","href":"https:\/\/api.w.org\/{rel}","templated":true}]}}