{"id":30930,"date":"2021-04-28T16:43:06","date_gmt":"2021-04-28T13:43:06","guid":{"rendered":"https:\/\/xstyle.md\/product\/nozh-ganzo-g8012-or\/"},"modified":"2025-10-24T12:35:32","modified_gmt":"2025-10-24T09:35:32","slug":"nozh-ganzo-g8012-or","status":"publish","type":"product","link":"https:\/\/xstyle.md\/ro\/produs\/nozh-ganzo-g8012-or\/","title":{"rendered":"Cu\u021bit Ganzo G8012-OR"},"content":{"rendered":"<\/p>\n<p><strong>Cu\u021bitul Ganzo G8012-OR<\/strong> merit\u0103 luat cu tine \u00een c\u0103l\u0103torii sau \u00een camping, \u00een orice expedi\u021bie. Acesta este conceput pentru a-\u0219i ajuta proprietarul chiar \u0219i \u00een cele mai dificile momente. Materialul principal al cu\u021bitului este o\u021belul 7Cr17. Acesta con\u021bine o cantitate mare de carbon \u0219i poate fi c\u0103lit p\u00e2n\u0103 la 57 HRC. \u00cen acela\u0219i timp, rezisten\u021ba la coroziune a aliajului v\u0103 permite s\u0103 \u00eel utiliza\u021bi \u00een condi\u021bii de umiditate ridicat\u0103 f\u0103r\u0103 probleme. Lama este fixat\u0103 rigid \u00een raport cu m\u00e2nerul, ceea ce spore\u0219te rezisten\u021ba cu\u021bitului la stres. 11,5 cm din lungimea total\u0103 cad exact pe lama, care are o ascu\u021bire dreapt\u0103. Suprafa\u021ba lamei este mat\u0103 \u0219i neagr\u0103. \u00cen plus fa\u021b\u0103 de faptul c\u0103 acest cu\u021bit arat\u0103 foarte elegant, poate fi folosit \u00een scopuri tactice.<\/p>\n<p>M\u00e2nerul este fabricat din plastic ABS. Acesta apar\u021bine grupului de materiale termoplastice, care sunt cunoscute pentru rezisten\u021ba \u0219i durabilitatea lor. M\u00e2nerul din acest model poate combina elemente de culoare neagr\u0103 \u0219i portocalie sau neagr\u0103 \u0219i verde. Teaca cu\u021bitului este, de asemenea, realizat\u0103 \u00een acelea\u0219i culori. Este confec\u021bionat\u0103 din nailon \u0219i plastic, iar cu\u021bitul este \u021binut \u00een interior cu o \u00eenchidere Velcro. Pe spatele tecii este integrat\u0103 o plac\u0103 metalic\u0103 compact\u0103, acoperit\u0103 cu diamante, care reprezint\u0103 un ascu\u021bitor practic \u0219i u\u0219or pentru o sec\u021biune uniform\u0103 a lamei. \u00cen plus, un t\u0103ietor de pra\u0219tie este integrat \u00een teac\u0103, iar un arunc\u0103tor de fl\u0103c\u0103ri deta\u0219abil este fixat \u00eentr-o fant\u0103 special\u0103. \u00cen plus, m\u00e2nerul cu\u021bitului se termin\u0103 cu o mic\u0103 protuberan\u021b\u0103 plat\u0103, care ac\u021bioneaz\u0103 ca un b\u0103t\u0103tor de sticl\u0103.<\/p>\n<p>Av\u00e2nd la dispozi\u021bie cu\u021bitul Ganzo G8012, pute\u021bi merge \u00een siguran\u021b\u0103 \u00een orice expedi\u021bie. La urma urmei, v\u0103 va ajuta s\u0103 ie\u0219i\u021bi cu demnitate chiar \u0219i din cele mai extreme situa\u021bii.<\/p>\n<h3>Caracteristici<\/h3>\n<ul>\n<li>Tip de cu\u021bit: nepliabil<\/li>\n<li>Tip de t\u0103i\u0219: regulat<\/li>\n<li>Lungime total\u0103: 24,5 cm<\/li>\n<li>Lungimea lamei: 11,5 cm<\/li>\n<li>Material m\u00e2ner: material termoplastic ABS<\/li>\n<li>Duritatea o\u021belului: 57 HRC<\/li>\n<li>Grad de o\u021bel: 7Cr17<\/li>\n<li>Greutate: 356 g.<\/li>\n<\/ul>\n<h3>Marca<\/h3>\n<p>Ganzo este specializat\u0103 \u00een produc\u021bia de cu\u021bite pentru drume\u021bii, v\u00e2n\u0103toare \u0219i pescuit, precum \u0219i de multifunc\u021bionale \u0219i ascu\u021bitoare. Unelte fiabile pentru echipamentul de camping, care v\u0103 vor ajuta s\u0103 v\u0103 face\u021bi vacan\u021ba mai confortabil\u0103. Dar principalul avantaj al produselor Ganzo fa\u021b\u0103 de bunurile altor produc\u0103tori, este un nivel ridicat de produse de calitate, care pot fi achizi\u021bionate pentru bani pu\u021bini. Iar utilizarea de echipamente de \u00eenalt\u0103 clas\u0103 \u0219i un sistem de control atent al calit\u0103\u021bii v\u0103 permite s\u0103 ob\u021bine\u021bi rezultate excelente. Acest lucru este confirmat de cre\u0219terea stabil\u0103 a popularit\u0103\u021bii ascu\u021bitoarelor, cu\u021bitelor \u0219i multitoolurilor Ganzo.<\/p>\n<p><\/p>","protected":false},"excerpt":{"rendered":"<p>Cu\u021bit Ganzo G8012-OR<\/p>","protected":false},"featured_media":46302,"comment_status":"open","ping_status":"closed","template":"","meta":{"_acf_changed":false,"inline_featured_image":false},"product_brand":[1367],"product_cat":[169],"product_tag":[],"class_list":{"0":"post-30930","1":"product","2":"type-product","3":"status-publish","4":"has-post-thumbnail","6":"product_brand-ganzo","7":"product_cat-knives","9":"first","10":"instock","11":"shipping-taxable","12":"purchasable","13":"product-type-simple"},"acf":[],"yoast_head":"<!-- This site is optimized with the Yoast SEO plugin v27.4 - https:\/\/yoast.com\/product\/yoast-seo-wordpress\/ -->\n<title>\u041d\u043e\u0436 Ganzo G8012-OR - \u041c\u0430\u0433\u0430\u0437\u0438\u043d Xstyle<\/title>\n<meta name=\"description\" content=\"\u041d\u043e\u0436 Ganzo G8012-OR \u0441 \u043b\u0435\u0437\u0432\u0438\u0435\u043c \u0438\u0437 \u0441\u0442\u0430\u043b\u0438 7Cr17 (57 HRC) \u0438 ABS-\u0440\u0443\u043a\u043e\u044f\u0442\u043a\u043e\u0439 \u0438\u0434\u0435\u0430\u043b\u0435\u043d \u0434\u043b\u044f \u043f\u0443\u0442\u0435\u0448\u0435\u0441\u0442\u0432\u0438\u0439 \u0438 \u043a\u0435\u043c\u043f\u0438\u043d\u0433\u0430. \u041d\u0430\u0434\u0435\u0436\u043d\u043e\u0441\u0442\u044c \u0438 \u0441\u0442\u0438\u043b\u044c \u0432 \u043a\u0430\u0436\u0434\u043e\u0439 \u0434\u0435\u0442\u0430\u043b\u0438!\" \/>\n<meta name=\"robots\" content=\"index, follow, max-snippet:-1, max-image-preview:large, max-video-preview:-1\" \/>\n<link rel=\"canonical\" href=\"https:\/\/xstyle.md\/ro\/produs\/nozh-ganzo-g8012-or\/\" \/>\n<meta property=\"og:locale\" content=\"ro_RO\" \/>\n<meta property=\"og:type\" content=\"article\" \/>\n<meta property=\"og:title\" content=\"\u041d\u043e\u0436 Ganzo G8012-OR - \u041c\u0430\u0433\u0430\u0437\u0438\u043d Xstyle\" \/>\n<meta property=\"og:description\" content=\"\u041d\u043e\u0436 Ganzo G8012-OR \u0441 \u043b\u0435\u0437\u0432\u0438\u0435\u043c \u0438\u0437 \u0441\u0442\u0430\u043b\u0438 7Cr17 (57 HRC) \u0438 ABS-\u0440\u0443\u043a\u043e\u044f\u0442\u043a\u043e\u0439 \u0438\u0434\u0435\u0430\u043b\u0435\u043d \u0434\u043b\u044f \u043f\u0443\u0442\u0435\u0448\u0435\u0441\u0442\u0432\u0438\u0439 \u0438 \u043a\u0435\u043c\u043f\u0438\u043d\u0433\u0430. \u041d\u0430\u0434\u0435\u0436\u043d\u043e\u0441\u0442\u044c \u0438 \u0441\u0442\u0438\u043b\u044c \u0432 \u043a\u0430\u0436\u0434\u043e\u0439 \u0434\u0435\u0442\u0430\u043b\u0438!\" \/>\n<meta property=\"og:url\" content=\"https:\/\/xstyle.md\/ro\/produs\/nozh-ganzo-g8012-or\/\" \/>\n<meta property=\"og:site_name\" content=\"\u041c\u0430\u0433\u0430\u0437\u0438\u043d Xstyle\" \/>\n<meta property=\"article:publisher\" content=\"https:\/\/www.facebook.com\/xstylemd\" \/>\n<meta property=\"article:modified_time\" content=\"2025-10-24T09:35:32+00:00\" \/>\n<meta property=\"og:image\" content=\"https:\/\/xstyle.md\/wp-content\/uploads\/2021\/04\/ganzo-g8012-rotated.jpg\" \/>\n\t<meta property=\"og:image:width\" content=\"440\" \/>\n\t<meta property=\"og:image:height\" content=\"440\" \/>\n\t<meta property=\"og:image:type\" content=\"image\/jpeg\" \/>\n<meta name=\"twitter:card\" content=\"summary_large_image\" \/>\n<meta name=\"twitter:label1\" content=\"Pre\u021b\" \/>\n\t<meta name=\"twitter:data1\" content=\"790&nbsp;MDL\" \/>\n\t<meta name=\"twitter:label2\" content=\"Disponibilitate\" \/>\n\t<meta name=\"twitter:data2\" content=\"\u00cen stoc\" \/>\n<script type=\"application\/ld+json\" class=\"yoast-schema-graph\">{\"@context\":\"https:\\\/\\\/schema.org\",\"@graph\":[{\"@type\":\"WebPage\",\"@id\":\"https:\\\/\\\/xstyle.md\\\/product\\\/nozh-ganzo-g8012-or\\\/\",\"url\":\"https:\\\/\\\/xstyle.md\\\/product\\\/nozh-ganzo-g8012-or\\\/\",\"name\":\"\u041d\u043e\u0436 Ganzo G8012-OR - \u041c\u0430\u0433\u0430\u0437\u0438\u043d Xstyle\",\"isPartOf\":{\"@id\":\"https:\\\/\\\/xstyle.md\\\/#website\"},\"primaryImageOfPage\":{\"@id\":\"https:\\\/\\\/xstyle.md\\\/product\\\/nozh-ganzo-g8012-or\\\/#primaryimage\"},\"image\":{\"@id\":\"https:\\\/\\\/xstyle.md\\\/product\\\/nozh-ganzo-g8012-or\\\/#primaryimage\"},\"thumbnailUrl\":\"https:\\\/\\\/xstyle.md\\\/wp-content\\\/uploads\\\/2021\\\/04\\\/ganzo-g8012-rotated.jpg\",\"datePublished\":\"2021-04-28T13:43:06+00:00\",\"dateModified\":\"2025-10-24T09:35:32+00:00\",\"description\":\"\u041d\u043e\u0436 Ganzo G8012-OR \u0441 \u043b\u0435\u0437\u0432\u0438\u0435\u043c \u0438\u0437 \u0441\u0442\u0430\u043b\u0438 7Cr17 (57 HRC) \u0438 ABS-\u0440\u0443\u043a\u043e\u044f\u0442\u043a\u043e\u0439 \u0438\u0434\u0435\u0430\u043b\u0435\u043d \u0434\u043b\u044f \u043f\u0443\u0442\u0435\u0448\u0435\u0441\u0442\u0432\u0438\u0439 \u0438 \u043a\u0435\u043c\u043f\u0438\u043d\u0433\u0430. \u041d\u0430\u0434\u0435\u0436\u043d\u043e\u0441\u0442\u044c \u0438 \u0441\u0442\u0438\u043b\u044c \u0432 \u043a\u0430\u0436\u0434\u043e\u0439 \u0434\u0435\u0442\u0430\u043b\u0438!\",\"breadcrumb\":{\"@id\":\"https:\\\/\\\/xstyle.md\\\/product\\\/nozh-ganzo-g8012-or\\\/#breadcrumb\"},\"inLanguage\":\"ro-RO\",\"potentialAction\":[{\"@type\":\"ReadAction\",\"target\":[\"https:\\\/\\\/xstyle.md\\\/product\\\/nozh-ganzo-g8012-or\\\/\"]}]},{\"@type\":\"ImageObject\",\"inLanguage\":\"ro-RO\",\"@id\":\"https:\\\/\\\/xstyle.md\\\/product\\\/nozh-ganzo-g8012-or\\\/#primaryimage\",\"url\":\"https:\\\/\\\/xstyle.md\\\/wp-content\\\/uploads\\\/2021\\\/04\\\/ganzo-g8012-rotated.jpg\",\"contentUrl\":\"https:\\\/\\\/xstyle.md\\\/wp-content\\\/uploads\\\/2021\\\/04\\\/ganzo-g8012-rotated.jpg\",\"width\":440,\"height\":440,\"caption\":\"\u041d\u043e\u0436 Ganzo G8012-OR \u0434\u043b\u044f \u0430\u043a\u0442\u0438\u0432\u043d\u043e\u0433\u043e \u043e\u0442\u0434\u044b\u0445\u0430, \u043f\u043e\u0445\u043e\u0434\u043e\u0432, \u043f\u0443\u0442\u0435\u0448\u0435\u0441\u0442\u0432\u0438\u0439, \u0430\u043b\u044c\u043f\u0438\u043d\u0438\u0437\u043c\u0430 \u0438 \u0442\u0443\u0440\u0438\u0441\u0442\u0438\u0447\u0435\u0441\u043a\u043e\u0439 \u044d\u043a\u0438\u043f\u0438\u0440\u043e\u0432\u043a\u0438 \u0432 \u0438\u043d\u0442\u0435\u0440\u043d\u0435\u0442-\u043c\u0430\u0433\u0430\u0437\u0438\u043d\u0435\"},{\"@type\":\"BreadcrumbList\",\"@id\":\"https:\\\/\\\/xstyle.md\\\/product\\\/nozh-ganzo-g8012-or\\\/#breadcrumb\",\"itemListElement\":[{\"@type\":\"ListItem\",\"position\":1,\"name\":\"\u0413\u043b\u0430\u0432\u043d\u0430\u044f \u0441\u0442\u0440\u0430\u043d\u0438\u0446\u0430\",\"item\":\"https:\\\/\\\/xstyle.md\\\/\"},{\"@type\":\"ListItem\",\"position\":2,\"name\":\"\u041c\u0430\u0433\u0430\u0437\u0438\u043d\",\"item\":\"https:\\\/\\\/xstyle.md\\\/shop\\\/\"},{\"@type\":\"ListItem\",\"position\":3,\"name\":\"\u041d\u043e\u0436 Ganzo G8012-OR\"}]},{\"@type\":\"WebSite\",\"@id\":\"https:\\\/\\\/xstyle.md\\\/#website\",\"url\":\"https:\\\/\\\/xstyle.md\\\/\",\"name\":\"\u041c\u0430\u0433\u0430\u0437\u0438\u043d Xstyle\",\"description\":\"C\u043d\u0430\u0440\u044f\u0436\u0435\u043d\u0438\u0435 \u0434\u043b\u044f \u0442\u0443\u0440\u0438\u0437\u043c\u0430 \u0438 \u044d\u043a\u0441\u0442\u0440\u0435\u043c\u0430\u043b\u044c\u043d\u044b\u0445 \u0432\u0438\u0434\u043e\u0432 \u0441\u043f\u043e\u0440\u0442\u0430 \u0432 \u041c\u043e\u043b\u0434\u043e\u0432\u0435.. \u0426\u0435\u043d\u044b, \u0444\u043e\u0442\u043e, \u0445\u0430\u0440\u0430\u043a\u0442\u0435\u0440\u0438\u0441\u0442\u0438\u043a\u0438 \u0432 \u041c\u043e\u043b\u0434\u043e\u0432\u0435.\",\"publisher\":{\"@id\":\"https:\\\/\\\/xstyle.md\\\/#organization\"},\"alternateName\":\"X-Style\",\"potentialAction\":[{\"@type\":\"SearchAction\",\"target\":{\"@type\":\"EntryPoint\",\"urlTemplate\":\"https:\\\/\\\/xstyle.md\\\/?s={search_term_string}\"},\"query-input\":{\"@type\":\"PropertyValueSpecification\",\"valueRequired\":true,\"valueName\":\"search_term_string\"}}],\"inLanguage\":\"ro-RO\"},{\"@type\":\"Organization\",\"@id\":\"https:\\\/\\\/xstyle.md\\\/#organization\",\"name\":\"\u041c\u0430\u0433\u0430\u0437\u0438\u043d Xstyle\",\"alternateName\":\"x-style\",\"url\":\"https:\\\/\\\/xstyle.md\\\/\",\"logo\":{\"@type\":\"ImageObject\",\"inLanguage\":\"ro-RO\",\"@id\":\"https:\\\/\\\/xstyle.md\\\/#\\\/schema\\\/logo\\\/image\\\/\",\"url\":\"https:\\\/\\\/xstyle.md\\\/wp-content\\\/uploads\\\/2020\\\/06\\\/logoicon.svg\",\"contentUrl\":\"https:\\\/\\\/xstyle.md\\\/wp-content\\\/uploads\\\/2020\\\/06\\\/logoicon.svg\",\"caption\":\"\u041c\u0430\u0433\u0430\u0437\u0438\u043d Xstyle\"},\"image\":{\"@id\":\"https:\\\/\\\/xstyle.md\\\/#\\\/schema\\\/logo\\\/image\\\/\"},\"sameAs\":[\"https:\\\/\\\/www.facebook.com\\\/xstylemd\",\"https:\\\/\\\/www.instagram.com\\\/xstyle_md\\\/\",\"https:\\\/\\\/t.me\\\/xstyle_outdoor\"],\"hasMerchantReturnPolicy\":{\"@type\":\"MerchantReturnPolicy\",\"merchantReturnLink\":\"https:\\\/\\\/xstyle.md\\\/ro\\\/conditions\\\/\"}}]}<\/script>\n<meta property=\"product:price:amount\" content=\"790.00\" \/>\n<meta property=\"product:price:currency\" content=\"MDL\" \/>\n<meta property=\"og:availability\" content=\"instock\" \/>\n<meta property=\"product:availability\" content=\"instock\" \/>\n<meta property=\"product:retailer_item_id\" content=\"6955800402230\" \/>\n<meta property=\"product:condition\" content=\"new\" \/>\n<!-- \/ Yoast SEO plugin. -->","yoast_head_json":{"title":"Cu\u021bit Ganzo G8012-OR - Magazin Xstyle","description":"Cu\u021bitul Ganzo G8012-OR, cu lam\u0103 din o\u021bel 7Cr17 (57 HRC) \u0219i m\u00e2ner din ABS, este ideal pentru c\u0103l\u0103torii \u0219i camping. Fiabilitate \u0219i stil \u00een fiecare detaliu!","robots":{"index":"index","follow":"follow","max-snippet":"max-snippet:-1","max-image-preview":"max-image-preview:large","max-video-preview":"max-video-preview:-1"},"canonical":"https:\/\/xstyle.md\/ro\/produs\/nozh-ganzo-g8012-or\/","og_locale":"ro_RO","og_type":"article","og_title":"\u041d\u043e\u0436 Ganzo G8012-OR - \u041c\u0430\u0433\u0430\u0437\u0438\u043d Xstyle","og_description":"\u041d\u043e\u0436 Ganzo G8012-OR \u0441 \u043b\u0435\u0437\u0432\u0438\u0435\u043c \u0438\u0437 \u0441\u0442\u0430\u043b\u0438 7Cr17 (57 HRC) \u0438 ABS-\u0440\u0443\u043a\u043e\u044f\u0442\u043a\u043e\u0439 \u0438\u0434\u0435\u0430\u043b\u0435\u043d \u0434\u043b\u044f \u043f\u0443\u0442\u0435\u0448\u0435\u0441\u0442\u0432\u0438\u0439 \u0438 \u043a\u0435\u043c\u043f\u0438\u043d\u0433\u0430. \u041d\u0430\u0434\u0435\u0436\u043d\u043e\u0441\u0442\u044c \u0438 \u0441\u0442\u0438\u043b\u044c \u0432 \u043a\u0430\u0436\u0434\u043e\u0439 \u0434\u0435\u0442\u0430\u043b\u0438!","og_url":"https:\/\/xstyle.md\/ro\/produs\/nozh-ganzo-g8012-or\/","og_site_name":"\u041c\u0430\u0433\u0430\u0437\u0438\u043d Xstyle","article_publisher":"https:\/\/www.facebook.com\/xstylemd","article_modified_time":"2025-10-24T09:35:32+00:00","og_image":[{"width":440,"height":440,"url":"https:\/\/xstyle.md\/wp-content\/uploads\/2021\/04\/ganzo-g8012-rotated.jpg","type":"image\/jpeg"}],"twitter_card":"summary_large_image","twitter_misc":{"Pre\u021b":"790&nbsp;MDL","Disponibilitate":"\u00cen stoc"},"schema":{"@context":"https:\/\/schema.org","@graph":[{"@type":"WebPage","@id":"https:\/\/xstyle.md\/product\/nozh-ganzo-g8012-or\/","url":"https:\/\/xstyle.md\/product\/nozh-ganzo-g8012-or\/","name":"Cu\u021bit Ganzo G8012-OR - Magazin Xstyle","isPartOf":{"@id":"https:\/\/xstyle.md\/#website"},"primaryImageOfPage":{"@id":"https:\/\/xstyle.md\/product\/nozh-ganzo-g8012-or\/#primaryimage"},"image":{"@id":"https:\/\/xstyle.md\/product\/nozh-ganzo-g8012-or\/#primaryimage"},"thumbnailUrl":"https:\/\/xstyle.md\/wp-content\/uploads\/2021\/04\/ganzo-g8012-rotated.jpg","datePublished":"2021-04-28T13:43:06+00:00","dateModified":"2025-10-24T09:35:32+00:00","description":"Cu\u021bitul Ganzo G8012-OR, cu lam\u0103 din o\u021bel 7Cr17 (57 HRC) \u0219i m\u00e2ner din ABS, este ideal pentru c\u0103l\u0103torii \u0219i camping. Fiabilitate \u0219i stil \u00een fiecare detaliu!","breadcrumb":{"@id":"https:\/\/xstyle.md\/product\/nozh-ganzo-g8012-or\/#breadcrumb"},"inLanguage":"ro-RO","potentialAction":[{"@type":"ReadAction","target":["https:\/\/xstyle.md\/product\/nozh-ganzo-g8012-or\/"]}]},{"@type":"ImageObject","inLanguage":"ro-RO","@id":"https:\/\/xstyle.md\/product\/nozh-ganzo-g8012-or\/#primaryimage","url":"https:\/\/xstyle.md\/wp-content\/uploads\/2021\/04\/ganzo-g8012-rotated.jpg","contentUrl":"https:\/\/xstyle.md\/wp-content\/uploads\/2021\/04\/ganzo-g8012-rotated.jpg","width":440,"height":440,"caption":"\u041d\u043e\u0436 Ganzo G8012-OR \u0434\u043b\u044f \u0430\u043a\u0442\u0438\u0432\u043d\u043e\u0433\u043e \u043e\u0442\u0434\u044b\u0445\u0430, \u043f\u043e\u0445\u043e\u0434\u043e\u0432, \u043f\u0443\u0442\u0435\u0448\u0435\u0441\u0442\u0432\u0438\u0439, \u0430\u043b\u044c\u043f\u0438\u043d\u0438\u0437\u043c\u0430 \u0438 \u0442\u0443\u0440\u0438\u0441\u0442\u0438\u0447\u0435\u0441\u043a\u043e\u0439 \u044d\u043a\u0438\u043f\u0438\u0440\u043e\u0432\u043a\u0438 \u0432 \u0438\u043d\u0442\u0435\u0440\u043d\u0435\u0442-\u043c\u0430\u0433\u0430\u0437\u0438\u043d\u0435"},{"@type":"BreadcrumbList","@id":"https:\/\/xstyle.md\/product\/nozh-ganzo-g8012-or\/#breadcrumb","itemListElement":[{"@type":"ListItem","position":1,"name":"\u0413\u043b\u0430\u0432\u043d\u0430\u044f \u0441\u0442\u0440\u0430\u043d\u0438\u0446\u0430","item":"https:\/\/xstyle.md\/"},{"@type":"ListItem","position":2,"name":"\u041c\u0430\u0433\u0430\u0437\u0438\u043d","item":"https:\/\/xstyle.md\/shop\/"},{"@type":"ListItem","position":3,"name":"\u041d\u043e\u0436 Ganzo G8012-OR"}]},{"@type":"WebSite","@id":"https:\/\/xstyle.md\/#website","url":"https:\/\/xstyle.md\/","name":"Magazinul X-Style","description":"Echipamente pentru turism \u0219i sporturi extreme \u00een Moldova. Pre\u021buri, fotografii, caracteristici \u00een Moldova.","publisher":{"@id":"https:\/\/xstyle.md\/#organization"},"alternateName":"X-Style","potentialAction":[{"@type":"SearchAction","target":{"@type":"EntryPoint","urlTemplate":"https:\/\/xstyle.md\/?s={search_term_string}"},"query-input":{"@type":"PropertyValueSpecification","valueRequired":true,"valueName":"search_term_string"}}],"inLanguage":"ro-RO"},{"@type":"Organization","@id":"https:\/\/xstyle.md\/#organization","name":"Magazinul X-Style","alternateName":"x-style","url":"https:\/\/xstyle.md\/","logo":{"@type":"ImageObject","inLanguage":"ro-RO","@id":"https:\/\/xstyle.md\/#\/schema\/logo\/image\/","url":"https:\/\/xstyle.md\/wp-content\/uploads\/2020\/06\/logoicon.svg","contentUrl":"https:\/\/xstyle.md\/wp-content\/uploads\/2020\/06\/logoicon.svg","caption":"\u041c\u0430\u0433\u0430\u0437\u0438\u043d Xstyle"},"image":{"@id":"https:\/\/xstyle.md\/#\/schema\/logo\/image\/"},"sameAs":["https:\/\/www.facebook.com\/xstylemd","https:\/\/www.instagram.com\/xstyle_md\/","https:\/\/t.me\/xstyle_outdoor"],"hasMerchantReturnPolicy":{"@type":"MerchantReturnPolicy","merchantReturnLink":"https:\/\/xstyle.md\/ro\/conditions\/"}}]},"product_price_amount":"790.00","product_price_currency":"MDL","og_availability":"instock","product_availability":"instock","product_retailer_item_id":"6955800402230","product_condition":"new"},"post_mailing_queue_ids":[],"_links":{"self":[{"href":"https:\/\/xstyle.md\/ro\/wp-json\/wp\/v2\/product\/30930","targetHints":{"allow":["GET"]}}],"collection":[{"href":"https:\/\/xstyle.md\/ro\/wp-json\/wp\/v2\/product"}],"about":[{"href":"https:\/\/xstyle.md\/ro\/wp-json\/wp\/v2\/types\/product"}],"replies":[{"embeddable":true,"href":"https:\/\/xstyle.md\/ro\/wp-json\/wp\/v2\/comments?post=30930"}],"wp:featuredmedia":[{"embeddable":true,"href":"https:\/\/xstyle.md\/ro\/wp-json\/wp\/v2\/media\/46302"}],"wp:attachment":[{"href":"https:\/\/xstyle.md\/ro\/wp-json\/wp\/v2\/media?parent=30930"}],"wp:term":[{"taxonomy":"product_brand","embeddable":true,"href":"https:\/\/xstyle.md\/ro\/wp-json\/wp\/v2\/product_brand?post=30930"},{"taxonomy":"product_cat","embeddable":true,"href":"https:\/\/xstyle.md\/ro\/wp-json\/wp\/v2\/product_cat?post=30930"},{"taxonomy":"product_tag","embeddable":true,"href":"https:\/\/xstyle.md\/ro\/wp-json\/wp\/v2\/product_tag?post=30930"}],"curies":[{"name":"wp","href":"https:\/\/api.w.org\/{rel}","templated":true}]}}