{"id":30884,"date":"2021-04-28T14:48:01","date_gmt":"2021-04-28T11:48:01","guid":{"rendered":"https:\/\/xstyle.md\/product\/nozh-firebird-fh11s-bk\/"},"modified":"2025-10-24T12:34:14","modified_gmt":"2025-10-24T09:34:14","slug":"nozh-firebird-fh11s-bk","status":"publish","type":"product","link":"https:\/\/xstyle.md\/ro\/produs\/nozh-firebird-fh11s-bk\/","title":{"rendered":"Cu\u021bit Firebird FH11S-BK"},"content":{"rendered":"<\/p>\n<p>Cu\u021bitul <strong>Firebird FH11S-BK<\/strong> este o copie a cu\u021bitului FH11, care este deja cunoscut de clien\u021bi. Cu toate acestea, aceast\u0103 noutate este u\u0219or mai scurt\u0103 \u00een lungime. Este o variant\u0103 EDC de \u00eenalt\u0103 calitate, cu un m\u00e2ner drept \u0219i o lam\u0103 de tipul popular de lam\u0103 normal\u0103. Aceast\u0103 form\u0103 de lam\u0103 este destul de comun\u0103, iar cererea sa se datoreaz\u0103 versatilit\u0103\u021bii de utilizare. Este potrivit\u0103 at\u00e2t pentru str\u0103pungere, c\u00e2t \u0219i pentru t\u0103iere. \u00cen ceea ce prive\u0219te cu\u021bitul FH11S, acesta va fi pe placul iubitorilor de pasiune activ\u0103. Pute\u021bi lua acest cu\u021bit cu dvs. \u00een drume\u021bii, excursii, c\u0103l\u0103torii \u0219i deplas\u0103ri, sau \u00eel pute\u021bi folosi strict acas\u0103. \u00cen toate cazurile, proprietarul FH11S va fi mul\u021bumit de compactitatea, elegan\u021ba, eficien\u021ba \u0219i caracterul s\u0103u practic. S\u0103 vorbim despre cu\u021bit \u00een detaliu.<\/p>\n<p>Ceea ce este deosebit de remarcabil la acest cu\u021bit este o\u021belul lamei. Duritatea modelului atinge 60 de unit\u0103\u021bi Rockwell. Acesta este unul dintre cei mai mari indicatori pentru acest tip de unelte. Un cu\u021bit excelent, fiabil, adaptat la sarcini mecanice. Aliajul metalic al lamei este de calitate D2. Acesta este un o\u021bel de \u00eenalt\u0103 calitate, protejat de coroziune, foarte rezistent. Cu o astfel de component\u0103, cu\u021bitele ob\u021bin duritate, rezisten\u021b\u0103 \u0219i mul\u021bumesc consumatorul cu o fiabilitate impecabil\u0103. Materialul m\u00e2nerului cu\u021bitului este G10 sticl\u0103-textolit. Este modern, cu calit\u0103\u021bi bune de utilizare, rezistent la ap\u0103 \u0219i la efectele temperaturii. De asemenea, poate fi u\u0219or de colorat. M\u00e2nerul cu\u021bitului este proiectat ergonomic, are o form\u0103 confortabil\u0103 \u0219i nu va aluneca \u00een timpul utiliz\u0103rii. Culorile m\u00e2nerului sunt negru, verde, gri.<\/p>\n<p>Cu\u021bitul este echipat cu un clip metalic, ceea ce face ca utilizarea sa s\u0103 fie \u0219i mai convenabil\u0103. Pute\u021bi fixa cu\u021bitul pe un buzunar, pe o curea, \u00eel pute\u021bi prinde de o geant\u0103 sau de un rucsac. Conform experien\u021bei de utilizare a produselor anterioare Ganzo, putem spune c\u0103 cu\u021bitele au o mecanic\u0103 excelent\u0103. Sunt sigure de utilizat, u\u0219or de deschis \u0219i de \u00eenchis. \u00cencuietoarea pentru acest model este un design de tip Flipper. Cu\u021bitele pliabile au c\u00e2\u0219tigat o popularitate considerabil\u0103 \u00een r\u00e2ndul utilizatorilor. Ele sunt compacte, convenabile, u\u0219oare.<\/p>\n<p>Dimensiunile modelului FH11S: lungimea este de 18,4 centimetri, lungimea lamei este de 7,8 centimetri, grosimea lamei este de 2,9 milimetri. Greutatea produsului este de 82 de grame. Trebuie subliniat faptul c\u0103 acesta este un cu\u021bit durabil \u0219i v\u0103 pute\u021bi baza cu u\u0219urin\u021b\u0103 pe el. Modelul este rezistent la uzur\u0103, echilibrat corespunz\u0103tor. Cu\u021bitele similare anterioare au demonstrat \u00een practic\u0103 propriet\u0103\u021bi bune de t\u0103iere. Este demn de remarcat faptul c\u0103 o\u021belul D2, utilizat \u00een multe astfel de produse, p\u0103streaz\u0103 ascu\u021birea pentru o lung\u0103 perioad\u0103 de timp. Un alt avantaj este tratamentul de suprafa\u021b\u0103 al cu\u021bitelor. Lama modelelor este protejat\u0103 de apari\u021bia unor mici zg\u00e2rieturi \u0219i zg\u00e2rieturi minore. \u00ce\u0219i p\u0103streaz\u0103 aspectul chiar \u0219i dup\u0103 o utilizare \u00eendelungat\u0103. Dac\u0103 sunte\u021bi interesat de un cu\u021bit de calitate pentru utilizarea zilnic\u0103, atunci aceast\u0103 noutate de la Ganzo este tocmai potrivit\u0103. Va fi util at\u00e2t \u00een condi\u021bii urbane, c\u00e2t \u0219i pe teren \u0219i \u00een drume\u021bii, \u00een acela\u0219i timp, cu\u021bitul este nepreten\u021bios \u00een \u00eentre\u021binere, iar utilitatea sa practic\u0103 este evident\u0103.<\/p>\n<h3>Caracteristici<\/h3>\n<ul>\n<li>Tip cu\u021bit: pliabil<\/li>\n<li>Tip de t\u0103i\u0219: regulat<\/li>\n<li>Tip de blocare: Flipper<\/li>\n<li>Lungime total\u0103: 18,4 cm<\/li>\n<li>Lungimea lamei: 7,8 cm<\/li>\n<li>Material m\u00e2ner: G10<\/li>\n<li>Duritatea o\u021belului: 60 HRC<\/li>\n<li>Grad de o\u021bel: 440<\/li>\n<li>Greutate: 82 g.<\/li>\n<\/ul>\n<h3>Marca<\/h3>\n<p>Ganzo este specializat\u0103 \u00een produc\u021bia de cu\u021bite pentru drume\u021bii, v\u00e2n\u0103toare \u0219i pescuit, precum \u0219i de multifunc\u021bionale \u0219i ascu\u021bitoare. Unelte fiabile pentru echipamentul de camping, care v\u0103 vor ajuta s\u0103 v\u0103 face\u021bi vacan\u021ba mai confortabil\u0103. Dar principalul avantaj al produselor Ganzo fa\u021b\u0103 de bunurile altor produc\u0103tori, este un nivel ridicat de produse de calitate, care pot fi achizi\u021bionate pentru bani pu\u021bini. Iar utilizarea de echipamente de \u00eenalt\u0103 clas\u0103 \u0219i un sistem de control atent al calit\u0103\u021bii v\u0103 permite s\u0103 ob\u021bine\u021bi rezultate excelente. Acest lucru este confirmat de cre\u0219terea stabil\u0103 a popularit\u0103\u021bii ascu\u021bitoarelor, cu\u021bitelor \u0219i multitoolurilor Ganzo.<\/p>\n<p><\/p>","protected":false},"excerpt":{"rendered":"<p>Cu\u021bit Firebird FH11S-BK<\/p>","protected":false},"featured_media":46277,"comment_status":"open","ping_status":"closed","template":"","meta":{"_acf_changed":false,"inline_featured_image":false},"product_brand":[1415],"product_cat":[169],"product_tag":[],"class_list":{"0":"post-30884","1":"product","2":"type-product","3":"status-publish","4":"has-post-thumbnail","6":"product_brand-firebird","7":"product_cat-knives","9":"first","10":"instock","11":"shipping-taxable","12":"purchasable","13":"product-type-simple"},"acf":[],"yoast_head":"<!-- This site is optimized with the Yoast SEO plugin v27.4 - https:\/\/yoast.com\/product\/yoast-seo-wordpress\/ -->\n<title>\u041d\u043e\u0436 Firebird FH11S-BK - \u041c\u0430\u0433\u0430\u0437\u0438\u043d Xstyle<\/title>\n<meta name=\"description\" content=\"\u041d\u043e\u0436 Firebird FH11S-BK \u2014 \u043d\u0430\u0434\u0435\u0436\u043d\u044b\u0439 EDC \u0441 \u043b\u0435\u0437\u0432\u0438\u0435\u043c D2 \u0438 \u0440\u0443\u043a\u043e\u044f\u0442\u043a\u043e\u0439 G10. \u0418\u0434\u0435\u0430\u043b\u0435\u043d \u0434\u043b\u044f \u043f\u043e\u0432\u0441\u0435\u0434\u043d\u0435\u0432\u043d\u043e\u0433\u043e \u0438\u0441\u043f\u043e\u043b\u044c\u0437\u043e\u0432\u0430\u043d\u0438\u044f. \u041e\u0442\u043a\u0440\u043e\u0439\u0442\u0435 \u043c\u0438\u0440 \u043a\u0430\u0447\u0435\u0441\u0442\u0432\u0430 \u0441 Firebird!\" \/>\n<meta name=\"robots\" content=\"index, follow, max-snippet:-1, max-image-preview:large, max-video-preview:-1\" \/>\n<link rel=\"canonical\" href=\"https:\/\/xstyle.md\/ro\/produs\/nozh-firebird-fh11s-bk\/\" \/>\n<meta property=\"og:locale\" content=\"ro_RO\" \/>\n<meta property=\"og:type\" content=\"article\" \/>\n<meta property=\"og:title\" content=\"\u041d\u043e\u0436 Firebird FH11S-BK - \u041c\u0430\u0433\u0430\u0437\u0438\u043d Xstyle\" \/>\n<meta property=\"og:description\" content=\"\u041d\u043e\u0436 Firebird FH11S-BK \u2014 \u043d\u0430\u0434\u0435\u0436\u043d\u044b\u0439 EDC \u0441 \u043b\u0435\u0437\u0432\u0438\u0435\u043c D2 \u0438 \u0440\u0443\u043a\u043e\u044f\u0442\u043a\u043e\u0439 G10. \u0418\u0434\u0435\u0430\u043b\u0435\u043d \u0434\u043b\u044f \u043f\u043e\u0432\u0441\u0435\u0434\u043d\u0435\u0432\u043d\u043e\u0433\u043e \u0438\u0441\u043f\u043e\u043b\u044c\u0437\u043e\u0432\u0430\u043d\u0438\u044f. \u041e\u0442\u043a\u0440\u043e\u0439\u0442\u0435 \u043c\u0438\u0440 \u043a\u0430\u0447\u0435\u0441\u0442\u0432\u0430 \u0441 Firebird!\" \/>\n<meta property=\"og:url\" content=\"https:\/\/xstyle.md\/ro\/produs\/nozh-firebird-fh11s-bk\/\" \/>\n<meta property=\"og:site_name\" content=\"\u041c\u0430\u0433\u0430\u0437\u0438\u043d Xstyle\" \/>\n<meta property=\"article:publisher\" content=\"https:\/\/www.facebook.com\/xstylemd\" \/>\n<meta property=\"article:modified_time\" content=\"2025-10-24T09:34:14+00:00\" \/>\n<meta property=\"og:image\" content=\"https:\/\/xstyle.md\/wp-content\/uploads\/2021\/04\/firebird-fh11s-rotated.jpg\" \/>\n\t<meta property=\"og:image:width\" content=\"900\" \/>\n\t<meta property=\"og:image:height\" content=\"900\" \/>\n\t<meta property=\"og:image:type\" content=\"image\/jpeg\" \/>\n<meta name=\"twitter:card\" content=\"summary_large_image\" \/>\n<meta name=\"twitter:label1\" content=\"Pre\u021b\" \/>\n\t<meta name=\"twitter:data1\" content=\"730&nbsp;MDL\" \/>\n\t<meta name=\"twitter:label2\" content=\"Disponibilitate\" \/>\n\t<meta name=\"twitter:data2\" content=\"\u00cen stoc\" \/>\n<script type=\"application\/ld+json\" class=\"yoast-schema-graph\">{\"@context\":\"https:\\\/\\\/schema.org\",\"@graph\":[{\"@type\":\"WebPage\",\"@id\":\"https:\\\/\\\/xstyle.md\\\/product\\\/nozh-firebird-fh11s-bk\\\/\",\"url\":\"https:\\\/\\\/xstyle.md\\\/product\\\/nozh-firebird-fh11s-bk\\\/\",\"name\":\"\u041d\u043e\u0436 Firebird FH11S-BK - \u041c\u0430\u0433\u0430\u0437\u0438\u043d Xstyle\",\"isPartOf\":{\"@id\":\"https:\\\/\\\/xstyle.md\\\/#website\"},\"primaryImageOfPage\":{\"@id\":\"https:\\\/\\\/xstyle.md\\\/product\\\/nozh-firebird-fh11s-bk\\\/#primaryimage\"},\"image\":{\"@id\":\"https:\\\/\\\/xstyle.md\\\/product\\\/nozh-firebird-fh11s-bk\\\/#primaryimage\"},\"thumbnailUrl\":\"https:\\\/\\\/xstyle.md\\\/wp-content\\\/uploads\\\/2021\\\/04\\\/firebird-fh11s-rotated.jpg\",\"datePublished\":\"2021-04-28T11:48:01+00:00\",\"dateModified\":\"2025-10-24T09:34:14+00:00\",\"description\":\"\u041d\u043e\u0436 Firebird FH11S-BK \u2014 \u043d\u0430\u0434\u0435\u0436\u043d\u044b\u0439 EDC \u0441 \u043b\u0435\u0437\u0432\u0438\u0435\u043c D2 \u0438 \u0440\u0443\u043a\u043e\u044f\u0442\u043a\u043e\u0439 G10. \u0418\u0434\u0435\u0430\u043b\u0435\u043d \u0434\u043b\u044f \u043f\u043e\u0432\u0441\u0435\u0434\u043d\u0435\u0432\u043d\u043e\u0433\u043e \u0438\u0441\u043f\u043e\u043b\u044c\u0437\u043e\u0432\u0430\u043d\u0438\u044f. \u041e\u0442\u043a\u0440\u043e\u0439\u0442\u0435 \u043c\u0438\u0440 \u043a\u0430\u0447\u0435\u0441\u0442\u0432\u0430 \u0441 Firebird!\",\"breadcrumb\":{\"@id\":\"https:\\\/\\\/xstyle.md\\\/product\\\/nozh-firebird-fh11s-bk\\\/#breadcrumb\"},\"inLanguage\":\"ro-RO\",\"potentialAction\":[{\"@type\":\"ReadAction\",\"target\":[\"https:\\\/\\\/xstyle.md\\\/product\\\/nozh-firebird-fh11s-bk\\\/\"]}]},{\"@type\":\"ImageObject\",\"inLanguage\":\"ro-RO\",\"@id\":\"https:\\\/\\\/xstyle.md\\\/product\\\/nozh-firebird-fh11s-bk\\\/#primaryimage\",\"url\":\"https:\\\/\\\/xstyle.md\\\/wp-content\\\/uploads\\\/2021\\\/04\\\/firebird-fh11s-rotated.jpg\",\"contentUrl\":\"https:\\\/\\\/xstyle.md\\\/wp-content\\\/uploads\\\/2021\\\/04\\\/firebird-fh11s-rotated.jpg\",\"width\":900,\"height\":900,\"caption\":\"\u0422\u043e\u043f\u043e\u0440 Firebird FH11S-BK \u0434\u043b\u044f \u0430\u043a\u0442\u0438\u0432\u043d\u043e\u0433\u043e \u043e\u0442\u0434\u044b\u0445\u0430, \u043f\u043e\u0445\u043e\u0434\u043e\u0432, \u0430\u043b\u044c\u043f\u0438\u043d\u0438\u0437\u043c\u0430, \u0442\u0443\u0440\u0438\u0441\u0442\u0438\u0447\u0435\u0441\u043a\u043e\u0439 \u044d\u043a\u0438\u043f\u0438\u0440\u043e\u0432\u043a\u0438 \u0438 \u043f\u0440\u043e\u0434\u0430\u0436\u0438 \u0432 \u0438\u043d\u0442\u0435\u0440\u043d\u0435\u0442-\u043c\u0430\u0433\u0430\u0437\u0438\u043d\u0435\"},{\"@type\":\"BreadcrumbList\",\"@id\":\"https:\\\/\\\/xstyle.md\\\/product\\\/nozh-firebird-fh11s-bk\\\/#breadcrumb\",\"itemListElement\":[{\"@type\":\"ListItem\",\"position\":1,\"name\":\"\u0413\u043b\u0430\u0432\u043d\u0430\u044f \u0441\u0442\u0440\u0430\u043d\u0438\u0446\u0430\",\"item\":\"https:\\\/\\\/xstyle.md\\\/\"},{\"@type\":\"ListItem\",\"position\":2,\"name\":\"\u041c\u0430\u0433\u0430\u0437\u0438\u043d\",\"item\":\"https:\\\/\\\/xstyle.md\\\/shop\\\/\"},{\"@type\":\"ListItem\",\"position\":3,\"name\":\"\u041d\u043e\u0436 Firebird FH11S-BK\"}]},{\"@type\":\"WebSite\",\"@id\":\"https:\\\/\\\/xstyle.md\\\/#website\",\"url\":\"https:\\\/\\\/xstyle.md\\\/\",\"name\":\"\u041c\u0430\u0433\u0430\u0437\u0438\u043d Xstyle\",\"description\":\"C\u043d\u0430\u0440\u044f\u0436\u0435\u043d\u0438\u0435 \u0434\u043b\u044f \u0442\u0443\u0440\u0438\u0437\u043c\u0430 \u0438 \u044d\u043a\u0441\u0442\u0440\u0435\u043c\u0430\u043b\u044c\u043d\u044b\u0445 \u0432\u0438\u0434\u043e\u0432 \u0441\u043f\u043e\u0440\u0442\u0430 \u0432 \u041c\u043e\u043b\u0434\u043e\u0432\u0435.. \u0426\u0435\u043d\u044b, \u0444\u043e\u0442\u043e, \u0445\u0430\u0440\u0430\u043a\u0442\u0435\u0440\u0438\u0441\u0442\u0438\u043a\u0438 \u0432 \u041c\u043e\u043b\u0434\u043e\u0432\u0435.\",\"publisher\":{\"@id\":\"https:\\\/\\\/xstyle.md\\\/#organization\"},\"alternateName\":\"X-Style\",\"potentialAction\":[{\"@type\":\"SearchAction\",\"target\":{\"@type\":\"EntryPoint\",\"urlTemplate\":\"https:\\\/\\\/xstyle.md\\\/?s={search_term_string}\"},\"query-input\":{\"@type\":\"PropertyValueSpecification\",\"valueRequired\":true,\"valueName\":\"search_term_string\"}}],\"inLanguage\":\"ro-RO\"},{\"@type\":\"Organization\",\"@id\":\"https:\\\/\\\/xstyle.md\\\/#organization\",\"name\":\"\u041c\u0430\u0433\u0430\u0437\u0438\u043d Xstyle\",\"alternateName\":\"x-style\",\"url\":\"https:\\\/\\\/xstyle.md\\\/\",\"logo\":{\"@type\":\"ImageObject\",\"inLanguage\":\"ro-RO\",\"@id\":\"https:\\\/\\\/xstyle.md\\\/#\\\/schema\\\/logo\\\/image\\\/\",\"url\":\"https:\\\/\\\/xstyle.md\\\/wp-content\\\/uploads\\\/2020\\\/06\\\/logoicon.svg\",\"contentUrl\":\"https:\\\/\\\/xstyle.md\\\/wp-content\\\/uploads\\\/2020\\\/06\\\/logoicon.svg\",\"caption\":\"\u041c\u0430\u0433\u0430\u0437\u0438\u043d Xstyle\"},\"image\":{\"@id\":\"https:\\\/\\\/xstyle.md\\\/#\\\/schema\\\/logo\\\/image\\\/\"},\"sameAs\":[\"https:\\\/\\\/www.facebook.com\\\/xstylemd\",\"https:\\\/\\\/www.instagram.com\\\/xstyle_md\\\/\",\"https:\\\/\\\/t.me\\\/xstyle_outdoor\"],\"hasMerchantReturnPolicy\":{\"@type\":\"MerchantReturnPolicy\",\"merchantReturnLink\":\"https:\\\/\\\/xstyle.md\\\/ro\\\/conditions\\\/\"}}]}<\/script>\n<meta property=\"product:price:amount\" content=\"730.00\" \/>\n<meta property=\"product:price:currency\" content=\"MDL\" \/>\n<meta property=\"og:availability\" content=\"instock\" \/>\n<meta property=\"product:availability\" content=\"instock\" \/>\n<meta property=\"product:retailer_item_id\" content=\"6972591190115\" \/>\n<meta property=\"product:condition\" content=\"new\" \/>\n<!-- \/ Yoast SEO plugin. -->","yoast_head_json":{"title":"Cu\u021bit Firebird FH11S-BK - Magazin Xstyle","description":"Centrala Firebird FH11S-BK \u2014 un EDC de \u00eencredere cu lama D2 \u0219i un m\u00e2ner G10. Ideal pentru utilizarea zilnic\u0103. Descoperi\u021bi lumea calit\u0103\u021bii cu Firebird!","robots":{"index":"index","follow":"follow","max-snippet":"max-snippet:-1","max-image-preview":"max-image-preview:large","max-video-preview":"max-video-preview:-1"},"canonical":"https:\/\/xstyle.md\/ro\/produs\/nozh-firebird-fh11s-bk\/","og_locale":"ro_RO","og_type":"article","og_title":"\u041d\u043e\u0436 Firebird FH11S-BK - \u041c\u0430\u0433\u0430\u0437\u0438\u043d Xstyle","og_description":"\u041d\u043e\u0436 Firebird FH11S-BK \u2014 \u043d\u0430\u0434\u0435\u0436\u043d\u044b\u0439 EDC \u0441 \u043b\u0435\u0437\u0432\u0438\u0435\u043c D2 \u0438 \u0440\u0443\u043a\u043e\u044f\u0442\u043a\u043e\u0439 G10. \u0418\u0434\u0435\u0430\u043b\u0435\u043d \u0434\u043b\u044f \u043f\u043e\u0432\u0441\u0435\u0434\u043d\u0435\u0432\u043d\u043e\u0433\u043e \u0438\u0441\u043f\u043e\u043b\u044c\u0437\u043e\u0432\u0430\u043d\u0438\u044f. \u041e\u0442\u043a\u0440\u043e\u0439\u0442\u0435 \u043c\u0438\u0440 \u043a\u0430\u0447\u0435\u0441\u0442\u0432\u0430 \u0441 Firebird!","og_url":"https:\/\/xstyle.md\/ro\/produs\/nozh-firebird-fh11s-bk\/","og_site_name":"\u041c\u0430\u0433\u0430\u0437\u0438\u043d Xstyle","article_publisher":"https:\/\/www.facebook.com\/xstylemd","article_modified_time":"2025-10-24T09:34:14+00:00","og_image":[{"width":900,"height":900,"url":"https:\/\/xstyle.md\/wp-content\/uploads\/2021\/04\/firebird-fh11s-rotated.jpg","type":"image\/jpeg"}],"twitter_card":"summary_large_image","twitter_misc":{"Pre\u021b":"730&nbsp;MDL","Disponibilitate":"\u00cen stoc"},"schema":{"@context":"https:\/\/schema.org","@graph":[{"@type":"WebPage","@id":"https:\/\/xstyle.md\/product\/nozh-firebird-fh11s-bk\/","url":"https:\/\/xstyle.md\/product\/nozh-firebird-fh11s-bk\/","name":"Cu\u021bit Firebird FH11S-BK - Magazin Xstyle","isPartOf":{"@id":"https:\/\/xstyle.md\/#website"},"primaryImageOfPage":{"@id":"https:\/\/xstyle.md\/product\/nozh-firebird-fh11s-bk\/#primaryimage"},"image":{"@id":"https:\/\/xstyle.md\/product\/nozh-firebird-fh11s-bk\/#primaryimage"},"thumbnailUrl":"https:\/\/xstyle.md\/wp-content\/uploads\/2021\/04\/firebird-fh11s-rotated.jpg","datePublished":"2021-04-28T11:48:01+00:00","dateModified":"2025-10-24T09:34:14+00:00","description":"Centrala Firebird FH11S-BK \u2014 un EDC de \u00eencredere cu lama D2 \u0219i un m\u00e2ner G10. Ideal pentru utilizarea zilnic\u0103. Descoperi\u021bi lumea calit\u0103\u021bii cu Firebird!","breadcrumb":{"@id":"https:\/\/xstyle.md\/product\/nozh-firebird-fh11s-bk\/#breadcrumb"},"inLanguage":"ro-RO","potentialAction":[{"@type":"ReadAction","target":["https:\/\/xstyle.md\/product\/nozh-firebird-fh11s-bk\/"]}]},{"@type":"ImageObject","inLanguage":"ro-RO","@id":"https:\/\/xstyle.md\/product\/nozh-firebird-fh11s-bk\/#primaryimage","url":"https:\/\/xstyle.md\/wp-content\/uploads\/2021\/04\/firebird-fh11s-rotated.jpg","contentUrl":"https:\/\/xstyle.md\/wp-content\/uploads\/2021\/04\/firebird-fh11s-rotated.jpg","width":900,"height":900,"caption":"\u0422\u043e\u043f\u043e\u0440 Firebird FH11S-BK \u0434\u043b\u044f \u0430\u043a\u0442\u0438\u0432\u043d\u043e\u0433\u043e \u043e\u0442\u0434\u044b\u0445\u0430, \u043f\u043e\u0445\u043e\u0434\u043e\u0432, \u0430\u043b\u044c\u043f\u0438\u043d\u0438\u0437\u043c\u0430, \u0442\u0443\u0440\u0438\u0441\u0442\u0438\u0447\u0435\u0441\u043a\u043e\u0439 \u044d\u043a\u0438\u043f\u0438\u0440\u043e\u0432\u043a\u0438 \u0438 \u043f\u0440\u043e\u0434\u0430\u0436\u0438 \u0432 \u0438\u043d\u0442\u0435\u0440\u043d\u0435\u0442-\u043c\u0430\u0433\u0430\u0437\u0438\u043d\u0435"},{"@type":"BreadcrumbList","@id":"https:\/\/xstyle.md\/product\/nozh-firebird-fh11s-bk\/#breadcrumb","itemListElement":[{"@type":"ListItem","position":1,"name":"\u0413\u043b\u0430\u0432\u043d\u0430\u044f \u0441\u0442\u0440\u0430\u043d\u0438\u0446\u0430","item":"https:\/\/xstyle.md\/"},{"@type":"ListItem","position":2,"name":"\u041c\u0430\u0433\u0430\u0437\u0438\u043d","item":"https:\/\/xstyle.md\/shop\/"},{"@type":"ListItem","position":3,"name":"\u041d\u043e\u0436 Firebird FH11S-BK"}]},{"@type":"WebSite","@id":"https:\/\/xstyle.md\/#website","url":"https:\/\/xstyle.md\/","name":"Magazinul X-Style","description":"Echipamente pentru turism \u0219i sporturi extreme \u00een Moldova. Pre\u021buri, fotografii, caracteristici \u00een Moldova.","publisher":{"@id":"https:\/\/xstyle.md\/#organization"},"alternateName":"X-Style","potentialAction":[{"@type":"SearchAction","target":{"@type":"EntryPoint","urlTemplate":"https:\/\/xstyle.md\/?s={search_term_string}"},"query-input":{"@type":"PropertyValueSpecification","valueRequired":true,"valueName":"search_term_string"}}],"inLanguage":"ro-RO"},{"@type":"Organization","@id":"https:\/\/xstyle.md\/#organization","name":"Magazinul X-Style","alternateName":"x-style","url":"https:\/\/xstyle.md\/","logo":{"@type":"ImageObject","inLanguage":"ro-RO","@id":"https:\/\/xstyle.md\/#\/schema\/logo\/image\/","url":"https:\/\/xstyle.md\/wp-content\/uploads\/2020\/06\/logoicon.svg","contentUrl":"https:\/\/xstyle.md\/wp-content\/uploads\/2020\/06\/logoicon.svg","caption":"\u041c\u0430\u0433\u0430\u0437\u0438\u043d Xstyle"},"image":{"@id":"https:\/\/xstyle.md\/#\/schema\/logo\/image\/"},"sameAs":["https:\/\/www.facebook.com\/xstylemd","https:\/\/www.instagram.com\/xstyle_md\/","https:\/\/t.me\/xstyle_outdoor"],"hasMerchantReturnPolicy":{"@type":"MerchantReturnPolicy","merchantReturnLink":"https:\/\/xstyle.md\/ro\/conditions\/"}}]},"product_price_amount":"730.00","product_price_currency":"MDL","og_availability":"instock","product_availability":"instock","product_retailer_item_id":"6972591190115","product_condition":"new"},"post_mailing_queue_ids":[],"_links":{"self":[{"href":"https:\/\/xstyle.md\/ro\/wp-json\/wp\/v2\/product\/30884","targetHints":{"allow":["GET"]}}],"collection":[{"href":"https:\/\/xstyle.md\/ro\/wp-json\/wp\/v2\/product"}],"about":[{"href":"https:\/\/xstyle.md\/ro\/wp-json\/wp\/v2\/types\/product"}],"replies":[{"embeddable":true,"href":"https:\/\/xstyle.md\/ro\/wp-json\/wp\/v2\/comments?post=30884"}],"wp:featuredmedia":[{"embeddable":true,"href":"https:\/\/xstyle.md\/ro\/wp-json\/wp\/v2\/media\/46277"}],"wp:attachment":[{"href":"https:\/\/xstyle.md\/ro\/wp-json\/wp\/v2\/media?parent=30884"}],"wp:term":[{"taxonomy":"product_brand","embeddable":true,"href":"https:\/\/xstyle.md\/ro\/wp-json\/wp\/v2\/product_brand?post=30884"},{"taxonomy":"product_cat","embeddable":true,"href":"https:\/\/xstyle.md\/ro\/wp-json\/wp\/v2\/product_cat?post=30884"},{"taxonomy":"product_tag","embeddable":true,"href":"https:\/\/xstyle.md\/ro\/wp-json\/wp\/v2\/product_tag?post=30884"}],"curies":[{"name":"wp","href":"https:\/\/api.w.org\/{rel}","templated":true}]}}