{"id":3071,"date":"2020-07-16T17:38:12","date_gmt":"2020-07-16T14:38:12","guid":{"rendered":"https:\/\/xstyle.md\/product\/bahily-outdoor-research-flex-tex-ii-gaiters"},"modified":"2026-03-19T16:32:41","modified_gmt":"2026-03-19T13:32:41","slug":"bahily-outdoor-research-flex-tex-ii-gaiters","status":"publish","type":"product","link":"https:\/\/xstyle.md\/ro\/produs\/bahily-outdoor-research-flex-tex-ii-gaiters\/","title":{"rendered":"Paraz\u0103pezi Outdoor Research Flex-tex II Gaiters black"},"content":{"rendered":"<\/p>\n<p>Parazapezi <strong>Outdoor Research Flex-tex II Gaiters <\/strong>&#8212; ghetre elastice \u0219i respirabile \u00eentr-o form\u0103 versatil\u0103. Confec\u021bionate dintr-un amestec durabil de nailon \u0219i spandex. Se potrivesc la o gam\u0103 larg\u0103 de combina\u021bii de \u00eenc\u0103l\u021b\u0103minte \u0219i pantaloni datorit\u0103 spatelui inovator \u00een form\u0103 de x. Rezistente la ap\u0103 \u0219i respirabile, o sai puteti purta mult timp.<\/p>\n<h3>Particularit\u0103\u021bi<\/h3>\n<ul>\n<li>Potrivit at\u00e2t pentru cizme, c\u00e2t \u0219i pentru adidasi<\/li>\n<li>Pentru toate anotimpurile<\/li>\n<li>U\u0219or, cu o croial\u0103 \u00eengrijit\u0103 (groas\u0103)<\/li>\n<li>Velcro foarte larg \u0219i str\u00e2ns \u00een fa\u021b\u0103<\/li>\n<li>C\u00e2rlig sigur pentru ata\u0219area la \u0219ireturi<\/li>\n<li>Cureaua de ridicare Durable BioThane\u00ae.<\/li>\n<\/ul>\n<h3>Caracteristici<\/h3>\n<ul>\n<li>Material &#8212; 92% nailon, 8% spandex<\/li>\n<li>Scop &#8212; drume\u021bii<\/li>\n<li>Greutate &#8212; 119g<\/li>\n<li>Model &#8212; unisex.<\/li>\n<\/ul>\n<h3>Tehnologie<\/h3>\n<ul>\n<li><strong>BioThane<\/strong>\u00ae &#8212; este numele de marc\u0103 al tuturor produselor cu acoperire fabricate de BioThane Coated Webbing Corp. Acestea sunt \u00een principal benzi din poliester acoperite cu TPU sau PVC, ceea ce le face mai durabile, impermeabile \u0219i u\u0219or de cur\u0103\u021bat.<\/li>\n<\/ul>\n<h3>Marca<\/h3>\n<p>Outdoor Research\u00ae &#8212; companie fondat\u0103 de alpinistul Ron Gregg \u00een anii 1980 \u00een SUA, ca urmare a dorin\u021bei de a produce echipament de cea mai \u00eenalt\u0103 calitate, care nu v\u0103 va dezam\u0103gi \u00een nicio circumstan\u021b\u0103. Outdoor Research\u00ae ofer\u0103 o gam\u0103 larg\u0103 de produse pentru sporturi extreme, activit\u0103\u021bi \u00een aer liber \u0219i turism. \u00cembr\u0103c\u0103minte, rucsacuri \u0219i gen\u021bi, protec\u021bie \u00eempotriva stropilor, gen\u021bi de compresie \u0219i ermetice, sisteme de depozitare \u0219i multe altele, toate pentru a v\u0103 sim\u021bi confortabil \u00een orice condi\u021bii climatice \u00een afara casei.<\/p>\n<p>","protected":false},"excerpt":{"rendered":"<p>Paraz\u0103pezi Outdoor Research Flex-tex II Gaiters black<\/p>","protected":false},"featured_media":3070,"comment_status":"open","ping_status":"closed","template":"","meta":{"_acf_changed":false,"inline_featured_image":false},"product_brand":[1328],"product_cat":[347],"product_tag":[],"class_list":{"0":"post-3071","1":"product","2":"type-product","3":"status-publish","4":"has-post-thumbnail","6":"product_brand-outdoor-research","7":"product_cat-shoe-covers","9":"first","10":"outofstock","11":"shipping-taxable","12":"product-type-simple"},"acf":[],"yoast_head":"<!-- This site is optimized with the Yoast SEO plugin v27.2 - https:\/\/yoast.com\/product\/yoast-seo-wordpress\/ -->\n<title>\u0411\u0430\u0445\u0438\u043b\u044b Outdoor Research Flex-tex II Gaiters black - \u041c\u0430\u0433\u0430\u0437\u0438\u043d Xstyle<\/title>\n<meta name=\"description\" content=\"\u0411\u0430\u0445\u0438\u043b\u044b Outdoor Research Flex-tex II: \u044d\u043b\u0430\u0441\u0442\u0438\u0447\u043d\u044b\u0435 \u0438 \u0434\u044b\u0448\u0430\u0449\u0438\u0435, \u0438\u0437 \u043f\u0440\u043e\u0447\u043d\u043e\u0433\u043e \u043d\u0435\u0439\u043b\u043e\u043d\u0430 \u0438 \u0441\u043f\u0430\u043d\u0434\u0435\u043a\u0441\u0430, \u043f\u043e\u0434\u0445\u043e\u0434\u044f\u0442 \u0434\u043b\u044f \u043b\u044e\u0431\u043e\u0439 \u043e\u0431\u0443\u0432\u0438. \u0417\u0430\u0449\u0438\u0442\u0430 \u043e\u0442 \u0432\u043e\u0434\u044b \u0438 \u0433\u0440\u044f\u0437\u0438!\" \/>\n<meta name=\"robots\" content=\"index, follow, max-snippet:-1, max-image-preview:large, max-video-preview:-1\" \/>\n<link rel=\"canonical\" href=\"https:\/\/xstyle.md\/ro\/produs\/bahily-outdoor-research-flex-tex-ii-gaiters\/\" \/>\n<meta property=\"og:locale\" content=\"ro_RO\" \/>\n<meta property=\"og:type\" content=\"article\" \/>\n<meta property=\"og:title\" content=\"\u0411\u0430\u0445\u0438\u043b\u044b Outdoor Research Flex-tex II Gaiters black - \u041c\u0430\u0433\u0430\u0437\u0438\u043d Xstyle\" \/>\n<meta property=\"og:description\" content=\"\u0411\u0430\u0445\u0438\u043b\u044b Outdoor Research Flex-tex II: \u044d\u043b\u0430\u0441\u0442\u0438\u0447\u043d\u044b\u0435 \u0438 \u0434\u044b\u0448\u0430\u0449\u0438\u0435, \u0438\u0437 \u043f\u0440\u043e\u0447\u043d\u043e\u0433\u043e \u043d\u0435\u0439\u043b\u043e\u043d\u0430 \u0438 \u0441\u043f\u0430\u043d\u0434\u0435\u043a\u0441\u0430, \u043f\u043e\u0434\u0445\u043e\u0434\u044f\u0442 \u0434\u043b\u044f \u043b\u044e\u0431\u043e\u0439 \u043e\u0431\u0443\u0432\u0438. \u0417\u0430\u0449\u0438\u0442\u0430 \u043e\u0442 \u0432\u043e\u0434\u044b \u0438 \u0433\u0440\u044f\u0437\u0438!\" \/>\n<meta property=\"og:url\" content=\"https:\/\/xstyle.md\/ro\/produs\/bahily-outdoor-research-flex-tex-ii-gaiters\/\" \/>\n<meta property=\"og:site_name\" content=\"\u041c\u0430\u0433\u0430\u0437\u0438\u043d Xstyle\" \/>\n<meta property=\"article:publisher\" content=\"https:\/\/www.facebook.com\/xstylemd\" \/>\n<meta property=\"article:modified_time\" content=\"2026-03-19T13:32:41+00:00\" \/>\n<meta property=\"og:image\" content=\"https:\/\/xstyle.md\/wp-content\/uploads\/2020\/07\/61060_001.jpg\" \/>\n\t<meta property=\"og:image:width\" content=\"470\" \/>\n\t<meta property=\"og:image:height\" content=\"500\" \/>\n\t<meta property=\"og:image:type\" content=\"image\/jpeg\" \/>\n<meta name=\"twitter:card\" content=\"summary_large_image\" \/>\n<meta name=\"twitter:label1\" content=\"Pre\u021b\" \/>\n\t<meta name=\"twitter:data1\" content=\"1.340&nbsp;MDL\" \/>\n\t<meta name=\"twitter:label2\" content=\"Disponibilitate\" \/>\n\t<meta name=\"twitter:data2\" content=\"Stoc epuizat\" \/>\n<script type=\"application\/ld+json\" class=\"yoast-schema-graph\">{\"@context\":\"https:\/\/schema.org\",\"@graph\":[{\"@type\":\"WebPage\",\"@id\":\"https:\/\/xstyle.md\/product\/bahily-outdoor-research-flex-tex-ii-gaiters\/\",\"url\":\"https:\/\/xstyle.md\/product\/bahily-outdoor-research-flex-tex-ii-gaiters\/\",\"name\":\"\u0411\u0430\u0445\u0438\u043b\u044b Outdoor Research Flex-tex II Gaiters black - \u041c\u0430\u0433\u0430\u0437\u0438\u043d Xstyle\",\"isPartOf\":{\"@id\":\"https:\/\/xstyle.md\/#website\"},\"primaryImageOfPage\":{\"@id\":\"https:\/\/xstyle.md\/product\/bahily-outdoor-research-flex-tex-ii-gaiters\/#primaryimage\"},\"image\":{\"@id\":\"https:\/\/xstyle.md\/product\/bahily-outdoor-research-flex-tex-ii-gaiters\/#primaryimage\"},\"thumbnailUrl\":\"https:\/\/xstyle.md\/wp-content\/uploads\/2020\/07\/61060_001.jpg\",\"datePublished\":\"2020-07-16T14:38:12+00:00\",\"dateModified\":\"2026-03-19T13:32:41+00:00\",\"description\":\"\u0411\u0430\u0445\u0438\u043b\u044b Outdoor Research Flex-tex II: \u044d\u043b\u0430\u0441\u0442\u0438\u0447\u043d\u044b\u0435 \u0438 \u0434\u044b\u0448\u0430\u0449\u0438\u0435, \u0438\u0437 \u043f\u0440\u043e\u0447\u043d\u043e\u0433\u043e \u043d\u0435\u0439\u043b\u043e\u043d\u0430 \u0438 \u0441\u043f\u0430\u043d\u0434\u0435\u043a\u0441\u0430, \u043f\u043e\u0434\u0445\u043e\u0434\u044f\u0442 \u0434\u043b\u044f \u043b\u044e\u0431\u043e\u0439 \u043e\u0431\u0443\u0432\u0438. \u0417\u0430\u0449\u0438\u0442\u0430 \u043e\u0442 \u0432\u043e\u0434\u044b \u0438 \u0433\u0440\u044f\u0437\u0438!\",\"breadcrumb\":{\"@id\":\"https:\/\/xstyle.md\/product\/bahily-outdoor-research-flex-tex-ii-gaiters\/#breadcrumb\"},\"inLanguage\":\"ro-RO\",\"potentialAction\":[{\"@type\":\"ReadAction\",\"target\":[\"https:\/\/xstyle.md\/product\/bahily-outdoor-research-flex-tex-ii-gaiters\/\"]}]},{\"@type\":\"ImageObject\",\"inLanguage\":\"ro-RO\",\"@id\":\"https:\/\/xstyle.md\/product\/bahily-outdoor-research-flex-tex-ii-gaiters\/#primaryimage\",\"url\":\"https:\/\/xstyle.md\/wp-content\/uploads\/2020\/07\/61060_001.jpg\",\"contentUrl\":\"https:\/\/xstyle.md\/wp-content\/uploads\/2020\/07\/61060_001.jpg\",\"width\":470,\"height\":500},{\"@type\":\"BreadcrumbList\",\"@id\":\"https:\/\/xstyle.md\/product\/bahily-outdoor-research-flex-tex-ii-gaiters\/#breadcrumb\",\"itemListElement\":[{\"@type\":\"ListItem\",\"position\":1,\"name\":\"\u0413\u043b\u0430\u0432\u043d\u0430\u044f \u0441\u0442\u0440\u0430\u043d\u0438\u0446\u0430\",\"item\":\"https:\/\/xstyle.md\/\"},{\"@type\":\"ListItem\",\"position\":2,\"name\":\"\u041c\u0430\u0433\u0430\u0437\u0438\u043d\",\"item\":\"https:\/\/xstyle.md\/shop\/\"},{\"@type\":\"ListItem\",\"position\":3,\"name\":\"\u0411\u0430\u0445\u0438\u043b\u044b Outdoor Research Flex-tex II Gaiters black\"}]},{\"@type\":\"WebSite\",\"@id\":\"https:\/\/xstyle.md\/#website\",\"url\":\"https:\/\/xstyle.md\/\",\"name\":\"\u041c\u0430\u0433\u0430\u0437\u0438\u043d Xstyle\",\"description\":\"C\u043d\u0430\u0440\u044f\u0436\u0435\u043d\u0438\u0435 \u0434\u043b\u044f \u0442\u0443\u0440\u0438\u0437\u043c\u0430 \u0438 \u044d\u043a\u0441\u0442\u0440\u0435\u043c\u0430\u043b\u044c\u043d\u044b\u0445 \u0432\u0438\u0434\u043e\u0432 \u0441\u043f\u043e\u0440\u0442\u0430 \u0432 \u041c\u043e\u043b\u0434\u043e\u0432\u0435.. \u0426\u0435\u043d\u044b, \u0444\u043e\u0442\u043e, \u0445\u0430\u0440\u0430\u043a\u0442\u0435\u0440\u0438\u0441\u0442\u0438\u043a\u0438 \u0432 \u041c\u043e\u043b\u0434\u043e\u0432\u0435.\",\"publisher\":{\"@id\":\"https:\/\/xstyle.md\/#organization\"},\"alternateName\":\"X-Style\",\"potentialAction\":[{\"@type\":\"SearchAction\",\"target\":{\"@type\":\"EntryPoint\",\"urlTemplate\":\"https:\/\/xstyle.md\/?s={search_term_string}\"},\"query-input\":{\"@type\":\"PropertyValueSpecification\",\"valueRequired\":true,\"valueName\":\"search_term_string\"}}],\"inLanguage\":\"ro-RO\"},{\"@type\":\"Organization\",\"@id\":\"https:\/\/xstyle.md\/#organization\",\"name\":\"\u041c\u0430\u0433\u0430\u0437\u0438\u043d Xstyle\",\"alternateName\":\"x-style\",\"url\":\"https:\/\/xstyle.md\/\",\"logo\":{\"@type\":\"ImageObject\",\"inLanguage\":\"ro-RO\",\"@id\":\"https:\/\/xstyle.md\/#\/schema\/logo\/image\/\",\"url\":\"https:\/\/xstyle.md\/wp-content\/uploads\/2020\/06\/logoicon.svg\",\"contentUrl\":\"https:\/\/xstyle.md\/wp-content\/uploads\/2020\/06\/logoicon.svg\",\"caption\":\"\u041c\u0430\u0433\u0430\u0437\u0438\u043d Xstyle\"},\"image\":{\"@id\":\"https:\/\/xstyle.md\/#\/schema\/logo\/image\/\"},\"sameAs\":[\"https:\/\/www.facebook.com\/xstylemd\",\"https:\/\/www.instagram.com\/xstyle_md\/\",\"https:\/\/t.me\/xstyle_outdoor\"],\"hasMerchantReturnPolicy\":{\"@type\":\"MerchantReturnPolicy\",\"merchantReturnLink\":\"https:\/\/xstyle.md\/ro\/conditions\/\"}}]}<\/script>\n<meta property=\"product:price:amount\" content=\"1340.00\" \/>\n<meta property=\"product:price:currency\" content=\"MDL\" \/>\n<meta property=\"og:availability\" content=\"out of stock\" \/>\n<meta property=\"product:availability\" content=\"out of stock\" \/>\n<meta property=\"product:retailer_item_id\" content=\"727602324968\" \/>\n<meta property=\"product:condition\" content=\"new\" \/>\n<!-- \/ Yoast SEO plugin. -->","yoast_head_json":{"title":"Paraz\u0103pezi Outdoor Research Flex-tex II Gaiters black - Magazin Xstyle","description":"Bachile Outdoor Research Flex-tex II: elastice \u0219i respirabile, din nylon rezistent \u0219i spandex, potrivite pentru orice \u00eenc\u0103l\u021b\u0103minte. Protec\u021bie \u00eempotriva apei \u0219i murd\u0103riei!","robots":{"index":"index","follow":"follow","max-snippet":"max-snippet:-1","max-image-preview":"max-image-preview:large","max-video-preview":"max-video-preview:-1"},"canonical":"https:\/\/xstyle.md\/ro\/produs\/bahily-outdoor-research-flex-tex-ii-gaiters\/","og_locale":"ro_RO","og_type":"article","og_title":"\u0411\u0430\u0445\u0438\u043b\u044b Outdoor Research Flex-tex II Gaiters black - \u041c\u0430\u0433\u0430\u0437\u0438\u043d Xstyle","og_description":"\u0411\u0430\u0445\u0438\u043b\u044b Outdoor Research Flex-tex II: \u044d\u043b\u0430\u0441\u0442\u0438\u0447\u043d\u044b\u0435 \u0438 \u0434\u044b\u0448\u0430\u0449\u0438\u0435, \u0438\u0437 \u043f\u0440\u043e\u0447\u043d\u043e\u0433\u043e \u043d\u0435\u0439\u043b\u043e\u043d\u0430 \u0438 \u0441\u043f\u0430\u043d\u0434\u0435\u043a\u0441\u0430, \u043f\u043e\u0434\u0445\u043e\u0434\u044f\u0442 \u0434\u043b\u044f \u043b\u044e\u0431\u043e\u0439 \u043e\u0431\u0443\u0432\u0438. \u0417\u0430\u0449\u0438\u0442\u0430 \u043e\u0442 \u0432\u043e\u0434\u044b \u0438 \u0433\u0440\u044f\u0437\u0438!","og_url":"https:\/\/xstyle.md\/ro\/produs\/bahily-outdoor-research-flex-tex-ii-gaiters\/","og_site_name":"\u041c\u0430\u0433\u0430\u0437\u0438\u043d Xstyle","article_publisher":"https:\/\/www.facebook.com\/xstylemd","article_modified_time":"2026-03-19T13:32:41+00:00","og_image":[{"width":470,"height":500,"url":"https:\/\/xstyle.md\/wp-content\/uploads\/2020\/07\/61060_001.jpg","type":"image\/jpeg"}],"twitter_card":"summary_large_image","twitter_misc":{"Pre\u021b":"1.340&nbsp;MDL","Disponibilitate":"Stoc epuizat"},"schema":{"@context":"https:\/\/schema.org","@graph":[{"@type":"WebPage","@id":"https:\/\/xstyle.md\/product\/bahily-outdoor-research-flex-tex-ii-gaiters\/","url":"https:\/\/xstyle.md\/product\/bahily-outdoor-research-flex-tex-ii-gaiters\/","name":"Paraz\u0103pezi Outdoor Research Flex-tex II Gaiters black - Magazin Xstyle","isPartOf":{"@id":"https:\/\/xstyle.md\/#website"},"primaryImageOfPage":{"@id":"https:\/\/xstyle.md\/product\/bahily-outdoor-research-flex-tex-ii-gaiters\/#primaryimage"},"image":{"@id":"https:\/\/xstyle.md\/product\/bahily-outdoor-research-flex-tex-ii-gaiters\/#primaryimage"},"thumbnailUrl":"https:\/\/xstyle.md\/wp-content\/uploads\/2020\/07\/61060_001.jpg","datePublished":"2020-07-16T14:38:12+00:00","dateModified":"2026-03-19T13:32:41+00:00","description":"Bachile Outdoor Research Flex-tex II: elastice \u0219i respirabile, din nylon rezistent \u0219i spandex, potrivite pentru orice \u00eenc\u0103l\u021b\u0103minte. Protec\u021bie \u00eempotriva apei \u0219i murd\u0103riei!","breadcrumb":{"@id":"https:\/\/xstyle.md\/product\/bahily-outdoor-research-flex-tex-ii-gaiters\/#breadcrumb"},"inLanguage":"ro-RO","potentialAction":[{"@type":"ReadAction","target":["https:\/\/xstyle.md\/product\/bahily-outdoor-research-flex-tex-ii-gaiters\/"]}]},{"@type":"ImageObject","inLanguage":"ro-RO","@id":"https:\/\/xstyle.md\/product\/bahily-outdoor-research-flex-tex-ii-gaiters\/#primaryimage","url":"https:\/\/xstyle.md\/wp-content\/uploads\/2020\/07\/61060_001.jpg","contentUrl":"https:\/\/xstyle.md\/wp-content\/uploads\/2020\/07\/61060_001.jpg","width":470,"height":500},{"@type":"BreadcrumbList","@id":"https:\/\/xstyle.md\/product\/bahily-outdoor-research-flex-tex-ii-gaiters\/#breadcrumb","itemListElement":[{"@type":"ListItem","position":1,"name":"\u0413\u043b\u0430\u0432\u043d\u0430\u044f \u0441\u0442\u0440\u0430\u043d\u0438\u0446\u0430","item":"https:\/\/xstyle.md\/"},{"@type":"ListItem","position":2,"name":"\u041c\u0430\u0433\u0430\u0437\u0438\u043d","item":"https:\/\/xstyle.md\/shop\/"},{"@type":"ListItem","position":3,"name":"\u0411\u0430\u0445\u0438\u043b\u044b Outdoor Research Flex-tex II Gaiters black"}]},{"@type":"WebSite","@id":"https:\/\/xstyle.md\/#website","url":"https:\/\/xstyle.md\/","name":"Magazinul X-Style","description":"Echipamente pentru turism \u0219i sporturi extreme \u00een Moldova. Pre\u021buri, fotografii, caracteristici \u00een Moldova.","publisher":{"@id":"https:\/\/xstyle.md\/#organization"},"alternateName":"X-Style","potentialAction":[{"@type":"SearchAction","target":{"@type":"EntryPoint","urlTemplate":"https:\/\/xstyle.md\/?s={search_term_string}"},"query-input":{"@type":"PropertyValueSpecification","valueRequired":true,"valueName":"search_term_string"}}],"inLanguage":"ro-RO"},{"@type":"Organization","@id":"https:\/\/xstyle.md\/#organization","name":"Magazinul X-Style","alternateName":"x-style","url":"https:\/\/xstyle.md\/","logo":{"@type":"ImageObject","inLanguage":"ro-RO","@id":"https:\/\/xstyle.md\/#\/schema\/logo\/image\/","url":"https:\/\/xstyle.md\/wp-content\/uploads\/2020\/06\/logoicon.svg","contentUrl":"https:\/\/xstyle.md\/wp-content\/uploads\/2020\/06\/logoicon.svg","caption":"\u041c\u0430\u0433\u0430\u0437\u0438\u043d Xstyle"},"image":{"@id":"https:\/\/xstyle.md\/#\/schema\/logo\/image\/"},"sameAs":["https:\/\/www.facebook.com\/xstylemd","https:\/\/www.instagram.com\/xstyle_md\/","https:\/\/t.me\/xstyle_outdoor"],"hasMerchantReturnPolicy":{"@type":"MerchantReturnPolicy","merchantReturnLink":"https:\/\/xstyle.md\/ro\/conditions\/"}}]},"product_price_amount":"1340.00","product_price_currency":"MDL","og_availability":"out of stock","product_availability":"out of stock","product_retailer_item_id":"727602324968","product_condition":"new"},"post_mailing_queue_ids":[],"_links":{"self":[{"href":"https:\/\/xstyle.md\/ro\/wp-json\/wp\/v2\/product\/3071","targetHints":{"allow":["GET"]}}],"collection":[{"href":"https:\/\/xstyle.md\/ro\/wp-json\/wp\/v2\/product"}],"about":[{"href":"https:\/\/xstyle.md\/ro\/wp-json\/wp\/v2\/types\/product"}],"replies":[{"embeddable":true,"href":"https:\/\/xstyle.md\/ro\/wp-json\/wp\/v2\/comments?post=3071"}],"wp:featuredmedia":[{"embeddable":true,"href":"https:\/\/xstyle.md\/ro\/wp-json\/wp\/v2\/media\/3070"}],"wp:attachment":[{"href":"https:\/\/xstyle.md\/ro\/wp-json\/wp\/v2\/media?parent=3071"}],"wp:term":[{"taxonomy":"product_brand","embeddable":true,"href":"https:\/\/xstyle.md\/ro\/wp-json\/wp\/v2\/product_brand?post=3071"},{"taxonomy":"product_cat","embeddable":true,"href":"https:\/\/xstyle.md\/ro\/wp-json\/wp\/v2\/product_cat?post=3071"},{"taxonomy":"product_tag","embeddable":true,"href":"https:\/\/xstyle.md\/ro\/wp-json\/wp\/v2\/product_tag?post=3071"}],"curies":[{"name":"wp","href":"https:\/\/api.w.org\/{rel}","templated":true}]}}