{"id":30703,"date":"2021-04-28T14:42:20","date_gmt":"2021-04-28T11:42:20","guid":{"rendered":"https:\/\/xstyle.md\/product\/kovrik-therm-a-rest-trail-lite-trooper-regular\/"},"modified":"2025-10-24T12:30:14","modified_gmt":"2025-10-24T09:30:14","slug":"kovrik-therm-a-rest-trail-lite-trooper-regular","status":"publish","type":"product","link":"https:\/\/xstyle.md\/ro\/produs\/kovrik-therm-a-rest-trail-lite-trooper-regular\/","title":{"rendered":"Saltea Trail Therm-a-Rest Trail Lite Trooper Regular"},"content":{"rendered":"<\/p>\n<p>Covoras <strong>Therm-a-rest Trail Lite Trooper Regular<\/strong> &#8212; combina\u021bia perfect\u0103 de confort, greutate \u0219i propriet\u0103\u021bi de izolare termic\u0103! Potrivit pentru toate anotimpurile. Fabricat din materiale de \u00eenalt\u0103 tehnologie de o calitate \u0219i durabilitate excelente. Ideal nu numai pentru camping, ci \u0219i pentru drume\u021bii lungi.<\/p>\n<h3>Particularit\u0103\u021bi<\/h3>\n<ul>\n<li>Are o valoare ridicat\u0103 de izolare termic\u0103 \u0219i este confortabil pentru a dormi pe timp rece sau pentru a v\u0103 odihni pe o suprafa\u021b\u0103 \u00eenghe\u021bat\u0103<\/li>\n<li>Umplut\u0103 cu spum\u0103 de uretan perforat\u0103 \u00een diagonal\u0103<\/li>\n<li>Atunci c\u00e2nd deschide\u021bi supapa WingLock, spuma con\u021binut\u0103 \u00een saltea se extinde odat\u0103 cu influxul de aer. Acest lucru \u00eenseamn\u0103 c\u0103 salteaua poate fi umflat\u0103 \u00een doar c\u00e2teva respira\u021bii ad\u00e2nci<\/li>\n<li>Fermitatea covora\u0219ului poate fi reglat\u0103 cu ajutorul unei valve<\/li>\n<li>Complet cu sac de ambalare.<\/li>\n<\/ul>\n<h3>Caracteristici<\/h3>\n<ul>\n<li>Materiale &#8212; 50D mini hexazeci de poliester rip 50D<\/li>\n<li>Clapet\u0103 &#8212; WingLock\u2122<\/li>\n<li>Dimensiuni &#8212; 51 x 168 cm (L x P)<\/li>\n<li>Grosime &#8212; 3,8 cm<\/li>\n<li>Sezonul &#8212; 4<\/li>\n<li>R-Value &#8212; 4,5<\/li>\n<li>Greutate &#8212; 710 g.<\/li>\n<\/ul>\n<h3>Tehnologie<\/h3>\n<ul>\n<li><strong>R-value<\/strong> &#8212; este o caracteristic\u0103 a izola\u021biei termice a covorului atunci c\u00e2nd este complet umflat. Cu c\u00e2t cifra este mai mare, cu at\u00e2t covora\u0219ul dvs. va fi mai cald \u0219i mai confortabil. Pute\u021bi cre\u0219te R-value prin umflarea suplimentar\u0103 a saltelei.<\/li>\n<li><strong>WingLock<\/strong>\u2122 \u2013 supapa intuitiv\u0103 \u0219i fiabil\u0103 maximizeaz\u0103 fluxul de aer pentru o umflare mai u\u0219oar\u0103 \u0219i o dezumflare mai rapid\u0103. Petalele trec la umflarea pe o singur\u0103 parte pentru a economisi for\u021ba atunci c\u00e2nd se umfl\u0103 cu gura.<\/li>\n<\/ul>\n<h3>Marca<\/h3>\n<p>Therm-a-rest este un pionier \u00een domeniul covora\u0219elor auto-gonflabile, astfel \u00eenc\u00e2t Therm-a-rest este foarte confortabil pe pia\u021ba de exterior. Dar nu ofer\u0103 doar saltele pentru dormit, ci \u0219i perne pentru drume\u021bii, spume elegante, scaune gonflabile, \u0219ezlonguri compacte, scaune pliabile.<\/p>\n<p>Culorile vii, designul futurist \u0219i ingineria \u00eendr\u0103znea\u021b\u0103 fac ca produsele Therm-a-rest s\u0103 fie recunoscute \u00een \u00eentreaga lume, at\u00e2t de c\u0103tre cei care c\u0103l\u0103toresc pe distan\u021be lungi, c\u00e2t \u0219i de cei care doresc s\u0103 petreac\u0103 o zi relaxant\u0103 \u00een aer liber.<\/p>\n<p><\/p>","protected":false},"excerpt":{"rendered":"<p>Covoras Therm-a-rest Trail Lite Trooper Regular<\/p>","protected":false},"featured_media":30701,"comment_status":"open","ping_status":"closed","template":"","meta":{"_acf_changed":false,"inline_featured_image":false},"product_brand":[1286],"product_cat":[202],"product_tag":[],"class_list":{"0":"post-30703","1":"product","2":"type-product","3":"status-publish","4":"has-post-thumbnail","6":"product_brand-therm-a-rest","7":"product_cat-self-inflating-mats","9":"first","10":"instock","11":"shipping-taxable","12":"purchasable","13":"product-type-simple"},"acf":[],"yoast_head":"<!-- This site is optimized with the Yoast SEO plugin v27.2 - https:\/\/yoast.com\/product\/yoast-seo-wordpress\/ -->\n<title>\u0421\u0430\u043c\u043e\u043d\u0430\u0434\u0443\u0432\u0430\u044e\u0449\u0438\u0439\u0441\u044f \u043a\u043e\u0432\u0440\u0438\u043a Therm-a-Rest Trail Lite Trooper Regular - \u041c\u0430\u0433\u0430\u0437\u0438\u043d Xstyle<\/title>\n<meta name=\"description\" content=\"\u041a\u043e\u0432\u0440\u0438\u043a Therm-a-rest Trail Lite Trooper Regular \u043e\u0431\u0435\u0441\u043f\u0435\u0447\u0438\u0432\u0430\u0435\u0442 \u043a\u043e\u043c\u0444\u043e\u0440\u0442 \u0438 \u0442\u0435\u043f\u043b\u043e \u0432 \u043b\u044e\u0431\u044b\u0445 \u0443\u0441\u043b\u043e\u0432\u0438\u044f\u0445. \u041b\u0435\u0433\u043a\u0438\u0439, \u043d\u0430\u0434\u0435\u0436\u043d\u044b\u0439 \u0438 \u0438\u0434\u0435\u0430\u043b\u0435\u043d \u0434\u043b\u044f \u0430\u043a\u0442\u0438\u0432\u043d\u043e\u0433\u043e \u043e\u0442\u0434\u044b\u0445\u0430 \u043d\u0430 \u043f\u0440\u0438\u0440\u043e\u0434\u0435.\" \/>\n<meta name=\"robots\" content=\"index, follow, max-snippet:-1, max-image-preview:large, max-video-preview:-1\" \/>\n<link rel=\"canonical\" href=\"https:\/\/xstyle.md\/ro\/produs\/kovrik-therm-a-rest-trail-lite-trooper-regular\/\" \/>\n<meta property=\"og:locale\" content=\"ro_RO\" \/>\n<meta property=\"og:type\" content=\"article\" \/>\n<meta property=\"og:title\" content=\"\u0421\u0430\u043c\u043e\u043d\u0430\u0434\u0443\u0432\u0430\u044e\u0449\u0438\u0439\u0441\u044f \u043a\u043e\u0432\u0440\u0438\u043a Therm-a-Rest Trail Lite Trooper Regular - \u041c\u0430\u0433\u0430\u0437\u0438\u043d Xstyle\" \/>\n<meta property=\"og:description\" content=\"\u041a\u043e\u0432\u0440\u0438\u043a Therm-a-rest Trail Lite Trooper Regular \u043e\u0431\u0435\u0441\u043f\u0435\u0447\u0438\u0432\u0430\u0435\u0442 \u043a\u043e\u043c\u0444\u043e\u0440\u0442 \u0438 \u0442\u0435\u043f\u043b\u043e \u0432 \u043b\u044e\u0431\u044b\u0445 \u0443\u0441\u043b\u043e\u0432\u0438\u044f\u0445. \u041b\u0435\u0433\u043a\u0438\u0439, \u043d\u0430\u0434\u0435\u0436\u043d\u044b\u0439 \u0438 \u0438\u0434\u0435\u0430\u043b\u0435\u043d \u0434\u043b\u044f \u0430\u043a\u0442\u0438\u0432\u043d\u043e\u0433\u043e \u043e\u0442\u0434\u044b\u0445\u0430 \u043d\u0430 \u043f\u0440\u0438\u0440\u043e\u0434\u0435.\" \/>\n<meta property=\"og:url\" content=\"https:\/\/xstyle.md\/ro\/produs\/kovrik-therm-a-rest-trail-lite-trooper-regular\/\" \/>\n<meta property=\"og:site_name\" content=\"\u041c\u0430\u0433\u0430\u0437\u0438\u043d Xstyle\" \/>\n<meta property=\"article:publisher\" content=\"https:\/\/www.facebook.com\/xstylemd\" \/>\n<meta property=\"article:modified_time\" content=\"2025-10-24T09:30:14+00:00\" \/>\n<meta property=\"og:image\" content=\"https:\/\/xstyle.md\/wp-content\/uploads\/2021\/04\/therm-a-rest_trail_lite_trooper_regular-1.jpg\" \/>\n\t<meta property=\"og:image:width\" content=\"1105\" \/>\n\t<meta property=\"og:image:height\" content=\"906\" \/>\n\t<meta property=\"og:image:type\" content=\"image\/jpeg\" \/>\n<meta name=\"twitter:card\" content=\"summary_large_image\" \/>\n<meta name=\"twitter:label1\" content=\"Pre\u021b\" \/>\n\t<meta name=\"twitter:data1\" content=\"2.100&nbsp;MDL\" \/>\n\t<meta name=\"twitter:label2\" content=\"Disponibilitate\" \/>\n\t<meta name=\"twitter:data2\" content=\"\u00cen stoc\" \/>\n<script type=\"application\/ld+json\" class=\"yoast-schema-graph\">{\"@context\":\"https:\/\/schema.org\",\"@graph\":[{\"@type\":\"WebPage\",\"@id\":\"https:\/\/xstyle.md\/product\/kovrik-therm-a-rest-trail-lite-trooper-regular\/\",\"url\":\"https:\/\/xstyle.md\/product\/kovrik-therm-a-rest-trail-lite-trooper-regular\/\",\"name\":\"\u0421\u0430\u043c\u043e\u043d\u0430\u0434\u0443\u0432\u0430\u044e\u0449\u0438\u0439\u0441\u044f \u043a\u043e\u0432\u0440\u0438\u043a Therm-a-Rest Trail Lite Trooper Regular - \u041c\u0430\u0433\u0430\u0437\u0438\u043d Xstyle\",\"isPartOf\":{\"@id\":\"https:\/\/xstyle.md\/#website\"},\"primaryImageOfPage\":{\"@id\":\"https:\/\/xstyle.md\/product\/kovrik-therm-a-rest-trail-lite-trooper-regular\/#primaryimage\"},\"image\":{\"@id\":\"https:\/\/xstyle.md\/product\/kovrik-therm-a-rest-trail-lite-trooper-regular\/#primaryimage\"},\"thumbnailUrl\":\"https:\/\/xstyle.md\/wp-content\/uploads\/2021\/04\/therm-a-rest_trail_lite_trooper_regular-1.jpg\",\"datePublished\":\"2021-04-28T11:42:20+00:00\",\"dateModified\":\"2025-10-24T09:30:14+00:00\",\"description\":\"\u041a\u043e\u0432\u0440\u0438\u043a Therm-a-rest Trail Lite Trooper Regular \u043e\u0431\u0435\u0441\u043f\u0435\u0447\u0438\u0432\u0430\u0435\u0442 \u043a\u043e\u043c\u0444\u043e\u0440\u0442 \u0438 \u0442\u0435\u043f\u043b\u043e \u0432 \u043b\u044e\u0431\u044b\u0445 \u0443\u0441\u043b\u043e\u0432\u0438\u044f\u0445. \u041b\u0435\u0433\u043a\u0438\u0439, \u043d\u0430\u0434\u0435\u0436\u043d\u044b\u0439 \u0438 \u0438\u0434\u0435\u0430\u043b\u0435\u043d \u0434\u043b\u044f \u0430\u043a\u0442\u0438\u0432\u043d\u043e\u0433\u043e \u043e\u0442\u0434\u044b\u0445\u0430 \u043d\u0430 \u043f\u0440\u0438\u0440\u043e\u0434\u0435.\",\"breadcrumb\":{\"@id\":\"https:\/\/xstyle.md\/product\/kovrik-therm-a-rest-trail-lite-trooper-regular\/#breadcrumb\"},\"inLanguage\":\"ro-RO\",\"potentialAction\":[{\"@type\":\"ReadAction\",\"target\":[\"https:\/\/xstyle.md\/product\/kovrik-therm-a-rest-trail-lite-trooper-regular\/\"]}]},{\"@type\":\"ImageObject\",\"inLanguage\":\"ro-RO\",\"@id\":\"https:\/\/xstyle.md\/product\/kovrik-therm-a-rest-trail-lite-trooper-regular\/#primaryimage\",\"url\":\"https:\/\/xstyle.md\/wp-content\/uploads\/2021\/04\/therm-a-rest_trail_lite_trooper_regular-1.jpg\",\"contentUrl\":\"https:\/\/xstyle.md\/wp-content\/uploads\/2021\/04\/therm-a-rest_trail_lite_trooper_regular-1.jpg\",\"width\":1105,\"height\":906},{\"@type\":\"BreadcrumbList\",\"@id\":\"https:\/\/xstyle.md\/product\/kovrik-therm-a-rest-trail-lite-trooper-regular\/#breadcrumb\",\"itemListElement\":[{\"@type\":\"ListItem\",\"position\":1,\"name\":\"\u0413\u043b\u0430\u0432\u043d\u0430\u044f \u0441\u0442\u0440\u0430\u043d\u0438\u0446\u0430\",\"item\":\"https:\/\/xstyle.md\/\"},{\"@type\":\"ListItem\",\"position\":2,\"name\":\"\u041c\u0430\u0433\u0430\u0437\u0438\u043d\",\"item\":\"https:\/\/xstyle.md\/shop\/\"},{\"@type\":\"ListItem\",\"position\":3,\"name\":\"\u0421\u0430\u043c\u043e\u043d\u0430\u0434\u0443\u0432\u0430\u044e\u0449\u0438\u0439\u0441\u044f \u043a\u043e\u0432\u0440\u0438\u043a Therm-a-Rest Trail Lite Trooper Regular\"}]},{\"@type\":\"WebSite\",\"@id\":\"https:\/\/xstyle.md\/#website\",\"url\":\"https:\/\/xstyle.md\/\",\"name\":\"\u041c\u0430\u0433\u0430\u0437\u0438\u043d Xstyle\",\"description\":\"C\u043d\u0430\u0440\u044f\u0436\u0435\u043d\u0438\u0435 \u0434\u043b\u044f \u0442\u0443\u0440\u0438\u0437\u043c\u0430 \u0438 \u044d\u043a\u0441\u0442\u0440\u0435\u043c\u0430\u043b\u044c\u043d\u044b\u0445 \u0432\u0438\u0434\u043e\u0432 \u0441\u043f\u043e\u0440\u0442\u0430 \u0432 \u041c\u043e\u043b\u0434\u043e\u0432\u0435.. \u0426\u0435\u043d\u044b, \u0444\u043e\u0442\u043e, \u0445\u0430\u0440\u0430\u043a\u0442\u0435\u0440\u0438\u0441\u0442\u0438\u043a\u0438 \u0432 \u041c\u043e\u043b\u0434\u043e\u0432\u0435.\",\"publisher\":{\"@id\":\"https:\/\/xstyle.md\/#organization\"},\"alternateName\":\"X-Style\",\"potentialAction\":[{\"@type\":\"SearchAction\",\"target\":{\"@type\":\"EntryPoint\",\"urlTemplate\":\"https:\/\/xstyle.md\/?s={search_term_string}\"},\"query-input\":{\"@type\":\"PropertyValueSpecification\",\"valueRequired\":true,\"valueName\":\"search_term_string\"}}],\"inLanguage\":\"ro-RO\"},{\"@type\":\"Organization\",\"@id\":\"https:\/\/xstyle.md\/#organization\",\"name\":\"\u041c\u0430\u0433\u0430\u0437\u0438\u043d Xstyle\",\"alternateName\":\"x-style\",\"url\":\"https:\/\/xstyle.md\/\",\"logo\":{\"@type\":\"ImageObject\",\"inLanguage\":\"ro-RO\",\"@id\":\"https:\/\/xstyle.md\/#\/schema\/logo\/image\/\",\"url\":\"https:\/\/xstyle.md\/wp-content\/uploads\/2020\/06\/logoicon.svg\",\"contentUrl\":\"https:\/\/xstyle.md\/wp-content\/uploads\/2020\/06\/logoicon.svg\",\"caption\":\"\u041c\u0430\u0433\u0430\u0437\u0438\u043d Xstyle\"},\"image\":{\"@id\":\"https:\/\/xstyle.md\/#\/schema\/logo\/image\/\"},\"sameAs\":[\"https:\/\/www.facebook.com\/xstylemd\",\"https:\/\/www.instagram.com\/xstyle_md\/\",\"https:\/\/t.me\/xstyle_outdoor\"],\"hasMerchantReturnPolicy\":{\"@type\":\"MerchantReturnPolicy\",\"merchantReturnLink\":\"https:\/\/xstyle.md\/ro\/conditions\/\"}}]}<\/script>\n<meta property=\"product:price:amount\" content=\"2100.00\" \/>\n<meta property=\"product:price:currency\" content=\"MDL\" \/>\n<meta property=\"og:availability\" content=\"instock\" \/>\n<meta property=\"product:availability\" content=\"instock\" \/>\n<meta property=\"product:retailer_item_id\" content=\"40818132722\" \/>\n<meta property=\"product:condition\" content=\"new\" \/>\n<!-- \/ Yoast SEO plugin. -->","yoast_head_json":{"title":"\u0421\u0430\u043c\u043e\u043d\u0430\u0434\u0443\u0432\u0430\u044e\u0449\u0438\u0439\u0441\u044f \u043a\u043e\u0432\u0440\u0438\u043a Therm-a-Rest Trail Lite Trooper Regular - \u041c\u0430\u0433\u0430\u0437\u0438\u043d Xstyle","description":"Salteaua Therm-a-rest Trail Lite Trooper Regular ofer\u0103 confort \u0219i c\u0103ldur\u0103 \u00een orice condi\u021bii. U\u0219oar\u0103, fiabil\u0103 \u0219i ideal\u0103 pentru activit\u0103\u021bi recreative \u00een natur\u0103.","robots":{"index":"index","follow":"follow","max-snippet":"max-snippet:-1","max-image-preview":"max-image-preview:large","max-video-preview":"max-video-preview:-1"},"canonical":"https:\/\/xstyle.md\/ro\/produs\/kovrik-therm-a-rest-trail-lite-trooper-regular\/","og_locale":"ro_RO","og_type":"article","og_title":"\u0421\u0430\u043c\u043e\u043d\u0430\u0434\u0443\u0432\u0430\u044e\u0449\u0438\u0439\u0441\u044f \u043a\u043e\u0432\u0440\u0438\u043a Therm-a-Rest Trail Lite Trooper Regular - \u041c\u0430\u0433\u0430\u0437\u0438\u043d Xstyle","og_description":"\u041a\u043e\u0432\u0440\u0438\u043a Therm-a-rest Trail Lite Trooper Regular \u043e\u0431\u0435\u0441\u043f\u0435\u0447\u0438\u0432\u0430\u0435\u0442 \u043a\u043e\u043c\u0444\u043e\u0440\u0442 \u0438 \u0442\u0435\u043f\u043b\u043e \u0432 \u043b\u044e\u0431\u044b\u0445 \u0443\u0441\u043b\u043e\u0432\u0438\u044f\u0445. \u041b\u0435\u0433\u043a\u0438\u0439, \u043d\u0430\u0434\u0435\u0436\u043d\u044b\u0439 \u0438 \u0438\u0434\u0435\u0430\u043b\u0435\u043d \u0434\u043b\u044f \u0430\u043a\u0442\u0438\u0432\u043d\u043e\u0433\u043e \u043e\u0442\u0434\u044b\u0445\u0430 \u043d\u0430 \u043f\u0440\u0438\u0440\u043e\u0434\u0435.","og_url":"https:\/\/xstyle.md\/ro\/produs\/kovrik-therm-a-rest-trail-lite-trooper-regular\/","og_site_name":"\u041c\u0430\u0433\u0430\u0437\u0438\u043d Xstyle","article_publisher":"https:\/\/www.facebook.com\/xstylemd","article_modified_time":"2025-10-24T09:30:14+00:00","og_image":[{"width":1105,"height":906,"url":"https:\/\/xstyle.md\/wp-content\/uploads\/2021\/04\/therm-a-rest_trail_lite_trooper_regular-1.jpg","type":"image\/jpeg"}],"twitter_card":"summary_large_image","twitter_misc":{"Pre\u021b":"2.100&nbsp;MDL","Disponibilitate":"\u00cen stoc"},"schema":{"@context":"https:\/\/schema.org","@graph":[{"@type":"WebPage","@id":"https:\/\/xstyle.md\/product\/kovrik-therm-a-rest-trail-lite-trooper-regular\/","url":"https:\/\/xstyle.md\/product\/kovrik-therm-a-rest-trail-lite-trooper-regular\/","name":"\u0421\u0430\u043c\u043e\u043d\u0430\u0434\u0443\u0432\u0430\u044e\u0449\u0438\u0439\u0441\u044f \u043a\u043e\u0432\u0440\u0438\u043a Therm-a-Rest Trail Lite Trooper Regular - \u041c\u0430\u0433\u0430\u0437\u0438\u043d Xstyle","isPartOf":{"@id":"https:\/\/xstyle.md\/#website"},"primaryImageOfPage":{"@id":"https:\/\/xstyle.md\/product\/kovrik-therm-a-rest-trail-lite-trooper-regular\/#primaryimage"},"image":{"@id":"https:\/\/xstyle.md\/product\/kovrik-therm-a-rest-trail-lite-trooper-regular\/#primaryimage"},"thumbnailUrl":"https:\/\/xstyle.md\/wp-content\/uploads\/2021\/04\/therm-a-rest_trail_lite_trooper_regular-1.jpg","datePublished":"2021-04-28T11:42:20+00:00","dateModified":"2025-10-24T09:30:14+00:00","description":"Salteaua Therm-a-rest Trail Lite Trooper Regular ofer\u0103 confort \u0219i c\u0103ldur\u0103 \u00een orice condi\u021bii. U\u0219oar\u0103, fiabil\u0103 \u0219i ideal\u0103 pentru activit\u0103\u021bi recreative \u00een natur\u0103.","breadcrumb":{"@id":"https:\/\/xstyle.md\/product\/kovrik-therm-a-rest-trail-lite-trooper-regular\/#breadcrumb"},"inLanguage":"ro-RO","potentialAction":[{"@type":"ReadAction","target":["https:\/\/xstyle.md\/product\/kovrik-therm-a-rest-trail-lite-trooper-regular\/"]}]},{"@type":"ImageObject","inLanguage":"ro-RO","@id":"https:\/\/xstyle.md\/product\/kovrik-therm-a-rest-trail-lite-trooper-regular\/#primaryimage","url":"https:\/\/xstyle.md\/wp-content\/uploads\/2021\/04\/therm-a-rest_trail_lite_trooper_regular-1.jpg","contentUrl":"https:\/\/xstyle.md\/wp-content\/uploads\/2021\/04\/therm-a-rest_trail_lite_trooper_regular-1.jpg","width":1105,"height":906},{"@type":"BreadcrumbList","@id":"https:\/\/xstyle.md\/product\/kovrik-therm-a-rest-trail-lite-trooper-regular\/#breadcrumb","itemListElement":[{"@type":"ListItem","position":1,"name":"\u0413\u043b\u0430\u0432\u043d\u0430\u044f \u0441\u0442\u0440\u0430\u043d\u0438\u0446\u0430","item":"https:\/\/xstyle.md\/"},{"@type":"ListItem","position":2,"name":"\u041c\u0430\u0433\u0430\u0437\u0438\u043d","item":"https:\/\/xstyle.md\/shop\/"},{"@type":"ListItem","position":3,"name":"\u0421\u0430\u043c\u043e\u043d\u0430\u0434\u0443\u0432\u0430\u044e\u0449\u0438\u0439\u0441\u044f \u043a\u043e\u0432\u0440\u0438\u043a Therm-a-Rest Trail Lite Trooper Regular"}]},{"@type":"WebSite","@id":"https:\/\/xstyle.md\/#website","url":"https:\/\/xstyle.md\/","name":"Magazinul X-Style","description":"Echipamente pentru turism \u0219i sporturi extreme \u00een Moldova. Pre\u021buri, fotografii, caracteristici \u00een Moldova.","publisher":{"@id":"https:\/\/xstyle.md\/#organization"},"alternateName":"X-Style","potentialAction":[{"@type":"SearchAction","target":{"@type":"EntryPoint","urlTemplate":"https:\/\/xstyle.md\/?s={search_term_string}"},"query-input":{"@type":"PropertyValueSpecification","valueRequired":true,"valueName":"search_term_string"}}],"inLanguage":"ro-RO"},{"@type":"Organization","@id":"https:\/\/xstyle.md\/#organization","name":"Magazinul X-Style","alternateName":"x-style","url":"https:\/\/xstyle.md\/","logo":{"@type":"ImageObject","inLanguage":"ro-RO","@id":"https:\/\/xstyle.md\/#\/schema\/logo\/image\/","url":"https:\/\/xstyle.md\/wp-content\/uploads\/2020\/06\/logoicon.svg","contentUrl":"https:\/\/xstyle.md\/wp-content\/uploads\/2020\/06\/logoicon.svg","caption":"\u041c\u0430\u0433\u0430\u0437\u0438\u043d Xstyle"},"image":{"@id":"https:\/\/xstyle.md\/#\/schema\/logo\/image\/"},"sameAs":["https:\/\/www.facebook.com\/xstylemd","https:\/\/www.instagram.com\/xstyle_md\/","https:\/\/t.me\/xstyle_outdoor"],"hasMerchantReturnPolicy":{"@type":"MerchantReturnPolicy","merchantReturnLink":"https:\/\/xstyle.md\/ro\/conditions\/"}}]},"product_price_amount":"2100.00","product_price_currency":"MDL","og_availability":"instock","product_availability":"instock","product_retailer_item_id":"40818132722","product_condition":"new"},"post_mailing_queue_ids":[],"_links":{"self":[{"href":"https:\/\/xstyle.md\/ro\/wp-json\/wp\/v2\/product\/30703","targetHints":{"allow":["GET"]}}],"collection":[{"href":"https:\/\/xstyle.md\/ro\/wp-json\/wp\/v2\/product"}],"about":[{"href":"https:\/\/xstyle.md\/ro\/wp-json\/wp\/v2\/types\/product"}],"replies":[{"embeddable":true,"href":"https:\/\/xstyle.md\/ro\/wp-json\/wp\/v2\/comments?post=30703"}],"wp:featuredmedia":[{"embeddable":true,"href":"https:\/\/xstyle.md\/ro\/wp-json\/wp\/v2\/media\/30701"}],"wp:attachment":[{"href":"https:\/\/xstyle.md\/ro\/wp-json\/wp\/v2\/media?parent=30703"}],"wp:term":[{"taxonomy":"product_brand","embeddable":true,"href":"https:\/\/xstyle.md\/ro\/wp-json\/wp\/v2\/product_brand?post=30703"},{"taxonomy":"product_cat","embeddable":true,"href":"https:\/\/xstyle.md\/ro\/wp-json\/wp\/v2\/product_cat?post=30703"},{"taxonomy":"product_tag","embeddable":true,"href":"https:\/\/xstyle.md\/ro\/wp-json\/wp\/v2\/product_tag?post=30703"}],"curies":[{"name":"wp","href":"https:\/\/api.w.org\/{rel}","templated":true}]}}