{"id":30689,"date":"2021-04-28T14:41:56","date_gmt":"2021-04-28T11:41:56","guid":{"rendered":"https:\/\/xstyle.md\/product\/palatka-msr-hubba-hubba-nx-2-green\/"},"modified":"2026-03-19T16:42:09","modified_gmt":"2026-03-19T13:42:09","slug":"palatka-msr-hubba-hubba-nx-2-green","status":"publish","type":"product","link":"https:\/\/xstyle.md\/ro\/produs\/palatka-msr-hubba-hubba-nx-2-green\/","title":{"rendered":"Cort MSR Hubba Hubba NX 2 Green"},"content":{"rendered":"<p><\/p>\n<p><strong>MSR Hubba Hubba NX 2 Green<\/strong> &#8212; este cel mai popular cort de dou\u0103 persoane, premiat la nivel interna\u021bional pentru designul s\u0103u inovator. Este un cort de tip freestanding (autoportant), care nu necesit\u0103 ancorare obligatorie pentru a sta ridicat. Este ultra-u\u0219or, oferind \u00een acela\u0219i timp un spa\u021biu locuibil generos pentru dou\u0103 persoane. Dispune de dou\u0103 intr\u0103ri largi StayDry\u2122, dotate cu jgheaburi de protec\u021bie pentru a preveni p\u0103trunderea ploii \u00een interior, \u0219i dou\u0103 vestibule mari pentru depozitarea echipamentului. Sistemul unitar de be\u021be \u0219i marcajele colorate ale c\u00e2rligelor fac instalarea simpl\u0103 \u0219i rapid\u0103.<\/p>\n<p>Fa\u021b\u0103 de predecesorul s\u0103u, modelul NX este \u0219i mai u\u0219or (doar 1,54 kg!), are mai mult material textil \u00een cortul interior (fiind acum un cort de 3 sezoane veritabil), iar geometria a fost u\u0219or optimizat\u0103. Supratenta \u0219i podeaua sunt fabricate dintr-un nailon mai sub\u021bire, dar foarte rezistent, asigur\u00e2nd greutatea redus\u0103. Hubba Hubba\u2122 NX este echipat cu suporturi metalice pentru be\u021be \u0219i chingi reglabile pentru fixarea cuielor. De asemenea, vine echipat cu cuie \u00een form\u0103 de Y MiniGroundhog, extrem de durabile, care se fixeaz\u0103 u\u0219or \u00een diverse tipuri de sol.<\/p>\n<p>O veste excelent\u0103 pentru romantici: supratenta poate fi rulat\u0103 pe jum\u0103tate, permi\u021b\u00e2ndu-v\u0103 s\u0103 admira\u021bi cerul \u00eenstelat pe vreme bun\u0103. Ca toate corturile din seria Hubba\u2122, \u0219i modelul NX folose\u0219te configura\u021bia unic\u0103 de be\u021be tip \u201ehub\u201d (nod central), care maximizeaz\u0103 spa\u021biul interior la nivelul umerilor.<\/p>\n<h3>Particularit\u0103\u021bi<\/h3>\n<ul>\n<li>Fabricat din materiale de nailon de \u00eenalt\u0103 calitate, durabile \u0219i u\u0219oare.<\/li>\n<li>Sistem Hubbed &#8212; structura unitar\u0103 de be\u021be este fiabil\u0103 \u0219i foarte u\u0219or de asamblat.<\/li>\n<li>Geometrie Optimizat\u0103 &#8212; pere\u021bii verticali ofer\u0103 un spa\u021biu interior maximizat.<\/li>\n<li>Protec\u021bie DuraShield\u2122 &#8212; supratenta \u0219i podeaua folosesc \u00eenveli\u0219uri de poliuretan \u0219i silicon DuraShield\u2122, extrem de rezistente la uzur\u0103.<\/li>\n<li>Sistem Stay-Dry\u2122 &#8212; designul intr\u0103rilor previne scurgerea apei \u00een interiorul cortului la deschiderea fermoarului.<\/li>\n<li>Poate fi instalat \u00een mod \u201eFast &amp; Light\u201d (doar supratenta \u0219i amprenta la sol\/footprint, care se achizi\u021bioneaz\u0103 separat).<\/li>\n<li>Cu o hus\u0103 de transport compresibil\u0103 \u0219i cuie ultra-rezistente.<\/li>\n<\/ul>\n<h3>Caracteristici<\/h3>\n<ul>\n<li>Capacitate &#8212; 2 persoane<\/li>\n<li>Num\u0103r intr\u0103ri \/ vestibule &#8212; 2 \/ 2<\/li>\n<li>Suprafa\u021b\u0103 podea &#8212; 2,7 m\u00b2<\/li>\n<li>Suprafa\u021b\u0103 vestibule &#8212; 1,62 m\u00b2 (0,81 + 0,81)<\/li>\n<li>Volum cort interior \u2013 1217 L<\/li>\n<li>Volum vestibule (abside) \u2013 481 L (240.5 + 240.5 L)<\/li>\n<li>\u00cen\u0103l\u021bime cort interior \u2013 100 cm<\/li>\n<li>Supratent\u0103 (Tent) \u2013 20D Ripstop Nylon 1200mm Durashield\u2122 (poliuretan \u0219i silicon)<\/li>\n<li>Podea \u2013 30D Ripstop Nylon 3000mm DuraShield\u2122 (poliuretan \u0219i DWR)<\/li>\n<li>Structur\u0103 \u0219i accesorii \u2013 6 cuie MSR MiniGroundhog\u2122, 1 set de be\u021be DAC Featherlite NFL<\/li>\n<li>Dimensiuni \u00eempachetat \u2013 15 x 46 cm<\/li>\n<li>Greutate \u2013 1540 g \/ 1720 g (min\/max)<br \/>\n<\/li>\n<\/ul>\n<h3>Marca<\/h3>\n<p>MSR - un cunoscut produc\u0103tor de articole sportive care produce echipamente pentru alpini\u0219tii profesioni\u0219ti \u0219i pentru cei care prefer\u0103 recreerea \u00een aer liber. Produsele sunt concepute astfel \u00eenc\u00e2t s\u0103 fie c\u00e2t mai u\u0219or posibil pentru o persoan\u0103 pe durata unei \u0219ederi lungi \u00eentr-o zon\u0103 deschis\u0103. Acestea sunt dispozitive universale care pot fi folosite \u00eentr-o drume\u021bie normal\u0103 \u0219i \u00eentr-o expedi\u021bie dificil\u0103.<\/p>","protected":false},"excerpt":{"rendered":"<p>Cort MSR Hubba Hubba NX 2 Green<\/p>","protected":false},"featured_media":30686,"comment_status":"open","ping_status":"closed","template":"","meta":{"_acf_changed":false,"inline_featured_image":false},"product_brand":[1279],"product_cat":[76],"product_tag":[],"class_list":{"0":"post-30689","1":"product","2":"type-product","3":"status-publish","4":"has-post-thumbnail","6":"product_brand-msr","7":"product_cat-corturi-duble","9":"first","10":"instock","11":"shipping-taxable","12":"purchasable","13":"product-type-simple"},"acf":[],"yoast_head":"<!-- This site is optimized with the Yoast SEO plugin v27.2 - https:\/\/yoast.com\/product\/yoast-seo-wordpress\/ -->\n<title>\u041f\u0430\u043b\u0430\u0442\u043a\u0430 MSR Hubba Hubba NX 2 Green - \u041c\u0430\u0433\u0430\u0437\u0438\u043d Xstyle<\/title>\n<meta name=\"description\" content=\"\u041f\u0430\u043b\u0430\u0442\u043a\u0430 MSR Hubba Hubba NX 2 Green \u2014 \u0438\u0434\u0435\u0430\u043b\u044c\u043d\u043e\u0435 \u0440\u0435\u0448\u0435\u043d\u0438\u0435 \u0434\u043b\u044f \u0442\u0443\u0440\u0438\u0441\u0442\u043e\u0432. \u041b\u0435\u0433\u043a\u0430\u044f, \u0432\u043b\u0430\u0433\u043e\u0437\u0430\u0449\u0438\u0442\u043d\u0430\u044f \u0438 \u043f\u0440\u043e\u0447\u043d\u0430\u044f, \u043e\u043d\u0430 \u043e\u0431\u0435\u0441\u043f\u0435\u0447\u0438\u0442 \u043a\u043e\u043c\u0444\u043e\u0440\u0442 \u0432 \u043b\u044e\u0431\u044b\u0445 \u0443\u0441\u043b\u043e\u0432\u0438\u044f\u0445.\" \/>\n<meta name=\"robots\" content=\"index, follow, max-snippet:-1, max-image-preview:large, max-video-preview:-1\" \/>\n<link rel=\"canonical\" href=\"https:\/\/xstyle.md\/ro\/produs\/palatka-msr-hubba-hubba-nx-2-green\/\" \/>\n<meta property=\"og:locale\" content=\"ro_RO\" \/>\n<meta property=\"og:type\" content=\"article\" \/>\n<meta property=\"og:title\" content=\"\u041f\u0430\u043b\u0430\u0442\u043a\u0430 MSR Hubba Hubba NX 2 Green - \u041c\u0430\u0433\u0430\u0437\u0438\u043d Xstyle\" \/>\n<meta property=\"og:description\" content=\"\u041f\u0430\u043b\u0430\u0442\u043a\u0430 MSR Hubba Hubba NX 2 Green \u2014 \u0438\u0434\u0435\u0430\u043b\u044c\u043d\u043e\u0435 \u0440\u0435\u0448\u0435\u043d\u0438\u0435 \u0434\u043b\u044f \u0442\u0443\u0440\u0438\u0441\u0442\u043e\u0432. \u041b\u0435\u0433\u043a\u0430\u044f, \u0432\u043b\u0430\u0433\u043e\u0437\u0430\u0449\u0438\u0442\u043d\u0430\u044f \u0438 \u043f\u0440\u043e\u0447\u043d\u0430\u044f, \u043e\u043d\u0430 \u043e\u0431\u0435\u0441\u043f\u0435\u0447\u0438\u0442 \u043a\u043e\u043c\u0444\u043e\u0440\u0442 \u0432 \u043b\u044e\u0431\u044b\u0445 \u0443\u0441\u043b\u043e\u0432\u0438\u044f\u0445.\" \/>\n<meta property=\"og:url\" content=\"https:\/\/xstyle.md\/ro\/produs\/palatka-msr-hubba-hubba-nx-2-green\/\" \/>\n<meta property=\"og:site_name\" content=\"\u041c\u0430\u0433\u0430\u0437\u0438\u043d Xstyle\" \/>\n<meta property=\"article:publisher\" content=\"https:\/\/www.facebook.com\/xstylemd\" \/>\n<meta property=\"article:modified_time\" content=\"2026-03-19T13:42:09+00:00\" \/>\n<meta property=\"og:image\" content=\"https:\/\/xstyle.md\/wp-content\/uploads\/2021\/04\/msr_hubba_hubba_nx_2_green.jpg\" \/>\n\t<meta property=\"og:image:width\" content=\"1000\" \/>\n\t<meta property=\"og:image:height\" content=\"1000\" \/>\n\t<meta property=\"og:image:type\" content=\"image\/jpeg\" \/>\n<meta name=\"twitter:card\" content=\"summary_large_image\" \/>\n<meta name=\"twitter:label1\" content=\"Pre\u021b\" \/>\n\t<meta name=\"twitter:data1\" content=\"12.590&nbsp;MDL\" \/>\n\t<meta name=\"twitter:label2\" content=\"Disponibilitate\" \/>\n\t<meta name=\"twitter:data2\" content=\"\u00cen stoc\" \/>\n<script type=\"application\/ld+json\" class=\"yoast-schema-graph\">{\"@context\":\"https:\/\/schema.org\",\"@graph\":[{\"@type\":\"WebPage\",\"@id\":\"https:\/\/xstyle.md\/product\/palatka-msr-hubba-hubba-nx-2-green\/\",\"url\":\"https:\/\/xstyle.md\/product\/palatka-msr-hubba-hubba-nx-2-green\/\",\"name\":\"\u041f\u0430\u043b\u0430\u0442\u043a\u0430 MSR Hubba Hubba NX 2 Green - \u041c\u0430\u0433\u0430\u0437\u0438\u043d Xstyle\",\"isPartOf\":{\"@id\":\"https:\/\/xstyle.md\/#website\"},\"primaryImageOfPage\":{\"@id\":\"https:\/\/xstyle.md\/product\/palatka-msr-hubba-hubba-nx-2-green\/#primaryimage\"},\"image\":{\"@id\":\"https:\/\/xstyle.md\/product\/palatka-msr-hubba-hubba-nx-2-green\/#primaryimage\"},\"thumbnailUrl\":\"https:\/\/xstyle.md\/wp-content\/uploads\/2021\/04\/msr_hubba_hubba_nx_2_green.jpg\",\"datePublished\":\"2021-04-28T11:41:56+00:00\",\"dateModified\":\"2026-03-19T13:42:09+00:00\",\"description\":\"\u041f\u0430\u043b\u0430\u0442\u043a\u0430 MSR Hubba Hubba NX 2 Green \u2014 \u0438\u0434\u0435\u0430\u043b\u044c\u043d\u043e\u0435 \u0440\u0435\u0448\u0435\u043d\u0438\u0435 \u0434\u043b\u044f \u0442\u0443\u0440\u0438\u0441\u0442\u043e\u0432. \u041b\u0435\u0433\u043a\u0430\u044f, \u0432\u043b\u0430\u0433\u043e\u0437\u0430\u0449\u0438\u0442\u043d\u0430\u044f \u0438 \u043f\u0440\u043e\u0447\u043d\u0430\u044f, \u043e\u043d\u0430 \u043e\u0431\u0435\u0441\u043f\u0435\u0447\u0438\u0442 \u043a\u043e\u043c\u0444\u043e\u0440\u0442 \u0432 \u043b\u044e\u0431\u044b\u0445 \u0443\u0441\u043b\u043e\u0432\u0438\u044f\u0445.\",\"breadcrumb\":{\"@id\":\"https:\/\/xstyle.md\/product\/palatka-msr-hubba-hubba-nx-2-green\/#breadcrumb\"},\"inLanguage\":\"ro-RO\",\"potentialAction\":[{\"@type\":\"ReadAction\",\"target\":[\"https:\/\/xstyle.md\/product\/palatka-msr-hubba-hubba-nx-2-green\/\"]}]},{\"@type\":\"ImageObject\",\"inLanguage\":\"ro-RO\",\"@id\":\"https:\/\/xstyle.md\/product\/palatka-msr-hubba-hubba-nx-2-green\/#primaryimage\",\"url\":\"https:\/\/xstyle.md\/wp-content\/uploads\/2021\/04\/msr_hubba_hubba_nx_2_green.jpg\",\"contentUrl\":\"https:\/\/xstyle.md\/wp-content\/uploads\/2021\/04\/msr_hubba_hubba_nx_2_green.jpg\",\"width\":1000,\"height\":1000},{\"@type\":\"BreadcrumbList\",\"@id\":\"https:\/\/xstyle.md\/product\/palatka-msr-hubba-hubba-nx-2-green\/#breadcrumb\",\"itemListElement\":[{\"@type\":\"ListItem\",\"position\":1,\"name\":\"\u0413\u043b\u0430\u0432\u043d\u0430\u044f \u0441\u0442\u0440\u0430\u043d\u0438\u0446\u0430\",\"item\":\"https:\/\/xstyle.md\/\"},{\"@type\":\"ListItem\",\"position\":2,\"name\":\"\u041c\u0430\u0433\u0430\u0437\u0438\u043d\",\"item\":\"https:\/\/xstyle.md\/shop\/\"},{\"@type\":\"ListItem\",\"position\":3,\"name\":\"\u041f\u0430\u043b\u0430\u0442\u043a\u0430 MSR Hubba Hubba NX 2 Green\"}]},{\"@type\":\"WebSite\",\"@id\":\"https:\/\/xstyle.md\/#website\",\"url\":\"https:\/\/xstyle.md\/\",\"name\":\"\u041c\u0430\u0433\u0430\u0437\u0438\u043d Xstyle\",\"description\":\"C\u043d\u0430\u0440\u044f\u0436\u0435\u043d\u0438\u0435 \u0434\u043b\u044f \u0442\u0443\u0440\u0438\u0437\u043c\u0430 \u0438 \u044d\u043a\u0441\u0442\u0440\u0435\u043c\u0430\u043b\u044c\u043d\u044b\u0445 \u0432\u0438\u0434\u043e\u0432 \u0441\u043f\u043e\u0440\u0442\u0430 \u0432 \u041c\u043e\u043b\u0434\u043e\u0432\u0435.. \u0426\u0435\u043d\u044b, \u0444\u043e\u0442\u043e, \u0445\u0430\u0440\u0430\u043a\u0442\u0435\u0440\u0438\u0441\u0442\u0438\u043a\u0438 \u0432 \u041c\u043e\u043b\u0434\u043e\u0432\u0435.\",\"publisher\":{\"@id\":\"https:\/\/xstyle.md\/#organization\"},\"alternateName\":\"X-Style\",\"potentialAction\":[{\"@type\":\"SearchAction\",\"target\":{\"@type\":\"EntryPoint\",\"urlTemplate\":\"https:\/\/xstyle.md\/?s={search_term_string}\"},\"query-input\":{\"@type\":\"PropertyValueSpecification\",\"valueRequired\":true,\"valueName\":\"search_term_string\"}}],\"inLanguage\":\"ro-RO\"},{\"@type\":\"Organization\",\"@id\":\"https:\/\/xstyle.md\/#organization\",\"name\":\"\u041c\u0430\u0433\u0430\u0437\u0438\u043d Xstyle\",\"alternateName\":\"x-style\",\"url\":\"https:\/\/xstyle.md\/\",\"logo\":{\"@type\":\"ImageObject\",\"inLanguage\":\"ro-RO\",\"@id\":\"https:\/\/xstyle.md\/#\/schema\/logo\/image\/\",\"url\":\"https:\/\/xstyle.md\/wp-content\/uploads\/2020\/06\/logoicon.svg\",\"contentUrl\":\"https:\/\/xstyle.md\/wp-content\/uploads\/2020\/06\/logoicon.svg\",\"caption\":\"\u041c\u0430\u0433\u0430\u0437\u0438\u043d Xstyle\"},\"image\":{\"@id\":\"https:\/\/xstyle.md\/#\/schema\/logo\/image\/\"},\"sameAs\":[\"https:\/\/www.facebook.com\/xstylemd\",\"https:\/\/www.instagram.com\/xstyle_md\/\",\"https:\/\/t.me\/xstyle_outdoor\"],\"hasMerchantReturnPolicy\":{\"@type\":\"MerchantReturnPolicy\",\"merchantReturnLink\":\"https:\/\/xstyle.md\/ro\/conditions\/\"}}]}<\/script>\n<meta property=\"product:price:amount\" content=\"12590.00\" \/>\n<meta property=\"product:price:currency\" content=\"MDL\" \/>\n<meta property=\"og:availability\" content=\"instock\" \/>\n<meta property=\"product:availability\" content=\"instock\" \/>\n<meta property=\"product:retailer_item_id\" content=\"40818062043\" \/>\n<meta property=\"product:condition\" content=\"new\" \/>\n<!-- \/ Yoast SEO plugin. -->","yoast_head_json":{"title":"\u041f\u0430\u043b\u0430\u0442\u043a\u0430 MSR Hubba Hubba NX 2 Green - \u041c\u0430\u0433\u0430\u0437\u0438\u043d Xstyle","description":"Cortul MSR Hubba Hubba NX 2 Green este solu\u021bia ideal\u0103 pentru turi\u0219ti. U\u0219or, rezistent la umiditate \u0219i durabil, acesta va oferi confort \u00een orice condi\u021bii.","robots":{"index":"index","follow":"follow","max-snippet":"max-snippet:-1","max-image-preview":"max-image-preview:large","max-video-preview":"max-video-preview:-1"},"canonical":"https:\/\/xstyle.md\/ro\/produs\/palatka-msr-hubba-hubba-nx-2-green\/","og_locale":"ro_RO","og_type":"article","og_title":"\u041f\u0430\u043b\u0430\u0442\u043a\u0430 MSR Hubba Hubba NX 2 Green - \u041c\u0430\u0433\u0430\u0437\u0438\u043d Xstyle","og_description":"\u041f\u0430\u043b\u0430\u0442\u043a\u0430 MSR Hubba Hubba NX 2 Green \u2014 \u0438\u0434\u0435\u0430\u043b\u044c\u043d\u043e\u0435 \u0440\u0435\u0448\u0435\u043d\u0438\u0435 \u0434\u043b\u044f \u0442\u0443\u0440\u0438\u0441\u0442\u043e\u0432. \u041b\u0435\u0433\u043a\u0430\u044f, \u0432\u043b\u0430\u0433\u043e\u0437\u0430\u0449\u0438\u0442\u043d\u0430\u044f \u0438 \u043f\u0440\u043e\u0447\u043d\u0430\u044f, \u043e\u043d\u0430 \u043e\u0431\u0435\u0441\u043f\u0435\u0447\u0438\u0442 \u043a\u043e\u043c\u0444\u043e\u0440\u0442 \u0432 \u043b\u044e\u0431\u044b\u0445 \u0443\u0441\u043b\u043e\u0432\u0438\u044f\u0445.","og_url":"https:\/\/xstyle.md\/ro\/produs\/palatka-msr-hubba-hubba-nx-2-green\/","og_site_name":"\u041c\u0430\u0433\u0430\u0437\u0438\u043d Xstyle","article_publisher":"https:\/\/www.facebook.com\/xstylemd","article_modified_time":"2026-03-19T13:42:09+00:00","og_image":[{"width":1000,"height":1000,"url":"https:\/\/xstyle.md\/wp-content\/uploads\/2021\/04\/msr_hubba_hubba_nx_2_green.jpg","type":"image\/jpeg"}],"twitter_card":"summary_large_image","twitter_misc":{"Pre\u021b":"12.590&nbsp;MDL","Disponibilitate":"\u00cen stoc"},"schema":{"@context":"https:\/\/schema.org","@graph":[{"@type":"WebPage","@id":"https:\/\/xstyle.md\/product\/palatka-msr-hubba-hubba-nx-2-green\/","url":"https:\/\/xstyle.md\/product\/palatka-msr-hubba-hubba-nx-2-green\/","name":"\u041f\u0430\u043b\u0430\u0442\u043a\u0430 MSR Hubba Hubba NX 2 Green - \u041c\u0430\u0433\u0430\u0437\u0438\u043d Xstyle","isPartOf":{"@id":"https:\/\/xstyle.md\/#website"},"primaryImageOfPage":{"@id":"https:\/\/xstyle.md\/product\/palatka-msr-hubba-hubba-nx-2-green\/#primaryimage"},"image":{"@id":"https:\/\/xstyle.md\/product\/palatka-msr-hubba-hubba-nx-2-green\/#primaryimage"},"thumbnailUrl":"https:\/\/xstyle.md\/wp-content\/uploads\/2021\/04\/msr_hubba_hubba_nx_2_green.jpg","datePublished":"2021-04-28T11:41:56+00:00","dateModified":"2026-03-19T13:42:09+00:00","description":"Cortul MSR Hubba Hubba NX 2 Green este solu\u021bia ideal\u0103 pentru turi\u0219ti. U\u0219or, rezistent la umiditate \u0219i durabil, acesta va oferi confort \u00een orice condi\u021bii.","breadcrumb":{"@id":"https:\/\/xstyle.md\/product\/palatka-msr-hubba-hubba-nx-2-green\/#breadcrumb"},"inLanguage":"ro-RO","potentialAction":[{"@type":"ReadAction","target":["https:\/\/xstyle.md\/product\/palatka-msr-hubba-hubba-nx-2-green\/"]}]},{"@type":"ImageObject","inLanguage":"ro-RO","@id":"https:\/\/xstyle.md\/product\/palatka-msr-hubba-hubba-nx-2-green\/#primaryimage","url":"https:\/\/xstyle.md\/wp-content\/uploads\/2021\/04\/msr_hubba_hubba_nx_2_green.jpg","contentUrl":"https:\/\/xstyle.md\/wp-content\/uploads\/2021\/04\/msr_hubba_hubba_nx_2_green.jpg","width":1000,"height":1000},{"@type":"BreadcrumbList","@id":"https:\/\/xstyle.md\/product\/palatka-msr-hubba-hubba-nx-2-green\/#breadcrumb","itemListElement":[{"@type":"ListItem","position":1,"name":"\u0413\u043b\u0430\u0432\u043d\u0430\u044f \u0441\u0442\u0440\u0430\u043d\u0438\u0446\u0430","item":"https:\/\/xstyle.md\/"},{"@type":"ListItem","position":2,"name":"\u041c\u0430\u0433\u0430\u0437\u0438\u043d","item":"https:\/\/xstyle.md\/shop\/"},{"@type":"ListItem","position":3,"name":"\u041f\u0430\u043b\u0430\u0442\u043a\u0430 MSR Hubba Hubba NX 2 Green"}]},{"@type":"WebSite","@id":"https:\/\/xstyle.md\/#website","url":"https:\/\/xstyle.md\/","name":"Magazinul X-Style","description":"Echipamente pentru turism \u0219i sporturi extreme \u00een Moldova. Pre\u021buri, fotografii, caracteristici \u00een Moldova.","publisher":{"@id":"https:\/\/xstyle.md\/#organization"},"alternateName":"X-Style","potentialAction":[{"@type":"SearchAction","target":{"@type":"EntryPoint","urlTemplate":"https:\/\/xstyle.md\/?s={search_term_string}"},"query-input":{"@type":"PropertyValueSpecification","valueRequired":true,"valueName":"search_term_string"}}],"inLanguage":"ro-RO"},{"@type":"Organization","@id":"https:\/\/xstyle.md\/#organization","name":"Magazinul X-Style","alternateName":"x-style","url":"https:\/\/xstyle.md\/","logo":{"@type":"ImageObject","inLanguage":"ro-RO","@id":"https:\/\/xstyle.md\/#\/schema\/logo\/image\/","url":"https:\/\/xstyle.md\/wp-content\/uploads\/2020\/06\/logoicon.svg","contentUrl":"https:\/\/xstyle.md\/wp-content\/uploads\/2020\/06\/logoicon.svg","caption":"\u041c\u0430\u0433\u0430\u0437\u0438\u043d Xstyle"},"image":{"@id":"https:\/\/xstyle.md\/#\/schema\/logo\/image\/"},"sameAs":["https:\/\/www.facebook.com\/xstylemd","https:\/\/www.instagram.com\/xstyle_md\/","https:\/\/t.me\/xstyle_outdoor"],"hasMerchantReturnPolicy":{"@type":"MerchantReturnPolicy","merchantReturnLink":"https:\/\/xstyle.md\/ro\/conditions\/"}}]},"product_price_amount":"12590.00","product_price_currency":"MDL","og_availability":"instock","product_availability":"instock","product_retailer_item_id":"40818062043","product_condition":"new"},"post_mailing_queue_ids":[],"_links":{"self":[{"href":"https:\/\/xstyle.md\/ro\/wp-json\/wp\/v2\/product\/30689","targetHints":{"allow":["GET"]}}],"collection":[{"href":"https:\/\/xstyle.md\/ro\/wp-json\/wp\/v2\/product"}],"about":[{"href":"https:\/\/xstyle.md\/ro\/wp-json\/wp\/v2\/types\/product"}],"replies":[{"embeddable":true,"href":"https:\/\/xstyle.md\/ro\/wp-json\/wp\/v2\/comments?post=30689"}],"wp:featuredmedia":[{"embeddable":true,"href":"https:\/\/xstyle.md\/ro\/wp-json\/wp\/v2\/media\/30686"}],"wp:attachment":[{"href":"https:\/\/xstyle.md\/ro\/wp-json\/wp\/v2\/media?parent=30689"}],"wp:term":[{"taxonomy":"product_brand","embeddable":true,"href":"https:\/\/xstyle.md\/ro\/wp-json\/wp\/v2\/product_brand?post=30689"},{"taxonomy":"product_cat","embeddable":true,"href":"https:\/\/xstyle.md\/ro\/wp-json\/wp\/v2\/product_cat?post=30689"},{"taxonomy":"product_tag","embeddable":true,"href":"https:\/\/xstyle.md\/ro\/wp-json\/wp\/v2\/product_tag?post=30689"}],"curies":[{"name":"wp","href":"https:\/\/api.w.org\/{rel}","templated":true}]}}