{"id":30610,"date":"2021-04-28T14:40:11","date_gmt":"2021-04-28T11:40:11","guid":{"rendered":"https:\/\/xstyle.md\/product\/sumka-dlja-magnezii-bd-mojo-kids-macaw-s-m\/"},"modified":"2025-04-02T18:05:37","modified_gmt":"2025-04-02T15:05:37","slug":"sumka-dlja-magnezii-bd-mojo-kids-macaw-s-m","status":"publish","type":"product","link":"https:\/\/xstyle.md\/ro\/produs\/sumka-dlja-magnezii-bd-mojo-kids-macaw-s-m\/","title":{"rendered":"Geant\u0103 magneziu BD Mojo Kids macaw S\/M"},"content":{"rendered":"<\/p>\n<p><strong>Sac pentru magneziu BD Mojo Kids macaw S\/M<\/strong> \u00een special pentru c\u0103\u021b\u0103r\u0103torii \u00eencep\u0103tori Designul elaborat, de \u00eenalt\u0103 calitate, este ideal pentru m\u00e2inile mai mici ale noii genera\u021bii.<\/p>\n<h3>Caracteristici<\/h3>\n<ul>\n<li>Greutate &#8212; 56g<\/li>\n<\/ul>\n<h3>Marca<\/h3>\n<p>Black Diamond este un produc\u0103tor american de echipamente sportive \u0219i turistice de \u00eenalt\u0103 tehnologie, un dezvoltator legendar \u0219i &#171;revolu\u021bionar&#187;, una dintre cele mai faimoase \u0219i reputate m\u0103rci existente ast\u0103zi pe pia\u021ba global\u0103 de activit\u0103\u021bi \u00een aer liber. Produsele companiei sunt reprezentate pe scar\u0103 larg\u0103 \u00een domenii precum alpinismul, alpinismul \u0219i schiatul: &#171;fier&#187; \u0219i carabiniere, echipamente pentru ghea\u021b\u0103, sisteme de siguran\u021b\u0103, c\u0103\u0219ti, rucsacuri, corturi, lanterne, be\u021be telescopice, schiuri, bocanci, \u00eembr\u0103c\u0103minte &#8212; toate acestea, timp de mai multe decenii, au fost produse sub logo-ul Black Diamond, care reprezint\u0103 tehnologia avansat\u0103 \u0219i este o garan\u021bie a celei mai \u00eenalte calit\u0103\u021bi, a fiabilit\u0103\u021bii maxime \u0219i a confortului \u00een utilizare.<\/p>\n<p><\/p>\n<\/div>\n<\/div>","protected":false},"excerpt":{"rendered":"<p>Geant\u0103 magneziu BD Mojo Kids macaw S\/M<\/p>","protected":false},"featured_media":30609,"comment_status":"open","ping_status":"closed","template":"","meta":{"_acf_changed":false,"inline_featured_image":false},"product_brand":[1306],"product_cat":[296],"product_tag":[],"class_list":{"0":"post-30610","1":"product","2":"type-product","3":"status-publish","4":"has-post-thumbnail","6":"product_brand-black-diamond","7":"product_cat-chalk-and-bags","9":"first","10":"instock","11":"shipping-taxable","12":"purchasable","13":"product-type-simple"},"acf":[],"yoast_head":"<!-- This site is optimized with the Yoast SEO plugin v27.4 - https:\/\/yoast.com\/product\/yoast-seo-wordpress\/ -->\n<title>\u0421\u0443\u043c\u043a\u0430 \u0434\u043b\u044f \u043c\u0430\u0433\u043d\u0435\u0437\u0438\u0438 BD Mojo Kids macaw S\/M - \u041c\u0430\u0433\u0430\u0437\u0438\u043d Xstyle<\/title>\n<meta name=\"description\" content=\"\u0421\u0443\u043c\u043a\u0430 \u0434\u043b\u044f \u043c\u0430\u0433\u043d\u0435\u0437\u0438\u0438 BD Mojo Kids macaw S\/M \u0438\u0434\u0435\u0430\u043b\u044c\u043d\u043e \u043f\u043e\u0434\u0445\u043e\u0434\u0438\u0442 \u0434\u043b\u044f \u044e\u043d\u044b\u0445 \u0441\u043a\u0430\u043b\u043e\u043b\u0430\u0437\u043e\u0432. \u041b\u0435\u0433\u043a\u0438\u0439 \u0438 \u043a\u0430\u0447\u0435\u0441\u0442\u0432\u0435\u043d\u043d\u044b\u0439 \u0434\u0438\u0437\u0430\u0439\u043d \u0434\u043b\u044f \u043c\u0430\u043b\u0435\u043d\u044c\u043a\u0438\u0445 \u0440\u0443\u043a.\" \/>\n<meta name=\"robots\" content=\"index, follow, max-snippet:-1, max-image-preview:large, max-video-preview:-1\" \/>\n<link rel=\"canonical\" href=\"https:\/\/xstyle.md\/ro\/produs\/sumka-dlja-magnezii-bd-mojo-kids-macaw-s-m\/\" \/>\n<meta property=\"og:locale\" content=\"ro_RO\" \/>\n<meta property=\"og:type\" content=\"article\" \/>\n<meta property=\"og:title\" content=\"\u0421\u0443\u043c\u043a\u0430 \u0434\u043b\u044f \u043c\u0430\u0433\u043d\u0435\u0437\u0438\u0438 BD Mojo Kids macaw S\/M - \u041c\u0430\u0433\u0430\u0437\u0438\u043d Xstyle\" \/>\n<meta property=\"og:description\" content=\"\u0421\u0443\u043c\u043a\u0430 \u0434\u043b\u044f \u043c\u0430\u0433\u043d\u0435\u0437\u0438\u0438 BD Mojo Kids macaw S\/M \u0438\u0434\u0435\u0430\u043b\u044c\u043d\u043e \u043f\u043e\u0434\u0445\u043e\u0434\u0438\u0442 \u0434\u043b\u044f \u044e\u043d\u044b\u0445 \u0441\u043a\u0430\u043b\u043e\u043b\u0430\u0437\u043e\u0432. \u041b\u0435\u0433\u043a\u0438\u0439 \u0438 \u043a\u0430\u0447\u0435\u0441\u0442\u0432\u0435\u043d\u043d\u044b\u0439 \u0434\u0438\u0437\u0430\u0439\u043d \u0434\u043b\u044f \u043c\u0430\u043b\u0435\u043d\u044c\u043a\u0438\u0445 \u0440\u0443\u043a.\" \/>\n<meta property=\"og:url\" content=\"https:\/\/xstyle.md\/ro\/produs\/sumka-dlja-magnezii-bd-mojo-kids-macaw-s-m\/\" \/>\n<meta property=\"og:site_name\" content=\"\u041c\u0430\u0433\u0430\u0437\u0438\u043d Xstyle\" \/>\n<meta property=\"article:publisher\" content=\"https:\/\/www.facebook.com\/xstylemd\" \/>\n<meta property=\"article:modified_time\" content=\"2025-04-02T15:05:37+00:00\" \/>\n<meta property=\"og:image\" content=\"https:\/\/xstyle.md\/wp-content\/uploads\/2021\/04\/bd_mojo_kids_macaw.jpg\" \/>\n\t<meta property=\"og:image:width\" content=\"570\" \/>\n\t<meta property=\"og:image:height\" content=\"437\" \/>\n\t<meta property=\"og:image:type\" content=\"image\/jpeg\" \/>\n<meta name=\"twitter:card\" content=\"summary_large_image\" \/>\n<meta name=\"twitter:label1\" content=\"Pre\u021b\" \/>\n\t<meta name=\"twitter:data1\" content=\"365&nbsp;MDL\" \/>\n\t<meta name=\"twitter:label2\" content=\"Disponibilitate\" \/>\n\t<meta name=\"twitter:data2\" content=\"\u00cen stoc\" \/>\n<script type=\"application\/ld+json\" class=\"yoast-schema-graph\">{\"@context\":\"https:\\\/\\\/schema.org\",\"@graph\":[{\"@type\":\"WebPage\",\"@id\":\"https:\\\/\\\/xstyle.md\\\/product\\\/sumka-dlja-magnezii-bd-mojo-kids-macaw-s-m\\\/\",\"url\":\"https:\\\/\\\/xstyle.md\\\/product\\\/sumka-dlja-magnezii-bd-mojo-kids-macaw-s-m\\\/\",\"name\":\"\u0421\u0443\u043c\u043a\u0430 \u0434\u043b\u044f \u043c\u0430\u0433\u043d\u0435\u0437\u0438\u0438 BD Mojo Kids macaw S\\\/M - \u041c\u0430\u0433\u0430\u0437\u0438\u043d Xstyle\",\"isPartOf\":{\"@id\":\"https:\\\/\\\/xstyle.md\\\/#website\"},\"primaryImageOfPage\":{\"@id\":\"https:\\\/\\\/xstyle.md\\\/product\\\/sumka-dlja-magnezii-bd-mojo-kids-macaw-s-m\\\/#primaryimage\"},\"image\":{\"@id\":\"https:\\\/\\\/xstyle.md\\\/product\\\/sumka-dlja-magnezii-bd-mojo-kids-macaw-s-m\\\/#primaryimage\"},\"thumbnailUrl\":\"https:\\\/\\\/xstyle.md\\\/wp-content\\\/uploads\\\/2021\\\/04\\\/bd_mojo_kids_macaw.jpg\",\"datePublished\":\"2021-04-28T11:40:11+00:00\",\"dateModified\":\"2025-04-02T15:05:37+00:00\",\"description\":\"\u0421\u0443\u043c\u043a\u0430 \u0434\u043b\u044f \u043c\u0430\u0433\u043d\u0435\u0437\u0438\u0438 BD Mojo Kids macaw S\\\/M \u0438\u0434\u0435\u0430\u043b\u044c\u043d\u043e \u043f\u043e\u0434\u0445\u043e\u0434\u0438\u0442 \u0434\u043b\u044f \u044e\u043d\u044b\u0445 \u0441\u043a\u0430\u043b\u043e\u043b\u0430\u0437\u043e\u0432. \u041b\u0435\u0433\u043a\u0438\u0439 \u0438 \u043a\u0430\u0447\u0435\u0441\u0442\u0432\u0435\u043d\u043d\u044b\u0439 \u0434\u0438\u0437\u0430\u0439\u043d \u0434\u043b\u044f \u043c\u0430\u043b\u0435\u043d\u044c\u043a\u0438\u0445 \u0440\u0443\u043a.\",\"breadcrumb\":{\"@id\":\"https:\\\/\\\/xstyle.md\\\/product\\\/sumka-dlja-magnezii-bd-mojo-kids-macaw-s-m\\\/#breadcrumb\"},\"inLanguage\":\"ro-RO\",\"potentialAction\":[{\"@type\":\"ReadAction\",\"target\":[\"https:\\\/\\\/xstyle.md\\\/product\\\/sumka-dlja-magnezii-bd-mojo-kids-macaw-s-m\\\/\"]}]},{\"@type\":\"ImageObject\",\"inLanguage\":\"ro-RO\",\"@id\":\"https:\\\/\\\/xstyle.md\\\/product\\\/sumka-dlja-magnezii-bd-mojo-kids-macaw-s-m\\\/#primaryimage\",\"url\":\"https:\\\/\\\/xstyle.md\\\/wp-content\\\/uploads\\\/2021\\\/04\\\/bd_mojo_kids_macaw.jpg\",\"contentUrl\":\"https:\\\/\\\/xstyle.md\\\/wp-content\\\/uploads\\\/2021\\\/04\\\/bd_mojo_kids_macaw.jpg\",\"width\":570,\"height\":437},{\"@type\":\"BreadcrumbList\",\"@id\":\"https:\\\/\\\/xstyle.md\\\/product\\\/sumka-dlja-magnezii-bd-mojo-kids-macaw-s-m\\\/#breadcrumb\",\"itemListElement\":[{\"@type\":\"ListItem\",\"position\":1,\"name\":\"\u0413\u043b\u0430\u0432\u043d\u0430\u044f \u0441\u0442\u0440\u0430\u043d\u0438\u0446\u0430\",\"item\":\"https:\\\/\\\/xstyle.md\\\/\"},{\"@type\":\"ListItem\",\"position\":2,\"name\":\"\u041c\u0430\u0433\u0430\u0437\u0438\u043d\",\"item\":\"https:\\\/\\\/xstyle.md\\\/shop\\\/\"},{\"@type\":\"ListItem\",\"position\":3,\"name\":\"\u0421\u0443\u043c\u043a\u0430 \u0434\u043b\u044f \u043c\u0430\u0433\u043d\u0435\u0437\u0438\u0438 BD Mojo Kids macaw S\\\/M\"}]},{\"@type\":\"WebSite\",\"@id\":\"https:\\\/\\\/xstyle.md\\\/#website\",\"url\":\"https:\\\/\\\/xstyle.md\\\/\",\"name\":\"\u041c\u0430\u0433\u0430\u0437\u0438\u043d Xstyle\",\"description\":\"C\u043d\u0430\u0440\u044f\u0436\u0435\u043d\u0438\u0435 \u0434\u043b\u044f \u0442\u0443\u0440\u0438\u0437\u043c\u0430 \u0438 \u044d\u043a\u0441\u0442\u0440\u0435\u043c\u0430\u043b\u044c\u043d\u044b\u0445 \u0432\u0438\u0434\u043e\u0432 \u0441\u043f\u043e\u0440\u0442\u0430 \u0432 \u041c\u043e\u043b\u0434\u043e\u0432\u0435.. \u0426\u0435\u043d\u044b, \u0444\u043e\u0442\u043e, \u0445\u0430\u0440\u0430\u043a\u0442\u0435\u0440\u0438\u0441\u0442\u0438\u043a\u0438 \u0432 \u041c\u043e\u043b\u0434\u043e\u0432\u0435.\",\"publisher\":{\"@id\":\"https:\\\/\\\/xstyle.md\\\/#organization\"},\"alternateName\":\"X-Style\",\"potentialAction\":[{\"@type\":\"SearchAction\",\"target\":{\"@type\":\"EntryPoint\",\"urlTemplate\":\"https:\\\/\\\/xstyle.md\\\/?s={search_term_string}\"},\"query-input\":{\"@type\":\"PropertyValueSpecification\",\"valueRequired\":true,\"valueName\":\"search_term_string\"}}],\"inLanguage\":\"ro-RO\"},{\"@type\":\"Organization\",\"@id\":\"https:\\\/\\\/xstyle.md\\\/#organization\",\"name\":\"\u041c\u0430\u0433\u0430\u0437\u0438\u043d Xstyle\",\"alternateName\":\"x-style\",\"url\":\"https:\\\/\\\/xstyle.md\\\/\",\"logo\":{\"@type\":\"ImageObject\",\"inLanguage\":\"ro-RO\",\"@id\":\"https:\\\/\\\/xstyle.md\\\/#\\\/schema\\\/logo\\\/image\\\/\",\"url\":\"https:\\\/\\\/xstyle.md\\\/wp-content\\\/uploads\\\/2020\\\/06\\\/logoicon.svg\",\"contentUrl\":\"https:\\\/\\\/xstyle.md\\\/wp-content\\\/uploads\\\/2020\\\/06\\\/logoicon.svg\",\"caption\":\"\u041c\u0430\u0433\u0430\u0437\u0438\u043d Xstyle\"},\"image\":{\"@id\":\"https:\\\/\\\/xstyle.md\\\/#\\\/schema\\\/logo\\\/image\\\/\"},\"sameAs\":[\"https:\\\/\\\/www.facebook.com\\\/xstylemd\",\"https:\\\/\\\/www.instagram.com\\\/xstyle_md\\\/\",\"https:\\\/\\\/t.me\\\/xstyle_outdoor\"],\"hasMerchantReturnPolicy\":{\"@type\":\"MerchantReturnPolicy\",\"merchantReturnLink\":\"https:\\\/\\\/xstyle.md\\\/ro\\\/conditions\\\/\"}}]}<\/script>\n<meta property=\"product:price:amount\" content=\"365.00\" \/>\n<meta property=\"product:price:currency\" content=\"MDL\" \/>\n<meta property=\"og:availability\" content=\"instock\" \/>\n<meta property=\"product:availability\" content=\"instock\" \/>\n<meta property=\"product:retailer_item_id\" content=\"793661403753\" \/>\n<meta property=\"product:condition\" content=\"new\" \/>\n<!-- \/ Yoast SEO plugin. -->","yoast_head_json":{"title":"Sac pentru magneziu BD Mojo Kids macaw S\/M - Magazin Xstyle","description":"Geanta pentru magnezi BD Mojo Kids macaw S\/M este perfect\u0103 pentru tinerii escaladatori. Design u\u0219or \u0219i de calitate pentru m\u00e2inile mici.","robots":{"index":"index","follow":"follow","max-snippet":"max-snippet:-1","max-image-preview":"max-image-preview:large","max-video-preview":"max-video-preview:-1"},"canonical":"https:\/\/xstyle.md\/ro\/produs\/sumka-dlja-magnezii-bd-mojo-kids-macaw-s-m\/","og_locale":"ro_RO","og_type":"article","og_title":"\u0421\u0443\u043c\u043a\u0430 \u0434\u043b\u044f \u043c\u0430\u0433\u043d\u0435\u0437\u0438\u0438 BD Mojo Kids macaw S\/M - \u041c\u0430\u0433\u0430\u0437\u0438\u043d Xstyle","og_description":"\u0421\u0443\u043c\u043a\u0430 \u0434\u043b\u044f \u043c\u0430\u0433\u043d\u0435\u0437\u0438\u0438 BD Mojo Kids macaw S\/M \u0438\u0434\u0435\u0430\u043b\u044c\u043d\u043e \u043f\u043e\u0434\u0445\u043e\u0434\u0438\u0442 \u0434\u043b\u044f \u044e\u043d\u044b\u0445 \u0441\u043a\u0430\u043b\u043e\u043b\u0430\u0437\u043e\u0432. \u041b\u0435\u0433\u043a\u0438\u0439 \u0438 \u043a\u0430\u0447\u0435\u0441\u0442\u0432\u0435\u043d\u043d\u044b\u0439 \u0434\u0438\u0437\u0430\u0439\u043d \u0434\u043b\u044f \u043c\u0430\u043b\u0435\u043d\u044c\u043a\u0438\u0445 \u0440\u0443\u043a.","og_url":"https:\/\/xstyle.md\/ro\/produs\/sumka-dlja-magnezii-bd-mojo-kids-macaw-s-m\/","og_site_name":"\u041c\u0430\u0433\u0430\u0437\u0438\u043d Xstyle","article_publisher":"https:\/\/www.facebook.com\/xstylemd","article_modified_time":"2025-04-02T15:05:37+00:00","og_image":[{"width":570,"height":437,"url":"https:\/\/xstyle.md\/wp-content\/uploads\/2021\/04\/bd_mojo_kids_macaw.jpg","type":"image\/jpeg"}],"twitter_card":"summary_large_image","twitter_misc":{"Pre\u021b":"365&nbsp;MDL","Disponibilitate":"\u00cen stoc"},"schema":{"@context":"https:\/\/schema.org","@graph":[{"@type":"WebPage","@id":"https:\/\/xstyle.md\/product\/sumka-dlja-magnezii-bd-mojo-kids-macaw-s-m\/","url":"https:\/\/xstyle.md\/product\/sumka-dlja-magnezii-bd-mojo-kids-macaw-s-m\/","name":"Sac pentru magneziu BD Mojo Kids macaw S\/M - Magazin Xstyle","isPartOf":{"@id":"https:\/\/xstyle.md\/#website"},"primaryImageOfPage":{"@id":"https:\/\/xstyle.md\/product\/sumka-dlja-magnezii-bd-mojo-kids-macaw-s-m\/#primaryimage"},"image":{"@id":"https:\/\/xstyle.md\/product\/sumka-dlja-magnezii-bd-mojo-kids-macaw-s-m\/#primaryimage"},"thumbnailUrl":"https:\/\/xstyle.md\/wp-content\/uploads\/2021\/04\/bd_mojo_kids_macaw.jpg","datePublished":"2021-04-28T11:40:11+00:00","dateModified":"2025-04-02T15:05:37+00:00","description":"Geanta pentru magnezi BD Mojo Kids macaw S\/M este perfect\u0103 pentru tinerii escaladatori. Design u\u0219or \u0219i de calitate pentru m\u00e2inile mici.","breadcrumb":{"@id":"https:\/\/xstyle.md\/product\/sumka-dlja-magnezii-bd-mojo-kids-macaw-s-m\/#breadcrumb"},"inLanguage":"ro-RO","potentialAction":[{"@type":"ReadAction","target":["https:\/\/xstyle.md\/product\/sumka-dlja-magnezii-bd-mojo-kids-macaw-s-m\/"]}]},{"@type":"ImageObject","inLanguage":"ro-RO","@id":"https:\/\/xstyle.md\/product\/sumka-dlja-magnezii-bd-mojo-kids-macaw-s-m\/#primaryimage","url":"https:\/\/xstyle.md\/wp-content\/uploads\/2021\/04\/bd_mojo_kids_macaw.jpg","contentUrl":"https:\/\/xstyle.md\/wp-content\/uploads\/2021\/04\/bd_mojo_kids_macaw.jpg","width":570,"height":437},{"@type":"BreadcrumbList","@id":"https:\/\/xstyle.md\/product\/sumka-dlja-magnezii-bd-mojo-kids-macaw-s-m\/#breadcrumb","itemListElement":[{"@type":"ListItem","position":1,"name":"\u0413\u043b\u0430\u0432\u043d\u0430\u044f \u0441\u0442\u0440\u0430\u043d\u0438\u0446\u0430","item":"https:\/\/xstyle.md\/"},{"@type":"ListItem","position":2,"name":"\u041c\u0430\u0433\u0430\u0437\u0438\u043d","item":"https:\/\/xstyle.md\/shop\/"},{"@type":"ListItem","position":3,"name":"\u0421\u0443\u043c\u043a\u0430 \u0434\u043b\u044f \u043c\u0430\u0433\u043d\u0435\u0437\u0438\u0438 BD Mojo Kids macaw S\/M"}]},{"@type":"WebSite","@id":"https:\/\/xstyle.md\/#website","url":"https:\/\/xstyle.md\/","name":"Magazinul X-Style","description":"Echipamente pentru turism \u0219i sporturi extreme \u00een Moldova. Pre\u021buri, fotografii, caracteristici \u00een Moldova.","publisher":{"@id":"https:\/\/xstyle.md\/#organization"},"alternateName":"X-Style","potentialAction":[{"@type":"SearchAction","target":{"@type":"EntryPoint","urlTemplate":"https:\/\/xstyle.md\/?s={search_term_string}"},"query-input":{"@type":"PropertyValueSpecification","valueRequired":true,"valueName":"search_term_string"}}],"inLanguage":"ro-RO"},{"@type":"Organization","@id":"https:\/\/xstyle.md\/#organization","name":"Magazinul X-Style","alternateName":"x-style","url":"https:\/\/xstyle.md\/","logo":{"@type":"ImageObject","inLanguage":"ro-RO","@id":"https:\/\/xstyle.md\/#\/schema\/logo\/image\/","url":"https:\/\/xstyle.md\/wp-content\/uploads\/2020\/06\/logoicon.svg","contentUrl":"https:\/\/xstyle.md\/wp-content\/uploads\/2020\/06\/logoicon.svg","caption":"\u041c\u0430\u0433\u0430\u0437\u0438\u043d Xstyle"},"image":{"@id":"https:\/\/xstyle.md\/#\/schema\/logo\/image\/"},"sameAs":["https:\/\/www.facebook.com\/xstylemd","https:\/\/www.instagram.com\/xstyle_md\/","https:\/\/t.me\/xstyle_outdoor"],"hasMerchantReturnPolicy":{"@type":"MerchantReturnPolicy","merchantReturnLink":"https:\/\/xstyle.md\/ro\/conditions\/"}}]},"product_price_amount":"365.00","product_price_currency":"MDL","og_availability":"instock","product_availability":"instock","product_retailer_item_id":"793661403753","product_condition":"new"},"_links":{"self":[{"href":"https:\/\/xstyle.md\/ro\/wp-json\/wp\/v2\/product\/30610","targetHints":{"allow":["GET"]}}],"collection":[{"href":"https:\/\/xstyle.md\/ro\/wp-json\/wp\/v2\/product"}],"about":[{"href":"https:\/\/xstyle.md\/ro\/wp-json\/wp\/v2\/types\/product"}],"replies":[{"embeddable":true,"href":"https:\/\/xstyle.md\/ro\/wp-json\/wp\/v2\/comments?post=30610"}],"wp:featuredmedia":[{"embeddable":true,"href":"https:\/\/xstyle.md\/ro\/wp-json\/wp\/v2\/media\/30609"}],"wp:attachment":[{"href":"https:\/\/xstyle.md\/ro\/wp-json\/wp\/v2\/media?parent=30610"}],"wp:term":[{"taxonomy":"product_brand","embeddable":true,"href":"https:\/\/xstyle.md\/ro\/wp-json\/wp\/v2\/product_brand?post=30610"},{"taxonomy":"product_cat","embeddable":true,"href":"https:\/\/xstyle.md\/ro\/wp-json\/wp\/v2\/product_cat?post=30610"},{"taxonomy":"product_tag","embeddable":true,"href":"https:\/\/xstyle.md\/ro\/wp-json\/wp\/v2\/product_tag?post=30610"}],"curies":[{"name":"wp","href":"https:\/\/api.w.org\/{rel}","templated":true}]}}