{"id":30597,"date":"2021-04-28T14:39:51","date_gmt":"2021-04-28T11:39:51","guid":{"rendered":"https:\/\/xstyle.md\/product\/nozh-helle-jegermester\/"},"modified":"2026-04-22T17:07:35","modified_gmt":"2026-04-22T14:07:35","slug":"nozh-helle-jegermester","status":"publish","type":"product","link":"https:\/\/xstyle.md\/ro\/produs\/nozh-helle-jegermester\/","title":{"rendered":"Cu\u021bit Helle Jegermester"},"content":{"rendered":"<\/p>\n<p>Cu\u021bitul de v\u00e2n\u0103toare <strong>Helle Jegermester<\/strong>, cu lama sa lung\u0103 \u0219i rezistent\u0103, este ideal pentru t\u0103ierea pr\u0103zilor mari. Cu\u021bitul este inspirat de cu\u021bitele scandinave \u0219i a fost proiectat \u021bin\u00e2nd cont de experien\u021ba a genera\u021bii de v\u00e2n\u0103tori nordici.<\/p>\n<p>Lama lung\u0103 de 135 mm are o form\u0103 tipic\u0103 de cu\u021bit scandinav &#8212; v\u00e2rf cu pic\u0103tur\u0103 cu cobor\u00e2ri scandinave. T\u0103i\u0219ul curbat face o treab\u0103 bun\u0103 la jupuit, \u00een timp ce v\u00e2rful ascu\u021bit este perfect pentru \u00eenjunghieri penetrante \u0219i lovituri precise.<\/p>\n<p>Lama este fabricat\u0103 din o\u021bel inoxidabil suedez Sandvik 12C27. Datorit\u0103 crio-\u00eent\u0103riturii, o\u021belul a dob\u00e2ndit calit\u0103\u021bi precum elasticitatea \u0219i flexibilitatea. Prin urmare, \u00een ciuda grosimii mici a lamei, 2,8 mm, aceasta se va \u00eendoi, dar nu se va rupe \u00een caz de rezisten\u021b\u0103.<\/p>\n<p>M\u00e2nerul voluminos este foarte confortabil pentru m\u00e2n\u0103 \u0219i v\u0103 permite s\u0103 \u021bine\u021bi \u0219i s\u0103 controla\u021bi cu\u021bitul cu \u00eencredere. Montarea m\u00e2nerului este prin m\u00e2ner. Ca material este folosit lemnul de mesteac\u0103n din Karelian &#8212; cu acest cu\u021bit pute\u021bi \u021bine cu\u021bitul \u00een m\u00e2n\u0103 f\u0103r\u0103 m\u0103nu\u0219\u0103 chiar \u0219i pe timp de iarn\u0103, deoarece nu v\u0103 r\u0103ce\u0219te m\u00e2na. Bolterul \u00eengust din cupru contribuie la rezisten\u021ba m\u00e2nerului.<\/p>\n<p>Cu\u021bitul este livrat cu o teac\u0103 din piele de tip scandinav.<\/p>\n<h3>Caracteristici<\/h3>\n<ul>\n<li>Lungime total\u0103: 25,1 cm<\/li>\n<li>Lungimea lamei: 13,5 cm<\/li>\n<li>Grosimea lamei: 2,8 mm<\/li>\n<li>Material m\u00e2ner: lemn de mesteac\u0103n de Karelian<\/li>\n<li>Calitatea o\u021belului: Sandvik 12C27<\/li>\n<li>Greutate: 140 g.<\/li>\n<\/ul>\n<p><\/p>","protected":false},"excerpt":{"rendered":"<p>Cu\u021bit Helle Jegermester<\/p>","protected":false},"featured_media":54253,"comment_status":"open","ping_status":"closed","template":"","meta":{"_acf_changed":false,"inline_featured_image":false},"product_brand":[1396],"product_cat":[169],"product_tag":[],"class_list":{"0":"post-30597","1":"product","2":"type-product","3":"status-publish","4":"has-post-thumbnail","6":"product_brand-helle","7":"product_cat-knives","9":"first","10":"instock","11":"shipping-taxable","12":"purchasable","13":"product-type-simple"},"acf":[],"yoast_head":"<!-- This site is optimized with the Yoast SEO plugin v27.4 - https:\/\/yoast.com\/product\/yoast-seo-wordpress\/ -->\n<title>\u041d\u043e\u0436 Helle Jegermester - \u041c\u0430\u0433\u0430\u0437\u0438\u043d Xstyle<\/title>\n<meta name=\"description\" content=\"\u041a\u0443\u043f\u0438\u0442\u0435 \u043d\u043e\u0436 Helle Jegermester \u0441 \u043b\u0435\u0437\u0432\u0438\u0435\u043c 135 \u043c\u043c \u0438\u0437 Sandvik 12C27. \u0418\u0434\u0435\u0430\u043b\u0435\u043d \u0434\u043b\u044f \u043e\u0445\u043e\u0442\u044b \u0438 \u0440\u0430\u0437\u0434\u0435\u043b\u043a\u0438 \u043a\u0440\u0443\u043f\u043d\u043e\u0439 \u0434\u043e\u0431\u044b\u0447\u0438, \u0432\u0434\u043e\u0445\u043d\u043e\u0432\u043b\u0435\u043d\u043d\u044b\u0439 \u0441\u043a\u0430\u043d\u0434\u0438\u043d\u0430\u0432\u0441\u043a\u0438\u043c\u0438 \u0442\u0440\u0430\u0434\u0438\u0446\u0438\u044f\u043c\u0438.\" \/>\n<meta name=\"robots\" content=\"index, follow, max-snippet:-1, max-image-preview:large, max-video-preview:-1\" \/>\n<link rel=\"canonical\" href=\"https:\/\/xstyle.md\/ro\/produs\/nozh-helle-jegermester\/\" \/>\n<meta property=\"og:locale\" content=\"ro_RO\" \/>\n<meta property=\"og:type\" content=\"article\" \/>\n<meta property=\"og:title\" content=\"\u041d\u043e\u0436 Helle Jegermester - \u041c\u0430\u0433\u0430\u0437\u0438\u043d Xstyle\" \/>\n<meta property=\"og:description\" content=\"\u041a\u0443\u043f\u0438\u0442\u0435 \u043d\u043e\u0436 Helle Jegermester \u0441 \u043b\u0435\u0437\u0432\u0438\u0435\u043c 135 \u043c\u043c \u0438\u0437 Sandvik 12C27. \u0418\u0434\u0435\u0430\u043b\u0435\u043d \u0434\u043b\u044f \u043e\u0445\u043e\u0442\u044b \u0438 \u0440\u0430\u0437\u0434\u0435\u043b\u043a\u0438 \u043a\u0440\u0443\u043f\u043d\u043e\u0439 \u0434\u043e\u0431\u044b\u0447\u0438, \u0432\u0434\u043e\u0445\u043d\u043e\u0432\u043b\u0435\u043d\u043d\u044b\u0439 \u0441\u043a\u0430\u043d\u0434\u0438\u043d\u0430\u0432\u0441\u043a\u0438\u043c\u0438 \u0442\u0440\u0430\u0434\u0438\u0446\u0438\u044f\u043c\u0438.\" \/>\n<meta property=\"og:url\" content=\"https:\/\/xstyle.md\/ro\/produs\/nozh-helle-jegermester\/\" \/>\n<meta property=\"og:site_name\" content=\"\u041c\u0430\u0433\u0430\u0437\u0438\u043d Xstyle\" \/>\n<meta property=\"article:publisher\" content=\"https:\/\/www.facebook.com\/xstylemd\" \/>\n<meta property=\"article:modified_time\" content=\"2026-04-22T14:07:35+00:00\" \/>\n<meta property=\"og:image\" content=\"https:\/\/xstyle.md\/wp-content\/uploads\/2021\/04\/helle_jegermester-0.jpg\" \/>\n\t<meta property=\"og:image:width\" content=\"576\" \/>\n\t<meta property=\"og:image:height\" content=\"558\" \/>\n\t<meta property=\"og:image:type\" content=\"image\/jpeg\" \/>\n<meta name=\"twitter:card\" content=\"summary_large_image\" \/>\n<meta name=\"twitter:label1\" content=\"Pre\u021b\" \/>\n\t<meta name=\"twitter:data1\" content=\"2.970&nbsp;MDL\" \/>\n\t<meta name=\"twitter:label2\" content=\"Disponibilitate\" \/>\n\t<meta name=\"twitter:data2\" content=\"\u00cen stoc\" \/>\n<script type=\"application\/ld+json\" class=\"yoast-schema-graph\">{\"@context\":\"https:\\\/\\\/schema.org\",\"@graph\":[{\"@type\":\"WebPage\",\"@id\":\"https:\\\/\\\/xstyle.md\\\/product\\\/nozh-helle-jegermester\\\/\",\"url\":\"https:\\\/\\\/xstyle.md\\\/product\\\/nozh-helle-jegermester\\\/\",\"name\":\"\u041d\u043e\u0436 Helle Jegermester - \u041c\u0430\u0433\u0430\u0437\u0438\u043d Xstyle\",\"isPartOf\":{\"@id\":\"https:\\\/\\\/xstyle.md\\\/#website\"},\"primaryImageOfPage\":{\"@id\":\"https:\\\/\\\/xstyle.md\\\/product\\\/nozh-helle-jegermester\\\/#primaryimage\"},\"image\":{\"@id\":\"https:\\\/\\\/xstyle.md\\\/product\\\/nozh-helle-jegermester\\\/#primaryimage\"},\"thumbnailUrl\":\"https:\\\/\\\/xstyle.md\\\/wp-content\\\/uploads\\\/2021\\\/04\\\/helle_jegermester-0.jpg\",\"datePublished\":\"2021-04-28T11:39:51+00:00\",\"dateModified\":\"2026-04-22T14:07:35+00:00\",\"description\":\"\u041a\u0443\u043f\u0438\u0442\u0435 \u043d\u043e\u0436 Helle Jegermester \u0441 \u043b\u0435\u0437\u0432\u0438\u0435\u043c 135 \u043c\u043c \u0438\u0437 Sandvik 12C27. \u0418\u0434\u0435\u0430\u043b\u0435\u043d \u0434\u043b\u044f \u043e\u0445\u043e\u0442\u044b \u0438 \u0440\u0430\u0437\u0434\u0435\u043b\u043a\u0438 \u043a\u0440\u0443\u043f\u043d\u043e\u0439 \u0434\u043e\u0431\u044b\u0447\u0438, \u0432\u0434\u043e\u0445\u043d\u043e\u0432\u043b\u0435\u043d\u043d\u044b\u0439 \u0441\u043a\u0430\u043d\u0434\u0438\u043d\u0430\u0432\u0441\u043a\u0438\u043c\u0438 \u0442\u0440\u0430\u0434\u0438\u0446\u0438\u044f\u043c\u0438.\",\"breadcrumb\":{\"@id\":\"https:\\\/\\\/xstyle.md\\\/product\\\/nozh-helle-jegermester\\\/#breadcrumb\"},\"inLanguage\":\"ro-RO\",\"potentialAction\":[{\"@type\":\"ReadAction\",\"target\":[\"https:\\\/\\\/xstyle.md\\\/product\\\/nozh-helle-jegermester\\\/\"]}]},{\"@type\":\"ImageObject\",\"inLanguage\":\"ro-RO\",\"@id\":\"https:\\\/\\\/xstyle.md\\\/product\\\/nozh-helle-jegermester\\\/#primaryimage\",\"url\":\"https:\\\/\\\/xstyle.md\\\/wp-content\\\/uploads\\\/2021\\\/04\\\/helle_jegermester-0.jpg\",\"contentUrl\":\"https:\\\/\\\/xstyle.md\\\/wp-content\\\/uploads\\\/2021\\\/04\\\/helle_jegermester-0.jpg\",\"width\":576,\"height\":558,\"caption\":\"\u041d\u043e\u0436 Helle Jegermester \u0434\u043b\u044f \u0430\u043a\u0442\u0438\u0432\u043d\u043e\u0433\u043e \u043e\u0442\u0434\u044b\u0445\u0430, \u043f\u043e\u0445\u043e\u0434\u043e\u0432, \u043f\u0443\u0442\u0435\u0448\u0435\u0441\u0442\u0432\u0438\u0439 \u0438 \u0430\u043b\u044c\u043f\u0438\u043d\u0438\u0437\u043c\u0430 \u043d\u0430 \u0441\u0442\u0440\u0430\u043d\u0438\u0446\u0435 \u043e \u043d\u043e\u0436\u0430\u0445 \u0434\u043b\u044f outdoor \u0430\u043a\u0442\u0438\u0432\u043d\u043e\u0441\u0442\u0435\u0439\"},{\"@type\":\"BreadcrumbList\",\"@id\":\"https:\\\/\\\/xstyle.md\\\/product\\\/nozh-helle-jegermester\\\/#breadcrumb\",\"itemListElement\":[{\"@type\":\"ListItem\",\"position\":1,\"name\":\"\u0413\u043b\u0430\u0432\u043d\u0430\u044f \u0441\u0442\u0440\u0430\u043d\u0438\u0446\u0430\",\"item\":\"https:\\\/\\\/xstyle.md\\\/\"},{\"@type\":\"ListItem\",\"position\":2,\"name\":\"\u041c\u0430\u0433\u0430\u0437\u0438\u043d\",\"item\":\"https:\\\/\\\/xstyle.md\\\/shop\\\/\"},{\"@type\":\"ListItem\",\"position\":3,\"name\":\"\u041d\u043e\u0436 Helle Jegermester\"}]},{\"@type\":\"WebSite\",\"@id\":\"https:\\\/\\\/xstyle.md\\\/#website\",\"url\":\"https:\\\/\\\/xstyle.md\\\/\",\"name\":\"\u041c\u0430\u0433\u0430\u0437\u0438\u043d Xstyle\",\"description\":\"C\u043d\u0430\u0440\u044f\u0436\u0435\u043d\u0438\u0435 \u0434\u043b\u044f \u0442\u0443\u0440\u0438\u0437\u043c\u0430 \u0438 \u044d\u043a\u0441\u0442\u0440\u0435\u043c\u0430\u043b\u044c\u043d\u044b\u0445 \u0432\u0438\u0434\u043e\u0432 \u0441\u043f\u043e\u0440\u0442\u0430 \u0432 \u041c\u043e\u043b\u0434\u043e\u0432\u0435.. \u0426\u0435\u043d\u044b, \u0444\u043e\u0442\u043e, \u0445\u0430\u0440\u0430\u043a\u0442\u0435\u0440\u0438\u0441\u0442\u0438\u043a\u0438 \u0432 \u041c\u043e\u043b\u0434\u043e\u0432\u0435.\",\"publisher\":{\"@id\":\"https:\\\/\\\/xstyle.md\\\/#organization\"},\"alternateName\":\"X-Style\",\"potentialAction\":[{\"@type\":\"SearchAction\",\"target\":{\"@type\":\"EntryPoint\",\"urlTemplate\":\"https:\\\/\\\/xstyle.md\\\/?s={search_term_string}\"},\"query-input\":{\"@type\":\"PropertyValueSpecification\",\"valueRequired\":true,\"valueName\":\"search_term_string\"}}],\"inLanguage\":\"ro-RO\"},{\"@type\":\"Organization\",\"@id\":\"https:\\\/\\\/xstyle.md\\\/#organization\",\"name\":\"\u041c\u0430\u0433\u0430\u0437\u0438\u043d Xstyle\",\"alternateName\":\"x-style\",\"url\":\"https:\\\/\\\/xstyle.md\\\/\",\"logo\":{\"@type\":\"ImageObject\",\"inLanguage\":\"ro-RO\",\"@id\":\"https:\\\/\\\/xstyle.md\\\/#\\\/schema\\\/logo\\\/image\\\/\",\"url\":\"https:\\\/\\\/xstyle.md\\\/wp-content\\\/uploads\\\/2020\\\/06\\\/logoicon.svg\",\"contentUrl\":\"https:\\\/\\\/xstyle.md\\\/wp-content\\\/uploads\\\/2020\\\/06\\\/logoicon.svg\",\"caption\":\"\u041c\u0430\u0433\u0430\u0437\u0438\u043d Xstyle\"},\"image\":{\"@id\":\"https:\\\/\\\/xstyle.md\\\/#\\\/schema\\\/logo\\\/image\\\/\"},\"sameAs\":[\"https:\\\/\\\/www.facebook.com\\\/xstylemd\",\"https:\\\/\\\/www.instagram.com\\\/xstyle_md\\\/\",\"https:\\\/\\\/t.me\\\/xstyle_outdoor\"],\"hasMerchantReturnPolicy\":{\"@type\":\"MerchantReturnPolicy\",\"merchantReturnLink\":\"https:\\\/\\\/xstyle.md\\\/ro\\\/conditions\\\/\"}}]}<\/script>\n<meta property=\"product:price:amount\" content=\"2970.00\" \/>\n<meta property=\"product:price:currency\" content=\"MDL\" \/>\n<meta property=\"og:availability\" content=\"instock\" \/>\n<meta property=\"product:availability\" content=\"instock\" \/>\n<meta property=\"product:retailer_item_id\" content=\"7023890030400\" \/>\n<meta property=\"product:condition\" content=\"new\" \/>\n<!-- \/ Yoast SEO plugin. -->","yoast_head_json":{"title":"Cu\u021bit Helle Jegermester - Magazin Xstyle","description":"Cump\u0103ra\u021bi cu\u021bitul Helle Jegermester cu lama de 135 mm din Sandvik 12C27. Ideal pentru v\u00e2n\u0103toare \u0219i dezosarea pr\u0103zii mari, inspirat de tradi\u021biile scandinave.","robots":{"index":"index","follow":"follow","max-snippet":"max-snippet:-1","max-image-preview":"max-image-preview:large","max-video-preview":"max-video-preview:-1"},"canonical":"https:\/\/xstyle.md\/ro\/produs\/nozh-helle-jegermester\/","og_locale":"ro_RO","og_type":"article","og_title":"\u041d\u043e\u0436 Helle Jegermester - \u041c\u0430\u0433\u0430\u0437\u0438\u043d Xstyle","og_description":"\u041a\u0443\u043f\u0438\u0442\u0435 \u043d\u043e\u0436 Helle Jegermester \u0441 \u043b\u0435\u0437\u0432\u0438\u0435\u043c 135 \u043c\u043c \u0438\u0437 Sandvik 12C27. \u0418\u0434\u0435\u0430\u043b\u0435\u043d \u0434\u043b\u044f \u043e\u0445\u043e\u0442\u044b \u0438 \u0440\u0430\u0437\u0434\u0435\u043b\u043a\u0438 \u043a\u0440\u0443\u043f\u043d\u043e\u0439 \u0434\u043e\u0431\u044b\u0447\u0438, \u0432\u0434\u043e\u0445\u043d\u043e\u0432\u043b\u0435\u043d\u043d\u044b\u0439 \u0441\u043a\u0430\u043d\u0434\u0438\u043d\u0430\u0432\u0441\u043a\u0438\u043c\u0438 \u0442\u0440\u0430\u0434\u0438\u0446\u0438\u044f\u043c\u0438.","og_url":"https:\/\/xstyle.md\/ro\/produs\/nozh-helle-jegermester\/","og_site_name":"\u041c\u0430\u0433\u0430\u0437\u0438\u043d Xstyle","article_publisher":"https:\/\/www.facebook.com\/xstylemd","article_modified_time":"2026-04-22T14:07:35+00:00","og_image":[{"width":576,"height":558,"url":"https:\/\/xstyle.md\/wp-content\/uploads\/2021\/04\/helle_jegermester-0.jpg","type":"image\/jpeg"}],"twitter_card":"summary_large_image","twitter_misc":{"Pre\u021b":"2.970&nbsp;MDL","Disponibilitate":"\u00cen stoc"},"schema":{"@context":"https:\/\/schema.org","@graph":[{"@type":"WebPage","@id":"https:\/\/xstyle.md\/product\/nozh-helle-jegermester\/","url":"https:\/\/xstyle.md\/product\/nozh-helle-jegermester\/","name":"Cu\u021bit Helle Jegermester - Magazin Xstyle","isPartOf":{"@id":"https:\/\/xstyle.md\/#website"},"primaryImageOfPage":{"@id":"https:\/\/xstyle.md\/product\/nozh-helle-jegermester\/#primaryimage"},"image":{"@id":"https:\/\/xstyle.md\/product\/nozh-helle-jegermester\/#primaryimage"},"thumbnailUrl":"https:\/\/xstyle.md\/wp-content\/uploads\/2021\/04\/helle_jegermester-0.jpg","datePublished":"2021-04-28T11:39:51+00:00","dateModified":"2026-04-22T14:07:35+00:00","description":"Cump\u0103ra\u021bi cu\u021bitul Helle Jegermester cu lama de 135 mm din Sandvik 12C27. Ideal pentru v\u00e2n\u0103toare \u0219i dezosarea pr\u0103zii mari, inspirat de tradi\u021biile scandinave.","breadcrumb":{"@id":"https:\/\/xstyle.md\/product\/nozh-helle-jegermester\/#breadcrumb"},"inLanguage":"ro-RO","potentialAction":[{"@type":"ReadAction","target":["https:\/\/xstyle.md\/product\/nozh-helle-jegermester\/"]}]},{"@type":"ImageObject","inLanguage":"ro-RO","@id":"https:\/\/xstyle.md\/product\/nozh-helle-jegermester\/#primaryimage","url":"https:\/\/xstyle.md\/wp-content\/uploads\/2021\/04\/helle_jegermester-0.jpg","contentUrl":"https:\/\/xstyle.md\/wp-content\/uploads\/2021\/04\/helle_jegermester-0.jpg","width":576,"height":558,"caption":"\u041d\u043e\u0436 Helle Jegermester \u0434\u043b\u044f \u0430\u043a\u0442\u0438\u0432\u043d\u043e\u0433\u043e \u043e\u0442\u0434\u044b\u0445\u0430, \u043f\u043e\u0445\u043e\u0434\u043e\u0432, \u043f\u0443\u0442\u0435\u0448\u0435\u0441\u0442\u0432\u0438\u0439 \u0438 \u0430\u043b\u044c\u043f\u0438\u043d\u0438\u0437\u043c\u0430 \u043d\u0430 \u0441\u0442\u0440\u0430\u043d\u0438\u0446\u0435 \u043e \u043d\u043e\u0436\u0430\u0445 \u0434\u043b\u044f outdoor \u0430\u043a\u0442\u0438\u0432\u043d\u043e\u0441\u0442\u0435\u0439"},{"@type":"BreadcrumbList","@id":"https:\/\/xstyle.md\/product\/nozh-helle-jegermester\/#breadcrumb","itemListElement":[{"@type":"ListItem","position":1,"name":"\u0413\u043b\u0430\u0432\u043d\u0430\u044f \u0441\u0442\u0440\u0430\u043d\u0438\u0446\u0430","item":"https:\/\/xstyle.md\/"},{"@type":"ListItem","position":2,"name":"\u041c\u0430\u0433\u0430\u0437\u0438\u043d","item":"https:\/\/xstyle.md\/shop\/"},{"@type":"ListItem","position":3,"name":"\u041d\u043e\u0436 Helle Jegermester"}]},{"@type":"WebSite","@id":"https:\/\/xstyle.md\/#website","url":"https:\/\/xstyle.md\/","name":"Magazinul X-Style","description":"Echipamente pentru turism \u0219i sporturi extreme \u00een Moldova. Pre\u021buri, fotografii, caracteristici \u00een Moldova.","publisher":{"@id":"https:\/\/xstyle.md\/#organization"},"alternateName":"X-Style","potentialAction":[{"@type":"SearchAction","target":{"@type":"EntryPoint","urlTemplate":"https:\/\/xstyle.md\/?s={search_term_string}"},"query-input":{"@type":"PropertyValueSpecification","valueRequired":true,"valueName":"search_term_string"}}],"inLanguage":"ro-RO"},{"@type":"Organization","@id":"https:\/\/xstyle.md\/#organization","name":"Magazinul X-Style","alternateName":"x-style","url":"https:\/\/xstyle.md\/","logo":{"@type":"ImageObject","inLanguage":"ro-RO","@id":"https:\/\/xstyle.md\/#\/schema\/logo\/image\/","url":"https:\/\/xstyle.md\/wp-content\/uploads\/2020\/06\/logoicon.svg","contentUrl":"https:\/\/xstyle.md\/wp-content\/uploads\/2020\/06\/logoicon.svg","caption":"\u041c\u0430\u0433\u0430\u0437\u0438\u043d Xstyle"},"image":{"@id":"https:\/\/xstyle.md\/#\/schema\/logo\/image\/"},"sameAs":["https:\/\/www.facebook.com\/xstylemd","https:\/\/www.instagram.com\/xstyle_md\/","https:\/\/t.me\/xstyle_outdoor"],"hasMerchantReturnPolicy":{"@type":"MerchantReturnPolicy","merchantReturnLink":"https:\/\/xstyle.md\/ro\/conditions\/"}}]},"product_price_amount":"2970.00","product_price_currency":"MDL","og_availability":"instock","product_availability":"instock","product_retailer_item_id":"7023890030400","product_condition":"new"},"_links":{"self":[{"href":"https:\/\/xstyle.md\/ro\/wp-json\/wp\/v2\/product\/30597","targetHints":{"allow":["GET"]}}],"collection":[{"href":"https:\/\/xstyle.md\/ro\/wp-json\/wp\/v2\/product"}],"about":[{"href":"https:\/\/xstyle.md\/ro\/wp-json\/wp\/v2\/types\/product"}],"replies":[{"embeddable":true,"href":"https:\/\/xstyle.md\/ro\/wp-json\/wp\/v2\/comments?post=30597"}],"wp:featuredmedia":[{"embeddable":true,"href":"https:\/\/xstyle.md\/ro\/wp-json\/wp\/v2\/media\/54253"}],"wp:attachment":[{"href":"https:\/\/xstyle.md\/ro\/wp-json\/wp\/v2\/media?parent=30597"}],"wp:term":[{"taxonomy":"product_brand","embeddable":true,"href":"https:\/\/xstyle.md\/ro\/wp-json\/wp\/v2\/product_brand?post=30597"},{"taxonomy":"product_cat","embeddable":true,"href":"https:\/\/xstyle.md\/ro\/wp-json\/wp\/v2\/product_cat?post=30597"},{"taxonomy":"product_tag","embeddable":true,"href":"https:\/\/xstyle.md\/ro\/wp-json\/wp\/v2\/product_tag?post=30597"}],"curies":[{"name":"wp","href":"https:\/\/api.w.org\/{rel}","templated":true}]}}