{"id":30553,"date":"2021-04-28T14:38:43","date_gmt":"2021-04-28T11:38:43","guid":{"rendered":"https:\/\/xstyle.md\/product\/veloperchatki-lynx-all-mountain-bb\/"},"modified":"2024-10-21T08:49:14","modified_gmt":"2024-10-21T05:49:14","slug":"veloperchatki-lynx-all-mountain-bb","status":"publish","type":"product","link":"https:\/\/xstyle.md\/ro\/produs\/veloperchatki-lynx-all-mountain-bb\/","title":{"rendered":"M\u0103nu\u0219i Lynx All-Mountain BB"},"content":{"rendered":"<\/p>\n<p><strong>Lynx All-Mountain BB<\/strong>\u00a0&#8212; m\u0103nu\u0219i de var\u0103 pentru ciclism cu degete lungi pentru control maxim. Materialul din plas\u0103, elastic, din partea de sus men\u021bine m\u0103nu\u0219ile bine ventilate. Inser\u021biile de pe degetele ar\u0103t\u0103tor \u0219i mijlociu sunt special realizate pentru fixarea\/decuplarea cu Velcro. Nasul din cauciuc din zona \u00eencheieturii m\u00e2inii, \u00een palm\u0103, ajut\u0103 la tragerea rapid\u0103 a m\u0103nu\u0219ii. Prosopul de pe degetul mare ajut\u0103 la \u00eendep\u0103rtarea transpira\u021biei de pe fa\u021b\u0103.<\/p>\n<h3>Particularit\u0103\u021bi<\/h3>\n<ul>\n<li>Gel pad pentru palm\u0103 \u0219i inser\u021bii de prindere pentru o prindere confortabil\u0103<\/li>\n<li>Partea superioar\u0103 din plas\u0103 elastic\u0103 pentru o ventila\u021bie suplimentar\u0103<\/li>\n<li>Degetul ar\u0103t\u0103tor are inser\u021bie pentru ecranul smartphone-ului<\/li>\n<li>Palm\u0103 din piele sintetic\u0103 neagr\u0103<\/li>\n<li>Prosop moale din neopren pe degetul mare pentru \u0219tergerea transpira\u021biei<\/li>\n<li>C\u00e2rlige pentru \u00eendep\u0103rtarea rapid\u0103 \u0219i u\u0219oar\u0103 a m\u0103nu\u0219ilor<\/li>\n<\/ul>\n<h3>Caracteristici<\/h3>\n<ul>\n<li>Material &#8212; 60% nailon, 30% poliuretan, 10% elastan<\/li>\n<li>Tip &#8212; v\u00e2rf lung<\/li>\n<li>Sezonul &#8212; var\u0103<\/li>\n<li>Model &#8212; unisex<\/li>\n<\/ul>\n<p><\/p>","protected":false},"excerpt":{"rendered":"<p>M\u0103nu\u0219i Lynx All-Mountain BB<\/p>","protected":false},"featured_media":66517,"comment_status":"open","ping_status":"closed","template":"","meta":{"_acf_changed":false,"inline_featured_image":false},"product_brand":[1363],"product_cat":[886],"product_tag":[],"class_list":{"0":"post-30553","1":"product","2":"type-product","3":"status-publish","4":"has-post-thumbnail","6":"product_brand-lynx","7":"product_cat-manusi-de-ciclism","9":"first","10":"instock","11":"shipping-taxable","12":"purchasable","13":"product-type-simple"},"acf":[],"yoast_head":"<!-- This site is optimized with the Yoast SEO plugin v27.2 - https:\/\/yoast.com\/product\/yoast-seo-wordpress\/ -->\n<title>\u0412\u0435\u043b\u043e\u043f\u0435\u0440\u0447\u0430\u0442\u043a\u0438 Lynx All-Mountain BB - \u041c\u0430\u0433\u0430\u0437\u0438\u043d Xstyle<\/title>\n<meta name=\"description\" content=\"\u0412\u0435\u043b\u043e\u043f\u0435\u0440\u0447\u0430\u0442\u043a\u0438 Lynx All-Mountain BB \u043e\u0431\u0435\u0441\u043f\u0435\u0447\u0438\u0432\u0430\u044e\u0442 \u043c\u0430\u043a\u0441\u0438\u043c\u0430\u043b\u044c\u043d\u044b\u0439 \u043a\u043e\u043d\u0442\u0440\u043e\u043b\u044c \u0441 \u0434\u043b\u0438\u043d\u043d\u044b\u043c\u0438 \u043f\u0430\u043b\u044c\u0446\u0430\u043c\u0438 \u0438 \u043e\u0442\u043b\u0438\u0447\u043d\u043e\u0439 \u0432\u0435\u043d\u0442\u0438\u043b\u044f\u0446\u0438\u0435\u0439, \u0438\u0434\u0435\u0430\u043b\u044c\u043d\u044b \u0434\u043b\u044f \u043b\u0435\u0442\u043d\u0435\u0439 \u0435\u0437\u0434\u044b \u043d\u0430 \u0432\u0435\u043b\u043e\u0441\u0438\u043f\u0435\u0434\u0435.\" \/>\n<meta name=\"robots\" content=\"index, follow, max-snippet:-1, max-image-preview:large, max-video-preview:-1\" \/>\n<link rel=\"canonical\" href=\"https:\/\/xstyle.md\/ro\/produs\/veloperchatki-lynx-all-mountain-bb\/\" \/>\n<meta property=\"og:locale\" content=\"ro_RO\" \/>\n<meta property=\"og:type\" content=\"article\" \/>\n<meta property=\"og:title\" content=\"\u0412\u0435\u043b\u043e\u043f\u0435\u0440\u0447\u0430\u0442\u043a\u0438 Lynx All-Mountain BB - \u041c\u0430\u0433\u0430\u0437\u0438\u043d Xstyle\" \/>\n<meta property=\"og:description\" content=\"\u0412\u0435\u043b\u043e\u043f\u0435\u0440\u0447\u0430\u0442\u043a\u0438 Lynx All-Mountain BB \u043e\u0431\u0435\u0441\u043f\u0435\u0447\u0438\u0432\u0430\u044e\u0442 \u043c\u0430\u043a\u0441\u0438\u043c\u0430\u043b\u044c\u043d\u044b\u0439 \u043a\u043e\u043d\u0442\u0440\u043e\u043b\u044c \u0441 \u0434\u043b\u0438\u043d\u043d\u044b\u043c\u0438 \u043f\u0430\u043b\u044c\u0446\u0430\u043c\u0438 \u0438 \u043e\u0442\u043b\u0438\u0447\u043d\u043e\u0439 \u0432\u0435\u043d\u0442\u0438\u043b\u044f\u0446\u0438\u0435\u0439, \u0438\u0434\u0435\u0430\u043b\u044c\u043d\u044b \u0434\u043b\u044f \u043b\u0435\u0442\u043d\u0435\u0439 \u0435\u0437\u0434\u044b \u043d\u0430 \u0432\u0435\u043b\u043e\u0441\u0438\u043f\u0435\u0434\u0435.\" \/>\n<meta property=\"og:url\" content=\"https:\/\/xstyle.md\/ro\/produs\/veloperchatki-lynx-all-mountain-bb\/\" \/>\n<meta property=\"og:site_name\" content=\"\u041c\u0430\u0433\u0430\u0437\u0438\u043d Xstyle\" \/>\n<meta property=\"article:publisher\" content=\"https:\/\/www.facebook.com\/xstylemd\" \/>\n<meta property=\"article:modified_time\" content=\"2024-10-21T05:49:14+00:00\" \/>\n<meta property=\"og:image\" content=\"https:\/\/xstyle.md\/wp-content\/uploads\/2021\/04\/lynx_all-mountain_bb-1.jpg\" \/>\n\t<meta property=\"og:image:width\" content=\"714\" \/>\n\t<meta property=\"og:image:height\" content=\"751\" \/>\n\t<meta property=\"og:image:type\" content=\"image\/jpeg\" \/>\n<meta name=\"twitter:card\" content=\"summary_large_image\" \/>\n<meta name=\"twitter:label1\" content=\"Pre\u021b\" \/>\n\t<meta name=\"twitter:data1\" content=\"340&nbsp;MDL\" \/>\n\t<meta name=\"twitter:label2\" content=\"Disponibilitate\" \/>\n\t<meta name=\"twitter:data2\" content=\"\u00cen stoc\" \/>\n<script type=\"application\/ld+json\" class=\"yoast-schema-graph\">{\"@context\":\"https:\/\/schema.org\",\"@graph\":[{\"@type\":\"WebPage\",\"@id\":\"https:\/\/xstyle.md\/product\/veloperchatki-lynx-all-mountain-bb\/\",\"url\":\"https:\/\/xstyle.md\/product\/veloperchatki-lynx-all-mountain-bb\/\",\"name\":\"\u0412\u0435\u043b\u043e\u043f\u0435\u0440\u0447\u0430\u0442\u043a\u0438 Lynx All-Mountain BB - \u041c\u0430\u0433\u0430\u0437\u0438\u043d Xstyle\",\"isPartOf\":{\"@id\":\"https:\/\/xstyle.md\/#website\"},\"primaryImageOfPage\":{\"@id\":\"https:\/\/xstyle.md\/product\/veloperchatki-lynx-all-mountain-bb\/#primaryimage\"},\"image\":{\"@id\":\"https:\/\/xstyle.md\/product\/veloperchatki-lynx-all-mountain-bb\/#primaryimage\"},\"thumbnailUrl\":\"https:\/\/xstyle.md\/wp-content\/uploads\/2021\/04\/lynx_all-mountain_bb-1.jpg\",\"datePublished\":\"2021-04-28T11:38:43+00:00\",\"dateModified\":\"2024-10-21T05:49:14+00:00\",\"description\":\"\u0412\u0435\u043b\u043e\u043f\u0435\u0440\u0447\u0430\u0442\u043a\u0438 Lynx All-Mountain BB \u043e\u0431\u0435\u0441\u043f\u0435\u0447\u0438\u0432\u0430\u044e\u0442 \u043c\u0430\u043a\u0441\u0438\u043c\u0430\u043b\u044c\u043d\u044b\u0439 \u043a\u043e\u043d\u0442\u0440\u043e\u043b\u044c \u0441 \u0434\u043b\u0438\u043d\u043d\u044b\u043c\u0438 \u043f\u0430\u043b\u044c\u0446\u0430\u043c\u0438 \u0438 \u043e\u0442\u043b\u0438\u0447\u043d\u043e\u0439 \u0432\u0435\u043d\u0442\u0438\u043b\u044f\u0446\u0438\u0435\u0439, \u0438\u0434\u0435\u0430\u043b\u044c\u043d\u044b \u0434\u043b\u044f \u043b\u0435\u0442\u043d\u0435\u0439 \u0435\u0437\u0434\u044b \u043d\u0430 \u0432\u0435\u043b\u043e\u0441\u0438\u043f\u0435\u0434\u0435.\",\"breadcrumb\":{\"@id\":\"https:\/\/xstyle.md\/product\/veloperchatki-lynx-all-mountain-bb\/#breadcrumb\"},\"inLanguage\":\"ro-RO\",\"potentialAction\":[{\"@type\":\"ReadAction\",\"target\":[\"https:\/\/xstyle.md\/product\/veloperchatki-lynx-all-mountain-bb\/\"]}]},{\"@type\":\"ImageObject\",\"inLanguage\":\"ro-RO\",\"@id\":\"https:\/\/xstyle.md\/product\/veloperchatki-lynx-all-mountain-bb\/#primaryimage\",\"url\":\"https:\/\/xstyle.md\/wp-content\/uploads\/2021\/04\/lynx_all-mountain_bb-1.jpg\",\"contentUrl\":\"https:\/\/xstyle.md\/wp-content\/uploads\/2021\/04\/lynx_all-mountain_bb-1.jpg\",\"width\":714,\"height\":751,\"caption\":\"\u0412\u0435\u043b\u043e\u043f\u0435\u0440\u0447\u0430\u0442\u043a\u0438 Lynx All-Mountain BB \u0434\u043b\u044f \u0430\u043a\u0442\u0438\u0432\u043d\u043e\u0433\u043e \u043e\u0442\u0434\u044b\u0445\u0430, \u043f\u043e\u0445\u043e\u0434\u043e\u0432, \u043f\u0443\u0442\u0435\u0448\u0435\u0441\u0442\u0432\u0438\u0439 \u0438 \u0433\u043e\u0440\u043d\u044b\u0445 \u043f\u0440\u0438\u043a\u043b\u044e\u0447\u0435\u043d\u0438\u0439 \u0441 \u043e\u0434\u0435\u0436\u0434\u043e\u0439 \u0438 \u043e\u0431\u0443\u0432\u044c\u044e \u0434\u043b\u044f \u0442\u0440\u0435\u043a\u0438\u043d\u0433\u0430 \u0438 \u0430\u043b\u044c\u043f\u0438\u043d\u0438\u0437\u043c\u0430\"},{\"@type\":\"BreadcrumbList\",\"@id\":\"https:\/\/xstyle.md\/product\/veloperchatki-lynx-all-mountain-bb\/#breadcrumb\",\"itemListElement\":[{\"@type\":\"ListItem\",\"position\":1,\"name\":\"\u0413\u043b\u0430\u0432\u043d\u0430\u044f \u0441\u0442\u0440\u0430\u043d\u0438\u0446\u0430\",\"item\":\"https:\/\/xstyle.md\/\"},{\"@type\":\"ListItem\",\"position\":2,\"name\":\"\u041c\u0430\u0433\u0430\u0437\u0438\u043d\",\"item\":\"https:\/\/xstyle.md\/shop\/\"},{\"@type\":\"ListItem\",\"position\":3,\"name\":\"\u0412\u0435\u043b\u043e\u043f\u0435\u0440\u0447\u0430\u0442\u043a\u0438 Lynx All-Mountain BB\"}]},{\"@type\":\"WebSite\",\"@id\":\"https:\/\/xstyle.md\/#website\",\"url\":\"https:\/\/xstyle.md\/\",\"name\":\"\u041c\u0430\u0433\u0430\u0437\u0438\u043d Xstyle\",\"description\":\"C\u043d\u0430\u0440\u044f\u0436\u0435\u043d\u0438\u0435 \u0434\u043b\u044f \u0442\u0443\u0440\u0438\u0437\u043c\u0430 \u0438 \u044d\u043a\u0441\u0442\u0440\u0435\u043c\u0430\u043b\u044c\u043d\u044b\u0445 \u0432\u0438\u0434\u043e\u0432 \u0441\u043f\u043e\u0440\u0442\u0430 \u0432 \u041c\u043e\u043b\u0434\u043e\u0432\u0435.. \u0426\u0435\u043d\u044b, \u0444\u043e\u0442\u043e, \u0445\u0430\u0440\u0430\u043a\u0442\u0435\u0440\u0438\u0441\u0442\u0438\u043a\u0438 \u0432 \u041c\u043e\u043b\u0434\u043e\u0432\u0435.\",\"publisher\":{\"@id\":\"https:\/\/xstyle.md\/#organization\"},\"alternateName\":\"X-Style\",\"potentialAction\":[{\"@type\":\"SearchAction\",\"target\":{\"@type\":\"EntryPoint\",\"urlTemplate\":\"https:\/\/xstyle.md\/?s={search_term_string}\"},\"query-input\":{\"@type\":\"PropertyValueSpecification\",\"valueRequired\":true,\"valueName\":\"search_term_string\"}}],\"inLanguage\":\"ro-RO\"},{\"@type\":\"Organization\",\"@id\":\"https:\/\/xstyle.md\/#organization\",\"name\":\"\u041c\u0430\u0433\u0430\u0437\u0438\u043d Xstyle\",\"alternateName\":\"x-style\",\"url\":\"https:\/\/xstyle.md\/\",\"logo\":{\"@type\":\"ImageObject\",\"inLanguage\":\"ro-RO\",\"@id\":\"https:\/\/xstyle.md\/#\/schema\/logo\/image\/\",\"url\":\"https:\/\/xstyle.md\/wp-content\/uploads\/2020\/06\/logoicon.svg\",\"contentUrl\":\"https:\/\/xstyle.md\/wp-content\/uploads\/2020\/06\/logoicon.svg\",\"caption\":\"\u041c\u0430\u0433\u0430\u0437\u0438\u043d Xstyle\"},\"image\":{\"@id\":\"https:\/\/xstyle.md\/#\/schema\/logo\/image\/\"},\"sameAs\":[\"https:\/\/www.facebook.com\/xstylemd\",\"https:\/\/www.instagram.com\/xstyle_md\/\",\"https:\/\/t.me\/xstyle_outdoor\"],\"hasMerchantReturnPolicy\":{\"@type\":\"MerchantReturnPolicy\",\"merchantReturnLink\":\"https:\/\/xstyle.md\/ro\/conditions\/\"}}]}<\/script>\n<meta property=\"product:price:amount\" content=\"340.00\" \/>\n<meta property=\"product:price:currency\" content=\"MDL\" \/>\n<meta property=\"og:availability\" content=\"instock\" \/>\n<meta property=\"product:availability\" content=\"instock\" \/>\n<meta property=\"product:retailer_item_id\" content=\"2990012346150\" \/>\n<meta property=\"product:condition\" content=\"new\" \/>\n<!-- \/ Yoast SEO plugin. -->","yoast_head_json":{"title":"M\u0103nu\u0219i Lynx All-Mountain BB - Magazin Xstyle","description":"M\u00e2nu\u0219ile de biciclet\u0103 Lynx All-Mountain BB ofer\u0103 un control maxim cu degete lungi \u0219i o ventila\u021bie excelent\u0103, fiind ideale pentru plimb\u0103rile cu bicicleta \u00een sezonul cald.","robots":{"index":"index","follow":"follow","max-snippet":"max-snippet:-1","max-image-preview":"max-image-preview:large","max-video-preview":"max-video-preview:-1"},"canonical":"https:\/\/xstyle.md\/ro\/produs\/veloperchatki-lynx-all-mountain-bb\/","og_locale":"ro_RO","og_type":"article","og_title":"\u0412\u0435\u043b\u043e\u043f\u0435\u0440\u0447\u0430\u0442\u043a\u0438 Lynx All-Mountain BB - \u041c\u0430\u0433\u0430\u0437\u0438\u043d Xstyle","og_description":"\u0412\u0435\u043b\u043e\u043f\u0435\u0440\u0447\u0430\u0442\u043a\u0438 Lynx All-Mountain BB \u043e\u0431\u0435\u0441\u043f\u0435\u0447\u0438\u0432\u0430\u044e\u0442 \u043c\u0430\u043a\u0441\u0438\u043c\u0430\u043b\u044c\u043d\u044b\u0439 \u043a\u043e\u043d\u0442\u0440\u043e\u043b\u044c \u0441 \u0434\u043b\u0438\u043d\u043d\u044b\u043c\u0438 \u043f\u0430\u043b\u044c\u0446\u0430\u043c\u0438 \u0438 \u043e\u0442\u043b\u0438\u0447\u043d\u043e\u0439 \u0432\u0435\u043d\u0442\u0438\u043b\u044f\u0446\u0438\u0435\u0439, \u0438\u0434\u0435\u0430\u043b\u044c\u043d\u044b \u0434\u043b\u044f \u043b\u0435\u0442\u043d\u0435\u0439 \u0435\u0437\u0434\u044b \u043d\u0430 \u0432\u0435\u043b\u043e\u0441\u0438\u043f\u0435\u0434\u0435.","og_url":"https:\/\/xstyle.md\/ro\/produs\/veloperchatki-lynx-all-mountain-bb\/","og_site_name":"\u041c\u0430\u0433\u0430\u0437\u0438\u043d Xstyle","article_publisher":"https:\/\/www.facebook.com\/xstylemd","article_modified_time":"2024-10-21T05:49:14+00:00","og_image":[{"width":714,"height":751,"url":"https:\/\/xstyle.md\/wp-content\/uploads\/2021\/04\/lynx_all-mountain_bb-1.jpg","type":"image\/jpeg"}],"twitter_card":"summary_large_image","twitter_misc":{"Pre\u021b":"340&nbsp;MDL","Disponibilitate":"\u00cen stoc"},"schema":{"@context":"https:\/\/schema.org","@graph":[{"@type":"WebPage","@id":"https:\/\/xstyle.md\/product\/veloperchatki-lynx-all-mountain-bb\/","url":"https:\/\/xstyle.md\/product\/veloperchatki-lynx-all-mountain-bb\/","name":"M\u0103nu\u0219i Lynx All-Mountain BB - Magazin Xstyle","isPartOf":{"@id":"https:\/\/xstyle.md\/#website"},"primaryImageOfPage":{"@id":"https:\/\/xstyle.md\/product\/veloperchatki-lynx-all-mountain-bb\/#primaryimage"},"image":{"@id":"https:\/\/xstyle.md\/product\/veloperchatki-lynx-all-mountain-bb\/#primaryimage"},"thumbnailUrl":"https:\/\/xstyle.md\/wp-content\/uploads\/2021\/04\/lynx_all-mountain_bb-1.jpg","datePublished":"2021-04-28T11:38:43+00:00","dateModified":"2024-10-21T05:49:14+00:00","description":"M\u00e2nu\u0219ile de biciclet\u0103 Lynx All-Mountain BB ofer\u0103 un control maxim cu degete lungi \u0219i o ventila\u021bie excelent\u0103, fiind ideale pentru plimb\u0103rile cu bicicleta \u00een sezonul cald.","breadcrumb":{"@id":"https:\/\/xstyle.md\/product\/veloperchatki-lynx-all-mountain-bb\/#breadcrumb"},"inLanguage":"ro-RO","potentialAction":[{"@type":"ReadAction","target":["https:\/\/xstyle.md\/product\/veloperchatki-lynx-all-mountain-bb\/"]}]},{"@type":"ImageObject","inLanguage":"ro-RO","@id":"https:\/\/xstyle.md\/product\/veloperchatki-lynx-all-mountain-bb\/#primaryimage","url":"https:\/\/xstyle.md\/wp-content\/uploads\/2021\/04\/lynx_all-mountain_bb-1.jpg","contentUrl":"https:\/\/xstyle.md\/wp-content\/uploads\/2021\/04\/lynx_all-mountain_bb-1.jpg","width":714,"height":751,"caption":"\u0412\u0435\u043b\u043e\u043f\u0435\u0440\u0447\u0430\u0442\u043a\u0438 Lynx All-Mountain BB \u0434\u043b\u044f \u0430\u043a\u0442\u0438\u0432\u043d\u043e\u0433\u043e \u043e\u0442\u0434\u044b\u0445\u0430, \u043f\u043e\u0445\u043e\u0434\u043e\u0432, \u043f\u0443\u0442\u0435\u0448\u0435\u0441\u0442\u0432\u0438\u0439 \u0438 \u0433\u043e\u0440\u043d\u044b\u0445 \u043f\u0440\u0438\u043a\u043b\u044e\u0447\u0435\u043d\u0438\u0439 \u0441 \u043e\u0434\u0435\u0436\u0434\u043e\u0439 \u0438 \u043e\u0431\u0443\u0432\u044c\u044e \u0434\u043b\u044f \u0442\u0440\u0435\u043a\u0438\u043d\u0433\u0430 \u0438 \u0430\u043b\u044c\u043f\u0438\u043d\u0438\u0437\u043c\u0430"},{"@type":"BreadcrumbList","@id":"https:\/\/xstyle.md\/product\/veloperchatki-lynx-all-mountain-bb\/#breadcrumb","itemListElement":[{"@type":"ListItem","position":1,"name":"\u0413\u043b\u0430\u0432\u043d\u0430\u044f \u0441\u0442\u0440\u0430\u043d\u0438\u0446\u0430","item":"https:\/\/xstyle.md\/"},{"@type":"ListItem","position":2,"name":"\u041c\u0430\u0433\u0430\u0437\u0438\u043d","item":"https:\/\/xstyle.md\/shop\/"},{"@type":"ListItem","position":3,"name":"\u0412\u0435\u043b\u043e\u043f\u0435\u0440\u0447\u0430\u0442\u043a\u0438 Lynx All-Mountain BB"}]},{"@type":"WebSite","@id":"https:\/\/xstyle.md\/#website","url":"https:\/\/xstyle.md\/","name":"Magazinul X-Style","description":"Echipamente pentru turism \u0219i sporturi extreme \u00een Moldova. Pre\u021buri, fotografii, caracteristici \u00een Moldova.","publisher":{"@id":"https:\/\/xstyle.md\/#organization"},"alternateName":"X-Style","potentialAction":[{"@type":"SearchAction","target":{"@type":"EntryPoint","urlTemplate":"https:\/\/xstyle.md\/?s={search_term_string}"},"query-input":{"@type":"PropertyValueSpecification","valueRequired":true,"valueName":"search_term_string"}}],"inLanguage":"ro-RO"},{"@type":"Organization","@id":"https:\/\/xstyle.md\/#organization","name":"Magazinul X-Style","alternateName":"x-style","url":"https:\/\/xstyle.md\/","logo":{"@type":"ImageObject","inLanguage":"ro-RO","@id":"https:\/\/xstyle.md\/#\/schema\/logo\/image\/","url":"https:\/\/xstyle.md\/wp-content\/uploads\/2020\/06\/logoicon.svg","contentUrl":"https:\/\/xstyle.md\/wp-content\/uploads\/2020\/06\/logoicon.svg","caption":"\u041c\u0430\u0433\u0430\u0437\u0438\u043d Xstyle"},"image":{"@id":"https:\/\/xstyle.md\/#\/schema\/logo\/image\/"},"sameAs":["https:\/\/www.facebook.com\/xstylemd","https:\/\/www.instagram.com\/xstyle_md\/","https:\/\/t.me\/xstyle_outdoor"],"hasMerchantReturnPolicy":{"@type":"MerchantReturnPolicy","merchantReturnLink":"https:\/\/xstyle.md\/ro\/conditions\/"}}]},"product_price_amount":"340.00","product_price_currency":"MDL","og_availability":"instock","product_availability":"instock","product_retailer_item_id":"2990012346150","product_condition":"new"},"post_mailing_queue_ids":[],"_links":{"self":[{"href":"https:\/\/xstyle.md\/ro\/wp-json\/wp\/v2\/product\/30553","targetHints":{"allow":["GET"]}}],"collection":[{"href":"https:\/\/xstyle.md\/ro\/wp-json\/wp\/v2\/product"}],"about":[{"href":"https:\/\/xstyle.md\/ro\/wp-json\/wp\/v2\/types\/product"}],"replies":[{"embeddable":true,"href":"https:\/\/xstyle.md\/ro\/wp-json\/wp\/v2\/comments?post=30553"}],"wp:featuredmedia":[{"embeddable":true,"href":"https:\/\/xstyle.md\/ro\/wp-json\/wp\/v2\/media\/66517"}],"wp:attachment":[{"href":"https:\/\/xstyle.md\/ro\/wp-json\/wp\/v2\/media?parent=30553"}],"wp:term":[{"taxonomy":"product_brand","embeddable":true,"href":"https:\/\/xstyle.md\/ro\/wp-json\/wp\/v2\/product_brand?post=30553"},{"taxonomy":"product_cat","embeddable":true,"href":"https:\/\/xstyle.md\/ro\/wp-json\/wp\/v2\/product_cat?post=30553"},{"taxonomy":"product_tag","embeddable":true,"href":"https:\/\/xstyle.md\/ro\/wp-json\/wp\/v2\/product_tag?post=30553"}],"curies":[{"name":"wp","href":"https:\/\/api.w.org\/{rel}","templated":true}]}}