{"id":30501,"date":"2021-04-28T14:36:48","date_gmt":"2021-04-28T11:36:48","guid":{"rendered":"https:\/\/xstyle.md\/product\/rjukzak-osprey-raptor-10-ii\/"},"modified":"2024-10-21T09:38:49","modified_gmt":"2024-10-21T06:38:49","slug":"rjukzak-osprey-raptor-10-ii","status":"publish","type":"product","link":"https:\/\/xstyle.md\/ro\/produs\/rjukzak-osprey-raptor-10-ii\/","title":{"rendered":"Rucsac Osprey Raptor 10 II"},"content":{"rendered":"<\/p>\n<p><strong>Osprey Raptor 10 II<\/strong> &#8212; rucsac de ciclism pentru b\u0103rba\u021bi dispune de un rezervor integrat Hydraulics\u2122 LT de 2,5 L \u0219i acces u\u0219or la ap\u0103, datorit\u0103 cataramei cu magnet de pe cureaua de piept, care fixeaz\u0103 supapa sistemului de b\u0103utur\u0103. Sp\u0103tarul ergonomic AirScape\u2122, cu ventila\u021bie eficient\u0103, asigur\u0103 confort maxim \u0219i comoditate, chiar \u0219i \u00een condi\u021bii de c\u0103ldur\u0103 \u0219i umiditate. Curelele de um\u0103r confortabile, combinate cu centura de \u0219old lat\u0103 BioStretch\u2122, asigur\u0103 o potrivire perfect\u0103 \u0219i \u00eempiedic\u0103 deplasarea rucsacului \u00een timpul mersului intensiv. Cureaua de piept poate fi deschis\u0103\/\u00eenchis\u0103 cu o singur\u0103 m\u00e2n\u0103, f\u0103r\u0103 a v\u0103 lua ochii de la drum, datorit\u0103 sistemului inovator de catarame magnetice.<\/p>\n<p>Raptor 10 dispune, de asemenea, de un compartiment principal spa\u021bios, un compartiment inferior cu organizator ToolWrap\u2122 pentru depozitarea accesoriilor de ciclism \u00eentr-o zon\u0103 separat\u0103, mai multe buzunare frontale \u0219i la centura de \u0219old pentru a v\u0103 \u021bine echipamentul la \u00eendem\u00e2n\u0103 \u0219i un suport sigur pentru casc\u0103 de biciclist LidLock.<\/p>\n<h3>Particularit\u0103\u021bi<\/h3>\n<ul>\n<li>Curele de um\u0103r confortabile \u0219i respirabile \u0219i talie larg\u0103 BioStretch\u2122.<\/li>\n<li>Construc\u021bia panoului dorsal AirScape\u2122 cu detalii \u00een relief ofer\u0103 o ventila\u021bie excelent\u0103 a spatelui \u0219i o potrivire perfect\u0103<\/li>\n<li>Buzunar elastic \u00een fa\u021b\u0103<\/li>\n<li>Organizator intern pentru unelte de ciclism \u0219i piese de schimb<\/li>\n<li>Organizator ToolWrap\u2122 integrat \u00een partea de jos a rucsacului pentru depozitarea pieselor de schimb pentru biciclet\u0103<\/li>\n<li>Buzunar c\u0103ptu\u0219it pentru ochelari \u0219i gadgeturi pentru o depozitare f\u0103r\u0103 daune<\/li>\n<li>Buzunar cu carabin\u0103 pentru chei<\/li>\n<li>Buzunar cu fermoar pe centura de \u0219old<\/li>\n<li>Compartiment interior pentru rezervorul sistemului de b\u0103utur\u0103<\/li>\n<li>Cataram\u0103 cu magnet pe cureaua de piept<\/li>\n<li>Punct de fixare pentru lantern\u0103 sau articole reflectorizante<\/li>\n<li>Suport pentru casc\u0103 de biciclist LidLock\u2122<\/li>\n<li>Imprimare reflectorizant\u0103<\/li>\n<li>Rezervor LT Hydraulics\u2122 de 2,5 l inclus<\/li>\n<\/ul>\n<h3>Caracteristici<\/h3>\n<ul>\n<li>Greutate &#8212; 640 gr<\/li>\n<li>Volum &#8212; 10 litri<\/li>\n<li>Dimensiune &#8212; 47 \u0445 22 \u0445 20 cm<\/li>\n<li>Material &#8212; 70D x 100D Nylon Shadow Check<\/li>\n<li>Potrivit pentru bagajul de m\u00e2n\u0103<\/li>\n<li>Hus\u0103 de ploaie &#8212; nu<\/li>\n<li>Ventila\u021bie &#8212; da<\/li>\n<li>Aplicare &#8212; ora\u0219, ciclism<\/li>\n<li>Model &#8212; unisex<\/li>\n<\/ul>\n<h3>Tehnologie<\/h3>\n<ul>\n<li><strong>AirScape<\/strong>\u2122 &#8212; sp\u0103tarul din spum\u0103 cu caneluri stabile\u0219te noi standarde de confort \u0219i func\u021bionalitate \u00een industria outdoor. Sp\u0103tarul asigur\u0103 o potrivire confortabil\u0103 \u0219i ventila\u021bie. Sp\u0103tarul este disponibil pentru rucsacuri mici de zi \u0219i rucsacuri mari pentru drume\u021bii.<\/li>\n<li><strong>LidLock<\/strong>\u2122 &#8212; este un suport pentru casc\u0103 pe partea exterioar\u0103 a rucsacului. Clipul din plastic se strecoar\u0103 prin g\u0103urile din casc\u0103 \u0219i un cordon elastic fixeaz\u0103 casca.<\/li>\n<li><strong>ToolWrap<\/strong>\u2122 &#8212; este o pung\u0103 mic\u0103 \u00een partea de jos a unor rucsacuri de ciclism Osprey. Este conceput\u0103 pentru a \u021bine uneltele de ciclism \u0219i piesele de schimb. De asemenea, pute\u021bi folosi geanta ca suprafa\u021b\u0103 de lucru atunci c\u00e2nd v\u0103 repara\u021bi bicicleta pe drum.<\/li>\n<\/ul>\n<p><\/p>\n<\/div>\n<h3>Marca<\/h3>\n<div>\n<p>Osprey - este un produc\u0103tor american care produce rucsacuri excelente \u0219i moderne pentru o varietate de scopuri, gen\u021bi \u0219i accesorii pentru drume\u021bii. Calitatea produselor Osprey se datoreaz\u0103 interesului personal \u0219i implic\u0103rii \u00een dezvoltarea \u0219i controlul proprietarului, Mike Pfotenhauer.<\/p>\n<p>Din 1974, c\u00e2nd a \u00eenregistrat compania, a verificat fiecare element al rucsacurilor \u0219i al altor produse fabricate anatomic. Aceast\u0103 abordare este cea care a f\u0103cut ca, \u00een doar c\u00e2\u021biva ani de la introducerea Osprey, marca s\u0103 primeasc\u0103 cele mai bune note din partea clien\u021bilor prin cererea mare de produse.<\/p>\n<p>\u0218i chiar \u0219i acum, mai bine de 40 de ani mai t\u00e2rziu, Mike viziteaz\u0103 fabricile \u00een fiecare zi, verific\u00e2nd \u0219i ajust\u00e2nd toate procesele. Aceast\u0103 abordare a afacerii a f\u0103cut posibil\u0103 acordarea unei garan\u021bii pe via\u021b\u0103 pentru produsele sale. Principalele caracteristici ale produselor Osprey sunt calitatea ridicat\u0103, tehnologia \u0219i inova\u021bia.<\/p>\n<\/div>\n<\/div>","protected":false},"excerpt":{"rendered":"<p>Rucsac Osprey Raptor 10 II<\/p>","protected":false},"featured_media":30500,"comment_status":"open","ping_status":"closed","template":"","meta":{"_acf_changed":false,"inline_featured_image":false},"product_brand":[1260],"product_cat":[843,846],"product_tag":[],"class_list":{"0":"post-30501","1":"product","2":"type-product","3":"status-publish","4":"has-post-thumbnail","6":"product_brand-osprey","7":"product_cat-biking-and-cross-country","8":"product_cat-city-bag","10":"first","11":"instock","12":"shipping-taxable","13":"purchasable","14":"product-type-simple"},"acf":[],"yoast_head":"<!-- This site is optimized with the Yoast SEO plugin v27.4 - https:\/\/yoast.com\/product\/yoast-seo-wordpress\/ -->\n<title>\u0420\u044e\u043a\u0437\u0430\u043a Osprey Raptor 10 II - \u041c\u0430\u0433\u0430\u0437\u0438\u043d Xstyle<\/title>\n<meta name=\"description\" content=\"\u0420\u044e\u043a\u0437\u0430\u043a Osprey Raptor 10 II (25L) \u2013 \u0438\u0434\u0435\u0430\u043b\u044c\u043d\u044b\u0439 \u0432\u044b\u0431\u043e\u0440 \u0434\u043b\u044f \u0430\u043a\u0442\u0438\u0432\u043d\u044b\u0445 \u043f\u0440\u0438\u043a\u043b\u044e\u0447\u0435\u043d\u0438\u0439: \u043b\u0435\u0433\u043a\u0438\u0439, \u0443\u0434\u043e\u0431\u043d\u044b\u0439, \u0441 \u0438\u043d\u0442\u0435\u0433\u0440\u0438\u0440\u043e\u0432\u0430\u043d\u043d\u043e\u0439 \u0441\u0438\u0441\u0442\u0435\u043c\u043e\u0439 Hydraulics LT \u0438 \u0434\u043e\u0441\u0442\u0443\u043f\u043e\u043c \u043a \u0432\u043e\u0434\u0435.\" \/>\n<meta name=\"robots\" content=\"index, follow, max-snippet:-1, max-image-preview:large, max-video-preview:-1\" \/>\n<link rel=\"canonical\" href=\"https:\/\/xstyle.md\/ro\/produs\/rjukzak-osprey-raptor-10-ii\/\" \/>\n<meta property=\"og:locale\" content=\"ro_RO\" \/>\n<meta property=\"og:type\" content=\"article\" \/>\n<meta property=\"og:title\" content=\"\u0420\u044e\u043a\u0437\u0430\u043a Osprey Raptor 10 II - \u041c\u0430\u0433\u0430\u0437\u0438\u043d Xstyle\" \/>\n<meta property=\"og:description\" content=\"\u0420\u044e\u043a\u0437\u0430\u043a Osprey Raptor 10 II (25L) \u2013 \u0438\u0434\u0435\u0430\u043b\u044c\u043d\u044b\u0439 \u0432\u044b\u0431\u043e\u0440 \u0434\u043b\u044f \u0430\u043a\u0442\u0438\u0432\u043d\u044b\u0445 \u043f\u0440\u0438\u043a\u043b\u044e\u0447\u0435\u043d\u0438\u0439: \u043b\u0435\u0433\u043a\u0438\u0439, \u0443\u0434\u043e\u0431\u043d\u044b\u0439, \u0441 \u0438\u043d\u0442\u0435\u0433\u0440\u0438\u0440\u043e\u0432\u0430\u043d\u043d\u043e\u0439 \u0441\u0438\u0441\u0442\u0435\u043c\u043e\u0439 Hydraulics LT \u0438 \u0434\u043e\u0441\u0442\u0443\u043f\u043e\u043c \u043a \u0432\u043e\u0434\u0435.\" \/>\n<meta property=\"og:url\" content=\"https:\/\/xstyle.md\/ro\/produs\/rjukzak-osprey-raptor-10-ii\/\" \/>\n<meta property=\"og:site_name\" content=\"\u041c\u0430\u0433\u0430\u0437\u0438\u043d Xstyle\" \/>\n<meta property=\"article:publisher\" content=\"https:\/\/www.facebook.com\/xstylemd\" \/>\n<meta property=\"article:modified_time\" content=\"2024-10-21T06:38:49+00:00\" \/>\n<meta property=\"og:image\" content=\"https:\/\/xstyle.md\/wp-content\/uploads\/2021\/04\/osprey_raptor_10_ii-1.jpg\" \/>\n\t<meta property=\"og:image:width\" content=\"1000\" \/>\n\t<meta property=\"og:image:height\" content=\"1000\" \/>\n\t<meta property=\"og:image:type\" content=\"image\/jpeg\" \/>\n<meta name=\"twitter:card\" content=\"summary_large_image\" \/>\n<meta name=\"twitter:label1\" content=\"Pre\u021b\" \/>\n\t<meta name=\"twitter:data1\" content=\"3.100&nbsp;MDL\" \/>\n\t<meta name=\"twitter:label2\" content=\"Disponibilitate\" \/>\n\t<meta name=\"twitter:data2\" content=\"\u00cen stoc\" \/>\n<script type=\"application\/ld+json\" class=\"yoast-schema-graph\">{\"@context\":\"https:\\\/\\\/schema.org\",\"@graph\":[{\"@type\":\"WebPage\",\"@id\":\"https:\\\/\\\/xstyle.md\\\/product\\\/rjukzak-osprey-raptor-10-ii\\\/\",\"url\":\"https:\\\/\\\/xstyle.md\\\/product\\\/rjukzak-osprey-raptor-10-ii\\\/\",\"name\":\"\u0420\u044e\u043a\u0437\u0430\u043a Osprey Raptor 10 II - \u041c\u0430\u0433\u0430\u0437\u0438\u043d Xstyle\",\"isPartOf\":{\"@id\":\"https:\\\/\\\/xstyle.md\\\/#website\"},\"primaryImageOfPage\":{\"@id\":\"https:\\\/\\\/xstyle.md\\\/product\\\/rjukzak-osprey-raptor-10-ii\\\/#primaryimage\"},\"image\":{\"@id\":\"https:\\\/\\\/xstyle.md\\\/product\\\/rjukzak-osprey-raptor-10-ii\\\/#primaryimage\"},\"thumbnailUrl\":\"https:\\\/\\\/xstyle.md\\\/wp-content\\\/uploads\\\/2021\\\/04\\\/osprey_raptor_10_ii-1.jpg\",\"datePublished\":\"2021-04-28T11:36:48+00:00\",\"dateModified\":\"2024-10-21T06:38:49+00:00\",\"description\":\"\u0420\u044e\u043a\u0437\u0430\u043a Osprey Raptor 10 II (25L) \u2013 \u0438\u0434\u0435\u0430\u043b\u044c\u043d\u044b\u0439 \u0432\u044b\u0431\u043e\u0440 \u0434\u043b\u044f \u0430\u043a\u0442\u0438\u0432\u043d\u044b\u0445 \u043f\u0440\u0438\u043a\u043b\u044e\u0447\u0435\u043d\u0438\u0439: \u043b\u0435\u0433\u043a\u0438\u0439, \u0443\u0434\u043e\u0431\u043d\u044b\u0439, \u0441 \u0438\u043d\u0442\u0435\u0433\u0440\u0438\u0440\u043e\u0432\u0430\u043d\u043d\u043e\u0439 \u0441\u0438\u0441\u0442\u0435\u043c\u043e\u0439 Hydraulics LT \u0438 \u0434\u043e\u0441\u0442\u0443\u043f\u043e\u043c \u043a \u0432\u043e\u0434\u0435.\",\"breadcrumb\":{\"@id\":\"https:\\\/\\\/xstyle.md\\\/product\\\/rjukzak-osprey-raptor-10-ii\\\/#breadcrumb\"},\"inLanguage\":\"ro-RO\",\"potentialAction\":[{\"@type\":\"ReadAction\",\"target\":[\"https:\\\/\\\/xstyle.md\\\/product\\\/rjukzak-osprey-raptor-10-ii\\\/\"]}]},{\"@type\":\"ImageObject\",\"inLanguage\":\"ro-RO\",\"@id\":\"https:\\\/\\\/xstyle.md\\\/product\\\/rjukzak-osprey-raptor-10-ii\\\/#primaryimage\",\"url\":\"https:\\\/\\\/xstyle.md\\\/wp-content\\\/uploads\\\/2021\\\/04\\\/osprey_raptor_10_ii-1.jpg\",\"contentUrl\":\"https:\\\/\\\/xstyle.md\\\/wp-content\\\/uploads\\\/2021\\\/04\\\/osprey_raptor_10_ii-1.jpg\",\"width\":1000,\"height\":1000},{\"@type\":\"BreadcrumbList\",\"@id\":\"https:\\\/\\\/xstyle.md\\\/product\\\/rjukzak-osprey-raptor-10-ii\\\/#breadcrumb\",\"itemListElement\":[{\"@type\":\"ListItem\",\"position\":1,\"name\":\"\u0413\u043b\u0430\u0432\u043d\u0430\u044f \u0441\u0442\u0440\u0430\u043d\u0438\u0446\u0430\",\"item\":\"https:\\\/\\\/xstyle.md\\\/\"},{\"@type\":\"ListItem\",\"position\":2,\"name\":\"\u041c\u0430\u0433\u0430\u0437\u0438\u043d\",\"item\":\"https:\\\/\\\/xstyle.md\\\/shop\\\/\"},{\"@type\":\"ListItem\",\"position\":3,\"name\":\"\u0420\u044e\u043a\u0437\u0430\u043a Osprey Raptor 10 II\"}]},{\"@type\":\"WebSite\",\"@id\":\"https:\\\/\\\/xstyle.md\\\/#website\",\"url\":\"https:\\\/\\\/xstyle.md\\\/\",\"name\":\"\u041c\u0430\u0433\u0430\u0437\u0438\u043d Xstyle\",\"description\":\"C\u043d\u0430\u0440\u044f\u0436\u0435\u043d\u0438\u0435 \u0434\u043b\u044f \u0442\u0443\u0440\u0438\u0437\u043c\u0430 \u0438 \u044d\u043a\u0441\u0442\u0440\u0435\u043c\u0430\u043b\u044c\u043d\u044b\u0445 \u0432\u0438\u0434\u043e\u0432 \u0441\u043f\u043e\u0440\u0442\u0430 \u0432 \u041c\u043e\u043b\u0434\u043e\u0432\u0435.. \u0426\u0435\u043d\u044b, \u0444\u043e\u0442\u043e, \u0445\u0430\u0440\u0430\u043a\u0442\u0435\u0440\u0438\u0441\u0442\u0438\u043a\u0438 \u0432 \u041c\u043e\u043b\u0434\u043e\u0432\u0435.\",\"publisher\":{\"@id\":\"https:\\\/\\\/xstyle.md\\\/#organization\"},\"alternateName\":\"X-Style\",\"potentialAction\":[{\"@type\":\"SearchAction\",\"target\":{\"@type\":\"EntryPoint\",\"urlTemplate\":\"https:\\\/\\\/xstyle.md\\\/?s={search_term_string}\"},\"query-input\":{\"@type\":\"PropertyValueSpecification\",\"valueRequired\":true,\"valueName\":\"search_term_string\"}}],\"inLanguage\":\"ro-RO\"},{\"@type\":\"Organization\",\"@id\":\"https:\\\/\\\/xstyle.md\\\/#organization\",\"name\":\"\u041c\u0430\u0433\u0430\u0437\u0438\u043d Xstyle\",\"alternateName\":\"x-style\",\"url\":\"https:\\\/\\\/xstyle.md\\\/\",\"logo\":{\"@type\":\"ImageObject\",\"inLanguage\":\"ro-RO\",\"@id\":\"https:\\\/\\\/xstyle.md\\\/#\\\/schema\\\/logo\\\/image\\\/\",\"url\":\"https:\\\/\\\/xstyle.md\\\/wp-content\\\/uploads\\\/2020\\\/06\\\/logoicon.svg\",\"contentUrl\":\"https:\\\/\\\/xstyle.md\\\/wp-content\\\/uploads\\\/2020\\\/06\\\/logoicon.svg\",\"caption\":\"\u041c\u0430\u0433\u0430\u0437\u0438\u043d Xstyle\"},\"image\":{\"@id\":\"https:\\\/\\\/xstyle.md\\\/#\\\/schema\\\/logo\\\/image\\\/\"},\"sameAs\":[\"https:\\\/\\\/www.facebook.com\\\/xstylemd\",\"https:\\\/\\\/www.instagram.com\\\/xstyle_md\\\/\",\"https:\\\/\\\/t.me\\\/xstyle_outdoor\"],\"hasMerchantReturnPolicy\":{\"@type\":\"MerchantReturnPolicy\",\"merchantReturnLink\":\"https:\\\/\\\/xstyle.md\\\/ro\\\/conditions\\\/\"}}]}<\/script>\n<meta property=\"product:price:amount\" content=\"3100.00\" \/>\n<meta property=\"product:price:currency\" content=\"MDL\" \/>\n<meta property=\"og:availability\" content=\"instock\" \/>\n<meta property=\"product:availability\" content=\"instock\" \/>\n<meta property=\"product:retailer_item_id\" content=\"845136081765\" \/>\n<meta property=\"product:condition\" content=\"new\" \/>\n<!-- \/ Yoast SEO plugin. -->","yoast_head_json":{"title":"Rucsac Osprey Raptor 10 II - Magazin Xstyle","description":"Rucsacul Osprey Raptor 10 II (25L) \u2013 alegerea perfect\u0103 pentru aventuri active: u\u0219or, confortabil, cu sistemul integrat Hydraulics LT \u0219i acces la ap\u0103.","robots":{"index":"index","follow":"follow","max-snippet":"max-snippet:-1","max-image-preview":"max-image-preview:large","max-video-preview":"max-video-preview:-1"},"canonical":"https:\/\/xstyle.md\/ro\/produs\/rjukzak-osprey-raptor-10-ii\/","og_locale":"ro_RO","og_type":"article","og_title":"\u0420\u044e\u043a\u0437\u0430\u043a Osprey Raptor 10 II - \u041c\u0430\u0433\u0430\u0437\u0438\u043d Xstyle","og_description":"\u0420\u044e\u043a\u0437\u0430\u043a Osprey Raptor 10 II (25L) \u2013 \u0438\u0434\u0435\u0430\u043b\u044c\u043d\u044b\u0439 \u0432\u044b\u0431\u043e\u0440 \u0434\u043b\u044f \u0430\u043a\u0442\u0438\u0432\u043d\u044b\u0445 \u043f\u0440\u0438\u043a\u043b\u044e\u0447\u0435\u043d\u0438\u0439: \u043b\u0435\u0433\u043a\u0438\u0439, \u0443\u0434\u043e\u0431\u043d\u044b\u0439, \u0441 \u0438\u043d\u0442\u0435\u0433\u0440\u0438\u0440\u043e\u0432\u0430\u043d\u043d\u043e\u0439 \u0441\u0438\u0441\u0442\u0435\u043c\u043e\u0439 Hydraulics LT \u0438 \u0434\u043e\u0441\u0442\u0443\u043f\u043e\u043c \u043a \u0432\u043e\u0434\u0435.","og_url":"https:\/\/xstyle.md\/ro\/produs\/rjukzak-osprey-raptor-10-ii\/","og_site_name":"\u041c\u0430\u0433\u0430\u0437\u0438\u043d Xstyle","article_publisher":"https:\/\/www.facebook.com\/xstylemd","article_modified_time":"2024-10-21T06:38:49+00:00","og_image":[{"width":1000,"height":1000,"url":"https:\/\/xstyle.md\/wp-content\/uploads\/2021\/04\/osprey_raptor_10_ii-1.jpg","type":"image\/jpeg"}],"twitter_card":"summary_large_image","twitter_misc":{"Pre\u021b":"3.100&nbsp;MDL","Disponibilitate":"\u00cen stoc"},"schema":{"@context":"https:\/\/schema.org","@graph":[{"@type":"WebPage","@id":"https:\/\/xstyle.md\/product\/rjukzak-osprey-raptor-10-ii\/","url":"https:\/\/xstyle.md\/product\/rjukzak-osprey-raptor-10-ii\/","name":"Rucsac Osprey Raptor 10 II - Magazin Xstyle","isPartOf":{"@id":"https:\/\/xstyle.md\/#website"},"primaryImageOfPage":{"@id":"https:\/\/xstyle.md\/product\/rjukzak-osprey-raptor-10-ii\/#primaryimage"},"image":{"@id":"https:\/\/xstyle.md\/product\/rjukzak-osprey-raptor-10-ii\/#primaryimage"},"thumbnailUrl":"https:\/\/xstyle.md\/wp-content\/uploads\/2021\/04\/osprey_raptor_10_ii-1.jpg","datePublished":"2021-04-28T11:36:48+00:00","dateModified":"2024-10-21T06:38:49+00:00","description":"Rucsacul Osprey Raptor 10 II (25L) \u2013 alegerea perfect\u0103 pentru aventuri active: u\u0219or, confortabil, cu sistemul integrat Hydraulics LT \u0219i acces la ap\u0103.","breadcrumb":{"@id":"https:\/\/xstyle.md\/product\/rjukzak-osprey-raptor-10-ii\/#breadcrumb"},"inLanguage":"ro-RO","potentialAction":[{"@type":"ReadAction","target":["https:\/\/xstyle.md\/product\/rjukzak-osprey-raptor-10-ii\/"]}]},{"@type":"ImageObject","inLanguage":"ro-RO","@id":"https:\/\/xstyle.md\/product\/rjukzak-osprey-raptor-10-ii\/#primaryimage","url":"https:\/\/xstyle.md\/wp-content\/uploads\/2021\/04\/osprey_raptor_10_ii-1.jpg","contentUrl":"https:\/\/xstyle.md\/wp-content\/uploads\/2021\/04\/osprey_raptor_10_ii-1.jpg","width":1000,"height":1000},{"@type":"BreadcrumbList","@id":"https:\/\/xstyle.md\/product\/rjukzak-osprey-raptor-10-ii\/#breadcrumb","itemListElement":[{"@type":"ListItem","position":1,"name":"\u0413\u043b\u0430\u0432\u043d\u0430\u044f \u0441\u0442\u0440\u0430\u043d\u0438\u0446\u0430","item":"https:\/\/xstyle.md\/"},{"@type":"ListItem","position":2,"name":"\u041c\u0430\u0433\u0430\u0437\u0438\u043d","item":"https:\/\/xstyle.md\/shop\/"},{"@type":"ListItem","position":3,"name":"\u0420\u044e\u043a\u0437\u0430\u043a Osprey Raptor 10 II"}]},{"@type":"WebSite","@id":"https:\/\/xstyle.md\/#website","url":"https:\/\/xstyle.md\/","name":"Magazinul X-Style","description":"Echipamente pentru turism \u0219i sporturi extreme \u00een Moldova. Pre\u021buri, fotografii, caracteristici \u00een Moldova.","publisher":{"@id":"https:\/\/xstyle.md\/#organization"},"alternateName":"X-Style","potentialAction":[{"@type":"SearchAction","target":{"@type":"EntryPoint","urlTemplate":"https:\/\/xstyle.md\/?s={search_term_string}"},"query-input":{"@type":"PropertyValueSpecification","valueRequired":true,"valueName":"search_term_string"}}],"inLanguage":"ro-RO"},{"@type":"Organization","@id":"https:\/\/xstyle.md\/#organization","name":"Magazinul X-Style","alternateName":"x-style","url":"https:\/\/xstyle.md\/","logo":{"@type":"ImageObject","inLanguage":"ro-RO","@id":"https:\/\/xstyle.md\/#\/schema\/logo\/image\/","url":"https:\/\/xstyle.md\/wp-content\/uploads\/2020\/06\/logoicon.svg","contentUrl":"https:\/\/xstyle.md\/wp-content\/uploads\/2020\/06\/logoicon.svg","caption":"\u041c\u0430\u0433\u0430\u0437\u0438\u043d Xstyle"},"image":{"@id":"https:\/\/xstyle.md\/#\/schema\/logo\/image\/"},"sameAs":["https:\/\/www.facebook.com\/xstylemd","https:\/\/www.instagram.com\/xstyle_md\/","https:\/\/t.me\/xstyle_outdoor"],"hasMerchantReturnPolicy":{"@type":"MerchantReturnPolicy","merchantReturnLink":"https:\/\/xstyle.md\/ro\/conditions\/"}}]},"product_price_amount":"3100.00","product_price_currency":"MDL","og_availability":"instock","product_availability":"instock","product_retailer_item_id":"845136081765","product_condition":"new"},"_links":{"self":[{"href":"https:\/\/xstyle.md\/ro\/wp-json\/wp\/v2\/product\/30501","targetHints":{"allow":["GET"]}}],"collection":[{"href":"https:\/\/xstyle.md\/ro\/wp-json\/wp\/v2\/product"}],"about":[{"href":"https:\/\/xstyle.md\/ro\/wp-json\/wp\/v2\/types\/product"}],"replies":[{"embeddable":true,"href":"https:\/\/xstyle.md\/ro\/wp-json\/wp\/v2\/comments?post=30501"}],"wp:featuredmedia":[{"embeddable":true,"href":"https:\/\/xstyle.md\/ro\/wp-json\/wp\/v2\/media\/30500"}],"wp:attachment":[{"href":"https:\/\/xstyle.md\/ro\/wp-json\/wp\/v2\/media?parent=30501"}],"wp:term":[{"taxonomy":"product_brand","embeddable":true,"href":"https:\/\/xstyle.md\/ro\/wp-json\/wp\/v2\/product_brand?post=30501"},{"taxonomy":"product_cat","embeddable":true,"href":"https:\/\/xstyle.md\/ro\/wp-json\/wp\/v2\/product_cat?post=30501"},{"taxonomy":"product_tag","embeddable":true,"href":"https:\/\/xstyle.md\/ro\/wp-json\/wp\/v2\/product_tag?post=30501"}],"curies":[{"name":"wp","href":"https:\/\/api.w.org\/{rel}","templated":true}]}}